{"id":6801,"date":"2014-09-04T07:45:11","date_gmt":"2014-09-04T07:45:11","guid":{"rendered":"https:\/\/new.realforexreviews.com\/cs\/financial-information-warning\/"},"modified":"2020-10-08T11:12:42","modified_gmt":"2020-10-08T11:12:42","slug":"financial-information-warning","status":"publish","type":"page","link":"https:\/\/www.realforexreviews.com\/cs\/financial-information-warning","title":{"rendered":"Finan\u010dn\u00ed informativn\u00ed upozorn\u011bn\u00ed"},"content":{"rendered":"\n<p>www.realforexreviews.com\u00a0nenese jakoukoliv zodpov\u011bdnost za \u0161kodu \u010di \u00fajmu zp\u016fsobenou t\u00edm, \u017ee budete spol\u00e9hat v\u00fdhradn\u011b na informace a \u00fadaje uveden\u00e9 na na\u0161ich webov\u00fdch str\u00e1nk\u00e1ch.<\/p>\n<p>Novinky, recenze, blogy a \u010dl\u00e1nky uve\u0159ejn\u011bn\u00e9 na t\u00e9to str\u00e1nce vyjad\u0159uj\u00ed individu\u00e1ln\u00ed n\u00e1zor autora na z\u00e1klad\u011b jeho vlastn\u00edho pr\u016fzkumu.<\/p>\n<p>P\u0159ed investov\u00e1n\u00edm na finan\u010dn\u00edch trz\u00edch pros\u00edm vezm\u011bte v potaz, \u017ee forexov\u00e9 obchodov\u00e1n\u00ed je vysoce rizikov\u00e9 a m\u016f\u017ee v\u00e9st k \u00fapln\u00e9 ztr\u00e1t\u011b Va\u0161\u00ed investice. Tuto skute\u010dnost je dobr\u00e9 si uv\u011bdomit v p\u0159\u00edpad\u011b, kdy zam\u00fd\u0161l\u00edte obchodovat s c\u00edlem dosa\u017een\u00ed zisku. Nedoporu\u010dujeme se obchodov\u00e1n\u00ed s kapit\u00e1lem, jeho\u017e ztr\u00e1tu si nem\u016f\u017eete dovolit.<\/p>\n","protected":false},"excerpt":{"rendered":"www.realforexreviews.com\u00a0nenese jakoukoliv zodpov\u011bdnost za \u0161kodu \u010di \u00fajmu zp\u016fsobenou t\u00edm, \u017ee budete spol\u00e9hat v\u00fdhradn\u011b na informace a \u00fadaje uveden\u00e9 na na\u0161ich webov\u00fdch str\u00e1nk\u00e1ch. Novinky, recenze, blogy a \u010dl\u00e1nky uve\u0159ejn\u011bn\u00e9 na t\u00e9to str\u00e1nce vyjad\u0159uj\u00ed individu\u00e1ln\u00ed n\u00e1zor autora na z\u00e1klad\u011b jeho vlastn\u00edho pr\u016fzkumu. P\u0159ed investov\u00e1n\u00edm na finan\u010dn\u00edch trz\u00edch pros\u00edm vezm\u011bte v potaz, \u017ee forexov\u00e9 obchodov\u00e1n\u00ed je vysoce rizikov\u00e9 [&hellip;]","protected":false},"author":54,"featured_media":0,"parent":0,"menu_order":0,"comment_status":"closed","ping_status":"closed","template":"","meta":{"_acf_changed":false,"footnotes":""},"class_list":["post-6801","page","type-page","status-publish","hentry"],"acf":[],"aioseo_notices":[],"_links":{"self":[{"href":"https:\/\/www.realforexreviews.com\/cs\/wp-json\/wp\/v2\/pages\/6801","targetHints":{"allow":["GET"]}}],"collection":[{"href":"https:\/\/www.realforexreviews.com\/cs\/wp-json\/wp\/v2\/pages"}],"about":[{"href":"https:\/\/www.realforexreviews.com\/cs\/wp-json\/wp\/v2\/types\/page"}],"author":[{"embeddable":true,"href":"https:\/\/www.realforexreviews.com\/cs\/wp-json\/wp\/v2\/users\/54"}],"replies":[{"embeddable":true,"href":"https:\/\/www.realforexreviews.com\/cs\/wp-json\/wp\/v2\/comments?post=6801"}],"version-history":[{"count":1,"href":"https:\/\/www.realforexreviews.com\/cs\/wp-json\/wp\/v2\/pages\/6801\/revisions"}],"predecessor-version":[{"id":66196,"href":"https:\/\/www.realforexreviews.com\/cs\/wp-json\/wp\/v2\/pages\/6801\/revisions\/66196"}],"wp:attachment":[{"href":"https:\/\/www.realforexreviews.com\/cs\/wp-json\/wp\/v2\/media?parent=6801"}],"curies":[{"name":"wp","href":"https:\/\/api.w.org\/{rel}","templated":true}]}}