{"id":6841,"date":"2014-09-04T09:55:19","date_gmt":"2014-09-04T09:55:19","guid":{"rendered":"https:\/\/new.realforexreviews.com\/cs\/how-we-rank\/"},"modified":"2020-10-08T12:59:01","modified_gmt":"2020-10-08T12:59:01","slug":"how-we-rank","status":"publish","type":"page","link":"https:\/\/www.realforexreviews.com\/cs\/how-we-rank","title":{"rendered":"Jak hodnot\u00edme?"},"content":{"rendered":"[vc_row][vc_column][vc_column_text]P\u0159i hodnocen\u00ed broker\u016f pou\u017e\u00edv\u00e1me za \u00fa\u010delem dosa\u017een\u00ed co mo\u017en\u00e1 nejobjektivn\u011bj\u0161\u00edho v\u00fdsledku n\u00e1sleduj\u00edc\u00edch krit\u00e9ri\u00ed:[\/vc_column_text][\/vc_column][\/vc_row][vc_row][vc_column][vc_tta_accordion][vc_tta_section title=&#8220;Platforma&#8220; tab_id=&#8220;1602155775639-dda4fa5a-baaa&#8220;][vc_column_text]Platformy nab\u00edzen\u00e9 brokery jsou testov\u00e1ny co do jejich kvality a doby reakce.[\/vc_column_text][\/vc_tta_section][vc_tta_section title=&#8220;Design&#8220; tab_id=&#8220;1602155968776-96d8503f-a5b2&#8243;][vc_column_text]Zam\u011b\u0159ujeme se t\u00e9\u017e na drobn\u00e9 detaily dotv\u00e1\u0159ej\u00edc\u00ed celkov\u00fd vzhled u\u017eivatelsk\u00e9ho rozhran\u00ed.[\/vc_column_text][\/vc_tta_section][vc_tta_section title=&#8220;Minim\u00e1ln\u00ed vklad&#8220; tab_id=&#8220;1602155775655-9410fa6f-3efe&#8220;][vc_column_text]N\u00ed\u017e\u0161\u00ed vstupn\u00ed po\u017eadavky na zalo\u017een\u00ed \u00fa\u010dtu jsou sice v\u00fdhodou, nicm\u00e9n\u011b p\u0159ihl\u00ed\u017e\u00edme i k eventu\u00e1ln\u00edm funkc\u00edm s p\u0159idanou hodnotou.[\/vc_column_text][\/vc_tta_section][vc_tta_section title=&#8220;Minim\u00e1ln\u00ed velikost lotu&#8220; tab_id=&#8220;1602155799883-fed7a2c5-1a32&#8243;][vc_column_text]V\u00fdhodou je zpravidla ni\u017e\u0161\u00ed velikost lotu, kter\u00e1 umo\u017e\u0148uje p\u0159i obchodov\u00e1n\u00ed vy\u0161\u0161\u00ed flexibilitu.[\/vc_column_text][\/vc_tta_section][vc_tta_section title=&#8220;Obchodovateln\u00e1 aktiva&#8220; tab_id=&#8220;1602155803671-80236448-d457&#8243;][vc_column_text]Posuzujeme nejen kvantitu, ale t\u00e9\u017e kvalitu aktiv nab\u00edzen\u00fdch k obchodov\u00e1n\u00ed.[\/vc_column_text][\/vc_tta_section][vc_tta_section title=&#8220;Spready&#8220; tab_id=&#8220;1602155804700-c71cf83d-10ea&#8220;][vc_column_text]P\u0159ihl\u00ed\u017e\u00edme rovn\u011b\u017e k v\u00fd\u0161i pipu, kter\u00e1 je jedn\u00edm z nejlep\u0161\u00edch ukazatel\u016f jak vysok\u00e9ho zisku \u010di ztr\u00e1ty m\u016f\u017eete u konkr\u00e9tn\u00edho obchodu dos\u00e1hnout.[\/vc_column_text][\/vc_tta_section][vc_tta_section title=&#8220;V\u00fdb\u011br prost\u0159edk\u016f&#8220; tab_id=&#8220;1602155805779-87ca916c-6624&#8243;][vc_column_text]K dob\u011b, kterou si broker vyhrazuje pro zpracov\u00e1n\u00ed \u017e\u00e1dosti o v\u00fdb\u011br pen\u011bz.[\/vc_column_text][\/vc_tta_section][vc_tta_section title=&#8220;Platebn\u00ed metody pro vklady a v\u00fdb\u011bry&#8220; tab_id=&#8220;1602155806634-a56f3786-3378&#8243;][vc_column_text]Zohled\u0148ujeme skladbu a mno\u017estv\u00ed brokerem podporovan\u00fdch platebn\u00edch metod.[\/vc_column_text][\/vc_tta_section][vc_tta_section title=&#8220;Podpora&#8220; tab_id=&#8220;1602155807777-5ce43007-e0ca&#8220;][vc_column_text]Testujeme t\u00e9\u017e t\u00fdm podpory, a to nejen co do rychlosti a p\u0159esnosti jeho odpov\u011bd\u00ed, ale t\u00e9\u017e co do jeho dostupnosti.[\/vc_column_text][\/vc_tta_section][vc_tta_section title=&#8220;P\u0159esnost nab\u00eddkov\u00fdch cen&#8220; tab_id=&#8220;1602155815020-7d78563e-e29d&#8220;][vc_column_text]Testu podrobujeme d\u00e1le i platformu z pohledu p\u0159esnosti aktu\u00e1ln\u011b nab\u00edzen\u00fdch cen a p\u0159\u00edpadn\u00e9 frekvence op\u011btovn\u00fdch nab\u00eddek.[\/vc_column_text][\/vc_tta_section][vc_tta_section title=&#8220;Reputace&#8220; tab_id=&#8220;1602155903536-6835feca-7660&#8243;][vc_column_text]V neposledn\u00ed \u0159ad\u011b p\u0159ihl\u00ed\u017e\u00edme t\u00e9\u017e k tomu, kdo za brokerem stoj\u00ed a zda se jedn\u00e1 o subjekt d\u016fv\u011bryhodn\u00fd.[\/vc_column_text][\/vc_tta_section][\/vc_tta_accordion][\/vc_column][\/vc_row]","protected":false},"excerpt":{"rendered":"[vc_row][vc_column][vc_column_text]P\u0159i hodnocen\u00ed broker\u016f pou\u017e\u00edv\u00e1me za \u00fa\u010delem dosa\u017een\u00ed co mo\u017en\u00e1 nejobjektivn\u011bj\u0161\u00edho v\u00fdsledku n\u00e1sleduj\u00edc\u00edch krit\u00e9ri\u00ed:[\/vc_column_text][\/vc_column][\/vc_row][vc_row][vc_column][vc_tta_accordion][vc_tta_section title=&#8220;Platforma&#8220; tab_id=&#8220;1602155775639-dda4fa5a-baaa&#8220;][vc_column_text]Platformy nab\u00edzen\u00e9 brokery jsou testov\u00e1ny co do jejich kvality a doby reakce.[\/vc_column_text][\/vc_tta_section][vc_tta_section title=&#8220;Design&#8220; tab_id=&#8220;1602155968776-96d8503f-a5b2&#8243;][vc_column_text]Zam\u011b\u0159ujeme se t\u00e9\u017e na drobn\u00e9 detaily dotv\u00e1\u0159ej\u00edc\u00ed celkov\u00fd vzhled u\u017eivatelsk\u00e9ho rozhran\u00ed.[\/vc_column_text][\/vc_tta_section][vc_tta_section title=&#8220;Minim\u00e1ln\u00ed vklad&#8220; tab_id=&#8220;1602155775655-9410fa6f-3efe&#8220;][vc_column_text]N\u00ed\u017e\u0161\u00ed vstupn\u00ed po\u017eadavky na zalo\u017een\u00ed \u00fa\u010dtu jsou sice v\u00fdhodou, nicm\u00e9n\u011b p\u0159ihl\u00ed\u017e\u00edme i k eventu\u00e1ln\u00edm funkc\u00edm [&hellip;]","protected":false},"author":54,"featured_media":0,"parent":0,"menu_order":0,"comment_status":"open","ping_status":"closed","template":"","meta":{"_acf_changed":false,"footnotes":""},"class_list":["post-6841","page","type-page","status-publish","hentry"],"acf":[],"aioseo_notices":[],"_links":{"self":[{"href":"https:\/\/www.realforexreviews.com\/cs\/wp-json\/wp\/v2\/pages\/6841","targetHints":{"allow":["GET"]}}],"collection":[{"href":"https:\/\/www.realforexreviews.com\/cs\/wp-json\/wp\/v2\/pages"}],"about":[{"href":"https:\/\/www.realforexreviews.com\/cs\/wp-json\/wp\/v2\/types\/page"}],"author":[{"embeddable":true,"href":"https:\/\/www.realforexreviews.com\/cs\/wp-json\/wp\/v2\/users\/54"}],"replies":[{"embeddable":true,"href":"https:\/\/www.realforexreviews.com\/cs\/wp-json\/wp\/v2\/comments?post=6841"}],"version-history":[{"count":2,"href":"https:\/\/www.realforexreviews.com\/cs\/wp-json\/wp\/v2\/pages\/6841\/revisions"}],"predecessor-version":[{"id":66200,"href":"https:\/\/www.realforexreviews.com\/cs\/wp-json\/wp\/v2\/pages\/6841\/revisions\/66200"}],"wp:attachment":[{"href":"https:\/\/www.realforexreviews.com\/cs\/wp-json\/wp\/v2\/media?parent=6841"}],"curies":[{"name":"wp","href":"https:\/\/api.w.org\/{rel}","templated":true}]}}