{"id":6853,"date":"2014-09-04T12:27:19","date_gmt":"2014-09-04T12:27:19","guid":{"rendered":"https:\/\/new.realforexreviews.com\/cs\/contact\/"},"modified":"2020-10-08T11:12:02","modified_gmt":"2020-10-08T11:12:02","slug":"contact","status":"publish","type":"page","link":"https:\/\/www.realforexreviews.com\/cs\/contact","title":{"rendered":"Kontaktujte n\u00e1s"},"content":{"rendered":"\n<p style=\"text-align: center;\">Jsme tu pro V\u00e1s kdykoliv, ka\u017ed\u00fd den v t\u00fddnu. Poj\u010fme spole\u010dn\u011b probrat v\u00fdvoj cen, v\u00fdnosnost a obchodn\u00ed p\u0159\u00edle\u017eitosti. Obra\u0165te se na n\u00e1s t\u0159eba je\u0161t\u011b dnes!<\/p>\n<p style=\"text-align: center;\">&nbsp;<\/p>\n<p>&nbsp;<\/p>\n<center><strong>realforexreviews@gmail.com<\/strong><\/center>\n<p>&nbsp;<\/p>\n","protected":false},"excerpt":{"rendered":"Jsme tu pro V\u00e1s kdykoliv, ka\u017ed\u00fd den v t\u00fddnu. Poj\u010fme spole\u010dn\u011b probrat v\u00fdvoj cen, v\u00fdnosnost a obchodn\u00ed p\u0159\u00edle\u017eitosti. Obra\u0165te se na n\u00e1s t\u0159eba je\u0161t\u011b dnes! &nbsp; &nbsp; realforexreviews@gmail.com &nbsp;","protected":false},"author":54,"featured_media":0,"parent":0,"menu_order":0,"comment_status":"closed","ping_status":"closed","template":"","meta":{"_acf_changed":false,"footnotes":""},"class_list":["post-6853","page","type-page","status-publish","hentry"],"acf":[],"aioseo_notices":[],"_links":{"self":[{"href":"https:\/\/www.realforexreviews.com\/cs\/wp-json\/wp\/v2\/pages\/6853","targetHints":{"allow":["GET"]}}],"collection":[{"href":"https:\/\/www.realforexreviews.com\/cs\/wp-json\/wp\/v2\/pages"}],"about":[{"href":"https:\/\/www.realforexreviews.com\/cs\/wp-json\/wp\/v2\/types\/page"}],"author":[{"embeddable":true,"href":"https:\/\/www.realforexreviews.com\/cs\/wp-json\/wp\/v2\/users\/54"}],"replies":[{"embeddable":true,"href":"https:\/\/www.realforexreviews.com\/cs\/wp-json\/wp\/v2\/comments?post=6853"}],"version-history":[{"count":1,"href":"https:\/\/www.realforexreviews.com\/cs\/wp-json\/wp\/v2\/pages\/6853\/revisions"}],"predecessor-version":[{"id":66195,"href":"https:\/\/www.realforexreviews.com\/cs\/wp-json\/wp\/v2\/pages\/6853\/revisions\/66195"}],"wp:attachment":[{"href":"https:\/\/www.realforexreviews.com\/cs\/wp-json\/wp\/v2\/media?parent=6853"}],"curies":[{"name":"wp","href":"https:\/\/api.w.org\/{rel}","templated":true}]}}