{"id":7080,"date":"2020-03-25T09:21:04","date_gmt":"2020-03-25T09:21:04","guid":{"rendered":"https:\/\/new.realforexreviews.com\/cs\/brokers\/plus500\/"},"modified":"2022-07-05T10:53:17","modified_gmt":"2022-07-05T10:53:17","slug":"plus500","status":"publish","type":"page","link":"https:\/\/www.realforexreviews.com\/cs\/brokers\/plus500","title":{"rendered":"Recenze Plus500 2021"},"content":{"rendered":"<p>[vc_row][vc_column][vc_column_text]<\/p>\n<div style=\"margin-top: -20px;\" align=\"center\"><span class=\"cfdservice\">84% maloobchodn\u00edch CFD \u00fa\u010dt\u016f p\u0159ich\u00e1z\u00ed o pen\u00edze.<\/span><\/div>\n<p><!--?php if(isset($_GET['session_id'])) { $session_id = $_GET['session_id']; } else { $session_id = 1; } ?--><br \/>\n<!--?php $aff_link = 'https:\/\/www.realforexreviews.com\/go-cs\/plus500?clk='.$session_id.'&amp;pos='; ?--><\/p>\n<p>&nbsp;<\/p>\n<p><center><span style=\"font-size: large;\"><strong>Vypl\u0148te laskav\u011b n\u00ed\u017ee uveden\u00fd!<\/strong><\/span><\/center><br \/>\n<iframe data-src=\"https:\/\/marketools.plus500.com\/Widgets\/RegistrationWidget?id=80152&amp;pl=2&amp;langcode=cs&amp;isRealMode=true&amp;tags=organic_1\" width=\"100%\" height=\"500px\" src=\"data:image\/svg+xml;base64,PHN2ZyB3aWR0aD0iMSIgaGVpZ2h0PSIxIiB4bWxucz0iaHR0cDovL3d3dy53My5vcmcvMjAwMC9zdmciPjwvc3ZnPg==\" class=\"lazyload\" data-load-mode=\"1\"><\/iframe><\/p>\n<div class=\"retitle\">\n<h4>\u00davod <a class=\"readbottomline\" href=\"#conclusion\">nebo P\u0159esko\u010dit obsah a p\u0159e\u010d\u00edst si shrnut\u00ed!<\/a><\/h4>\n<p>&nbsp;<\/p>\n<p>Plus500 je CFD slu\u017eba s vlastn\u00ed platformou, na kter\u00e9 si mohou obchodn\u00edci vybrat z cel\u00e9 \u0159ady nab\u00edzen\u00edch finan\u010dn\u00edch produkt\u016f. Tvorba vlastn\u00ed platformy byla pom\u011brn\u011b odv\u00e1\u017en\u00fdm krokem, jak\u00e9 tedy tato mo\u017enost nab\u00edz\u00ed obchodn\u00edk\u016fm v\u00fdhody?<\/p>\n<p>&nbsp;<\/p>\n<table class=\"shadow\" border=\"1\" width=\"70%\" cellspacing=\"0\" cellpadding=\"5\" align=\"center\">\n<tbody>\n<tr>\n<td style=\"background: #336181 none repeat scroll 0% 0%; border-top-left-radius: 10px; border-top-right-radius: 10px; border: 1px solid #fff;\" colspan=\"2\" valign=\"top\"><center><span style=\"color: #fff;\"><strong>P\u0159ehled Plus500<\/strong><\/span><\/center><\/td>\n<\/tr>\n<tr>\n<td width=\"230\">Zalo\u017eeno<\/td>\n<td width=\"230\">2008<\/td>\n<\/tr>\n<tr>\n<td width=\"230\">Platforma<\/td>\n<td width=\"230\">iPhone\/iPad\/Apple Watch aplikace, Android aplikace, Windows Phone aplikace, Windows Trader, Webov\u00e1 platforma, Windows 10 Trader<\/td>\n<\/tr>\n<tr>\n<td width=\"230\">Minim\u00e1ln\u00ed vklad<\/td>\n<td width=\"230\">\u20ac100<\/td>\n<\/tr>\n<tr>\n<td width=\"230\">Obchodovateln\u00e1 aktiva<\/td>\n<td width=\"230\">2000+<\/td>\n<\/tr>\n<tr>\n<td width=\"230\">Spread u EUR\/USD<\/td>\n<td width=\"230\">Dynamick\u00fd<\/td>\n<\/tr>\n<tr>\n<td width=\"230\">Platebn\u00ed metody<\/td>\n<td width=\"230\">Visa\/MasterCard, Skrill, Wire Transfer, PayPal<\/td>\n<\/tr>\n<tr>\n<td width=\"230\">Demo \u00fa\u010det<\/td>\n<td width=\"230\">Ano<\/td>\n<\/tr>\n<tr>\n<td width=\"230\">P\u0159ij\u00edm\u00e1 obchodn\u00edky z \u010cesk\u00e9 republiky<\/td>\n<td width=\"230\">Ano<\/td>\n<\/tr>\n<tr>\n<td width=\"230\">Regulov\u00e1na<\/td>\n<td width=\"230\">FCA (Velk\u00e1 Brit\u00e1nie), ASIC (Austr\u00e1lie), CySEC (Kypr), FSA(Seychelles)<\/td>\n<\/tr>\n<tr>\n<td width=\"230\">Podpora<\/td>\n<td width=\"230\">E-mail, \u017div\u00fd chat<\/td>\n<\/tr>\n<tr>\n<td width=\"230\">Webov\u00e9 str\u00e1nky<\/td>\n<td width=\"230\"><a href=\"\/reg-cs\/plus500\">www.plus500.cz<\/a><\/td>\n<\/tr>\n<\/tbody>\n<\/table>\n<p>&nbsp;<\/p>\n<p><center><a class=\"open\" href=\"\/reg-cs\/plus500\" target=\"_blank\" rel=\"nofollow noopener noreferrer\">Nav\u0161tivte str\u00e1nky Plus500<\/a><\/center><\/p>\n<div style=\"margin-top: 10px;\" align=\"center\"><span class=\"cfdservice\">84% maloobchodn\u00edch CFD \u00fa\u010dt\u016f p\u0159ich\u00e1z\u00ed o pen\u00edze.<\/span><\/div>\n<p>&nbsp;<\/p>\n<div id=\"platform\" class=\"retitle\">\n<h4>Platforma <span class=\"score\"> 10\/10 <img decoding=\"async\" class=\"usr lazyload\" data-src=\"https:\/\/www.realforexreviews.com\/wp-content\/plugins\/universal-star-rating\/includes\/image.php?img=06.png&amp;px=20&amp;max=5&amp;rat=5\" alt=\"5 out of 5 stars\" style=\"height: 20px !important;\" src=\"data:image\/svg+xml;base64,PHN2ZyB3aWR0aD0iMSIgaGVpZ2h0PSIxIiB4bWxucz0iaHR0cDovL3d3dy53My5vcmcvMjAwMC9zdmciPjwvc3ZnPg==\" \/><\/span><\/h4>\n<\/div>\n<p>Snadno m\u016f\u017eete p\u0159ep\u00ednat z jedn\u00e9 platformy na druhou, a to i z d\u016fvodu, \u017ee vypadaj\u00ed prakticky stejn\u011b a maj\u00ed t\u00e9\u017ee nezbytn\u00e9 funkce.<\/p>\n<div class=\"retitle\">\n<h4>Design <span class=\"score\"> 10\/10 <img decoding=\"async\" class=\"usr lazyload\" data-src=\"https:\/\/www.realforexreviews.com\/wp-content\/plugins\/universal-star-rating\/includes\/image.php?img=06.png&amp;px=20&amp;max=5&amp;rat=5\" alt=\"5 out of 5 stars\" style=\"height: 20px !important;\" src=\"data:image\/svg+xml;base64,PHN2ZyB3aWR0aD0iMSIgaGVpZ2h0PSIxIiB4bWxucz0iaHR0cDovL3d3dy53My5vcmcvMjAwMC9zdmciPjwvc3ZnPg==\" \/><\/span><\/h4>\n<\/div>\n<p>Jejich platformy jsou do po\u017eadavk\u016f na syst\u00e9m pom\u011brn\u011b nen\u00e1ro\u010dn\u00e9, d\u00edky \u010demu\u017e je mo\u017en\u00e9 bez probl\u00e9mu prohl\u00ed\u017eet internet i tehdy, pokud m\u00e1te otev\u0159en\u00e9 okno se zobrazen\u00fdmi live grafy, zaznamen\u00e1vaj\u00edc\u00edmi prudk\u00e9 zm\u011bny tr\u017en\u00edch cen.<\/p>\n<div style=\"width: 1290px\" class=\"wp-caption aligncenter\"><a href=\"https:\/\/www.realforexreviews.com\/reg\/plus500-cs\"><img fetchpriority=\"high\" decoding=\"async\" class=\"size-full\" src=\"https:\/\/www.realforexreviews.com\/wp-content\/images\/reviews\/plus500_cs\/pic1.jpg\" alt=\"Plus500 platforma\" width=\"1280\" height=\"859\" \/><\/a><p class=\"wp-caption-text\">Plus500 platforma<\/p><\/div>\n<p><center><span class=\"cfdservice\">Pouze ilustrativn\u00ed ceny<\/span><\/center>&nbsp;<\/p>\n<div class=\"retitle\">\n<h4>Minim\u00e1ln\u00ed vklad<span class=\"score\"> 8\/10 <img decoding=\"async\" class=\"usr lazyload\" data-src=\"https:\/\/www.realforexreviews.com\/wp-content\/plugins\/universal-star-rating\/includes\/image.php?img=06.png&amp;px=20&amp;max=5&amp;rat=4\" alt=\"4 out of 5 stars\" style=\"height: 20px !important;\" src=\"data:image\/svg+xml;base64,PHN2ZyB3aWR0aD0iMSIgaGVpZ2h0PSIxIiB4bWxucz0iaHR0cDovL3d3dy53My5vcmcvMjAwMC9zdmciPjwvc3ZnPg==\" \/><\/span><\/h4>\n<\/div>\n<p>Po\u017eadavek na minim\u00e1ln\u00ed vklad ve v\u00fd\u0161i \u20ac100 lze v porovn\u00e1n\u00ed s konkurenc\u00ed hodnotit jako lehce pod pr\u016fm\u011brem.<\/p>\n<div class=\"retitle\">\n<h4>Obchodovateln\u00e1 aktiva<span class=\"score\"> 10\/10 <img decoding=\"async\" class=\"usr lazyload\" data-src=\"https:\/\/www.realforexreviews.com\/wp-content\/plugins\/universal-star-rating\/includes\/image.php?img=06.png&amp;px=20&amp;max=5&amp;rat=5\" alt=\"5 out of 5 stars\" style=\"height: 20px !important;\" src=\"data:image\/svg+xml;base64,PHN2ZyB3aWR0aD0iMSIgaGVpZ2h0PSIxIiB4bWxucz0iaHR0cDovL3d3dy53My5vcmcvMjAwMC9zdmciPjwvc3ZnPg==\" \/><\/span><\/h4>\n<\/div>\n<p>Obchodovat je mo\u017en\u00e9 prost\u0159ednictv\u00edm n\u011bkter\u00e9ho z 2.000 n\u00e1stroj\u016f v\u010detn\u011b kryptom\u011bn jako Bitcoin, Ethereum, Litecoin, Dash a Ripple, d\u00edky \u010demu\u017e m\u016f\u017eete sv\u00e9 portfolio vhodn\u00fdm zp\u016fsobem diverzifikovat.<\/p>\n<div style=\"width: 1048px\" class=\"wp-caption aligncenter\"><a href=\"\/reg\/plus500-cs\"><img decoding=\"async\" class=\"size-full lazyload\" data-src=\"https:\/\/www.realforexreviews.com\/wp-content\/images\/reviews\/plus500_cs\/pic2.jpg\" alt=\"Plus500 obchodovateln\u00e1 aktiva\" width=\"1038\" height=\"377\" src=\"data:image\/svg+xml;base64,PHN2ZyB3aWR0aD0iMSIgaGVpZ2h0PSIxIiB4bWxucz0iaHR0cDovL3d3dy53My5vcmcvMjAwMC9zdmciPjwvc3ZnPg==\" style=\"--smush-placeholder-width: 1038px; --smush-placeholder-aspect-ratio: 1038\/377;\" \/><\/a><p class=\"wp-caption-text\">Plus500 obchodovateln\u00e1 aktiva<\/p><\/div>\n<p><center><span class=\"cfdservice\">Pouze ilustrativn\u00ed ceny<\/span><\/center>&nbsp;<\/p>\n<p><center><a class=\"open\" href=\"\/reg\/plus500-cs\" target=\"_blank\" rel=\"nofollow noopener noreferrer\">Nav\u0161tivte str\u00e1nky Plus500<\/a><\/center><\/p>\n<div style=\"margin-top: 10px;\" align=\"center\"><span class=\"cfdservice\">84% maloobchodn\u00edch CFD \u00fa\u010dt\u016f p\u0159ich\u00e1z\u00ed o pen\u00edze.<\/span><\/div>\n<p>&nbsp;<\/p>\n<div id=\"spreads\" class=\"retitle\">\n<h4>Spready<span class=\"score\"> 10\/10 <img decoding=\"async\" class=\"usr lazyload\" data-src=\"https:\/\/www.realforexreviews.com\/wp-content\/plugins\/universal-star-rating\/includes\/image.php?img=06.png&amp;px=20&amp;max=5&amp;rat=5\" alt=\"5 out of 5 stars\" style=\"height: 20px !important;\" src=\"data:image\/svg+xml;base64,PHN2ZyB3aWR0aD0iMSIgaGVpZ2h0PSIxIiB4bWxucz0iaHR0cDovL3d3dy53My5vcmcvMjAwMC9zdmciPjwvc3ZnPg==\" \/><\/span><\/h4>\n<\/div>\n<p>Plus500 nab\u00edz\u00ed u v\u011bt\u0161iny n\u00e1stroj\u016f vysoce konkurenceschopn\u00e9 spready. Nap\u0159\u00edklad u EUR\/USD \u010din\u00ed spread pouze 0.8 pipu.<\/p>\n<div class=\"retitle\">\n<h4>V\u00fdb\u011br prost\u0159edk\u016f<span class=\"score\"> 10\/10 <img decoding=\"async\" class=\"usr lazyload\" data-src=\"https:\/\/www.realforexreviews.com\/wp-content\/plugins\/universal-star-rating\/includes\/image.php?img=06.png&amp;px=20&amp;max=5&amp;rat=5\" alt=\"5 out of 5 stars\" style=\"height: 20px !important;\" src=\"data:image\/svg+xml;base64,PHN2ZyB3aWR0aD0iMSIgaGVpZ2h0PSIxIiB4bWxucz0iaHR0cDovL3d3dy53My5vcmcvMjAwMC9zdmciPjwvc3ZnPg==\" \/><\/span><\/h4>\n<\/div>\n<p>V\u00fdb\u011bry pen\u011bz b\u00fdvaj\u00ed zpracov\u00e1ny v rozmez\u00ed 1 a\u017e 3 pracovn\u00edch dn\u016f, p\u0159i\u010dem\u017e \u017e\u00e1dn\u00e9 zdr\u017een\u00ed jsme nezaznamenali ani p\u0159i na\u0161em testov\u00e1n\u00ed.<\/p>\n<div id=\"paymentmethod\" class=\"retitle\">\n<h4>Platebn\u00ed metody pro vklady a v\u00fdb\u011bry<span class=\"score\"> 10\/10 <img decoding=\"async\" class=\"usr lazyload\" data-src=\"https:\/\/www.realforexreviews.com\/wp-content\/plugins\/universal-star-rating\/includes\/image.php?img=06.png&amp;px=20&amp;max=5&amp;rat=5\" alt=\"5 out of 5 stars\" style=\"height: 20px !important;\" src=\"data:image\/svg+xml;base64,PHN2ZyB3aWR0aD0iMSIgaGVpZ2h0PSIxIiB4bWxucz0iaHR0cDovL3d3dy53My5vcmcvMjAwMC9zdmciPjwvc3ZnPg==\" \/><\/span><\/h4>\n<\/div>\n<p>Dobit\u00ed \u00fa\u010dtu je mo\u017en\u00e9 prov\u00e9st prost\u0159ednictv\u00edm kreditn\u00edch karet \u010di dokonce PayPalu, jako\u017e i cel\u00e9 \u0159ady dal\u0161\u00edch obl\u00edben\u00fdch platebn\u00edch metod.<\/p>\n<div style=\"width: 783px\" class=\"wp-caption aligncenter\"><a href=\"\/reg\/plus500-cs\"><img decoding=\"async\" class=\"size-full lazyload\" data-src=\"https:\/\/www.realforexreviews.com\/wp-content\/images\/reviews\/plus500_cs\/pic3.jpg\" alt=\"Plus500 platebn\u00ed metody pro vklady a v\u00fdb\u011bry\" width=\"773\" height=\"745\" src=\"data:image\/svg+xml;base64,PHN2ZyB3aWR0aD0iMSIgaGVpZ2h0PSIxIiB4bWxucz0iaHR0cDovL3d3dy53My5vcmcvMjAwMC9zdmciPjwvc3ZnPg==\" style=\"--smush-placeholder-width: 773px; --smush-placeholder-aspect-ratio: 773\/745;\" \/><\/a><p class=\"wp-caption-text\">Plus500 platebn\u00ed metody pro vklady a v\u00fdb\u011bry<\/p><\/div>\n<div id=\"support\" class=\"retitle\">\n<h4>Podpora<span class=\"score\"> 9.5\/10 <img decoding=\"async\" class=\"usr lazyload\" data-src=\"https:\/\/www.realforexreviews.com\/wp-content\/plugins\/universal-star-rating\/includes\/image.php?img=06.png&amp;px=20&amp;max=5&amp;rat=4.3\" alt=\"4.3 out of 5 stars\" style=\"height: 20px !important;\" src=\"data:image\/svg+xml;base64,PHN2ZyB3aWR0aD0iMSIgaGVpZ2h0PSIxIiB4bWxucz0iaHR0cDovL3d3dy53My5vcmcvMjAwMC9zdmciPjwvc3ZnPg==\" \/><\/span><\/h4>\n<\/div>\n<p>Z\u00e1kaznickou podporu je mo\u017en\u00e9 kontaktovat prost\u0159ednictv\u00edm emailu, p\u0159i\u010dem\u017e jen pochv\u00e1lit lze fakt, \u017ee podpora komunikuje i v \u010desk\u00e9m jazyce. Na\u0161e komunikace s nimi byla naprosto bezprobl\u00e9mov\u00e1, kdy\u017e jsme se odpov\u011bdi na sv\u016fj dotaz do\u010dkali tak\u0159ka okam\u017eit\u011b.<\/p>\n<div style=\"width: 1258px\" class=\"wp-caption aligncenter\"><a href=\"https:\/\/www.realforexreviews.com\/reg\/plus500-cs\"><img decoding=\"async\" class=\"size-full lazyload\" data-src=\"https:\/\/www.realforexreviews.com\/wp-content\/images\/reviews\/plus500_cs\/pic4.jpg\" alt=\"Plus500 podpora\" width=\"1248\" height=\"1148\" src=\"data:image\/svg+xml;base64,PHN2ZyB3aWR0aD0iMSIgaGVpZ2h0PSIxIiB4bWxucz0iaHR0cDovL3d3dy53My5vcmcvMjAwMC9zdmciPjwvc3ZnPg==\" style=\"--smush-placeholder-width: 1248px; --smush-placeholder-aspect-ratio: 1248\/1148;\" \/><\/a><p class=\"wp-caption-text\">Plus500 podpora<\/p><\/div>\n<div class=\"retitle\">\n<h4>P\u0159esnost nab\u00eddkov\u00fdch cen<span class=\"score\"> 9\/10 <img decoding=\"async\" class=\"usr lazyload\" data-src=\"https:\/\/www.realforexreviews.com\/wp-content\/plugins\/universal-star-rating\/includes\/image.php?img=06.png&amp;px=20&amp;max=5&amp;rat=4.5\" alt=\"4.5 out of 5 stars\" style=\"height: 20px !important;\" src=\"data:image\/svg+xml;base64,PHN2ZyB3aWR0aD0iMSIgaGVpZ2h0PSIxIiB4bWxucz0iaHR0cDovL3d3dy53My5vcmcvMjAwMC9zdmciPjwvc3ZnPg==\" \/><\/span><\/h4>\n<\/div>\n<p>Na\u0161e testov\u00e1n\u00ed nezjistilo \u017e\u00e1dn\u00e9 opakovan\u00e9 cenov\u00e9 nab\u00eddky, nebo\u0165 jsou ceny aktiv synchronizov\u00e1ny s aktu\u00e1ln\u00edmi tr\u017en\u00edmi cenami.<\/p>\n<div class=\"retitle\">\n<h4>Reputace<span class=\"score\"> 10\/10 <img decoding=\"async\" class=\"usr lazyload\" data-src=\"https:\/\/www.realforexreviews.com\/wp-content\/plugins\/universal-star-rating\/includes\/image.php?img=06.png&amp;px=20&amp;max=5&amp;rat=5\" alt=\"5 out of 5 stars\" style=\"height: 20px !important;\" src=\"data:image\/svg+xml;base64,PHN2ZyB3aWR0aD0iMSIgaGVpZ2h0PSIxIiB4bWxucz0iaHR0cDovL3d3dy53My5vcmcvMjAwMC9zdmciPjwvc3ZnPg==\" \/><\/span><\/h4>\n<\/div>\n<p>Krom\u011b regulace lze mezi p\u0159ednostmi Plus500 vyzdvihnout i vysok\u00e9 mno\u017estv\u00ed pozitivn\u00edho hodnocen\u00ed, kter\u00e9ho se mu od \u010desk\u00fdch obchodn\u00edk\u016f dostalo.<\/p>\n<div class=\"retitle\">\n<h4>Regulace<span class=\"score\"> 10\/10 <img decoding=\"async\" class=\"usr lazyload\" data-src=\"https:\/\/www.realforexreviews.com\/wp-content\/plugins\/universal-star-rating\/includes\/image.php?img=06.png&amp;px=20&amp;max=5&amp;rat=5\" alt=\"5 out of 5 stars\" style=\"height: 20px !important;\" src=\"data:image\/svg+xml;base64,PHN2ZyB3aWR0aD0iMSIgaGVpZ2h0PSIxIiB4bWxucz0iaHR0cDovL3d3dy53My5vcmcvMjAwMC9zdmciPjwvc3ZnPg==\" \/><\/span><\/h4>\n<\/div>\n<ul class=\"greenlist\">\n<li>Plus500UK Ltd autorizov\u00e1na a regulov\u00e1na \u00fa\u0159adem FCA (#509909).<\/li>\n<li>Plus500CY Ltd autorizov\u00e1na a regulov\u00e1na \u00fa\u0159adem CySEC (#250\/14).<\/li>\n<li>Plus500SG Pte Ltd je licencov\u00e1na od MAS (#CMS100648-1) a IE Singapore (#PLUS\/CBL\/2018).<\/li>\n<li>Plus500AU Pty Ltd (ACN 153301681), licencov\u00e1na od:<br \/>\nASIC v Austr\u00e1lii, AFSL #417727. FMA na Nov\u00e9m Z\u00e9landu, FSP #486026; Autorizovan\u00fd poskytovatel finan\u010dn\u00edch slu\u017eeb v Jihoafrick\u00e9 republice, FSP #47546 Aktiva nevlastn\u00edte ani na n\u011b nem\u00e1te \u017e\u00e1dn\u00e1 pr\u00e1va. Ve\u0161ker\u00e9 pot\u0159ebn\u00e9 informace najdete v dokumentech dostupn\u00fdch na na\u0161\u00ed webov\u00e9 str\u00e1nce.<\/li>\n<li>Plus500SEY Ltd autorizov\u00e1na a regulov\u00e1na \u00fa\u0159adem pro finan\u010dn\u00ed slu\u017eby na Seychel\u00e1ch (#SD039).<\/li>\n<\/ul>\n<\/div>\n<p>[\/vc_column_text][\/vc_column][\/vc_row][vc_row][vc_column][vc_column_text]&nbsp;<\/p>\n<table width=\"100%\">\n<tbody>\n<tr>\n<td style=\"background-image:inherit; background-repeat: no-repeat; background-position: left;\" height=\"200\" data-bg-image=\"url(&#039;https:\/\/www.realforexreviews.com\/wp-content\/smush-webp\/2020\/03\/trading-background2.jpg.webp&#039;)\" class=\"lazyload\"><img decoding=\"async\" data-src=\"\/wp-content\/images\/header\/plus500.png\" alt=\"Plus500 logo\" src=\"data:image\/svg+xml;base64,PHN2ZyB3aWR0aD0iMSIgaGVpZ2h0PSIxIiB4bWxucz0iaHR0cDovL3d3dy53My5vcmcvMjAwMC9zdmciPjwvc3ZnPg==\" class=\"lazyload\" style=\"--smush-placeholder-width: 200px; --smush-placeholder-aspect-ratio: 200\/80;\" \/><\/td>\n<\/tr>\n<tr>\n<td style=\"text-align: left; padding: 0px 30px 30px 30px; background-color: #f3f3f3;\">\n<div id=\"conclusion\" class=\"retitle\">\n<h4>Shrnuti<span class=\"score\"> 9.5\/10 <img decoding=\"async\" class=\"usr lazyload\" data-src=\"https:\/\/www.realforexreviews.com\/wp-content\/plugins\/universal-star-rating\/includes\/image.php?img=06.png&amp;px=20&amp;max=5&amp;rat=4.8\" alt=\"4.8 out of 5 stars\" style=\"height: 20px !important;\" src=\"data:image\/svg+xml;base64,PHN2ZyB3aWR0aD0iMSIgaGVpZ2h0PSIxIiB4bWxucz0iaHR0cDovL3d3dy53My5vcmcvMjAwMC9zdmciPjwvc3ZnPg==\" \/><\/span><\/h4>\n<\/div>\n<p>Plus500 se odli\u0161uje od konkurence p\u0159edev\u0161\u00edm t\u00edm, \u017ee na rozd\u00edl od jin\u00fdch broker\u016f bych schopen vyvinout vlastn\u00ed stabiln\u00ed platformu, kter\u00e1 cel\u00fd proces CFD obchodov\u00e1n\u00ed v\u00fdrazn\u011b zjednodu\u0161uje, a to i p\u0159i zachov\u00e1n\u00ed v\u00edce ne\u017e konkurenceschopn\u00fdch spread\u016f a \u0161irok\u00e9 nab\u00eddky obchodn\u00edch n\u00e1stroj\u016f. D\u00edky tomu v\u0161emu se jedn\u00e1 o skv\u011blou volbu t\u00e9\u017e pro zku\u0161en\u00e9 obchodn\u00edky. Navzdory chyb\u011bj\u00edc\u00ed telefonick\u00e9 podpo\u0159e lze konstatovat, \u017ee d\u00edky svi\u017en\u011b komunikuj\u00edc\u00ed emailov\u00e9 podpo\u0159e nen\u00ed tato skute\u010dnost ni\u010demu na \u00fajmu.<\/p>\n<p>&nbsp;<\/p>\n<p><center><a class=\"open\" href=\"\/reg\/plus500-cs\" target=\"_blank\" rel=\"nofollow noopener noreferrer\">Nav\u0161tivte str\u00e1nky Plus500<\/a><\/center><\/td>\n<\/tr>\n<\/tbody>\n<\/table>\n<p><span class=\"cfdservice\">U 84% \u00fa\u010dt\u016f retailov\u00fdch investor\u016f do\u0161lo p\u0159i obchodov\u00e1n\u00ed s rozd\u00edlov\u00fdmi smlouvami u tohoto poskytovatele ke vzniku ztr\u00e1ty. M\u011bli byste zv\u00e1\u017eit, zda si m\u016f\u017eete dovolit vysok\u00e9 riziko ztr\u00e1ty sv\u00fdch finan\u010dn\u00edch prost\u0159edk\u016f  <\/span>&nbsp;<\/div>\n<p>[\/vc_column_text][\/vc_column][\/vc_row]<\/p>\n","protected":false},"excerpt":{"rendered":"[vc_row][vc_column][vc_column_text] &nbsp; Vypl\u0148te laskav\u011b n\u00ed\u017ee uveden\u00fd! \u00davod nebo P\u0159esko\u010dit obsah a p\u0159e\u010d\u00edst si shrnut\u00ed! &nbsp; Plus500 je CFD slu\u017eba s vlastn\u00ed platformou, na kter\u00e9 si mohou obchodn\u00edci vybrat z cel\u00e9 \u0159ady nab\u00edzen\u00edch finan\u010dn\u00edch produkt\u016f. Tvorba vlastn\u00ed platformy byla pom\u011brn\u011b odv\u00e1\u017en\u00fdm krokem, jak\u00e9 tedy tato mo\u017enost nab\u00edz\u00ed obchodn\u00edk\u016fm v\u00fdhody? &nbsp; P\u0159ehled Plus500 Zalo\u017eeno 2008 Platforma iPhone\/iPad\/Apple [&hellip;]","protected":false},"author":57,"featured_media":52972,"parent":6796,"menu_order":0,"comment_status":"open","ping_status":"closed","template":"","meta":{"_acf_changed":false,"footnotes":""},"class_list":["post-7080","page","type-page","status-publish","has-post-thumbnail","hentry"],"acf":[],"aioseo_notices":[],"_links":{"self":[{"href":"https:\/\/www.realforexreviews.com\/cs\/wp-json\/wp\/v2\/pages\/7080","targetHints":{"allow":["GET"]}}],"collection":[{"href":"https:\/\/www.realforexreviews.com\/cs\/wp-json\/wp\/v2\/pages"}],"about":[{"href":"https:\/\/www.realforexreviews.com\/cs\/wp-json\/wp\/v2\/types\/page"}],"author":[{"embeddable":true,"href":"https:\/\/www.realforexreviews.com\/cs\/wp-json\/wp\/v2\/users\/57"}],"replies":[{"embeddable":true,"href":"https:\/\/www.realforexreviews.com\/cs\/wp-json\/wp\/v2\/comments?post=7080"}],"version-history":[{"count":33,"href":"https:\/\/www.realforexreviews.com\/cs\/wp-json\/wp\/v2\/pages\/7080\/revisions"}],"predecessor-version":[{"id":72303,"href":"https:\/\/www.realforexreviews.com\/cs\/wp-json\/wp\/v2\/pages\/7080\/revisions\/72303"}],"up":[{"embeddable":true,"href":"https:\/\/www.realforexreviews.com\/cs\/wp-json\/wp\/v2\/pages\/6796"}],"wp:featuredmedia":[{"embeddable":true,"href":"https:\/\/www.realforexreviews.com\/cs\/wp-json\/wp\/v2\/media\/52972"}],"wp:attachment":[{"href":"https:\/\/www.realforexreviews.com\/cs\/wp-json\/wp\/v2\/media?parent=7080"}],"curies":[{"name":"wp","href":"https:\/\/api.w.org\/{rel}","templated":true}]}}