{"id":7081,"date":"2020-05-25T11:32:18","date_gmt":"2020-05-25T11:32:18","guid":{"rendered":"https:\/\/new.realforexreviews.com\/cs\/brokers\/etoro\/"},"modified":"2026-02-03T07:07:54","modified_gmt":"2026-02-03T07:07:54","slug":"etoro","status":"publish","type":"page","link":"https:\/\/www.realforexreviews.com\/cs\/brokers\/etoro","title":{"rendered":"Recenze eToro 2021"},"content":{"rendered":"\t\t<div data-elementor-type=\"wp-page\" data-elementor-id=\"7081\" class=\"elementor elementor-7081 elementor-854\" data-elementor-post-type=\"page\">\n\t\t\t\t\t\t<section class=\"elementor-section elementor-top-section elementor-element elementor-element-3d1f81b0 elementor-section-boxed elementor-section-height-default elementor-section-height-default\" data-id=\"3d1f81b0\" data-element_type=\"section\" data-e-type=\"section\">\n\t\t\t\t\t\t<div class=\"elementor-container elementor-column-gap-default\">\n\t\t\t\t\t<div class=\"elementor-column elementor-col-100 elementor-top-column elementor-element elementor-element-38c9be4a\" data-id=\"38c9be4a\" data-element_type=\"column\" data-e-type=\"column\">\n\t\t\t<div class=\"elementor-widget-wrap elementor-element-populated\">\n\t\t\t\t\t\t<div class=\"elementor-element elementor-element-26ee6666 elementor-widget elementor-widget-text-editor\" data-id=\"26ee6666\" data-element_type=\"widget\" data-e-type=\"widget\" data-widget_type=\"text-editor.default\">\n\t\t\t\t<div class=\"elementor-widget-container\">\n\t\t\t\t\t\t\t\t\t<div style=\"margin-top: -20px;\" align=\"center\">U 75% \u00fa\u010dt\u016f retailov\u00fdch investor\u016f do\u0161lo ke vzniku finan\u010dn\u00ed ztr\u00e1ty<\/div>\n<p>[vc_row][vc_column][vc_column_text]<\/p>\n<p><\/p><center><span style=\"font-size: large;\"><strong>Vypl\u0148te laskav\u011b n\u00ed\u017ee uveden\u00fd!<\/strong><\/span><\/center><p><\/p>\n<div>&nbsp;<\/div>\n<div>\n<h4>\u00davod <a href=\"#conclusion\">nebo P\u0159esko\u010dit obsah a p\u0159e\u010d\u00edst si shrnut\u00ed!<\/a><\/h4>\n<p>eToro je regulovan\u00e1 spole\u010dnost zn\u00e1m\u00e1 jako pr\u016fkopn\u00edk na poli integrov\u00e1n\u00ed online obchodov\u00e1n\u00ed se soci\u00e1ln\u00edmi s\u00edt\u011bmi. Je takov\u00e1to kombinace dobrou volbou? Poj\u010fme to spole\u010dn\u011b zjistit.<\/p>\n<table border=\"1\" width=\"70%\" cellspacing=\"0\" cellpadding=\"5\" align=\"center\">\n<tbody>\n<tr>\n<td style=\"background: #336181 none repeat scroll 0% 0%; border-top-left-radius: 10px; border-top-right-radius: 10px; border: 1px solid #fff;\" colspan=\"2\" valign=\"top\"><center><span style=\"color: #fff;\"><strong>P\u0159ehled eToro<\/strong><\/span><\/center><\/td>\n<\/tr>\n<tr>\n<td width=\"230\">Zalo\u017eeno<\/td>\n<td width=\"230\">2007<\/td>\n<\/tr>\n<tr>\n<td width=\"230\">Platforma<\/td>\n<td width=\"230\">eToro<\/td>\n<\/tr>\n<tr>\n<td width=\"230\">Minim\u00e1ln\u00ed vklad<\/td>\n<td width=\"230\">\u20ac200<\/td>\n<\/tr>\n<tr>\n<td width=\"230\">Minim\u00e1ln\u00ed velikost lotu<\/td>\n<td width=\"230\">0.01<\/td>\n<\/tr>\n<tr>\n<td width=\"230\">Obchodovateln\u00e1 aktiva<\/td>\n<td width=\"230\">1000+<\/td>\n<\/tr>\n<tr>\n<td width=\"230\">Maxim\u00e1ln\u00ed mar\u017ee<\/td>\n<td width=\"230\">1:400<\/td>\n<\/tr>\n<tr>\n<td width=\"230\">Spread u EUR\/USD<\/td>\n<td width=\"230\">3 pipy<\/td>\n<\/tr>\n<tr>\n<td width=\"230\">Platebn\u00ed metody<\/td>\n<td width=\"230\">Kreditn\u00ed\/Debetn\u00ed Karty, China Union Pay, Giropay, Neteller, PayPal, Skrill Limited UK, WebMoney, Wire Transfer, Wirecard, Yandex<\/td>\n<\/tr>\n<tr>\n<td width=\"230\">Demo \u00fa\u010det<\/td>\n<td width=\"230\">Ano<\/td>\n<\/tr>\n<tr>\n<td width=\"230\">P\u0159ij\u00edm\u00e1 obchodn\u00edky z \u010cesk\u00e9 republiky<\/td>\n<td width=\"230\">Ano<\/td>\n<\/tr>\n<tr>\n<td width=\"230\">Regulov\u00e1na<\/td>\n<td width=\"230\">CySEC (Kypr), FCA (Spojen\u00e9 kr\u00e1lovstv\u00ed)<\/td>\n<\/tr>\n<tr>\n<td width=\"230\">Podpora<\/td>\n<td width=\"230\">Telefon, E-mail, \u017div\u00fd chat<\/td>\n<\/tr>\n<tr>\n<td width=\"230\">Webov\u00e9 str\u00e1nky<\/td>\n<td width=\"230\">\n<p><a href=\"\/regCS\/etoro\">www.etoro.com<\/a><\/p>\n<div style=\"font-size: small; margin-top: -15px;\"><i>V\u00e1\u0161 kapit\u00e1l je v ohro\u017een\u00ed.<\/i><\/div>\n<\/td>\n<\/tr>\n<\/tbody>\n<\/table>\n<p><\/p><center><a href=\"\/regCS\/etoro\" target=\"_blank\" rel=\"nofollow noopener noreferrer\">Nav\u0161tivte str\u00e1nky eToro<\/a><\/center><p><\/p>\n<p>75% \u00fa\u010dt\u016f drobn\u00fdch investor\u016f p\u0159ich\u00e1z\u00ed o pen\u00edze p\u0159i obchodov\u00e1n\u00ed s CFD s t\u00edmto poskytovatelem. M\u011bli byste uv\u00e1\u017eit, zda opravdu ch\u00e1pete, jak funguj\u00ed CFD a zda si m\u016f\u017eete dovolit p\u0159ijmout tak vysok\u00e9 riziko ztr\u00e1ty pen\u011bz.<\/p>\n<div>\n<h4>Platforma 9.6\/10 <img decoding=\"async\" class=\"usr lazyload\" data-src=\"https:\/\/www.realforexreviews.com\/wp-content\/plugins\/universal-star-rating\/includes\/image.php?img=06.png&amp;px=20&amp;max=5&amp;rat=4.8\" alt=\"4.8 out of 5 stars\" style=\"height: 20px !important;\" src=\"data:image\/svg+xml;base64,PHN2ZyB3aWR0aD0iMSIgaGVpZ2h0PSIxIiB4bWxucz0iaHR0cDovL3d3dy53My5vcmcvMjAwMC9zdmciPjwvc3ZnPg==\" \/><\/h4>\n<\/div>\n<p>Nab\u00eddka komplexn\u00ed platformy s velmi flexibiln\u00edm syst\u00e9mem soci\u00e1ln\u00edho obchodov\u00e1n\u00ed, kde jen sta\u010d\u00ed jednodu\u0161e zadat \u010d\u00e1stku, kterou si p\u0159ejete automaticky kop\u00edrovat. Na v\u00fdb\u011br p\u0159itom m\u00e1te mo\u017enost kop\u00edrov\u00e1n\u00ed v\u0161ech otev\u0159en\u00fdch obchod\u016f nebo budouc\u00edch obchod\u016f konkr\u00e9tn\u00edho investora.<\/p>\n<div>\n<h4>Design 10\/10 <img decoding=\"async\" class=\"usr lazyload\" data-src=\"https:\/\/www.realforexreviews.com\/wp-content\/plugins\/universal-star-rating\/includes\/image.php?img=06.png&amp;px=20&amp;max=5&amp;rat=5\" alt=\"5 out of 5 stars\" style=\"height: 20px !important;\" src=\"data:image\/svg+xml;base64,PHN2ZyB3aWR0aD0iMSIgaGVpZ2h0PSIxIiB4bWxucz0iaHR0cDovL3d3dy53My5vcmcvMjAwMC9zdmciPjwvc3ZnPg==\" \/><\/h4>\n<\/div>\n<p>Platformy jsou nejen vizu\u00e1ln\u011b atraktivn\u00ed, ale hlavn\u011b spole\u010dnost nikdy nep\u0159est\u00e1v\u00e1 pracovat na jejich vylep\u0161ov\u00e1n\u00ed a aktualizac\u00edch.<\/p>\n<div style=\"width: 1290px\" class=\"wp-caption aligncenter\"><a href=\"\/regCS\/etoro\"><img fetchpriority=\"high\" decoding=\"async\" src=\"https:\/\/www.realforexreviews.com\/wp-content\/images\/reviews\/etoro_cs\/pic1.jpg\" alt=\"eToro platforma\" width=\"1280\" height=\"915\"><\/a><p class=\"wp-caption-text\">eToro platforma<\/p><\/div><center>V\u00e1\u0161 kapit\u00e1l je v ohro\u017een\u00ed.<\/center><p><\/p>\n<div>\n<h4>Minim\u00e1ln\u00ed vklad 8\/10 <img decoding=\"async\" class=\"usr lazyload\" data-src=\"https:\/\/www.realforexreviews.com\/wp-content\/plugins\/universal-star-rating\/includes\/image.php?img=06.png&amp;px=20&amp;max=5&amp;rat=4\" alt=\"4 out of 5 stars\" style=\"height: 20px !important;\" src=\"data:image\/svg+xml;base64,PHN2ZyB3aWR0aD0iMSIgaGVpZ2h0PSIxIiB4bWxucz0iaHR0cDovL3d3dy53My5vcmcvMjAwMC9zdmciPjwvc3ZnPg==\" \/><\/h4>\n<\/div>\n<p>Pro zalo\u017een\u00ed \u00fa\u010dtu je vy\u017eadov\u00e1n vklad ve v\u00fd\u0161i pouze \u20ac200. D\u00edky takto n\u00edzk\u00fdm vstupn\u00edm n\u00e1klad\u016fm je tak obchodov\u00e1n\u00ed dostupn\u00e9 skute\u010dn\u011b \u00fapln\u011b ka\u017ed\u00e9mu.<\/p>\n<div>\n<h4>Minim\u00e1ln\u00ed velikost lotu 10\/10 <img decoding=\"async\" class=\"usr lazyload\" data-src=\"https:\/\/www.realforexreviews.com\/wp-content\/plugins\/universal-star-rating\/includes\/image.php?img=06.png&amp;px=20&amp;max=5&amp;rat=5\" alt=\"5 out of 5 stars\" style=\"height: 20px !important;\" src=\"data:image\/svg+xml;base64,PHN2ZyB3aWR0aD0iMSIgaGVpZ2h0PSIxIiB4bWxucz0iaHR0cDovL3d3dy53My5vcmcvMjAwMC9zdmciPjwvc3ZnPg==\" \/><\/h4>\n<\/div>\n<p>D\u00edky minim\u00e1ln\u00ed velikosti lotu 0.01 se vystavujete riziku pouze minim\u00e1ln\u00edmu a sou\u010dasn\u011b si m\u016f\u017eete dovolit si i trochu zaexperimentovat.<\/p>\n<div>\n<h4>Obchodovateln\u00e1 aktiva 9.5\/10 <img decoding=\"async\" class=\"usr lazyload\" data-src=\"https:\/\/www.realforexreviews.com\/wp-content\/plugins\/universal-star-rating\/includes\/image.php?img=06.png&amp;px=20&amp;max=5&amp;rat=4.8\" alt=\"4.8 out of 5 stars\" style=\"height: 20px !important;\" src=\"data:image\/svg+xml;base64,PHN2ZyB3aWR0aD0iMSIgaGVpZ2h0PSIxIiB4bWxucz0iaHR0cDovL3d3dy53My5vcmcvMjAwMC9zdmciPjwvc3ZnPg==\" \/><\/h4>\n<\/div>\n<p>eToro nab\u00edz\u00ed vice ne\u017e 1.000 n\u00e1stroj\u016f v\u010detn\u011b kryptom\u011bn jako Bitcoin, Bitcoin, Ethereum, Bitcoin Cash, Ripple, Dash, Litecoin, Ethereum Classic, Stellar Lumens a NEO. Trh\u016f, na kter\u00fdch m\u016f\u017eete investovat je tak skute\u010dn\u011b bezpo\u010det.<\/p>\n<div style=\"width: 1013px\" class=\"wp-caption aligncenter\"><a href=\"\/regCS\/etoro\"><img decoding=\"async\" data-src=\"https:\/\/www.realforexreviews.com\/wp-content\/images\/reviews\/etoro_cs\/pic2.jpg\" alt=\"eToro obchodovateln\u00e1 aktiva\" width=\"1003\" height=\"779\" src=\"data:image\/svg+xml;base64,PHN2ZyB3aWR0aD0iMSIgaGVpZ2h0PSIxIiB4bWxucz0iaHR0cDovL3d3dy53My5vcmcvMjAwMC9zdmciPjwvc3ZnPg==\" class=\"lazyload\" style=\"--smush-placeholder-width: 1003px; --smush-placeholder-aspect-ratio: 1003\/779;\"><\/a><p class=\"wp-caption-text\">eToro obchodovateln\u00e1 aktiva<\/p><\/div><center>V\u00e1\u0161 kapit\u00e1l je v ohro\u017een\u00ed.<\/center><p><\/p>\n<div>\n<h4>Spready 9\/10 <img decoding=\"async\" class=\"usr lazyload\" data-src=\"https:\/\/www.realforexreviews.com\/wp-content\/plugins\/universal-star-rating\/includes\/image.php?img=06.png&amp;px=20&amp;max=5&amp;rat=4.5\" alt=\"4.5 out of 5 stars\" style=\"height: 20px !important;\" src=\"data:image\/svg+xml;base64,PHN2ZyB3aWR0aD0iMSIgaGVpZ2h0PSIxIiB4bWxucz0iaHR0cDovL3d3dy53My5vcmcvMjAwMC9zdmciPjwvc3ZnPg==\" \/><\/h4>\n<\/div>\n<p>Spready eToro v porovn\u00e1n\u00ed s konkurenc\u00ed v ni\u010dem nezaost\u00e1vaj\u00ed. Nap\u0159\u00edklad u m\u011bnov\u00e9ho p\u00e1ru EUR\/USD \u010din\u00ed pr\u016fm\u011brn\u00fd spread 3 pipy.<\/p>\n<div>\n<h4>V\u00fdb\u011br prost\u0159edk\u016f 10\/10 <img decoding=\"async\" class=\"usr lazyload\" data-src=\"https:\/\/www.realforexreviews.com\/wp-content\/plugins\/universal-star-rating\/includes\/image.php?img=06.png&amp;px=20&amp;max=5&amp;rat=5\" alt=\"5 out of 5 stars\" style=\"height: 20px !important;\" src=\"data:image\/svg+xml;base64,PHN2ZyB3aWR0aD0iMSIgaGVpZ2h0PSIxIiB4bWxucz0iaHR0cDovL3d3dy53My5vcmcvMjAwMC9zdmciPjwvc3ZnPg==\" \/><\/h4>\n<\/div>\n<p>Zpracov\u00e1n\u00ed v\u00fdb\u011bru prost\u0159edk\u016f z \u00fa\u010dtu je velmi rychl\u00e9, kdy\u017e zabere pouze jeden pracovn\u00ed den.<\/p>\n<div>\n<h4>Platebn\u00ed metody pro vklady a v\u00fdb\u011bry 10\/10 <img decoding=\"async\" class=\"usr lazyload\" data-src=\"https:\/\/www.realforexreviews.com\/wp-content\/plugins\/universal-star-rating\/includes\/image.php?img=06.png&amp;px=20&amp;max=5&amp;rat=5\" alt=\"5 out of 5 stars\" style=\"height: 20px !important;\" src=\"data:image\/svg+xml;base64,PHN2ZyB3aWR0aD0iMSIgaGVpZ2h0PSIxIiB4bWxucz0iaHR0cDovL3d3dy53My5vcmcvMjAwMC9zdmciPjwvc3ZnPg==\" \/><\/h4>\n<\/div>\n<p>\u0160irok\u00e1 nab\u00eddka podporovan\u00fdch platebn\u00edch metod, mezi kter\u00fdmi nechyb\u00ed ani tradi\u010dn\u00ed kreditn\u00ed karty.<\/p>\n<div style=\"width: 670px\" class=\"wp-caption aligncenter\"><a href=\"\/regCS\/etoro\"><img decoding=\"async\" data-src=\"https:\/\/www.realforexreviews.com\/wp-content\/images\/reviews\/etoro_cs\/pic4.jpg\" alt=\"eToro platebn\u00ed metody pro vklady a v\u00fdb\u011bry\" width=\"660\" height=\"1172\" src=\"data:image\/svg+xml;base64,PHN2ZyB3aWR0aD0iMSIgaGVpZ2h0PSIxIiB4bWxucz0iaHR0cDovL3d3dy53My5vcmcvMjAwMC9zdmciPjwvc3ZnPg==\" class=\"lazyload\" style=\"--smush-placeholder-width: 660px; --smush-placeholder-aspect-ratio: 660\/1172;\"><\/a><p class=\"wp-caption-text\">eToro platebn\u00ed metody pro vklady a v\u00fdb\u011bry<\/p><\/div><center>V\u00e1\u0161 kapit\u00e1l je v ohro\u017een\u00ed.<\/center><p><\/p>\n<div>\n<h4>Podpora 9.8\/10 <img decoding=\"async\" class=\"usr lazyload\" data-src=\"https:\/\/www.realforexreviews.com\/wp-content\/plugins\/universal-star-rating\/includes\/image.php?img=06.png&amp;px=20&amp;max=5&amp;rat=4.9\" alt=\"4.9 out of 5 stars\" style=\"height: 20px !important;\" src=\"data:image\/svg+xml;base64,PHN2ZyB3aWR0aD0iMSIgaGVpZ2h0PSIxIiB4bWxucz0iaHR0cDovL3d3dy53My5vcmcvMjAwMC9zdmciPjwvc3ZnPg==\" \/><\/h4>\n<\/div>\n<p>Odd\u011blen\u00ed podpory je mo\u017en\u00e9 kontaktovat hned n\u011bkolika zp\u016fsoby, a to prost\u0159ednictv\u00edm telefonu, emailu nebo live chatu.<\/p>\n<div style=\"width: 989px\" class=\"wp-caption aligncenter\"><a href=\"\/regCS\/etoro\"><img decoding=\"async\" data-src=\"https:\/\/www.realforexreviews.com\/wp-content\/images\/reviews\/etoro_cs\/pic5.jpg\" alt=\"eToro podpora\" width=\"979\" height=\"508\" src=\"data:image\/svg+xml;base64,PHN2ZyB3aWR0aD0iMSIgaGVpZ2h0PSIxIiB4bWxucz0iaHR0cDovL3d3dy53My5vcmcvMjAwMC9zdmciPjwvc3ZnPg==\" class=\"lazyload\" style=\"--smush-placeholder-width: 979px; --smush-placeholder-aspect-ratio: 979\/508;\"><\/a><p class=\"wp-caption-text\">eToro podpora<\/p><\/div>\n<div>\n<h4>P\u0159esnost nab\u00eddkov\u00fdch cen 10\/10 <img decoding=\"async\" class=\"usr lazyload\" data-src=\"https:\/\/www.realforexreviews.com\/wp-content\/plugins\/universal-star-rating\/includes\/image.php?img=06.png&amp;px=20&amp;max=5&amp;rat=5\" alt=\"5 out of 5 stars\" style=\"height: 20px !important;\" src=\"data:image\/svg+xml;base64,PHN2ZyB3aWR0aD0iMSIgaGVpZ2h0PSIxIiB4bWxucz0iaHR0cDovL3d3dy53My5vcmcvMjAwMC9zdmciPjwvc3ZnPg==\" \/><\/h4>\n<\/div>\n<p>D\u00edky p\u0159\u00edsn\u00fdm krit\u00e9ri\u00edm platformy jsou feedy synchronizov\u00e1ny s aktu\u00e1ln\u00edmi tr\u017en\u00edmi cenami.<\/p>\n<div>\n<h4>Reputace 9.9\/10 <img decoding=\"async\" class=\"usr lazyload\" data-src=\"https:\/\/www.realforexreviews.com\/wp-content\/plugins\/universal-star-rating\/includes\/image.php?img=06.png&amp;px=20&amp;max=5&amp;rat=5\" alt=\"5 out of 5 stars\" style=\"height: 20px !important;\" src=\"data:image\/svg+xml;base64,PHN2ZyB3aWR0aD0iMSIgaGVpZ2h0PSIxIiB4bWxucz0iaHR0cDovL3d3dy53My5vcmcvMjAwMC9zdmciPjwvc3ZnPg==\" \/><\/h4>\n<\/div>\n<p>Jak prozradit n\u00e1\u0161 intenzivn\u00ed pr\u016fzkum, reputace spole\u010dnosti z\u016fst\u00e1v\u00e1 ve vztahu k \u010desk\u00fdm obchodn\u00edk\u016fm bezchybn\u00e1. A to i navzdory tomu, \u017ee se jedn\u00e1 o pr\u016fkopn\u00edka na poli spole\u010densk\u00e9ho obchodov\u00e1n\u00ed s v\u00edce ne\u017e 5 miliony u\u017eivateli z cel\u00e9ho sv\u011bta.<br>[\/vc_column_text][\/vc_column][\/vc_row]<\/p>\n<table width=\"100%\">\n<tbody>\n<tr>\n<td style=\"background-image:inherit; background-repeat: no-repeat; background-position: left;\" height=\"200\" data-bg-image=\"url(&#039;https:\/\/www.realforexreviews.com\/wp-content\/smush-webp\/2020\/03\/trading-background2.jpg.webp&#039;)\" class=\"lazyload\"><img decoding=\"async\" data-src=\"\/wp-content\/images\/header\/etoro.png\" alt=\"etoro logo\" src=\"data:image\/svg+xml;base64,PHN2ZyB3aWR0aD0iMSIgaGVpZ2h0PSIxIiB4bWxucz0iaHR0cDovL3d3dy53My5vcmcvMjAwMC9zdmciPjwvc3ZnPg==\" class=\"lazyload\" style=\"--smush-placeholder-width: 150px; --smush-placeholder-aspect-ratio: 150\/40;\"><\/td>\n<\/tr>\n<tr>\n<td style=\"text-align: left; padding: 0px 30px 30px 30px; background-color: #f3f3f3;\">\n<div>\n<h4>Shrnuti 9.6\/10 <img decoding=\"async\" class=\"usr lazyload\" data-src=\"https:\/\/www.realforexreviews.com\/wp-content\/plugins\/universal-star-rating\/includes\/image.php?img=06.png&amp;px=20&amp;max=5&amp;rat=4.8\" alt=\"4.8 out of 5 stars\" style=\"height: 20px !important;\" src=\"data:image\/svg+xml;base64,PHN2ZyB3aWR0aD0iMSIgaGVpZ2h0PSIxIiB4bWxucz0iaHR0cDovL3d3dy53My5vcmcvMjAwMC9zdmciPjwvc3ZnPg==\" \/><\/h4>\n<\/div>\n<p>eToro je v\u00edtan\u00fdm \u0159e\u0161en\u00edm pro online investov\u00e1n\u00ed, kter\u00e9 d\u00edky inovativn\u00ed kombinaci online obchodov\u00e1n\u00ed a soci\u00e1ln\u00edch s\u00edt\u00ed nab\u00edz\u00ed mo\u017enost zaj\u00edmav\u00fdch v\u00fdnos\u016f. Bez ohledu na to, zda jste na poli obchodov\u00e1n\u00ed nov\u00e1\u010dkem nebo ost\u0159\u00edlen\u00fdm finan\u010dn\u00edm \u017eralokem, m\u016f\u017eete si b\u00fdt jist\u00ed, \u017ee tato soci\u00e1ln\u00ed obchodn\u00ed s\u00ed\u0165 v \u017e\u00e1dn\u00e9m p\u0159\u00edpad\u011b nebude \u0161patnou volbou.<\/p>\n<p><\/p><center><a href=\"\/regCS\/etoro\" target=\"_blank\" rel=\"nofollow noopener noreferrer\">Nav\u0161tivte str\u00e1nky eToro<\/a><\/center><\/td>\n<\/tr>\n<\/tbody>\n<\/table>\n<p><b><span lang=\"EN\" style=\"font-size: 12.0pt; line-height: 115%;\">eToro is a multi-asset platform which offers both investing in stocks and cryptoassets, as well as trading CFDs.<\/span><\/b><\/p>\n<p><b><span lang=\"EN\" style=\"font-size: 12.0pt; line-height: 115%;\">Please note that CFDs are complex instruments and come with a high risk of losing money rapidly due to leverage. 50% of retail investor accounts lose money when trading CFDs with this provider. You should consider whether you understand how CFDs work, and whether you can afford to take the high risk of losing your money.<\/span><\/b><\/p>\n<p><b><span lang=\"EN\" style=\"font-size: 12.0pt; line-height: 115%;\">This communication is intended for information and educational purposes only and should not be considered investment advice or investment recommendation. Past performance is not an indication of future results.<\/span><\/b><\/p>\n<p><b><span lang=\"EN\" style=\"font-size: 12.0pt; line-height: 115%;\">Copy Trading does not amount to investment advice.&nbsp; The value of your investments may go up or down.&nbsp; Your capital is at risk.<\/span><\/b><\/p>\n<p><b><span lang=\"EN\" style=\"font-size: 12.0pt; line-height: 115%;\">Crypto investments are risky and highly volatile. Tax may apply. Understand the risks here <\/span><\/b><span lang=\"EN\"><a href=\"https:\/\/etoro.tw\/3PI44nZ\"><b><span style=\"font-size: 12.0pt; line-height: 115%; color: #1155cc;\">https:\/\/etoro.tw\/3PI44nZ<\/span><\/b><\/a><\/span><b><\/b><\/p>\n<p><b><span lang=\"EN\" style=\"font-size: 12.0pt; line-height: 115%;\">eToro USA LLC does not offer CFDs and makes no representation and assumes no liability as to the accuracy or completeness of the content of this publication, which has been prepared by our partner utilizing publicly available non-entity specific information about eToro.<\/span><\/b><\/p>\n<\/div>\t\t\t\t\t\t\t\t<\/div>\n\t\t\t\t<\/div>\n\t\t\t\t\t<\/div>\n\t\t<\/div>\n\t\t\t\t\t<\/div>\n\t\t<\/section>\n\t\t\t\t<\/div>\n\t\t","protected":false},"excerpt":{"rendered":"U 75% \u00fa\u010dt\u016f retailov\u00fdch investor\u016f do\u0161lo ke vzniku finan\u010dn\u00ed ztr\u00e1ty [vc_row][vc_column][vc_column_text] Vypl\u0148te laskav\u011b n\u00ed\u017ee uveden\u00fd! &nbsp; \u00davod nebo P\u0159esko\u010dit obsah a p\u0159e\u010d\u00edst si shrnut\u00ed! eToro je regulovan\u00e1 spole\u010dnost zn\u00e1m\u00e1 jako pr\u016fkopn\u00edk na poli integrov\u00e1n\u00ed online obchodov\u00e1n\u00ed se soci\u00e1ln\u00edmi s\u00edt\u011bmi. Je takov\u00e1to kombinace dobrou volbou? Poj\u010fme to spole\u010dn\u011b zjistit. P\u0159ehled eToro Zalo\u017eeno 2007 Platforma eToro Minim\u00e1ln\u00ed [&hellip;]","protected":false},"author":57,"featured_media":52906,"parent":6796,"menu_order":0,"comment_status":"open","ping_status":"closed","template":"","meta":{"_acf_changed":false,"footnotes":""},"class_list":["post-7081","page","type-page","status-publish","has-post-thumbnail","hentry"],"acf":[],"aioseo_notices":[],"_links":{"self":[{"href":"https:\/\/www.realforexreviews.com\/cs\/wp-json\/wp\/v2\/pages\/7081","targetHints":{"allow":["GET"]}}],"collection":[{"href":"https:\/\/www.realforexreviews.com\/cs\/wp-json\/wp\/v2\/pages"}],"about":[{"href":"https:\/\/www.realforexreviews.com\/cs\/wp-json\/wp\/v2\/types\/page"}],"author":[{"embeddable":true,"href":"https:\/\/www.realforexreviews.com\/cs\/wp-json\/wp\/v2\/users\/57"}],"replies":[{"embeddable":true,"href":"https:\/\/www.realforexreviews.com\/cs\/wp-json\/wp\/v2\/comments?post=7081"}],"version-history":[{"count":26,"href":"https:\/\/www.realforexreviews.com\/cs\/wp-json\/wp\/v2\/pages\/7081\/revisions"}],"predecessor-version":[{"id":72539,"href":"https:\/\/www.realforexreviews.com\/cs\/wp-json\/wp\/v2\/pages\/7081\/revisions\/72539"}],"up":[{"embeddable":true,"href":"https:\/\/www.realforexreviews.com\/cs\/wp-json\/wp\/v2\/pages\/6796"}],"wp:featuredmedia":[{"embeddable":true,"href":"https:\/\/www.realforexreviews.com\/cs\/wp-json\/wp\/v2\/media\/52906"}],"wp:attachment":[{"href":"https:\/\/www.realforexreviews.com\/cs\/wp-json\/wp\/v2\/media?parent=7081"}],"curies":[{"name":"wp","href":"https:\/\/api.w.org\/{rel}","templated":true}]}}