{"id":7083,"date":"2015-06-01T08:00:52","date_gmt":"2015-06-01T08:00:52","guid":{"rendered":"https:\/\/new.realforexreviews.com\/cs\/brokers\/xm\/"},"modified":"2020-12-22T11:03:27","modified_gmt":"2020-12-22T11:03:27","slug":"xm","status":"publish","type":"page","link":"https:\/\/www.realforexreviews.com\/cs\/brokers\/xm","title":{"rendered":"Recenze XM Group 2021"},"content":{"rendered":"[vc_row][vc_column][vc_column_text]\r\n\r\n<center><a href=\"https:\/\/clicks.pipaffiliates.com\/c?m=8521&amp;c=547167\"><img fetchpriority=\"high\" decoding=\"async\" src=\"https:\/\/ads.pipaffiliates.com\/i\/8521?c=547167\" alt=\"XM banner\" width=\"728\" height=\"90\" \/><\/a><\/center>[\/vc_column_text][vc_column_text]\r\n<div class=\"retitle\">\r\n<h4>\u00davod <a class=\"readbottomline\" href=\"#conclusion\">nebo P\u0159esko\u010dit obsah a p\u0159e\u010d\u00edst si shrnut\u00ed!<\/a><\/h4>\r\nXM je oce\u0148ovan\u00fdm brokerem zejm\u00e9na d\u00edky \u0161irok\u00e9 nab\u00eddce MT4 platformy dostupn\u00e9 pro mnoha za\u0159\u00edzen\u00ed. Je obchodov\u00e1n\u00ed jejich prost\u0159ednictv\u00edm tou spr\u00e1vnou volbou? To se dozv\u00edte v na\u0161\u00ed recenzi.\r\n<table class=\"shadow\" border=\"1\" width=\"70%\" cellspacing=\"0\" cellpadding=\"5\" align=\"center\">\r\n<tbody>\r\n<tr>\r\n<td style=\"background: #336181 none repeat scroll 0% 0%; border-top-left-radius: 10px; border-top-right-radius: 10px; border: 1px solid #fff;\" colspan=\"2\" valign=\"top\"><center><span style=\"color: #fff;\"><strong>P\u0159ehled XM<\/strong><\/span><\/center><\/td>\r\n<\/tr>\r\n<tr>\r\n<td width=\"230\">Zalo\u017eeno<\/td>\r\n<td width=\"230\">2009<\/td>\r\n<\/tr>\r\n<tr>\r\n<td width=\"230\">Platforma<\/td>\r\n<td width=\"230\">MT4 pro PC, MT4 pro MAC, MT4 Multiterminal, MT4 WebTrader, MT5 pro PC, MT5 pro Mac, MT5 WebTrader, MT4 pro iPhone, MT4 pro Android, MT5 pro iPhone, MT5 pro Android, MT4 pro iPad, MT4 pro Android, MT5 pro iPad, MT5 pro Android<\/td>\r\n<\/tr>\r\n<tr>\r\n<td width=\"230\">Minim\u00e1ln\u00ed vklad<\/td>\r\n<td width=\"230\">\u20ac5<\/td>\r\n<\/tr>\r\n<tr>\r\n<td width=\"230\">Minim\u00e1ln\u00ed velikost lotu<\/td>\r\n<td width=\"230\">0.01<\/td>\r\n<\/tr>\r\n<tr>\r\n<td width=\"230\">Obchodovateln\u00e1 aktiva<\/td>\r\n<td width=\"230\">300+<\/td>\r\n<\/tr>\r\n<tr>\r\n<td width=\"230\">Maxim\u00e1ln\u00ed mar\u017ee<\/td>\r\n<td width=\"230\">1:888<\/td>\r\n<\/tr>\r\n<tr>\r\n<td width=\"230\">Spread u EUR\/USD<\/td>\r\n<td width=\"230\">1.8 pipy<\/td>\r\n<\/tr>\r\n<tr>\r\n<td width=\"230\">Platebn\u00ed metody<\/td>\r\n<td width=\"230\">Kreditn\u00ed Karty, Neteller, WebMoney, Skrill, Sofort Banking, iDeal, paysafecard, QIWI, CashU, giropay, Przelewy24, fasapay, Perfect Money, Bankovn\u00ed P\u0159evod, M\u00edstn\u00ed Bankovn\u00ed P\u0159evod, Boleto, OXXO<\/td>\r\n<\/tr>\r\n<tr>\r\n<td width=\"230\">Demo \u00fa\u010det<\/td>\r\n<td width=\"230\">Ano<\/td>\r\n<\/tr>\r\n<tr>\r\n<td width=\"230\">P\u0159ij\u00edm\u00e1 obchodn\u00edky z \u010cesk\u00e9 republiky<\/td>\r\n<td width=\"230\">Ano<\/td>\r\n<\/tr>\r\n<tr>\r\n<td width=\"230\">Regulov\u00e1na<\/td>\r\n<td width=\"230\">FCA (Velk\u00e1 Brit\u00e1nie), ASIC (Austr\u00e1lie), CySEC (Kypr)<\/td>\r\n<\/tr>\r\n<tr>\r\n<td width=\"230\">Podpora<\/td>\r\n<td width=\"230\">Telefon, E-mail, \u017div\u00fd chat<\/td>\r\n<\/tr>\r\n<tr>\r\n<td width=\"230\">Webov\u00e9 str\u00e1nky<\/td>\r\n<td width=\"230\"><a href=\"\/reg\/xm-cs\">www.xm.com\/cz<\/a><\/td>\r\n<\/tr>\r\n<\/tbody>\r\n<\/table>\r\n&nbsp;\r\n\r\n<center><a class=\"open\" href=\"\/reg-cs\/xm\" target=\"_blank\" rel=\"nofollow noopener noreferrer\">Nav\u0161tivte str\u00e1nky XM<\/a><\/center>\r\n<div id=\"platform\" class=\"retitle\">\r\n<h4>Platforma <span class=\"score\"> 10\/10 <img decoding=\"async\" class=\"usr lazyload\" data-src=\"https:\/\/www.realforexreviews.com\/wp-content\/plugins\/universal-star-rating\/includes\/image.php?img=06.png&amp;px=20&amp;max=5&amp;rat=5\" alt=\"5 out of 5 stars\" style=\"height: 20px !important;\" src=\"data:image\/svg+xml;base64,PHN2ZyB3aWR0aD0iMSIgaGVpZ2h0PSIxIiB4bWxucz0iaHR0cDovL3d3dy53My5vcmcvMjAwMC9zdmciPjwvc3ZnPg==\" \/><\/span><\/h4>\r\n<\/div>\r\nXM nab\u00edz\u00ed celou \u0159adu MetraTrader 4 platforem. Tyto si m\u016f\u017eete instalovat do sv\u00e9ho po\u010d\u00edta\u010de nebo mobiln\u00edho telefonu, p\u0159\u00edpadn\u011b se k nim p\u0159ipojit prost\u0159ednictv\u00edm webov\u00e9ho prohl\u00ed\u017ee\u010de. D\u00edky XM tak budete moct obchodovat, a\u0165 ji\u017e m\u00e1te k dispozici prakticky jak\u00e9koliv za\u0159\u00edzen\u00ed.\r\n<div class=\"retitle\">\r\n<h4>Design <span class=\"score\"> 10\/10 <img decoding=\"async\" class=\"usr lazyload\" data-src=\"https:\/\/www.realforexreviews.com\/wp-content\/plugins\/universal-star-rating\/includes\/image.php?img=06.png&amp;px=20&amp;max=5&amp;rat=5\" alt=\"5 out of 5 stars\" style=\"height: 20px !important;\" src=\"data:image\/svg+xml;base64,PHN2ZyB3aWR0aD0iMSIgaGVpZ2h0PSIxIiB4bWxucz0iaHR0cDovL3d3dy53My5vcmcvMjAwMC9zdmciPjwvc3ZnPg==\" \/><\/span><\/h4>\r\n<\/div>\r\nVe\u0161ker\u00e9 platformy se vyzna\u010duj\u00ed organizovan\u00fdm rozvr\u017een\u00edm a neobt\u011b\u017euj\u00ed nep\u0159ehledn\u00fdmi menu \u010di sekcemi.\r\n\r\n<div style=\"width: 1287px\" class=\"wp-caption aligncenter\"><a href=\"\/reg\/plus500-cs\"><img decoding=\"async\" class=\"size-full lazyload\" data-src=\"https:\/\/www.realforexreviews.com\/wp-content\/images\/reviews\/xm_cs\/pic1.jpg\" alt=\"XM platforma\" width=\"1277\" height=\"856\" src=\"data:image\/svg+xml;base64,PHN2ZyB3aWR0aD0iMSIgaGVpZ2h0PSIxIiB4bWxucz0iaHR0cDovL3d3dy53My5vcmcvMjAwMC9zdmciPjwvc3ZnPg==\" style=\"--smush-placeholder-width: 1277px; --smush-placeholder-aspect-ratio: 1277\/856;\" \/><\/a><p class=\"wp-caption-text\">XM platforma<\/p><\/div>\r\n\r\n<div class=\"retitle\">\r\n<h4>Minim\u00e1ln\u00ed vklad<span class=\"score\"> 10\/10 <img decoding=\"async\" class=\"usr lazyload\" data-src=\"https:\/\/www.realforexreviews.com\/wp-content\/plugins\/universal-star-rating\/includes\/image.php?img=06.png&amp;px=20&amp;max=5&amp;rat=5\" alt=\"5 out of 5 stars\" style=\"height: 20px !important;\" src=\"data:image\/svg+xml;base64,PHN2ZyB3aWR0aD0iMSIgaGVpZ2h0PSIxIiB4bWxucz0iaHR0cDovL3d3dy53My5vcmcvMjAwMC9zdmciPjwvc3ZnPg==\" \/><\/span><\/h4>\r\n<\/div>\r\nZa\u010d\u00edt obchodovat m\u016f\u017eete ji\u017e d\u00edky po\u010d\u00e1te\u010dn\u00edmu vkladu ve v\u00fd\u0161i \u20ac5, co\u017e je v porovn\u00e1n\u00ed s konkuren\u010dn\u00edmi n\u00e1klady vstupn\u00ed n\u00e1klad skute\u010dn\u011b minim\u00e1ln\u00ed.\r\n<div class=\"retitle\">\r\n<h4>Minim\u00e1ln\u00ed velikost lotu<span class=\"score\"> 10\/10 <img decoding=\"async\" class=\"usr lazyload\" data-src=\"https:\/\/www.realforexreviews.com\/wp-content\/plugins\/universal-star-rating\/includes\/image.php?img=06.png&amp;px=20&amp;max=5&amp;rat=5\" alt=\"5 out of 5 stars\" style=\"height: 20px !important;\" src=\"data:image\/svg+xml;base64,PHN2ZyB3aWR0aD0iMSIgaGVpZ2h0PSIxIiB4bWxucz0iaHR0cDovL3d3dy53My5vcmcvMjAwMC9zdmciPjwvc3ZnPg==\" \/><\/span><\/h4>\r\n<\/div>\r\nMinim\u00e1ln\u00ed velikost obchodovan\u00e9ho lotu \u010din\u00ed 0.01, co\u017e je zcela srovnateln\u00e9 s konkurenc\u00ed.\r\n<div class=\"retitle\">\r\n<h4>Obchodovateln\u00e1 aktiva<span class=\"score\"> 8\/10 <img decoding=\"async\" class=\"usr lazyload\" data-src=\"https:\/\/www.realforexreviews.com\/wp-content\/plugins\/universal-star-rating\/includes\/image.php?img=06.png&amp;px=20&amp;max=5&amp;rat=4\" alt=\"4 out of 5 stars\" style=\"height: 20px !important;\" src=\"data:image\/svg+xml;base64,PHN2ZyB3aWR0aD0iMSIgaGVpZ2h0PSIxIiB4bWxucz0iaHR0cDovL3d3dy53My5vcmcvMjAwMC9zdmciPjwvc3ZnPg==\" \/><\/span><\/h4>\r\n<\/div>\r\nNa v\u0161ech platform\u00e1ch je mo\u017en\u00e9 obchodovat s v\u00edce ne\u017e 300 n\u00e1stroji, co\u017e otev\u00edr\u00e1 pom\u011brn\u011b \u0161irok\u00e9 mno\u017estv\u00ed obchodn\u00edch p\u0159\u00edle\u017eitost\u00ed.\r\n\r\n<div style=\"width: 440px\" class=\"wp-caption aligncenter\"><a href=\"\/reg\/xm-cs\"><img decoding=\"async\" class=\"size-full lazyload\" data-src=\"https:\/\/www.realforexreviews.com\/wp-content\/images\/reviews\/xm_cs\/pic2.jpg\" alt=\"XM obchodovateln\u00e1 aktiva\" width=\"430\" height=\"516\" src=\"data:image\/svg+xml;base64,PHN2ZyB3aWR0aD0iMSIgaGVpZ2h0PSIxIiB4bWxucz0iaHR0cDovL3d3dy53My5vcmcvMjAwMC9zdmciPjwvc3ZnPg==\" style=\"--smush-placeholder-width: 430px; --smush-placeholder-aspect-ratio: 430\/516;\" \/><\/a><p class=\"wp-caption-text\">XM obchodovateln\u00e1 aktiva<\/p><\/div>\r\n\r\n<div id=\"spreads\" class=\"retitle\">\r\n<h4>Spready<span class=\"score\"> 10\/10 <img decoding=\"async\" class=\"usr lazyload\" data-src=\"https:\/\/www.realforexreviews.com\/wp-content\/plugins\/universal-star-rating\/includes\/image.php?img=06.png&amp;px=20&amp;max=5&amp;rat=5\" alt=\"5 out of 5 stars\" style=\"height: 20px !important;\" src=\"data:image\/svg+xml;base64,PHN2ZyB3aWR0aD0iMSIgaGVpZ2h0PSIxIiB4bWxucz0iaHR0cDovL3d3dy53My5vcmcvMjAwMC9zdmciPjwvc3ZnPg==\" \/><\/span><\/h4>\r\n<\/div>\r\nMezi jedny z p\u0159ednost\u00ed XM pat\u0159\u00ed jejich n\u00edzk\u00e9 spready, kter\u00e9 nap\u0159\u00edklad u m\u011bnov\u00e9ho p\u00e1ru EUR\/USD \u010din\u00ed pouze 0.00016 pip.\r\n<div class=\"retitle\">\r\n<h4>V\u00fdb\u011br prost\u0159edk\u016f<span class=\"score\"> 10\/10 <img decoding=\"async\" class=\"usr lazyload\" data-src=\"https:\/\/www.realforexreviews.com\/wp-content\/plugins\/universal-star-rating\/includes\/image.php?img=06.png&amp;px=20&amp;max=5&amp;rat=5\" alt=\"5 out of 5 stars\" style=\"height: 20px !important;\" src=\"data:image\/svg+xml;base64,PHN2ZyB3aWR0aD0iMSIgaGVpZ2h0PSIxIiB4bWxucz0iaHR0cDovL3d3dy53My5vcmcvMjAwMC9zdmciPjwvc3ZnPg==\" \/><\/span><\/h4>\r\n<\/div>\r\nPo\u017eadavky na v\u00fdb\u011br pen\u011bz jsou u ov\u011b\u0159en\u00fdch \u00fa\u010dtu zpracov\u00e1ny b\u011bhem 24 hodin. Stoj\u00ed v\u0161ak za podotknut\u00ed, \u017ee p\u0159i na\u0161em testu byl po\u017eadavek na v\u00fdb\u011br zpracov\u00e1n je\u0161t\u011b b\u011bhem t\u00e9ho\u017e dne.\r\n<div id=\"paymentmethod\" class=\"retitle\">\r\n<h4>Platebn\u00ed metody pro vklady a v\u00fdb\u011bry<span class=\"score\"> 10\/10 <img decoding=\"async\" class=\"usr lazyload\" data-src=\"https:\/\/www.realforexreviews.com\/wp-content\/plugins\/universal-star-rating\/includes\/image.php?img=06.png&amp;px=20&amp;max=5&amp;rat=5\" alt=\"5 out of 5 stars\" style=\"height: 20px !important;\" src=\"data:image\/svg+xml;base64,PHN2ZyB3aWR0aD0iMSIgaGVpZ2h0PSIxIiB4bWxucz0iaHR0cDovL3d3dy53My5vcmcvMjAwMC9zdmciPjwvc3ZnPg==\" \/><\/span><\/h4>\r\n<\/div>\r\nMezi podporovan\u00fdmi platebn\u00edmi metodami lze zm\u00ednit kreditn\u00ed karty, elektronick\u00e9 platby \u010di platby bankovn\u00edm p\u0159evodem.\r\n\r\n<div style=\"width: 1205px\" class=\"wp-caption aligncenter\"><a href=\"\/reg\/xm-cs\"><img decoding=\"async\" class=\"size-full lazyload\" data-src=\"https:\/\/www.realforexreviews.com\/wp-content\/images\/reviews\/xm_cs\/pic3.jpg\" alt=\"XM platebn\u00ed metody pro vklady a v\u00fdb\u011bry\" width=\"1195\" height=\"1837\" src=\"data:image\/svg+xml;base64,PHN2ZyB3aWR0aD0iMSIgaGVpZ2h0PSIxIiB4bWxucz0iaHR0cDovL3d3dy53My5vcmcvMjAwMC9zdmciPjwvc3ZnPg==\" style=\"--smush-placeholder-width: 1195px; --smush-placeholder-aspect-ratio: 1195\/1837;\" \/><\/a><p class=\"wp-caption-text\">XM platebn\u00ed metody pro vklady a v\u00fdb\u011bry<\/p><\/div>\r\n\r\n<div id=\"support\" class=\"retitle\">\r\n<h4>Podpora<span class=\"score\"> 9\/10 <img decoding=\"async\" class=\"usr lazyload\" data-src=\"https:\/\/www.realforexreviews.com\/wp-content\/plugins\/universal-star-rating\/includes\/image.php?img=06.png&amp;px=20&amp;max=5&amp;rat=4.5\" alt=\"4.5 out of 5 stars\" style=\"height: 20px !important;\" src=\"data:image\/svg+xml;base64,PHN2ZyB3aWR0aD0iMSIgaGVpZ2h0PSIxIiB4bWxucz0iaHR0cDovL3d3dy53My5vcmcvMjAwMC9zdmciPjwvc3ZnPg==\" \/><\/span><\/h4>\r\n<\/div>\r\nXM je mo\u017en\u00e9 kontaktovat telefonicky, emailem nebo pomoc\u00ed live chatu; za zm\u00ednku stoj\u00ed rovn\u011b\u017e jejich \u010desky mluv\u00edc\u00ed pracovn\u00edci. Odpov\u011bdi lze obecn\u011b ozna\u010dit rychl\u00e9 a v\u011bcn\u00e9.\r\n\r\n<div style=\"width: 1267px\" class=\"wp-caption aligncenter\"><a href=\"\/reg\/xm-cs\"><img decoding=\"async\" class=\"size-full lazyload\" data-src=\"https:\/\/www.realforexreviews.com\/wp-content\/images\/reviews\/xm_cs\/pic4.jpg\" alt=\"XM podpora\" width=\"1257\" height=\"2089\" src=\"data:image\/svg+xml;base64,PHN2ZyB3aWR0aD0iMSIgaGVpZ2h0PSIxIiB4bWxucz0iaHR0cDovL3d3dy53My5vcmcvMjAwMC9zdmciPjwvc3ZnPg==\" style=\"--smush-placeholder-width: 1257px; --smush-placeholder-aspect-ratio: 1257\/2089;\" \/><\/a><p class=\"wp-caption-text\">XM podpora<\/p><\/div>\r\n\r\n<div class=\"retitle\">\r\n<h4>P\u0159esnost nab\u00eddkov\u00fdch cen<span class=\"score\"> 10\/10 <img decoding=\"async\" class=\"usr lazyload\" data-src=\"https:\/\/www.realforexreviews.com\/wp-content\/plugins\/universal-star-rating\/includes\/image.php?img=06.png&amp;px=20&amp;max=5&amp;rat=5\" alt=\"5 out of 5 stars\" style=\"height: 20px !important;\" src=\"data:image\/svg+xml;base64,PHN2ZyB3aWR0aD0iMSIgaGVpZ2h0PSIxIiB4bWxucz0iaHR0cDovL3d3dy53My5vcmcvMjAwMC9zdmciPjwvc3ZnPg==\" \/><\/span><\/h4>\r\n<\/div>\r\nPlatformy jsme podrobili hned n\u011bkolika test\u016fm, p\u0159i\u010dem\u017e u \u017e\u00e1dn\u00e9ho z nich jsme nezaznamenali zpo\u017ed\u011bn\u00ed \u010di manipulaci s tr\u017en\u00edmi cenami \u2013 tj. rozhodn\u011b dobr\u00e1 zpr\u00e1va.\r\n<div class=\"retitle\">\r\n<h4>Reputace<span class=\"score\"> 10\/10 <img decoding=\"async\" class=\"usr lazyload\" data-src=\"https:\/\/www.realforexreviews.com\/wp-content\/plugins\/universal-star-rating\/includes\/image.php?img=06.png&amp;px=20&amp;max=5&amp;rat=5\" alt=\"5 out of 5 stars\" style=\"height: 20px !important;\" src=\"data:image\/svg+xml;base64,PHN2ZyB3aWR0aD0iMSIgaGVpZ2h0PSIxIiB4bWxucz0iaHR0cDovL3d3dy53My5vcmcvMjAwMC9zdmciPjwvc3ZnPg==\" \/><\/span><\/h4>\r\n<\/div>\r\nKrom\u011b v\u00fdhody regulace lze zm\u00ednit, \u017ee se n\u00e1m p\u0159i na\u0161em pr\u016fzkumu poda\u0159ilo zjistit, \u017ee je XM obl\u00edbenou volbou cel\u00e9 \u0159ady obchodn\u00edk\u016f z \u010cesk\u00e9 republiky.[\/vc_column_text][\/vc_column][\/vc_row][vc_row][vc_column][vc_column_text]\r\n<table width=\"100%\">\r\n<tbody>\r\n<tr>\r\n<td style=\"background-image:inherit; background-repeat: no-repeat; background-position: left;\" height=\"200\" data-bg-image=\"url(&#039;https:\/\/www.realforexreviews.com\/wp-content\/smush-webp\/2020\/03\/trading-background2.jpg.webp&#039;)\" class=\"lazyload\"><img decoding=\"async\" data-src=\"\/wp-content\/images\/header\/xm.png\" alt=\"xm logo\" src=\"data:image\/svg+xml;base64,PHN2ZyB3aWR0aD0iMSIgaGVpZ2h0PSIxIiB4bWxucz0iaHR0cDovL3d3dy53My5vcmcvMjAwMC9zdmciPjwvc3ZnPg==\" class=\"lazyload\" style=\"--smush-placeholder-width: 150px; --smush-placeholder-aspect-ratio: 150\/40;\" \/><\/td>\r\n<\/tr>\r\n<tr>\r\n<td style=\"text-align: left; padding: 0px 30px 30px 30px; background-color: #f3f3f3;\">\r\n<div id=\"conclusion\" class=\"retitle\">\r\n<h4>Shrnuti<span class=\"score\"> 9.2\/10 <img decoding=\"async\" class=\"usr lazyload\" data-src=\"https:\/\/www.realforexreviews.com\/wp-content\/plugins\/universal-star-rating\/includes\/image.php?img=06.png&amp;px=20&amp;max=5&amp;rat=4.6\" alt=\"4.6 out of 5 stars\" style=\"height: 20px !important;\" src=\"data:image\/svg+xml;base64,PHN2ZyB3aWR0aD0iMSIgaGVpZ2h0PSIxIiB4bWxucz0iaHR0cDovL3d3dy53My5vcmcvMjAwMC9zdmciPjwvc3ZnPg==\" \/><\/span><\/h4>\r\n<\/div>\r\nExistuje hned n\u011bkolik p\u00e1dn\u00fdch d\u016fvod\u016f pro to, pro\u010d jsme XM za\u0159adili mezi doporu\u010dovan\u00e9 brokery. Mezi hlavn\u00edmi p\u0159ednostmi lze zm\u00ednit \u0161irokou nab\u00eddkou obchodovateln\u00fdch n\u00e1stroj\u016f, v\u00fdb\u011br online obchodn\u00edch platforem, rychl\u00e9 zpracov\u00e1n\u00ed v\u00fdb\u011br\u016f, velmi flexibiln\u00ed obchodn\u00ed podm\u00ednky a prvot\u0159\u00eddn\u00ed z\u00e1kaznickou podporu \u2013 pr\u00e1v\u011b z t\u011bchto d\u016fvod\u016f m\u00e1me za to, \u017ee je XM z ohledu jak\u00e9hokoliv forexov\u00e9ho \u010di CFD obchodn\u00edka tou spr\u00e1vnou volbou.\r\n\r\n&nbsp;\r\n\r\n<center><a class=\"open\" href=\"\/reg\/xm-cs\" target=\"_blank\" rel=\"nofollow noopener noreferrer\">Nav\u0161tivte str\u00e1nky XM<\/a><\/center><\/td>\r\n<\/tr>\r\n<\/tbody>\r\n<\/table>\r\n[\/vc_column_text][\/vc_column][\/vc_row][vc_row][vc_column][vc_column_text]\r\n\r\n<center><a href=\"https:\/\/clicks.pipaffiliates.com\/c?m=8521&amp;c=547167\"><img fetchpriority=\"high\" decoding=\"async\" src=\"https:\/\/ads.pipaffiliates.com\/i\/8521?c=547167\" alt=\"XM banner\" width=\"728\" height=\"90\" \/><\/a><\/center>[\/vc_column_text][\/vc_column][\/vc_row][vc_row][vc_column][vc_raw_html]JTNDaWZyYW1lJTIwc3R5bGUlM0QlMjJ2aXNpYmlsaXR5JTNBJTIwaGlkZGVuJTNCJTIyJTIwc3JjJTNEJTIyaHR0cHMlM0ElMkYlMkZjbGlja3MucGlwYWZmaWxpYXRlcy5jb20lMkZjJTNGYyUzRDI1NzcxNCUyNmwlM0RjcyUyNnAlM0QwJTIyJTIwd2lkdGglM0QlMjIxJTIyJTIwaGVpZ2h0JTNEJTIyMSUyMiUzRSUzQyUyRmlmcmFtZSUzRQ==[\/vc_raw_html][\/vc_column][\/vc_row]\r\n\r\n<\/div>","protected":false},"excerpt":{"rendered":"[vc_row][vc_column][vc_column_text] [\/vc_column_text][vc_column_text] \u00davod nebo P\u0159esko\u010dit obsah a p\u0159e\u010d\u00edst si shrnut\u00ed! XM je oce\u0148ovan\u00fdm brokerem zejm\u00e9na d\u00edky \u0161irok\u00e9 nab\u00eddce MT4 platformy dostupn\u00e9 pro mnoha za\u0159\u00edzen\u00ed. Je obchodov\u00e1n\u00ed jejich prost\u0159ednictv\u00edm tou spr\u00e1vnou volbou? To se dozv\u00edte v na\u0161\u00ed recenzi. P\u0159ehled XM Zalo\u017eeno 2009 Platforma MT4 pro PC, MT4 pro MAC, MT4 Multiterminal, MT4 WebTrader, MT5 pro PC, [&hellip;]","protected":false},"author":57,"featured_media":52583,"parent":6796,"menu_order":0,"comment_status":"open","ping_status":"closed","template":"","meta":{"_acf_changed":false,"footnotes":""},"class_list":["post-7083","page","type-page","status-publish","has-post-thumbnail","hentry"],"acf":[],"aioseo_notices":[],"_links":{"self":[{"href":"https:\/\/www.realforexreviews.com\/cs\/wp-json\/wp\/v2\/pages\/7083","targetHints":{"allow":["GET"]}}],"collection":[{"href":"https:\/\/www.realforexreviews.com\/cs\/wp-json\/wp\/v2\/pages"}],"about":[{"href":"https:\/\/www.realforexreviews.com\/cs\/wp-json\/wp\/v2\/types\/page"}],"author":[{"embeddable":true,"href":"https:\/\/www.realforexreviews.com\/cs\/wp-json\/wp\/v2\/users\/57"}],"replies":[{"embeddable":true,"href":"https:\/\/www.realforexreviews.com\/cs\/wp-json\/wp\/v2\/comments?post=7083"}],"version-history":[{"count":12,"href":"https:\/\/www.realforexreviews.com\/cs\/wp-json\/wp\/v2\/pages\/7083\/revisions"}],"predecessor-version":[{"id":70916,"href":"https:\/\/www.realforexreviews.com\/cs\/wp-json\/wp\/v2\/pages\/7083\/revisions\/70916"}],"up":[{"embeddable":true,"href":"https:\/\/www.realforexreviews.com\/cs\/wp-json\/wp\/v2\/pages\/6796"}],"wp:featuredmedia":[{"embeddable":true,"href":"https:\/\/www.realforexreviews.com\/cs\/wp-json\/wp\/v2\/media\/52583"}],"wp:attachment":[{"href":"https:\/\/www.realforexreviews.com\/cs\/wp-json\/wp\/v2\/media?parent=7083"}],"curies":[{"name":"wp","href":"https:\/\/api.w.org\/{rel}","templated":true}]}}