{"id":259,"date":"2020-05-25T12:14:28","date_gmt":"2020-05-25T12:14:28","guid":{"rendered":"https:\/\/new.realforexreviews.com\/?page_id=259"},"modified":"2020-12-22T11:35:49","modified_gmt":"2020-12-22T11:35:49","slug":"avatrade","status":"publish","type":"page","link":"https:\/\/www.realforexreviews.com\/de\/makler-bewertungen\/avatrade","title":{"rendered":"Betrachtung des Brokers AvaTrade 2021"},"content":{"rendered":"[vc_row][vc_column][vc_column_text]\r\n<center><a href=\"http:\/\/www.avatrade.de\/lp\/bitcoin-v3?tag=51164&#038;tag2=~banner_17069\" target=\"_blank\" rel=\"nofollow noopener noreferrer\"><img decoding=\"async\" data-src=\"https:\/\/media.avapartner.com\/banners\/p852179643.gif?tag=51164&#038;tag2=~banner_17069\" border=0 width=\"468\" height=\"60\" alt=\"AvaTrade banner\" src=\"data:image\/svg+xml;base64,PHN2ZyB3aWR0aD0iMSIgaGVpZ2h0PSIxIiB4bWxucz0iaHR0cDovL3d3dy53My5vcmcvMjAwMC9zdmciPjwvc3ZnPg==\" class=\"lazyload\" style=\"--smush-placeholder-width: 468px; --smush-placeholder-aspect-ratio: 468\/60;\" \/><\/a><\/center>\r\n\r\n&nbsp;\r\n\r\n<script src=\"https:\/\/code.jquery.com\/jquery-3.4.1.js\"integrity=\"sha256-WpOohJOqMqqyKL9FccASB9O0KwACQJpFTUBLTYOVvVU=\"crossorigin=\"anonymous\"><\/script>\r\n<script src=\"https:\/\/www.realforexreviews.com\/ava.js\"><\/script>\r\n\r\n<center><font size=\"4\"><strong>Anmeldung mit kostenlos!<\/strong><\/font><\/center>\r\n\r\n<center><div id=\"avaWidgetContainer\" style=\"width: 350px;\"><\/div><\/center>\r\n\r\n<div id=\"end\" class=\"retitle\">\r\n<h4>Einf\u00fchrung <a class=\"readbottomline\" href=\"#conclusion\">oder Inhalt \u00fcberspringen und Lesen unter dem Strich!<\/a><\/h4>\r\n<\/div>\r\n\r\nAvaTrade wurde 2006 gegr\u00fcndet und ist als einer der f\u00fchrenden online Forex-Broker mit \u00fcber 1,5 Millionen Handel pro Monat bekannt.\r\n\r\nDer Broker bietet eine gesch\u00fctzte Handelsplattform, die dazu entwickelt worden ist, dem Benutzer die ultimative online Handelserfahrung zu bieten.\r\n\r\nDie Ziele sind sehr hoch, aber die Frage ist, sind sie auch erreichbar?\r\n\r\n&nbsp;\r\n\r\n<table class=\"shadow\" border=\"1\" width=\"70%\" cellspacing=\"0\" cellpadding=\"5\" align=\"center\">\r\n<tbody>\r\n<tr>\r\n<td style=\"background: #336181 none repeat scroll 0% 0%; border-top-left-radius: 10px; border-top-right-radius: 10px; border: 1px solid #fff;\" colspan=\"2\" valign=\"top\"><center><span style=\"color: #fff;\"><strong>AvaTrade \u00dcbersicht<\/strong><\/span><\/center><\/td>\r\n<\/tr>\r\n<tr>\r\n<td width=\"230\">Gegr\u00fcndet<\/td>\r\n<td width=\"230\">2006<\/td>\r\n<\/tr>\r\n<tr>\r\n<td width=\"230\">Plattform<\/td>\r\n<td width=\"230\">Automatisiertes Handeln, AVAOptions, AvaTrader, Mac Trading, MetaTrader 4, Mobiles Handeln, MT4 Floating Spreads und Web Handeln<\/td>\r\n<\/tr>\r\n<tr>\r\n<td width=\"230\">Mindestkontogr\u00f6\u00dfe<\/td>\r\n<td width=\"230\">\u20ac250<\/td>\r\n<\/tr>\r\n<tr>\r\n<td width=\"230\">Mindestlotgr\u00f6\u00dfe<\/td>\r\n<td width=\"230\">0.01<\/td>\r\n<\/tr>\r\n<tr>\r\n<td width=\"230\">Handelbare Assets<\/td>\r\n<td width=\"230\">250+<\/td>\r\n<\/tr>\r\n<tr>\r\n<td width=\"230\">Maximalgewinn<\/td>\r\n<td width=\"230\">1:400<\/td>\r\n<\/tr>\r\n<tr>\r\n<td width=\"230\">Spread auf EUR\/USD<\/td>\r\n<td width=\"230\">1.50 pips (floating spreads) \/ 1.90 pips (fixe spreads) <\/td>\r\n<\/tr>\r\n<tr>\r\n<td width=\"230\">Zahlungsmethoden<\/td>\r\n<td width=\"230\">Kredit-\/Debitkarte, Bank\u00fcberweisung und E-Zahlungsmethoden<\/td>\r\n<\/tr>\r\n<tr>\r\n<td width=\"230\">Demokonto<\/td>\r\n<td width=\"230\">Ja<\/td>\r\n<\/tr>\r\n<tr>\r\n<td width=\"230\">Akzeptiert deutsche H\u00e4ndler<\/td>\r\n<td width=\"230\">Ja<\/td>\r\n<\/tr>\r\n<tr>\r\n<td width=\"230\">Reguliert<\/td>\r\n<td width=\"230\">CBI (EU), ASIC (Australien), FSC (BVI), FSA (Japan)<\/td>\r\n<\/tr>\r\n<tr>\r\n<td width=\"230\">Hilfe<\/td>\r\n<td width=\"230\">Telefon, E-Mail, Live Chat<\/td>\r\n<\/tr>\r\n<td width=\"230\">Webseite<\/td>\r\n<td width=\"230\"><a href=\"\/regDE\/avatrade\">www.avatrade.de<\/a><\/td>\r\n<\/tr>\r\n<\/tbody>\r\n<\/table>\r\n<p>&nbsp;<\/p>\r\n<center><a class=\"open\" href=\"\/regDE\/avatrade\" target=\"_blank\" rel=\"nofollow noopener noreferrer\">Besuchen Sie die Seite<\/a><\/center>\r\n\r\n<div id=\"platform\" class=\"retitle\">\r\n<h4>Plattformen<span class=\"score\"> 9.1\/10 <img decoding=\"async\" class=\"usr lazyload\" data-src=\"https:\/\/www.realforexreviews.com\/wp-content\/plugins\/universal-star-rating\/includes\/image.php?img=06.png&amp;px=20&amp;max=5&amp;rat=4.6\" alt=\"4.6 out of 5 stars\" style=\"height: 20px !important;\" src=\"data:image\/svg+xml;base64,PHN2ZyB3aWR0aD0iMSIgaGVpZ2h0PSIxIiB4bWxucz0iaHR0cDovL3d3dy53My5vcmcvMjAwMC9zdmciPjwvc3ZnPg==\" \/><\/span><\/h4>\r\n<\/div>\r\n\r\nAvaTrade bietet eine Auswahl an Handelsplattformen, wie den beliebten MetaTrader 4 und ihre eigene Plattform zum Herunterladen, AvaTrader, die fortgeschrittene Diagramme und mehrere live News-Feeds zeigen.\r\n\r\n\r\nDie MT4 muss nicht weiter erkl\u00e4rt werden, da sie in dieser Industrie als Standard angesehen wird und auch f\u00fcr Anf\u00e4nger sehr flexibel ist.\r\n\r\nDer Broker bietet au\u00dferdem Webtrader, in mobiles sowie ein automatisiertes Handelssystem, einschlie\u00dflich MirrorTrader und ZuluTrade, die die Handel von fortgeschrittenen H\u00e4ndlern nachbilden, auch wenn der H\u00e4ndler nicht da ist.\r\n\r\n<strong>Dadurch erh\u00e4lt AvaTrade f\u00fcr die Plattform 9.1 Punkten.<\/strong>\r\n\r\n<div class=\"retitle\">\r\n<h4>Design<span class=\"score\"> 10\/10 <img decoding=\"async\" class=\"usr lazyload\" data-src=\"https:\/\/www.realforexreviews.com\/wp-content\/plugins\/universal-star-rating\/includes\/image.php?img=06.png&amp;px=20&amp;max=5&amp;rat=5\" alt=\"5 out of 5 stars\" style=\"height: 20px !important;\" src=\"data:image\/svg+xml;base64,PHN2ZyB3aWR0aD0iMSIgaGVpZ2h0PSIxIiB4bWxucz0iaHR0cDovL3d3dy53My5vcmcvMjAwMC9zdmciPjwvc3ZnPg==\" \/><\/span><\/h4>\r\n<\/div>\r\n\r\nAvaTrade leistete gro\u00dfartige Arbeit beim Erstellen der Plattform.\r\n\r\nZuerst sieht die Schnittstelle ein bisschen einsch\u00fcchternd aus, besonders f\u00fcr diejenigen, die die Plattform noch nicht verwendet haben.\r\n\r\nNach einiger Zeit realisieren Sie, dass es eine gut organisierte und sehr benutzerfreundliche Plattform ist.\r\n\r\nEs ist einfach, die offenen Positionen, Preise, Diagramme und alles andere, was erforderlich ist, auf dem gesamten Bildschirm zu sehen.\r\n\r\nAlle erforderlichen Elemente wurden sehr gut organisiert.\r\n\r\nAu\u00dferdem hat mir gefallen, dass die Ladezeiten schneller sind, obwohl es einige Zus\u00e4tze gab, die das Gesamtdesign verbessern. <strong>Aus diesem Grund erh\u00e4lt das Design 10 Punkten<\/strong>.\r\n\r\n<div style=\"width: 1288px\" class=\"wp-caption aligncenter\"><a href=\"\/regDE\/avatrade\"><img fetchpriority=\"high\" decoding=\"async\" src=\"\/wp-content\/images\/reviews\/avatrade\/pic1.jpg\" width=\"1278\" height=\"819\" alt=\"AvaTrade plattform\" class=\"size-full\" \/><\/a><p class=\"wp-caption-text\">AvaTrade plattform<\/p><\/div>\r\n\r\n<div class=\"retitle\">\r\n<h4>Mindesteinlage<span class=\"score\"> 7\/10 <img decoding=\"async\" class=\"usr lazyload\" data-src=\"https:\/\/www.realforexreviews.com\/wp-content\/plugins\/universal-star-rating\/includes\/image.php?img=06.png&amp;px=20&amp;max=5&amp;rat=3.5\" alt=\"3.5 out of 5 stars\" style=\"height: 20px !important;\" src=\"data:image\/svg+xml;base64,PHN2ZyB3aWR0aD0iMSIgaGVpZ2h0PSIxIiB4bWxucz0iaHR0cDovL3d3dy53My5vcmcvMjAwMC9zdmciPjwvc3ZnPg==\" \/><\/span><\/h4>\r\n<\/div>\r\n\r\nAvaTrade erfordert nur eine Mindesteinzahlung von \u20ac250, was sehr niedrig ist, wenn man den Betrag mit den meisten anderen Brokern im Markt vergleicht.\r\n\r\nDas sind sehr gute Neuigkeiten f\u00fcr Anf\u00e4nger, da sie nicht mehr viel Kapital einzahlen m\u00fcssen.\r\n\r\nDadurch erh\u00e4lt <strong>AvaTrade f\u00fcr die Mindesteinzahlung 7 Punkten<\/strong>.\r\n\r\n<div class=\"retitle\">\r\n<h4>Mindestlotgr\u00f6\u00dfe<span class=\"score\"> 10\/10 <img decoding=\"async\" class=\"usr lazyload\" data-src=\"https:\/\/www.realforexreviews.com\/wp-content\/plugins\/universal-star-rating\/includes\/image.php?img=06.png&amp;px=20&amp;max=5&amp;rat=5\" alt=\"5 out of 5 stars\" style=\"height: 20px !important;\" src=\"data:image\/svg+xml;base64,PHN2ZyB3aWR0aD0iMSIgaGVpZ2h0PSIxIiB4bWxucz0iaHR0cDovL3d3dy53My5vcmcvMjAwMC9zdmciPjwvc3ZnPg==\" \/><\/span><\/h4>\r\n<\/div>\r\n\r\nDie Mindestlotgr\u00f6\u00dfe ist 0,01, was ideal f\u00fcr kleine Investoren ist, die lieber weniger investieren.\r\n\r\nEin weiterer Vorteil ist, dass somit das Risiko f\u00fcr den H\u00e4ndler gesenkt wird. <strong>Deshalb erh\u00e4lt AvaTrade 10 Punkte<\/strong>.\r\n\r\n<div class=\"retitle\">\r\n<h4>Handelbare Wertpapiere<span class=\"score\"> 8.9\/10 <img decoding=\"async\" class=\"usr lazyload\" data-src=\"https:\/\/www.realforexreviews.com\/wp-content\/plugins\/universal-star-rating\/includes\/image.php?img=06.png&amp;px=20&amp;max=5&amp;rat=4.5\" alt=\"4.5 out of 5 stars\" style=\"height: 20px !important;\" src=\"data:image\/svg+xml;base64,PHN2ZyB3aWR0aD0iMSIgaGVpZ2h0PSIxIiB4bWxucz0iaHR0cDovL3d3dy53My5vcmcvMjAwMC9zdmciPjwvc3ZnPg==\" \/><\/span><\/h4>\r\n<\/div>\r\n\r\nWenn Sie einen Broker haben, der eine breite Palette an Assets bedeckt, ist das sicherlich ein Vorteil, da so die Chance h\u00f6her ist, zu profitieren.\r\n\r\nAvaTrade bietet insgesamt 250 handelbare Assets.\r\n\r\nObwohl das im Vergleich zu anderen Brokern wenig ist, liegt der gr\u00f6\u00dfte Vorteil darin, dass der Broker einer der wenigen ist, der das Handeln von Bitcoin, Ethereum, Ripple, Bitcoin Cash, Litecoin, IOTA, DASH, NEO, Monero, Zcash und Qtum mit einem Hebel von bis zu 20:1 mit \u20ac8 Spread bei normalen Bedingungen erm\u00f6glicht.\r\n\r\nAus diesem Grund vergebe ich an <strong>AvaTrade f\u00fcr die handelbaren Assets 8.9 Punkte<\/strong>.\r\n\r\n<div style=\"width: 286px\" class=\"wp-caption aligncenter\"><a href=\"\/regDE\/avatrade\"><img decoding=\"async\" data-src=\"\/wp-content\/images\/reviews\/avatrade\/pic2.jpg\" width=\"276\" height=\"620\" alt=\"AvaTrade handelbare wertpapiere\" class=\"size-full lazyload\" src=\"data:image\/svg+xml;base64,PHN2ZyB3aWR0aD0iMSIgaGVpZ2h0PSIxIiB4bWxucz0iaHR0cDovL3d3dy53My5vcmcvMjAwMC9zdmciPjwvc3ZnPg==\" style=\"--smush-placeholder-width: 276px; --smush-placeholder-aspect-ratio: 276\/620;\" \/><\/a><p class=\"wp-caption-text\">AvaTrade handelbare wertpapiere<\/p><\/div>\r\n<center><a href=\"\/regDE\/avatrade\" class=\"open\" target=\"_blank\" rel=\"nofollow noopener noreferrer\">Webseite besuchen<\/a><\/center>\r\n\r\n<div class=\"retitle\">\r\n<h4>Spread<span class=\"score\"> 9.5\/10 <img decoding=\"async\" class=\"usr lazyload\" data-src=\"https:\/\/www.realforexreviews.com\/wp-content\/plugins\/universal-star-rating\/includes\/image.php?img=06.png&amp;px=20&amp;max=5&amp;rat=4.8\" alt=\"4.8 out of 5 stars\" style=\"height: 20px !important;\" src=\"data:image\/svg+xml;base64,PHN2ZyB3aWR0aD0iMSIgaGVpZ2h0PSIxIiB4bWxucz0iaHR0cDovL3d3dy53My5vcmcvMjAwMC9zdmciPjwvc3ZnPg==\" \/><\/span><\/h4>\r\n<\/div>\r\n\r\nMenschen handeln Forex aufgrund der guten Gewinne. Aus diesem Grund ist der Pip-Wert wichtig, da durch ihn berechnet wird, wie hoch der Gewinn oder Verlust eines Handels ist.\r\n\r\nDieser Broker fordert keine Kommission und bietet fixe und freie Spreads auf der verwendeten Plattform.\r\n\r\nF\u00fcr das W\u00e4hrungspaar EUR\/USD gibt es 1.9 Pips f\u00fcr fixe Spreads, was ein bisschen teurer ist als die typischen Spreads anderer Broker.\r\n\r\n<strong>Solch eine Rate verhilft diesen Broker zu einer Bewertung im Bereich Auszahlungen von 9.5<\/strong>.\r\n\r\n<p>&nbsp;<\/p><div style=\"float: right; width: 100%; height: auto; padding: 2em; background-color: #f6f7f8; margin: 0px 0px 0px 0px;\">\r\n\r\nAKTUALISIEREN: AvaTrade hat seine fixen, flexiblen und Optionsspreads um durchschnittlich 35% bei den Hauptw\u00e4hrungspaaren und um bis zu 50% bei anderen FX-Paaren gesenkt. \r\n\r\n<\/div>\r\n<p>&nbsp;<\/p>\r\n<div class=\"retitle\">\r\n<h4>Auszahlungszeit<span class=\"score\"> 9\/10 <img decoding=\"async\" class=\"usr lazyload\" data-src=\"https:\/\/www.realforexreviews.com\/wp-content\/plugins\/universal-star-rating\/includes\/image.php?img=06.png&amp;px=20&amp;max=5&amp;rat=4.5\" alt=\"4.5 out of 5 stars\" style=\"height: 20px !important;\" src=\"data:image\/svg+xml;base64,PHN2ZyB3aWR0aD0iMSIgaGVpZ2h0PSIxIiB4bWxucz0iaHR0cDovL3d3dy53My5vcmcvMjAwMC9zdmciPjwvc3ZnPg==\" \/><\/span><\/h4>\r\n<\/div>\r\n\r\nEin h\u00e4ufiger Fehler der meisten Broker ist, dass sie bei der Ausf\u00fchrung von Auszahlungen so lange brauchen.\r\n\r\nOft dauert es viele Tage, bis der Kunde sein Geld auf seinem Bankkonto sieht.\r\n\r\nBei AvaTrade dauert es nur 5 Werktage, bis die Auszahlungen bearbeitet werden.\r\n\r\n1 bis 2 Werktage dauert es, das eingesendete Auszahlungsformular zu verifizieren, bevor das Geld \u00fcberwiesen wird. Diese Geschwindigkeit liegt \u00fcber dem Standard.\r\n\r\n<strong>Gew\u00f6hnlicherweise dauert es l\u00e4nger und dieser Vorteil brachte dem Broker 9 Punkte<\/strong>.\r\n\r\n<div id=\"paymentmethod\" class=\"retitle\">\r\n<h4>Zahlungsmethodens<span class=\"score\"> 10\/10 <img decoding=\"async\" class=\"usr lazyload\" data-src=\"https:\/\/www.realforexreviews.com\/wp-content\/plugins\/universal-star-rating\/includes\/image.php?img=06.png&amp;px=20&amp;max=5&amp;rat=5\" alt=\"5 out of 5 stars\" style=\"height: 20px !important;\" src=\"data:image\/svg+xml;base64,PHN2ZyB3aWR0aD0iMSIgaGVpZ2h0PSIxIiB4bWxucz0iaHR0cDovL3d3dy53My5vcmcvMjAwMC9zdmciPjwvc3ZnPg==\" \/><\/span><\/h4>\r\n<\/div>\r\n\r\nEs kann Geld in das AvaTrade-Konto eingezahlt werden, indem verschiedene Kredit- und Debitkarten wie MasterCard und Visa, Bank\u00fcberweisungen und verschiedene E-Zahlungsmethoden, wie PayPal (au\u00dfer f\u00fcr EU-Kunden) verwendet werden.\r\n\r\nEs ist auch gut zu wissen, dass sie eine 256-bit SSL-Verschl\u00fcsselung auf der Webseite verwenden, was bedeutet, dass Sie sich keine Sorgen machen m\u00fcssen, ob Ihre Kreditkarteninformationen oder Ihre Identit\u00e4t gestohlen werden.\r\n\r\nDurch diese Sicherheit erh\u00e4lt der Broker im Bereich Einzahlungs- <strong>und Auszahlungsmethoden 10 Punkte<\/strong>.\r\n\r\n<div style=\"width: 754px\" class=\"wp-caption aligncenter\"><a href=\"\/regDE\/avatrade\"><img decoding=\"async\" data-src=\"\/wp-content\/images\/reviews\/avatrade\/pic3.jpg\" width=\"744\" height=\"1236\" alt=\"AvaTrade einzahlungs- und auszahlungsmethoden\" class=\"size-full lazyload\" src=\"data:image\/svg+xml;base64,PHN2ZyB3aWR0aD0iMSIgaGVpZ2h0PSIxIiB4bWxucz0iaHR0cDovL3d3dy53My5vcmcvMjAwMC9zdmciPjwvc3ZnPg==\" style=\"--smush-placeholder-width: 744px; --smush-placeholder-aspect-ratio: 744\/1236;\" \/><\/a><p class=\"wp-caption-text\">AvaTrade einzahlungs- und auszahlungsmethoden<\/p><\/div>\r\n\r\n<div class=\"retitle\">\r\n<h4>Kundendienst<span class=\"score\"> 9.4\/10 <img decoding=\"async\" class=\"usr lazyload\" data-src=\"https:\/\/www.realforexreviews.com\/wp-content\/plugins\/universal-star-rating\/includes\/image.php?img=06.png&amp;px=20&amp;max=5&amp;rat=4.7\" alt=\"4.7 out of 5 stars\" style=\"height: 20px !important;\" src=\"data:image\/svg+xml;base64,PHN2ZyB3aWR0aD0iMSIgaGVpZ2h0PSIxIiB4bWxucz0iaHR0cDovL3d3dy53My5vcmcvMjAwMC9zdmciPjwvc3ZnPg==\" \/><\/span><\/h4>\r\n<\/div>\r\n\r\nEs ist immer super, sich bei einem Broker zu registrieren, der zuverl\u00e4ssig und schnell hilft, da er als Rettungsleine dient, wenn Sie etwas falsch machen oder wenn Sie auf Ihre Fragen Antworten suchen. AvaTrade kann via Telefon, R\u00fcckruf, E-Mail und Live Chat.\r\n\r\nToll ist, dass die Antwortzeit im Vergleich zu anderen Forex-Brokern erstaunlich k\u00fcrzer ist.\r\n\r\nEs ist auch gut zu wissen, dass der Broker Ihnen einen pers\u00f6nlichen Kontomanager zuweist, damit jedes Problem und jede Frage sofort genau gel\u00f6st und beantwortet werden kann, da der Kontomanager den H\u00e4ndler kennt und die Transaktionen als Referenz nachverfolgen kann.\r\n\r\n<div style=\"width: 1248px\" class=\"wp-caption aligncenter\"><a href=\"\/regDE\/avatrade\"><img decoding=\"async\" data-src=\"\/wp-content\/images\/reviews\/avatrade\/pic4.jpg\" width=\"1238\" height=\"1673\" alt=\"AvaTrade kundendienst\" class=\"size-full lazyload\" src=\"data:image\/svg+xml;base64,PHN2ZyB3aWR0aD0iMSIgaGVpZ2h0PSIxIiB4bWxucz0iaHR0cDovL3d3dy53My5vcmcvMjAwMC9zdmciPjwvc3ZnPg==\" style=\"--smush-placeholder-width: 1238px; --smush-placeholder-aspect-ratio: 1238\/1673;\" \/><\/a><p class=\"wp-caption-text\">AvaTrade kundendienst<\/p><\/div>\r\n\r\nMeine Diskussion mit dem Live Chat Mitarbeiter Daniel war sehr gut, da ich viele n\u00fctzliche Details \u00fcber meine Fragen in Bezug auf Boni erhalten habe.\r\n\r\nAlle seiner Antworten waren geradeaus und er hat mir sogar einen Referenzlink geschickt.\r\n\r\nIch muss sagen, ich war wirklich beeindruckt, wie professionell und h\u00f6flich die Unterhaltung war. <strong>Aus diesem Grund erh\u00e4lt AvaTrade 9.4 Punkten.<\/strong>\r\n\r\n<div class=\"retitle\">\r\n<h4>Genauigkeit der Preise<span class=\"score\"> 9.5\/10 <img decoding=\"async\" class=\"usr lazyload\" data-src=\"https:\/\/www.realforexreviews.com\/wp-content\/plugins\/universal-star-rating\/includes\/image.php?img=06.png&amp;px=20&amp;max=5&amp;rat=4.8\" alt=\"4.8 out of 5 stars\" style=\"height: 20px !important;\" src=\"data:image\/svg+xml;base64,PHN2ZyB3aWR0aD0iMSIgaGVpZ2h0PSIxIiB4bWxucz0iaHR0cDovL3d3dy53My5vcmcvMjAwMC9zdmciPjwvc3ZnPg==\" \/><\/span><\/h4>\r\n<\/div>\r\n\r\nEine erneute Angabe ist das gr\u00f6\u00dfte Problem f\u00fcr Forex-H\u00e4ndler, da der Broker keinen Handel basierend auf den Preis, der urspr\u00fcnglich zu sehen war, ausf\u00fchren kann.\r\n\r\nGl\u00fccklicherweise gibt es bei AvaTrade keine erneuten Angaben und Verz\u00f6gerungen, was ein gro\u00dfer Vorteil f\u00fcr diejenigen ist, die in schnellen M\u00e4rkten handeln.\r\n\r\n<strong> Deshalb erh\u00e4lt dieser Broker f\u00fcr seine Genauigkeit der Angaben 9.5 Punkte<\/strong>.\r\n\r\n<div class=\"retitle\">\r\n<h4>Glaubw\u00fcrdigkeit<span class=\"score\"> 9.5\/10 <img decoding=\"async\" class=\"usr lazyload\" data-src=\"https:\/\/www.realforexreviews.com\/wp-content\/plugins\/universal-star-rating\/includes\/image.php?img=06.png&amp;px=20&amp;max=5&amp;rat=4.8\" alt=\"4.8 out of 5 stars\" style=\"height: 20px !important;\" src=\"data:image\/svg+xml;base64,PHN2ZyB3aWR0aD0iMSIgaGVpZ2h0PSIxIiB4bWxucz0iaHR0cDovL3d3dy53My5vcmcvMjAwMC9zdmciPjwvc3ZnPg==\" \/><\/span><\/h4>\r\n<\/div>\r\n\r\nAvaTrade gibt es nun schon seit 2006. Im Laufe der Zeit hat der Broker bis zum Zeitpunkt dieses Artikels \u00fcber 200.000 registrierte Benutzer.\r\n\r\nSie konnten au\u00dferdem eine Genehmigung zur vollen Regulierung von mehreren Finanzbeh\u00f6rden bekommen, wie der Australian Securities and Investments Commission in Australien, der Financial Futures Association and Commodities Futures Association of Japan, der Financial Services Commission and Central Bank of Ireland.\r\n\r\nAu\u00dferdem bekommt AvaTrade viele positive Kommentare von H\u00e4ndlern und wurde von vielen f\u00fcr die leichte Handelsumgebung, die viele Funktionalit\u00e4ten bietet, gelobt. Der Broker konnte seine gute Glaubw\u00fcrdigkeit beibehalten.\r\n\r\n<strong>Deshalb erh\u00e4lt er 9.5 m\u00f6glichen Punkten<\/strong>.\r\n\r\n&nbsp;\r\n<table width=\"100%\">\r\n<tbody>\r\n<tr>\r\n<td style=\"background-image:inherit; background-repeat: no-repeat; background-position: left;\" height=200 data-bg-image=\"url(&#039;https:\/\/www.realforexreviews.com\/wp-content\/smush-webp\/2020\/03\/trading-background2.jpg.webp&#039;)\" class=\"lazyload\"><img decoding=\"async\" data-src=\"\/wp-content\/images\/header\/avatrade.png\" alt=\"AvaTrade logo\" src=\"data:image\/svg+xml;base64,PHN2ZyB3aWR0aD0iMSIgaGVpZ2h0PSIxIiB4bWxucz0iaHR0cDovL3d3dy53My5vcmcvMjAwMC9zdmciPjwvc3ZnPg==\" class=\"lazyload\" style=\"--smush-placeholder-width: 150px; --smush-placeholder-aspect-ratio: 150\/40;\" \/><\/td>\r\n<\/tr>\r\n<tr>\r\n<td style=\"text-align: left; padding: 0px 30px 30px 30px; background-color: #f3f3f3;\">\r\n<div id=\"conclusion\" class=\"retitle\">\r\n<h4>Schlussfolgerung<span class=\"score\"> 9.3\/10 <img decoding=\"async\" class=\"usr lazyload\" data-src=\"https:\/\/www.realforexreviews.com\/wp-content\/plugins\/universal-star-rating\/includes\/image.php?img=06.png&amp;px=20&amp;max=5&amp;rat=4.7\" alt=\"4.7 out of 5 stars\" style=\"height: 20px !important;\" src=\"data:image\/svg+xml;base64,PHN2ZyB3aWR0aD0iMSIgaGVpZ2h0PSIxIiB4bWxucz0iaHR0cDovL3d3dy53My5vcmcvMjAwMC9zdmciPjwvc3ZnPg==\" \/><\/span><\/h4>\r\n<\/div>\r\n\r\nAvaTrade hat in der Welt des online Forex-Handels einen klaren Vorteil.\r\n\r\nDies kann darauf zur\u00fcckzuf\u00fchren sein, wie sie die Plattform auf die Perspektive des Benutzers erstellt haben.\r\n\r\nIm Vergleich zu den anderen Brokern, die einfach nur eine erweiterte Marke von Banken ist, konnte dieser Broker eine reiche Handelsumgebung schaffen, die f\u00fcr Forex-H\u00e4ndler ideal ist.\r\n\r\nAu\u00dferdem hat der Broker noch einen guten Ruf und einen guten Kundendienst, wodurch die h\u00f6chsten Standards erf\u00fcllt sind.\r\n\r\n<strong>AvaTrade ist der perfekte Broker f\u00fcr Forex-Handel.<\/strong>\r\n\r\n&nbsp;\r\n\r\n<center><a class=\"open\" href=\"\/regDE\/avatrade\" target=\"_blank\" rel=\"nofollow noopener noreferrer\">Besuchen Sie die Seite!<\/a><\/center><\/td>\r\n<\/tr>\r\n<\/tbody>\r\n<\/table>\r\n&nbsp;\r\n\r\n<center><a href=\"http:\/\/www.avatrade.de\/lp\/bitcoin-v3?tag=51164&#038;tag2=~banner_17069\" target=\"_blank\" rel=\"nofollow noopener noreferrer\"><img decoding=\"async\" data-src=\"https:\/\/media.avapartner.com\/banners\/p852179643.gif?tag=51164&#038;tag2=~banner_17069\" border=0 width=\"468\" height=\"60\" alt=\"AvaTrade banner\" src=\"data:image\/svg+xml;base64,PHN2ZyB3aWR0aD0iMSIgaGVpZ2h0PSIxIiB4bWxucz0iaHR0cDovL3d3dy53My5vcmcvMjAwMC9zdmciPjwvc3ZnPg==\" class=\"lazyload\" style=\"--smush-placeholder-width: 468px; --smush-placeholder-aspect-ratio: 468\/60;\" \/><\/a><\/center>\r\n\r\n&nbsp;\r\n\r\n[\/vc_column_text][\/vc_column][\/vc_row]\r\n\r\n","protected":false},"excerpt":{"rendered":"[vc_row][vc_column][vc_column_text] &nbsp; Anmeldung mit kostenlos! Einf\u00fchrung oder Inhalt \u00fcberspringen und Lesen unter dem Strich! AvaTrade wurde 2006 gegr\u00fcndet und ist als einer der f\u00fchrenden online Forex-Broker mit \u00fcber 1,5 Millionen Handel pro Monat bekannt. Der Broker bietet eine gesch\u00fctzte Handelsplattform, die dazu entwickelt worden ist, dem Benutzer die ultimative online Handelserfahrung zu bieten. Die Ziele [&hellip;]","protected":false},"author":57,"featured_media":52964,"parent":247,"menu_order":0,"comment_status":"open","ping_status":"closed","template":"","meta":{"_acf_changed":false,"footnotes":""},"class_list":["post-259","page","type-page","status-publish","has-post-thumbnail","hentry"],"acf":[],"aioseo_notices":[],"_links":{"self":[{"href":"https:\/\/www.realforexreviews.com\/de\/wp-json\/wp\/v2\/pages\/259","targetHints":{"allow":["GET"]}}],"collection":[{"href":"https:\/\/www.realforexreviews.com\/de\/wp-json\/wp\/v2\/pages"}],"about":[{"href":"https:\/\/www.realforexreviews.com\/de\/wp-json\/wp\/v2\/types\/page"}],"author":[{"embeddable":true,"href":"https:\/\/www.realforexreviews.com\/de\/wp-json\/wp\/v2\/users\/57"}],"replies":[{"embeddable":true,"href":"https:\/\/www.realforexreviews.com\/de\/wp-json\/wp\/v2\/comments?post=259"}],"version-history":[{"count":17,"href":"https:\/\/www.realforexreviews.com\/de\/wp-json\/wp\/v2\/pages\/259\/revisions"}],"predecessor-version":[{"id":70950,"href":"https:\/\/www.realforexreviews.com\/de\/wp-json\/wp\/v2\/pages\/259\/revisions\/70950"}],"up":[{"embeddable":true,"href":"https:\/\/www.realforexreviews.com\/de\/wp-json\/wp\/v2\/pages\/247"}],"wp:featuredmedia":[{"embeddable":true,"href":"https:\/\/www.realforexreviews.com\/de\/wp-json\/wp\/v2\/media\/52964"}],"wp:attachment":[{"href":"https:\/\/www.realforexreviews.com\/de\/wp-json\/wp\/v2\/media?parent=259"}],"curies":[{"name":"wp","href":"https:\/\/api.w.org\/{rel}","templated":true}]}}