{"id":264,"date":"2014-09-04T09:55:19","date_gmt":"2014-09-04T09:55:19","guid":{"rendered":"https:\/\/new.realforexreviews.com\/?page_id=264"},"modified":"2020-10-08T07:52:58","modified_gmt":"2020-10-08T07:52:58","slug":"wie-bewerten-wir","status":"publish","type":"page","link":"https:\/\/www.realforexreviews.com\/de\/wie-bewerten-wir","title":{"rendered":"Wie bewerten wir?"},"content":{"rendered":"[vc_row][vc_column][vc_column_text]\r\n\r\nHier sind die Parameter, die wir verwenden, um Ihnen eine echte und unvoreingenommene Bewertung eines Forex-Brokers zu bieten.\r\n\r\nWir aktualisieren unsere Punktevergabemethoden basierend auf den aktuellen Daten, die wir von diesen Brokern haben.\r\n\r\n[\/vc_column_text][vc_tta_accordion][vc_tta_section title=&#8220;Plattform&#8220; tab_id=&#8220;1602143175982-3f450ef8-4d36&#8243;][vc_column_text]\r\n\r\nDie Plattformen, die vom Broker angeboten werden, werden in Bezug auf Antwortverhalten und Qualit\u00e4t gepr\u00fcft. In die Bewertung laufen auch Handelsfeatures ein, einschlie\u00dflich der Hilfe f\u00fcr web-basiertes und mobiles Handeln.\r\n\r\n[\/vc_column_text][\/vc_tta_section][vc_tta_section title=&#8220;Design&#8220; tab_id=&#8220;1602143175995-fa0fdb44-4b94&#8243;][vc_column_text]\r\n\r\nWir sehen uns an, welche M\u00fchen sich der Broker gemacht hat, um eine sch\u00f6ne Schnittstelle zu erstellen. Dazu geh\u00f6rt das \u00dcberpr\u00fcfen, dass erforderliche Handelswerkzeuge gut zu finden sind und vom Kern der Schnittstelle aus leicht aufgerufen und verwendet werden k\u00f6nnen.\r\n\r\n[\/vc_column_text][\/vc_tta_section][vc_tta_section title=&#8220;Mindesteinzahlung&#8220; tab_id=&#8220;1602143180485-333d361b-247c&#8220;][vc_column_text]\r\n\r\nDie Mindestkontogr\u00f6\u00dfe wird bewertet, ob sie angemessen f\u00fcr H\u00e4ndler ist. Nat\u00fcrlich sind niedrige Gr\u00f6\u00dfen immer besser, aber wenn eine h\u00f6here Einzahlung viele zus\u00e4tzliche Features bringt, dann gleicht sie den hohen Betrag an Kapital, das zum Er\u00f6ffnen eines Kontos erforderlich war, wieder aus.\r\n\r\n[\/vc_column_text][\/vc_tta_section][vc_tta_section title=&#8220;Mindestlotgr\u00f6\u00dfe&#8220; tab_id=&#8220;1602143181736-57fcb4da-e557&#8243;][vc_column_text]\r\n\r\nDieser Faktor hat einen starken Einfluss auf die Risikoverwaltungsstrategie. Welche Lotgr\u00f6\u00dfe ideal f\u00fcr Sie ist, h\u00e4ngt von Ihrem Handelsstil ab. Eine kleine gr\u00f6\u00dfe ist gew\u00f6hnlicherweise besser, da Sie mehr Flexibilit\u00e4t beim Verwalten Ihrer Handel haben\r\n\r\n[\/vc_column_text][\/vc_tta_section][vc_tta_section title=&#8220;Handelbare Assets&#8220; tab_id=&#8220;1602143185243-1a5c0d05-d6dd&#8220;][vc_column_text]\r\n\r\nWir \u00fcberpr\u00fcfen nicht nur, ob der Broker viele Assets anbieten, sondern verifizieren auch, ob diese Assets f\u00fcr alle verschiedenen Handelstypen ausreichen und ob die Profitrate hoch ist. Es ist eigentlich das \u00dcberpr\u00fcfen von Qualit\u00e4t und Quantit\u00e4t.\r\n\r\n[\/vc_column_text][\/vc_tta_section][vc_tta_section title=&#8220;Auszahlungen&#8220; tab_id=&#8220;1602143186393-d5a577af-e834&#8243;][vc_column_text]\r\n\r\nMenschen handeln Forex, da sie Geld verdienen m\u00f6chten. Aus diesem Grund sehen wir uns den Pip-Wert an, der zu den besten Methoden geh\u00f6rt, zu berechnen, wie viel Sie profitieren oder verlieren, wenn Sie handeln. In unseren Bewertungen geben wir immer den Pip-Wert des W\u00e4hrungspaares EUR\/USD an.\r\n\r\n[\/vc_column_text][\/vc_tta_section][vc_tta_section title=&#8220;Auszahlungszeit&#8220; tab_id=&#8220;1602143187248-ab3ad51e-bafb&#8220;][vc_column_text]\r\n\r\nAuch die Zeit, wie lange der Broker braucht, bis Auszahlungen an die H\u00e4ndler \u00fcberwiesen worden sind, wird in unseren Bewertungen bewertet. Die meisten Broker versp\u00e4ten sich sehr bei der Durchf\u00fchrung von Auszahlungen. Deshalb ist es gut, vergleichen zu k\u00f6nnen, wie schnell ein bestimmter Broker bei den Auszahlungen ist.\r\n\r\n[\/vc_column_text][\/vc_tta_section][vc_tta_section title=&#8220;Einzahlungs- und Auszahlungsmethoden&#8220; tab_id=&#8220;1602143188047-0264e8f8-2605&#8243;][vc_column_text]\r\n\r\nEs ist wichtig, zu wissen, welche Zahlungsmethoden von welchem Broker angeboten werden, da die meisten Broker weltweit vertreten sind. So wird getestet, ob der H\u00e4ndler Probleme haben wird, Geld in sein Konto einzuzahlen.\r\n\r\n[\/vc_column_text][\/vc_tta_section][vc_tta_section title=&#8220;Kundendienst&#8220; tab_id=&#8220;1602143188955-9b45bfc5-52fd&#8220;][vc_column_text]\r\n\r\nDer Kundendienst wird nicht nur auf Geschwindigkeit und Qualit\u00e4t der Dienstleistung getestet, sondern auch auf ihre Verf\u00fcgbarkeit und wie er kontaktiert wird, da der Kundendienst f\u00fcr H\u00e4ndler die erste Anlaufstelle ist.\r\n\r\n[\/vc_column_text][\/vc_tta_section][vc_tta_section title=&#8220;Genauigkeit der Angaben&#8220; tab_id=&#8220;1602143485822-d507af76-45f6&#8243;][vc_column_text]\r\n\r\nDie Plattform wird getestet, um zu sehen, ob sie Echtzeitpreise zeigen und ob die H\u00e4ufigkeit von erneuten Angaben hoch ist. Falls es einen Unterschied zwischen dem angegeben Preis beim Kauf und dem Marktwert, wenn Ihr Handel den Broker erreicht, ist, gibt es eine Verz\u00f6gerung.\r\n\r\n[\/vc_column_text][\/vc_tta_section][vc_tta_section title=&#8220;Ruf&#8220; tab_id=&#8220;1602143513811-82fc9634-16fc&#8220;][vc_column_text]\r\n\r\nDer Hintergrund des Brokers wird \u00fcberpr\u00fcft und bewertet, um festzulegen, ob sie einen guten Ruf in der Industrie haben. Dies kann erm\u00f6glicht werden, indem sie die Rufanforderungen von den Finanzbeh\u00f6rden erf\u00fcllen, und ob das Feedback, das von echten H\u00e4ndlern kommt, positiv ist.\r\n\r\n[\/vc_column_text][\/vc_tta_section][\/vc_tta_accordion][\/vc_column][\/vc_row]","protected":false},"excerpt":{"rendered":"[vc_row][vc_column][vc_column_text] Hier sind die Parameter, die wir verwenden, um Ihnen eine echte und unvoreingenommene Bewertung eines Forex-Brokers zu bieten. Wir aktualisieren unsere Punktevergabemethoden basierend auf den aktuellen Daten, die wir von diesen Brokern haben. [\/vc_column_text][vc_tta_accordion][vc_tta_section title=&#8220;Plattform&#8220; tab_id=&#8220;1602143175982-3f450ef8-4d36&#8243;][vc_column_text] Die Plattformen, die vom Broker angeboten werden, werden in Bezug auf Antwortverhalten und Qualit\u00e4t gepr\u00fcft. In die Bewertung [&hellip;]","protected":false},"author":54,"featured_media":0,"parent":0,"menu_order":0,"comment_status":"open","ping_status":"closed","template":"","meta":{"_acf_changed":false,"footnotes":""},"class_list":["post-264","page","type-page","status-publish","hentry"],"acf":[],"aioseo_notices":[],"_links":{"self":[{"href":"https:\/\/www.realforexreviews.com\/de\/wp-json\/wp\/v2\/pages\/264","targetHints":{"allow":["GET"]}}],"collection":[{"href":"https:\/\/www.realforexreviews.com\/de\/wp-json\/wp\/v2\/pages"}],"about":[{"href":"https:\/\/www.realforexreviews.com\/de\/wp-json\/wp\/v2\/types\/page"}],"author":[{"embeddable":true,"href":"https:\/\/www.realforexreviews.com\/de\/wp-json\/wp\/v2\/users\/54"}],"replies":[{"embeddable":true,"href":"https:\/\/www.realforexreviews.com\/de\/wp-json\/wp\/v2\/comments?post=264"}],"version-history":[{"count":5,"href":"https:\/\/www.realforexreviews.com\/de\/wp-json\/wp\/v2\/pages\/264\/revisions"}],"predecessor-version":[{"id":66169,"href":"https:\/\/www.realforexreviews.com\/de\/wp-json\/wp\/v2\/pages\/264\/revisions\/66169"}],"wp:attachment":[{"href":"https:\/\/www.realforexreviews.com\/de\/wp-json\/wp\/v2\/media?parent=264"}],"curies":[{"name":"wp","href":"https:\/\/api.w.org\/{rel}","templated":true}]}}