{"id":266,"date":"2014-09-04T12:27:19","date_gmt":"2014-09-04T12:27:19","guid":{"rendered":"https:\/\/new.realforexreviews.com\/?page_id=266"},"modified":"2020-10-13T06:42:30","modified_gmt":"2020-10-13T06:42:30","slug":"kontakt","status":"publish","type":"page","link":"https:\/\/www.realforexreviews.com\/de\/kontakt","title":{"rendered":"Kontakt"},"content":{"rendered":"<p style=\"text-align: center;\">Wir sind jeden Tag f\u00fcr Sie da. Jederzeit. Reden wir \u00fcber effektive monet\u00e4re Richtungen, Profit und Handelsm\u00f6glichkeiten. Reden wir noch heute!<\/p>\n<p style=\"text-align: center;\"><\/p>\n\n<h2 style=\"text-align: center;\">realforexreviews@gmail.com<\/h2>","protected":false},"excerpt":{"rendered":"Wir sind jeden Tag f\u00fcr Sie da. Jederzeit. Reden wir \u00fcber effektive monet\u00e4re Richtungen, Profit und Handelsm\u00f6glichkeiten. Reden wir noch heute! realforexreviews@gmail.com","protected":false},"author":54,"featured_media":0,"parent":0,"menu_order":0,"comment_status":"closed","ping_status":"closed","template":"","meta":{"_acf_changed":false,"footnotes":""},"class_list":["post-266","page","type-page","status-publish","hentry"],"acf":[],"aioseo_notices":[],"_links":{"self":[{"href":"https:\/\/www.realforexreviews.com\/de\/wp-json\/wp\/v2\/pages\/266","targetHints":{"allow":["GET"]}}],"collection":[{"href":"https:\/\/www.realforexreviews.com\/de\/wp-json\/wp\/v2\/pages"}],"about":[{"href":"https:\/\/www.realforexreviews.com\/de\/wp-json\/wp\/v2\/types\/page"}],"author":[{"embeddable":true,"href":"https:\/\/www.realforexreviews.com\/de\/wp-json\/wp\/v2\/users\/54"}],"replies":[{"embeddable":true,"href":"https:\/\/www.realforexreviews.com\/de\/wp-json\/wp\/v2\/comments?post=266"}],"version-history":[{"count":1,"href":"https:\/\/www.realforexreviews.com\/de\/wp-json\/wp\/v2\/pages\/266\/revisions"}],"predecessor-version":[{"id":66413,"href":"https:\/\/www.realforexreviews.com\/de\/wp-json\/wp\/v2\/pages\/266\/revisions\/66413"}],"wp:attachment":[{"href":"https:\/\/www.realforexreviews.com\/de\/wp-json\/wp\/v2\/media?parent=266"}],"curies":[{"name":"wp","href":"https:\/\/api.w.org\/{rel}","templated":true}]}}