{"id":279,"date":"2014-09-14T13:12:08","date_gmt":"2014-09-14T13:12:08","guid":{"rendered":"https:\/\/new.realforexreviews.com\/?page_id=279"},"modified":"2022-07-05T13:32:45","modified_gmt":"2022-07-05T13:32:45","slug":"plus500","status":"publish","type":"page","link":"https:\/\/www.realforexreviews.com\/de\/plattformen\/plus500","title":{"rendered":"Plus500 Plattform Bewertung 2021"},"content":{"rendered":"<p>[vc_row][vc_column][vc_column_text]<\/p>\n<div class=\"retitle\">\n<h4>Visuelles<span class=\"score\"> 9\/10 <img decoding=\"async\" class=\"usr lazyload\" data-src=\"https:\/\/www.realforexreviews.com\/wp-content\/plugins\/universal-star-rating\/includes\/image.php?img=06.png&amp;px=20&amp;max=5&amp;rat=4.5\" alt=\"4.5 out of 5 stars\" style=\"height: 20px !important;\" src=\"data:image\/svg+xml;base64,PHN2ZyB3aWR0aD0iMSIgaGVpZ2h0PSIxIiB4bWxucz0iaHR0cDovL3d3dy53My5vcmcvMjAwMC9zdmciPjwvc3ZnPg==\" \/><\/span><\/h4>\n<\/div>\n<p>Die Benutzerschnittstelle zeigt nicht viele Grafiken, was aber ein gro\u00dfartiger Vorteil ist, denn so werden die H\u00e4ndler nicht so leicht abgelenkt.<\/p>\n<p>Au\u00dferdem gibt es keine Verz\u00f6gerungen auf der Plattform.<\/p>\n<p>Es ist nicht die visuell ansprechendste Plattform im Markt, aber das einfache Design l\u00e4sst sie gut wirken.<\/p>\n<p>Sogar die Auswahl an Farben ist perfekt, da der hellblaue Hintergrund etabliert aussieht und schnell die Aufmerksamkeit auf sich zieht.<\/p>\n<div id=\"attachment_47476\" style=\"width: 1290px\" class=\"wp-caption aligncenter\"><a href=\"\/regDE\/plus500\" target=\"_blank\" rel=\"noopener noreferrer\"><img fetchpriority=\"high\" decoding=\"async\" aria-describedby=\"caption-attachment-47476\" class=\"size-full wp-image-47476\" src=\"https:\/\/www.realforexreviews.com\/wp-content\/smush-webp\/2019\/09\/Plus500-Web-Trader-platform.jpg.webp\" alt=\"Plus500 WebTrader-Plattform\" width=\"1280\" height=\"1024\" srcset=\"https:\/\/www.realforexreviews.com\/wp-content\/smush-webp\/2019\/09\/Plus500-Web-Trader-platform.jpg.webp 1280w, https:\/\/www.realforexreviews.com\/wp-content\/smush-webp\/2019\/09\/Plus500-Web-Trader-platform-300x240.jpg.webp 300w, https:\/\/www.realforexreviews.com\/wp-content\/smush-webp\/2019\/09\/Plus500-Web-Trader-platform-768x614.jpg.webp 768w, https:\/\/www.realforexreviews.com\/wp-content\/smush-webp\/2019\/09\/Plus500-Web-Trader-platform-1024x819.jpg.webp 1024w\" sizes=\"(max-width: 1280px) 100vw, 1280px\" \/><\/a><p id=\"caption-attachment-47476\" class=\"wp-caption-text\">Plus500 WebTrader-Plattform<\/p><\/div>\n<p><center><span class=\"cfdservice\">Nur illustrative Preise<\/span><\/center>[\/vc_column_text][vc_column_text]<\/p>\n<div class=\"retitle\">\n<h4>Graphen<span class=\"score\"> 9\/10 <img decoding=\"async\" class=\"usr lazyload\" data-src=\"https:\/\/www.realforexreviews.com\/wp-content\/plugins\/universal-star-rating\/includes\/image.php?img=06.png&amp;px=20&amp;max=5&amp;rat=5\" alt=\"5 out of 5 stars\" style=\"height: 20px !important;\" src=\"data:image\/svg+xml;base64,PHN2ZyB3aWR0aD0iMSIgaGVpZ2h0PSIxIiB4bWxucz0iaHR0cDovL3d3dy53My5vcmcvMjAwMC9zdmciPjwvc3ZnPg==\" \/><\/span><\/h4>\n<\/div>\n<p>In dieser Handelsplattform gibt es eine Diagrammsoftware f\u00fcr alle aufgelisteten Assets.<\/p>\n<p>Es gibt die Option, sie in einer Linie oder im Candlestick-Format anzuzeigen, die f\u00fcr technische Analysen verwendet werden k\u00f6nnen.<\/p>\n<p>Es ist auch leicht, die kleinsten Details zu sehen, da das Diagramm durch Zoom vergr\u00f6\u00dfert und verkleinert werden kann.<\/p>\n<p>Ein angemessener Zeitrahmen ist erh\u00e4ltlich. Er kann angezeigt werden, indem das Dropdown-Men\u00fc an der linken oberen Seite des Graphen angeklickt wird.<\/p>\n<p>Es fehlt jedoch die M\u00f6glichkeit, mehrere Diagramme und Graphen auf dem Bildschirm anzuzeigen, aber das ist nur ein kleines Problem.<\/p>\n<div style=\"width: 1206px\" class=\"wp-caption aligncenter\"><a href=\"\/regDE\/plus500\"><img decoding=\"async\" class=\"size-full lazyload\" data-src=\"\/wp-content\/images\/reviews\/plus500plat\/pic3.jpg\" alt=\"Plus500 Graphen\" width=\"1196\" height=\"427\" src=\"data:image\/svg+xml;base64,PHN2ZyB3aWR0aD0iMSIgaGVpZ2h0PSIxIiB4bWxucz0iaHR0cDovL3d3dy53My5vcmcvMjAwMC9zdmciPjwvc3ZnPg==\" style=\"--smush-placeholder-width: 1196px; --smush-placeholder-aspect-ratio: 1196\/427;\" \/><\/a><p class=\"wp-caption-text\">Plus500 Graphen<\/p><\/div>\n<p><center><span class=\"cfdservice\">Nur illustrative Preise<\/span><\/center>[\/vc_column_text][vc_column_text]<\/p>\n<div class=\"retitle\">\n<h4>Navigation<span class=\"score\"> 8\/10 <img decoding=\"async\" class=\"usr lazyload\" data-src=\"https:\/\/www.realforexreviews.com\/wp-content\/plugins\/universal-star-rating\/includes\/image.php?img=06.png&amp;px=20&amp;max=5&amp;rat=4\" alt=\"4 out of 5 stars\" style=\"height: 20px !important;\" src=\"data:image\/svg+xml;base64,PHN2ZyB3aWR0aD0iMSIgaGVpZ2h0PSIxIiB4bWxucz0iaHR0cDovL3d3dy53My5vcmcvMjAwMC9zdmciPjwvc3ZnPg==\" \/><\/span><\/h4>\n<\/div>\n<p>Die Navigation auf der Plattform ist kein Problem dank des einfachen Layouts und der simplen Struktur.<\/p>\n<p>Die 4 Registerkarten an der Oberseite zeigen die Handelsskripts, die offenen Positionen, Handel und geschlossenen Positionen, die leicht erkennbar sind.<\/p>\n<p>Die Handelsskripts k\u00f6nnen an der linken und unteren Seite der Zusammenfassung gefunden werden, die das verf\u00fcgbare Kapital, das Aktienkapital sowie Gewinne und Verluste auflistet.<\/p>\n<p>Es gibt auch einen Button, durch den zwischen Echtgeld- und Demokonten umgeschaltet werden kann, falls der H\u00e4ndler \u00fcben muss.<\/p>\n<p>Die gr\u00f6\u00dfere Spalte an der rechten Seite listet die Instrumente auf, die Kauf- oder Verkaufoptionen bieten, w\u00e4hrend die technischen Diagramme und Indikatoren darunter zu sehen sind.[\/vc_column_text][vc_column_text]<\/p>\n<div class=\"retitle\">\n<h4>Kontonachverfolgung<span class=\"score\"> 10\/10 <img decoding=\"async\" class=\"usr lazyload\" data-src=\"https:\/\/www.realforexreviews.com\/wp-content\/plugins\/universal-star-rating\/includes\/image.php?img=06.png&amp;px=20&amp;max=5&amp;rat=5\" alt=\"5 out of 5 stars\" style=\"height: 20px !important;\" src=\"data:image\/svg+xml;base64,PHN2ZyB3aWR0aD0iMSIgaGVpZ2h0PSIxIiB4bWxucz0iaHR0cDovL3d3dy53My5vcmcvMjAwMC9zdmciPjwvc3ZnPg==\" \/><\/span><\/h4>\n<\/div>\n<p>Plus500 verf\u00fcgt \u00fcber ein sehr umfangreiches Kontonachverfolgungssystem, das alle Transaktionen auflistet, die mit dem Konto ausgef\u00fchrt worden sind, sowie alle wichtigen Details \u00fcber diese Handel.<\/p>\n<p>Offene Positionen k\u00f6nnen von der zweiten Registerkarte gesehen werden. Positionen schlie\u00dfen oder bearbeiten ist ganz einfach durch dieses Fenster m\u00f6glich.<\/p>\n<p>Die Handel oder geschlossenen Positionen k\u00f6nnen an den dritten und vierten Registerkarten gesehen werden.<\/p>\n<div style=\"width: 1288px\" class=\"wp-caption aligncenter\"><a href=\"\/regDE\/plus500\"><img decoding=\"async\" class=\"size-full lazyload\" data-src=\"\/wp-content\/images\/reviews\/plus500plat\/pic4.jpg\" alt=\"Plus500 Kontonachverfolgung\" width=\"1278\" height=\"422\" src=\"data:image\/svg+xml;base64,PHN2ZyB3aWR0aD0iMSIgaGVpZ2h0PSIxIiB4bWxucz0iaHR0cDovL3d3dy53My5vcmcvMjAwMC9zdmciPjwvc3ZnPg==\" style=\"--smush-placeholder-width: 1278px; --smush-placeholder-aspect-ratio: 1278\/422;\" \/><\/a><p class=\"wp-caption-text\">Plus500 Kontonachverfolgung<\/p><\/div>\n<p><center><span class=\"cfdservice\">Nur illustrative Preise<\/span><\/center>[\/vc_column_text][vc_column_text]<\/p>\n<table width=\"100%\">\n<tbody>\n<tr>\n<td style=\"background-image:inherit; background-repeat: no-repeat; background-position: left;\" height=\"200\" data-bg-image=\"url(&#039;https:\/\/www.realforexreviews.com\/wp-content\/smush-webp\/2020\/03\/trading-background2.jpg.webp&#039;)\" class=\"lazyload\"><img decoding=\"async\" data-src=\"\/wp-content\/images\/header\/plus500.png\" alt=\"Plus500 logo\" src=\"data:image\/svg+xml;base64,PHN2ZyB3aWR0aD0iMSIgaGVpZ2h0PSIxIiB4bWxucz0iaHR0cDovL3d3dy53My5vcmcvMjAwMC9zdmciPjwvc3ZnPg==\" class=\"lazyload\" style=\"--smush-placeholder-width: 200px; --smush-placeholder-aspect-ratio: 200\/80;\" \/><\/td>\n<\/tr>\n<tr>\n<td style=\"text-align: left; padding: 0px 30px 30px 30px; background-color: #f3f3f3;\">\n<div id=\"conclusion\" class=\"retitle\">\n<h4>Fazit <span class=\"score\">9.43\/10 <img decoding=\"async\" class=\"usr lazyload\" data-src=\"https:\/\/www.realforexreviews.com\/wp-content\/plugins\/universal-star-rating\/includes\/image.php?img=06.png&amp;px=20&amp;max=5&amp;rat=4.7\" alt=\"4.7 out of 5 stars\" style=\"height: 20px !important;\" src=\"data:image\/svg+xml;base64,PHN2ZyB3aWR0aD0iMSIgaGVpZ2h0PSIxIiB4bWxucz0iaHR0cDovL3d3dy53My5vcmcvMjAwMC9zdmciPjwvc3ZnPg==\" \/><\/span><\/h4>\n<\/div>\n<p>Plus500 ist ein CFD-Dienstleister, der die Gelegenheit voll genutzt hat, eine eigene propriet\u00e4re Plattform mit vielen n\u00fctzlichen Funktionen zu erstellen.<\/p>\n<p>Mit einer intuitiven und leicht verwendbaren Schnittstelle, einem au\u00dfergew\u00f6hnlichem Diagrammpaket, einem uneingeschr\u00e4nkten Demokonto und dem umfassenden Kontonachverfolgungssystem kann ich auf jeden Fall sagen, dass der Broker eine komplette L\u00f6sung f\u00fcr H\u00e4ndler entwickelt hat, die auf Forex spezialisiert sind.<\/p>\n<p>Es ist eine Plattform mit vielen Features, die schwer zu schlagen ist.<\/p>\n<p>&nbsp;<\/p>\n<p><center><a class=\"open\" href=\"\/regDE\/plus500\" target=\"_blank\" rel=\"nofollow noopener noreferrer\">Besuchen Sie die Seite!<\/a><\/center><\/td>\n<\/tr>\n<\/tbody>\n<\/table>\n<span class=\"cfdservice\">84% der Kleinanlegerkonten verlieren Geld beim CFD-Handel mit diesem Anbieter. Sie sollten \u00fcberlegen, ob Sie es sich leisten k\u00f6nnen, das hohe Risiko einzugehen, Ihr Geld zu erlieren.<\/span>\n<p>&nbsp;[\/vc_column_text][\/vc_column][\/vc_row]<\/p>\n","protected":false},"excerpt":{"rendered":"[vc_row][vc_column][vc_column_text] Visuelles 9\/10 Die Benutzerschnittstelle zeigt nicht viele Grafiken, was aber ein gro\u00dfartiger Vorteil ist, denn so werden die H\u00e4ndler nicht so leicht abgelenkt. Au\u00dferdem gibt es keine Verz\u00f6gerungen auf der Plattform. Es ist nicht die visuell ansprechendste Plattform im Markt, aber das einfache Design l\u00e4sst sie gut wirken. Sogar die Auswahl an Farben ist [&hellip;]","protected":false},"author":57,"featured_media":0,"parent":276,"menu_order":0,"comment_status":"open","ping_status":"closed","template":"","meta":{"_acf_changed":false,"footnotes":""},"class_list":["post-279","page","type-page","status-publish","hentry"],"acf":[],"aioseo_notices":[],"_links":{"self":[{"href":"https:\/\/www.realforexreviews.com\/de\/wp-json\/wp\/v2\/pages\/279","targetHints":{"allow":["GET"]}}],"collection":[{"href":"https:\/\/www.realforexreviews.com\/de\/wp-json\/wp\/v2\/pages"}],"about":[{"href":"https:\/\/www.realforexreviews.com\/de\/wp-json\/wp\/v2\/types\/page"}],"author":[{"embeddable":true,"href":"https:\/\/www.realforexreviews.com\/de\/wp-json\/wp\/v2\/users\/57"}],"replies":[{"embeddable":true,"href":"https:\/\/www.realforexreviews.com\/de\/wp-json\/wp\/v2\/comments?post=279"}],"version-history":[{"count":6,"href":"https:\/\/www.realforexreviews.com\/de\/wp-json\/wp\/v2\/pages\/279\/revisions"}],"predecessor-version":[{"id":72317,"href":"https:\/\/www.realforexreviews.com\/de\/wp-json\/wp\/v2\/pages\/279\/revisions\/72317"}],"up":[{"embeddable":true,"href":"https:\/\/www.realforexreviews.com\/de\/wp-json\/wp\/v2\/pages\/276"}],"wp:attachment":[{"href":"https:\/\/www.realforexreviews.com\/de\/wp-json\/wp\/v2\/media?parent=279"}],"curies":[{"name":"wp","href":"https:\/\/api.w.org\/{rel}","templated":true}]}}