{"id":349,"date":"2015-02-22T10:09:48","date_gmt":"2015-02-22T10:09:48","guid":{"rendered":"https:\/\/new.realforexreviews.com\/?page_id=349"},"modified":"2020-12-22T11:37:57","modified_gmt":"2020-12-22T11:37:57","slug":"ironfx-bewertung","status":"publish","type":"page","link":"https:\/\/www.realforexreviews.com\/de\/makler-bewertungen\/ironfx-bewertung","title":{"rendered":"Betrachtung des Brokers IronFX 2021"},"content":{"rendered":"<!--?php if(isset($_GET['session_id'])) { $session_id = $_GET['session_id']; } else { $session_id = 1; } ?-->\n<!--?php $aff_link = 'https:\/\/www.realforexreviews.com\/go-de\/ironfx?clk='.$session_id.'&amp;pos='; ?-->\n<div class=\"topbox\"><strong>Fazit:<\/strong>IronFX nutzt eine sehr stabile Plattform und hat ein einfaches, jedoch durchdachtes Design, das die technologischen Vorteile abschlie\u00dft. Der Broker hat es geschafft, hochqualitative Dienstleistungen und Funktionen zu liefern und beizubehalten, was ernsthafte Forex-H\u00e4ndler in einem Broker suchen. Man muss sich keine Sorgen \u00fcber die Sicherheit des Geldes machen, da IronFX von vertrauensw\u00fcrdigen Finanzbeh\u00f6rden \u00fcberwacht wird und die Kreditw\u00fcrdigkeit des Unternehmens in der Industrie au\u00dfer Frage steht.<\/div>\n<div class=\"topbox\"><strong>Gesamtpunktzahl: 80\/100<\/strong>\n<a style=\"float: right; color: #000;\" href=\"#full\"><strong>Lesen Sie die vollst\u00e4ndige Bewertung\u2026<\/strong><\/a><\/div>\n<table id=\"full\" class=\"shadow\" border=\"1\" width=\"70%\" cellspacing=\"0\" cellpadding=\"5\" align=\"center\">\n<tbody>\n<tr>\n<td style=\"background: #000000 none repeat scroll 0% 0%;\" colspan=\"2\" valign=\"top\">\n<h2 style=\"color: #fff;\" align=\"center\"><strong>IronFX \u00dcbersicht<\/strong><\/h2>\n<\/td>\n<\/tr>\n<tr>\n<td width=\"230\">Gegr\u00fcndet<\/td>\n<td width=\"230\">2010<\/td>\n<\/tr>\n<tr>\n<td width=\"230\">Plattform<\/td>\n<td width=\"230\">MT4 Standard, MT4 Android Trader, MT4 f\u00fcr Mac, MT4 Mobile Trader, MT4 iPhone Trader, MT4 iPad Trader, BB Trader, MT5, MT5 Android Trader, MT5 iPad Trader, PMAM, Webtrader, Multitrader&amp; Smartphone Trader<\/td>\n<\/tr>\n<tr>\n<td width=\"230\">Mindesthandelsgr\u00f6\u00dfe<\/td>\n<td width=\"230\">\u20ac500<\/td>\n<\/tr>\n<tr>\n<td width=\"230\">Mindestlotgr\u00f6\u00dfe<\/td>\n<td width=\"230\">0.01<\/td>\n<\/tr>\n<tr>\n<td width=\"230\">Handelbare Assets<\/td>\n<td width=\"230\">Forex, Spot Metals, Futures, Shares<\/td>\n<\/tr>\n<tr>\n<td width=\"230\">Maximale Marge<\/td>\n<td width=\"230\">1:500<\/td>\n<\/tr>\n<tr>\n<td width=\"230\">Spread auf EUR\/USD<\/td>\n<td width=\"230\">0.7 pips<\/td>\n<\/tr>\n<tr>\n<td width=\"230\">Carryover-Kosten f\u00fcr EUR\/USD<\/td>\n<td width=\"230\">Varies<\/td>\n<\/tr>\n<tr>\n<td width=\"230\">Zahlungsmethoden<\/td>\n<td width=\"230\">Visa, Bank\u00fcberweisung, Skrill, Neteller, WebMoney, QIWI, YandexMoney, M.O.T.O, OKPay &amp; fasapay<\/td>\n<\/tr>\n<tr>\n<td width=\"230\">Demokonto<\/td>\n<td width=\"230\">Ja<\/td>\n<\/tr>\n<tr>\n<td width=\"230\">Akzeptiert deutsche H\u00e4ndler<\/td>\n<td width=\"230\">Ja<\/td>\n<\/tr>\n<tr>\n<td width=\"230\">Reguliert<\/td>\n<td width=\"230\">FCA (Vereinigtes K\u00f6nigreich), ASIC (Australien), FSB (S\u00fcdafrika), FSPR (Neuseeland), CRFIN (Russland), UCRFIN (Ukraine), CySEC (Zypern) &amp; MiFID (Europa)<\/td>\n<\/tr>\n<tr>\n<td width=\"230\">Hilfe<\/td>\n<td width=\"230\">E-Mail, Telefon und Live Chat (24\/7)<\/td>\n<\/tr>\n<tr>\n<td width=\"230\">Website<\/td>\n<td width=\"230\">www.ironfx.com<\/td>\n<\/tr>\n<\/tbody>\n<\/table>\n<strong>Vorteile<\/strong>\n<ul>\n \t<li>Reguliert:<\/li>\n \t<li>Enge Spreads<\/li>\n \t<li>Sehr stabile Plattform<\/li>\n \t<li>Schnelle und detaillierte Antwort vom Kundendienst<\/li>\n \t<li>Breite Palette an Boni<\/li>\n \t<li>Demokonto m\u00f6glich<\/li>\n<\/ul>\n<strong>Nachteile<\/strong>\n<ul>\n \t<li>Akzeptiert keine amerikanischen H\u00e4ndler<\/li>\n<\/ul>\nIronFX wurde 2010 gegr\u00fcndet und ist durch die Financial Conduct Authority im Vereinigten K\u00f6nigreich, die Securities and Investments Commission in Australien, das Financial Services Board in S\u00fcdafrika, dem Financial Service Providers Register in Neuseeland, dem Centre for OTC Financial Instruments and Technologies Development in der Ukraine und dem Markets in Financial Instruments Directive in Europa autorisiert und reguliert. Erm\u00f6glicht durch IronFX Global mit Standort in Zypern hat dieses Unternehmen das Ziel, sichere und \u00fcberragende Handelsm\u00f6glichkeiten anzubieten. Hat es dieses Ziel denn auch erreicht?\n<div class=\"retitle\">\n<div class=\"scoure\"><\/div>\n<h4>Plattform<\/h4>\n<\/div>\nIronFX verwendet die starken Plattformen <a href=\"https:\/\/www.realforexreviews.com\/de\/plattformen\/metatrader4\">MetaTrader 4<\/a> und MetaTrader 5 auf Windows und Mac sowie auf Blackberry, Android und iOS. Der Broker verf\u00fcgt auch \u00fcber eine Personal Multi-Account Management-Plattform f\u00fcr simultane Verwaltung und Handelsm\u00f6glichkeiten mehrerer MT4-Konten. Es gibt au\u00dferdem eine selbst entwickelte WebTrader-Plattform, die Zugriff auf Multiprodukt-Handelskonten mit den original Funktionen erm\u00f6glicht. Die Verf\u00fcgbarkeit einer solchen Technologie und den Optionen sind Gr\u00fcnde, warum ich diesem Broker f\u00fcr den <strong>Bereich Plattform 9\/10 Punkte gebe.<\/strong>\n<div class=\"retitle\">\n<div class=\"scoure\"><\/div>\n<h4>Design<\/h4>\n<\/div>\nDie Plattform hat ein sehr einfaches und grundlegendes Design. Das ist tats\u00e4chlich ein Vorteil, da ich finde, dass die Software schnell auf alle meine Befehle und Klicks antwortet. Die Navigation ist sehr leicht und Handel k\u00f6nnen direkt durchgef\u00fchrt werden. Alles, was ich brauchte, konnte ich am Hauptfenster sehen, einschlie\u00dflich meiner offenen Positionen. Dies garantiert <strong>IronFX f\u00fcr das Design 4\/5 m\u00f6glichen Punkten.<\/strong>\n\n<img fetchpriority=\"high\" decoding=\"async\" class=\"img-responsive aligncenter\" src=\"\/wp-content\/images\/reviews\/ironfx\/pic1.jpg\" alt=\"ironfx platform\" width=\"1278\" height=\"1036\" \/>\n<div class=\"retitle\">\n<div class=\"scoure\"><\/div>\n<h4>Mindesteinzahlung<\/h4>\n<\/div>\nZero Fixed Spread- und Micro-Konten erfordern eine Mindesteinzahlung von \u20ac500, w\u00e4hrend Premium- und VIP-Konten mindestens 2.500 bzw. \u20ac20.000 erfordern. Das kann viel sein, aber f\u00fcr ernsthafte H\u00e4ndler ist das kein gro\u00dfes Problem, da sie dieses Geld langfristig nutzen werden. Au\u00dferdem gibt es viele Boni und meine Top-Wahl ist der \u20ac2.000-Cashback f\u00fcr VIP-Konten. Weitere beachtliche Werbeaktionen sind das Deposit &amp; Trade-Programm, wo entweder bestehende oder neue Kunden die M\u00f6glichkeit haben, ein kostenloses iPad Air oder ein kostenloses iPhone5S sowie ihre eigene Prepaid-Card, die in \u00fcber 200 L\u00e4ndern und bei jedem Automat verwendet werden kann. <strong>Aus diesem Grund vergebe ich f\u00fcr die Mindesteinzahlung 3\/5 Punkte.<\/strong>\n<div class=\"retitle\">\n<div class=\"scoure\"><\/div>\n<h4>Mindestlotgr\u00f6\u00dfe<\/h4>\n<\/div>\nDie akzeptierte Mindestlotgr\u00f6\u00dfe f\u00fcr Zero Fixed Spread- und Micro-Konten liegt bei 0,01, w\u00e4hrend sie f\u00fcr Premium- und VIP-Konten h\u00f6her als 0,1 ist. Solche Werte k\u00f6nnen das Risiko und m\u00f6gliche Verluste im Falle von negativen Marktbewegungen reduzieren. Mit diesen Gr\u00f6\u00dfen kann ich meine Handel leicht verwalten und sie flexibel halten, und aus diesem Grund gebe ich <strong>diesem Broker f\u00fcr den Bereich Mindestlotgr\u00f6\u00dfe 4\/5 Punkten.<\/strong>\n<div class=\"retitle\">\n<div class=\"scoure\"><\/div>\n<h4>Handelbare Assets<\/h4>\n<\/div>\nIronFX hat \u00fcber 200 handelbare Assets, wie z. B. Forex, Termingesch\u00e4fte, Metalle und Aktien. Dies verbessert die Gewinnraten, da aus vielen Assets gew\u00e4hlt werden kann. <strong>Aus diesem Grund erh\u00e4lt der Broker f\u00fcr die handelbaren Assets 5\/5 Punkten.<\/strong>\n\n<img decoding=\"async\" class=\"img-responsive aligncenter lazyload\" data-src=\"\/wp-content\/images\/reviews\/ironfx\/pic2.jpg\" alt=\"ironfx assets\" width=\"761\" height=\"727\" src=\"data:image\/svg+xml;base64,PHN2ZyB3aWR0aD0iMSIgaGVpZ2h0PSIxIiB4bWxucz0iaHR0cDovL3d3dy53My5vcmcvMjAwMC9zdmciPjwvc3ZnPg==\" style=\"--smush-placeholder-width: 761px; --smush-placeholder-aspect-ratio: 761\/727;\" \/>\n<div class=\"retitle\">\n<div class=\"scoure\"><\/div>\n<h4>Auszahlungen<\/h4>\n<\/div>\nForex wird gehandelt, da dadurch angemessene Gewinne m\u00f6glich sind. Dies kann durch den Spread- oder Pip-Wert festgelegt werden. Bei IronFX hat das Paar EUR\/USD einen engen Spread von 0,7 Pip, was zweifellos im Vergleich zu anderen Brokern viel besser ist. Solch eine Rate verhilft <strong>diesem Broker zu einer Bewertung im Bereich Auszahlungen von 10\/10.<\/strong>\n<div class=\"retitle\">\n<div class=\"scoure\"><\/div>\n<h4>Auszahlungszeit<\/h4>\n<\/div>\nGem\u00e4\u00df der IronFX-Webseite werden Auszahlungen innerhalb von 1 Werktag bearbeitet. Danach dauert es zus\u00e4tzliche 3 bis 5 Werktage, bis das Geld auf dem Konto erscheint. W\u00e4hrend meines tats\u00e4chlichen Tests hat es 4 Tage gedauert, bis ich das Geld auf meinem Bankkonto sehen konnte. Es war problemlos und es gab keine \u00c4nderungen am Betrag. Das ist der Grund, <strong>warum ich dem Broker f\u00fcr die Auszahlungszeit 9\/10 Punkte gebe.<\/strong>\n<div class=\"retitle\">\n<div class=\"scoure\"><\/div>\n<h4>Einzahlungs- und Auszahlungsmethoden<\/h4>\n<\/div>\nEinzahlungen und Auszahlungen sind bei diesem Broker nie ein Problem, da er viele Zahlungsmethoden akzeptiert, z. B. Debit-\/Kreditkarte, 3d-sichere Debit-\/Kreditkarten, Bank\u00fcberweisungen, Skrill, Neteller, WebMoney, Sofort\u00fcberweisung, online Bank\u00fcberweisung, iDEAL, IronFX Karteneinzahlung, Yandex, Qiwi, FasaPay und CashU. Diese Zahlungsmethoden gaben mir viele Optionen, um Geld auf mein Konto zu \u00fcberweisen, <strong>weshalb ich dem Broker diesbez\u00fcglich 5\/5 Punkten verleihe.<\/strong>\n\n<img decoding=\"async\" class=\"img-responsive aligncenter lazyload\" data-src=\"\/wp-content\/images\/reviews\/ironfx\/pic3.jpg\" alt=\"ironfx deposit\" width=\"838\" height=\"1478\" src=\"data:image\/svg+xml;base64,PHN2ZyB3aWR0aD0iMSIgaGVpZ2h0PSIxIiB4bWxucz0iaHR0cDovL3d3dy53My5vcmcvMjAwMC9zdmciPjwvc3ZnPg==\" style=\"--smush-placeholder-width: 838px; --smush-placeholder-aspect-ratio: 838\/1478;\" \/>\n<div class=\"retitle\">\n<div class=\"scoure\"><\/div>\n<h4>Kundendienst<\/h4>\n<\/div>\nDer Kundendienst von IronFX verf\u00fcgt \u00fcber globale B\u00fcros und zust\u00e4ndige Nummern, Fax- und E-Mail-Adressen f\u00fcr die B\u00fcros in London, Sydney, Shanghai, Shenzhen, Shenyang, Frankfurt, Madrid, Warschau, Lissabon, Prag, Budapest, Athen, Kiew, Moskau, St Petersburg, Mumbai, Jakarta, Manila, Ho Chi Minh City, Kuala Lumpur, Baku, Lagos, Johannesburg, Auckland, Sao Paulo, Buenos Aires, Lima, Santiago, Montevideo, Dubai und Limassol. Noch mehr interessiert hat mich jedoch der Live Chat, da es die einfachste Methode ist. Unten ist das Ergebnis unserer Unterhaltung:\n\n<img decoding=\"async\" class=\"img-responsive aligncenter lazyload\" data-src=\"\/wp-content\/images\/reviews\/ironfx\/pic4.jpg\" alt=\"ironfx support\" width=\"1181\" height=\"1075\" src=\"data:image\/svg+xml;base64,PHN2ZyB3aWR0aD0iMSIgaGVpZ2h0PSIxIiB4bWxucz0iaHR0cDovL3d3dy53My5vcmcvMjAwMC9zdmciPjwvc3ZnPg==\" style=\"--smush-placeholder-width: 1181px; --smush-placeholder-aspect-ratio: 1181\/1075;\" \/>\n\nIm Allgemeinen verlief die Unterhaltung locker und alle meine Fragen wurden detailreich beantwortet. Der Mitarbeiter vom Kundendienst war sehr freundlich und seine Antworten waren klar verst\u00e4ndlich. Die Antwortzeit war auch schnell, wodurch es keine Wartezeit gab. Dies ist ein weiterer Vorteil f\u00fcr diejenigen, die sofort eine L\u00f6sung brauchen. <strong>Alles in allem gebe ich dem Kundendienst 10\/10 Punkte.<\/strong>\n<div class=\"retitle\">\n<div class=\"scoure\"><\/div>\n<h4>Genauigkeit der Preise<\/h4>\n<\/div>\nIronFX behauptet, sofortige Ausf\u00fchrungen ohne Verz\u00f6gerungen anzubieten. Um festzustellen, ob das wirklich stimmt, habe ich einige Tests gemacht. Wunderbarerweise habe ich keine M\u00f6glichkeit verpasst, gute Handel zu machen, was bedeutet, dass die Preise wirklich sehr genau sind. <strong>Der Broker verdient die perfekte Punktzahl von 9\/15 Punkten.<\/strong>\n<div class=\"retitle\">\n<div class=\"scoure\"><\/div>\n<h4>Ruf<\/h4>\n<\/div>\nIronFX ist durch die Financial Conduct Authority im Vereinigten K\u00f6nigreich, die Securities and Investments Commission in Australien, das Financial Services Board in S\u00fcdafrika, dem Financial Service Providers Register in Neuseeland, dem Centre for OTC Financial Instruments and Technologies Development in der Ukraine und dem Markets in Financial Instruments Directive in Europa autorisiert und reguliert. Das ist sehr gut f\u00fcr H\u00e4ndler, da es bedeutet, dass das Unternehmen st\u00e4ndig \u00fcberwacht wird, um zu versichern, dass es sich an die Gesetze und Richtlinien, die von diesen Finanzbeh\u00f6rden festgelegt worden sind, h\u00e4lt.\n\nDie Vielzahl der tats\u00e4chlichen Kommentare von Forex-H\u00e4ndlern waren positiv und es gab keine ernsthaften Probleme mit dem Kundendienst und nicht einmal wegen der Auszahlungsbearbeitungszeit. Negative Beschwerden waren minimal und konnten gl\u00fccklicherweise bearbeitet und gel\u00f6st werden. Aus diesen Gr\u00fcnden gebe ich dem <strong>Broker in Bezug auf seinen Ruf 14\/20 m\u00f6glichen Punkten.<\/strong>\n\n<img decoding=\"async\" class=\"img-responsive aligncenter lazyload\" data-src=\"\/wp-content\/images\/reviews\/ironfx\/pic5.jpg\" alt=\"ironfx reputation\" width=\"643\" height=\"199\" src=\"data:image\/svg+xml;base64,PHN2ZyB3aWR0aD0iMSIgaGVpZ2h0PSIxIiB4bWxucz0iaHR0cDovL3d3dy53My5vcmcvMjAwMC9zdmciPjwvc3ZnPg==\" style=\"--smush-placeholder-width: 643px; --smush-placeholder-aspect-ratio: 643\/199;\" \/>\n<img decoding=\"async\" class=\"img-responsive aligncenter lazyload\" data-src=\"\/wp-content\/images\/reviews\/ironfx\/pic6.jpg\" alt=\"ironfx reputation\" width=\"706\" height=\"458\" src=\"data:image\/svg+xml;base64,PHN2ZyB3aWR0aD0iMSIgaGVpZ2h0PSIxIiB4bWxucz0iaHR0cDovL3d3dy53My5vcmcvMjAwMC9zdmciPjwvc3ZnPg==\" style=\"--smush-placeholder-width: 706px; --smush-placeholder-aspect-ratio: 706\/458;\" \/>\n<a href=\"&lt;?php echo $aff_link.'vp'; ?&gt;\" target=\"_blank\" rel=\"nofollow noopener noreferrer\"><img decoding=\"async\" class=\"aligncenter img-responsive lazyload\" data-src=\"\/wp-content\/images\/reviews\/ironfx\/pic7.jpg\" alt=\"ironfx reputation\" src=\"data:image\/svg+xml;base64,PHN2ZyB3aWR0aD0iMSIgaGVpZ2h0PSIxIiB4bWxucz0iaHR0cDovL3d3dy53My5vcmcvMjAwMC9zdmciPjwvc3ZnPg==\" style=\"--smush-placeholder-width: 725px; --smush-placeholder-aspect-ratio: 725\/149;\" \/><\/a>\n<h4><strong id=\"end\">Fazit<\/strong><\/h4>\nIronFX nutzt eine sehr stabile Plattform und hat ein einfaches, jedoch durchdachtes Design, das die technologischen Vorteile abschlie\u00dft. Der Broker hat es geschafft, hochqualitative Dienstleistungen und Funktionen zu liefern und beizubehalten, was ernsthafte Forex-H\u00e4ndler in einem Broker suchen. Man muss sich keine Sorgen \u00fcber die Sicherheit des Geldes machen, da IronFX von vertrauensw\u00fcrdigen Finanzbeh\u00f6rden \u00fcberwacht wird und die Kreditw\u00fcrdigkeit des Unternehmens in der Industrie au\u00dfer Frage steht.\n\n<strong>Gesamtpunktzahl: 80\/100<\/strong>","protected":false},"excerpt":{"rendered":"Fazit:IronFX nutzt eine sehr stabile Plattform und hat ein einfaches, jedoch durchdachtes Design, das die technologischen Vorteile abschlie\u00dft. Der Broker hat es geschafft, hochqualitative Dienstleistungen und Funktionen zu liefern und beizubehalten, was ernsthafte Forex-H\u00e4ndler in einem Broker suchen. Man muss sich keine Sorgen \u00fcber die Sicherheit des Geldes machen, da IronFX von vertrauensw\u00fcrdigen Finanzbeh\u00f6rden \u00fcberwacht [&hellip;]","protected":false},"author":57,"featured_media":0,"parent":247,"menu_order":0,"comment_status":"open","ping_status":"closed","template":"","meta":{"_acf_changed":false,"footnotes":""},"class_list":["post-349","page","type-page","status-publish","hentry"],"acf":[],"aioseo_notices":[],"_links":{"self":[{"href":"https:\/\/www.realforexreviews.com\/de\/wp-json\/wp\/v2\/pages\/349","targetHints":{"allow":["GET"]}}],"collection":[{"href":"https:\/\/www.realforexreviews.com\/de\/wp-json\/wp\/v2\/pages"}],"about":[{"href":"https:\/\/www.realforexreviews.com\/de\/wp-json\/wp\/v2\/types\/page"}],"author":[{"embeddable":true,"href":"https:\/\/www.realforexreviews.com\/de\/wp-json\/wp\/v2\/users\/57"}],"replies":[{"embeddable":true,"href":"https:\/\/www.realforexreviews.com\/de\/wp-json\/wp\/v2\/comments?post=349"}],"version-history":[{"count":6,"href":"https:\/\/www.realforexreviews.com\/de\/wp-json\/wp\/v2\/pages\/349\/revisions"}],"predecessor-version":[{"id":70957,"href":"https:\/\/www.realforexreviews.com\/de\/wp-json\/wp\/v2\/pages\/349\/revisions\/70957"}],"up":[{"embeddable":true,"href":"https:\/\/www.realforexreviews.com\/de\/wp-json\/wp\/v2\/pages\/247"}],"wp:attachment":[{"href":"https:\/\/www.realforexreviews.com\/de\/wp-json\/wp\/v2\/media?parent=349"}],"curies":[{"name":"wp","href":"https:\/\/api.w.org\/{rel}","templated":true}]}}