{"id":626,"date":"2020-04-02T01:10:14","date_gmt":"2020-04-02T01:10:14","guid":{"rendered":"https:\/\/new.realforexreviews.com\/?page_id=626"},"modified":"2020-12-22T11:37:32","modified_gmt":"2020-12-22T11:37:32","slug":"xm","status":"publish","type":"page","link":"https:\/\/www.realforexreviews.com\/de\/makler-bewertungen\/xm","title":{"rendered":"Betrachtung des Brokers XM Group 2021"},"content":{"rendered":"<p>[vc_row][vc_column][vc_column_text]<center><a href=\"https:\/\/clicks.pipaffiliates.com\/c?m=8522&#038;c=547179\"><img fetchpriority=\"high\" decoding=\"async\" src=\"https:\/\/ads.pipaffiliates.com\/i\/8522?c=547179\" width=\"728\" height=\"90\" alt=\"XM banner\"\/><\/a><\/center>[\/vc_column_text][vc_column_text]<!--?php if(isset($_GET['session_id'])) { $session_id = $_GET['session_id']; } else { $session_id = 1; } ?--><!--?php $aff_link = 'https:\/\/www.realforexreviews.com\/go-de\/xm?clk='.$session_id.'&amp;pos='; ?--><\/p>\r\n<div id=\"end\" class=\"retitle\">\r\n<h4>Einf\u00fchrung <a class=\"readbottomline\" href=\"#conclusion\">oder Inhalt \u00fcberspringen und Lesen unter dem Strich!<\/a><\/h4>\r\n<\/div>\r\n<p>XM wurde 2009 gegr\u00fcndet und wird durch die Cyprus Securities and Exchange Commission, Financial Conduct Authority sowie der Australian Securities and Investments Commission reguliert.<\/p>\r\n<p>Der Broker ist f\u00fcr seine breite Palette an MT4-Plattformen auf verschiedenen Ger\u00e4ten bekannt, aber ist das der einzige Vorteil dieses Brokers? Finden wir das am besten in dieser Bewertung heraus.<\/p>\r\n<p>&nbsp;<\/p>\r\n<table class=\"shadow\" border=\"1\" width=\"70%\" cellspacing=\"0\" cellpadding=\"5\" align=\"center\">\r\n<tbody>\r\n<tr>\r\n<td style=\"background: #336181 none repeat scroll 0% 0%; border-top-left-radius: 10px; border-top-right-radius: 10px; border: 1px solid #fff;\" colspan=\"2\" valign=\"top\"><center><span style=\"color: #fff;\"><strong>XM \u00dcbersicht<\/strong><\/span><\/center><\/td>\r\n<\/tr>\r\n<tr>\r\n<td width=\"230\">Gegr\u00fcndet<\/td>\r\n<td width=\"230\">2009<\/td>\r\n<\/tr>\r\n<tr>\r\n<td width=\"230\">Plattform<\/td>\r\n<td width=\"230\">MT4 f\u00fcr PC, MT4 f\u00fcr Mac, MT4 Multiterminal, MT4 WebTrader, MT5 f\u00fcr PC, MT5 f\u00fcr Mac, MT5 WebTrader, MT4 f\u00fcr iPhone, MT4 f\u00fcr Android, MT5 f\u00fcr iPhone, MT5 f\u00fcr Android,<br \/>MT4 f\u00fcr iPad, MT4 f\u00fcr Android, MT5 f\u00fcr iPad, MT5 f\u00fcr Android<\/td>\r\n<\/tr>\r\n<tr>\r\n<td width=\"230\">Mindesthandelsgr\u00f6\u00dfe<\/td>\r\n<td width=\"230\">\u20ac5<\/td>\r\n<\/tr>\r\n<tr>\r\n<td width=\"230\">Mindestlotgr\u00f6\u00dfe<\/td>\r\n<td width=\"230\">0.01<\/td>\r\n<\/tr>\r\n<tr>\r\n<td width=\"230\">Handelbare Wertpapiere<\/td>\r\n<td width=\"230\">300+<\/td>\r\n<\/tr>\r\n<tr>\r\n<td width=\"230\">Maximale Marge<\/td>\r\n<td width=\"230\">1:888<\/td>\r\n<\/tr>\r\n<tr>\r\n<td width=\"230\">Spread auf EUR\/USD<\/td>\r\n<td width=\"230\">1.8 Pips<\/td>\r\n<\/tr>\r\n<tr>\r\n<td width=\"230\">Zahlungsmethoden<\/td>\r\n<td width=\"230\">Kreditkarten, elektronische Bezahlung, Bank\u00fcberweisung, lokale Bank\u00fcberweisung, MoneyGram und Western Union<\/td>\r\n<\/tr>\r\n<tr>\r\n<td width=\"230\">Demokonto<\/td>\r\n<td width=\"230\">Unbegrenzte Zeit<\/td>\r\n<\/tr>\r\n<tr>\r\n<td width=\"230\">Akzeptiert deutsche H\u00e4ndler<\/td>\r\n<td width=\"230\">Ja<\/td>\r\n<\/tr>\r\n<tr>\r\n<td width=\"230\">Reguliert<\/td>\r\n<td width=\"230\">FCA (UK), ASIC (Australien), CySEC (Zypern)<\/td>\r\n<\/tr>\r\n<tr>\r\n<td width=\"230\">Hilfe<\/td>\r\n<td width=\"230\">Telefon, Fax, E-Mail, Live Chat<\/td>\r\n<\/tr>\r\n<tr>\r\n<td width=\"230\">Webseite<\/td>\r\n<td width=\"230\"><a href=\"\/regDE\/xm\">www.xm.com<\/a><\/td>\r\n<\/tr>\r\n<\/tbody>\r\n<\/table>\r\n<p>&nbsp;<\/p>\r\n<p><center><a class=\"open\" href=\"\/regDE\/xm\" target=\"_blank\" rel=\"nofollow noopener noreferrer\">Besuchen Sie die Seite<\/a><\/center><\/p>\r\n<div id=\"platform\" class=\"retitle\">\r\n<h4>Plattformen<span class=\"score\"> 8.8\/10 <img decoding=\"async\" class=\"usr lazyload\" data-src=\"https:\/\/www.realforexreviews.com\/wp-content\/plugins\/universal-star-rating\/includes\/image.php?img=06.png&amp;px=20&amp;max=5&amp;rat=4.4\" alt=\"4.4 out of 5 stars\" style=\"height: 20px !important;\" src=\"data:image\/svg+xml;base64,PHN2ZyB3aWR0aD0iMSIgaGVpZ2h0PSIxIiB4bWxucz0iaHR0cDovL3d3dy53My5vcmcvMjAwMC9zdmciPjwvc3ZnPg==\" \/><\/span><\/h4>\r\n<\/div>\r\n<p>XM verf\u00fcgt \u00fcber eine breite Palette an MetaTrader4-Plattformen, die durch ein einziges Konto zug\u00e4nglich sind.<\/p>\r\n<p>F\u00fcr den Desktop kann sie sowohl auf Windows sowie auch auf Mac-Betriebssystemen installiert und verwendet werden, w\u00e4hrend es in der mobilen Form jeweils Apps f\u00fcr Smartphones und Tablets gibt, die mit Apple oder Android funktionieren.<\/p>\r\n<p>Es gibt auch eine WebTrader 4-Plattform, die mit jedem Browser zug\u00e4nglich ist.<\/p>\r\n<p>Konkret gesagt gibt es f\u00fcr fast jedes Ger\u00e4t oder jeden Computer eine L\u00f6sung.<\/p>\r\n<p>Diese Vielf\u00e4ltigkeit verdient <strong>8.8 Punkte f\u00fcr den Bereich Plattform<\/strong>.<\/p>\r\n<div class=\"retitle\">\r\n<h4>Design<span class=\"score\"> 10\/10 <img decoding=\"async\" class=\"usr lazyload\" data-src=\"https:\/\/www.realforexreviews.com\/wp-content\/plugins\/universal-star-rating\/includes\/image.php?img=06.png&amp;px=20&amp;max=5&amp;rat=5\" alt=\"5 out of 5 stars\" style=\"height: 20px !important;\" src=\"data:image\/svg+xml;base64,PHN2ZyB3aWR0aD0iMSIgaGVpZ2h0PSIxIiB4bWxucz0iaHR0cDovL3d3dy53My5vcmcvMjAwMC9zdmciPjwvc3ZnPg==\" \/><\/span><\/h4>\r\n<\/div>\r\n<p>XM hat einen Weg gefunden, seine Schnittstelle sehr einladend zu machen.<\/p>\r\n<p>Dies ist auf das organisiert, aber trendy aussehende Layout zur\u00fcckzuf\u00fchren.<\/p>\r\n<p>Neben der Liste an Instrumenten, den Graphen sowie den Kauf-\/Verkauf-Konfigurationsbereichen gibt es auch einen Bereich f\u00fcr Alle Neuigkeiten, der alle wichtigen Updates auflistet, die die Finanzm\u00e4rkte beeinflussen k\u00f6nnten.<\/p>\r\n<p>Es gibt sogar eine Option, um zwischen zwei Designs (dunkel und hell) hin- und herzuspringen, was bei anderen Forex-Handelsschnittstellen nicht \u00fcblich ist.<\/p>\r\n<p>Und ungeachtet dessen, ob ich meinen Desktop, mein Mobiltelefon oder eine webbasierte Plattform verwende, ich kann mich einfach einloggen und handeln, ohne Verz\u00f6gerungen oder lange Wartezeiten.<\/p>\r\n<p>Dadurch verdient der Broker im <strong>Bereich Design 10 Punkte<\/strong>.<\/p>\r\n<div style=\"width: 1290px\" class=\"wp-caption aligncenter\"><a href=\"\/regDE\/xm\"><img decoding=\"async\" class=\"size-full lazyload\" data-src=\"\/wp-content\/images\/reviews\/xm_de\/pic1.jpg\" alt=\"XM plattform\" width=\"1280\" height=\"879\" src=\"data:image\/svg+xml;base64,PHN2ZyB3aWR0aD0iMSIgaGVpZ2h0PSIxIiB4bWxucz0iaHR0cDovL3d3dy53My5vcmcvMjAwMC9zdmciPjwvc3ZnPg==\" style=\"--smush-placeholder-width: 1280px; --smush-placeholder-aspect-ratio: 1280\/879;\" \/><\/a><p class=\"wp-caption-text\">XM plattform<\/p><\/div>\r\n<p>&nbsp;<\/p>\r\n<p><center><a class=\"open\" href=\"\/regDE\/xm\" target=\"_blank\" rel=\"nofollow noopener noreferrer\">Besuchen Sie die Seite<\/a><\/center><\/p>\r\n<p>&nbsp;<\/p>\r\n<div class=\"retitle\">\r\n<h4>Mindesteinlage<span class=\"score\"> 10\/10 <img decoding=\"async\" class=\"usr lazyload\" data-src=\"https:\/\/www.realforexreviews.com\/wp-content\/plugins\/universal-star-rating\/includes\/image.php?img=06.png&amp;px=20&amp;max=5&amp;rat=5\" alt=\"5 out of 5 stars\" style=\"height: 20px !important;\" src=\"data:image\/svg+xml;base64,PHN2ZyB3aWR0aD0iMSIgaGVpZ2h0PSIxIiB4bWxucz0iaHR0cDovL3d3dy53My5vcmcvMjAwMC9zdmciPjwvc3ZnPg==\" \/><\/span><\/h4>\r\n<\/div>\r\n<p>Das Er\u00f6ffnen eines Live Kontos startet mit einer Mindesteinzahlung von 5 US-Dollar, was im Vergleich zu anderen Brokern sehr g\u00fcnstig ist.<\/p>\r\n<p>Diese Erschwinglichkeit ist ein Vorteil f\u00fcr diejenigen, die mit einem niedrigen Kapital anfangen m\u00f6chten, sowie f\u00fcr Anf\u00e4nger, da man keinen gro\u00dfen Betrag einzahlen muss. Dies erm\u00f6glicht auch eine effektive Verwaltung der Geldmittel.<\/p>\r\n<p>Durch diese M\u00f6glichkeiten ist dieser Broker besser als die meisten anderen Forex-Broker, wodurch XM im <strong>Bereich Mindesteinzahlung 10 Punkte<\/strong> erh\u00e4lt.<\/p>\r\n<div class=\"retitle\">\r\n<h4>Mindestlotgr\u00f6\u00dfe<span class=\"score\"> 10\/10 <img decoding=\"async\" class=\"usr lazyload\" data-src=\"https:\/\/www.realforexreviews.com\/wp-content\/plugins\/universal-star-rating\/includes\/image.php?img=06.png&amp;px=20&amp;max=5&amp;rat=5\" alt=\"5 out of 5 stars\" style=\"height: 20px !important;\" src=\"data:image\/svg+xml;base64,PHN2ZyB3aWR0aD0iMSIgaGVpZ2h0PSIxIiB4bWxucz0iaHR0cDovL3d3dy53My5vcmcvMjAwMC9zdmciPjwvc3ZnPg==\" \/><\/span><\/h4>\r\n<\/div>\r\n<p>Die akzeptierte Mindestlotgr\u00f6\u00dfe betr\u00e4gt 0,01, was bei den meisten Brokern \u00fcblich ist, und das ist ein weiterer Vorteil, da der Investitionsbetrag so auf eine akzeptable Gr\u00f6\u00dfe gebracht werden kann.<\/p>\r\n<p>XM erh\u00e4lt daher<strong> 10 Punkte f\u00fcr den Mindesthandelsbetrag<\/strong>.<\/p>\r\n<div class=\"retitle\">\r\n<h4>Handelbare Wertpapiere<span class=\"score\"> 8.8\/10 <img decoding=\"async\" class=\"usr lazyload\" data-src=\"https:\/\/www.realforexreviews.com\/wp-content\/plugins\/universal-star-rating\/includes\/image.php?img=06.png&amp;px=20&amp;max=5&amp;rat=4.4\" alt=\"4.4 out of 5 stars\" style=\"height: 20px !important;\" src=\"data:image\/svg+xml;base64,PHN2ZyB3aWR0aD0iMSIgaGVpZ2h0PSIxIiB4bWxucz0iaHR0cDovL3d3dy53My5vcmcvMjAwMC9zdmciPjwvc3ZnPg==\" \/><\/span><\/h4>\r\n<\/div>\r\n<p>Dieser Broker verf\u00fcgt \u00fcber mehr als 300 Instrumente, die auf dieser Plattform gehandelt werden k\u00f6nnen. Dazu geh\u00f6ren Forex, CFDs, Aktienindizes, Energien und Wertmetalle. Diese Mischung aus handelbaren Assets bieten viele M\u00f6glichkeiten, Geld zu verdienen und Profite zu machen.<\/p>\r\n<p>Diese Vielf\u00e4ltigkeit bringt XM <strong>8.8 Punkte f\u00fcr den Bereich Handelbare Asssets<\/strong>.<\/p>\r\n<div style=\"width: 1211px\" class=\"wp-caption aligncenter\"><a href=\"\/regDE\/xm\"><img decoding=\"async\" class=\"size-full lazyload\" data-src=\"\/wp-content\/images\/reviews\/xm_de\/pic2.jpg\" alt=\"XM handelbare wertpapiere\" width=\"1201\" height=\"549\" src=\"data:image\/svg+xml;base64,PHN2ZyB3aWR0aD0iMSIgaGVpZ2h0PSIxIiB4bWxucz0iaHR0cDovL3d3dy53My5vcmcvMjAwMC9zdmciPjwvc3ZnPg==\" style=\"--smush-placeholder-width: 1201px; --smush-placeholder-aspect-ratio: 1201\/549;\" \/><\/a><p class=\"wp-caption-text\">XM handelbare wertpapiere<\/p><\/div>\r\n<p>&nbsp;<\/p>\r\n<p><center><a class=\"open\" href=\"\/regDE\/xm\" target=\"_blank\" rel=\"nofollow noopener noreferrer\">Besuchen Sie die Seite<\/a><\/center><\/p>\r\n<p>&nbsp;<\/p>\r\n<div class=\"retitle\">\r\n<h4>Spread<span class=\"score\"> 9.9\/10 <img decoding=\"async\" class=\"usr lazyload\" data-src=\"https:\/\/www.realforexreviews.com\/wp-content\/plugins\/universal-star-rating\/includes\/image.php?img=06.png&amp;px=20&amp;max=5&amp;rat=5\" alt=\"5 out of 5 stars\" style=\"height: 20px !important;\" src=\"data:image\/svg+xml;base64,PHN2ZyB3aWR0aD0iMSIgaGVpZ2h0PSIxIiB4bWxucz0iaHR0cDovL3d3dy53My5vcmcvMjAwMC9zdmciPjwvc3ZnPg==\" \/><\/span><\/h4>\r\n<\/div>\r\n<p>Mit XMs engen Spreads m\u00fcssen sich die Preise nicht stark bewegen, damit man schon einen Gewinn verzeichnen kann.<\/p>\r\n<p>Der Spread f\u00fcr das W\u00e4hrungspaar EUR\/USD liegt bei 1,8 Pips, was bereits besser ist als das, was andere Broker bieten.<\/p>\r\n<p>Dadurch erh\u00e4lt XM f\u00fcr den Bereich <strong>Auszahlungen 9.9 Punkte.<\/strong><\/p>\r\n<div class=\"retitle\">\r\n<h4>Auszahlungszeit<span class=\"score\"> 10\/10 <img decoding=\"async\" class=\"usr lazyload\" data-src=\"https:\/\/www.realforexreviews.com\/wp-content\/plugins\/universal-star-rating\/includes\/image.php?img=06.png&amp;px=20&amp;max=5&amp;rat=5\" alt=\"5 out of 5 stars\" style=\"height: 20px !important;\" src=\"data:image\/svg+xml;base64,PHN2ZyB3aWR0aD0iMSIgaGVpZ2h0PSIxIiB4bWxucz0iaHR0cDovL3d3dy53My5vcmcvMjAwMC9zdmciPjwvc3ZnPg==\" \/><\/span><\/h4>\r\n<\/div>\r\n<p>Alle Auszahlungsanforderungen werden innerhalb von 24 Stunden bearbeitet, wenn die Geldmittel an XM-Karten oder eine andere unterst\u00fctzte elektronische Methode \u00fcberwiesen worden sind.<\/p>\r\n<p>Kredit-\/Debitkarten und Bank\u00fcberweisungen k\u00f6nnen jedoch 2 bis 5 Werktage in Anspruch nehmen.<\/p>\r\n<p>Basierend auf mehreren Auszahlungstests, die ich ausgef\u00fchrt habe, konnten diese Anforderungen erf\u00fcllt werden und ich habe mein Geld zur\u00fcck bekommen, wie versprochen.<\/p>\r\n<p>Durch diese Geschwindigkeit erh\u00e4lt der Broker f\u00fcr den <strong>Bereich Geld abheben 10 Punkte<\/strong>.<\/p>\r\n<div id=\"paymentmethod\" class=\"retitle\">\r\n<h4>Zahlungsmethodens<span class=\"score\"> 10\/10 <img decoding=\"async\" class=\"usr lazyload\" data-src=\"https:\/\/www.realforexreviews.com\/wp-content\/plugins\/universal-star-rating\/includes\/image.php?img=06.png&amp;px=20&amp;max=5&amp;rat=5\" alt=\"5 out of 5 stars\" style=\"height: 20px !important;\" src=\"data:image\/svg+xml;base64,PHN2ZyB3aWR0aD0iMSIgaGVpZ2h0PSIxIiB4bWxucz0iaHR0cDovL3d3dy53My5vcmcvMjAwMC9zdmciPjwvc3ZnPg==\" \/><\/span><\/h4>\r\n<\/div>\r\n<p>Der Broker akzeptiert die \u00fcblich verwendeten Zahlungsmethoden, einschlie\u00dflich Kreditkarten, elektronische Zahlungen, Bank\u00fcberweisungen, lokale Bank\u00fcberweisungen, MoneyGram und Western Union.<\/p>\r\n<p>Diese M\u00f6glichkeiten sind ziemlich umfassend und erm\u00f6glichen mehr Flexibilit\u00e4t.<\/p>\r\n<p>XM verdient deshalb f\u00fcr den Bereich <strong>Einzahlungs- und Auszahlungsmethoden 10 Punkte<\/strong>.<\/p>\r\n<div style=\"width: 1150px\" class=\"wp-caption aligncenter\"><a href=\"\/regDE\/xm\"><img decoding=\"async\" class=\"size-full lazyload\" data-src=\"\/wp-content\/images\/reviews\/xm_de\/pic3.jpg\" alt=\"XM einzahlungs- und auszahlungsmethoden\" width=\"1140\" height=\"700\" src=\"data:image\/svg+xml;base64,PHN2ZyB3aWR0aD0iMSIgaGVpZ2h0PSIxIiB4bWxucz0iaHR0cDovL3d3dy53My5vcmcvMjAwMC9zdmciPjwvc3ZnPg==\" style=\"--smush-placeholder-width: 1140px; --smush-placeholder-aspect-ratio: 1140\/700;\" \/><\/a><p class=\"wp-caption-text\">XM einzahlungs- und auszahlungsmethoden<\/p><\/div>\r\n<p>&nbsp;<\/p>\r\n<p><center><a class=\"open\" href=\"\/regDE\/xm\" target=\"_blank\" rel=\"nofollow noopener noreferrer\">Besuchen Sie die Seite<\/a><\/center><\/p>\r\n<p>&nbsp;<\/p>\r\n<div class=\"retitle\">\r\n<h4>Kundendienst<span class=\"score\"> 8.4\/10 <img decoding=\"async\" class=\"usr lazyload\" data-src=\"https:\/\/www.realforexreviews.com\/wp-content\/plugins\/universal-star-rating\/includes\/image.php?img=06.png&amp;px=20&amp;max=5&amp;rat=4.2\" alt=\"4.2 out of 5 stars\" style=\"height: 20px !important;\" src=\"data:image\/svg+xml;base64,PHN2ZyB3aWR0aD0iMSIgaGVpZ2h0PSIxIiB4bWxucz0iaHR0cDovL3d3dy53My5vcmcvMjAwMC9zdmciPjwvc3ZnPg==\" \/><\/span><\/h4>\r\n<\/div>\r\n<p>XM kann ohne Probleme via Telefon, Fax, E-Mail oder Live Chat erreicht werden.<\/p>\r\n<p>Das bedeutet, dass ich die Option habe, den Broker fast durch jeden m\u00f6glichen Kanal zu kontaktieren, und somit kann ich Zeit und M\u00fche sparen.<\/p>\r\n<p>Als ich den Broker kontaktierte, war die Wartezeit unter 10 Sekunden und die Antworten meistens schnell und genau, damit die Unterhaltung nur immer einige Minuten dauerte.<\/p>\r\n<p>Basierend auf der tats\u00e4chlichen Kommunikation mit dem Kundendienstmitarbeiter fand ich die Antworten immer sehr direkt und ich erlebte nie Marketingversuche, die andere Forex-Broker oft anwenden.<\/p>\r\n<p>Alles in allem war mein Gespr\u00e4ch mit dem Kundendienst positiv.<\/p>\r\n<p>Daf\u00fcr erh\u00e4lt XM die hohe Punktzahl &#8211; <strong>8.4 Punkten f\u00fcr den Kundendienst<\/strong>.<\/p>\r\n<div style=\"width: 950px\" class=\"wp-caption aligncenter\"><a href=\"\/regDE\/xm\"><img decoding=\"async\" class=\"size-full lazyload\" data-src=\"\/wp-content\/images\/reviews\/xm_de\/pic4.jpg\" alt=\"XM kundendienst\" width=\"940\" height=\"993\" src=\"data:image\/svg+xml;base64,PHN2ZyB3aWR0aD0iMSIgaGVpZ2h0PSIxIiB4bWxucz0iaHR0cDovL3d3dy53My5vcmcvMjAwMC9zdmciPjwvc3ZnPg==\" style=\"--smush-placeholder-width: 940px; --smush-placeholder-aspect-ratio: 940\/993;\" \/><\/a><p class=\"wp-caption-text\">XM kundendienst<\/p><\/div>\r\n<p>&nbsp;<\/p>\r\n<p><center><a class=\"open\" href=\"\/regDE\/xm\" target=\"_blank\" rel=\"nofollow noopener noreferrer\">Besuchen Sie die Seite<\/a><\/center><\/p>\r\n<p>&nbsp;<\/p>\r\n<div class=\"retitle\">\r\n<h4>Genauigkeit der Preise<span class=\"score\"> 9.5\/10 <img decoding=\"async\" class=\"usr lazyload\" data-src=\"https:\/\/www.realforexreviews.com\/wp-content\/plugins\/universal-star-rating\/includes\/image.php?img=06.png&amp;px=20&amp;max=5&amp;rat=4.8\" alt=\"4.8 out of 5 stars\" style=\"height: 20px !important;\" src=\"data:image\/svg+xml;base64,PHN2ZyB3aWR0aD0iMSIgaGVpZ2h0PSIxIiB4bWxucz0iaHR0cDovL3d3dy53My5vcmcvMjAwMC9zdmciPjwvc3ZnPg==\" \/><\/span><\/h4>\r\n<\/div>\r\n<p>Es ist immer wichtig, bei einem Forex-Broker zu handeln, der genaue Marktpreise hat, da Ihre Entscheidung gr\u00f6\u00dftenteils darauf basiert.<\/p>\r\n<p>Die gute Neuigkeit ist, dass mehrere Tests mit der Plattform ergeben haben, dass es keine Anzeichen von Versp\u00e4tungen oder Manipulation bei den Preisen gab und die gleichen Preise f\u00fcr Pre- und Post-Deals gezeigt werden.<\/p>\r\n<p>XM verdient die hohe Punktzahl von <strong>9.5 Punkten f\u00fcr die Genauigkeit der Preise<\/strong>.<\/p>\r\n<div class=\"retitle\">\r\n<h4>Glaubw\u00fcrdigkeit<span class=\"score\"> 8.3\/10 <img decoding=\"async\" class=\"usr lazyload\" data-src=\"https:\/\/www.realforexreviews.com\/wp-content\/plugins\/universal-star-rating\/includes\/image.php?img=06.png&amp;px=20&amp;max=5&amp;rat=4.2\" alt=\"4.2 out of 5 stars\" style=\"height: 20px !important;\" src=\"data:image\/svg+xml;base64,PHN2ZyB3aWR0aD0iMSIgaGVpZ2h0PSIxIiB4bWxucz0iaHR0cDovL3d3dy53My5vcmcvMjAwMC9zdmciPjwvc3ZnPg==\" \/><\/span><\/h4>\r\n<\/div>\r\n<p>XM wird durch die Cyprus Securities and Exchange Commission, Financial Conduct Authority sowie der Australian Securities and Investments Commission lizenziert und reguliert.<\/p>\r\n<p>Das bedeutet, dass der Broker Regeln und Richtlinien unterliegt, die durch diese vertrauensw\u00fcrdigen Finanzbeh\u00f6rden festgelegt worden sind, damit Sie beruhigt handeln k\u00f6nnen.<\/p>\r\n<p>Unabh\u00e4ngig von der Tatsache, dass XM ein regulierter online Broker ist, ist er sehr beliebt in der Forex-Handelscommunity.<\/p>\r\n<p>Die meisten Bewertungen und Kommentare reden \u00fcberaus positiv von den mehreren online Handelsplattformen und den sehr flexiblen Handelsbedingungen.<\/p>\r\n<p>Aufgrund dessen erh\u00e4lt der Broker <strong>8.3 Punkten im Bereich Ruf.<\/strong><\/p>\r\n<div style=\"width: 981px\" class=\"wp-caption aligncenter\"><a href=\"\/regDE\/xm\"><img decoding=\"async\" class=\"size-full lazyload\" data-src=\"\/wp-content\/images\/reviews\/xm_de\/pic5.jpg\" alt=\"XM-Client-Kommentar\" width=\"971\" height=\"162\" src=\"data:image\/svg+xml;base64,PHN2ZyB3aWR0aD0iMSIgaGVpZ2h0PSIxIiB4bWxucz0iaHR0cDovL3d3dy53My5vcmcvMjAwMC9zdmciPjwvc3ZnPg==\" style=\"--smush-placeholder-width: 971px; --smush-placeholder-aspect-ratio: 971\/162;\" \/><\/a><p class=\"wp-caption-text\">XM-Client-Kommentar<\/p><\/div><div style=\"width: 493px\" class=\"wp-caption aligncenter\"><a href=\"\/regDE\/xm\"><img decoding=\"async\" class=\"size-full lazyload\" data-src=\"\/wp-content\/images\/reviews\/xm_de\/pic6.jpg\" alt=\"XM-Client-Kommentar\" width=\"483\" height=\"294\" src=\"data:image\/svg+xml;base64,PHN2ZyB3aWR0aD0iMSIgaGVpZ2h0PSIxIiB4bWxucz0iaHR0cDovL3d3dy53My5vcmcvMjAwMC9zdmciPjwvc3ZnPg==\" style=\"--smush-placeholder-width: 483px; --smush-placeholder-aspect-ratio: 483\/294;\" \/><\/a><p class=\"wp-caption-text\">XM-Client-Kommentar<\/p><\/div><div style=\"width: 680px\" class=\"wp-caption aligncenter\"><a href=\"\/regDE\/xm\"><img decoding=\"async\" class=\"size-full lazyload\" data-src=\"\/wp-content\/images\/reviews\/xm_de\/pic7.jpg\" alt=\"XM-Client-Kommentar\" width=\"670\" height=\"604\" src=\"data:image\/svg+xml;base64,PHN2ZyB3aWR0aD0iMSIgaGVpZ2h0PSIxIiB4bWxucz0iaHR0cDovL3d3dy53My5vcmcvMjAwMC9zdmciPjwvc3ZnPg==\" style=\"--smush-placeholder-width: 670px; --smush-placeholder-aspect-ratio: 670\/604;\" \/><\/a><p class=\"wp-caption-text\">XM-Client-Kommentar<\/p><\/div>\r\n<p>&nbsp;<\/p>\r\n<table width=\"100%\">\r\n<tbody>\r\n<tr>\r\n<td style=\"background-image:inherit; background-repeat: no-repeat; background-position: left;\" height=\"200\" data-bg-image=\"url(&#039;https:\/\/www.realforexreviews.com\/wp-content\/smush-webp\/2020\/03\/trading-background2.jpg.webp&#039;)\" class=\"lazyload\"><img decoding=\"async\" data-src=\"\/wp-content\/images\/header\/xm.png\" alt=\"XM logo\" src=\"data:image\/svg+xml;base64,PHN2ZyB3aWR0aD0iMSIgaGVpZ2h0PSIxIiB4bWxucz0iaHR0cDovL3d3dy53My5vcmcvMjAwMC9zdmciPjwvc3ZnPg==\" class=\"lazyload\" style=\"--smush-placeholder-width: 150px; --smush-placeholder-aspect-ratio: 150\/40;\" \/><\/td>\r\n<\/tr>\r\n<tr>\r\n<td style=\"text-align: left; padding: 0px 30px 30px 30px; background-color: #f3f3f3;\">\r\n<div id=\"conclusion\" class=\"retitle\">\r\n<h4>Schlussfolgerung<span class=\"score\"> 8.8\/10 <img decoding=\"async\" class=\"usr lazyload\" data-src=\"https:\/\/www.realforexreviews.com\/wp-content\/plugins\/universal-star-rating\/includes\/image.php?img=06.png&amp;px=20&amp;max=5&amp;rat=4.4\" alt=\"4.4 out of 5 stars\" style=\"height: 20px !important;\" src=\"data:image\/svg+xml;base64,PHN2ZyB3aWR0aD0iMSIgaGVpZ2h0PSIxIiB4bWxucz0iaHR0cDovL3d3dy53My5vcmcvMjAwMC9zdmciPjwvc3ZnPg==\" \/><\/span><\/h4>\r\n<\/div>\r\n<p>Neben der Tatsache, dass XM ein regulierter Online Broker ist, gibt es viele weitere ansprechende Gr\u00fcnde, warum er heute die Liste der empfohlenen Forex-Broker anf\u00fchrt.<\/p>\r\n<p>Die breite Palette an handelbare Instrumente, die mehreren Online Handelsplattformen, die schnelle Bearbeitung bei Auszahlungen und die sehr flexiblen Handelsbedingungen sind nur einige starke Vorteile.<\/p>\r\n<p>Ein uneingeschr\u00e4nktes Demokonto und extrem niedrige Einzahlungen sollten auch erw\u00e4hnt werden.<\/p>\r\n<p><strong>XM verf\u00fcgt \u00fcber alle Attribute eines vertrauensw\u00fcrdigen und super Broker f\u00fcr Forex- und CFD-H\u00e4ndler.<\/strong><\/p>\r\n<p>&nbsp;<\/p>\r\n<p><center><a class=\"open\" href=\"\/regDE\/xm\" target=\"_blank\" rel=\"nofollow noopener noreferrer\">Besuchen Sie die Seite!<\/a><\/center><\/td>\r\n<\/tr>\r\n<\/tbody>\r\n<\/table>\r\n<p><center><a href=\"https:\/\/clicks.pipaffiliates.com\/c?m=8522&amp;c=547179\"><img fetchpriority=\"high\" decoding=\"async\" src=\"https:\/\/ads.pipaffiliates.com\/i\/8522?c=547179\" width=\"728\" height=\"90\" alt=\"XM banner\"\/><\/a><\/center>[\/vc_column_text][\/vc_column][\/vc_row]<\/p>\r\n","protected":false},"excerpt":{"rendered":"[vc_row][vc_column][vc_column_text][\/vc_column_text][vc_column_text] Einf\u00fchrung oder Inhalt \u00fcberspringen und Lesen unter dem Strich! XM wurde 2009 gegr\u00fcndet und wird durch die Cyprus Securities and Exchange Commission, Financial Conduct Authority sowie der Australian Securities and Investments Commission reguliert. Der Broker ist f\u00fcr seine breite Palette an MT4-Plattformen auf verschiedenen Ger\u00e4ten bekannt, aber ist das der einzige Vorteil dieses Brokers? [&hellip;]","protected":false},"author":57,"featured_media":52608,"parent":247,"menu_order":0,"comment_status":"open","ping_status":"closed","template":"","meta":{"_acf_changed":false,"footnotes":""},"class_list":["post-626","page","type-page","status-publish","has-post-thumbnail","hentry"],"acf":[],"aioseo_notices":[],"_links":{"self":[{"href":"https:\/\/www.realforexreviews.com\/de\/wp-json\/wp\/v2\/pages\/626","targetHints":{"allow":["GET"]}}],"collection":[{"href":"https:\/\/www.realforexreviews.com\/de\/wp-json\/wp\/v2\/pages"}],"about":[{"href":"https:\/\/www.realforexreviews.com\/de\/wp-json\/wp\/v2\/types\/page"}],"author":[{"embeddable":true,"href":"https:\/\/www.realforexreviews.com\/de\/wp-json\/wp\/v2\/users\/57"}],"replies":[{"embeddable":true,"href":"https:\/\/www.realforexreviews.com\/de\/wp-json\/wp\/v2\/comments?post=626"}],"version-history":[{"count":15,"href":"https:\/\/www.realforexreviews.com\/de\/wp-json\/wp\/v2\/pages\/626\/revisions"}],"predecessor-version":[{"id":70955,"href":"https:\/\/www.realforexreviews.com\/de\/wp-json\/wp\/v2\/pages\/626\/revisions\/70955"}],"up":[{"embeddable":true,"href":"https:\/\/www.realforexreviews.com\/de\/wp-json\/wp\/v2\/pages\/247"}],"wp:featuredmedia":[{"embeddable":true,"href":"https:\/\/www.realforexreviews.com\/de\/wp-json\/wp\/v2\/media\/52608"}],"wp:attachment":[{"href":"https:\/\/www.realforexreviews.com\/de\/wp-json\/wp\/v2\/media?parent=626"}],"curies":[{"name":"wp","href":"https:\/\/api.w.org\/{rel}","templated":true}]}}