{"id":7556,"date":"2017-06-27T13:03:39","date_gmt":"2017-06-27T13:03:39","guid":{"rendered":"https:\/\/new.realforexreviews.com\/de\/makler-bewertungen\/pepperstone\/"},"modified":"2020-12-22T11:38:27","modified_gmt":"2020-12-22T11:38:27","slug":"pepperstone","status":"publish","type":"page","link":"https:\/\/www.realforexreviews.com\/de\/makler-bewertungen\/pepperstone","title":{"rendered":"Betrachtung des Brokers Pepperstone 2021"},"content":{"rendered":"<?php if(isset($_GET['session_id'])) { $session_id = $_GET['session_id']; } else { $session_id = 1; } ?>\r\n<?php $aff_link = 'https:\/\/www.realforexreviews.com\/go-de\/pepperstone?clk='.$session_id.'&#038;pos='; ?>\r\n<div class=\"topbox\">\r\n<strong>Fazit:<\/strong>\r\n\r\nPepperstone hat eine Auswahl an Plattformen, die Zugang zu g\u00fcnstigen und schnellen Ausf\u00fchrungen erm\u00f6glichen sowie au\u00dfergew\u00f6hnliche Trading-Konditionen bieten. Seine Regulierung durch verschiedene Finanzaufsichtsbeh\u00f6rden gibt Ihnen die innere Ruhe, mit einem vertrauensw\u00fcrdigen Broker zu handeln, w\u00e4hrend sein pers\u00f6nlicher Kundenservice Ihnen die Gewissheit gibt, immer jemanden zur Hilfe erreichbar zu haben.\r\n\r\n<strong>Gesamtpunktzahl: 90\/100<\/strong>\r\n<a href=\"#full\" style=\"float:right;color:#000;\"><strong>Lesen Sie die vollst\u00e4ndige Bewertung\u2026<\/strong><\/a>\r\n<\/div>\r\n&nbsp;\r\n\r\n<table id=\"full\" class=\"shadow\" border=\"1\" width=\"70%\" cellspacing=\"0\" cellpadding=\"5\" align=\"center\">\r\n<tbody>\r\n<tr>\r\n<td colspan=\"2\" valign=\"top\" style=\"background: rgb(0, 0, 0) none repeat scroll 0% 0%;\">\r\n<h2 style=\"color: #fff;\" align=\"center\"><strong>Pepperstone \u00dcbersicht<\/strong><\/h2>\r\n<\/td>\r\n<\/tr>\r\n<tr>\r\n<td width=\"230\">Gegr\u00fcndet<\/td>\r\n<td width=\"230\">2010<\/td>\r\n<\/tr>\r\n<tr>\r\n<td width=\"230\">Plattform<\/td>\r\n<td width=\"230\">MetaTrader 4, MetaTrader 4 Mac, MetaTrader 5, \r\nWebTrader, iPhone, Android, iPad\/Tablet, cTader, cTrader WebTrader, cTrader cAlgo, cTrader Mobile<\/td>\r\n<\/tr>\r\n<tr>\r\n<td width=\"230\">Mindestkontogr\u00f6\u00dfe<\/td>\r\n<td width=\"230\">\u20ac200<\/td>\r\n<\/tr>\r\n<tr>\r\n<td width=\"230\">Mindestlotgr\u00f6\u00dfe<\/td>\r\n<td width=\"230\">0.01<\/td>\r\n<\/tr>\r\n<tr>\r\n<td width=\"230\">Handelbare Assets<\/td>\r\n<td width=\"230\">70+<\/td>\r\n<\/tr>\r\n<tr>\r\n<td width=\"230\">Maximalgewinn<\/td>\r\n<td width=\"230\">1:500<\/td>\r\n<\/tr>\r\n<tr>\r\n<td width=\"230\">Spread auf EUR\/USD<\/td>\r\n<td width=\"230\">0 pips <\/td>\r\n<\/tr>\r\n<tr>\r\n<td width=\"230\">Zahlungsmethoden<\/td>\r\n<td width=\"230\">Kredit-\/Debitkarte, Bank\u00fcberweisung, PayPal, POLi, China Union Pay, BPay, Skrill (Moneybookers), Neteller, Qiwi, Fasapay, Broker to Broker<\/td>\r\n<\/tr>\r\n<tr>\r\n<td width=\"230\">Demokonto<\/td>\r\n<td width=\"230\">Ja<\/td>\r\n<\/tr>\r\n<tr>\r\n<td width=\"230\">Akzeptiert deutsche H\u00e4ndler<\/td>\r\n<td width=\"230\">Ja<\/td>\r\n<\/tr>\r\n<tr>\r\n<td width=\"230\">Reguliert<\/td>\r\n<td width=\"230\">ASIC (Australien), FCA (UK)<\/td>\r\n<\/tr>\r\n<tr>\r\n<td width=\"230\">Hilfe<\/td>\r\n<td width=\"230\">Telefon, E-Mail, Live Chat<\/td>\r\n<\/tr>\r\n<tr>\r\n<td width=\"230\">Webseite<\/td>\r\n<td width=\"230\"><a href=\"<?php echo $aff_link.'v1'; ?>&#8222;>www.pepperstone.com<\/a><\/td>\r\n<\/tr>\r\n<\/tbody>\r\n<\/table>\r\n&nbsp;\r\n<center><a href=\"<?php echo $aff_link.'v1'; ?>&#8220; class=&#8220;open&#8220; target=&#8220;_blank&#8220; rel=&#8220;nofollow&#8220;>Webseite besuchen<\/a><br>\r\n[symple_button url=&#8220;#end&#8220; color=&#8220;black&#8220; size=&#8220;small&#8220; border_radius=&#8220;3px&#8220; target=&#8220;self&#8220; rel=&#8220;&#8220; icon_left=&#8220;&#8220; icon_right=&#8220;&#8220;]Inhalt \u00fcberspringen und Lesen unter dem Strich![\/symple_button]<\/center>\r\n&nbsp;\r\n\r\n\r\nPepperstone ist ein online Forex- und CFD-Broker, der seit 2010 operiert. Sollten Sie mit diesem Broker traden? Lesen Sie diese Rezension, um es herauszufinden.\r\n\r\n<div class=\"retitle\"><div class=\"scoure\">9\/10<\/div><h4>Plattform<\/h4><\/div>\r\n\r\nZum Zeitpunkt der Abfassung dieses Berichts gibt es insgesamt 11 Plattformen, so dass Sie bequem auf Ihre eigene Weise traden k\u00f6nnen.\r\n\r\n<div class=\"retitle\"><div class=\"scoure\">5\/5<\/div><h4>Design<\/h4><\/div>\r\n\r\nDas Layout der Plattformen ist gut organisiert und erlaubt eine leichte Navigation. Insgesamt hat der Broker gute Arbeit geleistet, den visuellen Aspekt der Plattformen zu optimieren.\r\n\r\n<a href=\"<?php echo $aff_link.'vp'; ?>&#8220; target=&#8220;_blank&#8220; rel=&#8220;nofollow&#8220;><img decoding=\"async\" class=\"aligncenter img-responsive lazyload\" data-src=\"\/wp-content\/images\/reviews\/pepperstone_de\/pic1.jpg\" alt=\"pepperstone plattform\" src=\"data:image\/svg+xml;base64,PHN2ZyB3aWR0aD0iMSIgaGVpZ2h0PSIxIiB4bWxucz0iaHR0cDovL3d3dy53My5vcmcvMjAwMC9zdmciPjwvc3ZnPg==\" style=\"--smush-placeholder-width: 1278px; --smush-placeholder-aspect-ratio: 1278\/908;\" \/><\/a>\r\n\r\n<div class=\"retitle\"><div class=\"scoure\">3\/5<\/div><h4>Mindesteinzahlung<\/h4><\/div>\r\n\r\nDie Mindesteinzahlung von \u20ac200 ist nicht die niedrigste der Branche, aber auch nicht die h\u00f6chste, befindet sich also ziemlich im Durchschnitt.\r\n\r\n<div class=\"retitle\"><div class=\"scoure\">4\/5<\/div><h4>Mindestlotgr\u00f6\u00dfe<\/h4><\/div>\r\n\r\nWie in der gesamten Industrie ist die Mindestlotgr\u00f6\u00dfe 0,01.\r\n\r\n<div class=\"retitle\"><div class=\"scoure\">3\/5<\/div><h4>Handelbare Assets<\/h4><\/div>\r\n\r\nZurzeit gibt es \u00fcber 70 handelbare Assets und diese sind von allen Plattformen zug\u00e4nglich.\r\n\r\n<a href=\"<?php echo $aff_link.'vp'; ?>&#8220; target=&#8220;_blank&#8220; rel=&#8220;nofollow&#8220;><img decoding=\"async\" class=\"aligncenter img-responsive lazyload\" data-src=\"\/wp-content\/images\/reviews\/pepperstone_de\/pic2.jpg\" alt=\"pepperstone handelbare assets\" src=\"data:image\/svg+xml;base64,PHN2ZyB3aWR0aD0iMSIgaGVpZ2h0PSIxIiB4bWxucz0iaHR0cDovL3d3dy53My5vcmcvMjAwMC9zdmciPjwvc3ZnPg==\" style=\"--smush-placeholder-width: 506px; --smush-placeholder-aspect-ratio: 506\/828;\" \/><\/a>\r\n&nbsp;\r\n<center><a href=\"<?php echo $aff_link.'vp'; ?>&#8220; class=&#8220;open&#8220; target=&#8220;_blank&#8220; rel=&#8220;nofollow&#8220;>Webseite besuchen<\/a><\/center>\r\n&nbsp;\r\n\r\n<div class=\"retitle\"><div class=\"scoure\">10\/10<\/div><h4>Auszahlungen<\/h4><\/div>\r\n\r\nDie Spreads auf der MetaTrader 4 Plattform sind unterschiedlich, aber auch in liquiden Zeiten k\u00f6nnen sie bis auf 0 fallen, sogar bei gro\u00dfen W\u00e4hrungspaaren wie EURUSD.\r\n\r\n<div class=\"retitle\"><div class=\"scoure\">10\/10<\/div><h4>Auszahlungszeit<\/h4><\/div>\r\n\r\nMan muss ein Abhebungsformular ausf\u00fcllen und wenn es vor 21:00 Uhr GMT eingeschickt wird, wird es noch am selben Tag bearbeitet. Ansonsten geschieht die Bearbeitung am folgenden Gesch\u00e4ftstag.\r\n\r\n<div class=\"retitle\"><div class=\"scoure\">5\/5<\/div><h4>Einzahlungs- und Auszahlungsmethoden<\/h4><\/div>\r\n\r\nSie unterst\u00fctzen Kredit- und Debitkarten (Visa und MasterCard), Banc Transfer, PayPal, POLi, China Union Pay, BPay, Skrill (Moneybookers), Neteller, Qiwi, Fasapay und sogar Broker-zu-Broker-\u00dcberweisungen.\r\n\r\n<a href=\"<?php echo $aff_link.'vp'; ?>&#8220; target=&#8220;_blank&#8220; rel=&#8220;nofollow&#8220;><img decoding=\"async\" class=\"aligncenter img-responsive lazyload\" data-src=\"\/wp-content\/images\/reviews\/pepperstone_de\/pic3.jpg\" alt=\"pepperstone einzahlungs- und auszahlungsmethoden\" src=\"data:image\/svg+xml;base64,PHN2ZyB3aWR0aD0iMSIgaGVpZ2h0PSIxIiB4bWxucz0iaHR0cDovL3d3dy53My5vcmcvMjAwMC9zdmciPjwvc3ZnPg==\" style=\"--smush-placeholder-width: 733px; --smush-placeholder-aspect-ratio: 733\/1846;\" \/><\/a>\r\n\r\n<div class=\"retitle\"><div class=\"scoure\">13\/15<\/div><h4>Kundendienst<\/h4><\/div>\r\n\r\nDer Kundenservice kann bequem per Telefon, E-Mail und Live Chat erreicht werden. Ihre Professionalit\u00e4t und H\u00f6flichkeit ist lobenswert.\r\n\r\n<a href=\"<?php echo $aff_link.'vp'; ?>&#8220; target=&#8220;_blank&#8220; rel=&#8220;nofollow&#8220;><img decoding=\"async\" class=\"aligncenter img-responsive lazyload\" data-src=\"\/wp-content\/images\/reviews\/pepperstone_de\/pic4.jpg\" alt=\"pepperstone kundendienst\" src=\"data:image\/svg+xml;base64,PHN2ZyB3aWR0aD0iMSIgaGVpZ2h0PSIxIiB4bWxucz0iaHR0cDovL3d3dy53My5vcmcvMjAwMC9zdmciPjwvc3ZnPg==\" style=\"--smush-placeholder-width: 833px; --smush-placeholder-aspect-ratio: 833\/6050;\" \/><\/a>\r\n\r\n<div class=\"retitle\"><div class=\"scoure\">10\/10<\/div><h4>Genauigkeit der Angaben<\/h4><\/div>\r\n\r\nAuch w\u00e4hrend hoher Liquidit\u00e4t basierten die Preise auf der Plattform auf Echtzeitpreisen, wie mehrere Tests ergeben haben.\r\n\r\n<div class=\"retitle\"><div class=\"scoure\">15\/20<\/div><h4>Ruf<\/h4><\/div>\r\n\r\nAuf Basis unserer Analyse dieses Brokers k\u00f6nnen wir feststellen, dass seine Reputation stark ist, besonders unter deutschen Tradern. Der Broker wird von der CySEC und der FCA reguliert und mehrere Preise lassen ihn sehr seri\u00f6s erscheinen.\r\n\r\n<div id=\"end\" class=\"retitle\"><div class=\"scoure\"><\/div><h4>Fazit<\/h4><\/div>\r\n[symple_box color=&#8220;blue&#8220; fade_in=&#8220;false&#8220; float=&#8220;center&#8220; text_align=&#8220;left&#8220; width=&#8220;&#8220;]\r\n\r\nPepperstone hat eine Auswahl an Plattformen, die Zugang zu g\u00fcnstigen und schnellen Ausf\u00fchrungen erm\u00f6glichen sowie au\u00dfergew\u00f6hnliche Trading-Konditionen bieten. Seine Regulierung durch verschiedene Finanzaufsichtsbeh\u00f6rden gibt Ihnen die innere Ruhe, mit einem vertrauensw\u00fcrdigen Broker zu handeln, w\u00e4hrend sein pers\u00f6nlicher Kundenservice Ihnen die Gewissheit gibt, immer jemanden zur Hilfe erreichbar zu haben.\r\n\r\n<strong>Gesamtpunktzahl: 90\/100<\/strong>[\/symple_box]\r\n&nbsp;\r\n<center><a href=\"<?php echo $aff_link.'v3'; ?>&#8220; class=&#8220;open&#8220; target=&#8220;_blank&#8220; rel=&#8220;nofollow&#8220;>Webseite besuchen<\/a><\/center>\r\n\r\n\r\n\r\n\r\n\r\n\r\n","protected":false},"excerpt":{"rendered":"Fazit: Pepperstone hat eine Auswahl an Plattformen, die Zugang zu g\u00fcnstigen und schnellen Ausf\u00fchrungen erm\u00f6glichen sowie au\u00dfergew\u00f6hnliche Trading-Konditionen bieten. Seine Regulierung durch verschiedene Finanzaufsichtsbeh\u00f6rden gibt Ihnen die innere Ruhe, mit einem vertrauensw\u00fcrdigen Broker zu handeln, w\u00e4hrend sein pers\u00f6nlicher Kundenservice Ihnen die Gewissheit gibt, immer jemanden zur Hilfe erreichbar zu haben. Gesamtpunktzahl: 90\/100 Lesen Sie die [&hellip;]","protected":false},"author":57,"featured_media":0,"parent":247,"menu_order":0,"comment_status":"open","ping_status":"closed","template":"","meta":{"_acf_changed":false,"footnotes":""},"class_list":["post-7556","page","type-page","status-publish","hentry"],"acf":[],"aioseo_notices":[],"_links":{"self":[{"href":"https:\/\/www.realforexreviews.com\/de\/wp-json\/wp\/v2\/pages\/7556","targetHints":{"allow":["GET"]}}],"collection":[{"href":"https:\/\/www.realforexreviews.com\/de\/wp-json\/wp\/v2\/pages"}],"about":[{"href":"https:\/\/www.realforexreviews.com\/de\/wp-json\/wp\/v2\/types\/page"}],"author":[{"embeddable":true,"href":"https:\/\/www.realforexreviews.com\/de\/wp-json\/wp\/v2\/users\/57"}],"replies":[{"embeddable":true,"href":"https:\/\/www.realforexreviews.com\/de\/wp-json\/wp\/v2\/comments?post=7556"}],"version-history":[{"count":3,"href":"https:\/\/www.realforexreviews.com\/de\/wp-json\/wp\/v2\/pages\/7556\/revisions"}],"predecessor-version":[{"id":70960,"href":"https:\/\/www.realforexreviews.com\/de\/wp-json\/wp\/v2\/pages\/7556\/revisions\/70960"}],"up":[{"embeddable":true,"href":"https:\/\/www.realforexreviews.com\/de\/wp-json\/wp\/v2\/pages\/247"}],"wp:attachment":[{"href":"https:\/\/www.realforexreviews.com\/de\/wp-json\/wp\/v2\/media?parent=7556"}],"curies":[{"name":"wp","href":"https:\/\/api.w.org\/{rel}","templated":true}]}}