{"id":4591,"date":"2020-04-07T08:00:52","date_gmt":"2020-04-07T08:00:52","guid":{"rendered":"https:\/\/new.realforexreviews.com\/es\/brokers\/xm\/"},"modified":"2020-12-26T09:05:47","modified_gmt":"2020-12-26T09:05:47","slug":"xm","status":"publish","type":"page","link":"https:\/\/www.realforexreviews.com\/es\/brokers\/xm","title":{"rendered":"An\u00e1lisis del XM Group Broker 2021"},"content":{"rendered":"[vc_row][vc_column][vc_column_text]\r\n\r\n<center><a href=\"https:\/\/clicks.pipaffiliates.com\/c?m=23863&amp;c=547188\"><img fetchpriority=\"high\" decoding=\"async\" src=\"https:\/\/ads.pipaffiliates.com\/i\/23863?c=547188\" alt=\"XM banner\" width=\"728\" height=\"90\" \/><\/a><\/center>[\/vc_column_text][vc_column_text]<!--?php if(isset($_GET['session_id'])) { $session_id = $_GET['session_id']; } else { $session_id = 1; } ?--><!--?php $aff_link = 'https:\/\/www.realforexreviews.com\/go-es\/xm?clk='.$session_id.'&amp;pos='; ?-->\r\n<div id=\"end\" class=\"retitle\">\r\n<h4>Introducci\u00f3n<a class=\"readbottomline\" href=\"#conclusion\">o Saltar contenido y Lea la l\u00ednea de fondo!<\/a><\/h4>\r\n<\/div>\r\nXM se estableci\u00f3 en 2009 y est\u00e1 autorizado y regulado por la CySEC y la ASIC.\r\n\r\nSon altamente reconocidos por ofrecer un rango de plataformas MT4 en varias terminales, pero, \u00bfes esa la \u00fanica ventaja que tiene?\r\n\r\n<strong>Vamos a descubrirlo en esta rese\u00f1a.<\/strong>\r\n\r\n&nbsp;\r\n<table class=\"shadow\" border=\"1\" width=\"70%\" cellspacing=\"0\" cellpadding=\"5\" align=\"center\">\r\n<tbody>\r\n<tr>\r\n<td style=\"background: #336181 none repeat scroll 0% 0%; border-top-left-radius: 10px; border-top-right-radius: 10px; border: 1px solid #fff;\" colspan=\"2\" valign=\"top\"><center><span style=\"color: #fff;\"><strong>Informaci\u00f3n general de XM Group<\/strong><\/span><\/center><\/td>\r\n<\/tr>\r\n<tr>\r\n<td width=\"230\">Fundado en<\/td>\r\n<td width=\"230\">2009<\/td>\r\n<\/tr>\r\n<tr>\r\n<td width=\"230\">Plataforma<\/td>\r\n<td width=\"230\">MT4 para PC, MT4 para Mac, MT4 Multiterminal, WebTrader MT4, MT5 para PC, MT5 para Mac, WebTrader MT5, MT4 para iPhone, MT4 para Android, MT5 para iPhone, MT5 para Android, MT4 para iPad, MT4 para Android, MT5 para iPad, MT5 para Android<\/td>\r\n<\/tr>\r\n<tr>\r\n<td width=\"230\">Tama\u00f1o m\u00ednimo de la cuenta<\/td>\r\n<td width=\"230\">\u20ac5<\/td>\r\n<\/tr>\r\n<tr>\r\n<td width=\"230\">Posici\u00f3n m\u00ednima<\/td>\r\n<td width=\"230\">0.01<\/td>\r\n<\/tr>\r\n<tr>\r\n<td width=\"230\">Activos<\/td>\r\n<td width=\"230\">300+<\/td>\r\n<\/tr>\r\n<tr>\r\n<td width=\"230\">Apalancamiento m\u00e1ximo<\/td>\r\n<td width=\"230\">1:888<\/td>\r\n<\/tr>\r\n<tr>\r\n<td width=\"230\">Diferencial de EUR\/USD<\/td>\r\n<td width=\"230\">0.0001 pip<\/td>\r\n<\/tr>\r\n<tr>\r\n<td width=\"230\">Formas de pago<\/td>\r\n<td width=\"230\">Tarjetas de Credito, Neteller, WebMoney, Skrill, Sofort Banking, iDeal, paysafecard, QIWI, CashU, giropay, Przelewy24, fasapay, Perfect Money, Transferencia Bancaria, Transferencia a Banco Local, Boleto, OXXO<\/td>\r\n<\/tr>\r\n<tr>\r\n<td width=\"230\">Cuenta demo<\/td>\r\n<td width=\"230\">Ilimitada<\/td>\r\n<\/tr>\r\n<tr>\r\n<td width=\"230\">Comerciantes de Espa\u00f1oles<\/td>\r\n<td width=\"230\">S\u00ed<\/td>\r\n<\/tr>\r\n<tr>\r\n<td width=\"230\">Regulado por<\/td>\r\n<td width=\"230\">FCA (Reino Unido), ASIC (Australia), CySEC (Chipre)<\/td>\r\n<\/tr>\r\n<tr>\r\n<td width=\"230\">Atenci\u00f3n al cliente<\/td>\r\n<td width=\"230\">Tel\u00e9fono, Fax, Correo electr\u00f3nico, Chat en vivo<\/td>\r\n<\/tr>\r\n<tr>\r\n<td width=\"230\">Web<\/td>\r\n<td width=\"230\"><a href=\"\/regES\/xm\">www.xm.com\/es<\/a><\/td>\r\n<\/tr>\r\n<\/tbody>\r\n<\/table>\r\n&nbsp;\r\n\r\n<center><a class=\"open\" href=\"\/regES\/xm\" target=\"_blank\" rel=\"nofollow noopener noreferrer\">Visitar la web<\/a><\/center>\r\n<div id=\"platform\" class=\"retitle\">\r\n<h4>Plataforma<span class=\"score\"> 8.8\/10 <img decoding=\"async\" class=\"usr lazyload\" data-src=\"https:\/\/www.realforexreviews.com\/wp-content\/plugins\/universal-star-rating\/includes\/image.php?img=06.png&amp;px=20&amp;max=5&amp;rat=4.4\" alt=\"4.4 out of 5 stars\" style=\"height: 20px !important;\" src=\"data:image\/svg+xml;base64,PHN2ZyB3aWR0aD0iMSIgaGVpZ2h0PSIxIiB4bWxucz0iaHR0cDovL3d3dy53My5vcmcvMjAwMC9zdmciPjwvc3ZnPg==\" \/><\/span><\/h4>\r\n<\/div>\r\n<strong>XM tiene un rango extenso de plataformas MetraTrader 4<\/strong> a las que se puede acceder con tan solo una cuenta.\r\n\r\nPuede instalarlas en ordenadores que ejecuten Windows o Mac, as\u00ed como en dispositivo m\u00f3viles que ejecuten iOS o Android.\r\n\r\nTambi\u00e9n posee la WebTrader a la que se puede acceder desde cualquier navegador.\r\n\r\nHablando de manera pr\u00e1ctica, poseen todas las soluciones para casi todos los tipos de dispositivos y esto le proporciona una <strong>Puntuaci\u00f3n por plataforma de 8.8<\/strong>.\r\n<div class=\"retitle\">\r\n<h4>Dise\u00f1o<span class=\"score\"> 10\/10 <img decoding=\"async\" class=\"usr lazyload\" data-src=\"https:\/\/www.realforexreviews.com\/wp-content\/plugins\/universal-star-rating\/includes\/image.php?img=06.png&amp;px=20&amp;max=5&amp;rat=5\" alt=\"5 out of 5 stars\" style=\"height: 20px !important;\" src=\"data:image\/svg+xml;base64,PHN2ZyB3aWR0aD0iMSIgaGVpZ2h0PSIxIiB4bWxucz0iaHR0cDovL3d3dy53My5vcmcvMjAwMC9zdmciPjwvc3ZnPg==\" \/><\/span><\/h4>\r\n<\/div>\r\n<strong>Todas sus plataformas poseen un dise\u00f1o organizado.<\/strong>\r\n\r\nNo tienen men\u00fas o secciones complicadas que podr\u00edan abrumar a los usuarios, especialmente aquellos que son principiantes en el sistema.\r\n\r\nEn general, esto se merece una <strong>Puntuaci\u00f3n por dise\u00f1o de 10<\/strong>.\r\n\r\n<div style=\"width: 1289px\" class=\"wp-caption aligncenter\"><a href=\"\/regES\/xm\"><img decoding=\"async\" class=\"size-full lazyload\" data-src=\"\/wp-content\/images\/reviews\/xm_es\/pic1.jpg\" alt=\"XM plataforma\" width=\"1279\" height=\"880\" src=\"data:image\/svg+xml;base64,PHN2ZyB3aWR0aD0iMSIgaGVpZ2h0PSIxIiB4bWxucz0iaHR0cDovL3d3dy53My5vcmcvMjAwMC9zdmciPjwvc3ZnPg==\" style=\"--smush-placeholder-width: 1279px; --smush-placeholder-aspect-ratio: 1279\/880;\" \/><\/a><p class=\"wp-caption-text\">XM plataforma<\/p><\/div>\r\n\r\n<center><a class=\"open\" href=\"\/regES\/xm\" target=\"_blank\" rel=\"nofollow noopener noreferrer\">Visitar XM<\/a><\/center>\r\n<div class=\"retitle\">\r\n<h4>Dep\u00f3sito m\u00ednimo<span class=\"score\"> 10\/10 <img decoding=\"async\" class=\"usr lazyload\" data-src=\"https:\/\/www.realforexreviews.com\/wp-content\/plugins\/universal-star-rating\/includes\/image.php?img=06.png&amp;px=20&amp;max=5&amp;rat=5\" alt=\"5 out of 5 stars\" style=\"height: 20px !important;\" src=\"data:image\/svg+xml;base64,PHN2ZyB3aWR0aD0iMSIgaGVpZ2h0PSIxIiB4bWxucz0iaHR0cDovL3d3dy53My5vcmcvMjAwMC9zdmciPjwvc3ZnPg==\" \/><\/span><\/h4>\r\n<\/div>\r\nLa apertura de cuenta real comienza con un dep\u00f3sito m\u00ednimo de 5\u20ac, <strong>cantidad extremadamente baja<\/strong> comparada con los requisitos de otros br\u00f3keres.\r\n\r\nEsto le garantiza una <strong>Puntuaci\u00f3n por dep\u00f3sito m\u00ednimo de 10<\/strong>.\r\n<div class=\"retitle\">\r\n<h4>Posici\u00f3n m\u00ednima<span class=\"score\"> 10\/10 <img decoding=\"async\" class=\"usr lazyload\" data-src=\"https:\/\/www.realforexreviews.com\/wp-content\/plugins\/universal-star-rating\/includes\/image.php?img=06.png&amp;px=20&amp;max=5&amp;rat=5\" alt=\"5 out of 5 stars\" style=\"height: 20px !important;\" src=\"data:image\/svg+xml;base64,PHN2ZyB3aWR0aD0iMSIgaGVpZ2h0PSIxIiB4bWxucz0iaHR0cDovL3d3dy53My5vcmcvMjAwMC9zdmciPjwvc3ZnPg==\" \/><\/span><\/h4>\r\n<\/div>\r\nEl tama\u00f1o m\u00ednimo de lote aceptado es de 0.01 lo que es bastante habitual en la mayor\u00eda de los br\u00f3keres y es una ventaja porque <strong>la cantidad de inversi\u00f3n puede establecerse con un tama\u00f1o aceptable.<\/strong>\r\n\r\nBasado en nuestra tabla de puntuaci\u00f3n, XM logra una <strong>Puntuaci\u00f3n por operaci\u00f3n m\u00ednima de 10<\/strong>.\r\n<div class=\"retitle\">\r\n<h4>Activos<span class=\"score\"> 8.8\/10 <img decoding=\"async\" class=\"usr lazyload\" data-src=\"https:\/\/www.realforexreviews.com\/wp-content\/plugins\/universal-star-rating\/includes\/image.php?img=06.png&amp;px=20&amp;max=5&amp;rat=4.4\" alt=\"4.4 out of 5 stars\" style=\"height: 20px !important;\" src=\"data:image\/svg+xml;base64,PHN2ZyB3aWR0aD0iMSIgaGVpZ2h0PSIxIiB4bWxucz0iaHR0cDovL3d3dy53My5vcmcvMjAwMC9zdmciPjwvc3ZnPg==\" \/><\/span><\/h4>\r\n<\/div>\r\n<strong>Se pueden operar 300 instrumentos en sus plataformas y esto incluye forex y CFD.<\/strong>\r\n\r\nTal variedad abre una gran cantidad de oportunidades burs\u00e1tiles y esta es la raz\u00f3n por la que se gana una <strong>Puntuaci\u00f3n por activos operativos de 8.8<\/strong>.\r\n\r\n<div style=\"width: 1084px\" class=\"wp-caption aligncenter\"><a href=\"\/regES\/xm\"><img decoding=\"async\" class=\"size-full lazyload\" data-src=\"\/wp-content\/images\/reviews\/xm_es\/pic2.jpg\" alt=\"XM activos\" width=\"1074\" height=\"840\" src=\"data:image\/svg+xml;base64,PHN2ZyB3aWR0aD0iMSIgaGVpZ2h0PSIxIiB4bWxucz0iaHR0cDovL3d3dy53My5vcmcvMjAwMC9zdmciPjwvc3ZnPg==\" style=\"--smush-placeholder-width: 1074px; --smush-placeholder-aspect-ratio: 1074\/840;\" \/><\/a><p class=\"wp-caption-text\">XM activos<\/p><\/div>\r\n\r\n<center><a class=\"open\" href=\"\/regES\/xm\" target=\"_blank\" rel=\"nofollow noopener noreferrer\">Visitar XM<\/a><\/center>\r\n<div class=\"retitle\">\r\n<h4>Diferenciales<span class=\"score\"> 9.9\/10 <img decoding=\"async\" class=\"usr lazyload\" data-src=\"https:\/\/www.realforexreviews.com\/wp-content\/plugins\/universal-star-rating\/includes\/image.php?img=06.png&amp;px=20&amp;max=5&amp;rat=5\" alt=\"5 out of 5 stars\" style=\"height: 20px !important;\" src=\"data:image\/svg+xml;base64,PHN2ZyB3aWR0aD0iMSIgaGVpZ2h0PSIxIiB4bWxucz0iaHR0cDovL3d3dy53My5vcmcvMjAwMC9zdmciPjwvc3ZnPg==\" \/><\/span><\/h4>\r\n<\/div>\r\nXM es capaz de proporcionar <strong>diferenciales muy competitivos.<\/strong>\r\n\r\nPor ejemplo, el diferencial para el par EUR\/USD es de 0.0001 pip, lo que ya es considerado ajustado.\r\n\r\nEsto garantiza una <strong>Puntuaci\u00f3n por los reembolsos de 9.9<\/strong>.\r\n<div class=\"retitle\">\r\n<h4>Tiempo de retirada<span class=\"score\"> 10\/10 <img decoding=\"async\" class=\"usr lazyload\" data-src=\"https:\/\/www.realforexreviews.com\/wp-content\/plugins\/universal-star-rating\/includes\/image.php?img=06.png&amp;px=20&amp;max=5&amp;rat=5\" alt=\"5 out of 5 stars\" style=\"height: 20px !important;\" src=\"data:image\/svg+xml;base64,PHN2ZyB3aWR0aD0iMSIgaGVpZ2h0PSIxIiB4bWxucz0iaHR0cDovL3d3dy53My5vcmcvMjAwMC9zdmciPjwvc3ZnPg==\" \/><\/span><\/h4>\r\n<\/div>\r\n<strong>Las solicitudes de retirada se procesan en 24 horas<\/strong> para las cuentas verificadas.\r\n\r\nDe hecho, hicimos la prueba, y nuestra solicitud se complete en el mismo d\u00eda.\r\n\r\nEste nivel de velocidad se merece una <strong>Puntuaci\u00f3n por tiempo de retirada de 10<\/strong>.\r\n<div class=\"retitle\">\r\n<h4>M\u00e9todos de dep\u00f3sito y retirada<span class=\"score\"> 10\/10 <img decoding=\"async\" class=\"usr lazyload\" data-src=\"https:\/\/www.realforexreviews.com\/wp-content\/plugins\/universal-star-rating\/includes\/image.php?img=06.png&amp;px=20&amp;max=5&amp;rat=5\" alt=\"5 out of 5 stars\" style=\"height: 20px !important;\" src=\"data:image\/svg+xml;base64,PHN2ZyB3aWR0aD0iMSIgaGVpZ2h0PSIxIiB4bWxucz0iaHR0cDovL3d3dy53My5vcmcvMjAwMC9zdmciPjwvc3ZnPg==\" \/><\/span><\/h4>\r\n<\/div>\r\n<strong>Aceptan los m\u00e9todos bancarios m\u00e1s habituales a d\u00eda de hoy<\/strong> incluyendo las tarjetas de cr\u00e9dito, Neteller, WebMoney, Skrill, Sofort Banking, iDeal, paysafecard, QIWI, CashU, giropay, Przelewy24, fasapay, Perfect Money, Transferencia Bancaria, Transferencia a Banco Local, Boleto y OXXO.\r\n\r\nTal cobertura garantiza una <strong>Puntuaci\u00f3n en los m\u00e9todos de dep\u00f3sito y retirada de 10<\/strong>.\r\n\r\n<div style=\"width: 1097px\" class=\"wp-caption aligncenter\"><a href=\"\/regES\/xm\"><img decoding=\"async\" class=\"size-full lazyload\" data-src=\"\/wp-content\/images\/reviews\/xm_es\/pic3.jpg\" alt=\"XM m\u00e9todos de dep\u00f3sito y retirada\" width=\"1087\" height=\"1934\" src=\"data:image\/svg+xml;base64,PHN2ZyB3aWR0aD0iMSIgaGVpZ2h0PSIxIiB4bWxucz0iaHR0cDovL3d3dy53My5vcmcvMjAwMC9zdmciPjwvc3ZnPg==\" style=\"--smush-placeholder-width: 1087px; --smush-placeholder-aspect-ratio: 1087\/1934;\" \/><\/a><p class=\"wp-caption-text\">XM m\u00e9todos de dep\u00f3sito y retirada<\/p><\/div>\r\n\r\n<center><a class=\"open\" href=\"\/regES\/xm\" target=\"_blank\" rel=\"nofollow noopener noreferrer\">Visitar XM<\/a><\/center>\r\n<div class=\"retitle\">\r\n<h4>Atenci\u00f3n al cliente<span class=\"score\"> 8.8\/10 <img decoding=\"async\" class=\"usr lazyload\" data-src=\"https:\/\/www.realforexreviews.com\/wp-content\/plugins\/universal-star-rating\/includes\/image.php?img=06.png&amp;px=20&amp;max=5&amp;rat=4.4\" alt=\"4.4 out of 5 stars\" style=\"height: 20px !important;\" src=\"data:image\/svg+xml;base64,PHN2ZyB3aWR0aD0iMSIgaGVpZ2h0PSIxIiB4bWxucz0iaHR0cDovL3d3dy53My5vcmcvMjAwMC9zdmciPjwvc3ZnPg==\" \/><\/span><\/h4>\r\n<\/div>\r\nLa atenci\u00f3n al cliente puede realizarse a trav\u00e9s del tel\u00e9fono o en chat en directo.\r\n\r\n<strong>El tiempo de espera solo fue de unos segundos<\/strong> mientras que sus respuestas en su mayor\u00eda fueron r\u00e1pidas, claras y directas.\r\n\r\nEsto se merece una <strong>Puntuaci\u00f3n de atenci\u00f3n al cliente de 8.8<\/strong>.\r\n\r\n<div style=\"width: 1097px\" class=\"wp-caption aligncenter\"><a href=\"\/regES\/xm\"><img decoding=\"async\" class=\"size-full lazyload\" data-src=\"\/wp-content\/images\/reviews\/xm_es\/pic3.jpg\" alt=\"XM atenci\u00f3n al cliente\" width=\"1087\" height=\"1934\" src=\"data:image\/svg+xml;base64,PHN2ZyB3aWR0aD0iMSIgaGVpZ2h0PSIxIiB4bWxucz0iaHR0cDovL3d3dy53My5vcmcvMjAwMC9zdmciPjwvc3ZnPg==\" style=\"--smush-placeholder-width: 1087px; --smush-placeholder-aspect-ratio: 1087\/1934;\" \/><\/a><p class=\"wp-caption-text\">XM atenci\u00f3n al cliente<\/p><\/div>\r\n\r\n<div class=\"retitle\">\r\n<h4>Precisi\u00f3n de cotizaci\u00f3n<span class=\"score\"> 9.5\/10 <img decoding=\"async\" class=\"usr lazyload\" data-src=\"https:\/\/www.realforexreviews.com\/wp-content\/plugins\/universal-star-rating\/includes\/image.php?img=06.png&amp;px=20&amp;max=5&amp;rat=4.8\" alt=\"4.8 out of 5 stars\" style=\"height: 20px !important;\" src=\"data:image\/svg+xml;base64,PHN2ZyB3aWR0aD0iMSIgaGVpZ2h0PSIxIiB4bWxucz0iaHR0cDovL3d3dy53My5vcmcvMjAwMC9zdmciPjwvc3ZnPg==\" \/><\/span><\/h4>\r\n<\/div>\r\nHicimos varias pruebas con sus plataformas y las buenas noticias son que <strong>no mostraron se\u00f1ales de retrasos o manipulaci\u00f3n de los precios del mercado.<\/strong>\r\n\r\nPor esta raz\u00f3n, logran una <strong>Puntuaci\u00f3n en la exactitud de la cotizaci\u00f3n de 9.5<\/strong>.\r\n<div class=\"retitle\">\r\n<h4>Credibilidad<span class=\"score\"> 8.9\/10 <img decoding=\"async\" class=\"usr lazyload\" data-src=\"https:\/\/www.realforexreviews.com\/wp-content\/plugins\/universal-star-rating\/includes\/image.php?img=06.png&amp;px=20&amp;max=5&amp;rat=4.5\" alt=\"4.5 out of 5 stars\" style=\"height: 20px !important;\" src=\"data:image\/svg+xml;base64,PHN2ZyB3aWR0aD0iMSIgaGVpZ2h0PSIxIiB4bWxucz0iaHR0cDovL3d3dy53My5vcmcvMjAwMC9zdmciPjwvc3ZnPg==\" \/><\/span><\/h4>\r\n<\/div>\r\nEst\u00e1n plenamente adheridos a las pautas reglamentarias de estas autoridades financieras por lo que <strong>usted puede operar con total tranquilidad.<\/strong>\r\n\r\nAparte de eso&#8230;\r\n\r\n<strong>Se encuentran entre los mejores br\u00f3keres en muchos pa\u00edses, incluido Espa\u00f1a<\/strong>, seg\u00fan nuestro estudio exhaustivo.\r\n\r\nEste tipo de credibilidad se merece una <strong>Puntuaci\u00f3n por reputaci\u00f3n de 8.9<\/strong>.\r\n\r\n<div style=\"width: 966px\" class=\"wp-caption aligncenter\"><a href=\"\/regES\/xm\"><img decoding=\"async\" class=\"size-full lazyload\" data-src=\"\/wp-content\/images\/reviews\/xm_es\/pic5.jpg\" alt=\"Comentario del cliente de XM\" width=\"956\" height=\"203\" src=\"data:image\/svg+xml;base64,PHN2ZyB3aWR0aD0iMSIgaGVpZ2h0PSIxIiB4bWxucz0iaHR0cDovL3d3dy53My5vcmcvMjAwMC9zdmciPjwvc3ZnPg==\" style=\"--smush-placeholder-width: 956px; --smush-placeholder-aspect-ratio: 956\/203;\" \/><\/a><p class=\"wp-caption-text\">Comentario del cliente de XM<\/p><\/div>\r\n\r\n<div style=\"width: 493px\" class=\"wp-caption aligncenter\"><a href=\"\/regES\/xm\"><img decoding=\"async\" class=\"size-full lazyload\" data-src=\"\/wp-content\/images\/reviews\/xm_es\/pic6.jpg\" alt=\"Comentario del cliente de XM\" width=\"483\" height=\"294\" src=\"data:image\/svg+xml;base64,PHN2ZyB3aWR0aD0iMSIgaGVpZ2h0PSIxIiB4bWxucz0iaHR0cDovL3d3dy53My5vcmcvMjAwMC9zdmciPjwvc3ZnPg==\" style=\"--smush-placeholder-width: 483px; --smush-placeholder-aspect-ratio: 483\/294;\" \/><\/a><p class=\"wp-caption-text\">Comentario del cliente de XM<\/p><\/div>\r\n\r\n<div style=\"width: 1168px\" class=\"wp-caption aligncenter\"><a href=\"\/regES\/xm\"><img decoding=\"async\" class=\"size-full lazyload\" data-src=\"\/wp-content\/images\/reviews\/xm_es\/pic7.jpg\" alt=\"Comentario del cliente de XM\" width=\"1158\" height=\"342\" src=\"data:image\/svg+xml;base64,PHN2ZyB3aWR0aD0iMSIgaGVpZ2h0PSIxIiB4bWxucz0iaHR0cDovL3d3dy53My5vcmcvMjAwMC9zdmciPjwvc3ZnPg==\" style=\"--smush-placeholder-width: 1158px; --smush-placeholder-aspect-ratio: 1158\/342;\" \/><\/a><p class=\"wp-caption-text\">Comentario del cliente de XM<\/p><\/div>\r\n\r\n&nbsp;\r\n<table width=\"100%\">\r\n<tbody>\r\n<tr>\r\n<td style=\"background-image:inherit; background-repeat: no-repeat; background-position: left;\" height=\"200\" data-bg-image=\"url(&#039;https:\/\/www.realforexreviews.com\/wp-content\/smush-webp\/2020\/03\/trading-background2.jpg.webp&#039;)\" class=\"lazyload\"><img decoding=\"async\" data-src=\"\/wp-content\/images\/header\/xm.png\" alt=\"XM logo\" src=\"data:image\/svg+xml;base64,PHN2ZyB3aWR0aD0iMSIgaGVpZ2h0PSIxIiB4bWxucz0iaHR0cDovL3d3dy53My5vcmcvMjAwMC9zdmciPjwvc3ZnPg==\" class=\"lazyload\" style=\"--smush-placeholder-width: 150px; --smush-placeholder-aspect-ratio: 150\/40;\" \/><\/td>\r\n<\/tr>\r\n<tr>\r\n<td style=\"text-align: left; padding: 0px 30px 30px 30px; background-color: #f3f3f3;\">\r\n<div id=\"conclusion\" class=\"retitle\">\r\n<h4>Conclusi\u00f3n<span class=\"score\"> 9\/10 <img decoding=\"async\" class=\"usr lazyload\" data-src=\"https:\/\/www.realforexreviews.com\/wp-content\/plugins\/universal-star-rating\/includes\/image.php?img=06.png&amp;px=20&amp;max=5&amp;rat=4.5\" alt=\"4.5 out of 5 stars\" style=\"height: 20px !important;\" src=\"data:image\/svg+xml;base64,PHN2ZyB3aWR0aD0iMSIgaGVpZ2h0PSIxIiB4bWxucz0iaHR0cDovL3d3dy53My5vcmcvMjAwMC9zdmciPjwvc3ZnPg==\" \/><\/span><\/h4>\r\nAdem\u00e1s del hecho de estar regulado, <strong>existen otras razones convincentes por las que XM pertenece a nuestra lista de br\u00f3keres altamente recomendados.<\/strong>\r\n\r\nSu amplia gama de instrumentos operativos, la selecci\u00f3n de plataformas burs\u00e1tiles online, el r\u00e1pido proceso en sus retiradas, sus condiciones burs\u00e1tiles altamente flexibles y su atenci\u00f3n al cliente de primera categor\u00eda, son tan solo algunas de las ventajas que le convierten en <strong>una elecci\u00f3n superior para cualquier operador de forex o CFD. <\/strong>\r\n\r\n&nbsp;\r\n\r\n<center><a class=\"open\" href=\"\/regES\/xm\" target=\"_blank\" rel=\"nofollow noopener noreferrer\">Visitar XM<\/a><\/center><\/div><\/td>\r\n<\/tr>\r\n<\/tbody>\r\n<\/table>\r\n[\/vc_column_text][vc_column_text]\r\n\r\n<center><a href=\"https:\/\/clicks.pipaffiliates.com\/c?m=23863&amp;c=547188\"><img fetchpriority=\"high\" decoding=\"async\" src=\"https:\/\/ads.pipaffiliates.com\/i\/23863?c=547188\" alt=\"XM banner\" width=\"728\" height=\"90\" \/><\/a><\/center>[\/vc_column_text][vc_raw_html]JTNDaWZyYW1lJTIwc3R5bGUlM0QlMjJ2aXNpYmlsaXR5JTNBJTIwaGlkZGVuJTNCJTIyJTIwc3JjJTNEJTIyaHR0cHMlM0ElMkYlMkZjbGlja3MucGlwYWZmaWxpYXRlcy5jb20lMkZjJTNGYyUzRDgwMDYwJTI2bCUzRGVzJTI2cCUzRDAlMjIlMjB3aWR0aCUzRCUyMjElMjIlMjBoZWlnaHQlM0QlMjIxJTIyJTNFJTNDJTJGaWZyYW1lJTNF[\/vc_raw_html][\/vc_column][\/vc_row]","protected":false},"excerpt":{"rendered":"[vc_row][vc_column][vc_column_text] [\/vc_column_text][vc_column_text] Introducci\u00f3no Saltar contenido y Lea la l\u00ednea de fondo! XM se estableci\u00f3 en 2009 y est\u00e1 autorizado y regulado por la CySEC y la ASIC. Son altamente reconocidos por ofrecer un rango de plataformas MT4 en varias terminales, pero, \u00bfes esa la \u00fanica ventaja que tiene? Vamos a descubrirlo en esta rese\u00f1a. &nbsp; [&hellip;]","protected":false},"author":57,"featured_media":52644,"parent":485,"menu_order":0,"comment_status":"open","ping_status":"closed","template":"","meta":{"_acf_changed":false,"footnotes":""},"class_list":["post-4591","page","type-page","status-publish","has-post-thumbnail","hentry"],"acf":[],"aioseo_notices":[],"_links":{"self":[{"href":"https:\/\/www.realforexreviews.com\/es\/wp-json\/wp\/v2\/pages\/4591","targetHints":{"allow":["GET"]}}],"collection":[{"href":"https:\/\/www.realforexreviews.com\/es\/wp-json\/wp\/v2\/pages"}],"about":[{"href":"https:\/\/www.realforexreviews.com\/es\/wp-json\/wp\/v2\/types\/page"}],"author":[{"embeddable":true,"href":"https:\/\/www.realforexreviews.com\/es\/wp-json\/wp\/v2\/users\/57"}],"replies":[{"embeddable":true,"href":"https:\/\/www.realforexreviews.com\/es\/wp-json\/wp\/v2\/comments?post=4591"}],"version-history":[{"count":16,"href":"https:\/\/www.realforexreviews.com\/es\/wp-json\/wp\/v2\/pages\/4591\/revisions"}],"predecessor-version":[{"id":71020,"href":"https:\/\/www.realforexreviews.com\/es\/wp-json\/wp\/v2\/pages\/4591\/revisions\/71020"}],"up":[{"embeddable":true,"href":"https:\/\/www.realforexreviews.com\/es\/wp-json\/wp\/v2\/pages\/485"}],"wp:featuredmedia":[{"embeddable":true,"href":"https:\/\/www.realforexreviews.com\/es\/wp-json\/wp\/v2\/media\/52644"}],"wp:attachment":[{"href":"https:\/\/www.realforexreviews.com\/es\/wp-json\/wp\/v2\/media?parent=4591"}],"curies":[{"name":"wp","href":"https:\/\/api.w.org\/{rel}","templated":true}]}}