{"id":488,"date":"2015-03-08T12:45:48","date_gmt":"2015-03-08T12:45:48","guid":{"rendered":"https:\/\/new.realforexreviews.com\/?page_id=488"},"modified":"2020-10-09T10:11:16","modified_gmt":"2020-10-09T10:11:16","slug":"como-evaluamos-brokers","status":"publish","type":"page","link":"https:\/\/www.realforexreviews.com\/es\/como-evaluamos-brokers","title":{"rendered":"C\u00f3mo evaluamos brokers?"},"content":{"rendered":"[vc_row][vc_column][vc_column_text]\r\n\r\n<strong>Como evaluamos estos brokers<\/strong>\r\n\r\nHe aqu\u00ed los par\u00e1metros que usamos para proporcionarte las revisiones reales y honestas de los brokers forex.\r\n\r\nEl sistema de puntuaci\u00f3n siempre est\u00e1 en actualizaci\u00f3n seg\u00fan la informaci\u00f3n que nos dan los brokers.\r\n\r\n[\/vc_column_text][vc_tta_accordion][vc_tta_section title=\u00bbPlataforma\u00bb tab_id=\u00bb1602235889696-5cbacadd-6416&#8243;][vc_column_text]\r\n\r\nTodas las plataformas ofrecidas por los brokers se eval\u00faan seg\u00fan su calidad t\u00e9cnica. Adem\u00e1s, se toman en cuenta las funcionalidades \u00fatiles de la plataforma.\r\n\r\n[\/vc_column_text][\/vc_tta_section][vc_tta_section title=\u00bbDise\u00f1o\u00bb tab_id=\u00bb1602235889696-82f248a9-1c54&#8243;][vc_column_text]\r\n\r\nEvaluamos el dise\u00f1o para ver cu\u00e1l es m\u00e1s agradable para los ojos. Esto supone, entre lo dem\u00e1s, que todos los instrumentos para el comercio sean accesibles desde la interfaz principal.\r\n\r\n[\/vc_column_text][\/vc_tta_section][vc_tta_section title=\u00bbDep\u00f3sito m\u00ednimo\u00bb tab_id=\u00bb1602236016690-ec9d3318-1e0d\u00bb][vc_column_text]\r\n\r\nSe comprueba si el dep\u00f3sito m\u00ednimo es razonable para los comerciantes. Naturalmente, cuanto menos es, mejor, pero si un dep\u00f3sito m\u00ednimo es grande y a la vez te da muchos beneficios y opciones adicionales, esto se considera como una buena compensaci\u00f3n.\r\n\r\n[\/vc_column_text][\/vc_tta_section][vc_tta_section title=\u00bbPosici\u00f3n m\u00ednima\u00bb tab_id=\u00bb1602236025012-b9bcd09b-591c\u00bb][vc_column_text]\r\n\r\nEste par\u00e1metro influye mucho en tu estrategia de gesti\u00f3n de los riesgos. Determinar el tama\u00f1o de posici\u00f3n es cosa tuya y depende de tu estilo, pero generalmente cuanto menos es, mejor, porque as\u00ed corres menos riesgo.\r\n\r\n[\/vc_column_text][\/vc_tta_section][vc_tta_section title=\u00bbActivos\u00bb tab_id=\u00bb1602236010891-4bb2460d-6d25&#8243;][vc_column_text]\r\n\r\nNo s\u00f3lo evaluamos el numero y la selecci\u00f3n de activos, sino tambi\u00e9n comprobamos que el broker tiene disponibles los activos de diferentes tipos (cuantos tipos m\u00e1s, mejor). As\u00ed, nos importan igualmente la cantidad y la calidad.\r\n\r\n[\/vc_column_text][\/vc_tta_section][vc_tta_section title=\u00bbPagos\u00bb tab_id=\u00bb1602236051282-3c4344e2-cd82&#8243;][vc_column_text]\r\n\r\nUno comercia en forex para ganar, y por eso consideramos el valor de punto b\u00e1sico como un factor muy importante. Esto es el mejor m\u00e9todo para calcular cu\u00e1nto puedes ganar por una transacci\u00f3n. En nuestras revisiones siempre lo basamos en el spread de la par EUR\/USD.\r\n\r\n[\/vc_column_text][\/vc_tta_section][vc_tta_section title=\u00bbTiempo de retirada\u00bb tab_id=\u00bb1602236061736-22bcb936-33e5&#8243;][vc_column_text]\r\n\r\nEl tiempo que necesita el broker para procesar tu solicitud de retirada tambi\u00e9n es muy importante. La mayor\u00eda de los brokers demora mucho los procesos de retirada, entonces siempre es bueno saber que tu broker lo hace todo muy r\u00e1pidamente y sin demoras.\r\n\r\n[\/vc_column_text][\/vc_tta_section][vc_tta_section title=\u00bbM\u00e9todos de dep\u00f3sito y retirada\u00bb tab_id=\u00bb1602236037963-5de4ad21-4fcb\u00bb][vc_column_text]\r\n\r\nNo est\u00e1 mal saber cu\u00e1les m\u00e9todos de pago soporta tu broker, porque algunos de ellos son globales y otros funcionan s\u00f3lo para algunos pa\u00edses. As\u00ed ver\u00e1s si vas a tener alguna dificultad respecto a este asunto o no.\r\n\r\n[\/vc_column_text][\/vc_tta_section][vc_tta_section title=\u00bbAtenci\u00f3n al cliente\u00bb tab_id=\u00bb1602236056749-8257021b-8550&#8243;][vc_column_text]\r\n\r\nEl servicio de atenci\u00f3n al cliente se eval\u00faa no s\u00f3lo por la rapidez y eficacia, sino tambi\u00e9n por los m\u00e9todos de contacto y su disponibilidad.\r\n\r\n[\/vc_column_text][\/vc_tta_section][vc_tta_section title=\u00bbPrecisi\u00f3n de cotizaci\u00f3n\u00bb tab_id=\u00bb1602236066814-575665cb-ce1c\u00bb][vc_column_text]\r\n\r\nAl analizar la plataforma, se verifica si los precios se proporcionan en el tiempo real y si las re-cotizaciones ocurren o no. Si hay una diferencia entre el precio del mismo activo al abrir y al cerrar la transacci\u00f3n, es mejor que no comercies con este broker.\r\n\r\n[\/vc_column_text][\/vc_tta_section][vc_tta_section title=\u00bbReputaci\u00f3n\u00bb tab_id=\u00bb1602236031518-fb050a91-42ae\u00bb][vc_column_text]\r\n\r\nSe verifica si el broker es realmente fiable bas\u00e1ndose en su historia y reputaci\u00f3n. Adem\u00e1s, es importante saber si es regulado por una organizaci\u00f3n independiente y si hay buenos comentarios de los comerciantes respecto a este broker.\r\n\r\n[\/vc_column_text][\/vc_tta_section][\/vc_tta_accordion][\/vc_column][\/vc_row]","protected":false},"excerpt":{"rendered":"[vc_row][vc_column][vc_column_text] Como evaluamos estos brokers He aqu\u00ed los par\u00e1metros que usamos para proporcionarte las revisiones reales y honestas de los brokers forex. El sistema de puntuaci\u00f3n siempre est\u00e1 en actualizaci\u00f3n seg\u00fan la informaci\u00f3n que nos dan los brokers. [\/vc_column_text][vc_tta_accordion][vc_tta_section title=\u00bbPlataforma\u00bb tab_id=\u00bb1602235889696-5cbacadd-6416&#8243;][vc_column_text] Todas las plataformas ofrecidas por los brokers se eval\u00faan seg\u00fan su calidad t\u00e9cnica. Adem\u00e1s, [&hellip;]","protected":false},"author":54,"featured_media":0,"parent":0,"menu_order":0,"comment_status":"open","ping_status":"closed","template":"","meta":{"_acf_changed":false,"footnotes":""},"class_list":["post-488","page","type-page","status-publish","hentry"],"acf":[],"aioseo_notices":[],"_links":{"self":[{"href":"https:\/\/www.realforexreviews.com\/es\/wp-json\/wp\/v2\/pages\/488","targetHints":{"allow":["GET"]}}],"collection":[{"href":"https:\/\/www.realforexreviews.com\/es\/wp-json\/wp\/v2\/pages"}],"about":[{"href":"https:\/\/www.realforexreviews.com\/es\/wp-json\/wp\/v2\/types\/page"}],"author":[{"embeddable":true,"href":"https:\/\/www.realforexreviews.com\/es\/wp-json\/wp\/v2\/users\/54"}],"replies":[{"embeddable":true,"href":"https:\/\/www.realforexreviews.com\/es\/wp-json\/wp\/v2\/comments?post=488"}],"version-history":[{"count":2,"href":"https:\/\/www.realforexreviews.com\/es\/wp-json\/wp\/v2\/pages\/488\/revisions"}],"predecessor-version":[{"id":66254,"href":"https:\/\/www.realforexreviews.com\/es\/wp-json\/wp\/v2\/pages\/488\/revisions\/66254"}],"wp:attachment":[{"href":"https:\/\/www.realforexreviews.com\/es\/wp-json\/wp\/v2\/media?parent=488"}],"curies":[{"name":"wp","href":"https:\/\/api.w.org\/{rel}","templated":true}]}}