{"id":490,"date":"2015-03-08T12:47:34","date_gmt":"2015-03-08T12:47:34","guid":{"rendered":"https:\/\/new.realforexreviews.com\/?page_id=490"},"modified":"2020-10-13T06:41:00","modified_gmt":"2020-10-13T06:41:00","slug":"contacto","status":"publish","type":"page","link":"https:\/\/www.realforexreviews.com\/es\/contacto","title":{"rendered":"Contacto"},"content":{"rendered":"<p style=\"text-align: center;\">Estamos disponibles cada d\u00eda y a cualquier hora. Nos encantar\u00e1 hablar de gesti\u00f3n de inversiones, beneficios y oportunidades para negociar contigo. \u00a1Cont\u00e1ctanos hoy!<\/p>\n<p style=\"text-align: center;\"><\/p>\n\n<h2 style=\"text-align: center;\">realforexreviews@gmail.com<\/h2>","protected":false},"excerpt":{"rendered":"Estamos disponibles cada d\u00eda y a cualquier hora. Nos encantar\u00e1 hablar de gesti\u00f3n de inversiones, beneficios y oportunidades para negociar contigo. \u00a1Cont\u00e1ctanos hoy! realforexreviews@gmail.com","protected":false},"author":54,"featured_media":0,"parent":0,"menu_order":0,"comment_status":"closed","ping_status":"closed","template":"","meta":{"_acf_changed":false,"footnotes":""},"class_list":["post-490","page","type-page","status-publish","hentry"],"acf":[],"aioseo_notices":[],"_links":{"self":[{"href":"https:\/\/www.realforexreviews.com\/es\/wp-json\/wp\/v2\/pages\/490","targetHints":{"allow":["GET"]}}],"collection":[{"href":"https:\/\/www.realforexreviews.com\/es\/wp-json\/wp\/v2\/pages"}],"about":[{"href":"https:\/\/www.realforexreviews.com\/es\/wp-json\/wp\/v2\/types\/page"}],"author":[{"embeddable":true,"href":"https:\/\/www.realforexreviews.com\/es\/wp-json\/wp\/v2\/users\/54"}],"replies":[{"embeddable":true,"href":"https:\/\/www.realforexreviews.com\/es\/wp-json\/wp\/v2\/comments?post=490"}],"version-history":[{"count":1,"href":"https:\/\/www.realforexreviews.com\/es\/wp-json\/wp\/v2\/pages\/490\/revisions"}],"predecessor-version":[{"id":66411,"href":"https:\/\/www.realforexreviews.com\/es\/wp-json\/wp\/v2\/pages\/490\/revisions\/66411"}],"wp:attachment":[{"href":"https:\/\/www.realforexreviews.com\/es\/wp-json\/wp\/v2\/media?parent=490"}],"curies":[{"name":"wp","href":"https:\/\/api.w.org\/{rel}","templated":true}]}}