{"id":497,"date":"2015-03-08T12:53:11","date_gmt":"2015-03-08T12:53:11","guid":{"rendered":"https:\/\/new.realforexreviews.com\/?page_id=497"},"modified":"2020-12-26T09:05:55","modified_gmt":"2020-12-26T09:05:55","slug":"revisiones-de-las-plataformas","status":"publish","type":"page","link":"https:\/\/www.realforexreviews.com\/es\/revisiones-de-las-plataformas","title":{"rendered":"Revisiones de las plataformas 2021"},"content":{"rendered":"<table style=\"border:1px dotted; box-shadow:0px 0px 10px 5px black; margin:20px; width:700px\" border=\"1\" cellpadding=\"10\">\r\n\r\n<tbody><tr>\r\n<td align=\"center\" height=\"80px\" valign=\"middle\" width=\"20%\"><center>Plus500<\/center><\/td>\r\n<td align=\"center\" height=\"80px\" valign=\"middle\" width=\"45%\"><center>Plus500 no es s\u00f3lo un broker forex, sino tambi\u00e9n un desarrollador, ya que la empresa cre\u00f3 su propia plataforma de comercio, en vez de implementar la soluci\u00f3n de terceros, y esta plataforma puede ser usada para el comercio de CFD de forex, acciones, \u00edndices, materias primas y ETF. Se puede usar la plataforma web o instalarla en el PC, las dos opciones tienen las caracter\u00edsticas casi iguales. La plataforma va acompa\u00f1ada con una aplicaci\u00f3n demo sin l\u00edmite de tiempo.<\/center><\/td>\r\n<td align=\"center\" height=\"80px\" valign=\"middle\" width=\"35%\"><center><a class=\"open\" href=\"\/es\/revisiones-de-las-plataformas\/revision-de-la-plataforma-plus500\/\">Revisi\u00f3n de la plataforma<\/a><\/center><\/td>\r\n<\/tr>\r\n<tr>\r\n<td align=\"center\" height=\"80px\" valign=\"middle\" width=\"20%\"><center>MetaTrader4<\/center><\/td>\r\n<td align=\"center\" height=\"80px\" valign=\"middle\" width=\"45%\"><center>MetaTrader 4 (MT4) es una de las plataformas de comercio m\u00e1s populares en el mercado, y la ofrece la mayor\u00eda de los brokers forex. Esta plataforma fue desarrollada por MetaQuotes Software y est\u00e1 destinada para los comerciantes de forex, CFD y futuros online. Se puede bajar esta plataforma gratis, y tambi\u00e9n hay aplicaciones m\u00f3viles para Android y iPhone.<\/center><\/td>\r\n<td align=\"center\" height=\"80px\" valign=\"middle\" width=\"35%\"><center><a class=\"open\" href=\"\/es\/revisiones-de-las-plataformas\/revision-de-la-plataforma-metatrader4\/\">Revisi\u00f3n de la plataforma<\/a><\/center><\/td>\r\n<\/tr>\r\n<\/tbody><\/table>\r\n\r\n","protected":false},"excerpt":{"rendered":"Plus500 Plus500 no es s\u00f3lo un broker forex, sino tambi\u00e9n un desarrollador, ya que la empresa cre\u00f3 su propia plataforma de comercio, en vez de implementar la soluci\u00f3n de terceros, y esta plataforma puede ser usada para el comercio de CFD de forex, acciones, \u00edndices, materias primas y ETF. Se puede usar la plataforma web [&hellip;]","protected":false},"author":57,"featured_media":0,"parent":0,"menu_order":0,"comment_status":"closed","ping_status":"closed","template":"","meta":{"_acf_changed":false,"footnotes":""},"class_list":["post-497","page","type-page","status-publish","hentry"],"acf":[],"aioseo_notices":[],"_links":{"self":[{"href":"https:\/\/www.realforexreviews.com\/es\/wp-json\/wp\/v2\/pages\/497","targetHints":{"allow":["GET"]}}],"collection":[{"href":"https:\/\/www.realforexreviews.com\/es\/wp-json\/wp\/v2\/pages"}],"about":[{"href":"https:\/\/www.realforexreviews.com\/es\/wp-json\/wp\/v2\/types\/page"}],"author":[{"embeddable":true,"href":"https:\/\/www.realforexreviews.com\/es\/wp-json\/wp\/v2\/users\/57"}],"replies":[{"embeddable":true,"href":"https:\/\/www.realforexreviews.com\/es\/wp-json\/wp\/v2\/comments?post=497"}],"version-history":[{"count":2,"href":"https:\/\/www.realforexreviews.com\/es\/wp-json\/wp\/v2\/pages\/497\/revisions"}],"predecessor-version":[{"id":71021,"href":"https:\/\/www.realforexreviews.com\/es\/wp-json\/wp\/v2\/pages\/497\/revisions\/71021"}],"wp:attachment":[{"href":"https:\/\/www.realforexreviews.com\/es\/wp-json\/wp\/v2\/media?parent=497"}],"curies":[{"name":"wp","href":"https:\/\/api.w.org\/{rel}","templated":true}]}}