{"id":499,"date":"2015-03-08T13:00:00","date_gmt":"2015-03-08T13:00:00","guid":{"rendered":"https:\/\/new.realforexreviews.com\/?page_id=499"},"modified":"2020-12-26T09:06:17","modified_gmt":"2020-12-26T09:06:17","slug":"revision-de-la-plataforma-plus500","status":"publish","type":"page","link":"https:\/\/www.realforexreviews.com\/es\/revisiones-de-las-plataformas\/revision-de-la-plataforma-plus500","title":{"rendered":"Revisi\u00f3n de la plataforma Plus500 2021"},"content":{"rendered":"<p>[vc_row][vc_column][vc_column_text]<\/p>\r\n<div class=\"retitle\">\r\n<h4>Introduccion <a class=\"readbottomline\" href=\"#conclusion\">o Saltar contenido y Lea la l\u00ednea de fondo!<\/a><\/h4>\r\n<\/div>\r\n<p>Plus500 no es s\u00f3lo un broker forex, sino tambi\u00e9n un desarrollador, ya que la empresa cre\u00f3 su propia plataforma de comercio, en vez de implementar la soluci\u00f3n de terceros, y esta plataforma puede ser usada para el comercio de CFD de forex, acciones, \u00edndices, materias primas y ETF.<\/p>\r\n<p>Se puede usar la plataforma web o instalarla en el PC, las dos opciones tienen las caracter\u00edsticas casi iguales. La plataforma va acompa\u00f1ada con una aplicaci\u00f3n demo sin l\u00edmite de tiempo.<\/p>\r\n<p>[\/vc_column_text][vc_column_text]<center><a href=\"https:\/\/www.plus500.es\/?id=80152&#038;tags=rfrESban&#038;pl=2\" target=\"_blank\" title=\"+\" rel=\"noopener noreferrer\"><img fetchpriority=\"high\" decoding=\"async\" src=\"https:\/\/cdn.plus500.com\/Media\/Banners\/728x90\/32022.gif?set=Excel_New&#038;language=ES&#038;country=ES\" width=\"728\" height=\"90\" border=\"0\" alt=\"Plus500 banner\" \/><\/a><\/center>[\/vc_column_text][vc_column_text]<\/p>\r\n<div class=\"retitle\">\r\n<h4>Ejecuci\u00f3n de transacciones<span class=\"score\"> 10\/10 <img decoding=\"async\" class=\"usr lazyload\" data-src=\"https:\/\/www.realforexreviews.com\/wp-content\/plugins\/universal-star-rating\/includes\/image.php?img=06.png&amp;px=20&amp;max=5&amp;rat=5\" alt=\"5 out of 5 stars\" style=\"height: 20px !important;\" src=\"data:image\/svg+xml;base64,PHN2ZyB3aWR0aD0iMSIgaGVpZ2h0PSIxIiB4bWxucz0iaHR0cDovL3d3dy53My5vcmcvMjAwMC9zdmciPjwvc3ZnPg==\" \/><\/span><\/h4>\r\n<\/div>\r\n<p>La plataforma Plus500 es muy r\u00e1pida, responde muy bien a los comandos del usuario y proporciona las cotizaciones en el tiempo real, lo que es muy importante, especialmente cuando el precio se mueve muy r\u00e1pido.<\/p>\r\n<p>No hay muchos gr\u00e1ficos en esta plataforma, lo que es en verdad una ventaja, ya que as\u00ed no se consumen muchos recursos.<\/p>\r\n<p>Esto le permite al broker ejecutar las transacciones muy r\u00e1pidamente y minimiza la probabilidad de demoras.<\/p>\r\n<div style=\"width: 368px\" class=\"wp-caption aligncenter\"><a href=\"\/regES\/plus500\"><img decoding=\"async\" class=\"size-full lazyload\" data-src=\"\/wp-content\/images\/reviews\/plus500plat\/pic1.jpg\" alt=\"Pantalla de negociaci\u00f3n Plus500\" width=\"358\" height=\"805\" src=\"data:image\/svg+xml;base64,PHN2ZyB3aWR0aD0iMSIgaGVpZ2h0PSIxIiB4bWxucz0iaHR0cDovL3d3dy53My5vcmcvMjAwMC9zdmciPjwvc3ZnPg==\" style=\"--smush-placeholder-width: 358px; --smush-placeholder-aspect-ratio: 358\/805;\" \/><\/a><p class=\"wp-caption-text\">Pantalla de negociaci\u00f3n Plus500<\/p><\/div><center><span class=\"cfdservice\">Precios ilustrativos.<\/span><\/center>[\/vc_column_text][vc_column_text]<\/p>\r\n<div class=\"retitle\">\r\n<h4>Representaciones visuales<span class=\"score\"> 9\/10 <img decoding=\"async\" class=\"usr lazyload\" data-src=\"https:\/\/www.realforexreviews.com\/wp-content\/plugins\/universal-star-rating\/includes\/image.php?img=06.png&amp;px=20&amp;max=5&amp;rat=4.5\" alt=\"4.5 out of 5 stars\" style=\"height: 20px !important;\" src=\"data:image\/svg+xml;base64,PHN2ZyB3aWR0aD0iMSIgaGVpZ2h0PSIxIiB4bWxucz0iaHR0cDovL3d3dy53My5vcmcvMjAwMC9zdmciPjwvc3ZnPg==\" \/><\/span><\/h4>\r\n<\/div>\r\n<p>La interfaz de usuario no dispone de muchas representaciones gr\u00e1ficas, lo que de hecho no est\u00e1 tan mal, ya que muchas im\u00e1genes s\u00f3lo distraer\u00edan a los comerciantes y causar\u00edan demoras.<\/p>\r\n<p>Puede ser que esta plataforma no es la m\u00e1s rica en im\u00e1genes gr\u00e1ficas, pero el dise\u00f1o simple s\u00ed que tiene sus ventajas.<\/p>\r\n<p>Por otra parte, la selecci\u00f3n de colores y los temas f\u00e1cilmente llaman la atenci\u00f3n, lo que es una ventaja m\u00e1s.<\/p>\r\n<div id=\"attachment_47476\" style=\"width: 1290px\" class=\"wp-caption aligncenter\"><a href=\"\/regES\/plus500\" target=\"_blank\" rel=\"noopener noreferrer\"><img decoding=\"async\" aria-describedby=\"caption-attachment-47476\" class=\"size-full wp-image-47476 lazyload\" data-src=\"https:\/\/www.realforexreviews.com\/wp-content\/smush-webp\/2019\/09\/Plus500-Web-Trader-platform.jpg.webp\" alt=\"Plataforma Plus500 WebTrader\" width=\"1280\" height=\"1024\" data-srcset=\"https:\/\/www.realforexreviews.com\/wp-content\/smush-webp\/2019\/09\/Plus500-Web-Trader-platform.jpg.webp 1280w, https:\/\/www.realforexreviews.com\/wp-content\/smush-webp\/2019\/09\/Plus500-Web-Trader-platform-300x240.jpg.webp 300w, https:\/\/www.realforexreviews.com\/wp-content\/smush-webp\/2019\/09\/Plus500-Web-Trader-platform-768x614.jpg.webp 768w, https:\/\/www.realforexreviews.com\/wp-content\/smush-webp\/2019\/09\/Plus500-Web-Trader-platform-1024x819.jpg.webp 1024w\" data-sizes=\"(max-width: 1280px) 100vw, 1280px\" src=\"data:image\/svg+xml;base64,PHN2ZyB3aWR0aD0iMSIgaGVpZ2h0PSIxIiB4bWxucz0iaHR0cDovL3d3dy53My5vcmcvMjAwMC9zdmciPjwvc3ZnPg==\" style=\"--smush-placeholder-width: 1280px; --smush-placeholder-aspect-ratio: 1280\/1024;\" \/><\/a><p id=\"caption-attachment-47476\" class=\"wp-caption-text\">Plataforma Plus500 WebTrader<\/p><\/div><center><span class=\"cfdservice\">Precios ilustrativos.<\/span><\/center>[\/vc_column_text][vc_column_text]<\/p>\r\n<div class=\"retitle\">\r\n<h4>Gr\u00e1ficos<span class=\"score\"> 9\/10 <img decoding=\"async\" class=\"usr lazyload\" data-src=\"https:\/\/www.realforexreviews.com\/wp-content\/plugins\/universal-star-rating\/includes\/image.php?img=06.png&amp;px=20&amp;max=5&amp;rat=4.5\" alt=\"4.5 out of 5 stars\" style=\"height: 20px !important;\" src=\"data:image\/svg+xml;base64,PHN2ZyB3aWR0aD0iMSIgaGVpZ2h0PSIxIiB4bWxucz0iaHR0cDovL3d3dy53My5vcmcvMjAwMC9zdmciPjwvc3ZnPg==\" \/><\/span><\/h4>\r\n<\/div>\r\n<p>Esta plataforma va acompa\u00f1ada con un software de gr\u00e1ficos disponible para todos los activos.<\/p>\r\n<p>Los gr\u00e1ficos pueden ser usados para el an\u00e1lisis t\u00e9cnico en la forma de l\u00edneas o candelas.<\/p>\r\n<p>Se puede tambi\u00e9n ver los detalles m\u00e1s peque\u00f1os gracias a las funciones de zoom in y zoom out.<\/p>\r\n<p>Hay una amplia gama de per\u00edodos de tiempo, los cuales se seleccionan mediante el men\u00fa desplegable situado en la parte izquierda, por encima del gr\u00e1fico.<\/p>\r\n<p>Lo que le falta a esta plataforma es la funci\u00f3n de ver m\u00faltiples gr\u00e1ficos a la vez, pero esto no es un problema grave.<\/p>\r\n<div style=\"width: 1206px\" class=\"wp-caption aligncenter\"><a href=\"\/regES\/plus500\"><img decoding=\"async\" class=\"size-full lazyload\" data-src=\"\/wp-content\/images\/reviews\/plus500plat\/pic3.jpg\" alt=\"Plus500 gr\u00e1ficos\" width=\"1196\" height=\"427\" src=\"data:image\/svg+xml;base64,PHN2ZyB3aWR0aD0iMSIgaGVpZ2h0PSIxIiB4bWxucz0iaHR0cDovL3d3dy53My5vcmcvMjAwMC9zdmciPjwvc3ZnPg==\" style=\"--smush-placeholder-width: 1196px; --smush-placeholder-aspect-ratio: 1196\/427;\" \/><\/a><p class=\"wp-caption-text\">Plus500 gr\u00e1ficos<\/p><\/div><center><span class=\"cfdservice\">Precios ilustrativos.<\/span><\/center>[\/vc_column_text][vc_column_text]<\/p>\r\n<div class=\"retitle\">\r\n<h4>Navegaci\u00f3n<span class=\"score\"> 8\/10 <img decoding=\"async\" class=\"usr lazyload\" data-src=\"https:\/\/www.realforexreviews.com\/wp-content\/plugins\/universal-star-rating\/includes\/image.php?img=06.png&amp;px=20&amp;max=5&amp;rat=4\" alt=\"4 out of 5 stars\" style=\"height: 20px !important;\" src=\"data:image\/svg+xml;base64,PHN2ZyB3aWR0aD0iMSIgaGVpZ2h0PSIxIiB4bWxucz0iaHR0cDovL3d3dy53My5vcmcvMjAwMC9zdmciPjwvc3ZnPg==\" \/><\/span><\/h4>\r\n<\/div>\r\n<p>No es muy dif\u00edcil navegar en la plataforma gracias a su simple dise\u00f1o y estructura.<\/p>\r\n<p>Se puede f\u00e1cilmente identificar las pesta\u00f1as principales de encima: scripts de comercio, posiciones abiertas, \u00f3rdenes y posiciones cerradas.<\/p>\r\n<p>Los scripts est\u00e1n a la izquierda, mientras que en la parte inferior se puede encontrar el resumen de la cuenta que muestra el balance disponible, el capital y la ganancia o p\u00e9rdida.<\/p>\r\n<p>Adem\u00e1s, hay un bot\u00f3n que permite cambiar entre la cuenta real y la demo, por si el comerciante quiere practicar el negocio sin riesgo.<\/p>\r\n<p>La gran columna a la derecha muestra los instrumentos que se puede comprar o vender, y en la parte inferior hay gr\u00e1ficos t\u00e9cnicos e indicadores.<\/p>\r\n<p>[\/vc_column_text][vc_column_text]<\/p>\r\n<div class=\"retitle\">\r\n<h4>Caracter\u00edsticas<span class=\"score\"> 9\/10 <img decoding=\"async\" class=\"usr lazyload\" data-src=\"https:\/\/www.realforexreviews.com\/wp-content\/plugins\/universal-star-rating\/includes\/image.php?img=06.png&amp;px=20&amp;max=5&amp;rat=4.5\" alt=\"4.5 out of 5 stars\" style=\"height: 20px !important;\" src=\"data:image\/svg+xml;base64,PHN2ZyB3aWR0aD0iMSIgaGVpZ2h0PSIxIiB4bWxucz0iaHR0cDovL3d3dy53My5vcmcvMjAwMC9zdmciPjwvc3ZnPg==\" \/><\/span><\/h4>\r\n<\/div>\r\n<p>La plataforma Plus500 tiene muchas funciones y caracter\u00edsticas \u00fanicas que les faltan a la mayor\u00eda de los brokers.<\/p>\r\n<p>Una de estas caracter\u00edsticas es la cuenta demo que no tiene l\u00edmite de tiempo.<\/p>\r\n<p>As\u00ed, puedes entrenarte sin riesgo durante un per\u00edodo determinado por ti mismo, sin temer que tu cuenta caduque.<\/p>\r\n<p>Se puede acceder f\u00e1cilmente la cuenta demo en el rinc\u00f3n inferior izquierdo de la plataforma.<\/p>\r\n<p>Se puede tambi\u00e9n comerciar forex, CFD, ETF, \u00edndices y materias primas usando una sola cuenta.<\/p>\r\n<p>Adem\u00e1s, hay instrumentos para analizar diferentes mercados.<\/p>\r\n<p>[\/vc_column_text][vc_column_text]<\/p>\r\n<div class=\"retitle\">\r\n<h4>Seguimiento de la cuenta<span class=\"score\"> 10\/10 <img decoding=\"async\" class=\"usr lazyload\" data-src=\"https:\/\/www.realforexreviews.com\/wp-content\/plugins\/universal-star-rating\/includes\/image.php?img=06.png&amp;px=20&amp;max=5&amp;rat=5\" alt=\"5 out of 5 stars\" style=\"height: 20px !important;\" src=\"data:image\/svg+xml;base64,PHN2ZyB3aWR0aD0iMSIgaGVpZ2h0PSIxIiB4bWxucz0iaHR0cDovL3d3dy53My5vcmcvMjAwMC9zdmciPjwvc3ZnPg==\" \/><\/span><\/h4>\r\n<\/div>\r\n<p>Plus500 tiene un amplio sistema de seguimiento de la cuenta que muestra todas las transacciones y todos los detalles relevantes.<\/p>\r\n<p>Para ver las posiciones abiertas, abre la segunda pesta\u00f1a.<\/p>\r\n<p>Puedes cerrar o editar cualquier posici\u00f3n justamente de esta ventana.<\/p>\r\n<p>Para \u00f3rdenes y posiciones cerradas, abre la tercera y la cuarta pesta\u00f1a respectivamente.<\/p>\r\n<div style=\"width: 1288px\" class=\"wp-caption aligncenter\"><a href=\"\/regES\/plus500\"><img decoding=\"async\" class=\"size-full lazyload\" data-src=\"\/wp-content\/images\/reviews\/plus500plat\/pic4.jpg\" alt=\"Plus500 seguimiento de la cuenta\" width=\"1278\" height=\"422\" src=\"data:image\/svg+xml;base64,PHN2ZyB3aWR0aD0iMSIgaGVpZ2h0PSIxIiB4bWxucz0iaHR0cDovL3d3dy53My5vcmcvMjAwMC9zdmciPjwvc3ZnPg==\" style=\"--smush-placeholder-width: 1278px; --smush-placeholder-aspect-ratio: 1278\/422;\" \/><\/a><p class=\"wp-caption-text\">Plus500 seguimiento de la cuenta<\/p><\/div><center><span class=\"cfdservice\">Precios ilustrativos.<\/span><\/center>[\/vc_column_text][vc_column_text]<\/p>\r\n<table width=\"100%\">\r\n<tbody>\r\n<tr>\r\n<td style=\"background-image:inherit; background-repeat: no-repeat; background-position: left;\" height=\"200\" data-bg-image=\"url(&#039;https:\/\/www.realforexreviews.com\/wp-content\/smush-webp\/2020\/03\/trading-background2.jpg.webp&#039;)\" class=\"lazyload\"><img decoding=\"async\" data-src=\"\/wp-content\/images\/header\/plus500.png\" alt=\"Plus500 logo\" src=\"data:image\/svg+xml;base64,PHN2ZyB3aWR0aD0iMSIgaGVpZ2h0PSIxIiB4bWxucz0iaHR0cDovL3d3dy53My5vcmcvMjAwMC9zdmciPjwvc3ZnPg==\" class=\"lazyload\" style=\"--smush-placeholder-width: 200px; --smush-placeholder-aspect-ratio: 200\/80;\" \/><\/td>\r\n<\/tr>\r\n<tr>\r\n<td style=\"text-align: left; padding: 0px 30px 30px 30px; background-color: #f3f3f3;\">\r\n<div id=\"conclusion\" class=\"retitle\">\r\n<h4>Conclusi\u00f3n <span class=\"score\">9.43\/10 <img decoding=\"async\" class=\"usr lazyload\" data-src=\"https:\/\/www.realforexreviews.com\/wp-content\/plugins\/universal-star-rating\/includes\/image.php?img=06.png&amp;px=20&amp;max=5&amp;rat=4.7\" alt=\"4.7 out of 5 stars\" style=\"height: 20px !important;\" src=\"data:image\/svg+xml;base64,PHN2ZyB3aWR0aD0iMSIgaGVpZ2h0PSIxIiB4bWxucz0iaHR0cDovL3d3dy53My5vcmcvMjAwMC9zdmciPjwvc3ZnPg==\" \/><\/span><\/h4>\r\n<\/div>\r\n<p>Plus500 ha aprovechado muy bien la oportunidad de crear su propia plataforma, implementando en ella much\u00edsimas funciones importantes para los comerciantes forex.<\/p>\r\n<p>Con la interfaz intuitiva y f\u00e1cil de usar, los gr\u00e1ficos excepcionales, la cuenta demo sin l\u00edmites y el amplio sistema de seguimiento de la cuenta, dir\u00eda yo que el broker ha logrado crear una soluci\u00f3n completa e ideal.<\/p>\r\n<p>Ser\u00e1 muy dif\u00edcil crear una plataforma que pueda ser mejor que \u00e9sta.<\/p>\r\n<p>&nbsp;<\/p>\r\n<p><center><a class=\"open\" href=\"\/regES\/plus500\" target=\"_blank\" rel=\"nofollow noopener noreferrer\">Visitar Plus500!<\/a><\/center><\/td>\r\n<\/tr>\r\n<\/tbody>\r\n<\/table>\r\n<span class=\"cfdservice\">84% de las cuentas de inversores minoristas pierden dinero en la comercializaci\u00f3n con CFD con este proveedor Debe considerar si comprende el funcionamiento de los CFD y si puede permitirse asumir un riesgo elevado de perder su dinero.<\/span>\r\n<p>[\/vc_column_text][\/vc_column][\/vc_row][vc_row][vc_column][vc_column_text]<center><a href=\"https:\/\/www.plus500.es\/?id=80152&#038;tags=rfrESban&#038;pl=2\" target=\"_blank\" title=\"+\" rel=\"noopener noreferrer\"><img fetchpriority=\"high\" decoding=\"async\" src=\"https:\/\/cdn.plus500.com\/Media\/Banners\/728x90\/32022.gif?set=Excel_New&#038;language=ES&#038;country=ES\" width=\"728\" height=\"90\" border=\"0\" alt=\"Plus500 banner\" \/><\/a><\/center>[\/vc_column_text][\/vc_column][\/vc_row]<\/p>\r\n","protected":false},"excerpt":{"rendered":"[vc_row][vc_column][vc_column_text] Introduccion o Saltar contenido y Lea la l\u00ednea de fondo! Plus500 no es s\u00f3lo un broker forex, sino tambi\u00e9n un desarrollador, ya que la empresa cre\u00f3 su propia plataforma de comercio, en vez de implementar la soluci\u00f3n de terceros, y esta plataforma puede ser usada para el comercio de CFD de forex, acciones, \u00edndices, [&hellip;]","protected":false},"author":57,"featured_media":0,"parent":497,"menu_order":0,"comment_status":"open","ping_status":"closed","template":"","meta":{"_acf_changed":false,"footnotes":""},"class_list":["post-499","page","type-page","status-publish","hentry"],"acf":[],"aioseo_notices":[],"_links":{"self":[{"href":"https:\/\/www.realforexreviews.com\/es\/wp-json\/wp\/v2\/pages\/499","targetHints":{"allow":["GET"]}}],"collection":[{"href":"https:\/\/www.realforexreviews.com\/es\/wp-json\/wp\/v2\/pages"}],"about":[{"href":"https:\/\/www.realforexreviews.com\/es\/wp-json\/wp\/v2\/types\/page"}],"author":[{"embeddable":true,"href":"https:\/\/www.realforexreviews.com\/es\/wp-json\/wp\/v2\/users\/57"}],"replies":[{"embeddable":true,"href":"https:\/\/www.realforexreviews.com\/es\/wp-json\/wp\/v2\/comments?post=499"}],"version-history":[{"count":5,"href":"https:\/\/www.realforexreviews.com\/es\/wp-json\/wp\/v2\/pages\/499\/revisions"}],"predecessor-version":[{"id":71023,"href":"https:\/\/www.realforexreviews.com\/es\/wp-json\/wp\/v2\/pages\/499\/revisions\/71023"}],"up":[{"embeddable":true,"href":"https:\/\/www.realforexreviews.com\/es\/wp-json\/wp\/v2\/pages\/497"}],"wp:attachment":[{"href":"https:\/\/www.realforexreviews.com\/es\/wp-json\/wp\/v2\/media?parent=499"}],"curies":[{"name":"wp","href":"https:\/\/api.w.org\/{rel}","templated":true}]}}