{"id":501,"date":"2015-03-08T13:10:50","date_gmt":"2015-03-08T13:10:50","guid":{"rendered":"https:\/\/new.realforexreviews.com\/?page_id=501"},"modified":"2020-10-09T09:30:23","modified_gmt":"2020-10-09T09:30:23","slug":"informacion-financiera","status":"publish","type":"page","link":"https:\/\/www.realforexreviews.com\/es\/informacion-financiera","title":{"rendered":"Informaci\u00f3n financiera"},"content":{"rendered":"\n<p>www.realforexreviews.com no es responsable por las p\u00e9rdidas monetarias o los da\u00f1os de cualquier naturaleza causados por basarse exclusivamente en las revisiones y la informaci\u00f3n disponible en este sitio web.<\/p>\n<p>Las noticias, las revisiones, los blogs y los art\u00edculos publicados en este sitio web se basan solamente en la investigaci\u00f3n y la opini\u00f3n personal del autor.<\/p>\n<p>Antes de invertir en los mercados financieros, les advertimos que el comercio en el mercado forex lleva mucho riesgo y puede resultar en p\u00e9rdida de todo su capital. Cualquier comerciante que tiene la intenci\u00f3n de ganar dinero con negocios financieros debe tenerlo en cuenta. No se recomienda comerciar usando el capital que uno no puede permitirse perder.<\/p>\n","protected":false},"excerpt":{"rendered":"www.realforexreviews.com no es responsable por las p\u00e9rdidas monetarias o los da\u00f1os de cualquier naturaleza causados por basarse exclusivamente en las revisiones y la informaci\u00f3n disponible en este sitio web. Las noticias, las revisiones, los blogs y los art\u00edculos publicados en este sitio web se basan solamente en la investigaci\u00f3n y la opini\u00f3n personal del autor. [&hellip;]","protected":false},"author":54,"featured_media":0,"parent":0,"menu_order":0,"comment_status":"closed","ping_status":"closed","template":"","meta":{"_acf_changed":false,"footnotes":""},"class_list":["post-501","page","type-page","status-publish","hentry"],"acf":[],"aioseo_notices":[],"_links":{"self":[{"href":"https:\/\/www.realforexreviews.com\/es\/wp-json\/wp\/v2\/pages\/501","targetHints":{"allow":["GET"]}}],"collection":[{"href":"https:\/\/www.realforexreviews.com\/es\/wp-json\/wp\/v2\/pages"}],"about":[{"href":"https:\/\/www.realforexreviews.com\/es\/wp-json\/wp\/v2\/types\/page"}],"author":[{"embeddable":true,"href":"https:\/\/www.realforexreviews.com\/es\/wp-json\/wp\/v2\/users\/54"}],"replies":[{"embeddable":true,"href":"https:\/\/www.realforexreviews.com\/es\/wp-json\/wp\/v2\/comments?post=501"}],"version-history":[{"count":1,"href":"https:\/\/www.realforexreviews.com\/es\/wp-json\/wp\/v2\/pages\/501\/revisions"}],"predecessor-version":[{"id":66252,"href":"https:\/\/www.realforexreviews.com\/es\/wp-json\/wp\/v2\/pages\/501\/revisions\/66252"}],"wp:attachment":[{"href":"https:\/\/www.realforexreviews.com\/es\/wp-json\/wp\/v2\/media?parent=501"}],"curies":[{"name":"wp","href":"https:\/\/api.w.org\/{rel}","templated":true}]}}