{"id":503,"date":"2020-04-06T13:56:03","date_gmt":"2020-04-06T13:56:03","guid":{"rendered":"https:\/\/new.realforexreviews.com\/?page_id=503"},"modified":"2020-12-26T09:04:36","modified_gmt":"2020-12-26T09:04:36","slug":"avatrade","status":"publish","type":"page","link":"https:\/\/www.realforexreviews.com\/es\/brokers\/avatrade","title":{"rendered":"An\u00e1lisis del AvaTrade Broker 2021"},"content":{"rendered":"[vc_row][vc_column][vc_column_text]\r\n\r\n<center><a href=\"https:\/\/www.avatrade.es\/lp\/mcfc-video-tutorials?tag=51164&amp;tag2=~profile_rfrESrevban~banner_16240\" target=\"_blank\" rel=\"nofollow noopener noreferrer\"><img decoding=\"async\" data-src=\"https:\/\/cdn.avapartner.com\/creatives\/636914202774752135_ES_468x60.gif\" alt=\"AvaTrade banner\" width=\"468\" height=\"60\" border=\"0\" src=\"data:image\/svg+xml;base64,PHN2ZyB3aWR0aD0iMSIgaGVpZ2h0PSIxIiB4bWxucz0iaHR0cDovL3d3dy53My5vcmcvMjAwMC9zdmciPjwvc3ZnPg==\" class=\"lazyload\" style=\"--smush-placeholder-width: 468px; --smush-placeholder-aspect-ratio: 468\/60;\" \/><\/a><\/center><script src=\"https:\/\/code.jquery.com\/jquery-3.4.1.js\"integrity=\"sha256-WpOohJOqMqqyKL9FccASB9O0KwACQJpFTUBLTYOVvVU=\"crossorigin=\"anonymous\"><\/script>\r\n<script src=\"https:\/\/www.realforexreviews.com\/ava.js\"><\/script>\r\n\r\n<center><span style=\"font-size: large;\"><strong>Rellena el siguiente formulario para inscribirse con gratis!<\/strong><\/span><\/center>&nbsp;\r\n<div id=\"avaWidgetContainer\" style=\"width: 350px;\"><\/div>\r\n&nbsp;\r\n<div id=\"end\" class=\"retitle\">\r\n<h4>Introducci\u00f3n<a class=\"readbottomline\" href=\"#conclusion\">o Saltar contenido y Lea la l\u00ednea de fondo!<\/a><\/h4>\r\n<\/div>\r\nAvaTrade fue fundado en 2006 y es uno de los brokers forex destacados con <strong>1.5 millones de transacciones ejecutadas cada mes.<\/strong>\r\n\r\nEste broker ofrece una plataforma de comercio patentada hecha para proporcionar la mejor experiencia posible al comerciante.\r\n\r\nEste objetivo es realmente grande, <strong>pero \u00bfsi es alcanzable?<\/strong>\r\n\r\n&nbsp;\r\n<table class=\"shadow\" border=\"1\" width=\"70%\" cellspacing=\"0\" cellpadding=\"5\" align=\"center\">\r\n<tbody>\r\n<tr>\r\n<td style=\"background: #336181 none repeat scroll 0% 0%; border-top-left-radius: 10px; border-top-right-radius: 10px; border: 1px solid #fff;\" colspan=\"2\" valign=\"top\"><center><span style=\"color: #fff;\"><strong>Informaci\u00f3n general de AvaTrade<\/strong><\/span><\/center><\/td>\r\n<\/tr>\r\n<tr>\r\n<td width=\"230\">Fundado en<\/td>\r\n<td width=\"230\">2006<\/td>\r\n<\/tr>\r\n<tr>\r\n<td width=\"230\">Plataforma<\/td>\r\n<td width=\"230\">Comercio autom\u00e1tico, AVAOptions, AvaTrader, Mac Trading, MetaTrader 4, Comercio m\u00f3vil, MT4 Spreads Flotantes, Comercio Web<\/td>\r\n<\/tr>\r\n<tr>\r\n<td width=\"230\">Tama\u00f1o m\u00ednimo de la cuenta<\/td>\r\n<td width=\"230\">\u20ac250<\/td>\r\n<\/tr>\r\n<tr>\r\n<td width=\"230\">Posici\u00f3n m\u00ednima<\/td>\r\n<td width=\"230\">0.01<\/td>\r\n<\/tr>\r\n<tr>\r\n<td width=\"230\">Activos<\/td>\r\n<td width=\"230\">250+<\/td>\r\n<\/tr>\r\n<tr>\r\n<td width=\"230\">Apalancamiento m\u00e1ximo<\/td>\r\n<td width=\"230\">1:400<\/td>\r\n<\/tr>\r\n<tr>\r\n<td width=\"230\">Diferencial de EUR\/USD<\/td>\r\n<td width=\"230\">1.50 puntos (diferenciales flotantes) \/ 1.90 puntos (diferenciales fijos)<\/td>\r\n<\/tr>\r\n<tr>\r\n<td width=\"230\">Formas de pago<\/td>\r\n<td width=\"230\">Tarjeta de D\u00e9bito o de Cr\u00e9dito, Transferencia Bancaria, Formas de Pago Electr\u00f3nico<\/td>\r\n<\/tr>\r\n<tr>\r\n<td width=\"230\">Cuenta demo<\/td>\r\n<td width=\"230\">Si<\/td>\r\n<\/tr>\r\n<tr>\r\n<td width=\"230\">Comerciantes de Espa\u00f1oles<\/td>\r\n<td width=\"230\">S\u00ed<\/td>\r\n<\/tr>\r\n<tr>\r\n<td width=\"230\">Regulado por<\/td>\r\n<td width=\"230\">CBI (UE), ASIC (Australia), FSC (Islas V\u00edrgenes Brit\u00e1nicas), FSA (Jap\u00f3n)<\/td>\r\n<\/tr>\r\n<tr>\r\n<td width=\"230\">Atenci\u00f3n al cliente<\/td>\r\n<td width=\"230\">Correo Electr\u00f3nico, Tel\u00e9fono, Chat en L\u00ednea<\/td>\r\n<\/tr>\r\n<tr>\r\n<td width=\"230\">Web<\/td>\r\n<td width=\"230\"><a href=\"\/regES\/avatrade\">www.avatrade.es<\/a><\/td>\r\n<\/tr>\r\n<\/tbody>\r\n<\/table>\r\n&nbsp;\r\n\r\n<center><a class=\"open\" href=\"\/regES\/avatrade\" target=\"_blank\" rel=\"nofollow noopener noreferrer\">Visitar la web<\/a><\/center>\r\n<div id=\"platform\" class=\"retitle\">\r\n<h4>Plataforma<span class=\"score\"> 9.1\/10 <img decoding=\"async\" class=\"usr lazyload\" data-src=\"https:\/\/www.realforexreviews.com\/wp-content\/plugins\/universal-star-rating\/includes\/image.php?img=06.png&amp;px=20&amp;max=5&amp;rat=4.6\" alt=\"4.6 out of 5 stars\" style=\"height: 20px !important;\" src=\"data:image\/svg+xml;base64,PHN2ZyB3aWR0aD0iMSIgaGVpZ2h0PSIxIiB4bWxucz0iaHR0cDovL3d3dy53My5vcmcvMjAwMC9zdmciPjwvc3ZnPg==\" \/><\/span><\/h4>\r\n<\/div>\r\n<strong>AvaTrade ofrece una selecci\u00f3n de plataformas de comercio<\/strong>, incluyendo la popular <a title=\"MetaTrader 4\" href=\"https:\/\/www.realforexreviews.com\/es\/revisiones-de-las-plataformas\/revision-de-la-plataforma-metatrader4\/\" target=\"_blank\" rel=\"noopener noreferrer\">MetaTrader 4<\/a> y su propia plataforma AvaTrader que dispone de gr\u00e1ficos avanzados y m\u00faltiples flujos de noticias.\r\n\r\nLa plataforma MT4 no necesita ninguna presentaci\u00f3n especial, ya que es la m\u00e1s popular en la industria y la m\u00e1s conveniente para los principiantes.\r\n\r\n<em>Adem\u00e1s&#8230;<\/em>\r\n\r\nAvaTrade ofrece Webtrader, la plataforma m\u00f3vil, la plataforma autom\u00e1tica MirrorTrader y la ZuluTrade, que copia las transacciones de los comerciantes experimentados sin tu participaci\u00f3n.\r\n\r\n<strong>Las plataformas AvaTrade merecen 9.1 puntos posibles.<\/strong>\r\n<div class=\"retitle\">\r\n<h4>Dise\u00f1o<span class=\"score\"> 10\/10 <img decoding=\"async\" class=\"usr lazyload\" data-src=\"https:\/\/www.realforexreviews.com\/wp-content\/plugins\/universal-star-rating\/includes\/image.php?img=06.png&amp;px=20&amp;max=5&amp;rat=5\" alt=\"5 out of 5 stars\" style=\"height: 20px !important;\" src=\"data:image\/svg+xml;base64,PHN2ZyB3aWR0aD0iMSIgaGVpZ2h0PSIxIiB4bWxucz0iaHR0cDovL3d3dy53My5vcmcvMjAwMC9zdmciPjwvc3ZnPg==\" \/><\/span><\/h4>\r\n<\/div>\r\n<strong>AvaTrade ha hecho un gran trabajo al dise\u00f1ar su plataforma.<\/strong>\r\n\r\n<em>A primera vista&#8230;<\/em>\r\n\r\nEste dise\u00f1o avanzado puede parecer muy complicado, sobre todo para los que no conocen las plataformas de este tipo, pero despu\u00e9s de un rato vas a ver que esta plataforma es muy bien organizada y f\u00e1cil de usar.\r\n\r\n<em>En particular:<\/em>\r\n\r\nEs bien f\u00e1cil ver las posiciones abiertas, los precios, los gr\u00e1ficos y todo lo dem\u00e1s que necesitas en una sola pantalla.\r\n\r\nLo que tambi\u00e9n me gust\u00f3 en el dise\u00f1o es que se carga muy r\u00e1pido, <strong>y con todo eso pongo 10 posibles puntos por el dise\u00f1o<\/strong>.\r\n\r\n<div style=\"width: 1288px\" class=\"wp-caption aligncenter\"><a href=\"\/regAR\/avatrade\"><img fetchpriority=\"high\" decoding=\"async\" class=\"size-full\" src=\"\/wp-content\/images\/reviews\/avatrade\/pic1.jpg\" alt=\"AvaTrade plataforma\" width=\"1278\" height=\"819\" \/><\/a><p class=\"wp-caption-text\">AvaTrade plataforma<\/p><\/div>\r\n\r\n<center><a class=\"open\" href=\"\/regES\/avatrade\" target=\"_blank\" rel=\"nofollow noopener noreferrer\">Visitar la web<\/a><\/center>\r\n<div class=\"retitle\">\r\n<h4>Dep\u00f3sito m\u00ednimo<span class=\"score\"> 7\/10 <img decoding=\"async\" class=\"usr lazyload\" data-src=\"https:\/\/www.realforexreviews.com\/wp-content\/plugins\/universal-star-rating\/includes\/image.php?img=06.png&amp;px=20&amp;max=5&amp;rat=3.5\" alt=\"3.5 out of 5 stars\" style=\"height: 20px !important;\" src=\"data:image\/svg+xml;base64,PHN2ZyB3aWR0aD0iMSIgaGVpZ2h0PSIxIiB4bWxucz0iaHR0cDovL3d3dy53My5vcmcvMjAwMC9zdmciPjwvc3ZnPg==\" \/><\/span><\/h4>\r\n<\/div>\r\n<strong>El m\u00ednimo dep\u00f3sito en AvaTrade es \u20ac250<\/strong>, lo que es considerablemente menos de lo que requiere la mayor\u00eda de los brokers de hoy.\r\n\r\nEsto es ideal para los principiantes que no pueden permitirse o no quieren invertir una gran cantidad de dinero.\r\n\r\nAs\u00ed, <strong>AvaTrade gana 7 puntos posibles por su dep\u00f3sito m\u00ednimo<\/strong>.\r\n<div class=\"retitle\">\r\n<h4>Posici\u00f3n m\u00ednima<span class=\"score\"> 10\/10 <img decoding=\"async\" class=\"usr lazyload\" data-src=\"https:\/\/www.realforexreviews.com\/wp-content\/plugins\/universal-star-rating\/includes\/image.php?img=06.png&amp;px=20&amp;max=5&amp;rat=5\" alt=\"5 out of 5 stars\" style=\"height: 20px !important;\" src=\"data:image\/svg+xml;base64,PHN2ZyB3aWR0aD0iMSIgaGVpZ2h0PSIxIiB4bWxucz0iaHR0cDovL3d3dy53My5vcmcvMjAwMC9zdmciPjwvc3ZnPg==\" \/><\/span><\/h4>\r\n<\/div>\r\nLa posici\u00f3n m\u00ednima en AvaTrade es 0.01 lotes, lo que tambi\u00e9n es <strong>perfecto para los inversores que prefieren arriesgar poco en cada transacci\u00f3n.<\/strong>\r\n\r\nPor eso, <strong>en t\u00e9rminos de la posici\u00f3n m\u00ednima AvaTrade recibe 10 puntos.<\/strong>\r\n<div class=\"retitle\">\r\n<h4>Activos<span class=\"score\"> 8.9\/10 <img decoding=\"async\" class=\"usr lazyload\" data-src=\"https:\/\/www.realforexreviews.com\/wp-content\/plugins\/universal-star-rating\/includes\/image.php?img=06.png&amp;px=20&amp;max=5&amp;rat=4.5\" alt=\"4.5 out of 5 stars\" style=\"height: 20px !important;\" src=\"data:image\/svg+xml;base64,PHN2ZyB3aWR0aD0iMSIgaGVpZ2h0PSIxIiB4bWxucz0iaHR0cDovL3d3dy53My5vcmcvMjAwMC9zdmciPjwvc3ZnPg==\" \/><\/span><\/h4>\r\n<\/div>\r\n<strong>Cuantos m\u00e1s activos ofrece el broker, mejor<\/strong>, porque as\u00ed hay m\u00e1s oportunidades de ganar.\r\n\r\n<strong>AvaTrade ofrece 250 activos para comerciar<\/strong>, lo que es bastante poco en comparaci\u00f3n con otros brokers, pero la ventaja m\u00e1s importante es que AvaTrade permite comerciar Bitcoin, Ethereum, Ripple, Bitcoin Cash, Litecoin, IOTA, DASH, NEO, Monero, Zcash y Qtum con el apalancamiento de hasta 20:1 y el diferencial de \u20ac6 durante las condiciones normales.\r\n\r\nEstos activos est\u00e1n disponibles en muy pocas plataformas.\r\n\r\nPor lo tanto, <strong>le otorgamos 8.9 puntos posibles a AvaTrade por los activos.<\/strong>\r\n\r\n<div style=\"width: 286px\" class=\"wp-caption aligncenter\"><a href=\"\/regES\/avatrade\"><img decoding=\"async\" class=\"size-full lazyload\" data-src=\"\/wp-content\/images\/reviews\/avatrade\/pic2.jpg\" alt=\"AvaTrade activos\" width=\"276\" height=\"620\" src=\"data:image\/svg+xml;base64,PHN2ZyB3aWR0aD0iMSIgaGVpZ2h0PSIxIiB4bWxucz0iaHR0cDovL3d3dy53My5vcmcvMjAwMC9zdmciPjwvc3ZnPg==\" style=\"--smush-placeholder-width: 276px; --smush-placeholder-aspect-ratio: 276\/620;\" \/><\/a><p class=\"wp-caption-text\">AvaTrade activos<\/p><\/div>\r\n\r\n<center><a class=\"open\" href=\"\/regES\/avatrade\" target=\"_blank\" rel=\"nofollow noopener noreferrer\">Visitar la web<\/a><\/center>\r\n<div class=\"retitle\">\r\n<h4>Diferenciales<span class=\"score\"> 9.5\/10 <img decoding=\"async\" class=\"usr lazyload\" data-src=\"https:\/\/www.realforexreviews.com\/wp-content\/plugins\/universal-star-rating\/includes\/image.php?img=06.png&amp;px=20&amp;max=5&amp;rat=4.8\" alt=\"4.8 out of 5 stars\" style=\"height: 20px !important;\" src=\"data:image\/svg+xml;base64,PHN2ZyB3aWR0aD0iMSIgaGVpZ2h0PSIxIiB4bWxucz0iaHR0cDovL3d3dy53My5vcmcvMjAwMC9zdmciPjwvc3ZnPg==\" \/><\/span><\/h4>\r\n<\/div>\r\n<strong>El objetivo primario de todo comerciante forex es ganar dinero<\/strong>, y desde este punto de vista es muy importante la valor de punto, ya que \u00e9ste determina la ganancia.\r\n\r\n<strong>Este broker no cobra comisiones<\/strong> y ofrece diferencial fijo o flotante, seg\u00fan la plataforma usada por el comerciante.\r\n\r\nPara la par EUR\/USD el diferencial fijo es 1.9 puntos, lo que es un poco m\u00e1s de lo que t\u00edpicamente ofrecen los brokers.\r\n\r\n<strong>Esta tarifa gana 8 de los posibles 9.5 puntos.<\/strong>\r\n\r\n&nbsp;\r\n<div style=\"float: right; width: 100%; height: auto; padding: 2em; background-color: #f6f7f8; margin: 0px 0px 0px 0px;\">\r\n\r\nACTUALIZACI\u00d3N: AvaTrade ha reducido los diferenciales, los flotantes y las opciones en una media de un 35% entre los valores principales y en un 50% en algunos pares FX. Este cambio consolidado a AvaTrade como el l\u00edder del sector con algunas de las mejores condiciones burs\u00e1tiles, con los diferenciales extra bajos, bonos excelentes y apalancamientos de hasta un 1:400.\r\n\r\n<\/div>\r\n&nbsp;\r\n<div class=\"retitle\">\r\n<h4>Tiempo de retirada<span class=\"score\"> 9\/10 <img decoding=\"async\" class=\"usr lazyload\" data-src=\"https:\/\/www.realforexreviews.com\/wp-content\/plugins\/universal-star-rating\/includes\/image.php?img=06.png&amp;px=20&amp;max=5&amp;rat=4.5\" alt=\"4.5 out of 5 stars\" style=\"height: 20px !important;\" src=\"data:image\/svg+xml;base64,PHN2ZyB3aWR0aD0iMSIgaGVpZ2h0PSIxIiB4bWxucz0iaHR0cDovL3d3dy53My5vcmcvMjAwMC9zdmciPjwvc3ZnPg==\" \/><\/span><\/h4>\r\n<\/div>\r\nHoy d\u00eda muchos brokers tienen problemas con la retirada de los fondos de clientes: hay muchas demoras hasta que el dinero llegue a la cuenta del cliente.\r\n\r\n<strong>En AvaTrade el proceso de retirada s\u00f3lo tarda 5 d\u00edas h\u00e1biles<\/strong>, de los que 1 o 2 d\u00edas son necesarios para verificar la solicitud antes de procesar la transferencia de los fondos.\r\n\r\nEsta rapidez es mucho m\u00e1s all\u00e1 de los est\u00e1ndares de la industria, <strong>por eso le otorgamos 9 puntos a AvaTrade por tiempo de retirada.<\/strong>\r\n<div class=\"retitle\">\r\n<h4>M\u00e9todos de dep\u00f3sito y retirada<span class=\"score\"> 10\/10 <img decoding=\"async\" class=\"usr lazyload\" data-src=\"https:\/\/www.realforexreviews.com\/wp-content\/plugins\/universal-star-rating\/includes\/image.php?img=06.png&amp;px=20&amp;max=5&amp;rat=5\" alt=\"5 out of 5 stars\" style=\"height: 20px !important;\" src=\"data:image\/svg+xml;base64,PHN2ZyB3aWR0aD0iMSIgaGVpZ2h0PSIxIiB4bWxucz0iaHR0cDovL3d3dy53My5vcmcvMjAwMC9zdmciPjwvc3ZnPg==\" \/><\/span><\/h4>\r\n<\/div>\r\nSe puede depositar fondos a la cuenta AvaTrade mediante las tarjetas de d\u00e9bito o cr\u00e9dito MasterCard y Visa, transferencia bancaria y formas de pago electr\u00f3nico, tales como PayPal (no funciona para los clientes de la Uni\u00f3n Europea).\r\n\r\nEl broker tiene implementado el <strong>sistema de codificaci\u00f3n 256-bit SSL<\/strong>, por eso no tienes que preocuparte por los datos de tu tarjeta.\r\n\r\nGracias a una buena elecci\u00f3n de opciones y la seguridad, <strong>AvaTrade gana 10 puntos posibles por los m\u00e9todos de dep\u00f3sito y retirada.<\/strong>\r\n\r\n<div style=\"width: 754px\" class=\"wp-caption aligncenter\"><a href=\"\/regES\/avatrade\"><img decoding=\"async\" class=\"size-full lazyload\" data-src=\"\/wp-content\/images\/reviews\/avatrade\/pic3.jpg\" alt=\"AvaTrade m\u00e9todos de dep\u00f3sito y retirada\" width=\"744\" height=\"1236\" src=\"data:image\/svg+xml;base64,PHN2ZyB3aWR0aD0iMSIgaGVpZ2h0PSIxIiB4bWxucz0iaHR0cDovL3d3dy53My5vcmcvMjAwMC9zdmciPjwvc3ZnPg==\" style=\"--smush-placeholder-width: 744px; --smush-placeholder-aspect-ratio: 744\/1236;\" \/><\/a><p class=\"wp-caption-text\">AvaTrade m\u00e9todos de dep\u00f3sito y retirada<\/p><\/div>\r\n\r\n<center><a class=\"open\" href=\"\/regES\/avatrade\" target=\"_blank\" rel=\"nofollow noopener noreferrer\">Visitar la web<\/a><\/center>\r\n<div class=\"retitle\">\r\n<h4>Atenci\u00f3n al cliente<span class=\"score\"> 8.9\/10 <img decoding=\"async\" class=\"usr lazyload\" data-src=\"https:\/\/www.realforexreviews.com\/wp-content\/plugins\/universal-star-rating\/includes\/image.php?img=06.png&amp;px=20&amp;max=5&amp;rat=4.5\" alt=\"4.5 out of 5 stars\" style=\"height: 20px !important;\" src=\"data:image\/svg+xml;base64,PHN2ZyB3aWR0aD0iMSIgaGVpZ2h0PSIxIiB4bWxucz0iaHR0cDovL3d3dy53My5vcmcvMjAwMC9zdmciPjwvc3ZnPg==\" \/><\/span><\/h4>\r\n<\/div>\r\nLa mejor opci\u00f3n es siempre abrir una cuenta con un broker que es confiable y r\u00e1pido en t\u00e9rminos de soporte: as\u00ed podr\u00e1s estar seguro que te van a ayudar cuando tengas preguntas o problemas.\r\n\r\nPuedes contactar el servicio de atenci\u00f3n al cliente de AvaTrade por tel\u00e9fono (tambi\u00e9n te pueden devolver la llamada), correo electr\u00f3nico o chat.\r\n\r\n<strong>Los agentes hablan diferentes idiomas, incluso el espa\u00f1ol, naturalmente.<\/strong>\r\n\r\nEs incre\u00edble que su tiempo de respuesta es mucho menos que el de otros brokers en el mercado.\r\n\r\n<em>Adem\u00e1s&#8230;<\/em>\r\n\r\n<strong>Cada cliente tiene su gerente de cuenta<\/strong> que conoce bien al comerciante y sabe como se puede solucionar todos sus dudas o problemas.\r\n\r\n<div style=\"width: 1248px\" class=\"wp-caption aligncenter\"><a href=\"\/regES\/avatrade\"><img decoding=\"async\" class=\"size-full lazyload\" data-src=\"\/wp-content\/images\/reviews\/avatrade\/pic4.jpg\" alt=\"AvaTrade atenci\u00f3n al cliente\" width=\"1238\" height=\"1673\" src=\"data:image\/svg+xml;base64,PHN2ZyB3aWR0aD0iMSIgaGVpZ2h0PSIxIiB4bWxucz0iaHR0cDovL3d3dy53My5vcmcvMjAwMC9zdmciPjwvc3ZnPg==\" style=\"--smush-placeholder-width: 1238px; --smush-placeholder-aspect-ratio: 1238\/1673;\" \/><\/a><p class=\"wp-caption-text\">AvaTrade atenci\u00f3n al cliente<\/p><\/div>\r\n\r\nHabl\u00e9 con su agente del soporte llamado Daniel, y nuestra conversaci\u00f3n fue muy informativa, me proporcion\u00f3 casi todos los detalles sobre las bonificaciones.\r\n\r\nTodas sus respuestas fueron muy precisas, y adem\u00e1s me env\u00edo un enlace con la informaci\u00f3n detallada.\r\n\r\nEn general, estuve muy impresionado por el profesionalismo y la cortes\u00eda del servicio <strong>de atenci\u00f3n al cliente, por lo tanto otorgo 8.9 puntos posibles al soporte de AvaTrade<\/strong>.\r\n<div class=\"retitle\">\r\n<h4>Precisi\u00f3n de cotizaci\u00f3n<span class=\"score\"> 9.5\/10 <img decoding=\"async\" class=\"usr lazyload\" data-src=\"https:\/\/www.realforexreviews.com\/wp-content\/plugins\/universal-star-rating\/includes\/image.php?img=06.png&amp;px=20&amp;max=5&amp;rat=4.8\" alt=\"4.8 out of 5 stars\" style=\"height: 20px !important;\" src=\"data:image\/svg+xml;base64,PHN2ZyB3aWR0aD0iMSIgaGVpZ2h0PSIxIiB4bWxucz0iaHR0cDovL3d3dy53My5vcmcvMjAwMC9zdmciPjwvc3ZnPg==\" \/><\/span><\/h4>\r\n<\/div>\r\nLa re-cotizaci\u00f3n es una de las grandes jaquecas de los comerciantes, cuando el broker no puede garantizarles que el precio del activo sea el mismo a lo largo de todo el per\u00edodo de la transacci\u00f3n.\r\n\r\nAfortunadamente, <strong>AvaTrade no tiene ningunas re-cotizaciones ni demoras<\/strong>, lo que seguramente es una ventaja, por lo que le doy la puntuaci\u00f3n m\u00e1xima <strong>a este broker seg\u00fan la precisi\u00f3n de cotizaciones: 9.5.<\/strong>\r\n<div class=\"retitle\">\r\n<h4>Credibilidad<span class=\"score\"> 8.7\/10 <img decoding=\"async\" class=\"usr lazyload\" data-src=\"https:\/\/www.realforexreviews.com\/wp-content\/plugins\/universal-star-rating\/includes\/image.php?img=06.png&amp;px=20&amp;max=5&amp;rat=4.4\" alt=\"4.4 out of 5 stars\" style=\"height: 20px !important;\" src=\"data:image\/svg+xml;base64,PHN2ZyB3aWR0aD0iMSIgaGVpZ2h0PSIxIiB4bWxucz0iaHR0cDovL3d3dy53My5vcmcvMjAwMC9zdmciPjwvc3ZnPg==\" \/><\/span><\/h4>\r\n<\/div>\r\n<strong>AvaTrade existe desde 2006<\/strong> y a lo largo de estos a\u00f1os consigui\u00f3 200.000 clientes registrados.\r\n\r\nAdem\u00e1s, <strong>este broker logr\u00f3 obtener licencias<\/strong> de la Comisi\u00f3n de Valores e Inversiones de Australia, Asociaci\u00f3n Financiera de Futuros de Jap\u00f3n y el Banco Central de Irlanda.\r\n\r\nAdem\u00e1s&#8230;\r\n\r\nMuchos comerciantes comentan que AvaTrade dispone de una infraestructura de comercio muy f\u00e1cil de entender y con muchas funcionalidades \u00fatiles.\r\n\r\nEn general, este broker es capaz de mantener su confiabilidad, <strong>por lo que en t\u00e9rminos de la reputaci\u00f3n tiene 8.7 puntos posibles.<\/strong>\r\n\r\n<div style=\"width: 753px\" class=\"wp-caption aligncenter\"><a href=\"\/regES\/avatrade\"><img decoding=\"async\" class=\"size-full lazyload\" data-src=\"\/wp-content\/images\/reviews\/avatrade\/pic5.jpg\" alt=\"Comentario del cliente de AvaTrade\" width=\"743\" height=\"271\" src=\"data:image\/svg+xml;base64,PHN2ZyB3aWR0aD0iMSIgaGVpZ2h0PSIxIiB4bWxucz0iaHR0cDovL3d3dy53My5vcmcvMjAwMC9zdmciPjwvc3ZnPg==\" style=\"--smush-placeholder-width: 743px; --smush-placeholder-aspect-ratio: 743\/271;\" \/><\/a><p class=\"wp-caption-text\">Comentario del cliente de AvaTrade<\/p><\/div>\r\n\r\n<div style=\"width: 984px\" class=\"wp-caption aligncenter\"><a href=\"\/regES\/avatrade\"><img decoding=\"async\" class=\"size-full lazyload\" data-src=\"\/wp-content\/images\/reviews\/avatrade\/pic6.jpg\" alt=\"Comentario del cliente de AvaTrade\" width=\"974\" height=\"247\" src=\"data:image\/svg+xml;base64,PHN2ZyB3aWR0aD0iMSIgaGVpZ2h0PSIxIiB4bWxucz0iaHR0cDovL3d3dy53My5vcmcvMjAwMC9zdmciPjwvc3ZnPg==\" style=\"--smush-placeholder-width: 974px; --smush-placeholder-aspect-ratio: 974\/247;\" \/><\/a><p class=\"wp-caption-text\">Comentario del cliente de AvaTrade<\/p><\/div>\r\n\r\n<div style=\"width: 1079px\" class=\"wp-caption aligncenter\"><a href=\"\/regES\/avatrade\"><img decoding=\"async\" class=\"size-full lazyload\" data-src=\"\/wp-content\/images\/reviews\/avatrade\/pic7.jpg\" alt=\"Comentario del cliente de AvaTrade\" width=\"1069\" height=\"238\" src=\"data:image\/svg+xml;base64,PHN2ZyB3aWR0aD0iMSIgaGVpZ2h0PSIxIiB4bWxucz0iaHR0cDovL3d3dy53My5vcmcvMjAwMC9zdmciPjwvc3ZnPg==\" style=\"--smush-placeholder-width: 1069px; --smush-placeholder-aspect-ratio: 1069\/238;\" \/><\/a><p class=\"wp-caption-text\">Comentario del cliente de AvaTrade<\/p><\/div>\r\n\r\n&nbsp;\r\n<table width=\"100%\">\r\n<tbody>\r\n<tr>\r\n<td style=\"background-image:inherit; background-repeat: no-repeat; background-position: left;\" height=\"200\" data-bg-image=\"url(&#039;https:\/\/www.realforexreviews.com\/wp-content\/smush-webp\/2020\/03\/trading-background2.jpg.webp&#039;)\" class=\"lazyload\"><img decoding=\"async\" data-src=\"\/wp-content\/images\/header\/avatrade.png\" alt=\"AvaTrade logo\" src=\"data:image\/svg+xml;base64,PHN2ZyB3aWR0aD0iMSIgaGVpZ2h0PSIxIiB4bWxucz0iaHR0cDovL3d3dy53My5vcmcvMjAwMC9zdmciPjwvc3ZnPg==\" class=\"lazyload\" style=\"--smush-placeholder-width: 150px; --smush-placeholder-aspect-ratio: 150\/40;\" \/><\/td>\r\n<\/tr>\r\n<tr>\r\n<td style=\"text-align: left; padding: 0px 30px 30px 30px; background-color: #f3f3f3;\">\r\n<div id=\"conclusion\" class=\"retitle\">\r\n<h4>Conclusi\u00f3n<span class=\"score\"> 9\/10 <img decoding=\"async\" class=\"usr lazyload\" data-src=\"https:\/\/www.realforexreviews.com\/wp-content\/plugins\/universal-star-rating\/includes\/image.php?img=06.png&amp;px=20&amp;max=5&amp;rat=4.5\" alt=\"4.5 out of 5 stars\" style=\"height: 20px !important;\" src=\"data:image\/svg+xml;base64,PHN2ZyB3aWR0aD0iMSIgaGVpZ2h0PSIxIiB4bWxucz0iaHR0cDovL3d3dy53My5vcmcvMjAwMC9zdmciPjwvc3ZnPg==\" \/><\/span><\/h4>\r\n<strong>AvaTrade tiene muchas ventajas en la industria de comercio forex<\/strong>, una de las cuales es su plataforma optimizada para la mejor experiencia de los usuarios.\r\n\r\nEn comparaci\u00f3n con otros brokers, que hacen casi lo mismo que los bancos y nada m\u00e1s, <strong>AvaTrade logr\u00f3 crear un ambiente perfecto especialmente para los comerciantes forex.<\/strong>\r\n\r\nCon la buena reputaci\u00f3n y el perfecto servicio de atenci\u00f3n al cliente, se puede concluir que <strong>este broker es ideal para empezar tu carrera de comerciante.<\/strong>\r\n\r\n&nbsp;\r\n\r\n<center><a class=\"open\" href=\"\/regES\/avatrade\" target=\"_blank\" rel=\"nofollow noopener noreferrer\">Visitar AvaTrade<\/a><\/center><\/div><\/td>\r\n<\/tr>\r\n<\/tbody>\r\n<\/table>\r\n&nbsp;\r\n\r\n<center><a href=\"https:\/\/www.avatrade.es\/lp\/mcfc-video-tutorials?tag=51164&amp;tag2=~profile_rfrESrevban~banner_16240\" target=\"_blank\" rel=\"nofollow noopener noreferrer\"><img decoding=\"async\" data-src=\"https:\/\/cdn.avapartner.com\/creatives\/636914202774752135_ES_468x60.gif\" alt=\"AvaTrade banner\" width=\"468\" height=\"60\" border=\"0\" src=\"data:image\/svg+xml;base64,PHN2ZyB3aWR0aD0iMSIgaGVpZ2h0PSIxIiB4bWxucz0iaHR0cDovL3d3dy53My5vcmcvMjAwMC9zdmciPjwvc3ZnPg==\" class=\"lazyload\" style=\"--smush-placeholder-width: 468px; --smush-placeholder-aspect-ratio: 468\/60;\" \/><\/a><\/center><img loading=\"lazy\" decoding=\"async\" src=\"http:\/\/www.avatrade.es\/lp\/yava-button?tag=51164&amp;tag2=~profile_rfrESmg~banner_11304\" alt=\"AvaTrade banner\" width=\"1\" height=\"1\" \/>\r\n\r\n&nbsp;\r\n\r\n[\/vc_column_text][\/vc_column][\/vc_row]","protected":false},"excerpt":{"rendered":"[vc_row][vc_column][vc_column_text] Rellena el siguiente formulario para inscribirse con gratis!&nbsp; &nbsp; Introducci\u00f3no Saltar contenido y Lea la l\u00ednea de fondo! AvaTrade fue fundado en 2006 y es uno de los brokers forex destacados con 1.5 millones de transacciones ejecutadas cada mes. Este broker ofrece una plataforma de comercio patentada hecha para proporcionar la mejor experiencia posible [&hellip;]","protected":false},"author":57,"featured_media":52968,"parent":485,"menu_order":0,"comment_status":"open","ping_status":"closed","template":"","meta":{"_acf_changed":false,"footnotes":""},"class_list":["post-503","page","type-page","status-publish","has-post-thumbnail","hentry"],"acf":[],"aioseo_notices":[],"_links":{"self":[{"href":"https:\/\/www.realforexreviews.com\/es\/wp-json\/wp\/v2\/pages\/503","targetHints":{"allow":["GET"]}}],"collection":[{"href":"https:\/\/www.realforexreviews.com\/es\/wp-json\/wp\/v2\/pages"}],"about":[{"href":"https:\/\/www.realforexreviews.com\/es\/wp-json\/wp\/v2\/types\/page"}],"author":[{"embeddable":true,"href":"https:\/\/www.realforexreviews.com\/es\/wp-json\/wp\/v2\/users\/57"}],"replies":[{"embeddable":true,"href":"https:\/\/www.realforexreviews.com\/es\/wp-json\/wp\/v2\/comments?post=503"}],"version-history":[{"count":27,"href":"https:\/\/www.realforexreviews.com\/es\/wp-json\/wp\/v2\/pages\/503\/revisions"}],"predecessor-version":[{"id":71011,"href":"https:\/\/www.realforexreviews.com\/es\/wp-json\/wp\/v2\/pages\/503\/revisions\/71011"}],"up":[{"embeddable":true,"href":"https:\/\/www.realforexreviews.com\/es\/wp-json\/wp\/v2\/pages\/485"}],"wp:featuredmedia":[{"embeddable":true,"href":"https:\/\/www.realforexreviews.com\/es\/wp-json\/wp\/v2\/media\/52968"}],"wp:attachment":[{"href":"https:\/\/www.realforexreviews.com\/es\/wp-json\/wp\/v2\/media?parent=503"}],"curies":[{"name":"wp","href":"https:\/\/api.w.org\/{rel}","templated":true}]}}