{"id":401,"date":"2020-03-31T11:20:17","date_gmt":"2020-03-31T11:20:17","guid":{"rendered":"https:\/\/new.realforexreviews.com\/?page_id=401"},"modified":"2022-07-05T10:51:00","modified_gmt":"2022-07-05T10:51:00","slug":"plus500","status":"publish","type":"page","link":"https:\/\/www.realforexreviews.com\/fr\/brokers\/plus500","title":{"rendered":"Examen de Plus500 2021"},"content":{"rendered":"<p>[vc_row][vc_column][vc_column_text]<\/p>\n<div style=\"width: 100%; height: auto; padding: 2em; background-color: #ffcccc; margin: 10px 10px 10px 10px;\">\n<h3><strong>Mise \u00e0 jour:<\/strong> Plus500 n&rsquo;accepte pas les ressortissants fran\u00e7ais et r\u00e9sidents en France.<\/h3>\n<\/div>\n<p>[\/vc_column_text][\/vc_column][\/vc_row][vc_row][vc_column][vc_column_text]<center><span style=\"font-size: large;\"><strong>Remplissez le formulaire ci-dessous pour vous inscrire gratuitement!<\/strong><\/span><\/center>&nbsp;<\/p>\n<p><center><iframe style=\"width: inherit; height: inherit;\" data-src=\"https:\/\/marketools.plus500.com\/Widgets\/RegistrationWidget?langcode=fr&amp;country=-1&amp;id=80152&amp;tags=widg+registration+en_review&amp;pl=2\" frameborder=\"0\" scrolling=\"no\" src=\"data:image\/svg+xml;base64,PHN2ZyB3aWR0aD0iMSIgaGVpZ2h0PSIxIiB4bWxucz0iaHR0cDovL3d3dy53My5vcmcvMjAwMC9zdmciPjwvc3ZnPg==\" class=\"lazyload\" data-load-mode=\"1\"><\/iframe><\/center>&#8211;&gt;<\/p>\n<div id=\"end\" class=\"retitle\">\n<h4>Introduction <a class=\"readbottomline\" href=\"#conclusion\">ou Passer le texte et lire directement l\u2019essentiel!<\/a><\/h4>\n<\/div>\n<p>Plus500 est un service de CFD, fond\u00e9 en 2008. Il est autoris\u00e9 et r\u00e9glement\u00e9 par l&rsquo;Autorit\u00e9 de conduite financi\u00e8re.<\/p>\n<p>Ce courtier est largement connu pour sa plateforme de trading pour compte propre et innovante, o\u00f9 les traders peuvent choisir parmi une large s\u00e9lection de produits financiers.<\/p>\n<p>La cr\u00e9ation d&rsquo;une plateforme personnalis\u00e9e est audacieuse, mais est-elle \u00e0 la hauteur?<\/p>\n<p>&nbsp;<\/p>\n<table class=\"shadow\" border=\"1\" width=\"70%\" cellspacing=\"0\" cellpadding=\"5\" align=\"center\">\n<tbody>\n<tr>\n<td style=\"background: #336181 none repeat scroll 0% 0%; border-top-left-radius: 10px; border-top-right-radius: 10px; border: 1px solid #fff;\" colspan=\"2\" valign=\"top\"><center><span style=\"color: #fff;\"><strong>Pr\u00e9sentation de Plus500<\/strong><\/span><\/center><\/td>\n<\/tr>\n<tr>\n<td width=\"230\">Fond\u00e9 en<\/td>\n<td width=\"230\">2008<\/td>\n<\/tr>\n<tr>\n<td width=\"230\">Plateforme<\/td>\n<td width=\"230\">Windows Trader, WebTrader, Windows 10, Android App, Windows Phone App &amp; iPhone App\/iPad App\/Apple Watch App (propri\u00e9taire)<\/td>\n<\/tr>\n<tr>\n<td width=\"230\">Taille minimum du compte<\/td>\n<td width=\"230\">\u20ac100<\/td>\n<\/tr>\n<tr>\n<td width=\"230\">Actifs n\u00e9gociables<\/td>\n<td width=\"230\">2000+<\/td>\n<\/tr>\n<tr>\n<td width=\"230\">\u00c9cart EUR\/USD<\/td>\n<td width=\"230\">Dynamique<\/td>\n<\/tr>\n<tr>\n<td width=\"230\">Modes de paiement<\/td>\n<td width=\"230\">Visa\/MasterCard, Skrill (anciennement Moneybookers), virement et PayPal<\/td>\n<\/tr>\n<tr>\n<td width=\"230\">Compte d\u00e9mo<\/td>\n<td width=\"230\">temps illimit\u00e9<\/td>\n<\/tr>\n<tr>\n<td width=\"230\">Accepte les traders fran\u00e7ais<\/td>\n<td width=\"230\">Oui<\/td>\n<\/tr>\n<tr>\n<td width=\"230\">R\u00e9glement\u00e9<\/td>\n<td width=\"230\">FCA (UK), ASIC (Australie), CySEC (Chypre), FSA(Seychelles)<\/td>\n<\/tr>\n<tr>\n<td width=\"230\">Support<\/td>\n<td width=\"230\">Email, Chat en Direct<\/td>\n<\/tr>\n<tr>\n<td width=\"230\">Site Web<\/td>\n<td width=\"230\">www.plus500.fr<\/td>\n<\/tr>\n<\/tbody>\n<\/table>\n<p>&nbsp;<\/p>\n<div class=\"retitle\">\n<h4>Plateforme <span class=\"score\"> 9.5\/10 <img decoding=\"async\" class=\"usr lazyload\" data-src=\"https:\/\/www.realforexreviews.com\/wp-content\/plugins\/universal-star-rating\/includes\/image.php?img=06.png&amp;px=20&amp;max=5&amp;rat=4.8\" alt=\"4.8 out of 5 stars\" style=\"height: 20px !important;\" src=\"data:image\/svg+xml;base64,PHN2ZyB3aWR0aD0iMSIgaGVpZ2h0PSIxIiB4bWxucz0iaHR0cDovL3d3dy53My5vcmcvMjAwMC9zdmciPjwvc3ZnPg==\" \/><\/span><\/h4>\n<\/div>\n<p>Ce qui est impressionnant avec Plus500 est qu&rsquo;ils ont \u00e9t\u00e9 capables de le d\u00e9velopper sur leur propre plateforme sans compter sur un fournisseur tiers.<\/p>\n<p>Les traders ont la possibilit\u00e9 d&rsquo;utiliser la version t\u00e9l\u00e9chargeable, la version bas\u00e9e sur le Web ou la version mobile, \u00e0 leur convenance.<\/p>\n<p>Il n&rsquo;y a pas de diff\u00e9rence significative entre les versions, il est donc tr\u00e8s facile de familiariser avec l&rsquo;interface parce qu&rsquo;elles se ressemblent toutes sur le web, sur le PC ou sur le t\u00e9l\u00e9phone.<\/p>\n<p>La plateforme personnalis\u00e9e <strong>de Plus500 obtient un score de 9.5 sur notre graphique.<\/strong><\/p>\n<div class=\"retitle\">\n<h4>Design<span class=\"score\"> 10\/10 <img decoding=\"async\" class=\"usr lazyload\" data-src=\"https:\/\/www.realforexreviews.com\/wp-content\/plugins\/universal-star-rating\/includes\/image.php?img=06.png&amp;px=20&amp;max=5&amp;rat=5\" alt=\"5 out of 5 stars\" style=\"height: 20px !important;\" src=\"data:image\/svg+xml;base64,PHN2ZyB3aWR0aD0iMSIgaGVpZ2h0PSIxIiB4bWxucz0iaHR0cDovL3d3dy53My5vcmcvMjAwMC9zdmciPjwvc3ZnPg==\" \/><\/span><\/h4>\n<\/div>\n<p>Ce qui differencie Plus500 du reste des courtiers de Forex, est qu&rsquo;ils ont su garder leur design tr\u00e8s propre et simple.<\/p>\n<p>Parcourir la vaste gamme d&rsquo;instruments de n\u00e9gociation et les diff\u00e9rentes sections est tr\u00e8s facile, et le processus de placement des n\u00e9gociations a \u00e9t\u00e9 con\u00e7u pour \u00eatre tr\u00e8s simple, m\u00eame pour les nouveaux utilisateurs.<\/p>\n<p>Ceci est certainement id\u00e9al pour ceux qui recherchent une exp\u00e9rience de trading sans fioriture.<\/p>\n<p>Qu&rsquo;il s&rsquo;agisse des versions du Web ou t\u00e9l\u00e9chargeables, la plateforme ne prend pas trop de ressources syst\u00e8me, de sorte qu&rsquo;elle se charge rapidement et ne pr\u00e9sente aucun d\u00e9calage. Pour cela, je donne <strong>\u00e0 Plus500 un scorede 10 quant au design<\/strong>.<\/p>\n<div style=\"width: 1288px\" class=\"wp-caption aligncenter\"><a href=\"\/regFR\/plus500\"><img fetchpriority=\"high\" decoding=\"async\" class=\"size-full\" src=\"\/wp-content\/images\/reviews\/plus500_fr\/pic1.jpg\" alt=\"Plus500 plateforme\" width=\"1278\" height=\"883\" \/><\/a><p class=\"wp-caption-text\">Plus500 plateforme<\/p><\/div>\n<p><center><span class=\"cfdservice\">Chiffres illustratifs<\/span><\/center><\/p>\n<div class=\"retitle\">\n<h4>D\u00e9p\u00f4t minimum<span class=\"score\"> 8\/10 <img decoding=\"async\" class=\"usr lazyload\" data-src=\"https:\/\/www.realforexreviews.com\/wp-content\/plugins\/universal-star-rating\/includes\/image.php?img=06.png&amp;px=20&amp;max=5&amp;rat=4\" alt=\"4 out of 5 stars\" style=\"height: 20px !important;\" src=\"data:image\/svg+xml;base64,PHN2ZyB3aWR0aD0iMSIgaGVpZ2h0PSIxIiB4bWxucz0iaHR0cDovL3d3dy53My5vcmcvMjAwMC9zdmciPjwvc3ZnPg==\" \/><\/span><\/h4>\n<\/div>\n<p>Conform\u00e9ment \u00e0 la r\u00e9gulation appliqu\u00e9e en France, les r\u00e9sidents fran\u00e7ais ne peuvent s&rsquo;inscrire qu&rsquo;\u00e0 un Compte \u00e0 Risque Limit\u00e9 sur la plateforme de trading.<\/p>\n<p>Le d\u00e9p\u00f4t minimum \u00e0 Plus500 est de \u20ac100, ce qui est beaucoup plus bas que ce qui est exig\u00e9 par les autres courtiers pour cr\u00e9er un compte.<\/p>\n<p>Ceci est particuli\u00e8rement id\u00e9al pour ceux qui d\u00e9butent dans le trading de devises, car ils ne doivent d\u00e9bourser qu&rsquo;un montant inf\u00e9rieur pour faire un d\u00e9p\u00f4t, mais pour des traders s\u00e9rieux, ce n&rsquo;est pas vraiment important car ils vont probablement faire un autre d\u00e9p\u00f4t de toute fa\u00e7on.<\/p>\n<p>Bas\u00e9 sur notre syst\u00e8me de notation, <strong>le score relatif au d\u00e9p\u00f4t minimum de Plus500 est de 8<\/strong>.<\/p>\n<div class=\"retitle\">\n<h4>Actifs n\u00e9gociables<span class=\"score\"> 8.8\/10 <img decoding=\"async\" class=\"usr lazyload\" data-src=\"https:\/\/www.realforexreviews.com\/wp-content\/plugins\/universal-star-rating\/includes\/image.php?img=06.png&amp;px=20&amp;max=5&amp;rat=4.4\" alt=\"4.4 out of 5 stars\" style=\"height: 20px !important;\" src=\"data:image\/svg+xml;base64,PHN2ZyB3aWR0aD0iMSIgaGVpZ2h0PSIxIiB4bWxucz0iaHR0cDovL3d3dy53My5vcmcvMjAwMC9zdmciPjwvc3ZnPg==\" \/><\/span><\/h4>\n<\/div>\n<p>Ceci est toujours id\u00e9al si votre courtier vous offre un large \u00e9ventail d&rsquo;actifs, car il vous donne plus de chances de r\u00e9aliser un profit.<\/p>\n<p>Avec Plus500, il existe plus de 2000 CFDs sur les paires de devises, mati\u00e8res premi\u00e8res, actions, indices et ETFs. Cela vous permet de trouver quelque chose avec laquelle vous \u00eates plus \u00e0 l&rsquo;aise pour placer vos n\u00e9gociations.<br \/>\nUne telle gamme est consid\u00e9r\u00e9e comme tr\u00e8s importante et cela octroie<strong> \u00e0 Plus500 un score relatif aux actifs n\u00e9gociables de 8.8<\/strong>.<\/p>\n<div style=\"width: 363px\" class=\"wp-caption aligncenter\"><a href=\"\/regFR\/plus500\"><img decoding=\"async\" class=\"size-full lazyload\" data-src=\"\/wp-content\/images\/reviews\/plus500_fr\/pic2.jpg\" alt=\"Plus500 actifs n\u00e9gociables\" width=\"353\" height=\"510\" src=\"data:image\/svg+xml;base64,PHN2ZyB3aWR0aD0iMSIgaGVpZ2h0PSIxIiB4bWxucz0iaHR0cDovL3d3dy53My5vcmcvMjAwMC9zdmciPjwvc3ZnPg==\" style=\"--smush-placeholder-width: 353px; --smush-placeholder-aspect-ratio: 353\/510;\" \/><\/a><p class=\"wp-caption-text\">Plus500 actifs n\u00e9gociables<\/p><\/div>\n<p><center><span class=\"cfdservice\">Chiffres illustratifs<\/span><\/center>&nbsp;<\/p>\n<p><center><a class=\"open\" href=\"\/regFR\/plus500\" target=\"_blank\" rel=\"nofollow noopener noreferrer\">Visitez le site web<\/a><\/center><span class=\"cfdservice\">84% de comptes CFD de clients de d\u00e9tail perdent de l\u2019argent<\/span><\/p>\n<div class=\"retitle\">\n<h4>\u00c9carts<span class=\"score\"> 9.5\/10 <img decoding=\"async\" class=\"usr lazyload\" data-src=\"https:\/\/www.realforexreviews.com\/wp-content\/plugins\/universal-star-rating\/includes\/image.php?img=06.png&amp;px=20&amp;max=5&amp;rat=4.8\" alt=\"4.8 out of 5 stars\" style=\"height: 20px !important;\" src=\"data:image\/svg+xml;base64,PHN2ZyB3aWR0aD0iMSIgaGVpZ2h0PSIxIiB4bWxucz0iaHR0cDovL3d3dy53My5vcmcvMjAwMC9zdmciPjwvc3ZnPg==\" \/><\/span><\/h4>\n<\/div>\n<p>Il est important pour les traders de conna\u00eetre la valeur du pip, car il mesurera combien vous serez en mesure d&rsquo;obtenir d&rsquo;une transaction r\u00e9ussie.<\/p>\n<p>Plus500 a \u00e9carts dynamiques ce sont consid\u00e9rablement mieux que ce que les autres courtiers peuvent offrir.<\/p>\n<p>Ce bon taux garantit<strong> \u00e0 ce courtier un score relatif aux \u00e9carts de 9.5<\/strong>.<\/p>\n<div class=\"retitle\">\n<h4>D\u00e9lai de retrait<span class=\"score\"> 10\/10 <img decoding=\"async\" class=\"usr lazyload\" data-src=\"https:\/\/www.realforexreviews.com\/wp-content\/plugins\/universal-star-rating\/includes\/image.php?img=06.png&amp;px=20&amp;max=5&amp;rat=5\" alt=\"5 out of 5 stars\" style=\"height: 20px !important;\" src=\"data:image\/svg+xml;base64,PHN2ZyB3aWR0aD0iMSIgaGVpZ2h0PSIxIiB4bWxucz0iaHR0cDovL3d3dy53My5vcmcvMjAwMC9zdmciPjwvc3ZnPg==\" \/><\/span><\/h4>\n<\/div>\n<p>La frustration de la plupart des traders de Forex aujourd&rsquo;hui, est que leurs courtiers ont tendance \u00e0 retarder le temps de traitement de leurs retraits et, dans certains cas, \u00e0 ne pas les traitez du tout.<\/p>\n<p>Heureusement, Plus500 est tr\u00e8s rapide dans le traitement des demandes de retrait, avec un temps de traitement standard de trois jours.<\/p>\n<p>Cela prouve que ce courtier dispose d&rsquo;une plateforme de trading fiable, dans la mesure o\u00f9 ils remplissent leur promesse en versant \u00e0 leurs clients l&rsquo;argent qui leur revient.<\/p>\n<p>Plus500 re\u00e7oit un score relatif <strong>au d\u00e9lai de retrait de 10<\/strong>.<\/p>\n<div class=\"retitle\">\n<h4>M\u00e9thodes de d\u00e9p\u00f4t et de retrait<span class=\"score\"> 10\/10 <img decoding=\"async\" class=\"usr lazyload\" data-src=\"https:\/\/www.realforexreviews.com\/wp-content\/plugins\/universal-star-rating\/includes\/image.php?img=06.png&amp;px=20&amp;max=5&amp;rat=5\" alt=\"5 out of 5 stars\" style=\"height: 20px !important;\" src=\"data:image\/svg+xml;base64,PHN2ZyB3aWR0aD0iMSIgaGVpZ2h0PSIxIiB4bWxucz0iaHR0cDovL3d3dy53My5vcmcvMjAwMC9zdmciPjwvc3ZnPg==\" \/><\/span><\/h4>\n<\/div>\n<p>Le financement d&rsquo;un compte de Plus500, peut \u00eatre fait via Visa\/MasterCard, Skrill (anciennement Moneybookers), virement bancaire et PayPal qui correspondent actuellement aux m\u00e9thodes bancaires les plus couramment utilis\u00e9es.<\/p>\n<p>Tous n\u00e9cessitent des processus simples dans le transfert de fonds, suivant des proc\u00e9dures standards sans retarder l&rsquo;ensemble du processus de n\u00e9gociation.<\/p>\n<p>Ceci garantit \u00e0 Plus500 <strong>un score relatif aux m\u00e9thodes de d\u00e9p\u00f4t et de retrait de 10<\/strong>.<\/p>\n<div style=\"width: 1290px\" class=\"wp-caption aligncenter\"><a href=\"\/regFR\/plus500\"><img decoding=\"async\" class=\"size-full lazyload\" data-src=\"\/wp-content\/images\/reviews\/plus500_fr\/pic3.jpg\" alt=\"Plus500 m\u00e9thodes de d\u00e9p\u00f4t et de retrait\" width=\"1280\" height=\"883\" src=\"data:image\/svg+xml;base64,PHN2ZyB3aWR0aD0iMSIgaGVpZ2h0PSIxIiB4bWxucz0iaHR0cDovL3d3dy53My5vcmcvMjAwMC9zdmciPjwvc3ZnPg==\" style=\"--smush-placeholder-width: 1280px; --smush-placeholder-aspect-ratio: 1280\/883;\" \/><\/a><p class=\"wp-caption-text\">Plus500 m\u00e9thodes de d\u00e9p\u00f4t et de retrait<\/p><\/div>\n<div class=\"retitle\">\n<h4>Support \u00e0 la client\u00e8le<span class=\"score\"> 9.2\/10 <img decoding=\"async\" class=\"usr lazyload\" data-src=\"https:\/\/www.realforexreviews.com\/wp-content\/plugins\/universal-star-rating\/includes\/image.php?img=06.png&amp;px=20&amp;max=5&amp;rat=4.6\" alt=\"4.6 out of 5 stars\" style=\"height: 20px !important;\" src=\"data:image\/svg+xml;base64,PHN2ZyB3aWR0aD0iMSIgaGVpZ2h0PSIxIiB4bWxucz0iaHR0cDovL3d3dy53My5vcmcvMjAwMC9zdmciPjwvc3ZnPg==\" \/><\/span><\/h4>\n<\/div>\n<p>Il est tr\u00e8s important d\u2019avoir un courtier honn\u00eate et transparent, fournissant aux clients toutes les informations requises, et c\u2019est encore mieux s\u2019ils vont plus loin, juste pour r\u00e9pondre \u00e0 vos besoins et requ\u00eates.<\/p>\n<p>Plus500 ne dispose pas de chat en direct ou de support t\u00e9l\u00e9phonique et peut \u00eatre contact\u00e9 uniquement par courriel ou par t\u00e9l\u00e9copieur.<\/p>\n<p>Bien que cela soit peu conventionnel, tous les courriels d\u00e9pos\u00e9s sur la bo\u00eete aux lettres du support, sont suivis et trait\u00e9s imm\u00e9diatement, avec un temps de r\u00e9ponse moyen de 10 minutes.<\/p>\n<div style=\"width: 1021px\" class=\"wp-caption aligncenter\"><a href=\"\/regFR\/plus500\"><img decoding=\"async\" class=\"size-full lazyload\" data-src=\"\/wp-content\/images\/reviews\/plus500_fr\/pic4.jpg\" alt=\"Plus500 support \u00e0 la client\u00e8le\" width=\"1011\" height=\"995\" src=\"data:image\/svg+xml;base64,PHN2ZyB3aWR0aD0iMSIgaGVpZ2h0PSIxIiB4bWxucz0iaHR0cDovL3d3dy53My5vcmcvMjAwMC9zdmciPjwvc3ZnPg==\" style=\"--smush-placeholder-width: 1011px; --smush-placeholder-aspect-ratio: 1011\/995;\" \/><\/a><p class=\"wp-caption-text\">Plus500 support \u00e0 la client\u00e8le<\/p><\/div>\n<p>Sur la base des conversations de messagerie que j&rsquo;ai eues avec leur agent de support, ses r\u00e9ponses se sont av\u00e9r\u00e9es tr\u00e8s honn\u00eates et \u00e9t\u00e9 rapides et il n&rsquo;a pas du tout cherch\u00e9 \u00e0 utiliser des tactiques de marketing durant notre conversation.<\/p>\n<p>Il s&rsquo;agit du genre de service que je recherche et j&rsquo;ai \u00e9t\u00e9 r\u00e9ellement surpris de l&rsquo;efficacit\u00e9 de leur \u00e9quipe de support, m\u00eame par courriel.<\/p>\n<p>Ainsi, <strong>Plus500 obtient le score parfait de 9.2 pour le support<\/strong>.<\/p>\n<div class=\"retitle\">\n<h4>Pr\u00e9cision de cotations<span class=\"score\"> 9\/10 <img decoding=\"async\" class=\"usr lazyload\" data-src=\"https:\/\/www.realforexreviews.com\/wp-content\/plugins\/universal-star-rating\/includes\/image.php?img=06.png&amp;px=20&amp;max=5&amp;rat=4.5\" alt=\"4.5 out of 5 stars\" style=\"height: 20px !important;\" src=\"data:image\/svg+xml;base64,PHN2ZyB3aWR0aD0iMSIgaGVpZ2h0PSIxIiB4bWxucz0iaHR0cDovL3d3dy53My5vcmcvMjAwMC9zdmciPjwvc3ZnPg==\" \/><\/span><\/h4>\n<\/div>\n<p>La pr\u00e9cision des cotations provenant de votre courtier est tr\u00e8s importante car ce sera la base de votre succ\u00e8s de trading.<\/p>\n<p>Si la plateforme vous montre un certain prix, puis en affiche un autre qui est pire que le prix d&rsquo;origine, alors il s&rsquo;agit probablement d&rsquo;une arnaque.<\/p>\n<p>Il est bon de savoir que les re-cotations ne sont pas communes avec Plus500, sachant que leur plateforme de trading montre g\u00e9n\u00e9ralement le m\u00eame prix avant et toujours apr\u00e8s la transaction.<\/p>\n<p>Ce courtier m\u00e9rite <strong>le score parfait de 9 quant \u00e0 la pr\u00e9cision des cotations<\/strong>.<\/p>\n<div class=\"retitle\">\n<h4>Cr\u00e9dibilit\u00e9<span class=\"score\"> 9.4\/10 <img decoding=\"async\" class=\"usr lazyload\" data-src=\"https:\/\/www.realforexreviews.com\/wp-content\/plugins\/universal-star-rating\/includes\/image.php?img=06.png&amp;px=20&amp;max=5&amp;rat=4.7\" alt=\"4.7 out of 5 stars\" style=\"height: 20px !important;\" src=\"data:image\/svg+xml;base64,PHN2ZyB3aWR0aD0iMSIgaGVpZ2h0PSIxIiB4bWxucz0iaHR0cDovL3d3dy53My5vcmcvMjAwMC9zdmciPjwvc3ZnPg==\" \/><\/span><\/h4>\n<\/div>\n<p>Plus500 est agr\u00e9\u00e9 et r\u00e9glement\u00e9 par l&rsquo;Autorit\u00e9 de conduite financi\u00e8re, ce qui est une bonne affaire pour les traders, car cela garantit qu&rsquo;ils n\u00e9gocient avec un courtier ayant approuv\u00e9 les directives strictes de l&rsquo;autorit\u00e9 financi\u00e8re.<\/p>\n<p>En dehors de cela, ils sont aussi appr\u00e9ci\u00e9s par beaucoup de traders pour avoir des spreads comp\u00e9titifs et aucune commission sur les transactions.<\/p>\n<p>Ceci peut \u00eatre facilement prouv\u00e9 par le bon nombre de r\u00e9actions positives que vous pouvez trouver sur les sites, forums et \u00e9valuations de trading de Forex d\u00e9di\u00e9s.<\/p>\n<p>Il est surprenant qu&rsquo;ils aient \u00e9t\u00e9 en mesure de conserver une cr\u00e9dibilit\u00e9 \u00e9tablie depuis qu&rsquo;ils ont d\u00e9but\u00e9 leurs op\u00e9rations, et pour cela, <strong>ils m\u00e9ritent un score de 9.4 quant \u00e0 leur r\u00e9putation<\/strong>.<\/p>\n<div style=\"width: 895px\" class=\"wp-caption aligncenter\"><a href=\"\/regFR\/plus500\"><img decoding=\"async\" class=\"size-full lazyload\" data-src=\"\/wp-content\/images\/reviews\/plus500_fr\/pic5.jpg\" alt=\"Commentaire utilisateur Plus500\" width=\"885\" height=\"480\" src=\"data:image\/svg+xml;base64,PHN2ZyB3aWR0aD0iMSIgaGVpZ2h0PSIxIiB4bWxucz0iaHR0cDovL3d3dy53My5vcmcvMjAwMC9zdmciPjwvc3ZnPg==\" style=\"--smush-placeholder-width: 885px; --smush-placeholder-aspect-ratio: 885\/480;\" \/><\/a><p class=\"wp-caption-text\">Commentaire utilisateur Plus500<\/p><\/div>\n<div style=\"width: 705px\" class=\"wp-caption aligncenter\"><a href=\"\/regFR\/plus500\"><img decoding=\"async\" class=\"size-full lazyload\" data-src=\"\/wp-content\/images\/reviews\/plus500_fr\/pic6.jpg\" alt=\"Commentaire utilisateur Plus500\" width=\"695\" height=\"340\" src=\"data:image\/svg+xml;base64,PHN2ZyB3aWR0aD0iMSIgaGVpZ2h0PSIxIiB4bWxucz0iaHR0cDovL3d3dy53My5vcmcvMjAwMC9zdmciPjwvc3ZnPg==\" style=\"--smush-placeholder-width: 695px; --smush-placeholder-aspect-ratio: 695\/340;\" \/><\/a><p class=\"wp-caption-text\">Commentaire utilisateur Plus500<\/p><\/div>\n<div style=\"width: 626px\" class=\"wp-caption aligncenter\"><a href=\"\/regFR\/plus500\"><img decoding=\"async\" class=\"size-full lazyload\" data-src=\"\/wp-content\/images\/reviews\/plus500_fr\/pic7.jpg\" alt=\"Commentaire utilisateur Plus500\" width=\"616\" height=\"230\" src=\"data:image\/svg+xml;base64,PHN2ZyB3aWR0aD0iMSIgaGVpZ2h0PSIxIiB4bWxucz0iaHR0cDovL3d3dy53My5vcmcvMjAwMC9zdmciPjwvc3ZnPg==\" style=\"--smush-placeholder-width: 616px; --smush-placeholder-aspect-ratio: 616\/230;\" \/><\/a><p class=\"wp-caption-text\">Commentaire utilisateur Plus500<\/p><\/div>\n<div class=\"retitle\">\n<h4>R\u00e8glement<span class=\"score\"> 10\/10 <img decoding=\"async\" class=\"usr lazyload\" data-src=\"https:\/\/www.realforexreviews.com\/wp-content\/plugins\/universal-star-rating\/includes\/image.php?img=06.png&amp;px=20&amp;max=5&amp;rat=5\" alt=\"5 out of 5 stars\" style=\"height: 20px !important;\" src=\"data:image\/svg+xml;base64,PHN2ZyB3aWR0aD0iMSIgaGVpZ2h0PSIxIiB4bWxucz0iaHR0cDovL3d3dy53My5vcmcvMjAwMC9zdmciPjwvc3ZnPg==\" \/><\/span><\/h4>\n<\/div>\n<ul class=\"greenlist\">\n<li>Plus500UK Ltd est autoris\u00e9e et r\u00e9glement\u00e9e par la FCA (#509909).<\/li>\n<li>Plus500CY Ltd est autoris\u00e9e et r\u00e9glement\u00e9e par la CySEC (#250\/14).<\/li>\n<li>Plus500SG Pte Ltd est autoris\u00e9e par le MAS (#CMS100648-1) et IE Singapore (#PLUS\/CBL\/2018).<\/li>\n<li>Plus500AU Pty Ltd (ACN 153301681), est agr\u00e9\u00e9e par:<br \/>\nASIC en Australie, AFSL #417727. FMA en Nouvelle-Z\u00e9lande, FSP #486026; Fournisseur de services financiers autoris\u00e9s en Afrique du Sud, FSP #47546. Vous ne poss\u00e9dez aucun actif sous-jacent, ni n&rsquo;avez de droit sur eux. Veuillez vous r\u00e9f\u00e9rer aux documents d&rsquo;information disponibles sur le site Web.<\/li>\n<li>Plus500SEY Ltd est autoris\u00e9e et r\u00e9glement\u00e9e par la Seychelles Financial Services Authority (#SD039).<\/li>\n<\/ul>\n<p>&nbsp;<\/p>\n<table width=\"100%\">\n<tbody>\n<tr>\n<td style=\"background-image:inherit; background-repeat: no-repeat; background-position: left;\" height=\"200\" data-bg-image=\"url(&#039;https:\/\/www.realforexreviews.com\/wp-content\/smush-webp\/2020\/03\/trading-background2.jpg.webp&#039;)\" class=\"lazyload\"><img decoding=\"async\" data-src=\"\/wp-content\/images\/header\/plus500.png\" alt=\"Plus500 logo\" src=\"data:image\/svg+xml;base64,PHN2ZyB3aWR0aD0iMSIgaGVpZ2h0PSIxIiB4bWxucz0iaHR0cDovL3d3dy53My5vcmcvMjAwMC9zdmciPjwvc3ZnPg==\" class=\"lazyload\" style=\"--smush-placeholder-width: 200px; --smush-placeholder-aspect-ratio: 200\/80;\" \/><\/td>\n<\/tr>\n<tr>\n<td style=\"text-align: left; padding: 0px 30px 30px 30px; background-color: #f3f3f3;\">\n<div id=\"conclusion\" class=\"retitle\">\n<h4>Conclusion<span class=\"score\"> 9.4\/10 <img decoding=\"async\" class=\"usr lazyload\" data-src=\"https:\/\/www.realforexreviews.com\/wp-content\/plugins\/universal-star-rating\/includes\/image.php?img=06.png&amp;px=20&amp;max=5&amp;rat=4.7\" alt=\"4.7 out of 5 stars\" style=\"height: 20px !important;\" src=\"data:image\/svg+xml;base64,PHN2ZyB3aWR0aD0iMSIgaGVpZ2h0PSIxIiB4bWxucz0iaHR0cDovL3d3dy53My5vcmcvMjAwMC9zdmciPjwvc3ZnPg==\" \/><\/span><\/h4>\n<\/div>\n<p>Ce qui rend Plus500 diff\u00e9rent des autres courtiers, est sa capacit\u00e9 de d\u00e9velopper une plateforme tr\u00e8s stable r\u00e9cherch\u00e9e par la plupart des traders.<\/p>\n<p>Elle est tr\u00e8s facile \u00e0 utiliser et simplifie l&rsquo;ensemble du processus de n\u00e9gociation de devises en ligne; ses spreads comp\u00e9titifs et sa bonne gamme d&rsquo;instruments de n\u00e9gociation le rendent id\u00e9al pour les traders avanc\u00e9s.<\/p>\n<p>Malgr\u00e9 l&rsquo;absence d&rsquo;un num\u00e9ro de contact et d&rsquo;une fonction de chat en direct, leur support par mail est tr\u00e8s r\u00e9actif et g\u00e8re presque tous les probl\u00e8mes et les requ\u00eates des clients avec facilit\u00e9.<\/p>\n<p>Il n&rsquo;est pas surprenant que d&rsquo;autres courtiers essaient de suivre leur mod\u00e8le d&rsquo;affaires, car il est \u00e9videmment que cela a contribu\u00e9 \u00e0 leur succ\u00e8s et les a rendu cr\u00e9dibles dans cette branche.<\/p>\n<p>Globalement, Plus500 a obtenu des scores \u00e9lev\u00e9s sur les principaux param\u00e8tres cl\u00e9s et est fortement recommand\u00e9 par les Real Forex Reviews.<\/p>\n<p>&nbsp;<\/p>\n<h4><strong>Mise \u00e0 jour:<\/strong> Plus500 n&rsquo;accepte pas les ressortissants fran\u00e7ais et r\u00e9sidents en France.<\/h4>\n<\/td>\n<\/tr>\n<\/tbody>\n<\/table>\n<p><span class=\"cfdservice\">84% de comptes d\u2019investisseurs de d\u00e9tail perdent de l\u2019argent lors de la n\u00e9gociation de CFD avec ce fournisseur. Vous devez vous assurer que vous pouvez vous permettre de prendre le risque \u00e9lev\u00e9 de perdre votre argent<\/span><!--<center><a href=\"\/regFR\/plus500\" target=\"_blank\" rel=\"nofollow noopener noreferrer\"><img decoding=\"async\" data-src=\"\/wp-content\/images\/buttfr.png\" src=\"data:image\/svg+xml;base64,PHN2ZyB3aWR0aD0iMSIgaGVpZ2h0PSIxIiB4bWxucz0iaHR0cDovL3d3dy53My5vcmcvMjAwMC9zdmciPjwvc3ZnPg==\" class=\"lazyload\" style=\"--smush-placeholder-width: 583px; --smush-placeholder-aspect-ratio: 583\/83;\" \/><\/a><\/center>-->[\/vc_column_text][\/vc_column][\/vc_row]<\/p>\n","protected":false},"excerpt":{"rendered":"[vc_row][vc_column][vc_column_text] Mise \u00e0 jour: Plus500 n&rsquo;accepte pas les ressortissants fran\u00e7ais et r\u00e9sidents en France. [\/vc_column_text][\/vc_column][\/vc_row][vc_row][vc_column][vc_column_text]Remplissez le formulaire ci-dessous pour vous inscrire gratuitement!&nbsp; &#8211;&gt; Introduction ou Passer le texte et lire directement l\u2019essentiel! Plus500 est un service de CFD, fond\u00e9 en 2008. Il est autoris\u00e9 et r\u00e9glement\u00e9 par l&rsquo;Autorit\u00e9 de conduite financi\u00e8re. Ce courtier est largement [&hellip;]","protected":false},"author":57,"featured_media":52974,"parent":403,"menu_order":0,"comment_status":"open","ping_status":"closed","template":"","meta":{"_acf_changed":false,"footnotes":""},"class_list":["post-401","page","type-page","status-publish","has-post-thumbnail","hentry"],"acf":[],"aioseo_notices":[],"_links":{"self":[{"href":"https:\/\/www.realforexreviews.com\/fr\/wp-json\/wp\/v2\/pages\/401","targetHints":{"allow":["GET"]}}],"collection":[{"href":"https:\/\/www.realforexreviews.com\/fr\/wp-json\/wp\/v2\/pages"}],"about":[{"href":"https:\/\/www.realforexreviews.com\/fr\/wp-json\/wp\/v2\/types\/page"}],"author":[{"embeddable":true,"href":"https:\/\/www.realforexreviews.com\/fr\/wp-json\/wp\/v2\/users\/57"}],"replies":[{"embeddable":true,"href":"https:\/\/www.realforexreviews.com\/fr\/wp-json\/wp\/v2\/comments?post=401"}],"version-history":[{"count":24,"href":"https:\/\/www.realforexreviews.com\/fr\/wp-json\/wp\/v2\/pages\/401\/revisions"}],"predecessor-version":[{"id":72301,"href":"https:\/\/www.realforexreviews.com\/fr\/wp-json\/wp\/v2\/pages\/401\/revisions\/72301"}],"up":[{"embeddable":true,"href":"https:\/\/www.realforexreviews.com\/fr\/wp-json\/wp\/v2\/pages\/403"}],"wp:featuredmedia":[{"embeddable":true,"href":"https:\/\/www.realforexreviews.com\/fr\/wp-json\/wp\/v2\/media\/52974"}],"wp:attachment":[{"href":"https:\/\/www.realforexreviews.com\/fr\/wp-json\/wp\/v2\/media?parent=401"}],"curies":[{"name":"wp","href":"https:\/\/api.w.org\/{rel}","templated":true}]}}