{"id":407,"date":"2015-02-25T12:35:47","date_gmt":"2015-02-25T12:35:47","guid":{"rendered":"https:\/\/new.realforexreviews.com\/?page_id=407"},"modified":"2020-12-22T11:12:56","modified_gmt":"2020-12-22T11:12:56","slug":"examen-de-la-plateforme-de-plus500","status":"publish","type":"page","link":"https:\/\/www.realforexreviews.com\/fr\/evaluations-des-plateformes\/examen-de-la-plateforme-de-plus500","title":{"rendered":"Examen de la plateforme de Plus500 2021"},"content":{"rendered":"En plus d&rsquo;\u00eatre un courtier de Forex, Plus500 est \u00e9galement un d\u00e9veloppeur de plateforme; et au lieu de compter sur des fournisseurs tiers, ils ont opt\u00e9 pour une approche diff\u00e9rente afin d&rsquo;inciter les traders en cr\u00e9ant leur propre plateforme exclusive pouvant \u00eatre utilis\u00e9e pour le trading de CFDs en devises, actions, indices, mati\u00e8res premi\u00e8res et ETFs. Il existe une option d&rsquo;utilisation de l&rsquo;application Web ou d&rsquo;un programme t\u00e9l\u00e9chargeable qui ont essentiellement les m\u00eames caract\u00e9ristiques. Est inclus dans ce forfait une application de d\u00e9monstration illimit\u00e9e dans le temps.\r\n\r\n<div class=\"retitle\"><div class=\"scoure\"><\/div><h4>Vitesse de n\u00e9gociation et r\u00e9action<\/h4><\/div>\r\n\r\nLa plateforme de Plus500 est tr\u00e8s rapide et r\u00e9actif \u00e0 chaque commande et fournit des cotes en temps r\u00e9el, lesquelles sont tr\u00e8s importantes pour la n\u00e9gociation, en particulier lorsque les march\u00e9s \u00e9voluent tr\u00e8s rapidement. La plateforme enti\u00e8re ne dispose pas de nombreux graphiques, ce qui est un avantage car elle n&rsquo;utilisera pas trop de ressources syst\u00e8me. Cela permet une ex\u00e9cution rapide des ordres, contribuant par la suite \u00e0 r\u00e9duire l&rsquo;apparition de d\u00e9rives.\r\n\r\n<strong>Score: 10\/10 <\/strong>\r\n\r\n<a href=\"\/regFR\/plus500\"><img decoding=\"async\" data-src=\"\/wp-content\/images\/reviews\/plus500plat\/pic1.jpg\" class=\"aligncenter img-responsive lazyload\" alt=\"Plus500 Vitesse de n\u00e9gociation et r\u00e9action\" src=\"data:image\/svg+xml;base64,PHN2ZyB3aWR0aD0iMSIgaGVpZ2h0PSIxIiB4bWxucz0iaHR0cDovL3d3dy53My5vcmcvMjAwMC9zdmciPjwvc3ZnPg==\" style=\"--smush-placeholder-width: 358px; --smush-placeholder-aspect-ratio: 358\/805;\"><\/a>\r\n\r\n<div class=\"retitle\"><div class=\"scoure\"><\/div><h4>Support visuel<\/h4><\/div>\r\n\r\nL&rsquo;interface utilisateur peut ne pas \u00eatre riche en graphiques, mais il s&rsquo;agit en fait d&rsquo;un grand avantage pour les traders car il peut uniquement causer des distractions et m\u00eame des retards \u00e0 la plateforme. Il ne s&rsquo;agit peut-\u00eatre pas de la plateforme la plus attractive visuellement sur le march\u00e9, mais sa conception simpliste la rend encore plus attrayante. M\u00eame le choix des couleurs \u00e9tait parfait pour la mise en page, sachant que le th\u00e8me du bleu clair attire facilement l&rsquo;attention.\r\n\r\n<strong>Score: 9\/10 <\/strong>\r\n\r\n<a href=\"\/regFR\/plus500\"><img decoding=\"async\" data-src=\"\/wp-content\/images\/reviews\/plus500plat\/pic2.jpg\" class=\"aligncenter img-responsive lazyload\" alt=\"Plus500 Support visuel\" src=\"data:image\/svg+xml;base64,PHN2ZyB3aWR0aD0iMSIgaGVpZ2h0PSIxIiB4bWxucz0iaHR0cDovL3d3dy53My5vcmcvMjAwMC9zdmciPjwvc3ZnPg==\" style=\"--smush-placeholder-width: 1278px; --smush-placeholder-aspect-ratio: 1278\/854;\"><\/a>\r\n\r\n<div class=\"retitle\"><div class=\"scoure\"><\/div><h4>Graphiques<\/h4><\/div>\r\n\r\nInclus avec la plateforme de trading, le logiciel graphique est disponible pour tous les actifs cot\u00e9s. Il existe une option pour les afficher dans la ligne ou en format chandelier, pouvant \u00eatre utilis\u00e9e pour l&rsquo;\u00e9laboration de l&rsquo;analyse technique. Il est \u00e9galement facile de visualiser les petits d\u00e9tails, au moyen des boutons de zoom avant et arri\u00e8re, ou sur les boutons des graphiques. Une bonne gamme de d\u00e9lais est disponible, et peut \u00eatre consult\u00e9e en cliquant sur le menu d\u00e9roulant situ\u00e9 sur le c\u00f4t\u00e9 gauche, en haut du graphique. Ce qui manque, cependant, c&rsquo;est la possibilit\u00e9 de consulter plusieurs tableaux et graphiques sur l&rsquo;\u00e9cran, mais il s&rsquo;agit d&rsquo;un probl\u00e8me mineur.\r\n\r\n<strong>Score: 9\/10 <\/strong>\r\n\r\n<a href=\"\/regFR\/plus500\"><img decoding=\"async\" data-src=\"\/wp-content\/images\/reviews\/plus500plat\/pic3.jpg\" class=\"aligncenter img-responsive lazyload\" alt=\"Plus500 Graphiques\" src=\"data:image\/svg+xml;base64,PHN2ZyB3aWR0aD0iMSIgaGVpZ2h0PSIxIiB4bWxucz0iaHR0cDovL3d3dy53My5vcmcvMjAwMC9zdmciPjwvc3ZnPg==\" style=\"--smush-placeholder-width: 1196px; --smush-placeholder-aspect-ratio: 1196\/427;\"><\/a>\r\n\r\n<div class=\"retitle\"><div class=\"scoure\"><\/div><h4>Navigation<\/h4><\/div>\r\n\r\nLa navigation sur la plateforme n&rsquo;est pas un probl\u00e8me gr\u00e2ce \u00e0 la mise en page et la structure simplifi\u00e9e. Les quatre onglets en haut, comprenant les scripts de n\u00e9gociation, les positions ouvertes, les ordres et les positions ferm\u00e9es peuvent \u00eatre facilement identifi\u00e9s et reconnus. Les scripts de n\u00e9gociation peuvent \u00eatre trouv\u00e9s sur le c\u00f4t\u00e9 gauche et au bas de celui-ci, avec la synth\u00e8se du compte \u00e9num\u00e9rant le capital disponible, l&rsquo;\u00e9quit\u00e9 et le b\u00e9n\u00e9fice \/ la perte. Il existe \u00e9galement un bouton pour basculer entre les comptes d&rsquo;argent r\u00e9el et de d\u00e9monstration, au cas o\u00f9 les traders ont besoin de pratiquer. La plus grande colonne sur le c\u00f4t\u00e9 droit, pr\u00e9sente les instruments qui ont achet\u00e9 et vendu des options, tandis que les graphiques et les indicateurs techniques peuvent \u00eatre visualis\u00e9s en bas.\r\n\r\n<strong>Score: 19\/20 <\/strong>\r\n\r\n<div class=\"retitle\"><div class=\"scoure\"><\/div><h4>Caract\u00e9ristiques<\/h4><\/div>\r\n\r\n\r\nLa plateforme de Plus500 a des caract\u00e9ristiques uniques qui font d\u00e9faut \u00e0 la plupart des courtiers de Forex aujourd&rsquo;hui. L&rsquo;une d&rsquo;elles est le compte de d\u00e9monstration qui ne poss\u00e8de pas de restriction de temps. Cela signifie que s&rsquo;exercer aux n\u00e9gociations est possible \u00e0 tout moment: il n&rsquo;y a pas de limite de temps et le compte de d\u00e9monstration n&rsquo;expire pas. Il peut \u00eatre facilement accessible \u00e0 partir de l&rsquo;angle inf\u00e9rieur gauche de la plateforme, o\u00f9 se trouve un bouton pour passer du compte d&rsquo;argent r\u00e9el au compte de d\u00e9mo. N\u00e9gocier des Forex, CFDs, ETSs, indices et mati\u00e8res premi\u00e8res en utilisant un seul compte est \u00e9galement possible et offre la possibilit\u00e9 d&rsquo;analyser divers march\u00e9s.\r\n\r\n<strong>Score: 9\/10 <\/strong>\r\n\r\n<div class=\"retitle\"><div class=\"scoure\"><\/div><h4>Suivi de compte<\/h4><\/div>\r\n\r\n\r\nPlus500 dispose d&rsquo;un syst\u00e8me de suivi des comptes tr\u00e8s complet qui r\u00e9pertorie toutes les transactions r\u00e9alis\u00e9es en utilisant le compte et tous les d\u00e9tails importants quant \u00e0 ces transactions. Les positions ouvertes peuvent \u00eatre consult\u00e9es \u00e0 partir du deuxi\u00e8me onglet, et la fermeture ou la modification d&rsquo;une position peut \u00eatre directement realis\u00e9e \u00e0 partir de cette fen\u00eatre. Les ordres et les positions ferm\u00e9es, d&rsquo;autre part peuvent \u00eatre consult\u00e9s \u00e0 partir des troisi\u00e8me et quatri\u00e8me onglets respectivement.\r\n\r\n<strong>Score: 10\/10 <\/strong>\r\n\r\n<a href=\"\/regFR\/plus500\"><img decoding=\"async\" data-src=\"\/wp-content\/images\/reviews\/plus500plat\/pic4.jpg\" class=\"aligncenter img-responsive lazyload\" alt=\"Plus500 Suivi de compte\" src=\"data:image\/svg+xml;base64,PHN2ZyB3aWR0aD0iMSIgaGVpZ2h0PSIxIiB4bWxucz0iaHR0cDovL3d3dy53My5vcmcvMjAwMC9zdmciPjwvc3ZnPg==\" style=\"--smush-placeholder-width: 1278px; --smush-placeholder-aspect-ratio: 1278\/422;\"><\/a>\r\n\r\n\r\n[symple_box color=\u00a0\u00bbgreen\u00a0\u00bb fade_in=\u00a0\u00bbfalse\u00a0\u00bb float=\u00a0\u00bbcenter\u00a0\u00bb text_align=\u00a0\u00bbleft\u00a0\u00bb width=\u00a0\u00bb\u00a0\u00bb]\r\n<strong>Conclusion<\/strong>\r\n\r\nPlus500 dispose d&rsquo;un syst\u00e8me de suivi des comptes tr\u00e8s complet qui r\u00e9pertorie toutes les transactions r\u00e9alis\u00e9es en utilisant le compte et tous les d\u00e9tails importants quant \u00e0 ces transactions. Les positions ouvertes peuvent \u00eatre consult\u00e9es \u00e0 partir du deuxi\u00e8me onglet, et la fermeture ou la modification d&rsquo;une position peut \u00eatre directement realis\u00e9e \u00e0 partir de cette fen\u00eatre. Les ordres et les positions ferm\u00e9es, d&rsquo;autre part peuvent \u00eatre consult\u00e9s \u00e0 partir des troisi\u00e8me et quatri\u00e8me onglets respectivement.\r\n\r\n<strong>Score: 9.43\/10<\/strong>[\/symple_box]\r\n\r\n<em><strong>*76.4% de comptes d\u2019investisseurs de d\u00e9tail perdent de l\u2019argent lors de la n\u00e9gociation de CFD avec ce fournisseur. Vous devez vous assurer que vous pouvez vous permettre de prendre le risque \u00e9lev\u00e9 de perdre votre argent<\/strong><\/em>","protected":false},"excerpt":{"rendered":"En plus d&rsquo;\u00eatre un courtier de Forex, Plus500 est \u00e9galement un d\u00e9veloppeur de plateforme; et au lieu de compter sur des fournisseurs tiers, ils ont opt\u00e9 pour une approche diff\u00e9rente afin d&rsquo;inciter les traders en cr\u00e9ant leur propre plateforme exclusive pouvant \u00eatre utilis\u00e9e pour le trading de CFDs en devises, actions, indices, mati\u00e8res premi\u00e8res et [&hellip;]","protected":false},"author":54,"featured_media":0,"parent":422,"menu_order":0,"comment_status":"open","ping_status":"closed","template":"","meta":{"_acf_changed":false,"footnotes":""},"class_list":["post-407","page","type-page","status-publish","hentry"],"acf":[],"aioseo_notices":[],"_links":{"self":[{"href":"https:\/\/www.realforexreviews.com\/fr\/wp-json\/wp\/v2\/pages\/407","targetHints":{"allow":["GET"]}}],"collection":[{"href":"https:\/\/www.realforexreviews.com\/fr\/wp-json\/wp\/v2\/pages"}],"about":[{"href":"https:\/\/www.realforexreviews.com\/fr\/wp-json\/wp\/v2\/types\/page"}],"author":[{"embeddable":true,"href":"https:\/\/www.realforexreviews.com\/fr\/wp-json\/wp\/v2\/users\/54"}],"replies":[{"embeddable":true,"href":"https:\/\/www.realforexreviews.com\/fr\/wp-json\/wp\/v2\/comments?post=407"}],"version-history":[{"count":1,"href":"https:\/\/www.realforexreviews.com\/fr\/wp-json\/wp\/v2\/pages\/407\/revisions"}],"predecessor-version":[{"id":70942,"href":"https:\/\/www.realforexreviews.com\/fr\/wp-json\/wp\/v2\/pages\/407\/revisions\/70942"}],"up":[{"embeddable":true,"href":"https:\/\/www.realforexreviews.com\/fr\/wp-json\/wp\/v2\/pages\/422"}],"wp:attachment":[{"href":"https:\/\/www.realforexreviews.com\/fr\/wp-json\/wp\/v2\/media?parent=407"}],"curies":[{"name":"wp","href":"https:\/\/api.w.org\/{rel}","templated":true}]}}