{"id":411,"date":"2015-02-25T12:49:23","date_gmt":"2015-02-25T12:49:23","guid":{"rendered":"https:\/\/new.realforexreviews.com\/?page_id=411"},"modified":"2020-10-08T15:07:21","modified_gmt":"2020-10-08T15:07:21","slug":"lelaboration-de-notre-classement","status":"publish","type":"page","link":"https:\/\/www.realforexreviews.com\/fr\/lelaboration-de-notre-classement","title":{"rendered":"L&rsquo;\u00e9laboration de notre classement"},"content":{"rendered":"[vc_row][vc_column][vc_column_text]<strong>Comment classons-nous ces courtiers<\/strong>\r\n\r\nVoici les param\u00e8tres que nous utilisons afin de vous fournir un avis r\u00e9el et impartial sur les courtiers de Forex.\r\n\r\nNous mettons constamment \u00e0 jour nos m\u00e9thodes de notatio, bas\u00e9e sur les donn\u00e9es actuelles que nous sommes en mesure d&rsquo;acqu\u00e9rir desdits courtiers.[\/vc_column_text][\/vc_column][\/vc_row][vc_row][vc_column][vc_tta_accordion][vc_tta_section title=\u00a0\u00bbPlateforme\u00a0\u00bb tab_id=\u00a0\u00bb1602169178822-d0147bda-97fa\u00a0\u00bb][vc_column_text]Les platesformes offertes par le courtier sont test\u00e9es pour leur r\u00e9activit\u00e9 et leur qualit\u00e9. Sont \u00e9galement inclus dans l\u2019\u00e9valuation des caract\u00e9ristiques de trading, notamment le support pour le trading en ligne et mobile.[\/vc_column_text][\/vc_tta_section][vc_tta_section title=\u00a0\u00bbDesign\u00a0\u00bb tab_id=\u00a0\u00bb1602169209923-31d85dc8-ec9b\u00a0\u00bb][vc_column_text]Nous v\u00e9rifions les efforts cosm\u00e9tiques r\u00e9alis\u00e9s pour rendre l\u2019interface plus agr\u00e9able \u00e0 l\u2019\u0153il. Cela comprend la v\u00e9rification de tous les outils de n\u00e9gociation n\u00e9cessaires afin de savoir s\u2019ils sont bien am\u00e9nag\u00e9s et facilement accessibles depuis l\u2019interface de base.[\/vc_column_text][\/vc_tta_section][vc_tta_section title=\u00a0\u00bbD\u00e9p\u00f4t minimum\u00a0\u00bb tab_id=\u00a0\u00bb1602169209530-fc5685ec-35e1&Prime;][vc_column_text]Il est v\u00e9rifi\u00e9 si la taille minimum du compte est assez raisonnable pour les traders. Bien s\u00fbr, le plus faible est toujours mieux, mais si un d\u00e9p\u00f4t plus \u00e9lev\u00e9 comprend un certain nombre de fonctionnalit\u00e9s \u00e0 valeur ajout\u00e9e, alors il compense s\u00fbrement l\u2019\u00e9norme quantit\u00e9 de capital qui a \u00e9t\u00e9 n\u00e9cessaire pour ouvrir un compte.[\/vc_column_text][\/vc_tta_section][vc_tta_section title=\u00a0\u00bbTaille minimum du lot\u00a0\u00bb tab_id=\u00a0\u00bb1602169209163-edef2720-785f\u00a0\u00bb][vc_column_text]Le d\u00e9termination de la taille du lot, qui fonctionnera le mieux pour vous, d\u00e9pendra de votre style de trading, mais un plus r\u00e9duit est g\u00e9n\u00e9ralement mieux, puisque vous avez plus de flexibilit\u00e9 dans la gestion de vos n\u00e9gociations.[\/vc_column_text][\/vc_tta_section][vc_tta_section title=\u00a0\u00bbActifs n\u00e9gociables\u00a0\u00bb tab_id=\u00a0\u00bb1602169208348-edc03190-74f8&Prime;][vc_column_text]Non seulement nous v\u00e9rifions si le courtier dispose d\u2019une bonne gamme d\u2019actifs, mais \u00e9galement si ces actifs sont suffisamment diversifi\u00e9s pour tous les types de n\u00e9gociations, et s\u2019ils disposent d\u2019un taux de rentabilit\u00e9 \u00e9lev\u00e9. Il s\u2019agit essentiellement de v\u00e9rifier \u00e0 la fois la quantit\u00e9 et la qualit\u00e9.[\/vc_column_text][\/vc_tta_section][vc_tta_section title=\u00a0\u00bbPaiements\u00a0\u00bb tab_id=\u00a0\u00bb1602169207855-2b85f6a8-ab4c\u00a0\u00bb][vc_column_text]Les personnes n\u00e9gocient du Forex parce qu\u2019ils veulent faire de l\u2019argent, et pour cette raison, nous v\u00e9rifions la valeur du pip qui est l\u2019une des meilleures fa\u00e7ons de calculer le profit ou la perte que vous pouvez r\u00e9aliser sur une n\u00e9gociation. Dans nos \u00e9valuations, nous basons toujours ceci sur l\u2019\u00e9cart de la paire de devises EUR \/ USD.[\/vc_column_text][\/vc_tta_section][vc_tta_section title=\u00a0\u00bbD\u00e9lai de retrait\u00a0\u00bb tab_id=\u00a0\u00bb1602169207161-41159998-b1a5&Prime;][vc_column_text]Le temps necessaire au courtier pour traiter les demandes de retrait jusqu\u2019\u00e0 ce qu\u2019ils transf\u00e8rent les fonds, est \u00e9galement pris en compte dans cet examen. La plupart des courtiers ont beaucoup de retard dans le traitement de ces demandes et c\u2019est pourquoi il est bon de voir comment un courtier en particulier est per\u00e7u en termes de vitesse.[\/vc_column_text][\/vc_tta_section][vc_tta_section title=\u00a0\u00bbM\u00e9thodes de d\u00e9p\u00f4t et de retrait\u00a0\u00bb tab_id=\u00a0\u00bb1602169201776-960ac146-f441&Prime;][vc_column_text]Il est important de conna\u00eetre la diversit\u00e9 des m\u00e9thodes de paiement qui sont pris en charge par chaque courtier, en particulier parce que la plupart d\u2019entre eux ont une couverture globale. Ceci permettra de v\u00e9rifier si cela cause des inconv\u00e9nients aux traders pour d\u00e9poser des fonds sur leurs comptes.[\/vc_column_text][\/vc_tta_section][vc_tta_section title=\u00a0\u00bbSupport \u00e0 la client\u00e8le\u00a0\u00bb tab_id=\u00a0\u00bb1602169200830-2bd47424-3d06&Prime;][vc_column_text]L\u2019\u00e9quipe de support est test\u00e9e, non seulement pour la vitesse et la qualit\u00e9 du service offert, mais \u00e9galement pour sa disponibilit\u00e9 et la fa\u00e7on de la contacter, dans la mesure o\u00f9 elle sert de premier point de contact aux traders.[\/vc_column_text][\/vc_tta_section][vc_tta_section title=\u00a0\u00bbPr\u00e9cision de la cotation\u00a0\u00bb tab_id=\u00a0\u00bb1602169517494-3d3dc8a8-4761&Prime;][vc_column_text]La plateforme est test\u00e9e pour voir si elle pr\u00e9sente des prix ex\u00e9cutables en temps r\u00e9el et si la fr\u00e9quence de re-cotation est \u00e9lev\u00e9e. S\u2019il existe une diff\u00e9rence entre le prix indiqu\u00e9 lorsque vous r\u00e9alisez l\u2019achat et la valeur du march\u00e9 lorsque votre ordre atteint le courtier, alors il y a d\u00e9rive.[\/vc_column_text][\/vc_tta_section][vc_tta_section title=\u00a0\u00bbR\u00e9putation\u00a0\u00bb tab_id=\u00a0\u00bb1602169516480-71469f3a-2368&Prime;][vc_column_text]L\u2019historique des courtiers est contr\u00f4l\u00e9 et \u00e9valu\u00e9 pour d\u00e9terminer s\u2019ils ont une bonne cr\u00e9dibilit\u00e9 dans l\u2019industrie. Cela peut \u00eatre fait en d\u00e9terminant s\u2019ils se conforment aux exigences de la r\u00e9glementation des autorit\u00e9s financi\u00e8res et si les remarques viennent de v\u00e9ritables traders et sont positives.[\/vc_column_text][\/vc_tta_section][\/vc_tta_accordion][\/vc_column][\/vc_row]","protected":false},"excerpt":{"rendered":"[vc_row][vc_column][vc_column_text]Comment classons-nous ces courtiers Voici les param\u00e8tres que nous utilisons afin de vous fournir un avis r\u00e9el et impartial sur les courtiers de Forex. Nous mettons constamment \u00e0 jour nos m\u00e9thodes de notatio, bas\u00e9e sur les donn\u00e9es actuelles que nous sommes en mesure d&rsquo;acqu\u00e9rir desdits courtiers.[\/vc_column_text][\/vc_column][\/vc_row][vc_row][vc_column][vc_tta_accordion][vc_tta_section title=\u00a0\u00bbPlateforme\u00a0\u00bb tab_id=\u00a0\u00bb1602169178822-d0147bda-97fa\u00a0\u00bb][vc_column_text]Les platesformes offertes par le courtier sont test\u00e9es [&hellip;]","protected":false},"author":54,"featured_media":0,"parent":0,"menu_order":0,"comment_status":"open","ping_status":"closed","template":"","meta":{"_acf_changed":false,"footnotes":""},"class_list":["post-411","page","type-page","status-publish","hentry"],"acf":[],"aioseo_notices":[],"_links":{"self":[{"href":"https:\/\/www.realforexreviews.com\/fr\/wp-json\/wp\/v2\/pages\/411","targetHints":{"allow":["GET"]}}],"collection":[{"href":"https:\/\/www.realforexreviews.com\/fr\/wp-json\/wp\/v2\/pages"}],"about":[{"href":"https:\/\/www.realforexreviews.com\/fr\/wp-json\/wp\/v2\/types\/page"}],"author":[{"embeddable":true,"href":"https:\/\/www.realforexreviews.com\/fr\/wp-json\/wp\/v2\/users\/54"}],"replies":[{"embeddable":true,"href":"https:\/\/www.realforexreviews.com\/fr\/wp-json\/wp\/v2\/comments?post=411"}],"version-history":[{"count":3,"href":"https:\/\/www.realforexreviews.com\/fr\/wp-json\/wp\/v2\/pages\/411\/revisions"}],"predecessor-version":[{"id":66214,"href":"https:\/\/www.realforexreviews.com\/fr\/wp-json\/wp\/v2\/pages\/411\/revisions\/66214"}],"wp:attachment":[{"href":"https:\/\/www.realforexreviews.com\/fr\/wp-json\/wp\/v2\/media?parent=411"}],"curies":[{"name":"wp","href":"https:\/\/api.w.org\/{rel}","templated":true}]}}