{"id":415,"date":"2015-02-25T12:52:38","date_gmt":"2015-02-25T12:52:38","guid":{"rendered":"https:\/\/new.realforexreviews.com\/?page_id=415"},"modified":"2020-10-13T06:37:05","modified_gmt":"2020-10-13T06:37:05","slug":"contact","status":"publish","type":"page","link":"https:\/\/www.realforexreviews.com\/fr\/contact","title":{"rendered":"Contact"},"content":{"rendered":"<p style=\"text-align: center;\">Nous sommes ici pour vous, tous les jours de la semaine. A tout moment. Parlons ensemble de direction mon\u00e9taire efficace, de rentabilit\u00e9 et d&rsquo;opportunit\u00e9s de n\u00e9gociation. Contactez-nous d\u00e8s aujourd&rsquo;hui!<\/p>\n<p style=\"text-align: center;\"><\/p>\n\n<h2 style=\"text-align: center;\">realforexreviews@gmail.com<\/h2>","protected":false},"excerpt":{"rendered":"Nous sommes ici pour vous, tous les jours de la semaine. A tout moment. Parlons ensemble de direction mon\u00e9taire efficace, de rentabilit\u00e9 et d&rsquo;opportunit\u00e9s de n\u00e9gociation. Contactez-nous d\u00e8s aujourd&rsquo;hui! realforexreviews@gmail.com","protected":false},"author":54,"featured_media":0,"parent":0,"menu_order":0,"comment_status":"closed","ping_status":"closed","template":"","meta":{"_acf_changed":false,"footnotes":""},"class_list":["post-415","page","type-page","status-publish","hentry"],"acf":[],"aioseo_notices":[],"_links":{"self":[{"href":"https:\/\/www.realforexreviews.com\/fr\/wp-json\/wp\/v2\/pages\/415","targetHints":{"allow":["GET"]}}],"collection":[{"href":"https:\/\/www.realforexreviews.com\/fr\/wp-json\/wp\/v2\/pages"}],"about":[{"href":"https:\/\/www.realforexreviews.com\/fr\/wp-json\/wp\/v2\/types\/page"}],"author":[{"embeddable":true,"href":"https:\/\/www.realforexreviews.com\/fr\/wp-json\/wp\/v2\/users\/54"}],"replies":[{"embeddable":true,"href":"https:\/\/www.realforexreviews.com\/fr\/wp-json\/wp\/v2\/comments?post=415"}],"version-history":[{"count":2,"href":"https:\/\/www.realforexreviews.com\/fr\/wp-json\/wp\/v2\/pages\/415\/revisions"}],"predecessor-version":[{"id":66410,"href":"https:\/\/www.realforexreviews.com\/fr\/wp-json\/wp\/v2\/pages\/415\/revisions\/66410"}],"wp:attachment":[{"href":"https:\/\/www.realforexreviews.com\/fr\/wp-json\/wp\/v2\/media?parent=415"}],"curies":[{"name":"wp","href":"https:\/\/api.w.org\/{rel}","templated":true}]}}