{"id":422,"date":"2015-02-25T12:54:59","date_gmt":"2015-02-25T12:54:59","guid":{"rendered":"https:\/\/new.realforexreviews.com\/?page_id=422"},"modified":"2020-12-22T11:13:05","modified_gmt":"2020-12-22T11:13:05","slug":"evaluations-des-plateformes","status":"publish","type":"page","link":"https:\/\/www.realforexreviews.com\/fr\/evaluations-des-plateformes","title":{"rendered":"Evaluations des plateformes 2021"},"content":{"rendered":"<table style=\"border:1px dotted; box-shadow:0px 0px 10px 5px black; margin:20px; width:700px\" border=\"1\" cellpadding=\"10\">\r\n\r\n<tbody><tr>\r\n<td align=\"center\" height=\"80px\" valign=\"middle\" width=\"20%\"><center>Plus500<\/center><\/td>\r\n<td align=\"center\" height=\"80px\" valign=\"middle\" width=\"45%\"><center>En plus d\u2019\u00eatre un courtier de Forex, Plus500 est \u00e9galement un d\u00e9veloppeur de plateforme; et au lieu de compter sur des fournisseurs tiers, ils ont opt\u00e9 pour une approche diff\u00e9rente afin d\u2019inciter les traders en cr\u00e9ant leur propre plateforme exclusive pouvant \u00eatre utilis\u00e9e pour le trading de CFDs en devises, actions, indices, mati\u00e8res premi\u00e8res et ETFs. Il existe une option d\u2019utilisation de l\u2019application Web ou d\u2019un programme t\u00e9l\u00e9chargeable qui ont essentiellement les m\u00eames caract\u00e9ristiques. Est inclus dans ce forfait une application de d\u00e9monstration illimit\u00e9e dans le temps.<\/center><\/td>\r\n<td align=\"center\" height=\"80px\" valign=\"middle\" width=\"35%\"><center><a class=\"open\" href=\"\/fr\/evaluations-des-plateformes\/examen-de-la-plateforme-de-plus500\/\">Examen de la plateforme<\/a><\/center><\/td>\r\n<\/tr>\r\n<\/tbody><\/table>\r\n\r\n","protected":false},"excerpt":{"rendered":"Plus500 En plus d\u2019\u00eatre un courtier de Forex, Plus500 est \u00e9galement un d\u00e9veloppeur de plateforme; et au lieu de compter sur des fournisseurs tiers, ils ont opt\u00e9 pour une approche diff\u00e9rente afin d\u2019inciter les traders en cr\u00e9ant leur propre plateforme exclusive pouvant \u00eatre utilis\u00e9e pour le trading de CFDs en devises, actions, indices, mati\u00e8res premi\u00e8res [&hellip;]","protected":false},"author":54,"featured_media":0,"parent":0,"menu_order":0,"comment_status":"closed","ping_status":"closed","template":"","meta":{"_acf_changed":false,"footnotes":""},"class_list":["post-422","page","type-page","status-publish","hentry"],"acf":[],"aioseo_notices":[],"_links":{"self":[{"href":"https:\/\/www.realforexreviews.com\/fr\/wp-json\/wp\/v2\/pages\/422","targetHints":{"allow":["GET"]}}],"collection":[{"href":"https:\/\/www.realforexreviews.com\/fr\/wp-json\/wp\/v2\/pages"}],"about":[{"href":"https:\/\/www.realforexreviews.com\/fr\/wp-json\/wp\/v2\/types\/page"}],"author":[{"embeddable":true,"href":"https:\/\/www.realforexreviews.com\/fr\/wp-json\/wp\/v2\/users\/54"}],"replies":[{"embeddable":true,"href":"https:\/\/www.realforexreviews.com\/fr\/wp-json\/wp\/v2\/comments?post=422"}],"version-history":[{"count":1,"href":"https:\/\/www.realforexreviews.com\/fr\/wp-json\/wp\/v2\/pages\/422\/revisions"}],"predecessor-version":[{"id":70943,"href":"https:\/\/www.realforexreviews.com\/fr\/wp-json\/wp\/v2\/pages\/422\/revisions\/70943"}],"wp:attachment":[{"href":"https:\/\/www.realforexreviews.com\/fr\/wp-json\/wp\/v2\/media?parent=422"}],"curies":[{"name":"wp","href":"https:\/\/api.w.org\/{rel}","templated":true}]}}