{"id":426,"date":"2015-02-25T12:58:54","date_gmt":"2015-02-25T12:58:54","guid":{"rendered":"https:\/\/new.realforexreviews.com\/?page_id=426"},"modified":"2020-10-08T14:57:18","modified_gmt":"2020-10-08T14:57:18","slug":"avertissement-sur-les-informations-financieres","status":"publish","type":"page","link":"https:\/\/www.realforexreviews.com\/fr\/avertissement-sur-les-informations-financieres","title":{"rendered":"Avertissement sur les informations financi\u00e8res"},"content":{"rendered":"\n<p><strong>Avertissement sur les informations financi\u00e8res <\/strong><\/p>\n<p>www.realforexreviews.com n&rsquo;est responsable d&rsquo;aucune perte mon\u00e9taire ou dommage caus\u00e9, en s&rsquo;appuyant uniquement sur les \u00e9valuations et les informations disponibles sur ce site.<\/p>\n<p>Les nouvelles, \u00e9valuations, blogs et articles contenus dans ce site sont bas\u00e9s sur la recherche individuelle et l&rsquo;opinion financi\u00e8re de l&rsquo;auteur.<\/p>\n<p>Avant d&rsquo;investir sur les march\u00e9s financiers, sachez que le trading de Forex comporte un niveau de risque \u00e9lev\u00e9 et peut aboutir \u00e0 la perte de la totalit\u00e9 de votre investissement. Ce fait doit \u00eatre pris en consid\u00e9ration par tout trader qui envisage de r\u00e9aliser des profits par le trading. Il n&rsquo;est pas recommand\u00e9 de r\u00e9aliser des transactions avec un capital qu&rsquo;on ne peut se permettre de perdre.<\/p>\n","protected":false},"excerpt":{"rendered":"Avertissement sur les informations financi\u00e8res www.realforexreviews.com n&rsquo;est responsable d&rsquo;aucune perte mon\u00e9taire ou dommage caus\u00e9, en s&rsquo;appuyant uniquement sur les \u00e9valuations et les informations disponibles sur ce site. Les nouvelles, \u00e9valuations, blogs et articles contenus dans ce site sont bas\u00e9s sur la recherche individuelle et l&rsquo;opinion financi\u00e8re de l&rsquo;auteur. Avant d&rsquo;investir sur les march\u00e9s financiers, sachez [&hellip;]","protected":false},"author":54,"featured_media":0,"parent":0,"menu_order":0,"comment_status":"closed","ping_status":"closed","template":"","meta":{"_acf_changed":false,"footnotes":""},"class_list":["post-426","page","type-page","status-publish","hentry"],"acf":[],"aioseo_notices":[],"_links":{"self":[{"href":"https:\/\/www.realforexreviews.com\/fr\/wp-json\/wp\/v2\/pages\/426","targetHints":{"allow":["GET"]}}],"collection":[{"href":"https:\/\/www.realforexreviews.com\/fr\/wp-json\/wp\/v2\/pages"}],"about":[{"href":"https:\/\/www.realforexreviews.com\/fr\/wp-json\/wp\/v2\/types\/page"}],"author":[{"embeddable":true,"href":"https:\/\/www.realforexreviews.com\/fr\/wp-json\/wp\/v2\/users\/54"}],"replies":[{"embeddable":true,"href":"https:\/\/www.realforexreviews.com\/fr\/wp-json\/wp\/v2\/comments?post=426"}],"version-history":[{"count":1,"href":"https:\/\/www.realforexreviews.com\/fr\/wp-json\/wp\/v2\/pages\/426\/revisions"}],"predecessor-version":[{"id":66210,"href":"https:\/\/www.realforexreviews.com\/fr\/wp-json\/wp\/v2\/pages\/426\/revisions\/66210"}],"wp:attachment":[{"href":"https:\/\/www.realforexreviews.com\/fr\/wp-json\/wp\/v2\/media?parent=426"}],"curies":[{"name":"wp","href":"https:\/\/api.w.org\/{rel}","templated":true}]}}