{"id":696,"date":"2020-03-31T13:02:11","date_gmt":"2020-03-31T13:02:11","guid":{"rendered":"https:\/\/new.realforexreviews.com\/?page_id=696"},"modified":"2020-12-22T11:12:46","modified_gmt":"2020-12-22T11:12:46","slug":"xm","status":"publish","type":"page","link":"https:\/\/www.realforexreviews.com\/fr\/brokers\/xm","title":{"rendered":"Examen de XM Group 2021"},"content":{"rendered":"[vc_row][vc_column][vc_column_text]\r\n<div id=\"end\" class=\"retitle\">\r\n<h4>Introduction <a class=\"readbottomline\" href=\"#conclusion\">ou Passer le texte et lire directement l\u2019essentiel!<\/a><\/h4>\r\n<\/div>\r\nXM a \u00e9t\u00e9 cr\u00e9\u00e9e en 2009, et est autoris\u00e9e et r\u00e9glement\u00e9e par la Cyprus Securities and Exchange Commission, Financial Conduct Authority &amp; Australien Securities and Investments Commission.\r\n\r\nIls sont tr\u00e8s appr\u00e9ci\u00e9s pour leur gamme de plateformes MT4, \u00e0 travers diff\u00e9rents postes de travail, mais est-ce leur seul avantage? Voyons cette analyse.\r\n\r\n&nbsp;\r\n<table class=\"shadow\" border=\"1\" width=\"70%\" cellspacing=\"0\" cellpadding=\"5\" align=\"center\">\r\n<tbody>\r\n<tr>\r\n<td style=\"background: #336181 none repeat scroll 0% 0%; border-top-left-radius: 10px; border-top-right-radius: 10px; border: 1px solid #fff;\" colspan=\"2\" valign=\"top\"><center><span style=\"color: #fff;\"><strong>Pr\u00e9sentation de XM<\/strong><\/span><\/center><\/td>\r\n<\/tr>\r\n<tr>\r\n<td width=\"230\">Fond\u00e9 en<\/td>\r\n<td width=\"295\">2009<\/td>\r\n<\/tr>\r\n<tr>\r\n<td width=\"230\">Plateforme<\/td>\r\n<td width=\"295\">MT4 pour PC, MT4 pour Mac, MT4 Multiterminal, WebTrader MT4, MT5 pour PC, MT5 pour Mac, MT5 WebTrader, MT4 pour iPhone, MT4 pour Android, MT5 pour iPhone, MT5 pour Android, MT4 pour iPad, MT4 pour Android, MT5 pour iPad, MT5 pour Android<\/td>\r\n<\/tr>\r\n<tr>\r\n<td width=\"230\">Taille minimale du compte<\/td>\r\n<td width=\"295\">\u20ac5<\/td>\r\n<\/tr>\r\n<tr>\r\n<td width=\"230\">Taille minimale du lot<\/td>\r\n<td width=\"295\">0,01<\/td>\r\n<\/tr>\r\n<tr>\r\n<td width=\"230\">Actifs n\u00e9gociables<\/td>\r\n<td width=\"295\">300+<\/td>\r\n<\/tr>\r\n<tr>\r\n<td width=\"230\">Marge maximale<\/td>\r\n<td width=\"295\">1:888<\/td>\r\n<\/tr>\r\n<tr>\r\n<td width=\"230\">Ecart sur EUR\/USD<\/td>\r\n<td width=\"295\">1,8 pips<\/td>\r\n<\/tr>\r\n<tr>\r\n<td width=\"230\">Moyens de paiement<\/td>\r\n<td width=\"295\">Carte de cr\u00e9dit, paiements \u00e9lectroniques, virements bancaires, virements bancaires locaux, MoneyGram, Western Union<\/td>\r\n<\/tr>\r\n<tr>\r\n<td width=\"230\">Compte de d\u00e9mo<\/td>\r\n<td width=\"295\">Dur\u00e9e illimit\u00e9e<\/td>\r\n<\/tr>\r\n<tr>\r\n<td width=\"230\">Accepte les traders fran\u00e7ais<\/td>\r\n<td width=\"295\">Oui<\/td>\r\n<\/tr>\r\n<tr>\r\n<td width=\"230\">R\u00e9glement\u00e9<\/td>\r\n<td width=\"295\">FCA (UK), ASIC (Australie), CySEC (Chypre)<\/td>\r\n<\/tr>\r\n<tr>\r\n<td width=\"230\">Support<\/td>\r\n<td width=\"295\">T\u00e9l\u00e9phone, Fax, Email, Chat en direct<\/td>\r\n<\/tr>\r\n<tr>\r\n<td width=\"230\">Site Web<\/td>\r\n<td width=\"230\"><a href=\"\/regFR\/xm\">www.xm.com<\/a><\/td>\r\n<\/tr>\r\n<\/tbody>\r\n<\/table>\r\n&nbsp;\r\n\r\n<center><a class=\"open\" href=\"\/regFR\/xm\" target=\"_blank\" rel=\"nofollow noopener noreferrer\">Visitez le site web<\/a><\/center>&nbsp;\r\n<div class=\"retitle\">\r\n<h4>Plateforme <span class=\"score\"> 8.8\/10 <img decoding=\"async\" class=\"usr lazyload\" data-src=\"https:\/\/www.realforexreviews.com\/wp-content\/plugins\/universal-star-rating\/includes\/image.php?img=06.png&amp;px=20&amp;max=5&amp;rat=4.4\" alt=\"4.4 out of 5 stars\" style=\"height: 20px !important;\" src=\"data:image\/svg+xml;base64,PHN2ZyB3aWR0aD0iMSIgaGVpZ2h0PSIxIiB4bWxucz0iaHR0cDovL3d3dy53My5vcmcvMjAwMC9zdmciPjwvc3ZnPg==\" \/><\/span><\/h4>\r\n<\/div>\r\nXM propose une large gamme de plateformes Metra Trader 4, pouvant \u00eatre accessibles via un compte unique.\r\n\r\nConcernant les ordinateurs de bureau, il peut \u00eatre install\u00e9 et ex\u00e9cut\u00e9 sur les syst\u00e8mes d&rsquo;exploitation Windows et Mac; quant aux plateformes mobiles, ils ont consacr\u00e9 des applications pour smartphones et tablettes, qui ex\u00e9cutent les syst\u00e8mes d&rsquo;exploitation Android ou Apple.\r\n\r\nIls disposent \u00e9galement d&rsquo;une plateforme WebTrader 4, accessible via tous les navigateurs web.\r\n\r\nConcr\u00e8tement, ils ont toutes les solutions pour presque tous les types d&rsquo;appareils ou d&rsquo;ordinateurs.\r\n\r\nUne telle diversit\u00e9 g\u00e9n\u00e8re un <strong>score de plateforme parfaite de 8.8<\/strong>.\r\n<div class=\"retitle\">\r\n<h4>Design<span class=\"score\"> 10\/10 <img decoding=\"async\" class=\"usr lazyload\" data-src=\"https:\/\/www.realforexreviews.com\/wp-content\/plugins\/universal-star-rating\/includes\/image.php?img=06.png&amp;px=20&amp;max=5&amp;rat=5\" alt=\"5 out of 5 stars\" style=\"height: 20px !important;\" src=\"data:image\/svg+xml;base64,PHN2ZyB3aWR0aD0iMSIgaGVpZ2h0PSIxIiB4bWxucz0iaHR0cDovL3d3dy53My5vcmcvMjAwMC9zdmciPjwvc3ZnPg==\" \/><\/span><\/h4>\r\n<\/div>\r\nXM a certainement trouv\u00e9 un moyen de rendre son interface tr\u00e8s accueillante, et cela peut \u00eatre attribu\u00e9 \u00e0 sa mise en page organis\u00e9e et moderne.\r\n\r\nMise \u00e0 part la liste des instruments, des graphiques et des sections de configuration d&rsquo;achat\/ de vente, il existe \u00e9galement une section \u00ab\u00a0Toutes les Nouvelles\u00a0\u00bb, qui \u00e9num\u00e8re les mises \u00e0 jour les plus importantes, pouvant affecter les march\u00e9s financiers, en vue d&rsquo;une orientation facile.\r\n\r\nIl existe m\u00eame une option pour basculer entre les deux th\u00e8mes (sombre et claire), ce qui n&rsquo;est pas commun \u00e0 la plupart des interfaces de trading de forex.\r\n\r\nEt, peu importe si j&rsquo;utilise la plateforme du bureau, du mobile ou celle bas\u00e9e sur le Web, je peux facilement me connecter et n\u00e9gocier, sans aucun retard ou temps d&rsquo;attente long.\r\n\r\nCela m\u00e9rite un <strong>score de design de 10<\/strong>.\r\n\r\n<div style=\"width: 1290px\" class=\"wp-caption aligncenter\"><a href=\"\/regFR\/xm\"><img fetchpriority=\"high\" decoding=\"async\" class=\"size-full\" src=\"\/wp-content\/images\/reviews\/xm_fr\/pic1.jpg\" alt=\"XM plateforme\" width=\"1280\" height=\"876\" \/><\/a><p class=\"wp-caption-text\">XM plateforme<\/p><\/div>\r\n\r\n<div class=\"retitle\">\r\n<h4>D\u00e9p\u00f4t minimum<span class=\"score\"> 10\/10 <img decoding=\"async\" class=\"usr lazyload\" data-src=\"https:\/\/www.realforexreviews.com\/wp-content\/plugins\/universal-star-rating\/includes\/image.php?img=06.png&amp;px=20&amp;max=5&amp;rat=5\" alt=\"5 out of 5 stars\" style=\"height: 20px !important;\" src=\"data:image\/svg+xml;base64,PHN2ZyB3aWR0aD0iMSIgaGVpZ2h0PSIxIiB4bWxucz0iaHR0cDovL3d3dy53My5vcmcvMjAwMC9zdmciPjwvc3ZnPg==\" \/><\/span><\/h4>\r\n<\/div>\r\nL&rsquo;ouverture d&rsquo;un compte en direct d\u00e9bute avec un d\u00e9p\u00f4t minimum de seulement \u20ac5, ce qui est extr\u00eamement plus faible que ce qui est exig\u00e9 des autres courtiers en forex.\r\n\r\nUne telle accessibilit\u00e9 est un moyen opportun pour ceux qui souhaitent commencer avec un capital de n\u00e9gociation faible, mais \u00e9galement pour les d\u00e9butants, puisqu&rsquo;il n&rsquo;est pas n\u00e9cessaire de d\u00e9poser un tr\u00e8s grand montant.\r\n\r\nCela permet effectivement une bonne gestion des fonds.\r\n\r\nCeci d\u00e9passe certainement la majorit\u00e9 des courtiers en forex.\r\n\r\nC&rsquo;est pourquoi XM obtient un <strong>score quant au d\u00e9p\u00f4t minimum de 10<\/strong>.\r\n<div class=\"retitle\">\r\n<h4>Taille du lot minimale<span class=\"score\"> 10\/10 <img decoding=\"async\" class=\"usr lazyload\" data-src=\"https:\/\/www.realforexreviews.com\/wp-content\/plugins\/universal-star-rating\/includes\/image.php?img=06.png&amp;px=20&amp;max=5&amp;rat=5\" alt=\"5 out of 5 stars\" style=\"height: 20px !important;\" src=\"data:image\/svg+xml;base64,PHN2ZyB3aWR0aD0iMSIgaGVpZ2h0PSIxIiB4bWxucz0iaHR0cDovL3d3dy53My5vcmcvMjAwMC9zdmciPjwvc3ZnPg==\" \/><\/span><\/h4>\r\n<\/div>\r\nLa taille du lot minimale accept\u00e9e est de 0.01, ce qui est assez commun chez la plupart des courtiers.\r\n\r\nC&rsquo;est un avantage car le montant de l&rsquo;investissement peut \u00eatre r\u00e9gl\u00e9 \u00e0 une taille acceptable.\r\n\r\nXM re\u00e7oit un <strong>score quant \u00e0 la n\u00e9gociation minimum de 10<\/strong>.\r\n<div class=\"retitle\">\r\n<h4>Actifs n\u00e9gociables<span class=\"score\"> 8.8\/10 <img decoding=\"async\" class=\"usr lazyload\" data-src=\"https:\/\/www.realforexreviews.com\/wp-content\/plugins\/universal-star-rating\/includes\/image.php?img=06.png&amp;px=20&amp;max=5&amp;rat=4.4\" alt=\"4.4 out of 5 stars\" style=\"height: 20px !important;\" src=\"data:image\/svg+xml;base64,PHN2ZyB3aWR0aD0iMSIgaGVpZ2h0PSIxIiB4bWxucz0iaHR0cDovL3d3dy53My5vcmcvMjAwMC9zdmciPjwvc3ZnPg==\" \/><\/span><\/h4>\r\n<\/div>\r\nCe courtier d\u00e9tient plus de 300 instruments, pouvant \u00eatre n\u00e9goci\u00e9s sur la plateforme; cela inclut le forex, les CFDs, les indices boursiers, les \u00e9nergies et les m\u00e9taux pr\u00e9cieux.\r\n\r\nCe m\u00e9lange d&rsquo;actifs disponibles offre de nombreuses opportunit\u00e9s de gagner et de r\u00e9aliser des profits.\r\n\r\nUne telle diversit\u00e9 octroie \u00e0 XM <strong>un score quant aux actifs n\u00e9gociables de 8.8<\/strong>.\r\n\r\n<div style=\"width: 1264px\" class=\"wp-caption aligncenter\"><a href=\"\/regFR\/xm\"><img decoding=\"async\" class=\"size-full lazyload\" data-src=\"\/wp-content\/images\/reviews\/xm_fr\/pic2.jpg\" alt=\"XM actifs n\u00e9gociables\" width=\"1254\" height=\"792\" src=\"data:image\/svg+xml;base64,PHN2ZyB3aWR0aD0iMSIgaGVpZ2h0PSIxIiB4bWxucz0iaHR0cDovL3d3dy53My5vcmcvMjAwMC9zdmciPjwvc3ZnPg==\" style=\"--smush-placeholder-width: 1254px; --smush-placeholder-aspect-ratio: 1254\/792;\" \/><\/a><p class=\"wp-caption-text\">XM actifs n\u00e9gociables<\/p><\/div>\r\n\r\n<div class=\"retitle\">\r\n<h4>\u00c9carts<span class=\"score\"> 9.9\/10 <img decoding=\"async\" class=\"usr lazyload\" data-src=\"https:\/\/www.realforexreviews.com\/wp-content\/plugins\/universal-star-rating\/includes\/image.php?img=06.png&amp;px=20&amp;max=5&amp;rat=5\" alt=\"5 out of 5 stars\" style=\"height: 20px !important;\" src=\"data:image\/svg+xml;base64,PHN2ZyB3aWR0aD0iMSIgaGVpZ2h0PSIxIiB4bWxucz0iaHR0cDovL3d3dy53My5vcmcvMjAwMC9zdmciPjwvc3ZnPg==\" \/><\/span><\/h4>\r\n<\/div>\r\nAvec les \u00e9carts serr\u00e9s de XM, il n&rsquo;est pas n\u00e9cessaire que les prix \u00e9voluent \u00e9norm\u00e9ment pour r\u00e9aliser un profit.\r\n\r\nL&rsquo;\u00e9cart pour la paire de devises EUR \/ USD est de 1,8 pips, ce qui est d\u00e9j\u00e0 mieux que ce que la plupart des courtiers peuvent offrir.\r\n\r\nCela justifie un <strong>score quant aux paiements de 9.9<\/strong>.\r\n<div class=\"retitle\">\r\n<h4>D\u00e9lai de retrait<span class=\"score\"> 10\/10 <img decoding=\"async\" class=\"usr lazyload\" data-src=\"https:\/\/www.realforexreviews.com\/wp-content\/plugins\/universal-star-rating\/includes\/image.php?img=06.png&amp;px=20&amp;max=5&amp;rat=5\" alt=\"5 out of 5 stars\" style=\"height: 20px !important;\" src=\"data:image\/svg+xml;base64,PHN2ZyB3aWR0aD0iMSIgaGVpZ2h0PSIxIiB4bWxucz0iaHR0cDovL3d3dy53My5vcmcvMjAwMC9zdmciPjwvc3ZnPg==\" \/><\/span><\/h4>\r\n<\/div>\r\nToutes les demandes de retrait seront trait\u00e9es sous 24 heures, dans la mesure o\u00f9 les fonds sont transf\u00e9r\u00e9s aux cartes de XM ou selon toutes les m\u00e9thodes de portefeuilles \u00e9lectroniques prises en charge.\r\n\r\nLa carte de cr\u00e9dit \/ d\u00e9bit et les virements bancaires, d&rsquo;autre part, peuvent prendre 2 \u00e0 5 jours ouvrables.\r\n\r\nSur la base des nombreux tests de retrait que j&rsquo;ai effectu\u00e9s, ils ont \u00e9t\u00e9 en mesure de r\u00e9pondre \u00e0 ces demandes et j&rsquo;ai pu obtenir mon argent comme ils ont promis.\r\n\r\nCe niveau de vitesse obtient un <strong>score quant au d\u00e9lai de retrait de 10<\/strong>.\r\n<div class=\"retitle\">\r\n<h4>D\u00e9p\u00f4t et m\u00e9thodes de retrait<span class=\"score\"> 10\/10 <img decoding=\"async\" class=\"usr lazyload\" data-src=\"https:\/\/www.realforexreviews.com\/wp-content\/plugins\/universal-star-rating\/includes\/image.php?img=06.png&amp;px=20&amp;max=5&amp;rat=5\" alt=\"5 out of 5 stars\" style=\"height: 20px !important;\" src=\"data:image\/svg+xml;base64,PHN2ZyB3aWR0aD0iMSIgaGVpZ2h0PSIxIiB4bWxucz0iaHR0cDovL3d3dy53My5vcmcvMjAwMC9zdmciPjwvc3ZnPg==\" \/><\/span><\/h4>\r\n<\/div>\r\nIls acceptent les m\u00e9thodes bancaires les plus couramment utilis\u00e9es aujourd&rsquo;hui, notamment les cartes de cr\u00e9dit, les paiements \u00e9lectroniques, les virements bancaires, les virements bancaires locaux, MoneyGram et Western Union.\r\n\r\nLeur couverture est assez vaste et ajoute plus de flexibilit\u00e9 quant \u00e0 l&rsquo;ajout de fonds sur un compte.\r\n\r\nXM obtient un <strong>score de<\/strong> <strong>d\u00e9p\u00f4t et m\u00e9thodes de retrait de 10<\/strong>.\r\n\r\n<div style=\"width: 1273px\" class=\"wp-caption aligncenter\"><a href=\"\/regFR\/xm\"><img decoding=\"async\" class=\"size-full lazyload\" data-src=\"\/wp-content\/images\/reviews\/xm_fr\/pic3.jpg\" alt=\"XM d\u00e9p\u00f4t et m\u00e9thodes de retrait\" width=\"1263\" height=\"882\" src=\"data:image\/svg+xml;base64,PHN2ZyB3aWR0aD0iMSIgaGVpZ2h0PSIxIiB4bWxucz0iaHR0cDovL3d3dy53My5vcmcvMjAwMC9zdmciPjwvc3ZnPg==\" style=\"--smush-placeholder-width: 1263px; --smush-placeholder-aspect-ratio: 1263\/882;\" \/><\/a><p class=\"wp-caption-text\">XM d\u00e9p\u00f4t et m\u00e9thodes de retrait<\/p><\/div>\r\n\r\n<div class=\"retitle\">\r\n<h4>Support \u00e0 la client\u00e8le<span class=\"score\"> 8.6\/10 <img decoding=\"async\" class=\"usr lazyload\" data-src=\"https:\/\/www.realforexreviews.com\/wp-content\/plugins\/universal-star-rating\/includes\/image.php?img=06.png&amp;px=20&amp;max=5&amp;rat=4.3\" alt=\"4.3 out of 5 stars\" style=\"height: 20px !important;\" src=\"data:image\/svg+xml;base64,PHN2ZyB3aWR0aD0iMSIgaGVpZ2h0PSIxIiB4bWxucz0iaHR0cDovL3d3dy53My5vcmcvMjAwMC9zdmciPjwvc3ZnPg==\" \/><\/span><\/h4>\r\n<\/div>\r\nXM peut \u00eatre facilement contact\u00e9e par t\u00e9l\u00e9phone, fax, email ou chat en direct.\r\n\r\nCela signifie que j&rsquo;ai la possibilit\u00e9 de les joindre par l&rsquo;interm\u00e9diaire de presque tous les canaux possibles; j&rsquo;\u00e9conomise en temps et en efforts.\r\n\r\nLorsque je les ai contact\u00e9s, le temps d&rsquo;attente a dur\u00e9 moins de 10 secondes, et leurs r\u00e9ponses ont \u00e9t\u00e9 la plupart du temps rapides et tr\u00e8s claires; ainsi la conversation n&rsquo;a dur\u00e9 que quelques minutes.\r\n\r\nSur la base de ma conversation r\u00e9elle avec leur agent de soutien, j&rsquo;ai trouv\u00e9 qu&rsquo;ils \u00e9taient tr\u00e8s directs dans leurs r\u00e9ponses \u00e0 mes questions.\r\n\r\nJe n&rsquo;ai connu aucune sorte de plans de marketing r\u00e9alis\u00e9s habituellement par d&rsquo;autres agents d&rsquo;autres courtiers de forex.\r\n\r\nDans l&rsquo;ensemble, mes discussions avec eux ont eu des r\u00e9sultats positifs.\r\n\r\nPour cette raison, XM obtient un <strong>score de 8.6 pour le support<\/strong>.\r\n\r\n<div style=\"width: 950px\" class=\"wp-caption aligncenter\"><a href=\"\/regFR\/xm\"><img decoding=\"async\" class=\"size-full lazyload\" data-src=\"\/wp-content\/images\/reviews\/xm_fr\/pic4.jpg\" alt=\"XM support \u00e0 la client\u00e8le\" width=\"940\" height=\"993\" src=\"data:image\/svg+xml;base64,PHN2ZyB3aWR0aD0iMSIgaGVpZ2h0PSIxIiB4bWxucz0iaHR0cDovL3d3dy53My5vcmcvMjAwMC9zdmciPjwvc3ZnPg==\" style=\"--smush-placeholder-width: 940px; --smush-placeholder-aspect-ratio: 940\/993;\" \/><\/a><p class=\"wp-caption-text\">XM support \u00e0 la client\u00e8le<\/p><\/div>\r\n\r\n<div class=\"retitle\">\r\n<h4>Pr\u00e9cision de la cotation<span class=\"score\"> 9.5\/10 <img decoding=\"async\" class=\"usr lazyload\" data-src=\"https:\/\/www.realforexreviews.com\/wp-content\/plugins\/universal-star-rating\/includes\/image.php?img=06.png&amp;px=20&amp;max=5&amp;rat=4.8\" alt=\"4.8 out of 5 stars\" style=\"height: 20px !important;\" src=\"data:image\/svg+xml;base64,PHN2ZyB3aWR0aD0iMSIgaGVpZ2h0PSIxIiB4bWxucz0iaHR0cDovL3d3dy53My5vcmcvMjAwMC9zdmciPjwvc3ZnPg==\" \/><\/span><\/h4>\r\n<\/div>\r\nIl est toujours important de n\u00e9gocier avec un courtier de forex, proposant des prix de march\u00e9 pr\u00e9cis, parce que c&rsquo;est sur ce facteur que votre d\u00e9cision sera largement bas\u00e9e.\r\n\r\nLes bonnes nouvelles sont que les diff\u00e9rents tests que j&rsquo;ai effectu\u00e9s sur leur plateforme, n&rsquo;ont montr\u00e9 aucun signe de retards ou de manipulation de leurs cotations, et le m\u00eame prix reste affich\u00e9 ant\u00e9rieurement et post\u00e9rieurement \u00e0 l&rsquo;offre.\r\n\r\nXM m\u00e9rite un <strong>score parfait quant \u00e0 la pr\u00e9cision de la cotation de 9.5<\/strong>.\r\n<div class=\"retitle\">\r\n<h4>Cr\u00e9dibilit\u00e9<span class=\"score\"> 8.7\/10 <img decoding=\"async\" class=\"usr lazyload\" data-src=\"https:\/\/www.realforexreviews.com\/wp-content\/plugins\/universal-star-rating\/includes\/image.php?img=06.png&amp;px=20&amp;max=5&amp;rat=4.4\" alt=\"4.4 out of 5 stars\" style=\"height: 20px !important;\" src=\"data:image\/svg+xml;base64,PHN2ZyB3aWR0aD0iMSIgaGVpZ2h0PSIxIiB4bWxucz0iaHR0cDovL3d3dy53My5vcmcvMjAwMC9zdmciPjwvc3ZnPg==\" \/><\/span><\/h4>\r\n<\/div>\r\nXM est autoris\u00e9e et r\u00e9glement\u00e9e par la Cyprus Securities and Exchange Commission, Financial Conduct Authority &amp; Australian Securities and Investments Commission.\r\n\r\nCela signifie qu&rsquo;ils se conforment aux r\u00e8gles et r\u00e8glements d\u00e9finis par ces autorit\u00e9s financi\u00e8res de confiance, afin que je sois en mesure de n\u00e9gocier sans crainte.\r\n\r\nMais outre le fait qu&rsquo;il s&rsquo;agit d&rsquo;un courtier en ligne r\u00e9glement\u00e9, ils sont tr\u00e8s populaires dans de nombreux pays, dont la France, et la plupart des critiques et commentaires font l&rsquo;\u00e9loge de leurs multiples plateformes de trading en ligne et de leurs conditions de trading tr\u00e8s flexibles.\r\n\r\nCe genre de cr\u00e9dibilit\u00e9 m\u00e9rite un <strong>score de 8.7 pour leur r\u00e9putation<\/strong>.\r\n\r\n&nbsp;\r\n<table width=\"100%\">\r\n<tbody>\r\n<tr>\r\n<td style=\"background-image:inherit; background-repeat: no-repeat; background-position: left;\" height=\"200\" data-bg-image=\"url(&#039;https:\/\/www.realforexreviews.com\/wp-content\/smush-webp\/2020\/03\/trading-background2.jpg.webp&#039;)\" class=\"lazyload\"><img decoding=\"async\" data-src=\"\/wp-content\/images\/header\/xm.png\" alt=\"XM logo\" src=\"data:image\/svg+xml;base64,PHN2ZyB3aWR0aD0iMSIgaGVpZ2h0PSIxIiB4bWxucz0iaHR0cDovL3d3dy53My5vcmcvMjAwMC9zdmciPjwvc3ZnPg==\" class=\"lazyload\" style=\"--smush-placeholder-width: 150px; --smush-placeholder-aspect-ratio: 150\/40;\" \/><\/td>\r\n<\/tr>\r\n<tr>\r\n<td style=\"text-align: left; padding: 0px 30px 30px 30px; background-color: #f3f3f3;\">\r\n<div id=\"conclusion\" class=\"retitle\">\r\n<h4>Conclusion<span class=\"score\"> 9\/10 <img decoding=\"async\" class=\"usr lazyload\" data-src=\"https:\/\/www.realforexreviews.com\/wp-content\/plugins\/universal-star-rating\/includes\/image.php?img=06.png&amp;px=20&amp;max=5&amp;rat=4.5\" alt=\"4.5 out of 5 stars\" style=\"height: 20px !important;\" src=\"data:image\/svg+xml;base64,PHN2ZyB3aWR0aD0iMSIgaGVpZ2h0PSIxIiB4bWxucz0iaHR0cDovL3d3dy53My5vcmcvMjAwMC9zdmciPjwvc3ZnPg==\" \/><\/span><\/h4>\r\n<\/div>\r\nMis \u00e0 part le fait que XM est un courtier en ligne r\u00e9glement\u00e9, il existe beaucoup d&rsquo;autres raisons convaincantes pour lesquelles ils arrivent en t\u00eate de ma liste de courtiers de forex recommand\u00e9s actuellement.\r\n\r\nLa large gamme d&rsquo;instruments n\u00e9gociables, les multiples plateformes de trading en ligne, le traitement rapide des retraits et les conditions de n\u00e9gociation tr\u00e8s flexibles, constituent quelques-uns des solides avantages, qui en font le meilleur choix pour tout trader de forex et de CFDs.\r\n\r\n&nbsp;\r\n\r\n<center><a class=\"open\" href=\"\/regFR\/xm\" target=\"_blank\" rel=\"nofollow noopener noreferrer\">Visitez le site web!<\/a><\/center><\/td>\r\n<\/tr>\r\n<\/tbody>\r\n<\/table>\r\n&nbsp;\r\n\r\n[\/vc_column_text][\/vc_column][\/vc_row]","protected":false},"excerpt":{"rendered":"[vc_row][vc_column][vc_column_text] Introduction ou Passer le texte et lire directement l\u2019essentiel! XM a \u00e9t\u00e9 cr\u00e9\u00e9e en 2009, et est autoris\u00e9e et r\u00e9glement\u00e9e par la Cyprus Securities and Exchange Commission, Financial Conduct Authority &amp; Australien Securities and Investments Commission. Ils sont tr\u00e8s appr\u00e9ci\u00e9s pour leur gamme de plateformes MT4, \u00e0 travers diff\u00e9rents postes de travail, mais est-ce [&hellip;]","protected":false},"author":57,"featured_media":52600,"parent":403,"menu_order":0,"comment_status":"open","ping_status":"closed","template":"","meta":{"_acf_changed":false,"footnotes":""},"class_list":["post-696","page","type-page","status-publish","has-post-thumbnail","hentry"],"acf":[],"aioseo_notices":[],"_links":{"self":[{"href":"https:\/\/www.realforexreviews.com\/fr\/wp-json\/wp\/v2\/pages\/696","targetHints":{"allow":["GET"]}}],"collection":[{"href":"https:\/\/www.realforexreviews.com\/fr\/wp-json\/wp\/v2\/pages"}],"about":[{"href":"https:\/\/www.realforexreviews.com\/fr\/wp-json\/wp\/v2\/types\/page"}],"author":[{"embeddable":true,"href":"https:\/\/www.realforexreviews.com\/fr\/wp-json\/wp\/v2\/users\/57"}],"replies":[{"embeddable":true,"href":"https:\/\/www.realforexreviews.com\/fr\/wp-json\/wp\/v2\/comments?post=696"}],"version-history":[{"count":11,"href":"https:\/\/www.realforexreviews.com\/fr\/wp-json\/wp\/v2\/pages\/696\/revisions"}],"predecessor-version":[{"id":70941,"href":"https:\/\/www.realforexreviews.com\/fr\/wp-json\/wp\/v2\/pages\/696\/revisions\/70941"}],"up":[{"embeddable":true,"href":"https:\/\/www.realforexreviews.com\/fr\/wp-json\/wp\/v2\/pages\/403"}],"wp:featuredmedia":[{"embeddable":true,"href":"https:\/\/www.realforexreviews.com\/fr\/wp-json\/wp\/v2\/media\/52600"}],"wp:attachment":[{"href":"https:\/\/www.realforexreviews.com\/fr\/wp-json\/wp\/v2\/media?parent=696"}],"curies":[{"name":"wp","href":"https:\/\/api.w.org\/{rel}","templated":true}]}}