{"id":7969,"date":"2020-04-01T12:14:28","date_gmt":"2020-04-01T12:14:28","guid":{"rendered":"https:\/\/new.realforexreviews.com\/fr\/brokers\/avatrade\/"},"modified":"2020-12-22T11:12:01","modified_gmt":"2020-12-22T11:12:01","slug":"avatrade","status":"publish","type":"page","link":"https:\/\/www.realforexreviews.com\/fr\/brokers\/avatrade","title":{"rendered":"Examen de AvaTrade 2021"},"content":{"rendered":"[vc_row][vc_column][vc_column_text]\r\n\r\n<center><a href=\"https:\/\/www.avatrade.fr\/lp\/regulated-broker?tag=51164&amp;tag2=~profile_rfrFRrevban~banner_16973\" target=\"_blank\" rel=\"nofollow noopener noreferrer\">\r\n<img decoding=\"async\" data-src=\"https:\/\/media.avapartner.com\/banners\/p715648239.gif?tag=51164&amp;tag2=~banner_17084\" alt=\"AvaTrade banner\" width=\"468\" height=\"60\" border=\"0\" src=\"data:image\/svg+xml;base64,PHN2ZyB3aWR0aD0iMSIgaGVpZ2h0PSIxIiB4bWxucz0iaHR0cDovL3d3dy53My5vcmcvMjAwMC9zdmciPjwvc3ZnPg==\" class=\"lazyload\" style=\"--smush-placeholder-width: 468px; --smush-placeholder-aspect-ratio: 468\/60;\" \/>\r\n<\/a><\/center><script src=\"https:\/\/code.jquery.com\/jquery-3.4.1.js\"integrity=\"sha256-WpOohJOqMqqyKL9FccASB9O0KwACQJpFTUBLTYOVvVU=\"crossorigin=\"anonymous\"><\/script>\r\n<script src=\"https:\/\/www.realforexreviews.com\/ava.js\"><\/script>\r\n\r\n<center><span style=\"font-size: large;\"><strong>Remplissez le formulaire ci-dessous pour vous inscrire gratuitement!<\/strong><\/span><\/center>&nbsp;\r\n<div id=\"avaWidgetContainer\" style=\"width: 350px;\"><\/div>\r\n&nbsp;\r\n<div id=\"end\" class=\"retitle\">\r\n<h4>Introduction <a class=\"readbottomline\" href=\"#conclusion\">ou Passer le texte et lire directement l\u2019essentiel!<\/a><\/h4>\r\n<\/div>\r\nAvaTrade a \u00e9t\u00e9 cr\u00e9\u00e9 en 2006. Ils proposent une suite de plateformes dont ils font la publicit\u00e9 aupr\u00e8s de leurs utilisateurs comme leur permettant de \u00ab trader en toute confiance \u00bb. Est-ce bien vrai ? D\u00e9couvrons le dans cette revue.\r\n\r\n&nbsp;\r\n<table class=\"shadow\" border=\"1\" width=\"70%\" cellspacing=\"0\" cellpadding=\"5\" align=\"center\">\r\n<tbody>\r\n<tr>\r\n<td style=\"background: #336181 none repeat scroll 0% 0%; border-top-left-radius: 10px; border-top-right-radius: 10px; border: 1px solid #fff;\" colspan=\"2\" valign=\"top\"><center><span style=\"color: #fff;\"><strong>Pr\u00e9sentation de AvaTrade<\/strong><\/span><\/center><\/td>\r\n<\/tr>\r\n<tr>\r\n<td width=\"230\">Fond\u00e9 en<\/td>\r\n<td width=\"230\">2006<\/td>\r\n<\/tr>\r\n<tr>\r\n<td width=\"230\">Plateforme<\/td>\r\n<td width=\"230\">AvaTradeAct, MetaTrader 4, AvaOptions, AvaTradeGO, Trading Automatique, Le trading en ligne (trading Web), Trading Mobile, Trading Mac<\/td>\r\n<\/tr>\r\n<tr>\r\n<td width=\"230\">Taille minimum du compte<\/td>\r\n<td width=\"230\">\u20ac250<\/td>\r\n<\/tr>\r\n<tr>\r\n<td width=\"230\">Taille minimum du lot<\/td>\r\n<td width=\"230\">0,01<\/td>\r\n<\/tr>\r\n<tr>\r\n<td width=\"230\">Actifs n\u00e9gociables<\/td>\r\n<td width=\"230\">250+<\/td>\r\n<\/tr>\r\n<tr>\r\n<td width=\"230\">Marge maximale<\/td>\r\n<td width=\"230\">1:400<\/td>\r\n<\/tr>\r\n<tr>\r\n<td width=\"230\">\u00c9cart EUR\/USD<\/td>\r\n<td width=\"230\">1,50 pips (spreads flottants) \/ 1,90 pips (spreads fixes)<\/td>\r\n<\/tr>\r\n<tr>\r\n<td width=\"230\">Modes de paiement<\/td>\r\n<td width=\"230\">Cartes de Cr\u00e9dit \/ D\u00e9bit, Virement Bancaire, M\u00e9thodes de Paiement \u00c9lectronique<\/td>\r\n<\/tr>\r\n<tr>\r\n<td width=\"230\">Compte d\u00e9mo<\/td>\r\n<td width=\"230\">Oui<\/td>\r\n<\/tr>\r\n<tr>\r\n<td width=\"230\">Accepte les traders fran\u00e7ais<\/td>\r\n<td width=\"230\">Oui<\/td>\r\n<\/tr>\r\n<tr>\r\n<td width=\"230\">R\u00e9glement\u00e9<\/td>\r\n<td width=\"230\">CBI (UE), ASIC (Australie), FSC (BVI), FSA (Japon), FSB (Afrique du Sud)<\/td>\r\n<\/tr>\r\n<tr>\r\n<td width=\"230\">Support<\/td>\r\n<td width=\"230\">T\u00e9l\u00e9phone, Email, Chat en Direct<\/td>\r\n<\/tr>\r\n<tr>\r\n<td width=\"230\">Site Web<\/td>\r\n<td width=\"230\"><a href=\"\/regFR\/avatrade\">www.avatrade.fr<\/a><\/td>\r\n<\/tr>\r\n<\/tbody>\r\n<\/table>\r\n&nbsp;\r\n\r\n<center><a class=\"open\" href=\"\/regFR\/avatrade\" target=\"_blank\" rel=\"nofollow noopener noreferrer\">Visitez le site web<\/a><\/center>&nbsp;\r\n<div class=\"retitle\">\r\n<h4>Plateforme <span class=\"score\"> 9.1\/10 <img decoding=\"async\" class=\"usr lazyload\" data-src=\"https:\/\/www.realforexreviews.com\/wp-content\/plugins\/universal-star-rating\/includes\/image.php?img=06.png&amp;px=20&amp;max=5&amp;rat=4.6\" alt=\"4.6 out of 5 stars\" style=\"height: 20px !important;\" src=\"data:image\/svg+xml;base64,PHN2ZyB3aWR0aD0iMSIgaGVpZ2h0PSIxIiB4bWxucz0iaHR0cDovL3d3dy53My5vcmcvMjAwMC9zdmciPjwvc3ZnPg==\" \/><\/span><\/h4>\r\n<\/div>\r\nIls ont une s\u00e9lection de plateformes de trading qui comprend le MetaTrader 4 avec des graphiques avanc\u00e9s et de multiples flux d&rsquo;informations en direct. Ils proposent \u00e9galement AvaTradeAct, AvaOptions, AvaTradeGO, Trading Automatique, Le trading en ligne (trading Web), Trading Mobile et Trading Mac.\r\n<div class=\"retitle\">\r\n<h4>Design<span class=\"score\"> 10\/10 <img decoding=\"async\" class=\"usr lazyload\" data-src=\"https:\/\/www.realforexreviews.com\/wp-content\/plugins\/universal-star-rating\/includes\/image.php?img=06.png&amp;px=20&amp;max=5&amp;rat=5\" alt=\"5 out of 5 stars\" style=\"height: 20px !important;\" src=\"data:image\/svg+xml;base64,PHN2ZyB3aWR0aD0iMSIgaGVpZ2h0PSIxIiB4bWxucz0iaHR0cDovL3d3dy53My5vcmcvMjAwMC9zdmciPjwvc3ZnPg==\" \/><\/span><\/h4>\r\n<\/div>\r\nIls ont fait un travail remarquable dans la conception de leurs plateformes. On peut facilement voir les positions ouvertes et tout ce dont on a besoin, car ils ont tr\u00e8s bien organis\u00e9 toutes les sections.\r\n\r\n<a href=\"&lt;?php echo $aff_link.'vp'; ?&gt;\" target=\"_blank\" rel=\"nofollow noopener\"><img decoding=\"async\" class=\"aligncenter img-responsive lazyload\" data-src=\"\/wp-content\/images\/reviews\/avatrade_fr\/pic1.jpg\" alt=\"avatrade platforme\" src=\"data:image\/svg+xml;base64,PHN2ZyB3aWR0aD0iMSIgaGVpZ2h0PSIxIiB4bWxucz0iaHR0cDovL3d3dy53My5vcmcvMjAwMC9zdmciPjwvc3ZnPg==\" style=\"--smush-placeholder-width: 1278px; --smush-placeholder-aspect-ratio: 1278\/819;\" \/><\/a>\r\n<div class=\"retitle\">\r\n<h4>D\u00e9p\u00f4t minimum<span class=\"score\"> 7\/10 <img decoding=\"async\" class=\"usr lazyload\" data-src=\"https:\/\/www.realforexreviews.com\/wp-content\/plugins\/universal-star-rating\/includes\/image.php?img=06.png&amp;px=20&amp;max=5&amp;rat=3.5\" alt=\"3.5 out of 5 stars\" style=\"height: 20px !important;\" src=\"data:image\/svg+xml;base64,PHN2ZyB3aWR0aD0iMSIgaGVpZ2h0PSIxIiB4bWxucz0iaHR0cDovL3d3dy53My5vcmcvMjAwMC9zdmciPjwvc3ZnPg==\" \/><\/span><\/h4>\r\n<\/div>\r\nVous pouvez d\u00e9poser un minimum de \u20ac250 sur votre compte. Ceci est nettement inf\u00e9rieur aux exigences de la plupart des courtiers sur le march\u00e9 aujourd&rsquo;hui.\r\n<div class=\"retitle\">\r\n<h4>Taille minimum du lot<span class=\"score\"> 10\/10 <img decoding=\"async\" class=\"usr lazyload\" data-src=\"https:\/\/www.realforexreviews.com\/wp-content\/plugins\/universal-star-rating\/includes\/image.php?img=06.png&amp;px=20&amp;max=5&amp;rat=5\" alt=\"5 out of 5 stars\" style=\"height: 20px !important;\" src=\"data:image\/svg+xml;base64,PHN2ZyB3aWR0aD0iMSIgaGVpZ2h0PSIxIiB4bWxucz0iaHR0cDovL3d3dy53My5vcmcvMjAwMC9zdmciPjwvc3ZnPg==\" \/><\/span><\/h4>\r\n<\/div>\r\nLa taille minimale de lot est de 0,01, ce qui est id\u00e9al pour ceux qui pr\u00e9f\u00e8rent trader avec des risques moins \u00e9lev\u00e9s.\r\n<div class=\"retitle\">\r\n<h4>Actifs n\u00e9gociables<span class=\"score\"> 8.9\/10 <img decoding=\"async\" class=\"usr lazyload\" data-src=\"https:\/\/www.realforexreviews.com\/wp-content\/plugins\/universal-star-rating\/includes\/image.php?img=06.png&amp;px=20&amp;max=5&amp;rat=4.5\" alt=\"4.5 out of 5 stars\" style=\"height: 20px !important;\" src=\"data:image\/svg+xml;base64,PHN2ZyB3aWR0aD0iMSIgaGVpZ2h0PSIxIiB4bWxucz0iaHR0cDovL3d3dy53My5vcmcvMjAwMC9zdmciPjwvc3ZnPg==\" \/><\/span><\/h4>\r\n<\/div>\r\nAu moment de la r\u00e9daction de cette revue, ils ont plus de 250 actifs n\u00e9gociables et ceci inclut les crypto-monnaies les plus pris\u00e9es comme Bitcoin, Ethereum, Ripple, Bitcoin Cash, Litecoin, IOTA, DASH, NEO, Monero, Zcash et Qtum.\r\n\r\n<a href=\"&lt;?php echo $aff_link.'vp'; ?&gt;\" target=\"_blank\" rel=\"nofollow noopener\"><img decoding=\"async\" class=\"aligncenter img-responsive lazyload\" data-src=\"\/wp-content\/images\/reviews\/avatrade_fr\/pic2.jpg\" alt=\"avatrade actifs n\u00e9gociables\" src=\"data:image\/svg+xml;base64,PHN2ZyB3aWR0aD0iMSIgaGVpZ2h0PSIxIiB4bWxucz0iaHR0cDovL3d3dy53My5vcmcvMjAwMC9zdmciPjwvc3ZnPg==\" style=\"--smush-placeholder-width: 276px; --smush-placeholder-aspect-ratio: 276\/620;\" \/><\/a>\r\n<center><a class=\"open\" href=\"\/regFR\/avatrade\" target=\"_blank\" rel=\"nofollow noopener noreferrer\">Visitez le site web<\/a><\/center>&nbsp;\r\n<div class=\"retitle\">\r\n<h4>\u00c9carts<span class=\"score\"> 9.5\/10 <img decoding=\"async\" class=\"usr lazyload\" data-src=\"https:\/\/www.realforexreviews.com\/wp-content\/plugins\/universal-star-rating\/includes\/image.php?img=06.png&amp;px=20&amp;max=5&amp;rat=4.8\" alt=\"4.8 out of 5 stars\" style=\"height: 20px !important;\" src=\"data:image\/svg+xml;base64,PHN2ZyB3aWR0aD0iMSIgaGVpZ2h0PSIxIiB4bWxucz0iaHR0cDovL3d3dy53My5vcmcvMjAwMC9zdmciPjwvc3ZnPg==\" \/><\/span><\/h4>\r\n<\/div>\r\nCe broker offre des comptes \u00e0 marge fixe et variable avec des marges tr\u00e8s serr\u00e9es. Pour la paire de devises EUR\/USD, le spread fixe est de 1,9 pips et le spread flottant est de 1,5 pips.\r\n\r\n&nbsp;\r\n<div style=\"float: right; width: 100%; height: auto; padding: 2em; background-color: #f6f7f8; margin: 0px 0px 0px 0px;\">\r\n\r\nMETTRE \u00c0 JOUR: AvaTrade a r\u00e9duit ses spreads fixes, flottants et sur options d\u2019environ 35% sur toutes les paires de devises majeures et de 50% sur certaines paires Forex. Ce changement place AvaTrade en t\u00eate du secteur en proposant les meilleures conditions de trading, dont des spreads extra-faibles, d\u2019excellents bonus et jusqu\u2019\u00e0 400:1 d\u2019effet de levier.\r\n\r\n<\/div>\r\n&nbsp;\r\n<div class=\"retitle\">\r\n<h4>D\u00e9lai de retrait<span class=\"score\"> 9\/10 <img decoding=\"async\" class=\"usr lazyload\" data-src=\"https:\/\/www.realforexreviews.com\/wp-content\/plugins\/universal-star-rating\/includes\/image.php?img=06.png&amp;px=20&amp;max=5&amp;rat=4.5\" alt=\"4.5 out of 5 stars\" style=\"height: 20px !important;\" src=\"data:image\/svg+xml;base64,PHN2ZyB3aWR0aD0iMSIgaGVpZ2h0PSIxIiB4bWxucz0iaHR0cDovL3d3dy53My5vcmcvMjAwMC9zdmciPjwvc3ZnPg==\" \/><\/span><\/h4>\r\n<\/div>\r\nIls traitent les demandes de retrait dans un d\u00e9lai de 1 \u00e0 2 jours ouvrables. Cette vitesse est bien sup\u00e9rieure aux normes de l&rsquo;industrie.\r\n<div class=\"retitle\">\r\n<h4>M\u00e9thodes de d\u00e9p\u00f4t et de retrait<span class=\"score\"> 10\/10 <img decoding=\"async\" class=\"usr lazyload\" data-src=\"https:\/\/www.realforexreviews.com\/wp-content\/plugins\/universal-star-rating\/includes\/image.php?img=06.png&amp;px=20&amp;max=5&amp;rat=5\" alt=\"5 out of 5 stars\" style=\"height: 20px !important;\" src=\"data:image\/svg+xml;base64,PHN2ZyB3aWR0aD0iMSIgaGVpZ2h0PSIxIiB4bWxucz0iaHR0cDovL3d3dy53My5vcmcvMjAwMC9zdmciPjwvc3ZnPg==\" \/><\/span><\/h4>\r\n<\/div>\r\nIl est possible d&rsquo;ajouter des fonds au compte par carte de cr\u00e9dit et de d\u00e9bit, par virement bancaire et paiement \u00e9lectronique.\r\n\r\n<a href=\"&lt;?php echo $aff_link.'vp'; ?&gt;\" target=\"_blank\" rel=\"nofollow noopener\"><img decoding=\"async\" class=\"aligncenter img-responsive lazyload\" data-src=\"\/wp-content\/images\/reviews\/avatrade_fr\/pic3.jpg\" alt=\"avatrade m\u00e9thodes de d\u00e9p\u00f4t et de retrait\" src=\"data:image\/svg+xml;base64,PHN2ZyB3aWR0aD0iMSIgaGVpZ2h0PSIxIiB4bWxucz0iaHR0cDovL3d3dy53My5vcmcvMjAwMC9zdmciPjwvc3ZnPg==\" style=\"--smush-placeholder-width: 741px; --smush-placeholder-aspect-ratio: 741\/1208;\" \/><\/a>\r\n<div class=\"retitle\">\r\n<h4>Support \u00e0 la client\u00e8let<span class=\"score\"> 9.4\/10 <img decoding=\"async\" class=\"usr lazyload\" data-src=\"https:\/\/www.realforexreviews.com\/wp-content\/plugins\/universal-star-rating\/includes\/image.php?img=06.png&amp;px=20&amp;max=5&amp;rat=4.7\" alt=\"4.7 out of 5 stars\" style=\"height: 20px !important;\" src=\"data:image\/svg+xml;base64,PHN2ZyB3aWR0aD0iMSIgaGVpZ2h0PSIxIiB4bWxucz0iaHR0cDovL3d3dy53My5vcmcvMjAwMC9zdmciPjwvc3ZnPg==\" \/><\/span><\/h4>\r\n<\/div>\r\nLe service client fran\u00e7ais est joignable par t\u00e9l\u00e9phone, email et chat en direct. Dans l&rsquo;ensemble, la qualit\u00e9 du service fourni \u00e9tait tr\u00e8s satisfaisante.\r\n\r\n<a href=\"&lt;?php echo $aff_link.'vp'; ?&gt;\" target=\"_blank\" rel=\"nofollow noopener\"><img decoding=\"async\" class=\"aligncenter img-responsive lazyload\" data-src=\"\/wp-content\/images\/reviews\/avatrade_fr\/pic4.jpg\" alt=\"avatrade support \u00e0 la client\u00e8le\" src=\"data:image\/svg+xml;base64,PHN2ZyB3aWR0aD0iMSIgaGVpZ2h0PSIxIiB4bWxucz0iaHR0cDovL3d3dy53My5vcmcvMjAwMC9zdmciPjwvc3ZnPg==\" style=\"--smush-placeholder-width: 1253px; --smush-placeholder-aspect-ratio: 1253\/1912;\" \/><\/a>\r\n<div class=\"retitle\">\r\n<h4>Pr\u00e9cision de cotations<span class=\"score\"> 9.5\/10 <img decoding=\"async\" class=\"usr lazyload\" data-src=\"https:\/\/www.realforexreviews.com\/wp-content\/plugins\/universal-star-rating\/includes\/image.php?img=06.png&amp;px=20&amp;max=5&amp;rat=4.8\" alt=\"4.8 out of 5 stars\" style=\"height: 20px !important;\" src=\"data:image\/svg+xml;base64,PHN2ZyB3aWR0aD0iMSIgaGVpZ2h0PSIxIiB4bWxucz0iaHR0cDovL3d3dy53My5vcmcvMjAwMC9zdmciPjwvc3ZnPg==\" \/><\/span><\/h4>\r\n<\/div>\r\nLes prix des instruments sur leurs plateformes sont synchronis\u00e9s avec les prix r\u00e9els du march\u00e9.\r\n<div class=\"retitle\">\r\n<h4>Cr\u00e9dibilit\u00e9<span class=\"score\"> 9.6\/10 <img decoding=\"async\" class=\"usr lazyload\" data-src=\"https:\/\/www.realforexreviews.com\/wp-content\/plugins\/universal-star-rating\/includes\/image.php?img=06.png&amp;px=20&amp;max=5&amp;rat=4.8\" alt=\"4.8 out of 5 stars\" style=\"height: 20px !important;\" src=\"data:image\/svg+xml;base64,PHN2ZyB3aWR0aD0iMSIgaGVpZ2h0PSIxIiB4bWxucz0iaHR0cDovL3d3dy53My5vcmcvMjAwMC9zdmciPjwvc3ZnPg==\" \/><\/span><\/h4>\r\n<\/div>\r\nAvaTrade travaille dans ce domaine depuis plus de 10 ans et est licenci\u00e9 par la CySEC, ce qui indique qu&rsquo;ils sont fiables. Notre recherche approfondie a \u00e9galement r\u00e9v\u00e9l\u00e9 qu&rsquo;ils b\u00e9n\u00e9ficient d&rsquo;un fort m\u00e9c\u00e9nat de la part des traders fran\u00e7ais.\r\n\r\n&nbsp;\r\n<table width=\"100%\">\r\n<tbody>\r\n<tr>\r\n<td style=\"background-image:inherit; background-repeat: no-repeat; background-position: left;\" height=\"200\" data-bg-image=\"url(&#039;https:\/\/www.realforexreviews.com\/wp-content\/smush-webp\/2020\/03\/trading-background2.jpg.webp&#039;)\" class=\"lazyload\"><img decoding=\"async\" data-src=\"\/wp-content\/images\/header\/avatrade.png\" alt=\"AvaTrade logo\" src=\"data:image\/svg+xml;base64,PHN2ZyB3aWR0aD0iMSIgaGVpZ2h0PSIxIiB4bWxucz0iaHR0cDovL3d3dy53My5vcmcvMjAwMC9zdmciPjwvc3ZnPg==\" class=\"lazyload\" style=\"--smush-placeholder-width: 150px; --smush-placeholder-aspect-ratio: 150\/40;\" \/><\/td>\r\n<\/tr>\r\n<tr>\r\n<td style=\"text-align: left; padding: 0px 30px 30px 30px; background-color: #f3f3f3;\">\r\n<div id=\"conclusion\" class=\"retitle\">\r\n<h4>Conclusion <span class=\"score\">9.3\/10 <img decoding=\"async\" class=\"usr lazyload\" data-src=\"https:\/\/www.realforexreviews.com\/wp-content\/plugins\/universal-star-rating\/includes\/image.php?img=06.png&amp;px=20&amp;max=5&amp;rat=4.7\" alt=\"4.7 out of 5 stars\" style=\"height: 20px !important;\" src=\"data:image\/svg+xml;base64,PHN2ZyB3aWR0aD0iMSIgaGVpZ2h0PSIxIiB4bWxucz0iaHR0cDovL3d3dy53My5vcmcvMjAwMC9zdmciPjwvc3ZnPg==\" \/><\/span><\/h4>\r\n<\/div>\r\nAvaTrade a l&rsquo;avantage dans le monde du trading Forex en ligne et cela peut \u00eatre attribu\u00e9 \u00e0 la fa\u00e7on qu&rsquo;ils ont eu de cr\u00e9er une plateforme bas\u00e9e sur la perspective de leurs utilisateurs. Ils sont en mesure de fournir un environnement de trading riche en fonctionnalit\u00e9s qui s&rsquo;accompagne d&rsquo;outils et de ressources \u00e0 valeur ajout\u00e9e. Ajoutez \u00e0 cela une r\u00e9putation irr\u00e9prochable et un excellent service client et vous vous retrouvez avec l&rsquo;une des meilleures maisons de courtage pour le trading du Forex et de CFD.\r\n\r\n&nbsp;\r\n\r\n<center><a class=\"open\" href=\"\/regFR\/avatrade\" target=\"_blank\" rel=\"nofollow noopener noreferrer\">Visitez le site web!<\/a><\/center><\/td>\r\n<\/tr>\r\n<\/tbody>\r\n<\/table>\r\n&nbsp;\r\n\r\n<center><a href=\"https:\/\/www.avatrade.fr\/lp\/regulated-broker?tag=51164&amp;tag2=~profile_rfrFRrevban~banner_16973\" target=\"_blank\" rel=\"nofollow noopener noreferrer\"><img decoding=\"async\" data-src=\"https:\/\/media.avapartner.com\/banners\/p715648239.gif?tag=51164&amp;tag2=~banner_17084\" alt=\"AvaTrade banner\" width=\"468\" height=\"60\" border=\"0\" src=\"data:image\/svg+xml;base64,PHN2ZyB3aWR0aD0iMSIgaGVpZ2h0PSIxIiB4bWxucz0iaHR0cDovL3d3dy53My5vcmcvMjAwMC9zdmciPjwvc3ZnPg==\" class=\"lazyload\" style=\"--smush-placeholder-width: 468px; --smush-placeholder-aspect-ratio: 468\/60;\" \/><\/a><\/center>&nbsp;\r\n\r\n[\/vc_column_text][\/vc_column][\/vc_row]","protected":false},"excerpt":{"rendered":"[vc_row][vc_column][vc_column_text] Remplissez le formulaire ci-dessous pour vous inscrire gratuitement!&nbsp; &nbsp; Introduction ou Passer le texte et lire directement l\u2019essentiel! AvaTrade a \u00e9t\u00e9 cr\u00e9\u00e9 en 2006. Ils proposent une suite de plateformes dont ils font la publicit\u00e9 aupr\u00e8s de leurs utilisateurs comme leur permettant de \u00ab trader en toute confiance \u00bb. Est-ce bien vrai ? D\u00e9couvrons [&hellip;]","protected":false},"author":57,"featured_media":52963,"parent":403,"menu_order":0,"comment_status":"open","ping_status":"closed","template":"","meta":{"_acf_changed":false,"footnotes":""},"class_list":["post-7969","page","type-page","status-publish","has-post-thumbnail","hentry"],"acf":[],"aioseo_notices":[],"_links":{"self":[{"href":"https:\/\/www.realforexreviews.com\/fr\/wp-json\/wp\/v2\/pages\/7969","targetHints":{"allow":["GET"]}}],"collection":[{"href":"https:\/\/www.realforexreviews.com\/fr\/wp-json\/wp\/v2\/pages"}],"about":[{"href":"https:\/\/www.realforexreviews.com\/fr\/wp-json\/wp\/v2\/types\/page"}],"author":[{"embeddable":true,"href":"https:\/\/www.realforexreviews.com\/fr\/wp-json\/wp\/v2\/users\/57"}],"replies":[{"embeddable":true,"href":"https:\/\/www.realforexreviews.com\/fr\/wp-json\/wp\/v2\/comments?post=7969"}],"version-history":[{"count":14,"href":"https:\/\/www.realforexreviews.com\/fr\/wp-json\/wp\/v2\/pages\/7969\/revisions"}],"predecessor-version":[{"id":70933,"href":"https:\/\/www.realforexreviews.com\/fr\/wp-json\/wp\/v2\/pages\/7969\/revisions\/70933"}],"up":[{"embeddable":true,"href":"https:\/\/www.realforexreviews.com\/fr\/wp-json\/wp\/v2\/pages\/403"}],"wp:featuredmedia":[{"embeddable":true,"href":"https:\/\/www.realforexreviews.com\/fr\/wp-json\/wp\/v2\/media\/52963"}],"wp:attachment":[{"href":"https:\/\/www.realforexreviews.com\/fr\/wp-json\/wp\/v2\/media?parent=7969"}],"curies":[{"name":"wp","href":"https:\/\/api.w.org\/{rel}","templated":true}]}}