{"id":61134,"date":"2020-09-04T08:04:33","date_gmt":"2020-09-04T08:04:33","guid":{"rendered":"https:\/\/www.realforexreviews.com\/plus500-broker-review-2020\/"},"modified":"2022-07-05T10:53:49","modified_gmt":"2022-07-05T10:53:49","slug":"plus500","status":"publish","type":"page","link":"https:\/\/www.realforexreviews.com\/hu\/forex-brokerek-2020\/plus500","title":{"rendered":"Plus500 V\u00e9lem\u00e9nyek 2020"},"content":{"rendered":"<p>[vc_column][vc_column_text]<\/p>\n<div style=\"margin-top: -20px;\" align=\"center\"><span class=\"cfdservice\">A lakoss\u00e1gi CFD-sz\u00e1ml\u00e1k 77%-\u00e1n vesztes\u00e9g keletkezik<\/span><\/div>\n<p>&nbsp;[\/vc_column_text][vc_column_text]<center><iframe data-src=\"https:\/\/marketools.plus500.com\/Widgets\/RegistrationWidget?id=80152&amp;pl=2&amp;langcode=hu&amp;isRealMode=true\" width=\"100%\" height=\"500px\" src=\"data:image\/svg+xml;base64,PHN2ZyB3aWR0aD0iMSIgaGVpZ2h0PSIxIiB4bWxucz0iaHR0cDovL3d3dy53My5vcmcvMjAwMC9zdmciPjwvc3ZnPg==\" class=\"lazyload\" data-load-mode=\"1\"><\/iframe><\/center><\/p>\n<p>&nbsp;[\/vc_column_text][vc_column_text]<\/p>\n<div class=\"retitle\">\n<h4>Bevezet\u00e9s <a class=\"readbottomline\" href=\"#conclusion\">vagy Ugorja \u00e1t a tartalmat \u00e9s olvassa el a k\u00f6vetkeztet\u00e9st!<\/a><\/h4>\n<p>A Plus500 szabadalmaztatott platformmal rendelkez\u0151 CFD szolg\u00e1ltat\u00f3, ahol a keresked\u0151k p\u00e9nz\u00fcgyi term\u00e9kek sz\u00e9les k\u00edn\u00e1lat\u00e1b\u00f3l v\u00e1laszthatnak.<\/p>\n<p>Az egyedi platform kialak\u00edt\u00e1sa nagyon b\u00e1tor l\u00e9p\u00e9s, <strong>de vajon meg\u00e9ri?<\/strong><\/p>\n<\/div>\n<p>&nbsp;[\/vc_column_text][vc_column_text]<\/p>\n<table class=\"shadow\" border=\"1\" width=\"70%\" cellspacing=\"0\" cellpadding=\"5\" align=\"center\">\n<tbody>\n<tr>\n<td style=\"background: #336181 none repeat scroll 0% 0%; border-top-left-radius: 10px; border-top-right-radius: 10px; border: 1px solid #fff;\" colspan=\"2\" valign=\"top\"><center><span style=\"color: #fff;\"><strong>Plus500 \u00c1ttekint\u00e9s<\/strong><\/span><\/center><\/td>\n<\/tr>\n<tr>\n<td width=\"230\">Alap\u00edtva<\/td>\n<td width=\"230\">2008<\/td>\n<\/tr>\n<tr>\n<td width=\"230\">Platform<\/td>\n<td width=\"230\">Windows Trader, WebTrader, Windows 10, Android App, Windows Phone App, iPhone App\/iPad App\/Apple Watch App<\/td>\n<\/tr>\n<tr>\n<td width=\"230\">Minim\u00e1lis bet\u00e9t<\/td>\n<td width=\"230\">$100<\/td>\n<\/tr>\n<tr>\n<td width=\"230\">Keresked\u00e9si instrumentum<\/td>\n<td width=\"230\">2000+<\/td>\n<\/tr>\n<tr>\n<td width=\"230\">EUR\/USD spread<\/td>\n<td width=\"230\">Dinamikus<\/td>\n<\/tr>\n<tr>\n<td width=\"230\">Fizet\u00e9si m\u00f3dok<\/td>\n<td width=\"230\">Visa\/MasterCard, Skrill, \u00c1tutal\u00e1s, PayPal<\/td>\n<\/tr>\n<tr>\n<td width=\"230\">Dem\u00f3 sz\u00e1mla<\/td>\n<td width=\"230\">Korl\u00e1tlan ideig<\/td>\n<\/tr>\n<tr>\n<td width=\"230\">Magyar keresked\u0151ket elfogad<\/td>\n<td width=\"230\">Igen<\/td>\n<\/tr>\n<tr>\n<td width=\"230\">Szab\u00e1lyozott<\/td>\n<td width=\"230\">FCA (Egyes\u00fclt Kir\u00e1lys\u00e1g), ASIC (Ausztr\u00e1lia), CySEC (Ciprus), FSA(Seychelles)<\/td>\n<\/tr>\n<tr>\n<td width=\"230\">Vev\u0151szolg\u00e1lat<\/td>\n<td width=\"230\">E-mail, Live Chat<\/td>\n<\/tr>\n<tr>\n<td width=\"230\">Weboldal<\/td>\n<td width=\"230\"><a href=\"\/regHU\/plus500\">www.plus500.hu<\/a><\/td>\n<\/tr>\n<\/tbody>\n<\/table>\n<p>[\/vc_column_text][vc_column_text]&nbsp;<\/p>\n<p><center><a class=\"open\" href=\"\/regHU\/plus500\" target=\"_blank\" rel=\"nofollow noopener noreferrer\">Plus500 oldal &#8211; l\u00e1togassa meg<\/a><\/center><\/p>\n<div align=\"center\"><span class=\"cfdservice\">A lakoss\u00e1gi CFD-sz\u00e1ml\u00e1k 77%-\u00e1n vesztes\u00e9g keletkezik<\/span><\/div>\n<p>[\/vc_column_text][vc_column_text]<\/p>\n<div id=\"platform\" class=\"retitle\">\n<h4>Platform <span class=\"score\">9.5\/10 <img decoding=\"async\" class=\"usr lazyload\" data-src=\"https:\/\/www.realforexreviews.com\/wp-content\/plugins\/universal-star-rating\/includes\/image.php?img=06.png&amp;px=20&amp;max=5&amp;rat=4.8\" alt=\"4.8 out of 5 stars\" style=\"height: 20px !important;\" src=\"data:image\/svg+xml;base64,PHN2ZyB3aWR0aD0iMSIgaGVpZ2h0PSIxIiB4bWxucz0iaHR0cDovL3d3dy53My5vcmcvMjAwMC9zdmciPjwvc3ZnPg==\" \/><\/span><\/h4>\n<\/div>\n<p>Egyszer\u0171en v\u00e1lthat egyik platformr\u00f3l a m\u00e1sikra, mivel ezek kialak\u00edt\u00e1sa megegyezik, \u00e9s mindegyik minden sz\u00fcks\u00e9ges funkci\u00f3val rendelkezik.[\/vc_column_text][vc_column_text]<\/p>\n<div class=\"retitle\">\n<h4>Kialak\u00edt\u00e1s <span class=\"score\"> 10\/10 <img decoding=\"async\" class=\"usr lazyload\" data-src=\"https:\/\/www.realforexreviews.com\/wp-content\/plugins\/universal-star-rating\/includes\/image.php?img=06.png&amp;px=20&amp;max=5&amp;rat=5\" alt=\"5 out of 5 stars\" style=\"height: 20px !important;\" src=\"data:image\/svg+xml;base64,PHN2ZyB3aWR0aD0iMSIgaGVpZ2h0PSIxIiB4bWxucz0iaHR0cDovL3d3dy53My5vcmcvMjAwMC9zdmciPjwvc3ZnPg==\" \/><\/span><\/h4>\n<\/div>\n<p>Platformjaik egys\u00e9ges diz\u00e1jnnal k\u00e9sz\u00fclnek, mely \u00e1tl\u00e1that\u00f3 \u00e9s nagyon egyszer\u0171.<\/p>\n<p>Nem ig\u00e9nyelnek t\u00fals\u00e1gosan nagy rendszerer\u0151forr\u00e1st \u00e9s gyorsan bet\u00f6lt\u0151dnek.<\/p>\n<p>&nbsp;[\/vc_column_text][vc_column_text]<\/p>\n<div class=\"retitle\">\n<h4>Minim\u00e1lis bet\u00e9t <span class=\"score\"> 8\/10 <img decoding=\"async\" class=\"usr lazyload\" data-src=\"https:\/\/www.realforexreviews.com\/wp-content\/plugins\/universal-star-rating\/includes\/image.php?img=06.png&amp;px=20&amp;max=5&amp;rat=4\" alt=\"4 out of 5 stars\" style=\"height: 20px !important;\" src=\"data:image\/svg+xml;base64,PHN2ZyB3aWR0aD0iMSIgaGVpZ2h0PSIxIiB4bWxucz0iaHR0cDovL3d3dy53My5vcmcvMjAwMC9zdmciPjwvc3ZnPg==\" \/><\/span><\/h4>\n<\/div>\n<p>A minimum 100 $ let\u00e9t alacsonyabb, mint amit a br\u00f3kerc\u00e9gek t\u00f6bbs\u00e9ge el\u0151\u00edr.<\/p>\n<p>&nbsp;[\/vc_column_text][vc_column_text]<\/p>\n<div class=\"retitle\">\n<h4>Keresked\u00e9si instrumentum <span class=\"score\"> 9.6\/10 <img decoding=\"async\" class=\"usr lazyload\" data-src=\"https:\/\/www.realforexreviews.com\/wp-content\/plugins\/universal-star-rating\/includes\/image.php?img=06.png&amp;px=20&amp;max=5&amp;rat=4.8\" alt=\"4.8 out of 5 stars\" style=\"height: 20px !important;\" src=\"data:image\/svg+xml;base64,PHN2ZyB3aWR0aD0iMSIgaGVpZ2h0PSIxIiB4bWxucz0iaHR0cDovL3d3dy53My5vcmcvMjAwMC9zdmciPjwvc3ZnPg==\" \/><\/span><\/h4>\n<\/div>\n<p>T\u00f6bb mint 2000 eszk\u00f6zzel rendelkeznek, ide\u00e9rtve a kriptovalut\u00e1kat is, mint p\u00e9ld\u00e1ul a Bitcoin \u00e9s az Ethereum.<\/p>\n<p>Ez a portf\u00f3li\u00f3 diverzifik\u00e1l\u00e1s\u00e1t teszi lehet\u0151v\u00e9.<\/p>\n<p>&nbsp;[\/vc_column_text][vc_column_text]<\/p>\n<div id=\"spreads\" class=\"retitle\">\n<h4>Spread <span class=\"score\"> 9.5\/10 <img decoding=\"async\" class=\"usr lazyload\" data-src=\"https:\/\/www.realforexreviews.com\/wp-content\/plugins\/universal-star-rating\/includes\/image.php?img=06.png&amp;px=20&amp;max=5&amp;rat=4.8\" alt=\"4.8 out of 5 stars\" style=\"height: 20px !important;\" src=\"data:image\/svg+xml;base64,PHN2ZyB3aWR0aD0iMSIgaGVpZ2h0PSIxIiB4bWxucz0iaHR0cDovL3d3dy53My5vcmcvMjAwMC9zdmciPjwvc3ZnPg==\" \/><\/span><\/h4>\n<\/div>\n<p>A Plus500 a legt\u00f6bb instrumentum eset\u00e9ben versenyk\u00e9pes \u00e9s sz\u0171k spreadeket k\u00edn\u00e1l. P\u00e9ld\u00e1ul az EUR\/USD devizap\u00e1r eset\u00e9ben a spread 0,8 pip.[\/vc_column_text][vc_column_text]A kiv\u00e9teket 1-3 munkanap alatt dolgozz\u00e1k fel, az \u00e1ltalunk v\u00e9gzett tesztek sor\u00e1n k\u00e9s\u00e9st nem tapasztaltunk.<\/p>\n<p>&nbsp;[\/vc_column_text][vc_column_text]A sz\u00e1mla felt\u00f6lt\u00e9se bankk\u00e1rty\u00e1kkal \u00e9s m\u00e9g PayPal haszn\u00e1lat\u00e1val is lehets\u00e9ges. Szinte az \u00f6sszes n\u00e9pszer\u0171 fizet\u00e9si rendszer haszn\u00e1lat\u00e1ra van lehet\u0151s\u00e9g.<\/p>\n<p>&nbsp;[\/vc_column_text][vc_column_text]B\u00e1r nincs telefonos \u00fcgyf\u00e9lszolg\u00e1lat, k\u00f6nnyen v\u00e1laszolnak e-mailben \u00e9s \u00e9l\u0151 cseveg\u00e9sen kereszt\u00fcl k\u00fcld\u00f6tt k\u00e9rd\u00e9sekre, valamint j\u00f3 h\u00edr, hogy vannak magyar nyelven besz\u00e9l\u0151 munkat\u00e1rsaik.<\/p>\n<p>Vel\u00fck folytatott besz\u00e9lget\u00e9seink sor\u00e1n el\u00e9rhet\u0151k voltak, \u00e9s azonnal v\u00e1laszoltak.<\/p>\n<p>&nbsp;[\/vc_column_text][vc_column_text]Tesztjeink alapj\u00e1n egyetlen egyszer sem tapasztaltunk \u00fajrajegyz\u00e9seket, az eszk\u00f6z\u00f6k \u00e1rai \u00f6sszhangban vannak a val\u00f3s piaci \u00e1rakkal.[\/vc_column_text][vc_column_text]Amellett, hogy szab\u00e1lyozott br\u00f3kerc\u00e9g, kiterjedt vizsg\u00e1lataink alapj\u00e1n a Plus500 nagysz\u00e1m\u00fa pozit\u00edv visszajelz\u00e9st kapott a magyar keresked\u0151kt\u0151l.[\/vc_column_text][vc_column_text]A Plus500-at az k\u00fcl\u00f6nb\u00f6zteti meg m\u00e1s br\u00f3kerekt\u0151l, hogy stabil, a CFD keresked\u00e9s teljes folyamat\u00e1t leegyszer\u0171s\u00edt\u0151 platformot hozott l\u00e9tre, m\u00edg versenyk\u00e9pes spreadjei \u00e9s nagy instrumentum k\u00edn\u00e1lata ide\u00e1liss\u00e1 teszi tapasztalt keresked\u0151k sz\u00e1m\u00e1ra.<\/p>\n<p>A telefonos \u00fcgyf\u00e9lszolg\u00e1lat \u00e9s az \u00e9l\u0151 cseveg\u00e9si lehet\u0151s\u00e9g hi\u00e1nya ellen\u00e9re \u00fcgyf\u00e9lszolg\u00e1latuk e-mail-ben nagyon gyorsan reag\u00e1l, \u00e9s szinte minden \u00fcgyf\u00e9lk\u00e9r\u00e9st k\u00f6nnyen kezel.[\/vc_column_text][vc_column_text]&nbsp;<\/p>\n<table width=\"100%\">\n<tbody>\n<tr>\n<td style=\"background-image:inherit; background-repeat: no-repeat; background-position: left;\" height=\"200\" data-bg-image=\"url(&#039;https:\/\/www.realforexreviews.com\/wp-content\/smush-webp\/2020\/03\/trading-background2.jpg.webp&#039;)\" class=\"lazyload\"><img decoding=\"async\" data-src=\"\/wp-content\/images\/header\/plus500.png\" alt=\"Plus500 logo\" src=\"data:image\/svg+xml;base64,PHN2ZyB3aWR0aD0iMSIgaGVpZ2h0PSIxIiB4bWxucz0iaHR0cDovL3d3dy53My5vcmcvMjAwMC9zdmciPjwvc3ZnPg==\" class=\"lazyload\" style=\"--smush-placeholder-width: 200px; --smush-placeholder-aspect-ratio: 200\/80;\" \/><\/td>\n<\/tr>\n<tr>\n<td style=\"text-align: left; padding: 0px 30px 30px 30px; background-color: #f3f3f3;\">\n<div id=\"conclusion\" class=\"retitle\">\n<h4>Conclusion <span class=\"score\">9.5\/10 <img decoding=\"async\" class=\"usr lazyload\" data-src=\"https:\/\/www.realforexreviews.com\/wp-content\/plugins\/universal-star-rating\/includes\/image.php?img=06.png&amp;px=20&amp;max=5&amp;rat=4.8\" alt=\"4.8 out of 5 stars\" style=\"height: 20px !important;\" src=\"data:image\/svg+xml;base64,PHN2ZyB3aWR0aD0iMSIgaGVpZ2h0PSIxIiB4bWxucz0iaHR0cDovL3d3dy53My5vcmcvMjAwMC9zdmciPjwvc3ZnPg==\" \/><\/span><\/h4>\n<\/div>\n<p>With its more than a decade of operation and an established reputation which is a great feat by itself, Plus500 managed to attract a good number of followers all across the globe with an advanced platform that was honed and developed by their in house talents.<\/p>\n<p>This suite of platforms are stable and free from any form of interference and influence from outside parties and not to forget their dynamic spreads and their more than ample choices of 2000 plus instruments.<\/p>\n<p>Though Plus500 is a very user-friendly platform, CFDs are complex financial products thus the Plus500 platform is suitable for experienced traders only.<\/p>\n<p><em>Most importantly&#8230;<\/em><\/p>\n<p>No one could simply ignore that and of course their <strong>praise-worthy professionalism and efficient customer support team.<\/strong> This is such a breath of fresh air in a world where excellent customer service is seriously hard to find like a pin on a haystack.<\/p>\n<p>Plus500&#8217;s corporate model or so-called economic paradigm, being unique in the ever-changing world of brokerages is a trailblazer. It\u2019s a no-brainer to learn that other brokerage firms are copying their successful and credible model.<\/p>\n<p>Surely a global brand like Plus500 is continuously making its mark in setting up a higher standard worth following and emulating.<\/p>\n<p><em>Bottom line?<\/em><\/p>\n<p>With its sterling performance, as compared with other brokerage firms basing on the major attributes laid down by our team here at Real Forex Reviews,<strong> we are no doubt recommending Plus500 as one of our top picks for forex and CFD trading.<\/strong><\/p>\n<p>&nbsp;<\/p>\n<p><center><a class=\"open\" href=\"\/reg\/plus500\" target=\"_blank\" rel=\"nofollow noopener noreferrer\">Sign-up with Plus500!<\/a><\/center><\/td>\n<\/tr>\n<\/tbody>\n<\/table>\n<span class=\"cfdservice\">84% of retail investor accounts lose money when trading CFDs with this provider. You should consider whether you can afford to take the high risk of losing your money<\/span>\n<p>&nbsp;[\/vc_column_text][\/vc_column]<\/p>\n","protected":false},"excerpt":{"rendered":"[vc_column][vc_column_text] &nbsp;[\/vc_column_text][vc_column_text] &nbsp;[\/vc_column_text][vc_column_text] Bevezet\u00e9s vagy Ugorja \u00e1t a tartalmat \u00e9s olvassa el a k\u00f6vetkeztet\u00e9st! A Plus500 szabadalmaztatott platformmal rendelkez\u0151 CFD szolg\u00e1ltat\u00f3, ahol a keresked\u0151k p\u00e9nz\u00fcgyi term\u00e9kek sz\u00e9les k\u00edn\u00e1lat\u00e1b\u00f3l v\u00e1laszthatnak. Az egyedi platform kialak\u00edt\u00e1sa nagyon b\u00e1tor l\u00e9p\u00e9s, de vajon meg\u00e9ri? &nbsp;[\/vc_column_text][vc_column_text] Plus500 \u00c1ttekint\u00e9s Alap\u00edtva 2008 Platform Windows Trader, WebTrader, Windows 10, Android App, Windows Phone App, [&hellip;]","protected":false},"author":57,"featured_media":0,"parent":66862,"menu_order":0,"comment_status":"open","ping_status":"closed","template":"","meta":{"_acf_changed":false,"footnotes":""},"class_list":["post-61134","page","type-page","status-publish","hentry"],"acf":[],"aioseo_notices":[],"_links":{"self":[{"href":"https:\/\/www.realforexreviews.com\/hu\/wp-json\/wp\/v2\/pages\/61134","targetHints":{"allow":["GET"]}}],"collection":[{"href":"https:\/\/www.realforexreviews.com\/hu\/wp-json\/wp\/v2\/pages"}],"about":[{"href":"https:\/\/www.realforexreviews.com\/hu\/wp-json\/wp\/v2\/types\/page"}],"author":[{"embeddable":true,"href":"https:\/\/www.realforexreviews.com\/hu\/wp-json\/wp\/v2\/users\/57"}],"replies":[{"embeddable":true,"href":"https:\/\/www.realforexreviews.com\/hu\/wp-json\/wp\/v2\/comments?post=61134"}],"version-history":[{"count":10,"href":"https:\/\/www.realforexreviews.com\/hu\/wp-json\/wp\/v2\/pages\/61134\/revisions"}],"predecessor-version":[{"id":72304,"href":"https:\/\/www.realforexreviews.com\/hu\/wp-json\/wp\/v2\/pages\/61134\/revisions\/72304"}],"up":[{"embeddable":true,"href":"https:\/\/www.realforexreviews.com\/hu\/wp-json\/wp\/v2\/pages\/66862"}],"wp:attachment":[{"href":"https:\/\/www.realforexreviews.com\/hu\/wp-json\/wp\/v2\/media?parent=61134"}],"curies":[{"name":"wp","href":"https:\/\/api.w.org\/{rel}","templated":true}]}}