{"id":61290,"date":"2020-09-05T12:12:00","date_gmt":"2020-09-05T12:12:00","guid":{"rendered":"https:\/\/www.realforexreviews.com\/contact\/"},"modified":"2020-09-05T12:56:08","modified_gmt":"2020-09-05T12:56:08","slug":"contact","status":"publish","type":"page","link":"https:\/\/www.realforexreviews.com\/hu\/contact","title":{"rendered":"Kapcsolatfelv\u00e9tel"},"content":{"rendered":"<p>[vc_row][vc_column][vc_column_text]<\/p>\n<p>A h\u00e9t minden napj\u00e1n, b\u00e1rmilyen id\u0151pontban \u00e1llunk rendelkez\u00e9s\u00e9re. Besz\u00e9lgess\u00fcnk eredm\u00e9nyes monet\u00e1ris ir\u00e1nyokr\u00f3l, j\u00f6vedelmez\u0151s\u00e9gr\u0151l \u00e9s keresked\u00e9si lehet\u0151s\u00e9gekr\u0151l! Besz\u00e9ljen vel\u00fcnk m\u00e9g ma!<\/p>\n<h2 style=\"text-align: center;\"><strong>realforexreviews@gmail.com<\/strong><\/h2>\n<p>[\/vc_column_text][\/vc_column][\/vc_row]<\/p>\n","protected":false},"excerpt":{"rendered":"[vc_row][vc_column][vc_column_text] A h\u00e9t minden napj\u00e1n, b\u00e1rmilyen id\u0151pontban \u00e1llunk rendelkez\u00e9s\u00e9re. Besz\u00e9lgess\u00fcnk eredm\u00e9nyes monet\u00e1ris ir\u00e1nyokr\u00f3l, j\u00f6vedelmez\u0151s\u00e9gr\u0151l \u00e9s keresked\u00e9si lehet\u0151s\u00e9gekr\u0151l! Besz\u00e9ljen vel\u00fcnk m\u00e9g ma! realforexreviews@gmail.com [\/vc_column_text][\/vc_column][\/vc_row]","protected":false},"author":54,"featured_media":0,"parent":0,"menu_order":0,"comment_status":"closed","ping_status":"closed","template":"","meta":{"_acf_changed":false,"footnotes":""},"class_list":["post-61290","page","type-page","status-publish","hentry"],"acf":[],"aioseo_notices":[],"_links":{"self":[{"href":"https:\/\/www.realforexreviews.com\/hu\/wp-json\/wp\/v2\/pages\/61290","targetHints":{"allow":["GET"]}}],"collection":[{"href":"https:\/\/www.realforexreviews.com\/hu\/wp-json\/wp\/v2\/pages"}],"about":[{"href":"https:\/\/www.realforexreviews.com\/hu\/wp-json\/wp\/v2\/types\/page"}],"author":[{"embeddable":true,"href":"https:\/\/www.realforexreviews.com\/hu\/wp-json\/wp\/v2\/users\/54"}],"replies":[{"embeddable":true,"href":"https:\/\/www.realforexreviews.com\/hu\/wp-json\/wp\/v2\/comments?post=61290"}],"version-history":[{"count":2,"href":"https:\/\/www.realforexreviews.com\/hu\/wp-json\/wp\/v2\/pages\/61290\/revisions"}],"predecessor-version":[{"id":61305,"href":"https:\/\/www.realforexreviews.com\/hu\/wp-json\/wp\/v2\/pages\/61290\/revisions\/61305"}],"wp:attachment":[{"href":"https:\/\/www.realforexreviews.com\/hu\/wp-json\/wp\/v2\/media?parent=61290"}],"curies":[{"name":"wp","href":"https:\/\/api.w.org\/{rel}","templated":true}]}}