{"id":61298,"date":"2020-09-05T12:19:15","date_gmt":"2020-09-05T12:19:15","guid":{"rendered":"https:\/\/www.realforexreviews.com\/financial-information-warning\/"},"modified":"2020-09-05T12:58:09","modified_gmt":"2020-09-05T12:58:09","slug":"financial-information-warning","status":"publish","type":"page","link":"https:\/\/www.realforexreviews.com\/hu\/financial-information-warning","title":{"rendered":"P\u00e9nz\u00fcgyi figyelmeztet\u0151 t\u00e1j\u00e9koztat\u00e1s"},"content":{"rendered":"<p>[vc_column][vc_column_text]<\/p>\n<p>A(z) <a href=\"https:\/\/www.realforexreviews.com\">www.realforexreviews.com<\/a>\u00a0nem felel\u0151s semminem\u0171 p\u00e9nz\u00fcgyi vesztes\u00e9g\u00e9rt vagy k\u00e1r\u00e9rt, melyet az ezen a weboldalon k\u00f6zz\u00e9tett \u00e9rt\u00e9kel\u00e9sek \u00e9s inform\u00e1ci\u00f3k kiz\u00e1r\u00f3lagos figyelembev\u00e9tele eredm\u00e9nyez.<\/p>\n<p>A weboldalon tal\u00e1lhat\u00f3 h\u00edrek, blogbejegyz\u00e9sek \u00e9s cikkek a szerz\u0151 szem\u00e9lyes kutat\u00e1sain \u00e9s p\u00e9nz\u00fcgyi v\u00e9lem\u00e9ny\u00e9n alapulnak.<\/p>\n<p>A p\u00e9nz\u00fcgyi piacokon val\u00f3 befektet\u00e9st megel\u0151z\u0151en k\u00e9rj\u00fck, vegye figyelembe, hogy a forex keresked\u00e9s magas kock\u00e1zattal j\u00e1r, mely teljes befektet\u00e9s\u00e9nek elveszt\u00e9s\u00e9t eredm\u00e9nyezheti. Ezzel a t\u00e9nnyel mindenkinek sz\u00e1molnia kell, aki keresked\u00e9ssel k\u00edv\u00e1n nyeres\u00e9gre szert tenni. Nem tan\u00e1csos olyan t\u0151k\u00e9vel kereskedni, melynek elveszt\u00e9s\u00e9t nem engedheti meg mag\u00e1nak.<\/p>\n<p>&nbsp;<\/p>\n<p>[\/vc_column_text][\/vc_column]<\/p>\n","protected":false},"excerpt":{"rendered":"[vc_column][vc_column_text] A(z) www.realforexreviews.com\u00a0nem felel\u0151s semminem\u0171 p\u00e9nz\u00fcgyi vesztes\u00e9g\u00e9rt vagy k\u00e1r\u00e9rt, melyet az ezen a weboldalon k\u00f6zz\u00e9tett \u00e9rt\u00e9kel\u00e9sek \u00e9s inform\u00e1ci\u00f3k kiz\u00e1r\u00f3lagos figyelembev\u00e9tele eredm\u00e9nyez. A weboldalon tal\u00e1lhat\u00f3 h\u00edrek, blogbejegyz\u00e9sek \u00e9s cikkek a szerz\u0151 szem\u00e9lyes kutat\u00e1sain \u00e9s p\u00e9nz\u00fcgyi v\u00e9lem\u00e9ny\u00e9n alapulnak. A p\u00e9nz\u00fcgyi piacokon val\u00f3 befektet\u00e9st megel\u0151z\u0151en k\u00e9rj\u00fck, vegye figyelembe, hogy a forex keresked\u00e9s magas kock\u00e1zattal j\u00e1r, mely teljes befektet\u00e9s\u00e9nek [&hellip;]","protected":false},"author":54,"featured_media":0,"parent":0,"menu_order":0,"comment_status":"closed","ping_status":"closed","template":"","meta":{"_acf_changed":false,"footnotes":""},"class_list":["post-61298","page","type-page","status-publish","hentry"],"acf":[],"aioseo_notices":[],"_links":{"self":[{"href":"https:\/\/www.realforexreviews.com\/hu\/wp-json\/wp\/v2\/pages\/61298","targetHints":{"allow":["GET"]}}],"collection":[{"href":"https:\/\/www.realforexreviews.com\/hu\/wp-json\/wp\/v2\/pages"}],"about":[{"href":"https:\/\/www.realforexreviews.com\/hu\/wp-json\/wp\/v2\/types\/page"}],"author":[{"embeddable":true,"href":"https:\/\/www.realforexreviews.com\/hu\/wp-json\/wp\/v2\/users\/54"}],"replies":[{"embeddable":true,"href":"https:\/\/www.realforexreviews.com\/hu\/wp-json\/wp\/v2\/comments?post=61298"}],"version-history":[{"count":3,"href":"https:\/\/www.realforexreviews.com\/hu\/wp-json\/wp\/v2\/pages\/61298\/revisions"}],"predecessor-version":[{"id":61306,"href":"https:\/\/www.realforexreviews.com\/hu\/wp-json\/wp\/v2\/pages\/61298\/revisions\/61306"}],"wp:attachment":[{"href":"https:\/\/www.realforexreviews.com\/hu\/wp-json\/wp\/v2\/media?parent=61298"}],"curies":[{"name":"wp","href":"https:\/\/api.w.org\/{rel}","templated":true}]}}