{"id":367,"date":"2020-04-03T01:24:52","date_gmt":"2020-04-03T01:24:52","guid":{"rendered":"https:\/\/new.realforexreviews.com\/?page_id=367"},"modified":"2022-07-05T10:50:03","modified_gmt":"2022-07-05T10:50:03","slug":"plus500","status":"publish","type":"page","link":"https:\/\/www.realforexreviews.com\/it\/brokers\/plus500","title":{"rendered":"Recensione del Broker Plus500 2021"},"content":{"rendered":"<p>[vc_row][vc_column][vc_column_text]<\/p>\n<div style=\"margin-top: -20px;\" align=\"center\"><span class=\"cfdservice\">84% dei conti al dettaglio di CFD perdono denaro.<\/span><\/div>\n<p><center><span style=\"font-size: large;\"><strong>Compila il modulo sottostante per iscriverti gratuitamente!<\/strong><\/span><\/center>&nbsp;<\/p>\n<p><center><iframe style=\"width: inherit; height: inherit;\" data-src=\"https:\/\/marketools.plus500.com\/Widgets\/RegistrationWidget?langcode=it&amp;country=-1&amp;id=80152&amp;tags=widg+registration+en_review&amp;pl=2\" frameborder=\"0\" scrolling=\"no\" src=\"data:image\/svg+xml;base64,PHN2ZyB3aWR0aD0iMSIgaGVpZ2h0PSIxIiB4bWxucz0iaHR0cDovL3d3dy53My5vcmcvMjAwMC9zdmciPjwvc3ZnPg==\" class=\"lazyload\" data-load-mode=\"1\"><\/iframe><\/center><\/p>\n<div id=\"end\" class=\"retitle\">\n<h4>Introduzione <a class=\"readbottomline\" href=\"#conclusion\">o Salta contenuti e Leggere il Bottom Line!<\/a><\/h4>\n<\/div>\n<p>Plus500 \u00e8 un broker di CFD fondato nel 2008, autorizzato e regolamentato dalla Financial Conduct Authority (FCA).<\/p>\n<p>Questo broker \u00e8 conosciuto ampiamente per la sua piattaforma di trading sviluppata in-house e innvoativa, dove i trader posono scegliere tra una vasta gamma di prodotti finanziari.<\/p>\n<p>Creare una piattaforma personalizzata \u00e8 una mossa veramente audace, ma funziona?<\/p>\n<p>&nbsp;<\/p>\n<table class=\"shadow\" border=\"1\" width=\"70%\" cellspacing=\"0\" cellpadding=\"5\" align=\"center\">\n<tbody>\n<tr>\n<td style=\"background: #336181 none repeat scroll 0% 0%; border-top-left-radius: 10px; border-top-right-radius: 10px; border: 1px solid #fff;\" colspan=\"2\" valign=\"top\"><center><span style=\"color: #fff;\"><strong>Recensione Plus500<\/strong><\/span><\/center><\/td>\n<\/tr>\n<tr>\n<td width=\"230\">Fondato<\/td>\n<td width=\"230\">2008<\/td>\n<\/tr>\n<tr>\n<td width=\"230\">Piattaforma<\/td>\n<td width=\"230\">Windows Trader, WebTrader, Windows 10, Android App, Windows Phone App, iPhone App\/iPad App\/Apple Watch App<\/td>\n<\/tr>\n<tr>\n<td width=\"230\">Deposito minimo<\/td>\n<td width=\"230\">\u20ac100<\/td>\n<\/tr>\n<tr>\n<td width=\"230\">Asset con cui operare<\/td>\n<td width=\"230\">Oltre 2000<\/td>\n<\/tr>\n<tr>\n<td width=\"230\">Spread EUR\/USD<\/td>\n<td width=\"230\">Dinamico<\/td>\n<\/tr>\n<tr>\n<td width=\"230\">Metodi di pagamento<\/td>\n<td width=\"230\">Visa\/MasterCard, Skrill, Bonifico Bancario, PayPal<\/td>\n<\/tr>\n<tr>\n<td width=\"230\">Conto demo<\/td>\n<td width=\"230\">Tempo illimitato<\/td>\n<\/tr>\n<tr>\n<td width=\"230\">Accetta clienti italiani<\/td>\n<td width=\"230\">S\u00ec<\/td>\n<\/tr>\n<tr>\n<td width=\"230\">Regolamentato<\/td>\n<td width=\"230\">FCA (UK), ASIC (Australia), CySEC (Cipro), FSA(Seychelles)<\/td>\n<\/tr>\n<tr>\n<td width=\"230\">Supporto clienti<\/td>\n<td width=\"230\">Email, Chat dal vivo<\/td>\n<\/tr>\n<tr>\n<td width=\"230\">Website<\/td>\n<td width=\"230\"><a href=\"\/regIT\/plus500\">www.plus500.com\/it<\/a><\/td>\n<\/tr>\n<\/tbody>\n<\/table>\n<p>&nbsp;<\/p>\n<p><center><a class=\"open\" href=\"\/regIT\/plus500\" target=\"_blank\" rel=\"nofollow noopener noreferrer\">Visita il sito<\/a><\/center><span class=\"cfdservice\">84% dei conti al dettaglio di CFD perdono denaro.<\/span><\/p>\n<div class=\"retitle\">\n<h4>Piattaforma<span class=\"score\"> 9.5\/10 <img decoding=\"async\" class=\"usr lazyload\" data-src=\"https:\/\/www.realforexreviews.com\/wp-content\/plugins\/universal-star-rating\/includes\/image.php?img=06.png&amp;px=20&amp;max=5&amp;rat=4.8\" alt=\"4.8 out of 5 stars\" style=\"height: 20px !important;\" src=\"data:image\/svg+xml;base64,PHN2ZyB3aWR0aD0iMSIgaGVpZ2h0PSIxIiB4bWxucz0iaHR0cDovL3d3dy53My5vcmcvMjAwMC9zdmciPjwvc3ZnPg==\" \/><\/span><\/h4>\n<\/div>\n<p><strong>Quello che stupisce di Plus500 \u00e8 che sono riusciti a svilupparla all\u2019interno della propria piattaforma<\/strong>, senza il bisogno di rivolgersi a fornitori terzi.<\/p>\n<p>I trader hanno l\u2019opzione di utilizzare la versione scaricabile, la versione online o quella per mobile, a seconda delle proprie esigenze.<\/p>\n<p>Non vi \u00e8 una significativa differenza tra le diverse versioni, quindi <strong>\u00e8 molto semplice abituarsi all\u2019interfaccia<\/strong>, dal momento che \u00e8 pressoch\u00e8 la stessa sia online, che sul PC e sul telefono.<\/p>\n<p>La piattaforma personalizzata di <strong>Plus500 ottiene un punteggio di 10 sulla nostra scala.<\/strong><\/p>\n<div class=\"retitle\">\n<h4>Design<span class=\"score\"> 10\/10 <img decoding=\"async\" class=\"usr lazyload\" data-src=\"https:\/\/www.realforexreviews.com\/wp-content\/plugins\/universal-star-rating\/includes\/image.php?img=06.png&amp;px=20&amp;max=5&amp;rat=5\" alt=\"5 out of 5 stars\" style=\"height: 20px !important;\" src=\"data:image\/svg+xml;base64,PHN2ZyB3aWR0aD0iMSIgaGVpZ2h0PSIxIiB4bWxucz0iaHR0cDovL3d3dy53My5vcmcvMjAwMC9zdmciPjwvc3ZnPg==\" \/><\/span><\/h4>\n<\/div>\n<p>Quello che rende Plus500 differente dagli altri broker forex del settore \u00e8 il fatto che sono riusciti a mantenere un design semplice e molto pulito.<\/p>\n<p><strong>Navigare all\u2019interno della vasta gamma di strumenti di trading e le varie sezioni \u00e8 molto semplice<\/strong> e il processo di apertura delle opzioni \u00e8 stato progettato per essere molto semplice e diretto anche per chi muove i primi passi nel mondo del trading.<\/p>\n<p>Si tratta certamente di una scelta ideale per chi \u00e8 in cerca di un\u2019esperienza di trading senza fronzoli.<\/p>\n<p>Che si tratti della versione online o scaricabile, <strong>la piattaforma non impiega troppe risorse di sistema<\/strong>, quindi si avvia velocemente e non mostra rallentamenti.<\/p>\n<p><strong>Per questo assegno a Plus500 un punteggio di 10 per il design<\/strong>.<\/p>\n<div style=\"width: 769px\" class=\"wp-caption aligncenter\"><a href=\"\/regIT\/plus500\"><img fetchpriority=\"high\" decoding=\"async\" class=\"size-full\" src=\"\/wp-content\/images\/reviews\/plus500\/pic1.jpg\" alt=\"Piattaforma Plus500\" width=\"759\" height=\"427\" \/><\/a><p class=\"wp-caption-text\">Piattaforma Plus500<\/p><\/div>\n<p><center><span class=\"cfdservice\">Prezzi mostrati sono solo a scopo illustrativo.<\/span><\/center><\/p>\n<div class=\"retitle\">\n<h4>Deposito minimo<span class=\"score\"> 8\/10 <img decoding=\"async\" class=\"usr lazyload\" data-src=\"https:\/\/www.realforexreviews.com\/wp-content\/plugins\/universal-star-rating\/includes\/image.php?img=06.png&amp;px=20&amp;max=5&amp;rat=4\" alt=\"4 out of 5 stars\" style=\"height: 20px !important;\" src=\"data:image\/svg+xml;base64,PHN2ZyB3aWR0aD0iMSIgaGVpZ2h0PSIxIiB4bWxucz0iaHR0cDovL3d3dy53My5vcmcvMjAwMC9zdmciPjwvc3ZnPg==\" \/><\/span><\/h4>\n<\/div>\n<p>Il deposito minimo con Plus500 \u00e8 \u20ac100, che \u00e8 molto meno di quello che altri broker richiedono per aprire un conto.<\/p>\n<p><strong>Questo risulta ideale per i trader alle prime armi nel trading forex, dal momento che devono sborsare una somma inferiore per effettuare un deposito<\/strong>, mentre per i trader pi\u00f9 seri non fa granch\u00e8 differenza, dato che probabilmente effettuerebbero comunque un altro tipo di deposito.<\/p>\n<p>Secondo il nostro sistema di valutazione, <strong>Plus500 ottiene un punteggio di 8 per il deposito minimo<\/strong>.<\/p>\n<div class=\"retitle\">\n<h4>Asset con cui operare<span class=\"score\"> 9.6\/10 <img decoding=\"async\" class=\"usr lazyload\" data-src=\"https:\/\/www.realforexreviews.com\/wp-content\/plugins\/universal-star-rating\/includes\/image.php?img=06.png&amp;px=20&amp;max=5&amp;rat=4.8\" alt=\"4.8 out of 5 stars\" style=\"height: 20px !important;\" src=\"data:image\/svg+xml;base64,PHN2ZyB3aWR0aD0iMSIgaGVpZ2h0PSIxIiB4bWxucz0iaHR0cDovL3d3dy53My5vcmcvMjAwMC9zdmciPjwvc3ZnPg==\" \/><\/span><\/h4>\n<\/div>\n<p>\u00c8 sempre l\u2019ideale se un broker offre una vasta gamma di asset, cos\u00ec si hanno maggiori opportunit\u00e0 di generare un profitto.<\/p>\n<p><strong>Plus500 ti da la possibilit\u00e0 di operare con oltre 2000 prodotti CFD<\/strong>, tra coppie valutarie, materie prime, azioni, indici e ETF. Questo ti permette di trovare sicuramente un prodotto che faccia al caso tuo, con cui operare.<\/p>\n<p>Tale gamma di prodotti \u00e8 considerata <strong>molto ampia<\/strong> e questo porta Plus500 ad ottenere <strong>un punteggio di 9.6 per il criterio asset disponibili al trading.<\/strong><\/p>\n<div style=\"width: 769px\" class=\"wp-caption aligncenter\"><a href=\"\/regIT\/plus500\"><img decoding=\"async\" class=\"size-full lazyload\" data-src=\"\/wp-content\/images\/reviews\/plus500\/pic2.jpg\" alt=\"Asset con cui operare Plus500\" width=\"759\" height=\"427\" src=\"data:image\/svg+xml;base64,PHN2ZyB3aWR0aD0iMSIgaGVpZ2h0PSIxIiB4bWxucz0iaHR0cDovL3d3dy53My5vcmcvMjAwMC9zdmciPjwvc3ZnPg==\" style=\"--smush-placeholder-width: 759px; --smush-placeholder-aspect-ratio: 759\/427;\" \/><\/a><p class=\"wp-caption-text\">Asset con cui operare Plus500<\/p><\/div>\n<p><center><span class=\"cfdservice\">Prezzi mostrati sono solo a scopo illustrativo.<\/span><\/center>&nbsp;<\/p>\n<p><center><a class=\"open\" href=\"\/regIT\/plus500\" target=\"_blank\" rel=\"nofollow noopener noreferrer\">Visita il sito<\/a><\/center><span class=\"cfdservice\">84% dei conti al dettaglio di CFD perdono denaro.<\/span><\/p>\n<div class=\"retitle\">\n<h4>Spread<span class=\"score\"> 9.5\/10 <img decoding=\"async\" class=\"usr lazyload\" data-src=\"https:\/\/www.realforexreviews.com\/wp-content\/plugins\/universal-star-rating\/includes\/image.php?img=06.png&amp;px=20&amp;max=5&amp;rat=4.8\" alt=\"4.8 out of 5 stars\" style=\"height: 20px !important;\" src=\"data:image\/svg+xml;base64,PHN2ZyB3aWR0aD0iMSIgaGVpZ2h0PSIxIiB4bWxucz0iaHR0cDovL3d3dy53My5vcmcvMjAwMC9zdmciPjwvc3ZnPg==\" \/><\/span><\/h4>\n<\/div>\n<p>\u00c8 importante per i trader conoscere il valore pip, in quanto questo misura il profitto che \u00e8 possibile generare da un\u2019opzione corretta.<\/p>\n<p><strong>Plus500 ha spread dinamici<\/strong> che sono decisamente meglio di ci\u00f2 che molti broker offrono.<\/p>\n<p>Un tasso del genere porta <strong>Plus500 a ottenere un punteggio di 9.5 per quanto riguarda i rendimenti<\/strong>.<\/p>\n<div class=\"retitle\">\n<h4>Tempistiche di prelievo<span class=\"score\"> 10\/10 <img decoding=\"async\" class=\"usr lazyload\" data-src=\"https:\/\/www.realforexreviews.com\/wp-content\/plugins\/universal-star-rating\/includes\/image.php?img=06.png&amp;px=20&amp;max=5&amp;rat=5\" alt=\"5 out of 5 stars\" style=\"height: 20px !important;\" src=\"data:image\/svg+xml;base64,PHN2ZyB3aWR0aD0iMSIgaGVpZ2h0PSIxIiB4bWxucz0iaHR0cDovL3d3dy53My5vcmcvMjAwMC9zdmciPjwvc3ZnPg==\" \/><\/span><\/h4>\n<\/div>\n<p>La frustrazione di molti trader forex oggigiorno deriva da fatto che i broker tendono a rallentare i processi di prelievo e, in alcuni casi, questi non li processano proprio.<\/p>\n<p>Fortunatamente <strong>Plus500 \u00e8 molto rapido nella gestione e nel completamento delle richieste di prelievo<\/strong>, con tempi medi di attesa di 3 giorni.<\/p>\n<p>Questo significa che Plus500 possiede una piattaforma di trading affidabile, <strong>dal momento che mantengono la promessa di dare ai clienti i soldi che sono loro di diritto.<\/strong><\/p>\n<p><strong>Plus500 ottiene un puntiggio per le tempistiche di prelievo di 10<\/strong>.<\/p>\n<div class=\"retitle\">\n<h4>Metodi di deposito e prelievo<span class=\"score\"> 10\/10 <img decoding=\"async\" class=\"usr lazyload\" data-src=\"https:\/\/www.realforexreviews.com\/wp-content\/plugins\/universal-star-rating\/includes\/image.php?img=06.png&amp;px=20&amp;max=5&amp;rat=5\" alt=\"5 out of 5 stars\" style=\"height: 20px !important;\" src=\"data:image\/svg+xml;base64,PHN2ZyB3aWR0aD0iMSIgaGVpZ2h0PSIxIiB4bWxucz0iaHR0cDovL3d3dy53My5vcmcvMjAwMC9zdmciPjwvc3ZnPg==\" \/><\/span><\/h4>\n<\/div>\n<p>\u00c8 possibile depositare i fondi su un conto Plus500 tramite Visa\/MasterCard, Skrill, bonfico bancario e PayPal, che rappresentano i metodi di pagamento pi\u00f9 utilizzati oggigiorno.<\/p>\n<p><strong>Tutti questi metodi richiedono processi per nulla complicati per trasferire i fondi<\/strong>, che seguono le normali procedure senza alcun ritardo sul processo di trading.<\/p>\n<p>Questo porta a <strong>Plus500 un punteggio di 10 per i metodi di deposito e prelievo<\/strong>.<\/p>\n<div style=\"width: 769px\" class=\"wp-caption aligncenter\"><a href=\"\/regIT\/plus500\"><img decoding=\"async\" class=\"size-full lazyload\" data-src=\"\/wp-content\/images\/reviews\/plus500\/pic3.jpg\" alt=\"Metodi di deposito e prelievo di Plus500\" width=\"759\" height=\"427\" src=\"data:image\/svg+xml;base64,PHN2ZyB3aWR0aD0iMSIgaGVpZ2h0PSIxIiB4bWxucz0iaHR0cDovL3d3dy53My5vcmcvMjAwMC9zdmciPjwvc3ZnPg==\" style=\"--smush-placeholder-width: 759px; --smush-placeholder-aspect-ratio: 759\/427;\" \/><\/a><p class=\"wp-caption-text\">Metodi di deposito e prelievo di Plus500<\/p><\/div>\n<p><center><a class=\"open\" href=\"\/regIT\/plus500\" target=\"_blank\" rel=\"nofollow noopener noreferrer\">Visita il sito<\/a><\/center><span class=\"cfdservice\">84% dei conti al dettaglio di CFD perdono denaro.<\/span><\/p>\n<div class=\"retitle\">\n<h4>Supporto clienti<span class=\"score\"> 8.6\/10 <img decoding=\"async\" class=\"usr lazyload\" data-src=\"https:\/\/www.realforexreviews.com\/wp-content\/plugins\/universal-star-rating\/includes\/image.php?img=06.png&amp;px=20&amp;max=5&amp;rat=4.3\" alt=\"4.3 out of 5 stars\" style=\"height: 20px !important;\" src=\"data:image\/svg+xml;base64,PHN2ZyB3aWR0aD0iMSIgaGVpZ2h0PSIxIiB4bWxucz0iaHR0cDovL3d3dy53My5vcmcvMjAwMC9zdmciPjwvc3ZnPg==\" \/><\/span><\/h4>\n<\/div>\n<p><strong>\u00c8 molto importante avere un broker che sia onesto e trasparente, e che dia ai clienti tutte le informazioni richieste<\/strong>, ed \u00e8 ancora meglio se d\u00e0 un qualcosa in pi\u00f9, semplicemente per venire incontro alle tue esigenze e rispondere a tutte le tue domande.<\/p>\n<p>Plus500 non ha una live chat o supporto via telefono; infatti \u00e8 possibile contattare il broker solo via email o fax.<\/p>\n<p>Sebbene questo sia un po\u2019 insolito, <strong>tutte le email che arrivano all\u2019indirizzo supporto clienti vengono prese in considerazione immediatamente<\/strong>, con un tempo medio per ricevere una risposta di 10 minuti.<\/p>\n<div style=\"width: 864px\" class=\"wp-caption aligncenter\"><a href=\"\/regIT\/plus500\"><img decoding=\"async\" class=\"size-full lazyload\" data-src=\"\/wp-content\/images\/reviews\/plus500\/pic4.jpg\" alt=\"Supporto clienti Plus500\" width=\"854\" height=\"717\" src=\"data:image\/svg+xml;base64,PHN2ZyB3aWR0aD0iMSIgaGVpZ2h0PSIxIiB4bWxucz0iaHR0cDovL3d3dy53My5vcmcvMjAwMC9zdmciPjwvc3ZnPg==\" style=\"--smush-placeholder-width: 854px; --smush-placeholder-aspect-ratio: 854\/717;\" \/><\/a><p class=\"wp-caption-text\">Supporto clienti Plus500<\/p><\/div>\n<p>Sulla base delle conversazioni via email che ho avuto con uno degli operatori del servizio clienti, <strong>trovo che le risposte siano state oneste.<\/strong><\/p>\n<p>Non cerc\u00f2 di utilizzare alcuna strategia di marketing nel corso dell\u2019intera conversazione.<\/p>\n<p>Questo \u00e8 il tipo di servizio che cerco, e sono stato sorpreso dell\u2019efficienza del servizio clienti nonostante fosse via email.<\/p>\n<p>Per questo <strong>Plus500 ottiene il massimo punteggio di 8.6 per il supporto clienti<\/strong>.<\/p>\n<div class=\"retitle\">\n<h4>Accuratezza delle quotazioni<span class=\"score\"> 9\/10 <img decoding=\"async\" class=\"usr lazyload\" data-src=\"https:\/\/www.realforexreviews.com\/wp-content\/plugins\/universal-star-rating\/includes\/image.php?img=06.png&amp;px=20&amp;max=5&amp;rat=4.5\" alt=\"4.5 out of 5 stars\" style=\"height: 20px !important;\" src=\"data:image\/svg+xml;base64,PHN2ZyB3aWR0aD0iMSIgaGVpZ2h0PSIxIiB4bWxucz0iaHR0cDovL3d3dy53My5vcmcvMjAwMC9zdmciPjwvc3ZnPg==\" \/><\/span><\/h4>\n<\/div>\n<p><strong>L\u2019accuratezza delle quotazioni del proprio broker \u00e8 un aspetto fondamentale<\/strong>, dal momento che sar\u00e0 alla base del tuo successo nel trading.<\/p>\n<p>Se la piattaforma ti indica un determinato prezzo e poi ne mostra uno differente, peggiore rispetto all\u2019originale, allora probabilmente si tratta di uno scam.<\/p>\n<p><strong>\u00c8 positivo sapere che Plus500 non adotta riquotazioni<\/strong>, dato che la piattaforma indica sempre lo stesso prezzo, prima e dopo l\u2019apertura di un\u2019opzione.<\/p>\n<p>Per questo <strong>Plus500 si merita un punteggio di 9 per quanto riguarda l\u2019accuratezza delle quotazioni<\/strong>.<\/p>\n<div class=\"retitle\">\n<h4>Credibilit\u00e0<span class=\"score\"> 8.8\/10 <img decoding=\"async\" class=\"usr lazyload\" data-src=\"https:\/\/www.realforexreviews.com\/wp-content\/plugins\/universal-star-rating\/includes\/image.php?img=06.png&amp;px=20&amp;max=5&amp;rat=4.4\" alt=\"4.4 out of 5 stars\" style=\"height: 20px !important;\" src=\"data:image\/svg+xml;base64,PHN2ZyB3aWR0aD0iMSIgaGVpZ2h0PSIxIiB4bWxucz0iaHR0cDovL3d3dy53My5vcmcvMjAwMC9zdmciPjwvc3ZnPg==\" \/><\/span><\/h4>\n<\/div>\n<p>Plus500 \u00e8 autorizzato e regolamentato dalla Financial Conduct Authority, il che \u00e8 un\u2019ottima cosa dal momento che ti garantisce che stai operando con un broker che ha superato le rigide linee guida di un\u2019autorit\u00e0 finanziaria.<\/p>\n<p>Inoltre <strong>questo broker \u00e8 elogiato da un notevole numero di trader per avere spread competitivi<\/strong> e non applicare commissioni su alcuna transazione.<\/p>\n<p>Questo pu\u00f2 essere facilmente provato <strong>dall\u2019elevato numero di feedback positivi<\/strong> che \u00e8 possibile trovare su siti, forum e recensioni specializzati nel forex.<\/p>\n<p>\u00c8 sorprendente come siano riusciti a <strong>mantenere una credibilit\u00e0 stabile<\/strong> da che hanno iniziato a svolgere le proprie operazioni, <strong>e per questo meritano un punteggio di 8.8 per la reputazione<\/strong>.<\/p>\n<div style=\"width: 702px\" class=\"wp-caption aligncenter\"><a href=\"\/regIT\/plus500\"><img decoding=\"async\" class=\"size-full lazyload\" data-src=\"\/wp-content\/images\/reviews\/plus500\/pic5.jpg\" alt=\"Commento del cliente Plus500\" width=\"692\" height=\"246\" src=\"data:image\/svg+xml;base64,PHN2ZyB3aWR0aD0iMSIgaGVpZ2h0PSIxIiB4bWxucz0iaHR0cDovL3d3dy53My5vcmcvMjAwMC9zdmciPjwvc3ZnPg==\" style=\"--smush-placeholder-width: 692px; --smush-placeholder-aspect-ratio: 692\/246;\" \/><\/a><p class=\"wp-caption-text\">Commento del cliente Plus500<\/p><\/div>\n<div style=\"width: 531px\" class=\"wp-caption aligncenter\"><a href=\"\/regIT\/plus500\"><img decoding=\"async\" class=\"size-full lazyload\" data-src=\"\/wp-content\/images\/reviews\/plus500\/pic6.jpg\" alt=\"Commento del cliente Plus500\" width=\"521\" height=\"282\" src=\"data:image\/svg+xml;base64,PHN2ZyB3aWR0aD0iMSIgaGVpZ2h0PSIxIiB4bWxucz0iaHR0cDovL3d3dy53My5vcmcvMjAwMC9zdmciPjwvc3ZnPg==\" style=\"--smush-placeholder-width: 521px; --smush-placeholder-aspect-ratio: 521\/282;\" \/><\/a><p class=\"wp-caption-text\">Commento del cliente Plus500<\/p><\/div>\n<div style=\"width: 725px\" class=\"wp-caption aligncenter\"><a href=\"\/regIT\/plus500\"><img decoding=\"async\" class=\"size-full lazyload\" data-src=\"\/wp-content\/images\/reviews\/plus500\/pic7.jpg\" alt=\"Commento del cliente Plus500\" width=\"715\" height=\"220\" src=\"data:image\/svg+xml;base64,PHN2ZyB3aWR0aD0iMSIgaGVpZ2h0PSIxIiB4bWxucz0iaHR0cDovL3d3dy53My5vcmcvMjAwMC9zdmciPjwvc3ZnPg==\" style=\"--smush-placeholder-width: 715px; --smush-placeholder-aspect-ratio: 715\/220;\" \/><\/a><p class=\"wp-caption-text\">Commento del cliente Plus500<\/p><\/div>\n<div class=\"retitle\">\n<h4>Regolamentato<span class=\"score\"> 10\/10 <img decoding=\"async\" class=\"usr lazyload\" data-src=\"https:\/\/www.realforexreviews.com\/wp-content\/plugins\/universal-star-rating\/includes\/image.php?img=06.png&amp;px=20&amp;max=5&amp;rat=5\" alt=\"5 out of 5 stars\" style=\"height: 20px !important;\" src=\"data:image\/svg+xml;base64,PHN2ZyB3aWR0aD0iMSIgaGVpZ2h0PSIxIiB4bWxucz0iaHR0cDovL3d3dy53My5vcmcvMjAwMC9zdmciPjwvc3ZnPg==\" \/><\/span><\/h4>\n<\/div>\n<ul class=\"greenlist\">\n<li>Plus500UK Ltd \u00e8 autorizzata e regolamentata dalla FCA (#509909).<\/li>\n<li>Plus500CY Ltd \u00e8 autorizzata e regolamentata dalla CySEC (#250\/14).<\/li>\n<li>Plus500SG Pte Ltd ha la licenza di MAS (#CMS100648-1) e IE Singapore (#PLUS\/CBL\/2018).<\/li>\n<li>Plus500AU Pty Ltd (ACN 153301681), \u00e8 autorizzata da:<br \/>\nASIC in Australia, AFSL #417727. FMA in Nuova Zelanda, FSP #486026; Fornitore di Servizi Finanziari Autorizzato in Sud Africa, FSP #47546. Non possiedi e non hai nessun diritto sui beni sottostanti. Vedere i documenti in materia di divulgazione disponibili nel sito web.<\/li>\n<li>Plus500SEY Ltd \u00e8 autorizzato e regolamentato dalla Seychelles Financial Services Authority (#SD039).<\/li>\n<\/ul>\n<p>&nbsp;<\/p>\n<table width=\"100%\">\n<tbody>\n<tr>\n<td style=\"background-image:inherit; background-repeat: no-repeat; background-position: left;\" height=\"200\" data-bg-image=\"url(&#039;https:\/\/www.realforexreviews.com\/wp-content\/smush-webp\/2020\/03\/trading-background2.jpg.webp&#039;)\" class=\"lazyload\"><img decoding=\"async\" data-src=\"\/wp-content\/images\/header\/plus500.png\" alt=\"Plus500 logo\" src=\"data:image\/svg+xml;base64,PHN2ZyB3aWR0aD0iMSIgaGVpZ2h0PSIxIiB4bWxucz0iaHR0cDovL3d3dy53My5vcmcvMjAwMC9zdmciPjwvc3ZnPg==\" class=\"lazyload\" style=\"--smush-placeholder-width: 200px; --smush-placeholder-aspect-ratio: 200\/80;\" \/><\/td>\n<\/tr>\n<tr>\n<td style=\"text-align: left; padding: 0px 30px 30px 30px; background-color: #f3f3f3;\">\n<div id=\"conclusion\" class=\"retitle\">\n<h4>Conclusioni<span class=\"score\"> 9.2\/10 <img decoding=\"async\" class=\"usr lazyload\" data-src=\"https:\/\/www.realforexreviews.com\/wp-content\/plugins\/universal-star-rating\/includes\/image.php?img=06.png&amp;px=20&amp;max=5&amp;rat=4.6\" alt=\"4.6 out of 5 stars\" style=\"height: 20px !important;\" src=\"data:image\/svg+xml;base64,PHN2ZyB3aWR0aD0iMSIgaGVpZ2h0PSIxIiB4bWxucz0iaHR0cDovL3d3dy53My5vcmcvMjAwMC9zdmciPjwvc3ZnPg==\" \/><\/span><\/h4>\n<\/div>\n<p>Quello che rende Plus500 diverso dagli altri broker del settore \u00e8 il fatto che \u00e8 stato in grado di sviluppare una piattaforma molto stabile, cosa a cui la maggior parte dei trader ambisce solamente.<\/p>\n<p>\u00c8 molto semplice da utilizzare e semplifica l\u2019intero processo del trading valutario online, inoltre gli spread competitivi e la buona gamma di strumenti di trading rende questo broker l\u2019ideale anche per i trader pi\u00f9 esperti.<\/p>\n<p>Nonostante la mancanza di un servizio di supporto via telefono e live chat, il supporto via email \u00e8 molto reattivo e gestisce pressoch\u00e8 tutte le richieste e domande dei clienti con facilit\u00e0.<\/p>\n<p>Non sorprende se altri broker cercano di seguire il loro modello di business, dal momento che \u00e8 evidente che questo li ha resi un gruppo di successo e soprattuto credibile del settore.<\/p>\n<p>In generale Plus500 ha ottenuto ottimi punteggi per quanto riguarda i parametri chiave ed \u00e8 altamente raccomandato da Real Forex Reviews.<\/p>\n<p>&nbsp;<\/p>\n<p><center><a class=\"open\" href=\"\/regIT\/plus500\" target=\"_blank\" rel=\"nofollow noopener noreferrer\">Visita il sito!<\/a><\/center><\/td>\n<\/tr>\n<\/tbody>\n<\/table>\n<span class=\"cfdservice\">84% di conti di investitori al dettaglio che perdono denaro a causa delle negoziazioni in CFD con questo fornitore. Valuti se pu\u00f2 permettersi di correre questo alto rischio di perdere il Suo denaro.<\/span>\n<p>&nbsp;[\/vc_column_text][\/vc_column][\/vc_row]<\/p>\n","protected":false},"excerpt":{"rendered":"[vc_row][vc_column][vc_column_text] Compila il modulo sottostante per iscriverti gratuitamente!&nbsp; Introduzione o Salta contenuti e Leggere il Bottom Line! Plus500 \u00e8 un broker di CFD fondato nel 2008, autorizzato e regolamentato dalla Financial Conduct Authority (FCA). Questo broker \u00e8 conosciuto ampiamente per la sua piattaforma di trading sviluppata in-house e innvoativa, dove i trader posono scegliere tra [&hellip;]","protected":false},"author":57,"featured_media":52976,"parent":362,"menu_order":0,"comment_status":"open","ping_status":"closed","template":"","meta":{"_acf_changed":false,"footnotes":""},"class_list":["post-367","page","type-page","status-publish","has-post-thumbnail","hentry"],"acf":[],"aioseo_notices":[],"_links":{"self":[{"href":"https:\/\/www.realforexreviews.com\/it\/wp-json\/wp\/v2\/pages\/367","targetHints":{"allow":["GET"]}}],"collection":[{"href":"https:\/\/www.realforexreviews.com\/it\/wp-json\/wp\/v2\/pages"}],"about":[{"href":"https:\/\/www.realforexreviews.com\/it\/wp-json\/wp\/v2\/types\/page"}],"author":[{"embeddable":true,"href":"https:\/\/www.realforexreviews.com\/it\/wp-json\/wp\/v2\/users\/57"}],"replies":[{"embeddable":true,"href":"https:\/\/www.realforexreviews.com\/it\/wp-json\/wp\/v2\/comments?post=367"}],"version-history":[{"count":32,"href":"https:\/\/www.realforexreviews.com\/it\/wp-json\/wp\/v2\/pages\/367\/revisions"}],"predecessor-version":[{"id":72300,"href":"https:\/\/www.realforexreviews.com\/it\/wp-json\/wp\/v2\/pages\/367\/revisions\/72300"}],"up":[{"embeddable":true,"href":"https:\/\/www.realforexreviews.com\/it\/wp-json\/wp\/v2\/pages\/362"}],"wp:featuredmedia":[{"embeddable":true,"href":"https:\/\/www.realforexreviews.com\/it\/wp-json\/wp\/v2\/media\/52976"}],"wp:attachment":[{"href":"https:\/\/www.realforexreviews.com\/it\/wp-json\/wp\/v2\/media?parent=367"}],"curies":[{"name":"wp","href":"https:\/\/api.w.org\/{rel}","templated":true}]}}