{"id":376,"date":"2015-02-25T10:30:31","date_gmt":"2015-02-25T10:30:31","guid":{"rendered":"https:\/\/new.realforexreviews.com\/?page_id=376"},"modified":"2022-07-05T13:32:17","modified_gmt":"2022-07-05T13:32:17","slug":"plus500","status":"publish","type":"page","link":"https:\/\/www.realforexreviews.com\/it\/piattaforma-recensioni\/plus500","title":{"rendered":"Valutazione Piattaforma Plus500 2021"},"content":{"rendered":"<p>[vc_row][vc_column][vc_column_text]<\/p>\n<div class=\"retitle\">\n<h4>Elementi visivi<span class=\"score\"> 9\/10 <img decoding=\"async\" class=\"usr lazyload\" data-src=\"https:\/\/www.realforexreviews.com\/wp-content\/plugins\/universal-star-rating\/includes\/image.php?img=06.png&amp;px=20&amp;max=5&amp;rat=4.5\" alt=\"4.5 out of 5 stars\" style=\"height: 20px !important;\" src=\"data:image\/svg+xml;base64,PHN2ZyB3aWR0aD0iMSIgaGVpZ2h0PSIxIiB4bWxucz0iaHR0cDovL3d3dy53My5vcmcvMjAwMC9zdmciPjwvc3ZnPg==\" \/><\/span><\/h4>\n<\/div>\n<p>L\u2019interfaccia utente non sar\u00e0 ricca di grafici, ma si tratta di un ottimo vantaggio per i trader, in quanto potrebbero solamente creare motivo di distrazione e ritardi nella piattaforma.<\/p>\n<p>Non sar\u00e0 la piattaforma pi\u00f9 attraente del settore dal punto di vista visivo, ma il suo design semplice la rende ancora pi\u00f9 coinvolgente.<\/p>\n<p>Anche la scelta dei colori \u00e8 stata perfetta per quanto riguarda gli elementi, dato che il motivo blu chiaro attira facilemente l\u2019attenzione.<\/p>\n<div id=\"attachment_47476\" style=\"width: 1290px\" class=\"wp-caption aligncenter\"><a href=\"\/regIT\/plus500\" target=\"_blank\" rel=\"noopener noreferrer\"><img fetchpriority=\"high\" decoding=\"async\" aria-describedby=\"caption-attachment-47476\" class=\"size-full wp-image-47476\" src=\"https:\/\/www.realforexreviews.com\/wp-content\/smush-webp\/2019\/09\/Plus500-Web-Trader-platform.jpg.webp\" alt=\"Piattaforma WebTrader Plus500\" width=\"1280\" height=\"1024\" srcset=\"https:\/\/www.realforexreviews.com\/wp-content\/smush-webp\/2019\/09\/Plus500-Web-Trader-platform.jpg.webp 1280w, https:\/\/www.realforexreviews.com\/wp-content\/smush-webp\/2019\/09\/Plus500-Web-Trader-platform-300x240.jpg.webp 300w, https:\/\/www.realforexreviews.com\/wp-content\/smush-webp\/2019\/09\/Plus500-Web-Trader-platform-768x614.jpg.webp 768w, https:\/\/www.realforexreviews.com\/wp-content\/smush-webp\/2019\/09\/Plus500-Web-Trader-platform-1024x819.jpg.webp 1024w\" sizes=\"(max-width: 1280px) 100vw, 1280px\" \/><\/a><p id=\"caption-attachment-47476\" class=\"wp-caption-text\">Piattaforma WebTrader Plus500<\/p><\/div>\n<p><center><span class=\"cfdservice\">Prezzi mostrati sono solo a scopo illustrativo.<\/span><\/center>[\/vc_column_text][vc_column_text]<\/p>\n<div class=\"retitle\">\n<h4>Grafici<span class=\"score\"> 9\/10 <img decoding=\"async\" class=\"usr lazyload\" data-src=\"https:\/\/www.realforexreviews.com\/wp-content\/plugins\/universal-star-rating\/includes\/image.php?img=06.png&amp;px=20&amp;max=5&amp;rat=5\" alt=\"5 out of 5 stars\" style=\"height: 20px !important;\" src=\"data:image\/svg+xml;base64,PHN2ZyB3aWR0aD0iMSIgaGVpZ2h0PSIxIiB4bWxucz0iaHR0cDovL3d3dy53My5vcmcvMjAwMC9zdmciPjwvc3ZnPg==\" \/><\/span><\/h4>\n<\/div>\n<p>Incluso nella piattaforma di trading c\u2019\u00e8 il software per i grafici, disponibile per ogni asset presente sulla piattaforma stessa.<\/p>\n<p>Esiste l\u2019opzione che permette di mostrare i grafici in formato lineare o a candeliere, utile per l\u2019analisi tecnica.<\/p>\n<p>Si possono visualizzare in modo semplice anche i dettagli pi\u00f9 piccoli, tramite i pulsanti zoom + e zoom \u2013 presenti sui grafici. \u00c8 disponibile inoltre una vasta gamma di intervalli temporali tra cui scegliere, basta cliccare sul men\u00f9 a tendina situato sul margine superiore sinistro del grafico.<\/p>\n<p>Ci\u00f2 che manca, tuttavia, \u00e8 la possibilit\u00e0 di visualizzare sullo schermo pi\u00f9 di un grafico o tabella in modo simultaneo, ma si tratta di un problema relativo.<\/p>\n<div style=\"width: 1206px\" class=\"wp-caption aligncenter\"><a href=\"\/regIT\/plus500\"><img decoding=\"async\" class=\"size-full lazyload\" data-src=\"\/wp-content\/images\/reviews\/plus500plat\/pic3.jpg\" alt=\"Plus500 grafici\" width=\"1196\" height=\"427\" src=\"data:image\/svg+xml;base64,PHN2ZyB3aWR0aD0iMSIgaGVpZ2h0PSIxIiB4bWxucz0iaHR0cDovL3d3dy53My5vcmcvMjAwMC9zdmciPjwvc3ZnPg==\" style=\"--smush-placeholder-width: 1196px; --smush-placeholder-aspect-ratio: 1196\/427;\" \/><\/a><p class=\"wp-caption-text\">Plus500 grafici<\/p><\/div>\n<p><center><span class=\"cfdservice\">Prezzi mostrati sono solo a scopo illustrativo.<\/span><\/center>[\/vc_column_text][vc_column_text]<\/p>\n<div class=\"retitle\">\n<h4>Navigazione<span class=\"score\"> 8\/10 <img decoding=\"async\" class=\"usr lazyload\" data-src=\"https:\/\/www.realforexreviews.com\/wp-content\/plugins\/universal-star-rating\/includes\/image.php?img=06.png&amp;px=20&amp;max=5&amp;rat=4\" alt=\"4 out of 5 stars\" style=\"height: 20px !important;\" src=\"data:image\/svg+xml;base64,PHN2ZyB3aWR0aD0iMSIgaGVpZ2h0PSIxIiB4bWxucz0iaHR0cDovL3d3dy53My5vcmcvMjAwMC9zdmciPjwvc3ZnPg==\" \/><\/span><\/h4>\n<\/div>\n<p>Navigare all\u2019interno della piattaforma non \u00e8 un problema grazie al layout e alla struttura semplificati. Le 4 sezioni in alto, che includono gli script di trading, le posizioni aperte, gli ordini e le posizioni chiuse, sono semplici da identificare e riconoscere.<\/p>\n<p>Gli script di trading si trovano sulla sinistra e in basso \u00e8 situato il riassunto del conto, con il capitale a disposizione, patrimonio e profit\/loss.<\/p>\n<p>Inoltre c\u2019\u00e8 un pulsante per passare dal conto demo al conto reale, nel caso i trader abbiano bisogno di fare pratica.<\/p>\n<p>La colonna pi\u00f9 grande sulla destra include gli strumenti che presentano le opzioni buy (acquista) e sell (vendi), mentre in basso si trovano i grafici e gli indicatori tecnici.[\/vc_column_text][vc_column_text]<\/p>\n<div class=\"retitle\">\n<h4>Tracciamento conto<span class=\"score\"> 10\/10 <img decoding=\"async\" class=\"usr lazyload\" data-src=\"https:\/\/www.realforexreviews.com\/wp-content\/plugins\/universal-star-rating\/includes\/image.php?img=06.png&amp;px=20&amp;max=5&amp;rat=5\" alt=\"5 out of 5 stars\" style=\"height: 20px !important;\" src=\"data:image\/svg+xml;base64,PHN2ZyB3aWR0aD0iMSIgaGVpZ2h0PSIxIiB4bWxucz0iaHR0cDovL3d3dy53My5vcmcvMjAwMC9zdmciPjwvc3ZnPg==\" \/><\/span><\/h4>\n<\/div>\n<p>Plus500 possiede un sistema di tracciamento del conto completo, che elenca tutte le transazioni che sono state effettuate utilizzando il conto e tutti i dettagli importanti di tali operazioni.<\/p>\n<p>Le posizioni aperte possono essere visualizzate accedendo alla seconda sezione, ed \u00e8 possibile chiudere o modificare una posizione direttamente da tale finestra.<\/p>\n<p>Gli ordini e le posizioni chiuse possono invece essere visualizzati accedendo rispettivamente alla terza e quarta sezione.<\/p>\n<div style=\"width: 1288px\" class=\"wp-caption aligncenter\"><a href=\"\/regIT\/plus500\"><img decoding=\"async\" class=\"size-full lazyload\" data-src=\"\/wp-content\/images\/reviews\/plus500plat\/pic4.jpg\" alt=\"Plus500 tracciamento conto\" width=\"1278\" height=\"422\" src=\"data:image\/svg+xml;base64,PHN2ZyB3aWR0aD0iMSIgaGVpZ2h0PSIxIiB4bWxucz0iaHR0cDovL3d3dy53My5vcmcvMjAwMC9zdmciPjwvc3ZnPg==\" style=\"--smush-placeholder-width: 1278px; --smush-placeholder-aspect-ratio: 1278\/422;\" \/><\/a><p class=\"wp-caption-text\">Plus500 tracciamento conto<\/p><\/div>\n<p><center><span class=\"cfdservice\">Prezzi mostrati sono solo a scopo illustrativo.<\/span><\/center>[\/vc_column_text][vc_column_text]<\/p>\n<table width=\"100%\">\n<tbody>\n<tr>\n<td style=\"background-image:inherit; background-repeat: no-repeat; background-position: left;\" height=\"200\" data-bg-image=\"url(&#039;https:\/\/www.realforexreviews.com\/wp-content\/smush-webp\/2020\/03\/trading-background2.jpg.webp&#039;)\" class=\"lazyload\"><img decoding=\"async\" data-src=\"\/wp-content\/images\/header\/plus500.png\" alt=\"Plus500 logo\" src=\"data:image\/svg+xml;base64,PHN2ZyB3aWR0aD0iMSIgaGVpZ2h0PSIxIiB4bWxucz0iaHR0cDovL3d3dy53My5vcmcvMjAwMC9zdmciPjwvc3ZnPg==\" class=\"lazyload\" style=\"--smush-placeholder-width: 200px; --smush-placeholder-aspect-ratio: 200\/80;\" \/><\/td>\n<\/tr>\n<tr>\n<td style=\"text-align: left; padding: 0px 30px 30px 30px; background-color: #f3f3f3;\">\n<div id=\"conclusion\" class=\"retitle\">\n<h4>Conclusioni <span class=\"score\">9.43\/10 <img decoding=\"async\" class=\"usr lazyload\" data-src=\"https:\/\/www.realforexreviews.com\/wp-content\/plugins\/universal-star-rating\/includes\/image.php?img=06.png&amp;px=20&amp;max=5&amp;rat=4.7\" alt=\"4.7 out of 5 stars\" style=\"height: 20px !important;\" src=\"data:image\/svg+xml;base64,PHN2ZyB3aWR0aD0iMSIgaGVpZ2h0PSIxIiB4bWxucz0iaHR0cDovL3d3dy53My5vcmcvMjAwMC9zdmciPjwvc3ZnPg==\" \/><\/span><\/h4>\n<\/div>\n<p>Plus500 \u00e8 un fornitore di servizi CFD che ha colto appieno l&#8217;opportunit\u00e0 di creare la propria piattaforma proprietaria con molte funzioni utili.<\/p>\n<p>Grazie ad un\u2019interfaccia intuitiva e semplice da utilizzare, un software per grafici eccezionale, un conto demo illimitato e un sistema di tracciamento del conto completo, posso assolutamente confermare che sono stati in grado di dare vita ad una soluzione completa per i trader che hanno come obiettivo il forex.<\/p>\n<p>Si tratta in definitiva di una piattaforma ricca di funzioni, davvero difficile da superare.<\/p>\n<p>&nbsp;<\/p>\n<p><center><a class=\"open\" href=\"\/regIT\/plus500\" target=\"_blank\" rel=\"nofollow noopener noreferrer\">Visita il sito!<\/a><\/center><\/td>\n<\/tr>\n<\/tbody>\n<\/table>\n<p><span class=\"cfdservice\">84% di conti di investitori al dettaglio che perdono denaro a causa delle negoziazioni in CFD con questo fornitore. Valuti se pu\u00f2 permettersi di correre questo alto rischio di perdere il Suo denaro.<\/span>[\/vc_column_text][\/vc_column][\/vc_row][vc_row][vc_column][\/vc_column][\/vc_row]<\/p>\n","protected":false},"excerpt":{"rendered":"[vc_row][vc_column][vc_column_text] Elementi visivi 9\/10 L\u2019interfaccia utente non sar\u00e0 ricca di grafici, ma si tratta di un ottimo vantaggio per i trader, in quanto potrebbero solamente creare motivo di distrazione e ritardi nella piattaforma. Non sar\u00e0 la piattaforma pi\u00f9 attraente del settore dal punto di vista visivo, ma il suo design semplice la rende ancora pi\u00f9 [&hellip;]","protected":false},"author":57,"featured_media":0,"parent":374,"menu_order":0,"comment_status":"open","ping_status":"closed","template":"","meta":{"_acf_changed":false,"footnotes":""},"class_list":["post-376","page","type-page","status-publish","hentry"],"acf":[],"aioseo_notices":[],"_links":{"self":[{"href":"https:\/\/www.realforexreviews.com\/it\/wp-json\/wp\/v2\/pages\/376","targetHints":{"allow":["GET"]}}],"collection":[{"href":"https:\/\/www.realforexreviews.com\/it\/wp-json\/wp\/v2\/pages"}],"about":[{"href":"https:\/\/www.realforexreviews.com\/it\/wp-json\/wp\/v2\/types\/page"}],"author":[{"embeddable":true,"href":"https:\/\/www.realforexreviews.com\/it\/wp-json\/wp\/v2\/users\/57"}],"replies":[{"embeddable":true,"href":"https:\/\/www.realforexreviews.com\/it\/wp-json\/wp\/v2\/comments?post=376"}],"version-history":[{"count":8,"href":"https:\/\/www.realforexreviews.com\/it\/wp-json\/wp\/v2\/pages\/376\/revisions"}],"predecessor-version":[{"id":72316,"href":"https:\/\/www.realforexreviews.com\/it\/wp-json\/wp\/v2\/pages\/376\/revisions\/72316"}],"up":[{"embeddable":true,"href":"https:\/\/www.realforexreviews.com\/it\/wp-json\/wp\/v2\/pages\/374"}],"wp:attachment":[{"href":"https:\/\/www.realforexreviews.com\/it\/wp-json\/wp\/v2\/media?parent=376"}],"curies":[{"name":"wp","href":"https:\/\/api.w.org\/{rel}","templated":true}]}}