{"id":463,"date":"2020-03-26T10:44:05","date_gmt":"2020-03-26T10:44:05","guid":{"rendered":"https:\/\/new.realforexreviews.com\/?page_id=463"},"modified":"2020-12-26T08:49:04","modified_gmt":"2020-12-26T08:49:04","slug":"ironfx","status":"publish","type":"page","link":"https:\/\/www.realforexreviews.com\/it\/brokers\/ironfx","title":{"rendered":"Recensione del Broker IronFX 2021"},"content":{"rendered":"[vc_row][vc_column][vc_column_text]\r\n\r\n&nbsp;\r\n\r\n<div id=\"end\" class=\"retitle\">\r\n<h4>Introduzione <a class=\"readbottomline\" href=\"#conclusion\">o Salta contenuti e Leggere il Bottom Line!<\/a><\/h4>\r\n<\/div>\r\n\r\nIronFX \u00e8 stato fondato nel 2010 ed \u00e8 autorizzato e regolamentato dalla Financial Conduct Authority nel Regno Unito, dalla Securities and Investments Commission australiana, dalla Financial Services Board in Sud Africa, dalla Financial Service Providers Register in Nuova Zelanda, dal centro per OTC Financial Instruments and Technologies Development ucraino e dal Markets in Financial Instruments Directive in Europa.\r\n\r\nMarchio del gruppo IronFX Global con sede a Cipro, questa societ\u00e0 ha come obiettivo quello di offrire ai propri clienti un\u2019esperienza di trading sicura e superiore, ma sono davvero in grado di raggiungere tale obiettivo?\r\n\r\n&nbsp;\r\n\r\n<table class=\"shadow\" border=\"1\" width=\"70%\" cellspacing=\"0\" cellpadding=\"5\" align=\"center\">\r\n<tbody>\r\n<tr>\r\n<td style=\"background: #336181 none repeat scroll 0% 0%; border-top-left-radius: 10px; border-top-right-radius: 10px; border: 1px solid #fff;\" colspan=\"2\" valign=\"top\"><center><span style=\"color: #fff;\"><strong>Recensione IronFX<\/strong><\/span><\/center><\/td>\r\n<\/tr>\r\n<tr>\r\n<td width=\"230\">Fondato<\/td>\r\n<td width=\"230\">2010<\/td>\r\n<\/tr>\r\n<tr>\r\n<td width=\"230\">Piattaforma<\/td>\r\n<td width=\"230\">MT4 (PC, Mac, Mobile, Tablet), Multi-Account Manager (PMAM), WebTrader 4, Social Trader (Web, Mobile, Tablet), AutoTrade<\/td>\r\n<\/tr>\r\n<tr>\r\n<td width=\"230\">Deposito minimo<\/td>\r\n<td width=\"230\">\u20ac100<\/td>\r\n<\/tr>\r\n<tr>\r\n<td width=\"230\">Dimensione minima del lotto<\/td>\r\n<td width=\"230\">0.01<\/td>\r\n<\/tr>\r\n<tr>\r\n<td width=\"230\">Asset con cui operare<\/td>\r\n<td width=\"230\">Prodotti forex, metalli spot, future e azioni<\/td>\r\n<\/tr>\r\n<tr>\r\n<td width=\"230\">Margine massimo<\/td>\r\n<td width=\"230\">1:500<\/td>\r\n<\/tr>\r\n<tr>\r\n<td width=\"230\">Spread EUR\/USD<\/td>\r\n<td width=\"230\">0.7 pip<\/td>\r\n<\/tr>\r\n<tr>\r\n<td width=\"230\">Metodi di pagamento<\/td>\r\n<td width=\"230\">Visa, bonifico bancario, Skrill, Neteller, WebMoney, QIWI, YandexMoney, M.O.T.O, OKPay, Fasapay<\/td>\r\n<\/tr>\r\n<tr>\r\n<td width=\"230\">Conto demo<\/td>\r\n<td width=\"230\">S\u00ec<\/td>\r\n<\/tr>\r\n<tr>\r\n<td width=\"230\">Accetta clienti italiani<\/td>\r\n<td width=\"230\">S\u00ec<\/td>\r\n<\/tr>\r\n<tr>\r\n<td width=\"230\">Regolamentato<\/td>\r\n<td width=\"230\">FCA (Regno Unito), ASIC (Australia), FSB (Sud Africa), FSPR (Nuova Zelanda), CRFIN (Russia), UCRFIN (Ucraina), CySEC (Cipro), MiFID (Europa)<\/td>\r\n<\/tr>\r\n<tr>\r\n<td width=\"230\">Supporto clienti<\/td>\r\n<td width=\"230\">Email, Telefono, Chat dal vivo<\/td>\r\n<\/tr>\r\n<tr>\r\n<td width=\"230\">Sito internet<\/td>\r\n<td width=\"230\"><a href=\"\/regIT\/ironfx\">www.ironfx.com<\/a><\/td>\r\n<\/tr>\r\n<\/tbody>\r\n<\/table>\r\n&nbsp;\r\n\r\n<center><a href=\"\/regIT\/ironfx\" class=\"open\" target=\"_blank\" rel=\"nofollow noopener noreferrer\">Visita il sito<\/a><\/center>\r\n\r\n&nbsp;\r\n\r\n\r\n<div class=\"retitle\">\r\n<h4>Piattaforma<span class=\"score\"> 7\/10 <img decoding=\"async\" class=\"usr lazyload\" data-src=\"https:\/\/www.realforexreviews.com\/wp-content\/plugins\/universal-star-rating\/includes\/image.php?img=06.png&amp;px=20&amp;max=5&amp;rat=3.5\" alt=\"3.5 out of 5 stars\" style=\"height: 20px !important;\" src=\"data:image\/svg+xml;base64,PHN2ZyB3aWR0aD0iMSIgaGVpZ2h0PSIxIiB4bWxucz0iaHR0cDovL3d3dy53My5vcmcvMjAwMC9zdmciPjwvc3ZnPg==\" \/><\/span><\/h4>\r\n<\/div>\r\n\r\nIronFX utilizza le potenti piattaforme MetaTrader 4 e MetaTrader 5, per sistemi operativi Windows e Mac, mentre la versione mobile \u00e8 compatibile con dispositivi Blackberry, Android e iOS.   Inoltre offrono una piattaforma personalizzata per la gestione di conti multipli, che permette di gestire e operare con diversi conti MT4 simultaneamente.  Vi \u00e8 anche una piattaforma WebTrader sviluppata in-house che permette di accedere a conti di trading con prodotti multipli, che presenta una serie di funzioni personalizzate. Questa offerta di strumenti tecnologici e opzioni porta IronFX a guadagnare un <strong>punteggio di 7 per la piattaforma. <\/strong>\r\n\r\n<div class=\"retitle\">\r\n<h4>Design<span class=\"score\"> 8\/10 <img decoding=\"async\" class=\"usr lazyload\" data-src=\"https:\/\/www.realforexreviews.com\/wp-content\/plugins\/universal-star-rating\/includes\/image.php?img=06.png&amp;px=20&amp;max=5&amp;rat=4\" alt=\"4 out of 5 stars\" style=\"height: 20px !important;\" src=\"data:image\/svg+xml;base64,PHN2ZyB3aWR0aD0iMSIgaGVpZ2h0PSIxIiB4bWxucz0iaHR0cDovL3d3dy53My5vcmcvMjAwMC9zdmciPjwvc3ZnPg==\" \/><\/span><\/h4>\r\n<\/div>\r\n\r\nLa piattaforma ha un design molto semplice e basilare. Questo \u00e8 in realt\u00e0 un vantaggio, dal momento che ho trovato il software molto reattivo a tutti i miei comandi e clic. La navigazione \u00e8 piuttosto semplice ed \u00e8 stato immediato aprire le diverse operazioni. Tutto quello di cui avevo bisogno era presente sulla schermata principale, incluse le posizioni aperte. Per questo IronFX si merita un <strong>punteggio di 8 per il design.<\/strong>\r\n\r\n<a href=\"\/regIT\/ironfx\" target=\"_blank\" rel=\"nofollow noopener noreferrer\"><img decoding=\"async\" data-src=\"\/wp-content\/images\/reviews\/ironfx\/pic1.jpg\" class=\"aligncenter img-responsive lazyload\" alt=\"ironfx platform\" src=\"data:image\/svg+xml;base64,PHN2ZyB3aWR0aD0iMSIgaGVpZ2h0PSIxIiB4bWxucz0iaHR0cDovL3d3dy53My5vcmcvMjAwMC9zdmciPjwvc3ZnPg==\" style=\"--smush-placeholder-width: 1278px; --smush-placeholder-aspect-ratio: 1278\/1036;\"><\/a>\r\n\r\n<div class=\"retitle\">\r\n<h4>Deposito minimo<span class=\"score\"> 8\/10 <img decoding=\"async\" class=\"usr lazyload\" data-src=\"https:\/\/www.realforexreviews.com\/wp-content\/plugins\/universal-star-rating\/includes\/image.php?img=06.png&amp;px=20&amp;max=5&amp;rat=4\" alt=\"4 out of 5 stars\" style=\"height: 20px !important;\" src=\"data:image\/svg+xml;base64,PHN2ZyB3aWR0aD0iMSIgaGVpZ2h0PSIxIiB4bWxucz0iaHR0cDovL3d3dy53My5vcmcvMjAwMC9zdmciPjwvc3ZnPg==\" \/><\/span><\/h4>\r\n<\/div>\r\n\r\nI conti Micro e Zero Fixed Spread richiedono un deposito di \u20ac500, mentre i conti Premium e VIP necessitano rispettivamente almeno \u20ac2.500 e \u20ac20.000. Queste cifre possono essere un po&#8217; elevate, ma per i trader pi\u00f9 seri questo non rappresenta un grosso problema, dato che utilizzano comunque queste cifre nel lungo termine. Tra le altre promozioni degne di nota troviamo il programma Deposit &#038; Trade, che permette a clienti nuovi o gi\u00e0 registrati di ricevere gratuitamente un iPad Air o iPhone5S, oltre alla propria carta prepagata che pu\u00f2 essere utilizzata in oltre 200 paesi in qualsiasi sportello bancario.  Per questa ragione assegno un <strong>punteggio di 8 per il criterio deposito minimo.<\/strong>\r\n\r\n<div class=\"retitle\">\r\n<h4>Dimensione minima del lotto<span class=\"score\"> 10\/10 <img decoding=\"async\" class=\"usr lazyload\" data-src=\"https:\/\/www.realforexreviews.com\/wp-content\/plugins\/universal-star-rating\/includes\/image.php?img=06.png&amp;px=20&amp;max=5&amp;rat=5\" alt=\"5 out of 5 stars\" style=\"height: 20px !important;\" src=\"data:image\/svg+xml;base64,PHN2ZyB3aWR0aD0iMSIgaGVpZ2h0PSIxIiB4bWxucz0iaHR0cDovL3d3dy53My5vcmcvMjAwMC9zdmciPjwvc3ZnPg==\" \/><\/span><\/h4>\r\n<\/div>\r\n\r\nLa dimensione minima del lotto accettata \u00e8 di 0.01 per i conti Zero Fixed Spread e Micro, mentre per i conti Premium e VIP \u00e8 pi\u00f9 alta, pari a 0.1. Questi valori riducono senza dubbio i rischi associati e le possibili perdite nel caso di movimenti di mercato sfavorevoli.  Con queste dimensioni \u00e8 possibile gestire con semplicit\u00e0 le proprie operazioni, riuscendo al tempo stesso a mantenere un certo grado di flessibilit\u00e0, per questo assegno un <strong>punteggio di 10 per il criterio dimensione minima del lotto.<\/strong>\r\n\r\n<div class=\"retitle\">\r\n<h4>Asset con cui operare<span class=\"score\"> 8\/10 <img decoding=\"async\" class=\"usr lazyload\" data-src=\"https:\/\/www.realforexreviews.com\/wp-content\/plugins\/universal-star-rating\/includes\/image.php?img=06.png&amp;px=20&amp;max=5&amp;rat=4\" alt=\"4 out of 5 stars\" style=\"height: 20px !important;\" src=\"data:image\/svg+xml;base64,PHN2ZyB3aWR0aD0iMSIgaGVpZ2h0PSIxIiB4bWxucz0iaHR0cDovL3d3dy53My5vcmcvMjAwMC9zdmciPjwvc3ZnPg==\" \/><\/span><\/h4>\r\n<\/div>\r\n\r\nIronFX offre oltre 200 asset con cui operare nel trading, tra cui prodotti forex, future, metalli spot e azioni. Questo aumenta senza dubbi i tassi di profitto, dal momento che vi \u00e8 una scelta cos\u00ec ampia di asset tra cui scegliere, e per questo motivo assegno un <strong>punteggio di 8 per il criterio asset con cui operare.<\/strong>\r\n\r\n<a href=\"\/regIT\/ironfx\" target=\"_blank\" rel=\"nofollow noopener noreferrer\"><img decoding=\"async\" data-src=\"\/wp-content\/images\/reviews\/ironfx\/pic2.jpg\" class=\"aligncenter img-responsive lazyload\" alt=\"ironfx assets\" src=\"data:image\/svg+xml;base64,PHN2ZyB3aWR0aD0iMSIgaGVpZ2h0PSIxIiB4bWxucz0iaHR0cDovL3d3dy53My5vcmcvMjAwMC9zdmciPjwvc3ZnPg==\" style=\"--smush-placeholder-width: 761px; --smush-placeholder-aspect-ratio: 761\/727;\"><\/a>\r\n\r\n<div class=\"retitle\">\r\n<h4>Spread<span class=\"score\"> 9.5\/10 <img decoding=\"async\" class=\"usr lazyload\" data-src=\"https:\/\/www.realforexreviews.com\/wp-content\/plugins\/universal-star-rating\/includes\/image.php?img=06.png&amp;px=20&amp;max=5&amp;rat=4.8\" alt=\"4.8 out of 5 stars\" style=\"height: 20px !important;\" src=\"data:image\/svg+xml;base64,PHN2ZyB3aWR0aD0iMSIgaGVpZ2h0PSIxIiB4bWxucz0iaHR0cDovL3d3dy53My5vcmcvMjAwMC9zdmciPjwvc3ZnPg==\" \/><\/span><\/h4>\r\n<\/div>\r\n\r\nI trader operano sui mercati forex perch\u00e9 questo permette loro di generare profitti considerevoli e questo pu\u00f2 essere misurato determinando il valore di spread o pip. Con IronFX la coppia EUR\/USD \u00e8 soggetta ad uno spread ristretto, pari a 0.7 pip, il che \u00e8 sicuramente meglio di molti altri spread offerti da altri broker. Un tasso del genere porta ad ottenere un <strong>punteggio di 9.5 per quanto riguarda i rendimenti. <\/strong>\r\n\r\n<div class=\"retitle\">\r\n<h4>Tempistiche di prelievo<span class=\"score\"> 9\/10 <img decoding=\"async\" class=\"usr lazyload\" data-src=\"https:\/\/www.realforexreviews.com\/wp-content\/plugins\/universal-star-rating\/includes\/image.php?img=06.png&amp;px=20&amp;max=5&amp;rat=4.5\" alt=\"4.5 out of 5 stars\" style=\"height: 20px !important;\" src=\"data:image\/svg+xml;base64,PHN2ZyB3aWR0aD0iMSIgaGVpZ2h0PSIxIiB4bWxucz0iaHR0cDovL3d3dy53My5vcmcvMjAwMC9zdmciPjwvc3ZnPg==\" \/><\/span><\/h4>\r\n<\/div>\r\n\r\nSecondo il sito di IronFX i prelievi vengono processati in 1 giorno lavorativo e altri 3-5 giorni lavorativi sono necessari per vedere apparire i fondi sul proprio conto. Durante il mio test, sono passati 4 giorni prima di ricevere i fondi sul mio conto bancario. Non ho avuto problemi e non vi erano discrepanze nell\u2019importo.  Per questa ragione assegno un <strong>\r\npunteggio per le tempistiche di prelievo di 9.<\/strong>\r\n\r\n<div class=\"retitle\">\r\n<h4>Metodi di deposito e prelievo<span class=\"score\"> 10\/10 <img decoding=\"async\" class=\"usr lazyload\" data-src=\"https:\/\/www.realforexreviews.com\/wp-content\/plugins\/universal-star-rating\/includes\/image.php?img=06.png&amp;px=20&amp;max=5&amp;rat=5\" alt=\"5 out of 5 stars\" style=\"height: 20px !important;\" src=\"data:image\/svg+xml;base64,PHN2ZyB3aWR0aD0iMSIgaGVpZ2h0PSIxIiB4bWxucz0iaHR0cDovL3d3dy53My5vcmcvMjAwMC9zdmciPjwvc3ZnPg==\" \/><\/span><\/h4>\r\n<\/div>\r\n\r\nEffettuare depositi e prelievi non sar\u00e0 mai un problema con questo broker, dal momento che accetta un\u2019ampia gamma di metodi di pagamento, tra cui carte di credito\/debito, carte di credito\/debito 3D Secure, bonifici bancari, Skrill, Neteller, WebMoney, Sofort\u00fcberweisung, bonifici bancari online, iDEAL, carta per depositi IronFX, Yandex, Qiwi, FasaPayandCashU. Questa ampia gamma mi ha permesso di scegliere tra moltissime opzioni per l\u2019invio di fondi sul mio conto, e per questo assegno un <strong>punteggio di 10 per i metodi di pagamento e prelievo. <\/strong>\r\n\r\n<a href=\"\/regIT\/ironfx\" target=\"_blank\" rel=\"nofollow noopener noreferrer\"><img decoding=\"async\" data-src=\"\/wp-content\/images\/reviews\/ironfx\/pic3.jpg\" class=\"aligncenter img-responsive lazyload\" alt=\"ironfx deposit\" src=\"data:image\/svg+xml;base64,PHN2ZyB3aWR0aD0iMSIgaGVpZ2h0PSIxIiB4bWxucz0iaHR0cDovL3d3dy53My5vcmcvMjAwMC9zdmciPjwvc3ZnPg==\" style=\"--smush-placeholder-width: 838px; --smush-placeholder-aspect-ratio: 838\/1478;\"><\/a>\r\n\r\n<div class=\"retitle\">\r\n<h4>Supporto clienti<span class=\"score\"> 8.2\/10 <img decoding=\"async\" class=\"usr lazyload\" data-src=\"https:\/\/www.realforexreviews.com\/wp-content\/plugins\/universal-star-rating\/includes\/image.php?img=06.png&amp;px=20&amp;max=5&amp;rat=4.1\" alt=\"4.1 out of 5 stars\" style=\"height: 20px !important;\" src=\"data:image\/svg+xml;base64,PHN2ZyB3aWR0aD0iMSIgaGVpZ2h0PSIxIiB4bWxucz0iaHR0cDovL3d3dy53My5vcmcvMjAwMC9zdmciPjwvc3ZnPg==\" \/><\/span><\/h4>\r\n<\/div>\r\n\r\nIl team di supporto di IronFX ha sedi in tutto il mondo, con numeri dedicati, fax e indirizzi email per gli uffici di Londra, Hong Kong, Sydney, Shanghai, Shenzhen, Shenyang, Francoforte, Madrid, Varsavia, Lisbona, Praga, Budapest, Atene, Kiev, Mosca, San Pietroburgo, Mumbai, Jakarta, Manila, Ho Chi Minh City, Kuala Lumpur, Baku, Lagos, Johannesburg, Auckland, San Paolo, Buenos Aires, Lima, Santiago, Montevideo, Dubai e Limassol. Ero per lo pi\u00f9 interessato alla live chat, per il solo motivo che rappresenta il metodo di comunicazione pi\u00f9 semplice e qui di seguito \u00e8 riportato il mio commento sulla conversazione avuta:\r\n\r\n<a href=\"\/regIT\/ironfx\" target=\"_blank\" rel=\"nofollow noopener noreferrer\"><img decoding=\"async\" data-src=\"\/wp-content\/images\/reviews\/ironfx\/pic4.jpg\" class=\"aligncenter img-responsive lazyload\" alt=\"ironfx support\" src=\"data:image\/svg+xml;base64,PHN2ZyB3aWR0aD0iMSIgaGVpZ2h0PSIxIiB4bWxucz0iaHR0cDovL3d3dy53My5vcmcvMjAwMC9zdmciPjwvc3ZnPg==\" style=\"--smush-placeholder-width: 1181px; --smush-placeholder-aspect-ratio: 1181\/1075;\"><\/a>\r\n\r\nIn generale la conversazione \u00e8 stata tranquilla, e tutte le domande che ho posto hanno ricevuto risposte dettagliate.  L\u2019agente di supporto \u00e8 stato molto amichevole e le sue risposte sono state molto chiare. Il tempo di risposta \u00e8 stato anche questo rapido e non ho mai dovuto aspettare, il che \u00e8 una notizia positiva, soprattutto per coloro che desiderano soluzioni immediate.  In generale, assegno un <strong>punteggio di 8.2 per il criterio supporto clienti.<\/strong>\r\n\r\n<div class=\"retitle\">\r\n<h4>Accuratezza delle quotazioni<span class=\"score\"> 10\/10 <img decoding=\"async\" class=\"usr lazyload\" data-src=\"https:\/\/www.realforexreviews.com\/wp-content\/plugins\/universal-star-rating\/includes\/image.php?img=06.png&amp;px=20&amp;max=5&amp;rat=5\" alt=\"5 out of 5 stars\" style=\"height: 20px !important;\" src=\"data:image\/svg+xml;base64,PHN2ZyB3aWR0aD0iMSIgaGVpZ2h0PSIxIiB4bWxucz0iaHR0cDovL3d3dy53My5vcmcvMjAwMC9zdmciPjwvc3ZnPg==\" \/><\/span><\/h4>\r\n<\/div>\r\n\r\nIronFX dichiara di offrire esecuzioni istantanee, senza slippage o riquotazioni, quindi per essere certo di ci\u00f2 ho fatto un paio di prove. Straordinario! Non ho mai perso l\u2019opportunit\u00e0 di eseguire delle buone operazioni, il che significa che le quotazioni offerte sono molto accurate. Per questo IronFX si merita un <strong>punteggio di 10 per quanto riguarda l\u2019accuratezza delle quotazioni.<\/strong>\r\n\r\n<div class=\"retitle\">\r\n<h4>Credibilit\u00e0<span class=\"score\"> 8\/10 <img decoding=\"async\" class=\"usr lazyload\" data-src=\"https:\/\/www.realforexreviews.com\/wp-content\/plugins\/universal-star-rating\/includes\/image.php?img=06.png&amp;px=20&amp;max=5&amp;rat=4\" alt=\"4 out of 5 stars\" style=\"height: 20px !important;\" src=\"data:image\/svg+xml;base64,PHN2ZyB3aWR0aD0iMSIgaGVpZ2h0PSIxIiB4bWxucz0iaHR0cDovL3d3dy53My5vcmcvMjAwMC9zdmciPjwvc3ZnPg==\" \/><\/span><\/h4>\r\n<\/div>\r\n\r\nIronFX \u00e8 autorizzato e regolamentato dalla Financial Conduct Authority nel Regno Unito, dalla Securities and Investments Commission Australiana, dalla Financial Services Board in Sud Africa, dalla Financial Service Providers Register in Nuova Zelanda, dal centro per OTC Financial Instruments and Technologies Development ucraino e dal Markets in Financial Instruments Directive in Europa. Questa \u00e8 un\u2019ottima cosa per i trader, dato che questo significa che la societ\u00e0 \u00e8 monitorata di continuo per verificare che soddisfi e rispetti le leggi e i regolamenti imposti da queste autorit\u00e0 finanziarie. \r\n\r\nLa maggior parte dei commenti rilasciati dai trader forex sono positivi e non sono stati riportati problemi particolarmente rilevanti per quanto riguarda il servizio clienti e le tempistiche per i prelievi.  I commenti negativi sono davvero marginali e la maggior parte dei problemi riportati sono stati risolti.  Per questa ragione mi sento di assegnare un <strong>punteggio di 8 per la reputazione.<\/strong>\r\n\r\n<a href=\"\/regIT\/ironfx\" target=\"_blank\" rel=\"nofollow noopener noreferrer\"><img decoding=\"async\" data-src=\"\/wp-content\/images\/reviews\/ironfx\/pic5.jpg\" class=\"aligncenter img-responsive lazyload\" alt=\"ironfx reputation\" src=\"data:image\/svg+xml;base64,PHN2ZyB3aWR0aD0iMSIgaGVpZ2h0PSIxIiB4bWxucz0iaHR0cDovL3d3dy53My5vcmcvMjAwMC9zdmciPjwvc3ZnPg==\" style=\"--smush-placeholder-width: 643px; --smush-placeholder-aspect-ratio: 643\/199;\"><\/a>\r\n<a href=\"\/regIT\/ironfx\" target=\"_blank\" rel=\"nofollow noopener noreferrer\"><img decoding=\"async\" data-src=\"\/wp-content\/images\/reviews\/ironfx\/pic6.jpg\" class=\"aligncenter img-responsive lazyload\" alt=\"ironfx reputation\" src=\"data:image\/svg+xml;base64,PHN2ZyB3aWR0aD0iMSIgaGVpZ2h0PSIxIiB4bWxucz0iaHR0cDovL3d3dy53My5vcmcvMjAwMC9zdmciPjwvc3ZnPg==\" style=\"--smush-placeholder-width: 706px; --smush-placeholder-aspect-ratio: 706\/458;\"><\/a>\r\n<a href=\"\/regIT\/ironfx\" target=\"_blank\" rel=\"nofollow noopener noreferrer\"><img decoding=\"async\" data-src=\"\/wp-content\/images\/reviews\/ironfx\/pic7.jpg\" class=\"aligncenter img-responsive lazyload\" alt=\"ironfx reputation\" src=\"data:image\/svg+xml;base64,PHN2ZyB3aWR0aD0iMSIgaGVpZ2h0PSIxIiB4bWxucz0iaHR0cDovL3d3dy53My5vcmcvMjAwMC9zdmciPjwvc3ZnPg==\" style=\"--smush-placeholder-width: 725px; --smush-placeholder-aspect-ratio: 725\/149;\"><\/a>\r\n\r\n&nbsp;\r\n<table width=\"100%\">\r\n<tbody>\r\n<tr>\r\n<td style=\"background-image:inherit; background-repeat: no-repeat; background-position: left;\" height=200 data-bg-image=\"url(&#039;https:\/\/www.realforexreviews.com\/wp-content\/smush-webp\/2020\/03\/trading-background2.jpg.webp&#039;)\" class=\"lazyload\"><img decoding=\"async\" data-src=\"\/wp-content\/images\/header\/ironfx.png\" alt=\"IronFX logo\" src=\"data:image\/svg+xml;base64,PHN2ZyB3aWR0aD0iMSIgaGVpZ2h0PSIxIiB4bWxucz0iaHR0cDovL3d3dy53My5vcmcvMjAwMC9zdmciPjwvc3ZnPg==\" class=\"lazyload\" style=\"--smush-placeholder-width: 150px; --smush-placeholder-aspect-ratio: 150\/40;\" \/><\/td>\r\n<\/tr>\r\n<tr>\r\n<td style=\"text-align: left; padding: 0px 30px 30px 30px; background-color: #f3f3f3;\">\r\n<div id=\"conclusion\" class=\"retitle\">\r\n<h4>Conclusioni <span class=\"score\">8.1\/10 <img decoding=\"async\" class=\"usr lazyload\" data-src=\"https:\/\/www.realforexreviews.com\/wp-content\/plugins\/universal-star-rating\/includes\/image.php?img=06.png&amp;px=20&amp;max=5&amp;rat=4.1\" alt=\"4.1 out of 5 stars\" style=\"height: 20px !important;\" src=\"data:image\/svg+xml;base64,PHN2ZyB3aWR0aD0iMSIgaGVpZ2h0PSIxIiB4bWxucz0iaHR0cDovL3d3dy53My5vcmcvMjAwMC9zdmciPjwvc3ZnPg==\" \/><\/span><\/h4>\r\n<\/div>\r\n\r\nIronFX offre una piattaforma molto stabile e possiede un design semplice ma molto sofisticato che si aggiunge ai vantaggi tecnologici offerti. Sono stati in grado di offrire e mantenere servizi e funzioni di elevata qualit\u00e0, tutte cose che i trader pi\u00f9 seri cercano in un broker.   Non vi \u00e8 alcun motivo di preoccuparsi per quanto riguarda la sicurezza dei fondi, in quanto IronFX \u00e8 monitorato da diverse autorit\u00e0 finanziarie affidabili e la credibilit\u00e0 della societ\u00e0 nel settore del forex \u00e8 assolutamente fuori discussione.\r\n\r\n&nbsp;\r\n\r\n<center><a class=\"open\" href=\"\/regIT\/ironfx\" target=\"_blank\" rel=\"nofollow noopener noreferrer\">Visita il sito!<\/a><\/center><\/td>\r\n<\/tr>\r\n<\/tbody>\r\n<\/table>\r\n\r\n&nbsp;\r\n[\/vc_column_text][\/vc_column][\/vc_row]\r\n","protected":false},"excerpt":{"rendered":"[vc_row][vc_column][vc_column_text] &nbsp; Introduzione o Salta contenuti e Leggere il Bottom Line! IronFX \u00e8 stato fondato nel 2010 ed \u00e8 autorizzato e regolamentato dalla Financial Conduct Authority nel Regno Unito, dalla Securities and Investments Commission australiana, dalla Financial Services Board in Sud Africa, dalla Financial Service Providers Register in Nuova Zelanda, dal centro per OTC Financial [&hellip;]","protected":false},"author":57,"featured_media":53473,"parent":362,"menu_order":0,"comment_status":"open","ping_status":"closed","template":"","meta":{"_acf_changed":false,"footnotes":""},"class_list":["post-463","page","type-page","status-publish","has-post-thumbnail","hentry"],"acf":[],"aioseo_notices":[],"_links":{"self":[{"href":"https:\/\/www.realforexreviews.com\/it\/wp-json\/wp\/v2\/pages\/463","targetHints":{"allow":["GET"]}}],"collection":[{"href":"https:\/\/www.realforexreviews.com\/it\/wp-json\/wp\/v2\/pages"}],"about":[{"href":"https:\/\/www.realforexreviews.com\/it\/wp-json\/wp\/v2\/types\/page"}],"author":[{"embeddable":true,"href":"https:\/\/www.realforexreviews.com\/it\/wp-json\/wp\/v2\/users\/57"}],"replies":[{"embeddable":true,"href":"https:\/\/www.realforexreviews.com\/it\/wp-json\/wp\/v2\/comments?post=463"}],"version-history":[{"count":8,"href":"https:\/\/www.realforexreviews.com\/it\/wp-json\/wp\/v2\/pages\/463\/revisions"}],"predecessor-version":[{"id":70978,"href":"https:\/\/www.realforexreviews.com\/it\/wp-json\/wp\/v2\/pages\/463\/revisions\/70978"}],"up":[{"embeddable":true,"href":"https:\/\/www.realforexreviews.com\/it\/wp-json\/wp\/v2\/pages\/362"}],"wp:featuredmedia":[{"embeddable":true,"href":"https:\/\/www.realforexreviews.com\/it\/wp-json\/wp\/v2\/media\/53473"}],"wp:attachment":[{"href":"https:\/\/www.realforexreviews.com\/it\/wp-json\/wp\/v2\/media?parent=463"}],"curies":[{"name":"wp","href":"https:\/\/api.w.org\/{rel}","templated":true}]}}