{"id":50345,"date":"2019-10-13T09:09:06","date_gmt":"2019-10-13T09:09:06","guid":{"rendered":"https:\/\/new.realforexreviews.com\/brokers\/investous\/"},"modified":"2020-12-26T08:48:49","modified_gmt":"2020-12-26T08:48:49","slug":"investous","status":"publish","type":"page","link":"https:\/\/www.realforexreviews.com\/it\/brokers\/investous","title":{"rendered":"Recensione del Broker Investous 2021"},"content":{"rendered":"<div class=\"topbox\">\r\n<strong>Conclusioni:<\/strong>\r\n\r\nInvestous \u00e8 una grande aggiunta al mercato del forex, grazie alle sue piattaforme complete, condizioni di trading flessibili, vantaggi per i clienti e un supporto 24\/7. \u00c8 facile capire e non sorprende che rappresentino una scelta popolare tra i trader forex e di CFD.\r\n\r\n<strong>Punteggio finale: 94\/100<\/strong>\r\n<a href=\"#full\" style=\"float:right;color:#000;\"><strong>Leggi la recensione completa\u2026<\/strong><\/a>\r\n<\/div>\r\n\r\n<table class=\"shadow\" border=\"1\" width=\"70%\" cellspacing=\"0\" cellpadding=\"5\" align=\"center\">\r\n<tbody>\r\n<tr>\r\n<td colspan=\"2\" valign=\"top\" style=\"background: rgb(0, 0, 0) none repeat scroll 0% 0%;\">\r\n<h2 style=\"color: #fff;\" align=\"center\"><strong>Recensione Investous<\/strong><\/h2>\r\n<\/td>\r\n<\/tr>\r\n<tr>\r\n<td width=\"230\">Fondato<\/td>\r\n<td width=\"230\">2018<\/td>\r\n<\/tr>\r\n<tr>\r\n<td width=\"230\">Piattaforma<\/td>\r\n<td width=\"230\">MT4, Webtrader<\/td>\r\n<\/tr>\r\n<tr>\r\n<td width=\"230\">Deposito minimo<\/td>\r\n<td width=\"230\">\u20ac250<\/td>\r\n<\/tr>\r\n<tr>\r\n<td width=\"230\">Dimensione minima del lotto<\/td>\r\n<td width=\"230\">0.01<\/td>\r\n<\/tr>\r\n<tr>\r\n<td width=\"230\">Asset con cui operare<\/td>\r\n<td width=\"230\">200+<\/td>\r\n<\/tr>\r\n<tr>\r\n<td width=\"230\">Margine massimo<\/td>\r\n<td width=\"230\">1:50<\/td>\r\n<\/tr>\r\n<tr>\r\n<td width=\"230\">Spread EUR\/USD<\/td>\r\n<td width=\"230\">0.0001 pip<\/td>\r\n<\/tr>\r\n<tr>\r\n<td width=\"230\">Metodi di pagamento<\/td>\r\n<td width=\"230\">Carta di Credito, Bonifico Bancario, Pagamento Elettronico Skrill<\/td>\r\n<\/tr>\r\n<tr>\r\n<td width=\"230\">Conto demo<\/td>\r\n<td width=\"230\">S\u00ec<\/td>\r\n<\/tr>\r\n<tr>\r\n<td width=\"230\">Accetta clienti italiani<\/td>\r\n<td width=\"230\">S\u00ec<\/td>\r\n<\/tr>\r\n<tr>\r\n<td width=\"230\">Regolamentato<\/td>\r\n<td width=\"230\">CySEC (Cipro)<\/td>\r\n<\/tr>\r\n<tr>\r\n<td width=\"230\">Supporto clienti<\/td>\r\n<td width=\"230\">Telefono, Email, Chat dal vivo<\/td>\r\n<\/tr>\r\n<tr>\r\n<td width=\"230\">Sito internet<\/td>\r\n<td width=\"230\"><a href=\"\/regIT\/investous\">www.investous.com<\/a><\/td>\r\n<\/tr>\r\n<\/tbody>\r\n<\/table>\r\n&nbsp;\r\n<center><a href=\"\/regIT\/investous\" class=\"open\" target=\"_blank\" rel=\"nofollow noopener noreferrer\">Visita il sito<\/a><br>\r\n[symple_button url=&#8221;#end&#8221; color=&#8221;black&#8221; size=&#8221;small&#8221; border_radius=&#8221;3px&#8221; target=&#8221;self&#8221; rel=&#8221;&#8221; icon_left=&#8221;&#8221; icon_right=&#8221;&#8221;]Salta contenuti e Leggere il Bottom Line![\/symple_button]<\/center>\r\n&nbsp;\r\n\r\n<div id=\"full\" class=\"retitle\"><div class=\"scoure\"><\/div><h4>Introduzion<\/h4><\/div>\r\n\r\nInvestous \u00e8 un broker molto conosciuto con diverse piattaforme per il trading forex e CFD online. Come si presenta quindi rispetto ad altri broker? Continua a leggere questa recensione imparziale per conoscere la risposta.\r\n\r\n<div class=\"retitle\"><div class=\"scoure\"><\/div><h4>Piattaforma<\/h4><\/div>\r\n\r\nTra le piattaforme offerte troviamo l\u2019avanzata WebTrader, la classica MetaTrader4 e le app per smartphone e tablet con sistemi operativi iOS e Android. Tutte le piattaforme sono molto convenienti da utilizzare e sono completamente prive di problemi (bug-free). Per questo si merita un <strong>punteggio per la categoria Piattaforma di 10\/10<\/strong>.\r\n\r\n<div class=\"retitle\"><div class=\"scoure\"><\/div><h4>Design<\/h4><\/div>\r\n\r\nInvestous offre una selezione di piattaforme di trading con diverse funzionalit\u00e0. Accedi alla piattaforma facile da usare del WebTrader o scarica la piattaforma MT4, una delle piattaforme pi\u00f9 popolari al mondo. Questo fa s\u00ec che si aggiudichi un <strong>punteggio per la categoria Design di 5\/5<\/strong>.\r\n\r\n<a href=\"\/regIT\/investous\" target=\"_blank\" rel=\"nofollow noopener noreferrer\"><img decoding=\"async\" class=\"aligncenter img-responsive lazyload\" data-src=\"\/wp-content\/images\/reviews\/investous_it\/investous-webtrader-platform.jpg\" alt=\"investous Piattaforma\" src=\"data:image\/svg+xml;base64,PHN2ZyB3aWR0aD0iMSIgaGVpZ2h0PSIxIiB4bWxucz0iaHR0cDovL3d3dy53My5vcmcvMjAwMC9zdmciPjwvc3ZnPg==\" style=\"--smush-placeholder-width: 1263px; --smush-placeholder-aspect-ratio: 1263\/1024;\" \/><\/a>\r\n\r\n<center><i><font size=2>I CFD sono strumenti complessi e comportano un elevato rischio di perdita del denaro in tempi brevi a causa della leva. 81,66% dei conti di clienti al dettaglio perde denaro facendo trading con i CFD con questo broker.<\/font><\/i><\/center>\r\n\r\n<div class=\"retitle\"><div class=\"scoure\"><\/div><h4>Deposito minimo<\/h4><\/div>\r\n\r\nPuoi aprire un conto di trading reale con un deposito iniziale minimo richiesto di \u20ac250. Si tratta di una cifra leggermente superiore al deposito minimo richiesto oggigiorno dalla maggior parte dei broker e questo significa un <strong>punteggio per la categoria Deposito Minimo di 4\/5<\/strong>.\r\n\r\n<div class=\"retitle\"><div class=\"scoure\"><\/div><h4>Dimensione minima del lotto<\/h4><\/div>\r\n\r\nCome per la maggior parte dei broker, anche Investous permette di fare trading con micro lotti a partire da 0.01, dando cos\u00ec l\u2019opportunit\u00e0 ai trader di investire con meno rischi. Questo porta ad un <strong>punteggio per la categoria Dimensione Minima Dell\u2019Operazione di 4\/5<\/strong>.\r\n\r\n<div class=\"retitle\"><div class=\"scoure\"><\/div><h4>Asset con cui operare<\/h4><\/div>\r\n\r\nLe piattaforme contano pi\u00f9 di 200 asset, tra cui materie prime, azioni, indici, coppie valutarie e cryptocurrencies come Bitcoin, Litecoin e Ethereum. Tale variet\u00e0 permette di espandere il proprio portafoglio e per questo abbiamo assegnato un <strong>punteggio per la categoria Asset con Cui Operare di 4\/5<\/strong>.\r\n\r\n<a href=\"\/regIT\/investous\" target=\"_blank\" rel=\"nofollow noopener noreferrer\"><img decoding=\"async\" class=\"aligncenter img-responsive lazyload\" data-src=\"\/wp-content\/images\/reviews\/investous_it\/investous-assets.jpg\" alt=\"investous Asset con cui operare\" src=\"data:image\/svg+xml;base64,PHN2ZyB3aWR0aD0iMSIgaGVpZ2h0PSIxIiB4bWxucz0iaHR0cDovL3d3dy53My5vcmcvMjAwMC9zdmciPjwvc3ZnPg==\" style=\"--smush-placeholder-width: 498px; --smush-placeholder-aspect-ratio: 498\/739;\" \/><\/a>\r\n\r\n<center><i><font size=2>I CFD sono strumenti complessi e comportano un elevato rischio di perdita del denaro in tempi brevi a causa della leva. 81,66% dei conti di clienti al dettaglio perde denaro facendo trading con i CFD con questo broker.<\/font><\/i><\/center>\r\n\r\n&nbsp;\r\n<center><a href=\"\/regIT\/investous\" class=\"open\" target=\"_blank\" rel=\"nofollow noopener noreferrer\">Visita il sito<\/a><\/center>\r\n&nbsp;\r\n\r\n<div class=\"retitle\"><div class=\"scoure\"><\/div><h4>Rendimenti<\/h4><\/div>\r\n\r\nGli spread offerti sono molto competitivi anche per le coppie valutarie pi\u00f9 calde del mercato come l\u2019EUR\/USD che pu\u00f2 raggiungere fino ad un minimo di 0.0001 pip. Questo fa s\u00ec che <strong>la categoria Rendimenti si aggiudichi un punteggio di 10\/10<\/strong>.\r\n\r\n<div class=\"retitle\"><div class=\"scoure\"><\/div><h4>Tempistiche di prelievo<\/h4><\/div>\r\n\r\nSe la tua richiesta di prelievo viene ricevuta durante l\u2019orario di attivit\u00e0, verr\u00e0 processata il giorno stesso; altrimenti, verr\u00e0 processata il giorno lavorativo successivo. I tempi di elaborazione sono sorprendentemente rapidi ed \u00e8 per questo che si merita un <strong>punteggio per la categoria Tempistiche di Prelievo di 10\/10<\/strong>.\r\n\r\n<div class=\"retitle\"><div class=\"scoure\"><\/div><h4>Metodi di deposito e prelievo<\/h4><\/div>\r\n\r\nTra i metodi di pagamento supportati troviamo i carte di credito, bonifico bancario e pagamento elettronico Skrill. Questo permette di trasferire i fondi sul proprio conto di trading in modo semplice e conveniente, per questo motivo si aggiudica un <strong>punteggio per la categoria metodi di deposito e prelievo di 5\/5<\/strong>.\r\n\r\n<a href=\"\/regIT\/investous\" target=\"_blank\" rel=\"nofollow noopener noreferrer\"><img decoding=\"async\" class=\"aligncenter img-responsive lazyload\" data-src=\"\/wp-content\/images\/reviews\/investous_it\/investous-deposit-page.jpg\" alt=\"investous Metodi di deposito e prelievo\" src=\"data:image\/svg+xml;base64,PHN2ZyB3aWR0aD0iMSIgaGVpZ2h0PSIxIiB4bWxucz0iaHR0cDovL3d3dy53My5vcmcvMjAwMC9zdmciPjwvc3ZnPg==\" style=\"--smush-placeholder-width: 1280px; --smush-placeholder-aspect-ratio: 1280\/1024;\" \/><\/a>\r\n\r\n<center><i><font size=2>I CFD sono strumenti complessi e comportano un elevato rischio di perdita del denaro in tempi brevi a causa della leva. 81,66% dei conti di clienti al dettaglio perde denaro facendo trading con i CFD con questo broker.<\/font><\/i><\/center>\r\n\r\n<div class=\"retitle\"><div class=\"scoure\"><\/div><h4>Supporto clienti<\/h4><\/div>\r\n\r\nInvestous offre un supporto telefonico, via email e live chat, 24 ore su 24, 7 giorni alla settimana, in questo modo c\u2019\u00e8 sempre qualcuno con cui poter parlare in caso di necessit\u00e0. La facilit\u00e0 con cui si raggiunge il servizio clienti \u00e8 il motivo per cui assegniamo un <strong>punteggio per la categoria Supporto Clienti di 14\/15<\/strong>.\r\n\r\n<a href=\"\/regIT\/investous\" target=\"_blank\" rel=\"nofollow noopener noreferrer\"><img decoding=\"async\" class=\"aligncenter img-responsive lazyload\" data-src=\"\/wp-content\/images\/reviews\/investous_it\/investous-customer-support.jpg\" alt=\"investous Supporto clienti\" src=\"data:image\/svg+xml;base64,PHN2ZyB3aWR0aD0iMSIgaGVpZ2h0PSIxIiB4bWxucz0iaHR0cDovL3d3dy53My5vcmcvMjAwMC9zdmciPjwvc3ZnPg==\" style=\"--smush-placeholder-width: 1264px; --smush-placeholder-aspect-ratio: 1264\/1494;\" \/><\/a>\r\n\r\n<center><i><font size=2>I CFD sono strumenti complessi e comportano un elevato rischio di perdita del denaro in tempi brevi a causa della leva. 81,66% dei conti di clienti al dettaglio perde denaro facendo trading con i CFD con questo broker.<\/font><\/i><\/center>\r\n\r\n<div class=\"retitle\"><div class=\"scoure\"><\/div><h4>Accuratezza delle quotazioni<\/h4><\/div>\r\n\r\nAbbiamo effettuato diversi test per verificare l\u2019accuratezza dei prezzi mostrati sulla piattaforma e la buona notizia \u00e8 che non abbiamo rilevato discrepanze, inoltre le operazioni sono state eseguite senza ritardi. Per questo motivo abbiamo assegnato un <strong>punteggio per la categoria Accuratezza delle Quotazioni di 9\/10<\/strong>.\r\n\r\n<div class=\"retitle\"><div class=\"scoure\"><\/div><h4>Reputazione<\/h4><\/div>\r\n\r\nInvestous\u00e8 gestito da F1Markets Limited, un\u2019impresa di investimento cipriota, autorizzata e regolamentata dalla CySEC (Cyprus Securities and Exchange Commission) con licenza CIF numero 267\/15, il che significa che pu\u00f2 godere di una reputazione ormai consolidata. Commenti e recensioni recenti mostrano che i servizi forex e CFD sono molto apprezzati dai trader, inclusi i trader italiani. Questo indica che questo broker \u00e8 in grado di continuare a sostenere la propria credibilit\u00e0, che gli vale un <strong>punteggio per la categoria Peputazione di 19\/20<\/strong>.\r\n\r\n<div id=\"end\" class=\"retitle\"><div class=\"scoure\"><\/div><h4>Conclusioni<\/h4><\/div>\r\n[symple_box color=&#8221;blue&#8221; fade_in=&#8221;false&#8221; float=&#8221;center&#8221; text_align=&#8221;left&#8221; width=&#8221;&#8221;]\r\n\r\nInvestous \u00e8 una grande aggiunta al mercato del forex, grazie alle sue piattaforme complete, condizioni di trading flessibili, vantaggi per i clienti e un supporto 24\/7. \u00c8 facile capire e non sorprende che rappresentino una scelta popolare tra i trader forex e di CFD.\r\n\r\n<strong>Punteggio finale: 94\/100<\/strong>[\/symple_box]\r\n&nbsp;\r\n<center><a href=\"\/regIT\/investous\" class=\"open\" target=\"_blank\" rel=\"nofollow noopener noreferrer\">Visita il sito<\/a><\/center>\r\n\r\n&nbsp;\r\n\r\n<center><i><font size=2>*I CFD sono strumenti complessi e comportano un elevato rischio di perdita del denaro in tempi brevi a causa della leva. 81,66% dei conti di clienti al dettaglio perde denaro facendo trading con i CFD con questo broker. Valuta se comprendi come funzionano i CFD e se puoi sostenere l\u2019elevato rischio di perdere denaro.<\/font><\/i><\/center>\r\n\r\n","protected":false},"excerpt":{"rendered":"Conclusioni: Investous \u00e8 una grande aggiunta al mercato del forex, grazie alle sue piattaforme complete, condizioni di trading flessibili, vantaggi per i clienti e un supporto 24\/7. \u00c8 facile capire e non sorprende che rappresentino una scelta popolare tra i trader forex e di CFD. Punteggio finale: 94\/100 Leggi la recensione completa\u2026 Recensione Investous Fondato [&hellip;]","protected":false},"author":57,"featured_media":52943,"parent":362,"menu_order":0,"comment_status":"closed","ping_status":"closed","template":"","meta":{"_acf_changed":false,"footnotes":""},"class_list":["post-50345","page","type-page","status-publish","has-post-thumbnail","hentry"],"acf":[],"aioseo_notices":[],"_links":{"self":[{"href":"https:\/\/www.realforexreviews.com\/it\/wp-json\/wp\/v2\/pages\/50345","targetHints":{"allow":["GET"]}}],"collection":[{"href":"https:\/\/www.realforexreviews.com\/it\/wp-json\/wp\/v2\/pages"}],"about":[{"href":"https:\/\/www.realforexreviews.com\/it\/wp-json\/wp\/v2\/types\/page"}],"author":[{"embeddable":true,"href":"https:\/\/www.realforexreviews.com\/it\/wp-json\/wp\/v2\/users\/57"}],"replies":[{"embeddable":true,"href":"https:\/\/www.realforexreviews.com\/it\/wp-json\/wp\/v2\/comments?post=50345"}],"version-history":[{"count":2,"href":"https:\/\/www.realforexreviews.com\/it\/wp-json\/wp\/v2\/pages\/50345\/revisions"}],"predecessor-version":[{"id":70977,"href":"https:\/\/www.realforexreviews.com\/it\/wp-json\/wp\/v2\/pages\/50345\/revisions\/70977"}],"up":[{"embeddable":true,"href":"https:\/\/www.realforexreviews.com\/it\/wp-json\/wp\/v2\/pages\/362"}],"wp:featuredmedia":[{"embeddable":true,"href":"https:\/\/www.realforexreviews.com\/it\/wp-json\/wp\/v2\/media\/52943"}],"wp:attachment":[{"href":"https:\/\/www.realforexreviews.com\/it\/wp-json\/wp\/v2\/media?parent=50345"}],"curies":[{"name":"wp","href":"https:\/\/api.w.org\/{rel}","templated":true}]}}