{"id":618,"date":"2020-04-03T01:47:34","date_gmt":"2020-04-03T01:47:34","guid":{"rendered":"https:\/\/new.realforexreviews.com\/?page_id=618"},"modified":"2020-12-26T08:48:10","modified_gmt":"2020-12-26T08:48:10","slug":"xm","status":"publish","type":"page","link":"https:\/\/www.realforexreviews.com\/it\/brokers\/xm","title":{"rendered":"Recensione del Broker XM Group 2021"},"content":{"rendered":"<p>[vc_row][vc_column][vc_column_text]<center><a href=\"https:\/\/clicks.pipaffiliates.com\/c?m=8529&#038;c=547168\"><img fetchpriority=\"high\" decoding=\"async\" src=\"https:\/\/ads.pipaffiliates.com\/i\/8529?c=547168\" width=\"728\" height=\"90\" alt=\"XM banner\"\/><\/a><\/center>[\/vc_column_text][vc_column_text]<!--?php if(isset($_GET['session_id'])) { $session_id = $_GET['session_id']; } else { $session_id = 1; } ?--><!--?php $aff_link = 'https:\/\/www.realforexreviews.com\/go-it\/xm?clk='.$session_id.'&amp;pos='; ?--><\/p>\r\n<div id=\"end\" class=\"retitle\">\r\n<h4>Introduzione <a class=\"readbottomline\" href=\"#conclusion\">o Salta contenuti e Leggere il Bottom Line!<\/a><\/h4>\r\n<\/div>\r\n<p>XM Group \u00e8 stato fondato nel 2009 ed \u00e8 autorizzato e regolamentato dalla Cyprus Securities and Exchange Commission, Financial Conduct Authority e dalla Australian Securities and Investments Commission.<\/p>\r\n<p>XM \u00e8 tenuto in grande considerazione per la sua ampia offerta di piattaforme MT4 su diverse posizioni in rete, ma questo \u00e8 davvero l\u2019unico punto di forza di questo broker?<\/p>\r\n<p>Scopriamolo in questa valutazione.<\/p>\r\n<p>&nbsp;<\/p>\r\n<table class=\"shadow\" border=\"1\" width=\"70%\" cellspacing=\"0\" cellpadding=\"5\" align=\"center\">\r\n<tbody>\r\n<tr>\r\n<td style=\"background: #336181 none repeat scroll 0% 0%; border-top-left-radius: 10px; border-top-right-radius: 10px; border: 1px solid #fff;\" colspan=\"2\" valign=\"top\"><center><span style=\"color: #fff;\"><strong>Recensione XM Group<\/strong><\/span><\/center><\/td>\r\n<\/tr>\r\n<tr>\r\n<td width=\"230\">Fondato<\/td>\r\n<td width=\"230\">2009<\/td>\r\n<\/tr>\r\n<tr>\r\n<td width=\"230\">Piattaforma<\/td>\r\n<td width=\"230\">MT4 per PC, MT4 per Mac, Multiterminale MT4, WebTrader MT4, MT5 per PC, MT5 per Mac, WebTrader MT5, MT4 per iPhone, MT4 per Android, MT5 per iPhone, MT5 per Android, MT4 per iPad, MT4 per Android, MT5 per iPad, MT5 per Android<\/td>\r\n<\/tr>\r\n<tr>\r\n<td width=\"230\">Deposito minimo<\/td>\r\n<td width=\"230\">\u20ac5<\/td>\r\n<\/tr>\r\n<tr>\r\n<td width=\"230\">Dimensione minima del lotto<\/td>\r\n<td width=\"230\">0.01<\/td>\r\n<\/tr>\r\n<tr>\r\n<td width=\"230\">Asset con cui operare<\/td>\r\n<td width=\"230\">300+<\/td>\r\n<\/tr>\r\n<tr>\r\n<td width=\"230\">Margine massimo<\/td>\r\n<td width=\"230\">1:888<\/td>\r\n<\/tr>\r\n<tr>\r\n<td width=\"230\">Spread EUR\/USD<\/td>\r\n<td width=\"230\">1.8 pips<\/td>\r\n<\/tr>\r\n<tr>\r\n<td width=\"230\">Metodi di pagamento<\/td>\r\n<td width=\"230\">Carte di credito, Pagamenti elettronici, Bonifici bancari, MoneyGram, Western Union<\/td>\r\n<\/tr>\r\n<tr>\r\n<td width=\"230\">Conto demo<\/td>\r\n<td width=\"230\">Tempo illimitato<\/td>\r\n<\/tr>\r\n<tr>\r\n<td width=\"230\">Accetta clienti italiani<\/td>\r\n<td width=\"230\">S\u00ec<\/td>\r\n<\/tr>\r\n<tr>\r\n<td width=\"230\">Regolamentato<\/td>\r\n<td width=\"230\">FCA (UK), ASIC (Australia), CySEC (Cipro)<\/td>\r\n<\/tr>\r\n<tr>\r\n<td width=\"230\">Supporto clienti<\/td>\r\n<td width=\"230\">Telefono, Fax, Email, Chat dal vivo<\/td>\r\n<\/tr>\r\n<tr>\r\n<td width=\"230\">Website<\/td>\r\n<td width=\"230\"><a href=\"\/regIT\/xm\">www.xm.com<\/a><\/td>\r\n<\/tr>\r\n<\/tbody>\r\n<\/table>\r\n<p>&nbsp;<\/p>\r\n<p><center><a class=\"open\" href=\"\/regIT\/xm\" target=\"_blank\" rel=\"nofollow noopener noreferrer\">Visita il sito<\/a><\/center><\/p>\r\n<p>&nbsp;<\/p>\r\n<div class=\"retitle\">\r\n<h4>Piattaforma<span class=\"score\"> 8.8\/10 <img decoding=\"async\" class=\"usr lazyload\" data-src=\"https:\/\/www.realforexreviews.com\/wp-content\/plugins\/universal-star-rating\/includes\/image.php?img=06.png&amp;px=20&amp;max=5&amp;rat=4.4\" alt=\"4.4 out of 5 stars\" style=\"height: 20px !important;\" src=\"data:image\/svg+xml;base64,PHN2ZyB3aWR0aD0iMSIgaGVpZ2h0PSIxIiB4bWxucz0iaHR0cDovL3d3dy53My5vcmcvMjAwMC9zdmciPjwvc3ZnPg==\" \/><\/span><\/h4>\r\n<\/div>\r\n<p><strong>XM offre una vasta gamma di piattaforme MetaTrader 4, a cui \u00e8 possibile accederci utilizzando un unico conto.<\/strong><\/p>\r\n<p>La piattaforma desktop viene installata e supporta i sistemi operativi Windows e Mac, mentre all\u2019interno della piattaforma mobile vi sono app dedicate per smartphone e tablet che supportano sistemi operativi Apple e Android.<\/p>\r\n<p>Inoltre offre una piattaforma WebTrader 4 a cui \u00e8 possibile accederci con qualsiasi browser.<\/p>\r\n<p>Dal punto di vista pratico, XM offre soluzioni per quasi tutte le tipologie di dispositivi e computer.<\/p>\r\n<p>Tale variet\u00e0 porta il broker a guadagnare un <strong>punteggio di 8.8. per la categoria piattaforma<\/strong>.<\/p>\r\n<div class=\"retitle\">\r\n<h4>Design<span class=\"score\"> 10\/10 <img decoding=\"async\" class=\"usr lazyload\" data-src=\"https:\/\/www.realforexreviews.com\/wp-content\/plugins\/universal-star-rating\/includes\/image.php?img=06.png&amp;px=20&amp;max=5&amp;rat=5\" alt=\"5 out of 5 stars\" style=\"height: 20px !important;\" src=\"data:image\/svg+xml;base64,PHN2ZyB3aWR0aD0iMSIgaGVpZ2h0PSIxIiB4bWxucz0iaHR0cDovL3d3dy53My5vcmcvMjAwMC9zdmciPjwvc3ZnPg==\" \/><\/span><\/h4>\r\n<\/div>\r\n<p>XM ha trovato senza dubbi un modo per rendere la propria interfaccia molto allettante e questo pu\u00f2 essere attribuito al <strong>layout organizzato ma trendy del marchio.<\/strong><\/p>\r\n<p>Accanto alla lista di strumenti, grafici e alle sezioni di configurazione compra\/vendi vi \u00e8 una sezione \u201cNotizie\u201d, che raccoglie tutti gli aggiornamenti pi\u00f9 importanti che possono influenzare i mercati finanziari.<\/p>\r\n<p>Vi \u00e8 inoltre un\u2019opzione che permette di scegliere tra <strong>due temi (scuro e chiaro), il che non \u00e8 cos\u00ec comune tra le interfacce di trading forex.<\/strong><\/p>\r\n<p>Indipendentemente dalla piattaforma utilizzata, desktop, mobile o web-based, ho potuto effettuare il log-in con facilit\u00e0 per fare trading senza ritardi o lunghi tempi di attesa.<\/p>\r\n<p>Per questo assegno un punteggio di <strong>10 per il design<\/strong>.<\/p>\r\n<div style=\"width: 1292px\" class=\"wp-caption aligncenter\"><a href=\"\/regIT\/xm\"><img decoding=\"async\" class=\"size-full lazyload\" data-src=\"\/wp-content\/images\/reviews\/xm_it\/pic1.jpg\" alt=\"Piattaforma XM\" width=\"1282\" height=\"876\" src=\"data:image\/svg+xml;base64,PHN2ZyB3aWR0aD0iMSIgaGVpZ2h0PSIxIiB4bWxucz0iaHR0cDovL3d3dy53My5vcmcvMjAwMC9zdmciPjwvc3ZnPg==\" style=\"--smush-placeholder-width: 1282px; --smush-placeholder-aspect-ratio: 1282\/876;\" \/><\/a><p class=\"wp-caption-text\">Piattaforma XM<\/p><\/div><center><a class=\"open\" href=\"\/regIT\/xm\" target=\"_blank\" rel=\"nofollow noopener noreferrer\">Visita il sito<\/a><\/center><\/p>\r\n<div class=\"retitle\">\r\n<h4>Deposito minimo<span class=\"score\"> 10\/10 <img decoding=\"async\" class=\"usr lazyload\" data-src=\"https:\/\/www.realforexreviews.com\/wp-content\/plugins\/universal-star-rating\/includes\/image.php?img=06.png&amp;px=20&amp;max=5&amp;rat=5\" alt=\"5 out of 5 stars\" style=\"height: 20px !important;\" src=\"data:image\/svg+xml;base64,PHN2ZyB3aWR0aD0iMSIgaGVpZ2h0PSIxIiB4bWxucz0iaHR0cDovL3d3dy53My5vcmcvMjAwMC9zdmciPjwvc3ZnPg==\" \/><\/span><\/h4>\r\n<\/div>\r\n<p>Per aprire un conto live \u00e8 necessario effettuare un deposito minimo di \u20ac5, <strong>un importo estremamente basso rispetto alle richieste di altri broker forex.<\/strong><\/p>\r\n<p>Tale accessibilit\u00e0 rappresenta un\u2019opportunit\u00e0 per coloro che desiderano iniziare con un capitale di trading limitato, ma anche per i principianti, dal momento che non \u00e8 necessario depositare importi ingenti, agevolando cos\u00ec una corretta gestione dei fondi.<\/p>\r\n<p>Questo supera sicuramente la maggior parte dei broker forex, ed \u00e8 per questo che XM ottiene <strong>un punteggio di 10 per il deposito minimo<\/strong>.<\/p>\r\n<div class=\"retitle\">\r\n<h4>Dimensione minima del lotto<span class=\"score\"> 10\/10 <img decoding=\"async\" class=\"usr lazyload\" data-src=\"https:\/\/www.realforexreviews.com\/wp-content\/plugins\/universal-star-rating\/includes\/image.php?img=06.png&amp;px=20&amp;max=5&amp;rat=5\" alt=\"5 out of 5 stars\" style=\"height: 20px !important;\" src=\"data:image\/svg+xml;base64,PHN2ZyB3aWR0aD0iMSIgaGVpZ2h0PSIxIiB4bWxucz0iaHR0cDovL3d3dy53My5vcmcvMjAwMC9zdmciPjwvc3ZnPg==\" \/><\/span><\/h4>\r\n<\/div>\r\n<p>La dimensione minima del lotto \u00e8 di 0.01, in linea con la maggior parte dei broker; questo rappresenta un vantaggio dal momento che l\u2019importo dell\u2019investimento parte da dimensioni accettabili.<\/p>\r\n<p>XM ottiene un <strong>punteggio per la dimensione minima del lotto di 10<\/strong>.<\/p>\r\n<div class=\"retitle\">\r\n<h4>Asset con cui operare<span class=\"score\"> 8.8\/10 <img decoding=\"async\" class=\"usr lazyload\" data-src=\"https:\/\/www.realforexreviews.com\/wp-content\/plugins\/universal-star-rating\/includes\/image.php?img=06.png&amp;px=20&amp;max=5&amp;rat=4.4\" alt=\"4.4 out of 5 stars\" style=\"height: 20px !important;\" src=\"data:image\/svg+xml;base64,PHN2ZyB3aWR0aD0iMSIgaGVpZ2h0PSIxIiB4bWxucz0iaHR0cDovL3d3dy53My5vcmcvMjAwMC9zdmciPjwvc3ZnPg==\" \/><\/span><\/h4>\r\n<\/div>\r\n<p>Questo broker offre <strong>oltre 300 strumenti<\/strong> con cui \u00e8 possibile fare trading direttamente dalla piattaforma, e tra questi troviamo prodotti forex, CFD, indici, valori energetici e metalli preziosi.<\/p>\r\n<p>L\u2019ampia gamma di asset disponibili al trading apre le porte a nuove opportunit\u00e0 di guadagni e profitti.<\/p>\r\n<p>Per questa ragione <strong>XM ottiene un punteggio di 8.8 per il criterio asset con cui operare<\/strong>.<\/p>\r\n<div style=\"width: 1228px\" class=\"wp-caption aligncenter\"><a href=\"\/regIT\/xm\"><img decoding=\"async\" class=\"size-full lazyload\" data-src=\"\/wp-content\/images\/reviews\/xm_it\/pic2.jpg\" alt=\"Asset con cui operare XM\" width=\"1218\" height=\"546\" src=\"data:image\/svg+xml;base64,PHN2ZyB3aWR0aD0iMSIgaGVpZ2h0PSIxIiB4bWxucz0iaHR0cDovL3d3dy53My5vcmcvMjAwMC9zdmciPjwvc3ZnPg==\" style=\"--smush-placeholder-width: 1218px; --smush-placeholder-aspect-ratio: 1218\/546;\" \/><\/a><p class=\"wp-caption-text\">Asset con cui operare XM<\/p><\/div><center><a class=\"open\" href=\"\/regIT\/xm\" target=\"_blank\" rel=\"nofollow noopener noreferrer\">Visita il sito<\/a><\/center><\/p>\r\n<div class=\"retitle\">\r\n<h4>Spread<span class=\"score\"> 9.9\/10 <img decoding=\"async\" class=\"usr lazyload\" data-src=\"https:\/\/www.realforexreviews.com\/wp-content\/plugins\/universal-star-rating\/includes\/image.php?img=06.png&amp;px=20&amp;max=5&amp;rat=5\" alt=\"5 out of 5 stars\" style=\"height: 20px !important;\" src=\"data:image\/svg+xml;base64,PHN2ZyB3aWR0aD0iMSIgaGVpZ2h0PSIxIiB4bWxucz0iaHR0cDovL3d3dy53My5vcmcvMjAwMC9zdmciPjwvc3ZnPg==\" \/><\/span><\/h4>\r\n<\/div>\r\n<p><strong>Con gli spread ristretti di XM i prezzi non devono registrare grossi movimenti per generare un profitto.<\/strong><\/p>\r\n<p>Lo spread per la coppia EUR\/USD \u00e8 di 1.8 pip, che \u00e8 considerato un valore decisamente migliore rispetto a quello che la maggior parte dei broker offre.<\/p>\r\n<p>Questo porta a XM un <strong>punteggio di 9.9 per il criterio rendimenti<\/strong>.<\/p>\r\n<div class=\"retitle\">\r\n<h4>Tempistiche di prelievo<span class=\"score\"> 10\/10 <img decoding=\"async\" class=\"usr lazyload\" data-src=\"https:\/\/www.realforexreviews.com\/wp-content\/plugins\/universal-star-rating\/includes\/image.php?img=06.png&amp;px=20&amp;max=5&amp;rat=5\" alt=\"5 out of 5 stars\" style=\"height: 20px !important;\" src=\"data:image\/svg+xml;base64,PHN2ZyB3aWR0aD0iMSIgaGVpZ2h0PSIxIiB4bWxucz0iaHR0cDovL3d3dy53My5vcmcvMjAwMC9zdmciPjwvc3ZnPg==\" \/><\/span><\/h4>\r\n<\/div>\r\n<p><strong>Tutte le richieste di prelievo vengono processate entro 24 ore<\/strong> se i fondi sono stati trasferiti su XM Card o per mezzo di un qualsiasi altro metodo di pagamento elettronico supportato.<\/p>\r\n<p>I prelievi per mezzo di carta di debito\/credito e bonifico bancario possono invece richiedere dai 2 ai 5 giorni lavorativi.<\/p>\r\n<p>Sulla base dei diversi test che ho effettuato, posso dire che sono riusciti a processare le mie richieste di prelievo e ho ricevuto i fondi nei tempi promessi.<\/p>\r\n<p>Tale velocit\u00e0 porta XM ad ottiene un <strong>punteggio per le tempistiche di prelievo di 10<\/strong>.<\/p>\r\n<div class=\"retitle\">\r\n<h4>Metodi di deposito e prelievo<span class=\"score\"> 10\/10 <img decoding=\"async\" class=\"usr lazyload\" data-src=\"https:\/\/www.realforexreviews.com\/wp-content\/plugins\/universal-star-rating\/includes\/image.php?img=06.png&amp;px=20&amp;max=5&amp;rat=5\" alt=\"5 out of 5 stars\" style=\"height: 20px !important;\" src=\"data:image\/svg+xml;base64,PHN2ZyB3aWR0aD0iMSIgaGVpZ2h0PSIxIiB4bWxucz0iaHR0cDovL3d3dy53My5vcmcvMjAwMC9zdmciPjwvc3ZnPg==\" \/><\/span><\/h4>\r\n<\/div>\r\n<p>Vengono accettati i metodi di pagamento pi\u00f9 diffusi oggigiorno, tra cui carte di credito, pagamenti elettronici, bonifici bancari, MoneyGram e Western Union.<\/p>\r\n<p>Tale variet\u00e0 aggiunge ulteriore flessibilit\u00e0 alle procedure di deposito dei fondi sul conto di trading.<\/p>\r\n<p>Questo porta a XM un <strong>punteggio di 10 per i metodi di deposito e prelievo<\/strong>.<\/p>\r\n<div style=\"width: 1151px\" class=\"wp-caption aligncenter\"><a href=\"\/regIT\/xm\"><img decoding=\"async\" class=\"size-full lazyload\" data-src=\"\/wp-content\/images\/reviews\/xm_it\/pic3.jpg\" alt=\"Metodi di deposito e prelievo di XM\" width=\"1141\" height=\"683\" src=\"data:image\/svg+xml;base64,PHN2ZyB3aWR0aD0iMSIgaGVpZ2h0PSIxIiB4bWxucz0iaHR0cDovL3d3dy53My5vcmcvMjAwMC9zdmciPjwvc3ZnPg==\" style=\"--smush-placeholder-width: 1141px; --smush-placeholder-aspect-ratio: 1141\/683;\" \/><\/a><p class=\"wp-caption-text\">Metodi di deposito e prelievo di XM<\/p><\/div><center><a class=\"open\" href=\"\/regIT\/xm\" target=\"_blank\" rel=\"nofollow noopener noreferrer\">Visita il sito<\/a><\/center><\/p>\r\n<div class=\"retitle\">\r\n<h4>Supporto clienti<span class=\"score\"> 8.8\/10 <img decoding=\"async\" class=\"usr lazyload\" data-src=\"https:\/\/www.realforexreviews.com\/wp-content\/plugins\/universal-star-rating\/includes\/image.php?img=06.png&amp;px=20&amp;max=5&amp;rat=4.4\" alt=\"4.4 out of 5 stars\" style=\"height: 20px !important;\" src=\"data:image\/svg+xml;base64,PHN2ZyB3aWR0aD0iMSIgaGVpZ2h0PSIxIiB4bWxucz0iaHR0cDovL3d3dy53My5vcmcvMjAwMC9zdmciPjwvc3ZnPg==\" \/><\/span><\/h4>\r\n<\/div>\r\n<p>\u00c8 possibile contattare XM via telefono, fax, email o live chat.<\/p>\r\n<p>Questo significa avere <strong>la possibilit\u00e0 di contattare il broker tramite qualsiasi canale<\/strong> e questo mi ha permesso di risparmiare tempo e fatica.<\/p>\r\n<p>Quando li ho contattati il tempo di attesa \u00e8 stato inferiore ai 10 secondi e le risposte sono per lo pi\u00f9 veloci e dirette, quindi la conversazione in totale \u00e8 durata qualche minuto.<\/p>\r\n<p>Sulla base della mia conversazione con uno dei loro agenti di supporto, li ho trovati molto diretti nel dare le risposte a qualsiasi delle domande che ho posto e non ho avuto la percezione che stessero applicando strategie di marketing diverse da quelle utilizzate dagli agenti di altri broker forex.<\/p>\r\n<p>In generale le mie conversazioni con il loro centro di supporto hanno avuto <strong>risultati positivi.<\/strong><\/p>\r\n<p>Per questo <strong>XM ottiene il punteggio di 8.8 per il supporto clienti<\/strong>.<\/p>\r\n<div style=\"width: 950px\" class=\"wp-caption aligncenter\"><a href=\"\/regIT\/xm\"><img decoding=\"async\" class=\"size-full lazyload\" data-src=\"\/wp-content\/images\/reviews\/xm_it\/pic4.jpg\" alt=\"Supporto clienti XM\" width=\"940\" height=\"993\" src=\"data:image\/svg+xml;base64,PHN2ZyB3aWR0aD0iMSIgaGVpZ2h0PSIxIiB4bWxucz0iaHR0cDovL3d3dy53My5vcmcvMjAwMC9zdmciPjwvc3ZnPg==\" style=\"--smush-placeholder-width: 940px; --smush-placeholder-aspect-ratio: 940\/993;\" \/><\/a><p class=\"wp-caption-text\">Supporto clienti XM<\/p><\/div><center><a class=\"open\" href=\"\/regIT\/xm\" target=\"_blank\" rel=\"nofollow noopener noreferrer\">Visita il sito<\/a><\/center><\/p>\r\n<div class=\"retitle\">\r\n<h4>Accuratezza delle quotazioni<span class=\"score\"> 9.5\/10 <img decoding=\"async\" class=\"usr lazyload\" data-src=\"https:\/\/www.realforexreviews.com\/wp-content\/plugins\/universal-star-rating\/includes\/image.php?img=06.png&amp;px=20&amp;max=5&amp;rat=4.8\" alt=\"4.8 out of 5 stars\" style=\"height: 20px !important;\" src=\"data:image\/svg+xml;base64,PHN2ZyB3aWR0aD0iMSIgaGVpZ2h0PSIxIiB4bWxucz0iaHR0cDovL3d3dy53My5vcmcvMjAwMC9zdmciPjwvc3ZnPg==\" \/><\/span><\/h4>\r\n<\/div>\r\n<p><strong>\u00c8 sempre molto importante fare trading con un broker forex che offre prezzi di mercato accurati<\/strong>, e la scelta si basa principalmente su questo dato.<\/p>\r\n<p>La buona notizia \u00e8 che i vari test che ho effettuato con la piattaforma in esame non hanno mostrato segnali di ritardo o manipolazione per quanto riguarda le quotazioni e lo stesso prezzo viene indicato sia prima che dopo l\u2019apertura dell\u2019opzione.<\/p>\r\n<p>Per questo XM si merita un <strong>punteggio di 9.5 per quanto riguarda l\u2019accuratezza delle quotazioni<\/strong>.<\/p>\r\n<div class=\"retitle\">\r\n<h4>Credibilit\u00e0<span class=\"score\"> 9\/10 <img decoding=\"async\" class=\"usr lazyload\" data-src=\"https:\/\/www.realforexreviews.com\/wp-content\/plugins\/universal-star-rating\/includes\/image.php?img=06.png&amp;px=20&amp;max=5&amp;rat=4.5\" alt=\"4.5 out of 5 stars\" style=\"height: 20px !important;\" src=\"data:image\/svg+xml;base64,PHN2ZyB3aWR0aD0iMSIgaGVpZ2h0PSIxIiB4bWxucz0iaHR0cDovL3d3dy53My5vcmcvMjAwMC9zdmciPjwvc3ZnPg==\" \/><\/span><\/h4>\r\n<\/div>\r\n<p>XM \u00e8 autorizzato e regolamentato dalla Cyprus Securities and Exchange Commission, Financial Conduct Authority e dalla Australian Securities and Investments Commission.<\/p>\r\n<p><strong>Questo significa che devono rispettare i regolamenti e le norme imposte da queste autorit\u00e0 finanziarie fidate<\/strong>, e questo mi permette di fare trading con maggior serenit\u00e0.<\/p>\r\n<p>Al di l\u00e0 del fatto che siano un broker online regolamentato, XM \u00e8 molto conosciuto all\u2019interno della comunit\u00e0 di trading forex e la maggior parte delle recensioni e commenti li elogia per avere diverse piattaforme di trading online e condizioni di trading molto flessibili.<\/p>\r\n<p>Tale livello di credibilit\u00e0 del broker mi ha spinto ad assegnare un <strong>punteggio di 9 per quanto riguarda la reputazione<\/strong>.<\/p>\r\n<p>&nbsp;<\/p>\r\n<table width=\"100%\">\r\n<tbody>\r\n<tr>\r\n<td style=\"background-image:inherit; background-repeat: no-repeat; background-position: left;\" height=\"200\" data-bg-image=\"url(&#039;https:\/\/www.realforexreviews.com\/wp-content\/smush-webp\/2020\/03\/trading-background2.jpg.webp&#039;)\" class=\"lazyload\"><img decoding=\"async\" data-src=\"\/wp-content\/images\/header\/xm.png\" alt=\"XM logo\" src=\"data:image\/svg+xml;base64,PHN2ZyB3aWR0aD0iMSIgaGVpZ2h0PSIxIiB4bWxucz0iaHR0cDovL3d3dy53My5vcmcvMjAwMC9zdmciPjwvc3ZnPg==\" class=\"lazyload\" style=\"--smush-placeholder-width: 150px; --smush-placeholder-aspect-ratio: 150\/40;\" \/><\/td>\r\n<\/tr>\r\n<tr>\r\n<td style=\"text-align: left; padding: 0px 30px 30px 30px; background-color: #f3f3f3;\">\r\n<div id=\"conclusion\" class=\"retitle\">\r\n<h4>Conclusioni<span class=\"score\"> 9.1\/10 <img decoding=\"async\" class=\"usr lazyload\" data-src=\"https:\/\/www.realforexreviews.com\/wp-content\/plugins\/universal-star-rating\/includes\/image.php?img=06.png&amp;px=20&amp;max=5&amp;rat=4.6\" alt=\"4.6 out of 5 stars\" style=\"height: 20px !important;\" src=\"data:image\/svg+xml;base64,PHN2ZyB3aWR0aD0iMSIgaGVpZ2h0PSIxIiB4bWxucz0iaHR0cDovL3d3dy53My5vcmcvMjAwMC9zdmciPjwvc3ZnPg==\" \/><\/span><\/h4>\r\n<\/div>\r\n<p>Oltre al fatto che XM \u00e8 un broker online regolamentato, esistono tantissime altre ragioni convincenti che hanno portato questo broker all\u2019interno della mia lista di broker che raccomando.<\/p>\r\n<p>L\u2019ampia scelta di strumenti con cui fare trading, le diverse piattaforme di trading online, i tempi veloci di processamento dei prelievi e le condizioni di trading altamente flessibili sono solo alcuni dei vantaggi pi\u00f9 interessanti.<\/p>\r\n<p>Infatti, vale la pena anche ricordare che offrono un conto demo e un deposito minimo davvero piccolo.<\/p>\r\n<p><strong>XM possiede tutte le caratteristiche di un broker fidato e di qualit\u00e0 superiore, adatto per qualsiasi trader forex e di CFD.<\/strong><\/p>\r\n<p>&nbsp;<\/p>\r\n<p><center><a class=\"open\" href=\"\/regIT\/xm\" target=\"_blank\" rel=\"nofollow noopener noreferrer\">Visita il sito!<\/a><\/center><\/td>\r\n<\/tr>\r\n<\/tbody>\r\n<\/table>\r\n<p>[\/vc_column_text][vc_column_text]<center><a href=\"https:\/\/clicks.pipaffiliates.com\/c?m=8529&#038;c=547168\"><img fetchpriority=\"high\" decoding=\"async\" src=\"https:\/\/ads.pipaffiliates.com\/i\/8529?c=547168\" width=\"728\" height=\"90\" alt=\"XM banner\"\/><\/a><\/center>[\/vc_column_text][vc_raw_html]JTNDaWZyYW1lJTIwc3R5bGUlM0QlMjJ2aXNpYmlsaXR5JTNBJTIwaGlkZGVuJTNCJTIyJTIwc3JjJTNEJTIyaHR0cHMlM0ElMkYlMkZjbGlja3MucGlwYWZmaWxpYXRlcy5jb20lMkZjJTNGYyUzRDU3MjgxJTI2bCUzRGVuJTI2cCUzRDAlMjIlMjB3aWR0aCUzRCUyMjElMjIlMjBoZWlnaHQlM0QlMjIxJTIyJTNFJTNDJTJGaWZyYW1lJTNF[\/vc_raw_html][\/vc_column][\/vc_row]<\/p>\r\n","protected":false},"excerpt":{"rendered":"[vc_row][vc_column][vc_column_text][\/vc_column_text][vc_column_text] Introduzione o Salta contenuti e Leggere il Bottom Line! XM Group \u00e8 stato fondato nel 2009 ed \u00e8 autorizzato e regolamentato dalla Cyprus Securities and Exchange Commission, Financial Conduct Authority e dalla Australian Securities and Investments Commission. XM \u00e8 tenuto in grande considerazione per la sua ampia offerta di piattaforme MT4 su diverse posizioni [&hellip;]","protected":false},"author":57,"featured_media":52615,"parent":362,"menu_order":0,"comment_status":"open","ping_status":"closed","template":"","meta":{"_acf_changed":false,"footnotes":""},"class_list":["post-618","page","type-page","status-publish","has-post-thumbnail","hentry"],"acf":[],"aioseo_notices":[],"_links":{"self":[{"href":"https:\/\/www.realforexreviews.com\/it\/wp-json\/wp\/v2\/pages\/618","targetHints":{"allow":["GET"]}}],"collection":[{"href":"https:\/\/www.realforexreviews.com\/it\/wp-json\/wp\/v2\/pages"}],"about":[{"href":"https:\/\/www.realforexreviews.com\/it\/wp-json\/wp\/v2\/types\/page"}],"author":[{"embeddable":true,"href":"https:\/\/www.realforexreviews.com\/it\/wp-json\/wp\/v2\/users\/57"}],"replies":[{"embeddable":true,"href":"https:\/\/www.realforexreviews.com\/it\/wp-json\/wp\/v2\/comments?post=618"}],"version-history":[{"count":8,"href":"https:\/\/www.realforexreviews.com\/it\/wp-json\/wp\/v2\/pages\/618\/revisions"}],"predecessor-version":[{"id":70975,"href":"https:\/\/www.realforexreviews.com\/it\/wp-json\/wp\/v2\/pages\/618\/revisions\/70975"}],"up":[{"embeddable":true,"href":"https:\/\/www.realforexreviews.com\/it\/wp-json\/wp\/v2\/pages\/362"}],"wp:featuredmedia":[{"embeddable":true,"href":"https:\/\/www.realforexreviews.com\/it\/wp-json\/wp\/v2\/media\/52615"}],"wp:attachment":[{"href":"https:\/\/www.realforexreviews.com\/it\/wp-json\/wp\/v2\/media?parent=618"}],"curies":[{"name":"wp","href":"https:\/\/api.w.org\/{rel}","templated":true}]}}