{"id":7557,"date":"2020-04-03T01:03:39","date_gmt":"2020-04-03T01:03:39","guid":{"rendered":"https:\/\/new.realforexreviews.com\/it\/brokers\/pepperstone\/"},"modified":"2020-12-26T08:46:53","modified_gmt":"2020-12-26T08:46:53","slug":"pepperstone","status":"publish","type":"page","link":"https:\/\/www.realforexreviews.com\/it\/brokers\/pepperstone","title":{"rendered":"Recensione del Broker Pepperstone 2021"},"content":{"rendered":"[vc_row][vc_column][vc_column_text]\r\n<div id=\"end\" class=\"retitle\">\r\n<h4>Introduzione <a class=\"readbottomline\" href=\"#conclusion\">o Salta contenuti e Leggere il Bottom Line!<\/a><\/h4>\r\n<\/div>\r\n\r\nPepperstone \u00e8 un broker forex e di CFD online in attivit\u00e0 dal 2010.\r\n\r\nLeggi questa recensione per scoprire se rappresenta una buona scelta per fare trading.\r\n\r\n&nbsp;\r\n\r\n<table class=\"shadow\" border=\"1\" width=\"70%\" cellspacing=\"0\" cellpadding=\"5\" align=\"center\">\r\n<tbody>\r\n<tr>\r\n<td style=\"background: #336181 none repeat scroll 0% 0%; border-top-left-radius: 10px; border-top-right-radius: 10px; border: 1px solid #fff;\" colspan=\"2\" valign=\"top\"><center><span style=\"color: #fff;\"><strong>Recensione Pepperstone<\/strong><\/span><\/center><\/td>\r\n<\/tr>\r\n<tr>\r\n<td width=\"230\">Fondato<\/td>\r\n<td width=\"230\">2010<\/td>\r\n<\/tr>\r\n<tr>\r\n<td width=\"230\">Piattaforma<\/td>\r\n<td width=\"230\">MetaTrader 4, MetaTrader 4 Mac, MetaTrader 5, \r\nWebTrader, iPhone, Android, Applicazione di trading per iPad \/ Tablet, cTader, cTrader WebTrader, cTrader cAlgo, cTrader Mobile<\/td>\r\n<\/tr>\r\n<tr>\r\n<td width=\"230\">Deposito minimo<\/td>\r\n<td width=\"230\">\u20ac200<\/td>\r\n<\/tr>\r\n<tr>\r\n<td width=\"230\">Dimensione minima del lotto<\/td>\r\n<td width=\"230\">0.01<\/td>\r\n<\/tr>\r\n<tr>\r\n<td width=\"230\">Asset con cui operare<\/td>\r\n<td width=\"230\">70+<\/td>\r\n<\/tr>\r\n<tr>\r\n<td width=\"230\">Margine massimo<\/td>\r\n<td width=\"230\">1:500<\/td>\r\n<\/tr>\r\n<tr>\r\n<td width=\"230\">Spread EUR\/USD<\/td>\r\n<td width=\"230\">0 pips<\/td>\r\n<\/tr>\r\n<tr>\r\n<td width=\"230\">Metodi di pagamento<\/td>\r\n<td width=\"230\">Carte di Credito \/ Debito, PayPal, POLi, China Union Pay, Bonifico Bancario (Interno e Internazionale), BPay, Skrill (Moneybookers), Neteller, Qiwi, Fasapay, Da Broker a Broker<\/td>\r\n<\/tr>\r\n<tr>\r\n<td width=\"230\">Conto demo<\/td>\r\n<td width=\"230\">S\u00ec<\/td>\r\n<\/tr>\r\n<tr>\r\n<td width=\"230\">Accetta clienti italiani<\/td>\r\n<td width=\"230\">S\u00ec<\/td>\r\n<\/tr>\r\n<tr>\r\n<td width=\"230\">Regolamentato<\/td>\r\n<td width=\"230\">ASIC (Australia), FCA (UK)<\/td>\r\n<\/tr>\r\n<tr>\r\n<td width=\"230\">Supporto clienti<\/td>\r\n<td width=\"230\">Telefono, Email, Chat dal vivo<\/td>\r\n<\/tr>\r\n<tr>\r\n<td width=\"230\">Website<\/td>\r\n<td width=\"230\"><a href=\"\/regIT\/pepperstone\">www.pepperstone.com<\/a><\/td>\r\n<\/tr>\r\n<\/tbody>\r\n<\/table>\r\n&nbsp;\r\n\r\n<center><a href=\"\/regIT\/pepperstone\" class=\"open\" target=\"_blank\" rel=\"nofollow noopener noreferrer\">Visita il sito<\/a><\/center>\r\n\r\n&nbsp;\r\n\r\n<div class=\"retitle\">\r\n<h4>Piattaforma<span class=\"score\"> 9.4\/10 <img decoding=\"async\" class=\"usr lazyload\" data-src=\"https:\/\/www.realforexreviews.com\/wp-content\/plugins\/universal-star-rating\/includes\/image.php?img=06.png&amp;px=20&amp;max=5&amp;rat=4.7\" alt=\"4.7 out of 5 stars\" style=\"height: 20px !important;\" src=\"data:image\/svg+xml;base64,PHN2ZyB3aWR0aD0iMSIgaGVpZ2h0PSIxIiB4bWxucz0iaHR0cDovL3d3dy53My5vcmcvMjAwMC9zdmciPjwvc3ZnPg==\" \/><\/span><\/h4>\r\n<\/div>\r\n\r\nAd oggi vi sono 11 piattaforme in totale, questo ti permette di fare trading in tutta convenienza nel modo che preferisci e ovunque tu desideri.\r\n\r\nPer questo si merita un <strong>punteggio per la categoria Piattaforma di 9.4.<\/strong>\r\n\r\n<div class=\"retitle\">\r\n<h4>Design<span class=\"score\"> 10\/10 <img decoding=\"async\" class=\"usr lazyload\" data-src=\"https:\/\/www.realforexreviews.com\/wp-content\/plugins\/universal-star-rating\/includes\/image.php?img=06.png&amp;px=20&amp;max=5&amp;rat=5\" alt=\"5 out of 5 stars\" style=\"height: 20px !important;\" src=\"data:image\/svg+xml;base64,PHN2ZyB3aWR0aD0iMSIgaGVpZ2h0PSIxIiB4bWxucz0iaHR0cDovL3d3dy53My5vcmcvMjAwMC9zdmciPjwvc3ZnPg==\" \/><\/span><\/h4>\r\n<\/div>\r\n\r\n<strong>Il layout della piattaforma \u00e8 ben organizzato e semplice da navigare.<\/strong>\r\n\r\nIn generale \u00e8 stato fatto un ottimo lavoro per ottimizzare l\u2019aspetto visivo delle piattaforme.\r\n\r\nQuesto fa s\u00ec che si aggiudichi un <strong>punteggio per la categoria Design di 10.<\/strong>\r\n\r\n<div style=\"width: 1287px\" class=\"wp-caption aligncenter\"><a href=\"\/reg\/pepperstone\"><img fetchpriority=\"high\" decoding=\"async\" src=\"\/wp-content\/images\/reviews\/pepperstone_it\/pic1.jpg\" width=\"1277\" height=\"912\" alt=\"Piattaforma Pepperstone\" class=\"size-full\" \/><\/a><p class=\"wp-caption-text\">Piattaforma Pepperstone<\/p><\/div>\r\n\r\n<center><a href=\"\/regIT\/pepperstone\" class=\"open\" target=\"_blank\" rel=\"nofollow noopener noreferrer\">Visita il sito<\/a><\/center>\r\n\r\n<div class=\"retitle\">\r\n<h4>Deposito minimo<span class=\"score\"> 8\/10 <img decoding=\"async\" class=\"usr lazyload\" data-src=\"https:\/\/www.realforexreviews.com\/wp-content\/plugins\/universal-star-rating\/includes\/image.php?img=06.png&amp;px=20&amp;max=5&amp;rat=4\" alt=\"4 out of 5 stars\" style=\"height: 20px !important;\" src=\"data:image\/svg+xml;base64,PHN2ZyB3aWR0aD0iMSIgaGVpZ2h0PSIxIiB4bWxucz0iaHR0cDovL3d3dy53My5vcmcvMjAwMC9zdmciPjwvc3ZnPg==\" \/><\/span><\/h4>\r\n<\/div>\r\n\r\nIl deposito minimo iniziale di 200\u20ac non \u00e8 dei pi\u00f9 bassi del settore, ma non \u00e8 neanche tra i pi\u00f9 alti, per questo si pu\u00f2 considerare nella media.\r\n\r\nPer questa ragione Pepperstone guadagna un <strong>punteggio di 8 per il criterio deposito minimo.<\/strong>\r\n\r\n<div class=\"retitle\">\r\n<h4>Dimensione minima del lotto<span class=\"score\"> 10\/10 <img decoding=\"async\" class=\"usr lazyload\" data-src=\"https:\/\/www.realforexreviews.com\/wp-content\/plugins\/universal-star-rating\/includes\/image.php?img=06.png&amp;px=20&amp;max=5&amp;rat=5\" alt=\"5 out of 5 stars\" style=\"height: 20px !important;\" src=\"data:image\/svg+xml;base64,PHN2ZyB3aWR0aD0iMSIgaGVpZ2h0PSIxIiB4bWxucz0iaHR0cDovL3d3dy53My5vcmcvMjAwMC9zdmciPjwvc3ZnPg==\" \/><\/span><\/h4>\r\n<\/div>\r\n\r\nIn linea con gli standard del settore, la dimensione minima del lotto accettata \u00e8 di 0.01.\r\n\r\nPer questa ragione Pepperstone ottiene un <strong>punteggio di 10 per il criterio asset con cui operare.<\/strong>\r\n\r\n<div class=\"retitle\">\r\n<h4>Asset con cui operare<span class=\"score\"> 8.7\/10 <img decoding=\"async\" class=\"usr lazyload\" data-src=\"https:\/\/www.realforexreviews.com\/wp-content\/plugins\/universal-star-rating\/includes\/image.php?img=06.png&amp;px=20&amp;max=5&amp;rat=4.4\" alt=\"4.4 out of 5 stars\" style=\"height: 20px !important;\" src=\"data:image\/svg+xml;base64,PHN2ZyB3aWR0aD0iMSIgaGVpZ2h0PSIxIiB4bWxucz0iaHR0cDovL3d3dy53My5vcmcvMjAwMC9zdmciPjwvc3ZnPg==\" \/><\/span><\/h4>\r\n<\/div>\r\n\r\nAttualmente \u00e8 possibile fare trading su oltre 70 asset, accessibili da tutte le piattaforme multiple offerte.\r\n\r\nPer questo motivo il <strong>punteggio per gli asset disponibili al trading \u00e8 di 8.7.<\/strong>\r\n\r\n<div style=\"width: 502px\" class=\"wp-caption aligncenter\"><a href=\"\/regIT\/pepperstone\"><img decoding=\"async\" data-src=\"\/wp-content\/images\/reviews\/pepperstone_it\/pic2.jpg\" width=\"492\" height=\"827\" alt=\"Asset con cui operare Pepperstone\" class=\"size-full lazyload\" src=\"data:image\/svg+xml;base64,PHN2ZyB3aWR0aD0iMSIgaGVpZ2h0PSIxIiB4bWxucz0iaHR0cDovL3d3dy53My5vcmcvMjAwMC9zdmciPjwvc3ZnPg==\" style=\"--smush-placeholder-width: 492px; --smush-placeholder-aspect-ratio: 492\/827;\" \/><\/a><p class=\"wp-caption-text\">Asset con cui operare Pepperstone<\/p><\/div>\r\n\r\n<center><a href=\"\/regIT\/pepperstone\" class=\"open\" target=\"_blank\" rel=\"nofollow noopener noreferrer\">Visita il sito<\/a><\/center>\r\n\r\n<div class=\"retitle\">\r\n<h4>Spread<span class=\"score\"> 9.9\/10 <img decoding=\"async\" class=\"usr lazyload\" data-src=\"https:\/\/www.realforexreviews.com\/wp-content\/plugins\/universal-star-rating\/includes\/image.php?img=06.png&amp;px=20&amp;max=5&amp;rat=5\" alt=\"5 out of 5 stars\" style=\"height: 20px !important;\" src=\"data:image\/svg+xml;base64,PHN2ZyB3aWR0aD0iMSIgaGVpZ2h0PSIxIiB4bWxucz0iaHR0cDovL3d3dy53My5vcmcvMjAwMC9zdmciPjwvc3ZnPg==\" \/><\/span><\/h4>\r\n<\/div>\r\n\r\nGli spread sulla piattaforma MetaTrader 4 variano, ma anche durante periodi di liquidit\u00e0 questi possono raggiungere 0 pip anche con le maggiori coppie valutarie come l\u2019EURUSD.\r\n\r\nUn tasso del genere porta ad ottenere<strong> un punteggio di 9.9 per quanto riguarda i rendimenti.<\/strong> \r\n\r\n<div class=\"retitle\">\r\n<h4>Tempistiche di prelievo<span class=\"score\"> 10\/10 <img decoding=\"async\" class=\"usr lazyload\" data-src=\"https:\/\/www.realforexreviews.com\/wp-content\/plugins\/universal-star-rating\/includes\/image.php?img=06.png&amp;px=20&amp;max=5&amp;rat=5\" alt=\"5 out of 5 stars\" style=\"height: 20px !important;\" src=\"data:image\/svg+xml;base64,PHN2ZyB3aWR0aD0iMSIgaGVpZ2h0PSIxIiB4bWxucz0iaHR0cDovL3d3dy53My5vcmcvMjAwMC9zdmciPjwvc3ZnPg==\" \/><\/span><\/h4>\r\n<\/div>\r\n\r\nDevi completare un modulo di prelievo e se questo viene inviato prima delle 21:00 GMT <strong>verr\u00e0 processato nella stessa giornata<\/strong>; altrimenti verr\u00e0 processato il giorno successivo.\r\n\r\nPepperstone ottiene un <strong>puntiggio per le tempistiche di prelievo di 10.<\/strong>\r\n\r\n<div class=\"retitle\">\r\n<h4>Metodi di deposito e prelievo<span class=\"score\"> 10\/10 <img decoding=\"async\" class=\"usr lazyload\" data-src=\"https:\/\/www.realforexreviews.com\/wp-content\/plugins\/universal-star-rating\/includes\/image.php?img=06.png&amp;px=20&amp;max=5&amp;rat=5\" alt=\"5 out of 5 stars\" style=\"height: 20px !important;\" src=\"data:image\/svg+xml;base64,PHN2ZyB3aWR0aD0iMSIgaGVpZ2h0PSIxIiB4bWxucz0iaHR0cDovL3d3dy53My5vcmcvMjAwMC9zdmciPjwvc3ZnPg==\" \/><\/span><\/h4>\r\n<\/div>\r\n\r\nVengono accettati pagamenti con carte di credito e debito, PayPal, POLi, China Union Pay, Bonifico Bancario (Interno e Internazionale), BPay, Skrill (Moneybookers), Neteller, Qiwi, Fasapay e anche Broker da Broker.\r\n\r\nTale livello di comodit\u00e0 per il cliente porta Pepperstone a guadagnare un <strong>punteggio di 10 per i metodi di deposito e prelievo.<\/strong>\r\n\r\n<div style=\"width: 743px\" class=\"wp-caption aligncenter\"><a href=\"\/regIT\/pepperstone\"><img decoding=\"async\" data-src=\"\/wp-content\/images\/reviews\/pepperstone_it\/pic3.jpg\" width=\"733\" height=\"1846\" alt=\"Metodi di deposito e prelievo di Pepperstone\" class=\"size-full lazyload\" src=\"data:image\/svg+xml;base64,PHN2ZyB3aWR0aD0iMSIgaGVpZ2h0PSIxIiB4bWxucz0iaHR0cDovL3d3dy53My5vcmcvMjAwMC9zdmciPjwvc3ZnPg==\" style=\"--smush-placeholder-width: 733px; --smush-placeholder-aspect-ratio: 733\/1846;\" \/><\/a><p class=\"wp-caption-text\">Metodi di deposito e prelievo di Pepperstone<\/p><\/div>\r\n\r\n<center><a href=\"\/regIT\/pepperstone\" class=\"open\" target=\"_blank\" rel=\"nofollow noopener noreferrer\">Visita il sito<\/a><\/center>\r\n\r\n<div class=\"retitle\">\r\n<h4>Supporto clienti<span class=\"score\"> 8.5\/10 <img decoding=\"async\" class=\"usr lazyload\" data-src=\"https:\/\/www.realforexreviews.com\/wp-content\/plugins\/universal-star-rating\/includes\/image.php?img=06.png&amp;px=20&amp;max=5&amp;rat=4.3\" alt=\"4.3 out of 5 stars\" style=\"height: 20px !important;\" src=\"data:image\/svg+xml;base64,PHN2ZyB3aWR0aD0iMSIgaGVpZ2h0PSIxIiB4bWxucz0iaHR0cDovL3d3dy53My5vcmcvMjAwMC9zdmciPjwvc3ZnPg==\" \/><\/span><\/h4>\r\n<\/div>\r\n\r\nIl dipartimento di supporto pu\u00f2 essere raggiunto facilmente al telefono, via email o tramite live chat. La professionalit\u00e0 e la gentilezza del team \u00e8 lodevole.\r\n\r\nPer questo assegniamo un <strong>punteggio di 8.5 per la categoria supporto clienti.<\/strong>\r\n\r\n<div style=\"width: 839px\" class=\"wp-caption aligncenter\"><a href=\"\/regIT\/pepperstone\"><img decoding=\"async\" data-src=\"\/wp-content\/images\/reviews\/pepperstone_it\/pic4.jpg\" width=\"829\" height=\"6131\" alt=\"Supporto clienti Pepperstone\" class=\"size-full lazyload\" src=\"data:image\/svg+xml;base64,PHN2ZyB3aWR0aD0iMSIgaGVpZ2h0PSIxIiB4bWxucz0iaHR0cDovL3d3dy53My5vcmcvMjAwMC9zdmciPjwvc3ZnPg==\" style=\"--smush-placeholder-width: 829px; --smush-placeholder-aspect-ratio: 829\/6131;\" \/><\/a><p class=\"wp-caption-text\">Supporto clienti Pepperstone<\/p><\/div>\r\n\r\n<center><a href=\"\/regIT\/pepperstone\" class=\"open\" target=\"_blank\" rel=\"nofollow noopener noreferrer\">Visita il sito<\/a><\/center>\r\n\r\n<div class=\"retitle\">\r\n<h4>Accuratezza delle quotazioni<span class=\"score\"> 10\/10 <img decoding=\"async\" class=\"usr lazyload\" data-src=\"https:\/\/www.realforexreviews.com\/wp-content\/plugins\/universal-star-rating\/includes\/image.php?img=06.png&amp;px=20&amp;max=5&amp;rat=5\" alt=\"5 out of 5 stars\" style=\"height: 20px !important;\" src=\"data:image\/svg+xml;base64,PHN2ZyB3aWR0aD0iMSIgaGVpZ2h0PSIxIiB4bWxucz0iaHR0cDovL3d3dy53My5vcmcvMjAwMC9zdmciPjwvc3ZnPg==\" \/><\/span><\/h4>\r\n<\/div>\r\n\r\nAnche in periodi di elevata liquidit\u00e0 <strong>i prezzi mostrati sulle piattaforme sono in tempo reale<\/strong> e si basano su diversi test effettuati.\r\n\r\nPer questo motivo abbiamo assegnato un <strong>punteggio per la categoria Accuratezza delle Quotazioni di 10.<\/strong>\r\n\r\n<div class=\"retitle\">\r\n<h4>Credibilit\u00e0<span class=\"score\"> 8.7\/10 <img decoding=\"async\" class=\"usr lazyload\" data-src=\"https:\/\/www.realforexreviews.com\/wp-content\/plugins\/universal-star-rating\/includes\/image.php?img=06.png&amp;px=20&amp;max=5&amp;rat=4.4\" alt=\"4.4 out of 5 stars\" style=\"height: 20px !important;\" src=\"data:image\/svg+xml;base64,PHN2ZyB3aWR0aD0iMSIgaGVpZ2h0PSIxIiB4bWxucz0iaHR0cDovL3d3dy53My5vcmcvMjAwMC9zdmciPjwvc3ZnPg==\" \/><\/span><\/h4>\r\n<\/div>\r\n\r\nSulla base della profilazione effettuata da parte nostra, <strong>la reputazione di questo broker rimane solida, specialmente tra i trader italiani.<\/strong>\r\n\r\nLa <strong>regolamentazione da parte della CySEC e dell\u2019FCA<\/strong>, oltre ai numerosi premi ottenuti sottolineano l\u2019attendibilit\u00e0 di questo broker.\r\n\r\nQuesto fa s\u00ec che Pepperstone ottenga un <strong>punteggio di 8.7 per la reputazione.<\/strong>\r\n\r\n&nbsp;\r\n<table width=\"100%\">\r\n<tbody>\r\n<tr>\r\n<td style=\"background-image:inherit; background-repeat: no-repeat; background-position: left;\" height=200 data-bg-image=\"url(&#039;https:\/\/www.realforexreviews.com\/wp-content\/smush-webp\/2020\/03\/trading-background2.jpg.webp&#039;)\" class=\"lazyload\"><img decoding=\"async\" data-src=\"\/wp-content\/images\/header\/pepperstone.png\" alt=\"Pepperstone logo\" src=\"data:image\/svg+xml;base64,PHN2ZyB3aWR0aD0iMSIgaGVpZ2h0PSIxIiB4bWxucz0iaHR0cDovL3d3dy53My5vcmcvMjAwMC9zdmciPjwvc3ZnPg==\" class=\"lazyload\" style=\"--smush-placeholder-width: 150px; --smush-placeholder-aspect-ratio: 150\/40;\" \/><\/td>\r\n<\/tr>\r\n<tr>\r\n<td style=\"text-align: left; padding: 0px 30px 30px 30px; background-color: #f3f3f3;\">\r\n<div id=\"conclusion\" class=\"retitle\">\r\n<h4>Conclusioni<span class=\"score\"> 9\/10 <img decoding=\"async\" class=\"usr lazyload\" data-src=\"https:\/\/www.realforexreviews.com\/wp-content\/plugins\/universal-star-rating\/includes\/image.php?img=06.png&amp;px=20&amp;max=5&amp;rat=4.5\" alt=\"4.5 out of 5 stars\" style=\"height: 20px !important;\" src=\"data:image\/svg+xml;base64,PHN2ZyB3aWR0aD0iMSIgaGVpZ2h0PSIxIiB4bWxucz0iaHR0cDovL3d3dy53My5vcmcvMjAwMC9zdmciPjwvc3ZnPg==\" \/><\/span><\/h4>\r\n<\/div>\r\n\r\n<strong>Pepperstone mette a disposizione un\u2019ampia gamma di piattaforme<\/strong> che offrono accesso a prezzi ridotti, con esecuzioni rapide e <strong>condizioni di trading eccezionali.<\/strong>\r\n\r\nIl fatto che operino in ottemperanza delle regolamentazioni di carattere finanziario ti offre <strong>la serenit\u00e0 di fare trading con un broker fidato<\/strong>, mentre il servizio clienti personalizzato offerto ti rassicura sulla presenza di un team di supporto che puoi contattare immediatamente. \r\n\r\n&nbsp;\r\n\r\n<center><a class=\"open\" href=\"\/regIT\/pepperstone\" target=\"_blank\" rel=\"nofollow noopener noreferrer\">Visita il sito!<\/a><\/center><\/td>\r\n<\/tr>\r\n<\/tbody>\r\n<\/table>\r\n\r\n&nbsp;\r\n\r\n[\/vc_column_text][\/vc_column][\/vc_row]\r\n\r\n\r\n\r\n\r\n\r\n","protected":false},"excerpt":{"rendered":"[vc_row][vc_column][vc_column_text] Introduzione o Salta contenuti e Leggere il Bottom Line! Pepperstone \u00e8 un broker forex e di CFD online in attivit\u00e0 dal 2010. Leggi questa recensione per scoprire se rappresenta una buona scelta per fare trading. &nbsp; Recensione Pepperstone Fondato 2010 Piattaforma MetaTrader 4, MetaTrader 4 Mac, MetaTrader 5, WebTrader, iPhone, Android, Applicazione di trading [&hellip;]","protected":false},"author":57,"featured_media":53034,"parent":362,"menu_order":0,"comment_status":"open","ping_status":"closed","template":"","meta":{"_acf_changed":false,"footnotes":""},"class_list":["post-7557","page","type-page","status-publish","has-post-thumbnail","hentry"],"acf":[],"aioseo_notices":[],"_links":{"self":[{"href":"https:\/\/www.realforexreviews.com\/it\/wp-json\/wp\/v2\/pages\/7557","targetHints":{"allow":["GET"]}}],"collection":[{"href":"https:\/\/www.realforexreviews.com\/it\/wp-json\/wp\/v2\/pages"}],"about":[{"href":"https:\/\/www.realforexreviews.com\/it\/wp-json\/wp\/v2\/types\/page"}],"author":[{"embeddable":true,"href":"https:\/\/www.realforexreviews.com\/it\/wp-json\/wp\/v2\/users\/57"}],"replies":[{"embeddable":true,"href":"https:\/\/www.realforexreviews.com\/it\/wp-json\/wp\/v2\/comments?post=7557"}],"version-history":[{"count":17,"href":"https:\/\/www.realforexreviews.com\/it\/wp-json\/wp\/v2\/pages\/7557\/revisions"}],"predecessor-version":[{"id":70970,"href":"https:\/\/www.realforexreviews.com\/it\/wp-json\/wp\/v2\/pages\/7557\/revisions\/70970"}],"up":[{"embeddable":true,"href":"https:\/\/www.realforexreviews.com\/it\/wp-json\/wp\/v2\/pages\/362"}],"wp:featuredmedia":[{"embeddable":true,"href":"https:\/\/www.realforexreviews.com\/it\/wp-json\/wp\/v2\/media\/53034"}],"wp:attachment":[{"href":"https:\/\/www.realforexreviews.com\/it\/wp-json\/wp\/v2\/media?parent=7557"}],"curies":[{"name":"wp","href":"https:\/\/api.w.org\/{rel}","templated":true}]}}