{"id":4527,"date":"2014-09-04T12:31:15","date_gmt":"2014-09-04T12:31:15","guid":{"rendered":"https:\/\/new.realforexreviews.com\/pl\/platforms\/"},"modified":"2020-12-26T09:00:33","modified_gmt":"2020-12-26T09:00:33","slug":"platforms","status":"publish","type":"page","link":"https:\/\/www.realforexreviews.com\/pl\/platforms","title":{"rendered":"Ocena Platformy 2021"},"content":{"rendered":"<table style=\"border:1px dotted; box-shadow:0px 0px 10px 5px black; margin:20px; width:700px\" border=\"1\" cellpadding=\"10\">\r\n\r\n<tbody><tr>\r\n<td align=\"center\" height=\"80px\" valign=\"middle\" width=\"20%\"><center>Plus500<\/center><\/td>\r\n<td align=\"center\" height=\"80px\" valign=\"middle\" width=\"46%\"><center>Poza tym, \u017ce dostarcza us\u0142ugi CFD, Plus500 jest r\u00f3wnie\u017c tw\u00f3rc\u0105 platform i zamiast polega\u0107 na zewn\u0119trznych dostawcach, firma przyj\u0119\u0142a inne podej\u015bcie do kwestii zach\u0119cania handluj\u0105cych i sama stworzy\u0142a platform\u0119. Istnieje mo\u017cliwo\u015b\u0107 skorzystania z aplikacji internetowej lub pobrania programu, kt\u00f3ry ma w zasadzie takie same funkcjonalno\u015bci.<\/center><\/td>\r\n<td align=\"center\" height=\"80px\" valign=\"middle\" width=\"33%\"><center><a class=\"open\" href=\"https:\/\/www.realforexreviews.com\/pl\/platforms\/plus500\/\">Ocena Platformy<\/a><\/center><\/td>\r\n<\/tr>\r\n<tr>\r\n<td align=\"center\" height=\"80px\" valign=\"middle\" width=\"20%\"><center>MetaTrader4<\/center><\/td>\r\n<td align=\"center\" height=\"80px\" valign=\"middle\" width=\"46%\"><center>MetaTrader4 jest jedn\u0105 z najpopularniejszych platform handlowych na rynku i jest ona oferowana obecnie przez wi\u0119kszo\u015b\u0107 broker\u00f3w Forex.  Zosta\u0142a stworzona przez MetaQuotes Software i mo\u017ce by\u0107 pobrana bezpo\u015brednio od dziesi\u0105tk\u00f3w broker\u00f3w walutowych online za darmo i jest dost\u0119pna w formie aplikacji na pulpit oraz urz\u0105dzenia mobilne. .<\/center><\/td>\r\n<td align=\"center\" height=\"80px\" valign=\"middle\" width=\"33%\"><center><a class=\"open\" href=\"https:\/\/www.realforexreviews.com\/pl\/platforms\/metatrader4\/\">Ocena Platformy<\/a><\/center><\/td>\r\n<\/tr>\r\n<\/tbody><\/table>\r\n\r\n","protected":false},"excerpt":{"rendered":"Plus500 Poza tym, \u017ce dostarcza us\u0142ugi CFD, Plus500 jest r\u00f3wnie\u017c tw\u00f3rc\u0105 platform i zamiast polega\u0107 na zewn\u0119trznych dostawcach, firma przyj\u0119\u0142a inne podej\u015bcie do kwestii zach\u0119cania handluj\u0105cych i sama stworzy\u0142a platform\u0119. Istnieje mo\u017cliwo\u015b\u0107 skorzystania z aplikacji internetowej lub pobrania programu, kt\u00f3ry ma w zasadzie takie same funkcjonalno\u015bci. Ocena Platformy MetaTrader4 MetaTrader4 jest jedn\u0105 z najpopularniejszych platform [&hellip;]","protected":false},"author":57,"featured_media":0,"parent":0,"menu_order":0,"comment_status":"closed","ping_status":"closed","template":"","meta":{"_acf_changed":false,"footnotes":""},"class_list":["post-4527","page","type-page","status-publish","hentry"],"acf":[],"aioseo_notices":[],"_links":{"self":[{"href":"https:\/\/www.realforexreviews.com\/pl\/wp-json\/wp\/v2\/pages\/4527","targetHints":{"allow":["GET"]}}],"collection":[{"href":"https:\/\/www.realforexreviews.com\/pl\/wp-json\/wp\/v2\/pages"}],"about":[{"href":"https:\/\/www.realforexreviews.com\/pl\/wp-json\/wp\/v2\/types\/page"}],"author":[{"embeddable":true,"href":"https:\/\/www.realforexreviews.com\/pl\/wp-json\/wp\/v2\/users\/57"}],"replies":[{"embeddable":true,"href":"https:\/\/www.realforexreviews.com\/pl\/wp-json\/wp\/v2\/comments?post=4527"}],"version-history":[{"count":1,"href":"https:\/\/www.realforexreviews.com\/pl\/wp-json\/wp\/v2\/pages\/4527\/revisions"}],"predecessor-version":[{"id":71006,"href":"https:\/\/www.realforexreviews.com\/pl\/wp-json\/wp\/v2\/pages\/4527\/revisions\/71006"}],"wp:attachment":[{"href":"https:\/\/www.realforexreviews.com\/pl\/wp-json\/wp\/v2\/media?parent=4527"}],"curies":[{"name":"wp","href":"https:\/\/api.w.org\/{rel}","templated":true}]}}