{"id":4530,"date":"2014-09-14T13:12:08","date_gmt":"2014-09-14T13:12:08","guid":{"rendered":"https:\/\/new.realforexreviews.com\/pl\/platforms\/plus500\/"},"modified":"2020-12-26T09:00:56","modified_gmt":"2020-12-26T09:00:56","slug":"plus500","status":"publish","type":"page","link":"https:\/\/www.realforexreviews.com\/pl\/platforms\/plus500","title":{"rendered":"Plus500 Ocena Platformy 2021"},"content":{"rendered":"<p>[vc_row][vc_column][vc_column_text]<\/p>\r\n<div id=\"end\" class=\"retitle\">\r\n<h4>Wprowadzenie <a class=\"readbottomline\" href=\"#conclusion\">lub Przeczyta\u0107 Konkluzja!<\/a><\/h4>\r\n<\/div>\r\n<p>Poza tym, \u017ce dostarcza us\u0142ugi CFD, Plus500 jest r\u00f3wnie\u017c tw\u00f3rc\u0105 platform i zamiast polega\u0107 na zewn\u0119trznych dostawcach, firma przyj\u0119\u0142a inne podej\u015bcie do kwestii zach\u0119cania handluj\u0105cych i sama stworzy\u0142a platform\u0119.<\/p>\r\n<p>Istnieje mo\u017cliwo\u015b\u0107 skorzystania z aplikacji internetowej lub pobrania programu, kt\u00f3ry ma w zasadzie takie same funkcjonalno\u015bci.<\/p>\r\n<p>[\/vc_column_text][vc_column_text]<center><a href=\"https:\/\/www.plus500.pl\/?id=80152&#038;tags=rfrPLban&#038;pl=2\" target=\"_blank\" title=\"+\" rel=\"noopener noreferrer\"><img fetchpriority=\"high\" decoding=\"async\" src=\"https:\/\/cdn.plus500.com\/Media\/Banners\/728x90\/31920.gif?set=Excel_New&#038;language=PL&#038;country=PL\" width=\"728\" height=\"90\" border=\"0\" alt=\"Plus500 banner\" \/><\/a><\/center>[\/vc_column_text][vc_column_text]<\/p>\r\n<div class=\"retitle\">\r\n<h4>Szybko\u015b\u0107 handlu i reakcja<span class=\"score\"> 10\/10 <img decoding=\"async\" class=\"usr lazyload\" data-src=\"https:\/\/www.realforexreviews.com\/wp-content\/plugins\/universal-star-rating\/includes\/image.php?img=06.png&amp;px=20&amp;max=5&amp;rat=5\" alt=\"5 out of 5 stars\" style=\"height: 20px !important;\" src=\"data:image\/svg+xml;base64,PHN2ZyB3aWR0aD0iMSIgaGVpZ2h0PSIxIiB4bWxucz0iaHR0cDovL3d3dy53My5vcmcvMjAwMC9zdmciPjwvc3ZnPg==\" \/><\/span><\/h4>\r\n<\/div>\r\n<p>Platforma jest bardzo szybka i responsywna na ka\u017cde polecenie i podaje notowania w czasie rzeczywistym, co jest bardzo wa\u017cne w handlu, szczeg\u00f3lnie gdy rynki szybko si\u0119 zmieniaj\u0105.<\/p>\r\n<div style=\"width: 368px\" class=\"wp-caption aligncenter\"><a href=\"\/regPL\/plus500\"><img decoding=\"async\" class=\"size-full lazyload\" data-src=\"\/wp-content\/images\/reviews\/plus500plat\/pic1.jpg\" alt=\"Ekran handlu Plus500\" width=\"358\" height=\"805\" src=\"data:image\/svg+xml;base64,PHN2ZyB3aWR0aD0iMSIgaGVpZ2h0PSIxIiB4bWxucz0iaHR0cDovL3d3dy53My5vcmcvMjAwMC9zdmciPjwvc3ZnPg==\" style=\"--smush-placeholder-width: 358px; --smush-placeholder-aspect-ratio: 358\/805;\" \/><\/a><p class=\"wp-caption-text\">Ekran handlu Plus500<\/p><\/div><center><span class=\"cfdservice\">Przyk\u0142adowe ceny<\/span><\/center>[\/vc_column_text][vc_column_text]<\/p>\r\n<div class=\"retitle\">\r\n<h4>Strona wizualna<span class=\"score\"> 9\/10 <img decoding=\"async\" class=\"usr lazyload\" data-src=\"https:\/\/www.realforexreviews.com\/wp-content\/plugins\/universal-star-rating\/includes\/image.php?img=06.png&amp;px=20&amp;max=5&amp;rat=4.5\" alt=\"4.5 out of 5 stars\" style=\"height: 20px !important;\" src=\"data:image\/svg+xml;base64,PHN2ZyB3aWR0aD0iMSIgaGVpZ2h0PSIxIiB4bWxucz0iaHR0cDovL3d3dy53My5vcmcvMjAwMC9zdmciPjwvc3ZnPg==\" \/><\/span><\/h4>\r\n<\/div>\r\n<p>Platforma mo\u017ce nie wydawa\u0107 si\u0119 najbardziej atrakcyjna na rynku od strony wizualnej, jednak jej minimalistyczny design sprawia, \u017ce jest ona jeszcze bardziej atrakcyjna.<\/p>\r\n<p>Nawet dob\u00f3r kolor\u00f3w jest doskona\u0142y do uk\u0142adu, jako \u017ce b\u0142\u0119kitny motyw jest modny i \u0142atwo przyci\u0105ga uwag\u0119.<\/p>\r\n<div id=\"attachment_47476\" style=\"width: 1290px\" class=\"wp-caption aligncenter\"><a href=\"\/regPL\/plus500\" target=\"_blank\" rel=\"noopener noreferrer\"><img decoding=\"async\" aria-describedby=\"caption-attachment-47476\" class=\"size-full wp-image-47476 lazyload\" data-src=\"https:\/\/www.realforexreviews.com\/wp-content\/smush-webp\/2019\/09\/Plus500-Web-Trader-platform.jpg.webp\" alt=\"Platforma Plus500 WebTrader\" width=\"1280\" height=\"1024\" data-srcset=\"https:\/\/www.realforexreviews.com\/wp-content\/smush-webp\/2019\/09\/Plus500-Web-Trader-platform.jpg.webp 1280w, https:\/\/www.realforexreviews.com\/wp-content\/smush-webp\/2019\/09\/Plus500-Web-Trader-platform-300x240.jpg.webp 300w, https:\/\/www.realforexreviews.com\/wp-content\/smush-webp\/2019\/09\/Plus500-Web-Trader-platform-768x614.jpg.webp 768w, https:\/\/www.realforexreviews.com\/wp-content\/smush-webp\/2019\/09\/Plus500-Web-Trader-platform-1024x819.jpg.webp 1024w\" data-sizes=\"(max-width: 1280px) 100vw, 1280px\" src=\"data:image\/svg+xml;base64,PHN2ZyB3aWR0aD0iMSIgaGVpZ2h0PSIxIiB4bWxucz0iaHR0cDovL3d3dy53My5vcmcvMjAwMC9zdmciPjwvc3ZnPg==\" style=\"--smush-placeholder-width: 1280px; --smush-placeholder-aspect-ratio: 1280\/1024;\" \/><\/a><p id=\"caption-attachment-47476\" class=\"wp-caption-text\">Platforma Plus500 WebTrader<\/p><\/div><center><span class=\"cfdservice\">Przyk\u0142adowe ceny<\/span><\/center>[\/vc_column_text][vc_column_text]<\/p>\r\n<div class=\"retitle\">\r\n<h4>Grafiki<span class=\"score\"> 9\/10 <img decoding=\"async\" class=\"usr lazyload\" data-src=\"https:\/\/www.realforexreviews.com\/wp-content\/plugins\/universal-star-rating\/includes\/image.php?img=06.png&amp;px=20&amp;max=5&amp;rat=4.5\" alt=\"4.5 out of 5 stars\" style=\"height: 20px !important;\" src=\"data:image\/svg+xml;base64,PHN2ZyB3aWR0aD0iMSIgaGVpZ2h0PSIxIiB4bWxucz0iaHR0cDovL3d3dy53My5vcmcvMjAwMC9zdmciPjwvc3ZnPg==\" \/><\/span><\/h4>\r\n<\/div>\r\n<p>Platforma zawiera oprogramowanie do tworzenia wykres\u00f3w, kt\u00f3re jest dost\u0119pne dla wszystkich wymienionych aktyw\u00f3w.<\/p>\r\n<p>Istnieje mo\u017cliwo\u015b\u0107 wy\u015bwietlenia ich w formie wykresu liniowego lub \u015bwiecowego, kt\u00f3ry mo\u017ce zosta\u0107 wykorzystany do przeprowadzania analiz technicznych.<\/p>\r\n<div style=\"width: 1206px\" class=\"wp-caption aligncenter\"><a href=\"\/regPL\/plus500\"><img decoding=\"async\" class=\"size-full lazyload\" data-src=\"\/wp-content\/images\/reviews\/plus500plat\/pic3.jpg\" alt=\"Plus500 grafiki\" width=\"1196\" height=\"427\" src=\"data:image\/svg+xml;base64,PHN2ZyB3aWR0aD0iMSIgaGVpZ2h0PSIxIiB4bWxucz0iaHR0cDovL3d3dy53My5vcmcvMjAwMC9zdmciPjwvc3ZnPg==\" style=\"--smush-placeholder-width: 1196px; --smush-placeholder-aspect-ratio: 1196\/427;\" \/><\/a><p class=\"wp-caption-text\">Plus500 grafiki<\/p><\/div><center><span class=\"cfdservice\">Przyk\u0142adowe ceny<\/span><\/center>[\/vc_column_text][vc_column_text]<\/p>\r\n<div class=\"retitle\">\r\n<h4>Nawigowanie<span class=\"score\"> 8\/10 <img decoding=\"async\" class=\"usr lazyload\" data-src=\"https:\/\/www.realforexreviews.com\/wp-content\/plugins\/universal-star-rating\/includes\/image.php?img=06.png&amp;px=20&amp;max=5&amp;rat=4\" alt=\"4 out of 5 stars\" style=\"height: 20px !important;\" src=\"data:image\/svg+xml;base64,PHN2ZyB3aWR0aD0iMSIgaGVpZ2h0PSIxIiB4bWxucz0iaHR0cDovL3d3dy53My5vcmcvMjAwMC9zdmciPjwvc3ZnPg==\" \/><\/span><\/h4>\r\n<\/div>\r\n<p>Poruszanie si\u0119 po platformie nie jest problemem dzi\u0119ki uproszczonemu uk\u0142adowi i strukturze.<\/p>\r\n<p>Jest r\u00f3wnie\u017c przycisk umo\u017cliwiaj\u0105cy prze\u0142\u0105czenie si\u0119 mi\u0119dzy prawdziwymi pieni\u0119dzmi i kontami demo, je\u015bli handluj\u0105cy potrzebuje praktyki.<\/p>\r\n<p>[\/vc_column_text][vc_column_text]<\/p>\r\n<div class=\"retitle\">\r\n<h4>Funkcjonalno\u015bci<span class=\"score\"> 9\/10 <img decoding=\"async\" class=\"usr lazyload\" data-src=\"https:\/\/www.realforexreviews.com\/wp-content\/plugins\/universal-star-rating\/includes\/image.php?img=06.png&amp;px=20&amp;max=5&amp;rat=4.5\" alt=\"4.5 out of 5 stars\" style=\"height: 20px !important;\" src=\"data:image\/svg+xml;base64,PHN2ZyB3aWR0aD0iMSIgaGVpZ2h0PSIxIiB4bWxucz0iaHR0cDovL3d3dy53My5vcmcvMjAwMC9zdmciPjwvc3ZnPg==\" \/><\/span><\/h4>\r\n<\/div>\r\n<p>Ma pewne unikalne funkcjonalno\u015bci, kt\u00f3rych brak obecnie wi\u0119kszo\u015bci brokerom Forex.<\/p>\r\n<p>Jedn\u0105 z nich jest konto demo, kt\u00f3re nie jest w \u017caden spos\u00f3b ograniczone czasowo.<\/p>\r\n<p>Oznacza to, \u017ce \u0107wiczenie handlu jest mo\u017cliwe w ka\u017cdej chwili, jako \u017ce nie istniej\u0105 \u017cadne ograniczenia czasowe, a konto demo nie wygasa.<\/p>\r\n<p>[\/vc_column_text][vc_column_text]<\/p>\r\n<div class=\"retitle\">\r\n<h4>\u015aledzenie konta<span class=\"score\"> 10\/10 <img decoding=\"async\" class=\"usr lazyload\" data-src=\"https:\/\/www.realforexreviews.com\/wp-content\/plugins\/universal-star-rating\/includes\/image.php?img=06.png&amp;px=20&amp;max=5&amp;rat=5\" alt=\"5 out of 5 stars\" style=\"height: 20px !important;\" src=\"data:image\/svg+xml;base64,PHN2ZyB3aWR0aD0iMSIgaGVpZ2h0PSIxIiB4bWxucz0iaHR0cDovL3d3dy53My5vcmcvMjAwMC9zdmciPjwvc3ZnPg==\" \/><\/span><\/h4>\r\n<\/div>\r\n<p>Platforma ma kompleksowy system \u015bledzenia konta, kt\u00f3ry zawiera wszystkie transakcje przeprowadzone przy u\u017cyciu konta oraz wszystkie wa\u017cne szczeg\u00f3\u0142y dotycz\u0105ce tych transakcji.<\/p>\r\n<div style=\"width: 1288px\" class=\"wp-caption aligncenter\"><a href=\"\/regPL\/plus500\"><img decoding=\"async\" class=\"size-full lazyload\" data-src=\"\/wp-content\/images\/reviews\/plus500plat\/pic4.jpg\" alt=\"Plus500 \u015bledzenie konta\" width=\"1278\" height=\"422\" src=\"data:image\/svg+xml;base64,PHN2ZyB3aWR0aD0iMSIgaGVpZ2h0PSIxIiB4bWxucz0iaHR0cDovL3d3dy53My5vcmcvMjAwMC9zdmciPjwvc3ZnPg==\" style=\"--smush-placeholder-width: 1278px; --smush-placeholder-aspect-ratio: 1278\/422;\" \/><\/a><p class=\"wp-caption-text\">Plus500 \u015bledzenie konta<\/p><\/div><center><span class=\"cfdservice\">Przyk\u0142adowe ceny<\/span><\/center>[\/vc_column_text][vc_column_text]<\/p>\r\n<table width=\"100%\">\r\n<tbody>\r\n<tr>\r\n<td style=\"background-image:inherit; background-repeat: no-repeat; background-position: left;\" height=\"200\" data-bg-image=\"url(&#039;https:\/\/www.realforexreviews.com\/wp-content\/smush-webp\/2020\/03\/trading-background2.jpg.webp&#039;)\" class=\"lazyload\"><img decoding=\"async\" data-src=\"\/wp-content\/images\/header\/plus500.png\" alt=\"Plus500 logo\" src=\"data:image\/svg+xml;base64,PHN2ZyB3aWR0aD0iMSIgaGVpZ2h0PSIxIiB4bWxucz0iaHR0cDovL3d3dy53My5vcmcvMjAwMC9zdmciPjwvc3ZnPg==\" class=\"lazyload\" style=\"--smush-placeholder-width: 200px; --smush-placeholder-aspect-ratio: 200\/80;\" \/><\/td>\r\n<\/tr>\r\n<tr>\r\n<td style=\"text-align: left; padding: 0px 30px 30px 30px; background-color: #f3f3f3;\">\r\n<div id=\"conclusion\" class=\"retitle\">\r\n<h4>Wniosek <span class=\"score\">9.43\/10 <img decoding=\"async\" class=\"usr lazyload\" data-src=\"https:\/\/www.realforexreviews.com\/wp-content\/plugins\/universal-star-rating\/includes\/image.php?img=06.png&amp;px=20&amp;max=5&amp;rat=4.7\" alt=\"4.7 out of 5 stars\" style=\"height: 20px !important;\" src=\"data:image\/svg+xml;base64,PHN2ZyB3aWR0aD0iMSIgaGVpZ2h0PSIxIiB4bWxucz0iaHR0cDovL3d3dy53My5vcmcvMjAwMC9zdmciPjwvc3ZnPg==\" \/><\/span><\/h4>\r\n<\/div>\r\n<p>Plus500 w pe\u0142ni wykorzysta\u0142o mo\u017cliwo\u015b\u0107 stworzenia swojej w\u0142asnej platformy, umieszczaj\u0105c na niej wiele przydatnych funkcjonalno\u015bci, kt\u00f3re s\u0105 potrzebne w handlu walutami w internecie.<\/p>\r\n<p>Z intuicyjnym i \u0142atwym w u\u017cyciu interfejsem, wyj\u0105tkowym pakietem to przygotowywania wykres\u00f3w, nieograniczonym kontem demo oraz kompleksowym systemem \u015bledzenia konta, firma by\u0142a w stanie stworzy\u0107 kompletne rozwi\u0105zanie dla handluj\u0105cych Forex i CFD.<\/p>\r\n<p>&nbsp;<\/p>\r\n<p><center><a class=\"open\" href=\"\/regPL\/plus500\" target=\"_blank\" rel=\"nofollow noopener noreferrer\">Odwied\u017a Plus500!<\/a><\/center><\/td>\r\n<\/tr>\r\n<\/tbody>\r\n<\/table>\r\n<span class=\"cfdservice\">77% rachunk\u00f3w inwestor\u00f3w detalicznych odnotowuje straty pieni\u0119\u017cne w wyniku handlu kontraktami CFD u niniejszego dostawcy. Zastan\u00f3w si\u0119, czy mo\u017cesz pozwoli\u0107 sobie na wysokie ryzyko utraty twoich pieni\u0119dzy.<\/span>\r\n<p>[\/vc_column_text][vc_column_text]<center><a href=\"https:\/\/www.plus500.pl\/?id=80152&#038;tags=rfrPLban&#038;pl=2\" target=\"_blank\" title=\"+\" rel=\"noopener noreferrer\"><img fetchpriority=\"high\" decoding=\"async\" src=\"https:\/\/cdn.plus500.com\/Media\/Banners\/728x90\/31920.gif?set=Excel_New&#038;language=PL&#038;country=PL\" width=\"728\" height=\"90\" border=\"0\" alt=\"Plus500 banner\" \/><\/a><\/center>[\/vc_column_text][\/vc_column][\/vc_row]<\/p>\r\n","protected":false},"excerpt":{"rendered":"[vc_row][vc_column][vc_column_text] Wprowadzenie lub Przeczyta\u0107 Konkluzja! Poza tym, \u017ce dostarcza us\u0142ugi CFD, Plus500 jest r\u00f3wnie\u017c tw\u00f3rc\u0105 platform i zamiast polega\u0107 na zewn\u0119trznych dostawcach, firma przyj\u0119\u0142a inne podej\u015bcie do kwestii zach\u0119cania handluj\u0105cych i sama stworzy\u0142a platform\u0119. Istnieje mo\u017cliwo\u015b\u0107 skorzystania z aplikacji internetowej lub pobrania programu, kt\u00f3ry ma w zasadzie takie same funkcjonalno\u015bci. [\/vc_column_text][vc_column_text][\/vc_column_text][vc_column_text] Szybko\u015b\u0107 handlu i reakcja [&hellip;]","protected":false},"author":57,"featured_media":0,"parent":4527,"menu_order":0,"comment_status":"open","ping_status":"closed","template":"","meta":{"_acf_changed":false,"footnotes":""},"class_list":["post-4530","page","type-page","status-publish","hentry"],"acf":[],"aioseo_notices":[],"_links":{"self":[{"href":"https:\/\/www.realforexreviews.com\/pl\/wp-json\/wp\/v2\/pages\/4530","targetHints":{"allow":["GET"]}}],"collection":[{"href":"https:\/\/www.realforexreviews.com\/pl\/wp-json\/wp\/v2\/pages"}],"about":[{"href":"https:\/\/www.realforexreviews.com\/pl\/wp-json\/wp\/v2\/types\/page"}],"author":[{"embeddable":true,"href":"https:\/\/www.realforexreviews.com\/pl\/wp-json\/wp\/v2\/users\/57"}],"replies":[{"embeddable":true,"href":"https:\/\/www.realforexreviews.com\/pl\/wp-json\/wp\/v2\/comments?post=4530"}],"version-history":[{"count":5,"href":"https:\/\/www.realforexreviews.com\/pl\/wp-json\/wp\/v2\/pages\/4530\/revisions"}],"predecessor-version":[{"id":71008,"href":"https:\/\/www.realforexreviews.com\/pl\/wp-json\/wp\/v2\/pages\/4530\/revisions\/71008"}],"up":[{"embeddable":true,"href":"https:\/\/www.realforexreviews.com\/pl\/wp-json\/wp\/v2\/pages\/4527"}],"wp:attachment":[{"href":"https:\/\/www.realforexreviews.com\/pl\/wp-json\/wp\/v2\/media?parent=4530"}],"curies":[{"name":"wp","href":"https:\/\/api.w.org\/{rel}","templated":true}]}}