{"id":4531,"date":"2014-09-14T11:21:10","date_gmt":"2014-09-14T11:21:10","guid":{"rendered":"https:\/\/new.realforexreviews.com\/pl\/platforms\/metatrader4\/"},"modified":"2020-12-26T09:00:46","modified_gmt":"2020-12-26T09:00:46","slug":"metatrader4","status":"publish","type":"page","link":"https:\/\/www.realforexreviews.com\/pl\/platforms\/metatrader4","title":{"rendered":"MetaTrader4 Ocena Platformy 2021"},"content":{"rendered":"<p>[vc_row][vc_column][vc_column_text]<\/p>\r\n<div id=\"end\" class=\"retitle\">\r\n<h4>Wprowadzenie <a class=\"readbottomline\" href=\"#conclusion\">lub Przeczyta\u0107 Konkluzja!<\/a><\/h4>\r\n<\/div>\r\n<p>MetaTrader4 jest jedn\u0105 z najpopularniejszych platform handlowych na rynku i jest ona oferowana obecnie przez wi\u0119kszo\u015b\u0107 broker\u00f3w Forex.<\/p>\r\n<p>Zosta\u0142a stworzona przez MetaQutoes Software i mo\u017ce by\u0107 pobrana bezpo\u015brednio od dziesi\u0105tk\u00f3w broker\u00f3w walutowych online za darmo i jest dost\u0119pna w formie aplikacji na pulpit oraz urz\u0105dzenia mobilne.<\/p>\r\n<p>Ta platforma oferowana przez <a href=\"\/pl\/brokers\/xm\/\">XM<\/a>, <a href=\"\/pl\/brokers\/avatrade\/\">AvaTrade<\/a> i <a href=\"\/pl\/brokers\/pepperstone\/\">Pepperstone<\/a>.<\/p>\r\n<p>[\/vc_column_text][vc_column_text]<center><a href=\"https:\/\/clicks.pipaffiliates.com\/c?m=8535&#038;c=547186\"><img fetchpriority=\"high\" decoding=\"async\" src=\"https:\/\/ads.pipaffiliates.com\/i\/8535?c=547186\" width=\"728\" height=\"90\" alt=\"XM banner\"\/><\/a><\/center>[\/vc_column_text][vc_column_text]<\/p>\r\n<div class=\"retitle\">\r\n<h4>Szybko\u015b\u0107 handlu i reakcja<span class=\"score\"> 9\/10 <img decoding=\"async\" class=\"usr lazyload\" data-src=\"https:\/\/www.realforexreviews.com\/wp-content\/plugins\/universal-star-rating\/includes\/image.php?img=06.png&amp;px=20&amp;max=5&amp;rat=4.5\" alt=\"4.5 out of 5 stars\" style=\"height: 20px !important;\" src=\"data:image\/svg+xml;base64,PHN2ZyB3aWR0aD0iMSIgaGVpZ2h0PSIxIiB4bWxucz0iaHR0cDovL3d3dy53My5vcmcvMjAwMC9zdmciPjwvc3ZnPg==\" \/><\/span><\/h4>\r\n<\/div>\r\n<p>Platforma jest bardzo responsywna i stworzona w inteligentny spos\u00f3b.<\/p>\r\n<p>Czas reakcji jest ca\u0142kiem kr\u00f3tki w przypadku wi\u0119kszo\u015bci grafik, a wszystkie elementy \u0142aduj\u0105 si\u0119 w zaledwie kilka sekund.<\/p>\r\n<p>Wyceny wt\u00f3rne i po\u015blizgi cenowe s\u0105 bardzo rzadkie, a sk\u0142adanie zam\u00f3wienia przebiega szybko z minimalnym op\u00f3\u017anieniem mi\u0119dzy naci\u015bni\u0119ciem przycisku i realizacj\u0105 transakcji.<\/p>\r\n<div style=\"width: 778px\" class=\"wp-caption aligncenter\"><a href=\"\/regPL\/avatrade\"><img decoding=\"async\" class=\"size-full lazyload\" data-src=\"\/wp-content\/images\/reviews\/metatrader4\/pic1.jpg\" alt=\"Ekran handlu MT4\" width=\"768\" height=\"439\" src=\"data:image\/svg+xml;base64,PHN2ZyB3aWR0aD0iMSIgaGVpZ2h0PSIxIiB4bWxucz0iaHR0cDovL3d3dy53My5vcmcvMjAwMC9zdmciPjwvc3ZnPg==\" style=\"--smush-placeholder-width: 768px; --smush-placeholder-aspect-ratio: 768\/439;\" \/><\/a><p class=\"wp-caption-text\">Ekran handlu MT4<\/p><\/div>[\/vc_column_text][vc_column_text]<\/p>\r\n<div class=\"retitle\">\r\n<h4>Strona wizualna<span class=\"score\"> 9\/10 <img decoding=\"async\" class=\"usr lazyload\" data-src=\"https:\/\/www.realforexreviews.com\/wp-content\/plugins\/universal-star-rating\/includes\/image.php?img=06.png&amp;px=20&amp;max=5&amp;rat=4.5\" alt=\"4.5 out of 5 stars\" style=\"height: 20px !important;\" src=\"data:image\/svg+xml;base64,PHN2ZyB3aWR0aD0iMSIgaGVpZ2h0PSIxIiB4bWxucz0iaHR0cDovL3d3dy53My5vcmcvMjAwMC9zdmciPjwvc3ZnPg==\" \/><\/span><\/h4>\r\n<\/div>\r\n<p>Interfejs jest prosty i bardzo zorganizowany na pocz\u0105tku, ale jest r\u00f3wnie\u017c opcja dostosowania jej do swoich potrzeb z grafikami i wykresami. Intuicyjne menu, paski narz\u0119dzi i okna zwi\u0119kszaj\u0105 komfort u\u017cytkownika bez przyt\u0142aczania go.<\/p>\r\n<div style=\"width: 1288px\" class=\"wp-caption aligncenter\"><a href=\"\/regPL\/pepperstone\"><img decoding=\"async\" class=\"size-full lazyload\" data-src=\"\/wp-content\/images\/reviews\/metatrader4\/pic2.jpg\" alt=\"Interfejs u\u017cytkownika MT4\" width=\"1278\" height=\"873\" src=\"data:image\/svg+xml;base64,PHN2ZyB3aWR0aD0iMSIgaGVpZ2h0PSIxIiB4bWxucz0iaHR0cDovL3d3dy53My5vcmcvMjAwMC9zdmciPjwvc3ZnPg==\" style=\"--smush-placeholder-width: 1278px; --smush-placeholder-aspect-ratio: 1278\/873;\" \/><\/a><p class=\"wp-caption-text\">Interfejs u\u017cytkownika MT4<\/p><\/div>[\/vc_column_text][vc_column_text]<\/p>\r\n<div class=\"retitle\">\r\n<h4>Grafiki<span class=\"score\"> 8\/10 <img decoding=\"async\" class=\"usr lazyload\" data-src=\"https:\/\/www.realforexreviews.com\/wp-content\/plugins\/universal-star-rating\/includes\/image.php?img=06.png&amp;px=20&amp;max=5&amp;rat=4\" alt=\"4 out of 5 stars\" style=\"height: 20px !important;\" src=\"data:image\/svg+xml;base64,PHN2ZyB3aWR0aD0iMSIgaGVpZ2h0PSIxIiB4bWxucz0iaHR0cDovL3d3dy53My5vcmcvMjAwMC9zdmciPjwvc3ZnPg==\" \/><\/span><\/h4>\r\n<\/div>\r\n<p>Platforma zawiera zaawansowane funkcje tworzenia wykres\u00f3w, kt\u00f3re pozwalaj\u0105 na jednoczesne handlowanie i analizowanie technicznych aspekt\u00f3w rynku.<\/p>\r\n<p>Mo\u017cliwo\u015b\u0107 handlowania prosto z wykres\u00f3w sprzyja szybkiemu reagowaniu i pozwala na natychmiastow\u0105 reakcj\u0119, kiedy na rynkach pojawiaj\u0105 si\u0119 szybkie ruchy.<\/p>\r\n<div style=\"width: 1006px\" class=\"wp-caption aligncenter\"><a href=\"\/regPL\/xm\"><img decoding=\"async\" class=\"size-full lazyload\" data-src=\"\/wp-content\/images\/reviews\/metatrader4\/pic3.jpg\" alt=\"MT4 grafiki\" width=\"996\" height=\"638\" src=\"data:image\/svg+xml;base64,PHN2ZyB3aWR0aD0iMSIgaGVpZ2h0PSIxIiB4bWxucz0iaHR0cDovL3d3dy53My5vcmcvMjAwMC9zdmciPjwvc3ZnPg==\" style=\"--smush-placeholder-width: 996px; --smush-placeholder-aspect-ratio: 996\/638;\" \/><\/a><p class=\"wp-caption-text\">MT4 grafiki<\/p><\/div>[\/vc_column_text][vc_column_text]<\/p>\r\n<div class=\"retitle\">\r\n<h4>Nawigowanie<span class=\"score\"> 8\/10 <img decoding=\"async\" class=\"usr lazyload\" data-src=\"https:\/\/www.realforexreviews.com\/wp-content\/plugins\/universal-star-rating\/includes\/image.php?img=06.png&amp;px=20&amp;max=5&amp;rat=4\" alt=\"4 out of 5 stars\" style=\"height: 20px !important;\" src=\"data:image\/svg+xml;base64,PHN2ZyB3aWR0aD0iMSIgaGVpZ2h0PSIxIiB4bWxucz0iaHR0cDovL3d3dy53My5vcmcvMjAwMC9zdmciPjwvc3ZnPg==\" \/><\/span><\/h4>\r\n<\/div>\r\n<p>Poruszanie si\u0119 po platformie jest stosunkowo proste w por\u00f3wnaniu do innych platform Forex.<\/p>\r\n<p>Domy\u015blnie s\u0105 cztery okna z wykresami, kt\u00f3re przedstawiaj\u0105 inne pary walutowe, podczas gdy paski narz\u0119dzi umieszczone na g\u00f3rze ekranu zawieraj\u0105 wszystkie ikonki niezb\u0119dne do handlowania.<\/p>\r\n<p>[\/vc_column_text][vc_column_text]<\/p>\r\n<div class=\"retitle\">\r\n<h4>Funkcjonalno\u015bci<span class=\"score\"> 7\/10 <img decoding=\"async\" class=\"usr lazyload\" data-src=\"https:\/\/www.realforexreviews.com\/wp-content\/plugins\/universal-star-rating\/includes\/image.php?img=06.png&amp;px=20&amp;max=5&amp;rat=3.5\" alt=\"3.5 out of 5 stars\" style=\"height: 20px !important;\" src=\"data:image\/svg+xml;base64,PHN2ZyB3aWR0aD0iMSIgaGVpZ2h0PSIxIiB4bWxucz0iaHR0cDovL3d3dy53My5vcmcvMjAwMC9zdmciPjwvc3ZnPg==\" \/><\/span><\/h4>\r\n<\/div>\r\n<p>W przeciwie\u0144stwie do zwyk\u0142ych wykres\u00f3w, MT4 zapewnia pe\u0142ne funkcjonalno\u015bci, gdzie ustawione mog\u0105 zosta\u0107 automatyczne transakcje zwane algorytmicznym handlem.<\/p>\r\n<p>Polega to w zasadzie na przygotowywaniu skrypt\u00f3w strategii do oprogramowania i przeprowadzaniu automatycznych transakcji, i wiadomo, \u017ce wielu handluj\u0105cych korzysta z tej opcji, szczeg\u00f3lnie w przypadku walut.<\/p>\r\n<p>[\/vc_column_text][vc_column_text]<\/p>\r\n<div class=\"retitle\">\r\n<h4>\u015aledzenie konta<span class=\"score\"> 8\/10 <img decoding=\"async\" class=\"usr lazyload\" data-src=\"https:\/\/www.realforexreviews.com\/wp-content\/plugins\/universal-star-rating\/includes\/image.php?img=06.png&amp;px=20&amp;max=5&amp;rat=4\" alt=\"4 out of 5 stars\" style=\"height: 20px !important;\" src=\"data:image\/svg+xml;base64,PHN2ZyB3aWR0aD0iMSIgaGVpZ2h0PSIxIiB4bWxucz0iaHR0cDovL3d3dy53My5vcmcvMjAwMC9zdmciPjwvc3ZnPg==\" \/><\/span><\/h4>\r\n<\/div>\r\n<p>W \u0142atwy spos\u00f3b mo\u017cna monitorowa\u0107 obecnie otwarte i trwaj\u0105ce transakcje z okna terminala platformy, kt\u00f3re umieszczone jest na dole ekranu.<\/p>\r\n<p>Mo\u017cna r\u00f3wnie\u017c wy\u015bwietla\u0107 aktywne transakcje, a obok niego jest inna zak\u0142adka Account History (historia konta), kt\u00f3ra monitoruje wszelkie aktywno\u015bci wykonane na danym koncie.<\/p>\r\n<div style=\"width: 1286px\" class=\"wp-caption aligncenter\"><a href=\"\/regPL\/xm\"><img decoding=\"async\" class=\"size-full lazyload\" data-src=\"\/wp-content\/images\/reviews\/metatrader4\/pic4.jpg\" alt=\"MT4 \u015bledzenie konta\" width=\"1276\" height=\"230\" src=\"data:image\/svg+xml;base64,PHN2ZyB3aWR0aD0iMSIgaGVpZ2h0PSIxIiB4bWxucz0iaHR0cDovL3d3dy53My5vcmcvMjAwMC9zdmciPjwvc3ZnPg==\" style=\"--smush-placeholder-width: 1276px; --smush-placeholder-aspect-ratio: 1276\/230;\" \/><\/a><p class=\"wp-caption-text\">MT4 \u015bledzenie konta<\/p><\/div>[\/vc_column_text][vc_column_text]<\/p>\r\n<table width=\"100%\">\r\n<tbody>\r\n<tr>\r\n<td style=\"background-image:inherit; background-repeat: no-repeat; background-position: left;\" height=\"200\" data-bg-image=\"url(&#039;https:\/\/www.realforexreviews.com\/wp-content\/smush-webp\/2020\/03\/trading-background2.jpg.webp&#039;)\" class=\"lazyload\"><img decoding=\"async\" data-src=\"https:\/\/www.realforexreviews.com\/wp-content\/smush-webp\/2020\/04\/metatraderheader.png.webp\" alt=\"MetaTrader logo\" src=\"data:image\/svg+xml;base64,PHN2ZyB3aWR0aD0iMSIgaGVpZ2h0PSIxIiB4bWxucz0iaHR0cDovL3d3dy53My5vcmcvMjAwMC9zdmciPjwvc3ZnPg==\" class=\"lazyload\" style=\"--smush-placeholder-width: 155px; --smush-placeholder-aspect-ratio: 155\/40;\" \/><\/td>\r\n<\/tr>\r\n<tr>\r\n<td style=\"text-align: left; padding: 0px 30px 30px 30px; background-color: #f3f3f3;\">\r\n<div id=\"conclusion\" class=\"retitle\">\r\n<h4>Wniosek<span class=\"score\"> 8.1\/10 <img decoding=\"async\" class=\"usr lazyload\" data-src=\"https:\/\/www.realforexreviews.com\/wp-content\/plugins\/universal-star-rating\/includes\/image.php?img=06.png&amp;px=20&amp;max=5&amp;rat=4.1\" alt=\"4.1 out of 5 stars\" style=\"height: 20px !important;\" src=\"data:image\/svg+xml;base64,PHN2ZyB3aWR0aD0iMSIgaGVpZ2h0PSIxIiB4bWxucz0iaHR0cDovL3d3dy53My5vcmcvMjAwMC9zdmciPjwvc3ZnPg==\" \/><\/span><\/h4>\r\n<\/div>\r\n<p>Przyjazny interfejs, wyj\u0105tkowy pakiet do tworzenia wykres\u00f3w i przydatne funkcjonalno\u015bci MetaTraders4 pozwol\u0105 w pe\u0142ni wykorzysta\u0107 wi\u0119kszo\u015b\u0107 transakcji.<\/p>\r\n<p>Jest to idealne rozwi\u0105zanie do tworzenia wykres\u00f3w dla tych, kt\u00f3rzy koncentruj\u0105 si\u0119 na handlowaniu walutami.<\/p>\r\n<p>Og\u00f3lnie rzecz bior\u0105c platforma jest jednym z najlepszych rozwi\u0105za\u0144 do analizy technicznej na dzisiejszym rynku.<\/p>\r\n<p>&nbsp;<\/p>\r\n<p><center><a class=\"open\" href=\"\/regPL\/xm\" target=\"_blank\" rel=\"nofollow noopener noreferrer\"><span style=\"color: white;\">Odwied\u017a XM<\/span><\/a><\/center><\/p>\r\n<p>&nbsp;<\/p>\r\n<p><center><a class=\"open\" href=\"\/regPL\/avatrade\" target=\"_blank\" rel=\"nofollow noopener noreferrer\"><span style=\"color: white;\">Odwied\u017a AvaTrade<\/span><\/a><\/center><\/p>\r\n<p>&nbsp;<\/p>\r\n<p><center><a class=\"open\" href=\"\/regPL\/pepperstone\" target=\"_blank\" rel=\"nofollow noopener noreferrer\"><span style=\"color: white;\">Odwied\u017a Pepperstone<\/span><\/a><\/center><\/td>\r\n<\/tr>\r\n<\/tbody>\r\n<\/table>\r\n<p>[\/vc_column_text][\/vc_column][\/vc_row][vc_row][vc_column][vc_column_text]<center><a href=\"https:\/\/clicks.pipaffiliates.com\/c?m=8535&#038;c=547186\"><img loading=\"lazy\" decoding=\"async\" src=\"https:\/\/ads.pipaffiliates.com\/i\/8535?c=547186\" width=\"728\" height=\"90\" alt=\"XM logo\"\/><\/a><\/center>[\/vc_column_text][\/vc_column][\/vc_row]<\/p>\r\n","protected":false},"excerpt":{"rendered":"[vc_row][vc_column][vc_column_text] Wprowadzenie lub Przeczyta\u0107 Konkluzja! MetaTrader4 jest jedn\u0105 z najpopularniejszych platform handlowych na rynku i jest ona oferowana obecnie przez wi\u0119kszo\u015b\u0107 broker\u00f3w Forex. Zosta\u0142a stworzona przez MetaQutoes Software i mo\u017ce by\u0107 pobrana bezpo\u015brednio od dziesi\u0105tk\u00f3w broker\u00f3w walutowych online za darmo i jest dost\u0119pna w formie aplikacji na pulpit oraz urz\u0105dzenia mobilne. Ta platforma oferowana przez [&hellip;]","protected":false},"author":57,"featured_media":0,"parent":4527,"menu_order":0,"comment_status":"open","ping_status":"closed","template":"","meta":{"_acf_changed":false,"footnotes":""},"class_list":["post-4531","page","type-page","status-publish","hentry"],"acf":[],"aioseo_notices":[],"_links":{"self":[{"href":"https:\/\/www.realforexreviews.com\/pl\/wp-json\/wp\/v2\/pages\/4531","targetHints":{"allow":["GET"]}}],"collection":[{"href":"https:\/\/www.realforexreviews.com\/pl\/wp-json\/wp\/v2\/pages"}],"about":[{"href":"https:\/\/www.realforexreviews.com\/pl\/wp-json\/wp\/v2\/types\/page"}],"author":[{"embeddable":true,"href":"https:\/\/www.realforexreviews.com\/pl\/wp-json\/wp\/v2\/users\/57"}],"replies":[{"embeddable":true,"href":"https:\/\/www.realforexreviews.com\/pl\/wp-json\/wp\/v2\/comments?post=4531"}],"version-history":[{"count":3,"href":"https:\/\/www.realforexreviews.com\/pl\/wp-json\/wp\/v2\/pages\/4531\/revisions"}],"predecessor-version":[{"id":71007,"href":"https:\/\/www.realforexreviews.com\/pl\/wp-json\/wp\/v2\/pages\/4531\/revisions\/71007"}],"up":[{"embeddable":true,"href":"https:\/\/www.realforexreviews.com\/pl\/wp-json\/wp\/v2\/pages\/4527"}],"wp:attachment":[{"href":"https:\/\/www.realforexreviews.com\/pl\/wp-json\/wp\/v2\/media?parent=4531"}],"curies":[{"name":"wp","href":"https:\/\/api.w.org\/{rel}","templated":true}]}}