{"id":4532,"date":"2014-09-04T09:55:19","date_gmt":"2014-09-04T09:55:19","guid":{"rendered":"https:\/\/new.realforexreviews.com\/pl\/how-we-rank\/"},"modified":"2020-10-09T07:36:45","modified_gmt":"2020-10-09T07:36:45","slug":"w-jaki-sposob-oceniamy","status":"publish","type":"page","link":"https:\/\/www.realforexreviews.com\/pl\/w-jaki-sposob-oceniamy","title":{"rendered":"W jaki spos\u00f3b oceniamy?"},"content":{"rendered":"[vc_row][vc_column][vc_column_text]\r\n\r\n<strong>W jaki spos\u00f3b klasyfikujemy broker\u00f3w?<\/strong>\r\n\r\nPrzedstawiamy parametry, kt\u00f3rych u\u017cyli\u015bmy, aby dokona\u0107 prawdziwej i obiektywnej oceny broker\u00f3w Forex.\r\n\r\nBezustannie uaktualniamy nasze metody przyznawania punkt\u00f3w w oparciu o aktualne dane, kt\u00f3re otrzymujemy od tych broker\u00f3w.\r\n\r\n[\/vc_column_text][vc_tta_accordion][vc_tta_section tab_id=&#8221;1602227961338-62e694ad-0c7d&#8221; title=&#8221;Platform\u0119&#8221;][vc_column_text]\r\n\r\nPlatformy proponowane przez broker\u00f3w s\u0105 testowane pod k\u0105tem responsywno\u015bci i jako\u015bci. Ocena zawiera r\u00f3wnie\u017c cechy zwi\u0105zane z handlem, takie jak wsparcie handlu przez internet i handlu mobilnego.\r\n\r\n[\/vc_column_text][\/vc_tta_section][vc_tta_section tab_id=&#8221;1602228008204-3dabe054-1976&#8243; title=&#8221;Projekt&#8221;][vc_column_text]\r\n\r\nZwracamy uwag\u0119 na kosmetyczne zmiany dokonane w interfejsie, aby by\u0142 on przyjemniejszy dla oka. Dotyczy to r\u00f3wnie\u017c sprawdzenia czy wszystkie konieczne narz\u0119dzia handlowe zosta\u0142y umieszczone i czy s\u0105 \u0142atwo dost\u0119pne z g\u0142\u00f3wnego interfejsu.\r\n\r\n[\/vc_column_text][\/vc_tta_section][vc_tta_section tab_id=&#8221;1602228001197-a57ce2cb-0f5e&#8221; title=&#8221;Minimalnego Depozytu&#8221;][vc_column_text]\r\n\r\nMinimalna wielko\u015b\u0107 konta oceniana jest, kiedy jest w wystarczaj\u0105cym stopniu uzasadnione dla handluj\u0105cych. Oczywi\u015bcie im ni\u017csza tym lepiej, jednak je\u015bli wy\u017cszy depozyt obejmuje szereg dodatkowych funkcji, w\u00f3wczas na pewno rekompensuj\u0105 one wysoki poziom kapita\u0142u wymagany do otworzenia konta.\r\n\r\n[\/vc_column_text][\/vc_tta_section][vc_tta_section tab_id=&#8221;1602228143635-f33ad212-253c&#8221; title=&#8221;Minimalny Rozmiar Partii&#8221;][vc_column_text]\r\n\r\nCzynnik ten ma du\u017cy wp\u0142yw na Twoja strategi\u0119 zarz\u0105dzania ryzykiem. Okre\u015blenie jaki rozmiar partii b\u0119dzie najlepszy zale\u017cy od stylu handlowania, jednak mniejszy jest og\u00f3lnie lepszy, jako \u017ce daje wi\u0119ksz\u0105 elastyczno\u015b\u0107 w zarz\u0105dzaniu transakcjami.\r\n\r\n[\/vc_column_text][\/vc_tta_section][vc_tta_section tab_id=&#8221;1602228138721-b553119e-39fd&#8221; title=&#8221;Aktywa Zbywalne&#8221;][vc_column_text]\r\n\r\nNie tylko sprawdzamy czy dany broker ma dobry zakres aktyw\u00f3w, ale r\u00f3wnie\u017c czy aktywa te s\u0105 zr\u00f3\u017cnicowane wystarczaj\u0105co dla wszystkich rodzaj\u00f3w transakcji oraz czy maj\u0105 odpowiednio wysoki wska\u017anik rentowno\u015bci. Sprawdzamy zar\u00f3wno ilo\u015b\u0107 jak i jako\u015b\u0107.\r\n\r\n[\/vc_column_text][\/vc_tta_section][vc_tta_section tab_id=&#8221;1602228125990-a9e4309f-b9fd&#8221; title=&#8221;Wyp\u0142aty&#8221;][vc_column_text]\r\n\r\nLudzie bior\u0105 udzia\u0142 w handlu Forex, poniewa\u017c chc\u0105 zarobi\u0107 pieni\u0105dze i dlatego te\u017c przygl\u0105damy si\u0119 warto\u015bci pip, co jest jednym z najlepszych sposob\u00f3w na obliczenie jak du\u017ce zyski i straty mo\u017cna ponie\u015b\u0107 w handlu. W naszych ocenach zawsze bazujemy na spreadach w parze walutowej EUR\/USD.\r\n\r\n[\/vc_column_text][\/vc_tta_section][vc_tta_section tab_id=&#8221;1602228119582-27d4b695-5d3f&#8221; title=&#8221;Czas Wyp\u0142aty&#8221;][vc_column_text]\r\n\r\nW ocenie uwzgl\u0119dniono r\u00f3wnie\u017c czas, jakiego broker potrzebuje do rozpatrzenia wniosku o wyp\u0142at\u0119 do czasu przelania \u015brodk\u00f3w. W przypadku wi\u0119kszo\u015bci broker\u00f3w nast\u0119puje znaczne op\u00f3\u017anienie w rozpatrywaniu takich wniosk\u00f3w i dlatego te\u017c dobrze jest sprawdzi\u0107 jak wypadaj\u0105 brokerzy w por\u00f3wnaniu do innych broker\u00f3w pod wzgl\u0119dem szybko\u015bci.\r\n\r\n[\/vc_column_text][\/vc_tta_section][vc_tta_section tab_id=&#8221;1602228112618-bf34bc8e-e3a2&#8243; title=&#8221;Sposoby Uiszczania Depozytu i Wyp\u0142at&#8221;][vc_column_text]\r\n\r\nWa\u017cnym jest, \u017ceby zna\u0107 wiele metod p\u0142atno\u015bci, kt\u00f3re obs\u0142ugiwane s\u0105 przez ka\u017cdego brokera, szczeg\u00f3lnie dlatego, \u017ce wi\u0119kszo\u015b\u0107 z nich ma globalny zasi\u0119g. Jest to test na to, czy spowoduje to pojawienie si\u0119 niedogodno\u015bci dla handluj\u0105cych w kwestii umieszczenia \u015brodk\u00f3w na ich kontach.\r\n\r\n[\/vc_column_text][\/vc_tta_section][vc_tta_section tab_id=&#8221;1602228769118-dae33a9e-ba90&#8243; title=&#8221;Obs\u0142ug\u0119 Klienta&#8221;][vc_column_text]\r\n\r\nZesp\u00f3l wsparcia testowany jest nie tylko pod wzgl\u0119dem szybko\u015bci i jako\u015bci zapewnianej obs\u0142ugi, ale r\u00f3wnie\u017c pod wzgl\u0119dem dost\u0119pno\u015bci oraz sposobu, w jaki mo\u017cna si\u0119 z nim skontaktowa\u0107, jako \u017ce stanowi on pierwsz\u0105 lini\u0119 kontaktu z handluj\u0105cymi.\r\n\r\n[\/vc_column_text][\/vc_tta_section][vc_tta_section tab_id=&#8221;1602228778761-7d67b1ec-bc1e&#8221; title=&#8221;Dok\u0142adno\u015b\u0107 Notowa\u0144&#8221;][vc_column_text]\r\n\r\nPlatforma jest testowana pod k\u0105tem wy\u015bwietlania wykonywalnych cen w czasie rzeczywistym oraz czy cz\u0119stotliwo\u015b\u0107 wycen wt\u00f3rnych jest wysoka. Je\u015bli jest r\u00f3\u017cnica mi\u0119dzy cen\u0105 wskazan\u0105 w momencie dokonania zakupu, a warto\u015bci\u0105 rynkow\u0105 w momencie, kiedy zam\u00f3wienie dociera do brokera, w\u00f3wczas pojawi si\u0119 po\u015blizg cenowy.\r\n\r\n[\/vc_column_text][\/vc_tta_section][vc_tta_section tab_id=&#8221;1602228798042-2e8defff-f865&#8243; title=&#8221;Reputacj\u0119&#8221;][vc_column_text]\r\n\r\nSprawdzane i oceniane jest do\u015bwiadczenie brokera, aby okre\u015bli\u0107, czy cieszy si\u0119 on dobr\u0105 wiarygodno\u015bci\u0105 w bran\u017cy. Mo\u017cna tego dokona\u0107 poprzez okre\u015blenie, czy spe\u0142nili oni wymogi regulacyjne organ\u00f3w finansowych oraz czy informacje zwrotne pochodz\u0105ce of prawdziwnych handluj\u0105cych s\u0105 pozytywne.\r\n\r\n[\/vc_column_text][\/vc_tta_section][\/vc_tta_accordion][\/vc_column][\/vc_row]","protected":false},"excerpt":{"rendered":"[vc_row][vc_column][vc_column_text] W jaki spos\u00f3b klasyfikujemy broker\u00f3w? Przedstawiamy parametry, kt\u00f3rych u\u017cyli\u015bmy, aby dokona\u0107 prawdziwej i obiektywnej oceny broker\u00f3w Forex. Bezustannie uaktualniamy nasze metody przyznawania punkt\u00f3w w oparciu o aktualne dane, kt\u00f3re otrzymujemy od tych broker\u00f3w. [\/vc_column_text][vc_tta_accordion][vc_tta_section tab_id=&#8221;1602227961338-62e694ad-0c7d&#8221; title=&#8221;Platform\u0119&#8221;][vc_column_text] Platformy proponowane przez broker\u00f3w s\u0105 testowane pod k\u0105tem responsywno\u015bci i jako\u015bci. Ocena zawiera r\u00f3wnie\u017c cechy zwi\u0105zane z handlem, [&hellip;]","protected":false},"author":54,"featured_media":0,"parent":0,"menu_order":0,"comment_status":"open","ping_status":"closed","template":"","meta":{"_acf_changed":false,"footnotes":""},"class_list":["post-4532","page","type-page","status-publish","hentry"],"acf":[],"aioseo_notices":[],"_links":{"self":[{"href":"https:\/\/www.realforexreviews.com\/pl\/wp-json\/wp\/v2\/pages\/4532","targetHints":{"allow":["GET"]}}],"collection":[{"href":"https:\/\/www.realforexreviews.com\/pl\/wp-json\/wp\/v2\/pages"}],"about":[{"href":"https:\/\/www.realforexreviews.com\/pl\/wp-json\/wp\/v2\/types\/page"}],"author":[{"embeddable":true,"href":"https:\/\/www.realforexreviews.com\/pl\/wp-json\/wp\/v2\/users\/54"}],"replies":[{"embeddable":true,"href":"https:\/\/www.realforexreviews.com\/pl\/wp-json\/wp\/v2\/comments?post=4532"}],"version-history":[{"count":2,"href":"https:\/\/www.realforexreviews.com\/pl\/wp-json\/wp\/v2\/pages\/4532\/revisions"}],"predecessor-version":[{"id":66236,"href":"https:\/\/www.realforexreviews.com\/pl\/wp-json\/wp\/v2\/pages\/4532\/revisions\/66236"}],"wp:attachment":[{"href":"https:\/\/www.realforexreviews.com\/pl\/wp-json\/wp\/v2\/media?parent=4532"}],"curies":[{"name":"wp","href":"https:\/\/api.w.org\/{rel}","templated":true}]}}