{"id":4533,"date":"2014-09-04T12:27:19","date_gmt":"2014-09-04T12:27:19","guid":{"rendered":"https:\/\/new.realforexreviews.com\/pl\/contact\/"},"modified":"2020-10-13T06:35:00","modified_gmt":"2020-10-13T06:35:00","slug":"kontakt","status":"publish","type":"page","link":"https:\/\/www.realforexreviews.com\/pl\/kontakt","title":{"rendered":"Kontakt"},"content":{"rendered":"\n<p style=\"text-align: center;\">Jeste\u015bmy do dyspozycji 7 dni w tygodniu. O dowolnej porze. Porozmawiajmy o rozwoju pieni\u0119\u017cnym, rentowno\u015bci oraz mo\u017cliwo\u015bciach handlowych. Porozmawiajmy dzisiaj!<\/p>\n<p style=\"text-align: center;\">&nbsp;<\/p>\n<h2 style=\"text-align: center;\">realforexreviews@gmail.com<\/h2>\n","protected":false},"excerpt":{"rendered":"Jeste\u015bmy do dyspozycji 7 dni w tygodniu. O dowolnej porze. Porozmawiajmy o rozwoju pieni\u0119\u017cnym, rentowno\u015bci oraz mo\u017cliwo\u015bciach handlowych. Porozmawiajmy dzisiaj! &nbsp; realforexreviews@gmail.com","protected":false},"author":54,"featured_media":0,"parent":0,"menu_order":0,"comment_status":"closed","ping_status":"closed","template":"","meta":{"_acf_changed":false,"footnotes":""},"class_list":["post-4533","page","type-page","status-publish","hentry"],"acf":[],"aioseo_notices":[],"_links":{"self":[{"href":"https:\/\/www.realforexreviews.com\/pl\/wp-json\/wp\/v2\/pages\/4533","targetHints":{"allow":["GET"]}}],"collection":[{"href":"https:\/\/www.realforexreviews.com\/pl\/wp-json\/wp\/v2\/pages"}],"about":[{"href":"https:\/\/www.realforexreviews.com\/pl\/wp-json\/wp\/v2\/types\/page"}],"author":[{"embeddable":true,"href":"https:\/\/www.realforexreviews.com\/pl\/wp-json\/wp\/v2\/users\/54"}],"replies":[{"embeddable":true,"href":"https:\/\/www.realforexreviews.com\/pl\/wp-json\/wp\/v2\/comments?post=4533"}],"version-history":[{"count":3,"href":"https:\/\/www.realforexreviews.com\/pl\/wp-json\/wp\/v2\/pages\/4533\/revisions"}],"predecessor-version":[{"id":66408,"href":"https:\/\/www.realforexreviews.com\/pl\/wp-json\/wp\/v2\/pages\/4533\/revisions\/66408"}],"wp:attachment":[{"href":"https:\/\/www.realforexreviews.com\/pl\/wp-json\/wp\/v2\/media?parent=4533"}],"curies":[{"name":"wp","href":"https:\/\/api.w.org\/{rel}","templated":true}]}}