{"id":4534,"date":"2014-09-04T07:45:11","date_gmt":"2014-09-04T07:45:11","guid":{"rendered":"https:\/\/new.realforexreviews.com\/pl\/financial-information-warning\/"},"modified":"2020-10-09T07:17:04","modified_gmt":"2020-10-09T07:17:04","slug":"informacje-finansowe-ostrzezenie","status":"publish","type":"page","link":"https:\/\/www.realforexreviews.com\/pl\/informacje-finansowe-ostrzezenie","title":{"rendered":"Informacje Finansowe Ostrze\u017cenie"},"content":{"rendered":"\n<p>www.realforexreviews.com\u00a0nie jest odpowiedzialny za \u017cadne straty pieni\u0119\u017cna oraz szkody spowodowane poleganiem jedynie na wywiadach i informacjach dost\u0119pnych na stronie internetowej.<\/p>\n<p>Wiadomo\u015bci, wywiady, blogi i artyku\u0142y znajduj\u0105ce si\u0119 na tej stronie oparte s\u0105 na badaniach przeprowadzonych przez autora oraz jego opinii dotycz\u0105cej finans\u00f3w.<\/p>\n<p>Przed zainwestowaniem na rynkach finansowych trzeba by\u0107 \u015bwiadomym, \u017ce handel Forex niesie ze sob\u0105 wysoki stopie\u0144 ryzyka i jego rezultatem mo\u017ce by\u0107 utrata wszystkich \u015brodk\u00f3w. Powinno to by\u0107 wzi\u0119te pod uwag\u0119 przez wszystkich handluj\u0105cych, kt\u00f3ry planuj\u0105 uzyska\u0107 zyski z handlu. Zaleca si\u0119 handlowanie takim kapita\u0142em, na jakiego strat\u0119 jest dan\u0105 osob\u0119 sta\u0107.<\/p>\n","protected":false},"excerpt":{"rendered":"www.realforexreviews.com\u00a0nie jest odpowiedzialny za \u017cadne straty pieni\u0119\u017cna oraz szkody spowodowane poleganiem jedynie na wywiadach i informacjach dost\u0119pnych na stronie internetowej. Wiadomo\u015bci, wywiady, blogi i artyku\u0142y znajduj\u0105ce si\u0119 na tej stronie oparte s\u0105 na badaniach przeprowadzonych przez autora oraz jego opinii dotycz\u0105cej finans\u00f3w. Przed zainwestowaniem na rynkach finansowych trzeba by\u0107 \u015bwiadomym, \u017ce handel Forex niesie ze [&hellip;]","protected":false},"author":54,"featured_media":0,"parent":0,"menu_order":0,"comment_status":"closed","ping_status":"closed","template":"","meta":{"_acf_changed":false,"footnotes":""},"class_list":["post-4534","page","type-page","status-publish","hentry"],"acf":[],"aioseo_notices":[],"_links":{"self":[{"href":"https:\/\/www.realforexreviews.com\/pl\/wp-json\/wp\/v2\/pages\/4534","targetHints":{"allow":["GET"]}}],"collection":[{"href":"https:\/\/www.realforexreviews.com\/pl\/wp-json\/wp\/v2\/pages"}],"about":[{"href":"https:\/\/www.realforexreviews.com\/pl\/wp-json\/wp\/v2\/types\/page"}],"author":[{"embeddable":true,"href":"https:\/\/www.realforexreviews.com\/pl\/wp-json\/wp\/v2\/users\/54"}],"replies":[{"embeddable":true,"href":"https:\/\/www.realforexreviews.com\/pl\/wp-json\/wp\/v2\/comments?post=4534"}],"version-history":[{"count":1,"href":"https:\/\/www.realforexreviews.com\/pl\/wp-json\/wp\/v2\/pages\/4534\/revisions"}],"predecessor-version":[{"id":66233,"href":"https:\/\/www.realforexreviews.com\/pl\/wp-json\/wp\/v2\/pages\/4534\/revisions\/66233"}],"wp:attachment":[{"href":"https:\/\/www.realforexreviews.com\/pl\/wp-json\/wp\/v2\/media?parent=4534"}],"curies":[{"name":"wp","href":"https:\/\/api.w.org\/{rel}","templated":true}]}}