{"id":4535,"date":"2020-04-03T09:21:04","date_gmt":"2020-04-03T09:21:04","guid":{"rendered":"https:\/\/new.realforexreviews.com\/pl\/brokers\/plus500\/"},"modified":"2022-07-05T10:48:24","modified_gmt":"2022-07-05T10:48:24","slug":"plus500","status":"publish","type":"page","link":"https:\/\/www.realforexreviews.com\/pl\/brokers\/plus500","title":{"rendered":"Ocena Plus500 2021"},"content":{"rendered":"<p>[vc_row][vc_column][vc_column_text]<\/p>\n<div style=\"margin-top: -20px;\" align=\"center\"><span class=\"cfdservice\">77% rachunk\u00f3w detalicznych CFD odnotowuje straty<\/span><\/div>\n<p>&nbsp;<\/p>\n<p><center><span style=\"font-size: large;\"><strong>Wype\u0142nij poni\u017cszy formularz i zarejestruj si\u0119 bezp\u0142atnie!<\/strong><\/span><\/center>&nbsp;<\/p>\n<p><center><iframe style=\"width: inherit; height: inherit;\" data-src=\"https:\/\/marketools.plus500.com\/Widgets\/RegistrationWidget?langcode=pl&amp;country=-1&amp;id=80152&amp;tags=widg+registration+en_review&amp;pl=2\" frameborder=\"0\" scrolling=\"no\" src=\"data:image\/svg+xml;base64,PHN2ZyB3aWR0aD0iMSIgaGVpZ2h0PSIxIiB4bWxucz0iaHR0cDovL3d3dy53My5vcmcvMjAwMC9zdmciPjwvc3ZnPg==\" class=\"lazyload\" data-load-mode=\"1\"><\/iframe><\/center><\/p>\n<div id=\"end\" class=\"retitle\">\n<h4>Wprowadzenie <a class=\"readbottomline\" href=\"#conclusion\">lub Przeczyta\u0107 Konkluzja!<\/a><\/h4>\n<\/div>\n<p>Plus500 jest serwisem CFD za\u0142o\u017conym w 2008 roku, kt\u00f3ry jest autoryzowany i kontrolowany przez Financial Conduct Authority.<\/p>\n<p>Ten broker jest szeroko znany ze wzgl\u0119du na swoj\u0105 markow\u0105 i innowacyjn\u0105 platform\u0119 handlow\u0105, gdzie handluj\u0105cy mog\u0119 wybiera\u0107 spo\u015br\u00f3d szerokiego wachlarza produkt\u00f3w finansowych.<\/p>\n<p>Tworzenie w\u0142asnej platformy jest \u015bmia\u0142ym posuni\u0119ciem, ale czy jest mo\u017cliwe?<\/p>\n<p>&nbsp;<\/p>\n<table class=\"shadow\" border=\"1\" width=\"70%\" cellspacing=\"0\" cellpadding=\"5\" align=\"center\">\n<tbody>\n<tr>\n<td style=\"background: #336181 none repeat scroll 0% 0%; border-top-left-radius: 10px; border-top-right-radius: 10px; border: 1px solid #fff;\" colspan=\"2\" valign=\"top\"><center><span style=\"color: #fff;\"><strong>Plus500 Przegl\u0105d<\/strong><\/span><\/center><\/td>\n<\/tr>\n<tr>\n<td width=\"230\">Za\u0142o\u017cono<\/td>\n<td width=\"230\">2008<\/td>\n<\/tr>\n<tr>\n<td width=\"230\">Platformy<\/td>\n<td width=\"230\">Windows Inwestor, Web Trader, Windows 10 Inwestor, Android App, Windows Phone App, iPhone App\/iPad App\/Apple Watch App<\/td>\n<\/tr>\n<tr>\n<td width=\"230\">Minimalna wielko\u015b\u0107 konta<\/td>\n<td width=\"230\">\u20ac100<\/td>\n<\/tr>\n<tr>\n<td width=\"230\">Dost\u0119pne aktywa<\/td>\n<td width=\"230\">2000+<\/td>\n<\/tr>\n<tr>\n<td width=\"230\">Spread w EUR\/USD<\/td>\n<td width=\"230\">Dynamiczny<\/td>\n<\/tr>\n<tr>\n<td width=\"230\">Metody p\u0142atno\u015bci<\/td>\n<td width=\"230\">Visa\/MasterCard, Skrill, Przelew, PayPal<\/td>\n<\/tr>\n<tr>\n<td width=\"230\">Konto demo<\/td>\n<td width=\"230\">Nieograniczony czas<\/td>\n<\/tr>\n<tr>\n<td width=\"230\">Akceptuje Polskich przedsi\u0119biorc\u00f3w<\/td>\n<td width=\"230\">Tak<\/td>\n<\/tr>\n<tr>\n<td width=\"230\">Regulowany<\/td>\n<td width=\"230\">FCA (Wielka Brytania), ASIC (Australia), CySEC (Cypr), FSA(Seychelles)<\/td>\n<\/tr>\n<tr>\n<td width=\"230\">Pomocy<\/td>\n<td width=\"230\">E-mail, Czat na \u017bywo<\/td>\n<\/tr>\n<tr>\n<td width=\"230\">Strona internetowa<\/td>\n<td width=\"230\"><a href=\"\/regPL\/plus500\">www.plus500.com<\/a><\/td>\n<\/tr>\n<\/tbody>\n<\/table>\n<p>&nbsp;<\/p>\n<p><center><a class=\"open\" href=\"\/regPL\/plus500\" target=\"_blank\" rel=\"nofollow noopener noreferrer\">Odwied\u017a Plus500<\/a><\/center><span class=\"cfdservice\">77% rachunk\u00f3w detalicznych CFD odnotowuje straty<\/span><\/p>\n<div class=\"retitle\">\n<h4>Platforma<span class=\"score\"> 9.5\/10 <img decoding=\"async\" class=\"usr lazyload\" data-src=\"https:\/\/www.realforexreviews.com\/wp-content\/plugins\/universal-star-rating\/includes\/image.php?img=06.png&amp;px=20&amp;max=5&amp;rat=4.8\" alt=\"4.8 out of 5 stars\" style=\"height: 20px !important;\" src=\"data:image\/svg+xml;base64,PHN2ZyB3aWR0aD0iMSIgaGVpZ2h0PSIxIiB4bWxucz0iaHR0cDovL3d3dy53My5vcmcvMjAwMC9zdmciPjwvc3ZnPg==\" \/><\/span><\/h4>\n<\/div>\n<p><strong>Firma stworzy\u0142a swoj\u0105 w\u0142asn\u0105 platform\u0119 bez potrzeby polegania na zewn\u0119trznych dostawcach us\u0142ug.<\/strong><\/p>\n<p>Mo\u017cna wygodnie wybra\u0107 dowoln\u0105 opcj\u0119 i w \u0142atwy spos\u00f3b prze\u0142\u0105czy\u0107 si\u0119 z jednej platformy na drug\u0105, poniewa\u017c wszystkie wygl\u0105daj\u0105 tak samo.<\/p>\n<p>Zas\u0142uguje to na <strong>Ocen\u0119 za platform\u0119 9.5<\/strong>.<\/p>\n<div class=\"retitle\">\n<h4>Projekt<span class=\"score\"> 10\/10 <img decoding=\"async\" class=\"usr lazyload\" data-src=\"https:\/\/www.realforexreviews.com\/wp-content\/plugins\/universal-star-rating\/includes\/image.php?img=06.png&amp;px=20&amp;max=5&amp;rat=5\" alt=\"5 out of 5 stars\" style=\"height: 20px !important;\" src=\"data:image\/svg+xml;base64,PHN2ZyB3aWR0aD0iMSIgaGVpZ2h0PSIxIiB4bWxucz0iaHR0cDovL3d3dy53My5vcmcvMjAwMC9zdmciPjwvc3ZnPg==\" \/><\/span><\/h4>\n<\/div>\n<p><strong>Platformy s\u0105 jednorodne pod wzgl\u0119dem designu<\/strong>, s\u0105 bardzo przejrzyste i proste.<\/p>\n<p>Niezale\u017cnie od wybranej platformy, nie zajmie ona zbyt wiele zasob\u00f3w systemowych i szybko si\u0119 za\u0142aduje.<\/p>\n<p>Dlatego te\u017c, zdoby\u0142a <strong>Ocen\u0119 za projekt 10<\/strong>.<\/p>\n<div style=\"width: 1290px\" class=\"wp-caption aligncenter\"><a href=\"\/regPL\/plus500\"><img fetchpriority=\"high\" decoding=\"async\" class=\"size-full\" src=\"\/wp-content\/images\/reviews\/plus500_pl\/pic1.jpg\" alt=\"Platforma Plus500\" width=\"1280\" height=\"886\" \/><\/a><p class=\"wp-caption-text\">Platforma Plus500<\/p><\/div>\n<p><center><span class=\"cfdservice\">Przyk\u0142adowe ceny<\/span><\/center>&nbsp;<\/p>\n<p><center><a class=\"open\" href=\"\/regPL\/plus500\" target=\"_blank\" rel=\"nofollow noopener noreferrer\">Odwied\u017a Plus500!<\/a><\/center><span class=\"cfdservice\">77% rachunk\u00f3w detalicznych CFD odnotowuje straty<\/span><\/p>\n<div class=\"retitle\">\n<h4>Minimalny Depozyt<span class=\"score\"> 8\/10 <img decoding=\"async\" class=\"usr lazyload\" data-src=\"https:\/\/www.realforexreviews.com\/wp-content\/plugins\/universal-star-rating\/includes\/image.php?img=06.png&amp;px=20&amp;max=5&amp;rat=4\" alt=\"4 out of 5 stars\" style=\"height: 20px !important;\" src=\"data:image\/svg+xml;base64,PHN2ZyB3aWR0aD0iMSIgaGVpZ2h0PSIxIiB4bWxucz0iaHR0cDovL3d3dy53My5vcmcvMjAwMC9zdmciPjwvc3ZnPg==\" \/><\/span><\/h4>\n<\/div>\n<p>Minimalny akceptowany depozyt to 100 \u20ac, <strong>kwota ni\u017csza ni\u017c w przypadku wi\u0119kszo\u015bci broker\u00f3w.<\/strong><\/p>\n<p>W oparciu o system punktowy, zdoby\u0142a <strong>Ocen\u0119 minimalnego depozytu 8<\/strong>.<\/p>\n<div class=\"retitle\">\n<h4>Dost\u0119pne Aktywa<span class=\"score\"> 9.6\/10 <img decoding=\"async\" class=\"usr lazyload\" data-src=\"https:\/\/www.realforexreviews.com\/wp-content\/plugins\/universal-star-rating\/includes\/image.php?img=06.png&amp;px=20&amp;max=5&amp;rat=4.8\" alt=\"4.8 out of 5 stars\" style=\"height: 20px !important;\" src=\"data:image\/svg+xml;base64,PHN2ZyB3aWR0aD0iMSIgaGVpZ2h0PSIxIiB4bWxucz0iaHR0cDovL3d3dy53My5vcmcvMjAwMC9zdmciPjwvc3ZnPg==\" \/><\/span><\/h4>\n<\/div>\n<p>Jest tam <strong>ponad 2000 instrument\u00f3w handlowych<\/strong>, w tym towary i akcje.<\/p>\n<p>Taka r\u00f3\u017cnorodno\u015b\u0107 pozwala na odkrycie innych rynk\u00f3w oraz zdywersyfikowanie portfolio i dlatego te\u017c otrzyma\u0142a <strong>Ocen\u0119 za aktywa zbywalne 9.6<\/strong>.<\/p>\n<div style=\"width: 352px\" class=\"wp-caption aligncenter\"><a href=\"\/regPL\/plus500\"><img decoding=\"async\" class=\"size-full lazyload\" data-src=\"\/wp-content\/images\/reviews\/plus500_pl\/pic2.jpg\" alt=\"Zbywalne aktywa Plus500\" width=\"342\" height=\"903\" src=\"data:image\/svg+xml;base64,PHN2ZyB3aWR0aD0iMSIgaGVpZ2h0PSIxIiB4bWxucz0iaHR0cDovL3d3dy53My5vcmcvMjAwMC9zdmciPjwvc3ZnPg==\" style=\"--smush-placeholder-width: 342px; --smush-placeholder-aspect-ratio: 342\/903;\" \/><\/a><p class=\"wp-caption-text\">Zbywalne aktywa Plus500<\/p><\/div>\n<p><center><span class=\"cfdservice\">Przyk\u0142adowe ceny<\/span><\/center>&nbsp;<\/p>\n<p><center><a class=\"open\" href=\"\/regPL\/plus500\" target=\"_blank\" rel=\"nofollow noopener noreferrer\">Odwied\u017a Plus500!<\/a><\/center><span class=\"cfdservice\">77% rachunk\u00f3w detalicznych CFD odnotowuje straty<\/span><\/p>\n<div class=\"retitle\">\n<h4>Spready<span class=\"score\"> 9.5\/10 <img decoding=\"async\" class=\"usr lazyload\" data-src=\"https:\/\/www.realforexreviews.com\/wp-content\/plugins\/universal-star-rating\/includes\/image.php?img=06.png&amp;px=20&amp;max=5&amp;rat=4.8\" alt=\"4.8 out of 5 stars\" style=\"height: 20px !important;\" src=\"data:image\/svg+xml;base64,PHN2ZyB3aWR0aD0iMSIgaGVpZ2h0PSIxIiB4bWxucz0iaHR0cDovL3d3dy53My5vcmcvMjAwMC9zdmciPjwvc3ZnPg==\" \/><\/span><\/h4>\n<\/div>\n<p><strong>Plus500 oferuje konkurencyjne i ograniczone spready dla wi\u0119kszo\u015bci instrument\u00f3w.<\/strong><\/p>\n<p>Dla pary walutowej EUR\/USD na przyk\u0142ad spread wynosi 0,8 pip, co jest stosunkowo lepsz\u0105 ofert\u0105 ni\u017c oferta innych broker\u00f3w.<\/p>\n<p>Takie wska\u017aniki zas\u0142uguj\u0105 na <strong>Ocen\u0119 za wyp\u0142aty 9.5<\/strong>.<\/p>\n<div class=\"retitle\">\n<h4>Czas Wyp\u0142aty<span class=\"score\"> 10\/10 <img decoding=\"async\" class=\"usr lazyload\" data-src=\"https:\/\/www.realforexreviews.com\/wp-content\/plugins\/universal-star-rating\/includes\/image.php?img=06.png&amp;px=20&amp;max=5&amp;rat=5\" alt=\"5 out of 5 stars\" style=\"height: 20px !important;\" src=\"data:image\/svg+xml;base64,PHN2ZyB3aWR0aD0iMSIgaGVpZ2h0PSIxIiB4bWxucz0iaHR0cDovL3d3dy53My5vcmcvMjAwMC9zdmciPjwvc3ZnPg==\" \/><\/span><\/h4>\n<\/div>\n<p>Wyp\u0142aty s\u0105 przetwarzane w ci\u0105gu 1-3 dni roboczych i w oparciu o badania, jakie przeprowadzili\u015bmy, musimy przyzna\u0107, <strong>\u017ce firma wywi\u0105zuje si\u0119 z tej obietnicy.<\/strong><\/p>\n<p>Poniewa\u017c nie do\u015bwiadczyli\u015bmy \u017cadnych op\u00f3\u017anie\u0144, przyznajemy <strong>Ocen\u0119 za czas wyp\u0142aty 10<\/strong>.<\/p>\n<div class=\"retitle\">\n<h4>Metody P\u0142atno\u015bci<span class=\"score\"> 10\/10 <img decoding=\"async\" class=\"usr lazyload\" data-src=\"https:\/\/www.realforexreviews.com\/wp-content\/plugins\/universal-star-rating\/includes\/image.php?img=06.png&amp;px=20&amp;max=5&amp;rat=5\" alt=\"5 out of 5 stars\" style=\"height: 20px !important;\" src=\"data:image\/svg+xml;base64,PHN2ZyB3aWR0aD0iMSIgaGVpZ2h0PSIxIiB4bWxucz0iaHR0cDovL3d3dy53My5vcmcvMjAwMC9zdmciPjwvc3ZnPg==\" \/><\/span><\/h4>\n<\/div>\n<p>Zasilenie konta mo\u017ce odbywa\u0107 si\u0119 przy pomocy karty kredytowej, Przelew, Skirll a nawet PayPal.<\/p>\n<p>Poniewa\u017c obs\u0142uguje prawie wszystkie popularne systemy p\u0142atno\u015bci, przyznajemy <strong>Ocen\u0119 za sposoby uiszczania depozytu i wyp\u0142at 10<\/strong>.<\/p>\n<div style=\"width: 1205px\" class=\"wp-caption aligncenter\"><a href=\"\/regPL\/plus500\"><img decoding=\"async\" class=\"size-full lazyload\" data-src=\"\/wp-content\/images\/reviews\/plus500_pl\/pic3.jpg\" alt=\"Metody p\u0142atno\u015bci Plus500\" width=\"1195\" height=\"752\" src=\"data:image\/svg+xml;base64,PHN2ZyB3aWR0aD0iMSIgaGVpZ2h0PSIxIiB4bWxucz0iaHR0cDovL3d3dy53My5vcmcvMjAwMC9zdmciPjwvc3ZnPg==\" style=\"--smush-placeholder-width: 1195px; --smush-placeholder-aspect-ratio: 1195\/752;\" \/><\/a><p class=\"wp-caption-text\">Metody p\u0142atno\u015bci Plus500<\/p><\/div>\n<p><center><span class=\"cfdservice\">Przyk\u0142adowe ceny<\/span><\/center>&nbsp;<\/p>\n<p><center><a class=\"open\" href=\"\/regPL\/plus500\" target=\"_blank\" rel=\"nofollow noopener noreferrer\">Odwied\u017a Plus500!<\/a><\/center><span class=\"cfdservice\">77% rachunk\u00f3w detalicznych CFD odnotowuje straty<\/span><\/p>\n<div class=\"retitle\">\n<h4>Obs\u0142ug\u0119 Klienta<span class=\"score\"> 9.5\/10 <img decoding=\"async\" class=\"usr lazyload\" data-src=\"https:\/\/www.realforexreviews.com\/wp-content\/plugins\/universal-star-rating\/includes\/image.php?img=06.png&amp;px=20&amp;max=5&amp;rat=4.8\" alt=\"4.8 out of 5 stars\" style=\"height: 20px !important;\" src=\"data:image\/svg+xml;base64,PHN2ZyB3aWR0aD0iMSIgaGVpZ2h0PSIxIiB4bWxucz0iaHR0cDovL3d3dy53My5vcmcvMjAwMC9zdmciPjwvc3ZnPg==\" \/><\/span><\/h4>\n<\/div>\n<p>Chocia\u017c nie ma mo\u017cliwo\u015bci kontaktu przez telefon, <strong>Bardzo szybko odpowiada na zapytania przez e-mail lub chat.<\/strong><\/p>\n<p>Chocia\u017c jest to troch\u0119 niekonwencjonalne, nasze rozmowy przebiega\u0142y sprawnie i odpowiadano na nasze pytania natychmiast, i dlatego te\u017c zas\u0142uguje na <strong>Ocen\u0119 za obs\u0142ug\u0119 klienta 9.5<\/strong>.<\/p>\n<div style=\"width: 825px\" class=\"wp-caption aligncenter\"><a href=\"\/regPL\/plus500\"><img decoding=\"async\" class=\"size-full lazyload\" data-src=\"\/wp-content\/images\/reviews\/plus500_pl\/pic4.jpg\" alt=\"Obs\u0142uga klienta Plus500\" width=\"815\" height=\"549\" src=\"data:image\/svg+xml;base64,PHN2ZyB3aWR0aD0iMSIgaGVpZ2h0PSIxIiB4bWxucz0iaHR0cDovL3d3dy53My5vcmcvMjAwMC9zdmciPjwvc3ZnPg==\" style=\"--smush-placeholder-width: 815px; --smush-placeholder-aspect-ratio: 815\/549;\" \/><\/a><p class=\"wp-caption-text\">Obs\u0142uga klienta Plus500<\/p><\/div>\n<div class=\"retitle\">\n<h4>Dok\u0142adno\u015b\u0107 Notowa\u0144<span class=\"score\"> 9\/10 <img decoding=\"async\" class=\"usr lazyload\" data-src=\"https:\/\/www.realforexreviews.com\/wp-content\/plugins\/universal-star-rating\/includes\/image.php?img=06.png&amp;px=20&amp;max=5&amp;rat=4.5\" alt=\"4.5 out of 5 stars\" style=\"height: 20px !important;\" src=\"data:image\/svg+xml;base64,PHN2ZyB3aWR0aD0iMSIgaGVpZ2h0PSIxIiB4bWxucz0iaHR0cDovL3d3dy53My5vcmcvMjAwMC9zdmciPjwvc3ZnPg==\" \/><\/span><\/h4>\n<\/div>\n<p>Nigdy nie do\u015bwiadczyli\u015bmy \u017cadnych wycen wt\u00f3rnych i w oparciu o nasze testy musimy stwierdzi\u0107, \u017ce <strong>ceny aktyw\u00f3w s\u0105 synchronizowane w czasie rzeczywistym z danymi z rynku.<\/strong><\/p>\n<p>Zas\u0142uguje to na <strong>Ocen\u0119 za dok\u0142adno\u015b\u0107 notowa\u0144 9<\/strong>.<\/p>\n<div class=\"retitle\">\n<h4>Wiarygodno\u015b\u0107<span class=\"score\"> 9.6\/10 <img decoding=\"async\" class=\"usr lazyload\" data-src=\"https:\/\/www.realforexreviews.com\/wp-content\/plugins\/universal-star-rating\/includes\/image.php?img=06.png&amp;px=20&amp;max=5&amp;rat=4.8\" alt=\"4.8 out of 5 stars\" style=\"height: 20px !important;\" src=\"data:image\/svg+xml;base64,PHN2ZyB3aWR0aD0iMSIgaGVpZ2h0PSIxIiB4bWxucz0iaHR0cDovL3d3dy53My5vcmcvMjAwMC9zdmciPjwvc3ZnPg==\" \/><\/span><\/h4>\n<\/div>\n<p>Poza tym, \u017ce jest kontrolowanym brokerem, Plus500 otrzyma\u0142a wiele pozytywnych ocen od handluj\u0105cych i z tego co uda\u0142o nam si\u0119 ustali\u0107, <strong>znajduje si\u0119 w\u015br\u00f3d najlepszych broker\u00f3w w Polsce.<\/strong><\/p>\n<p>Tak dobra marka zas\u0142uguje na <strong>Ocen\u0119 za reputacj\u0119 9.6<\/strong>.<\/p>\n<div style=\"width: 559px\" class=\"wp-caption aligncenter\"><a href=\"\/regPL\/plus500\"><img decoding=\"async\" class=\"size-full lazyload\" data-src=\"\/wp-content\/images\/reviews\/plus500_pl\/pic5.jpg\" alt=\"Komentarz klienta Plus500\" width=\"549\" height=\"167\" src=\"data:image\/svg+xml;base64,PHN2ZyB3aWR0aD0iMSIgaGVpZ2h0PSIxIiB4bWxucz0iaHR0cDovL3d3dy53My5vcmcvMjAwMC9zdmciPjwvc3ZnPg==\" style=\"--smush-placeholder-width: 549px; --smush-placeholder-aspect-ratio: 549\/167;\" \/><\/a><p class=\"wp-caption-text\">Komentarz klienta Plus500<\/p><\/div>\n<div style=\"width: 788px\" class=\"wp-caption aligncenter\"><a href=\"\/regPL\/plus500\"><img decoding=\"async\" class=\"size-full lazyload\" data-src=\"\/wp-content\/images\/reviews\/plus500_pl\/pic6.jpg\" alt=\"Komentarz klienta Plus500\" width=\"778\" height=\"181\" src=\"data:image\/svg+xml;base64,PHN2ZyB3aWR0aD0iMSIgaGVpZ2h0PSIxIiB4bWxucz0iaHR0cDovL3d3dy53My5vcmcvMjAwMC9zdmciPjwvc3ZnPg==\" style=\"--smush-placeholder-width: 778px; --smush-placeholder-aspect-ratio: 778\/181;\" \/><\/a><p class=\"wp-caption-text\">Komentarz klienta Plus500<\/p><\/div>\n<div style=\"width: 763px\" class=\"wp-caption aligncenter\"><a href=\"\/regPL\/plus500\"><img decoding=\"async\" class=\"size-full lazyload\" data-src=\"\/wp-content\/images\/reviews\/plus500_pl\/pic7.jpg\" alt=\"Komentarz klienta Plus500\" width=\"753\" height=\"237\" src=\"data:image\/svg+xml;base64,PHN2ZyB3aWR0aD0iMSIgaGVpZ2h0PSIxIiB4bWxucz0iaHR0cDovL3d3dy53My5vcmcvMjAwMC9zdmciPjwvc3ZnPg==\" style=\"--smush-placeholder-width: 753px; --smush-placeholder-aspect-ratio: 753\/237;\" \/><\/a><p class=\"wp-caption-text\">Komentarz klienta Plus500<\/p><\/div>\n<div class=\"retitle\">\n<h4>Regulacje<span class=\"score\"> 10\/10 <img decoding=\"async\" class=\"usr lazyload\" data-src=\"https:\/\/www.realforexreviews.com\/wp-content\/plugins\/universal-star-rating\/includes\/image.php?img=06.png&amp;px=20&amp;max=5&amp;rat=5\" alt=\"5 out of 5 stars\" style=\"height: 20px !important;\" src=\"data:image\/svg+xml;base64,PHN2ZyB3aWR0aD0iMSIgaGVpZ2h0PSIxIiB4bWxucz0iaHR0cDovL3d3dy53My5vcmcvMjAwMC9zdmciPjwvc3ZnPg==\" \/><\/span><\/h4>\n<\/div>\n<ul class=\"greenlist\">\n<li>Plus500UK Ltd jest autoryzowany i regulowany przez Urz\u0105d Nadzoru Finansowego (FCA) (#509909).<\/li>\n<li>Plus500CY LTD jest autoryzowany i regulowany przez Cypryjsk\u0105 Komisj\u0119 Papierw\u00f3 Warto\u015bciowych i Gie\u0142d (CySEC) (#250\/14).<\/li>\n<li>Plus500SG Pte Ltd jest licencjonowana przez MAS (#CMS100648-1) oraz IE Singapore (#PLUS\/CBL\/2018).<\/li>\n<li>Plus500AU Pty Ltd (ACN 153301681), licencjonowana dla:<br \/>\nASIC w Australii, AFSL #417727. FMA w Nowej Zelandii, FSP #486026; Autoryzowany dostawca us\u0142ug finansowych w Po\u0142udniowej Afryce, FSP #47546. Nie jeste\u015b w\u0142a\u015bcicielem ani nie posiadasz \u017cadnych praw do aktyw\u00f3w bazowych. Prosimy o zapoznanie si\u0119 z dokumentami sprawozda\u0144 finansowych dost\u0119pnych na stronie internetowej.<\/li>\n<li>Plus500SEY Ltd autoryzowana i regulowana przez Seszelski Urz\u0105d Us\u0142ug Finansowych (#SD039).<\/li>\n<\/ul>\n<p>&nbsp;<\/p>\n<table width=\"100%\">\n<tbody>\n<tr>\n<td style=\"background-image:inherit; background-repeat: no-repeat; background-position: left;\" height=\"200\" data-bg-image=\"url(&#039;https:\/\/www.realforexreviews.com\/wp-content\/smush-webp\/2020\/03\/trading-background2.jpg.webp&#039;)\" class=\"lazyload\"><img decoding=\"async\" data-src=\"\/wp-content\/images\/header\/plus500.png\" alt=\"Plus500 logo\" src=\"data:image\/svg+xml;base64,PHN2ZyB3aWR0aD0iMSIgaGVpZ2h0PSIxIiB4bWxucz0iaHR0cDovL3d3dy53My5vcmcvMjAwMC9zdmciPjwvc3ZnPg==\" class=\"lazyload\" style=\"--smush-placeholder-width: 200px; --smush-placeholder-aspect-ratio: 200\/80;\" \/><\/td>\n<\/tr>\n<tr>\n<td style=\"text-align: left; padding: 0px 30px 30px 30px; background-color: #f3f3f3;\">\n<div id=\"conclusion\" class=\"retitle\">\n<h4>Konkluzja<span class=\"score\"> 9.5\/10 <img decoding=\"async\" class=\"usr lazyload\" data-src=\"https:\/\/www.realforexreviews.com\/wp-content\/plugins\/universal-star-rating\/includes\/image.php?img=06.png&amp;px=20&amp;max=5&amp;rat=4.8\" alt=\"4.8 out of 5 stars\" style=\"height: 20px !important;\" src=\"data:image\/svg+xml;base64,PHN2ZyB3aWR0aD0iMSIgaGVpZ2h0PSIxIiB4bWxucz0iaHR0cDovL3d3dy53My5vcmcvMjAwMC9zdmciPjwvc3ZnPg==\" \/><\/span><\/h4>\n<\/div>\n<p>Tym co sprawia, \u017ce Plus500 jest inne ni\u017c inni brokerzy jest fakt, <strong>\u017ce by\u0142o w stanie stworzy\u0107 stabiln\u0105 platform\u0119<\/strong>, co u\u0142atwia ca\u0142y proces handlu CFD, podczas gdy konkurencyjne spready oraz szeroki wyb\u00f3r instrument\u00f3w handlowych sprawiaj\u0105, \u017ce jest to idealna platforma dla zaawansowanych handluj\u0105cych.<\/p>\n<p>Mimo braku telefonicznej obs\u0142ugi klienta, obs\u0142uga klienta poprzez e-mail i chat jest bardzo sprawna i z \u0142atwo\u015bci\u0105 rozwi\u0105zuje wszystkie problemy klient\u00f3w.<\/p>\n<p><strong>Og\u00f3lnie Plus500 zdoby\u0142a wysoki wynik, je\u015bli chodzi o kluczowe parametry i jest bardzo polecana przez Real Forex Reviews.<\/strong><\/p>\n<p>&nbsp;<\/p>\n<p><center><a class=\"open\" href=\"\/regPL\/plus500\" target=\"_blank\" rel=\"nofollow noopener noreferrer\">Odwied\u017a Plus500!<\/a><\/center><\/td>\n<\/tr>\n<\/tbody>\n<\/table>\n<span class=\"cfdservice\">77% rachunk\u00f3w inwestor\u00f3w detalicznych odnotowuje straty pieni\u0119\u017cne w wyniku handlu kontraktami CFD u niniejszego dostawcy. Zastan\u00f3w si\u0119, czy mo\u017cesz pozwoli\u0107 sobie na wysokie ryzyko utraty twoich pieni\u0119dzy.<\/span>\n<p>&nbsp;[\/vc_column_text][\/vc_column][\/vc_row]<\/p>\n","protected":false},"excerpt":{"rendered":"[vc_row][vc_column][vc_column_text] &nbsp; Wype\u0142nij poni\u017cszy formularz i zarejestruj si\u0119 bezp\u0142atnie!&nbsp; Wprowadzenie lub Przeczyta\u0107 Konkluzja! Plus500 jest serwisem CFD za\u0142o\u017conym w 2008 roku, kt\u00f3ry jest autoryzowany i kontrolowany przez Financial Conduct Authority. Ten broker jest szeroko znany ze wzgl\u0119du na swoj\u0105 markow\u0105 i innowacyjn\u0105 platform\u0119 handlow\u0105, gdzie handluj\u0105cy mog\u0119 wybiera\u0107 spo\u015br\u00f3d szerokiego wachlarza produkt\u00f3w finansowych. Tworzenie w\u0142asnej [&hellip;]","protected":false},"author":57,"featured_media":52978,"parent":4526,"menu_order":0,"comment_status":"open","ping_status":"closed","template":"","meta":{"_acf_changed":false,"footnotes":""},"class_list":["post-4535","page","type-page","status-publish","has-post-thumbnail","hentry"],"acf":[],"aioseo_notices":[],"_links":{"self":[{"href":"https:\/\/www.realforexreviews.com\/pl\/wp-json\/wp\/v2\/pages\/4535","targetHints":{"allow":["GET"]}}],"collection":[{"href":"https:\/\/www.realforexreviews.com\/pl\/wp-json\/wp\/v2\/pages"}],"about":[{"href":"https:\/\/www.realforexreviews.com\/pl\/wp-json\/wp\/v2\/types\/page"}],"author":[{"embeddable":true,"href":"https:\/\/www.realforexreviews.com\/pl\/wp-json\/wp\/v2\/users\/57"}],"replies":[{"embeddable":true,"href":"https:\/\/www.realforexreviews.com\/pl\/wp-json\/wp\/v2\/comments?post=4535"}],"version-history":[{"count":15,"href":"https:\/\/www.realforexreviews.com\/pl\/wp-json\/wp\/v2\/pages\/4535\/revisions"}],"predecessor-version":[{"id":72298,"href":"https:\/\/www.realforexreviews.com\/pl\/wp-json\/wp\/v2\/pages\/4535\/revisions\/72298"}],"up":[{"embeddable":true,"href":"https:\/\/www.realforexreviews.com\/pl\/wp-json\/wp\/v2\/pages\/4526"}],"wp:featuredmedia":[{"embeddable":true,"href":"https:\/\/www.realforexreviews.com\/pl\/wp-json\/wp\/v2\/media\/52978"}],"wp:attachment":[{"href":"https:\/\/www.realforexreviews.com\/pl\/wp-json\/wp\/v2\/media?parent=4535"}],"curies":[{"name":"wp","href":"https:\/\/api.w.org\/{rel}","templated":true}]}}