{"id":4536,"date":"2020-05-25T11:32:18","date_gmt":"2020-05-25T11:32:18","guid":{"rendered":"https:\/\/new.realforexreviews.com\/pl\/brokers\/etoro\/"},"modified":"2020-12-26T08:59:55","modified_gmt":"2020-12-26T08:59:55","slug":"etoro","status":"publish","type":"page","link":"https:\/\/www.realforexreviews.com\/pl\/brokers\/etoro","title":{"rendered":"Ocena eToro 2021"},"content":{"rendered":"[vc_row][vc_column][vc_column_text]\r\n<span class=\"cfdservice\">Inwestuj\u0105c w kontrakty CFD u tego dostawcy, 75% rachunk\u00f3w inwestor\u00f3w detalicznych traci pieni\u0105dze.\r\nNale\u017cy upewni\u0107 si\u0119, \u017ce rozumiesz, jak dzia\u0142aj\u0105 kontrakty CFD i zastanowi\u0107 si\u0119, czy mo\u017cesz sobie pozwoli\u0107 na podj\u0119cie wysokiego ryzyka utraty pieni\u0119dzy.<\/span>\r\n<div id=\"end\" class=\"retitle\">\r\n<h4>Wprowadzenie <a class=\"readbottomline\" href=\"#conclusion\">lub Przeczyta\u0107 Konkluzja!<\/a><\/h4>\r\n<\/div>\r\neToro jest sieci\u0105 inwestycji spo\u0142eczno\u015bciowych, kt\u00f3ra zosta\u0142a za\u0142o\u017cona w 2007 roku.\r\n\r\nTa wszechstronna firma jest powszechnie znana jako pionier w dziedzinie integrowania handlu online z mediami spo\u0142eczno\u015bciowymi, a obecnie ma ona <strong>ponad 10 miliony u\u017cytkownik\u00f3w na ca\u0142ym \u015bwiecie.<\/strong>\r\n\r\nCzy maklerstwo jest dobrym wyborem, je\u015bli chodzi o handel?\r\n\r\n<strong>Dowiedzmy si\u0119.<\/strong>\r\n\r\n&nbsp;\r\n<table class=\"shadow\" border=\"1\" width=\"70%\" cellspacing=\"0\" cellpadding=\"5\" align=\"center\">\r\n<tbody>\r\n<tr>\r\n<td style=\"background: #336181 none repeat scroll 0% 0%; border-top-left-radius: 10px; border-top-right-radius: 10px; border: 1px solid #fff;\" colspan=\"2\" valign=\"top\"><center><span style=\"color: #fff;\"><strong>eToro Przegl\u0105d<\/strong><\/span><\/center><\/td>\r\n<\/tr>\r\n<tr>\r\n<td width=\"230\">Za\u0142o\u017cono<\/td>\r\n<td width=\"230\">2007<\/td>\r\n<\/tr>\r\n<tr>\r\n<td width=\"230\">Platformy<\/td>\r\n<td width=\"230\">eToro<\/td>\r\n<\/tr>\r\n<tr>\r\n<td width=\"230\">Minimalna wielko\u015b\u0107 konta<\/td>\r\n<td width=\"230\">\u20ac200<\/td>\r\n<\/tr>\r\n<tr>\r\n<td width=\"230\">Minimalna wielko\u015b\u0107 partii<\/td>\r\n<td width=\"230\">0.01<\/td>\r\n<\/tr>\r\n<tr>\r\n<td width=\"230\">Aktywa zbywalne<\/td>\r\n<td width=\"230\">1000+<\/td>\r\n<\/tr>\r\n<tr>\r\n<td width=\"230\">Maksymalna mar\u017ca<\/td>\r\n<td width=\"230\">1:400<\/td>\r\n<\/tr>\r\n<tr>\r\n<td width=\"230\">Spread w EUR\/USD<\/td>\r\n<td width=\"230\">3 pips<\/td>\r\n<\/tr>\r\n<tr>\r\n<td width=\"230\">Metody p\u0142atno\u015bci<\/td>\r\n<td width=\"230\">Karty Kredytowe \/ Debetowe, China Union Pay, Giropay, Neteller, PayPal, Skrill Limited UK, WebMoney, Przelew, Wirecard, Yandex<\/td>\r\n<\/tr>\r\n<tr>\r\n<td width=\"230\">Konto demo<\/td>\r\n<td width=\"230\">Nieograniczony<\/td>\r\n<\/tr>\r\n<tr>\r\n<td width=\"230\">Akceptuje Polskich przedsi\u0119biorc\u00f3w<\/td>\r\n<td width=\"230\">Tak<\/td>\r\n<\/tr>\r\n<tr>\r\n<td width=\"230\">Regulowany<\/td>\r\n<td width=\"230\">FCA (UK), CySEC (Cypr)<\/td>\r\n<\/tr>\r\n<tr>\r\n<td width=\"230\">Pomocyt<\/td>\r\n<td width=\"230\">Telefon, Faks, Email, Czat na \u017bywo<\/td>\r\n<\/tr>\r\n<tr>\r\n<td width=\"230\">Strona internetowa<\/td>\r\n<td width=\"230\"><a href=\"\/regPL\/etoro\">www.etoro.com\/pl<\/a>\r\n<span class=\"cfdservice\">75% rachunk\u00f3w detalicznych CFD odnotowuje straty<\/span><\/td>\r\n<\/tr>\r\n<\/tbody>\r\n<\/table>\r\n&nbsp;\r\n\r\n<center><a class=\"open\" href=\"\/regPL\/etoro\" target=\"_blank\" rel=\"nofollow noopener noreferrer\">Odwied\u017a eToro<\/a>\r\n\r\n<span class=\"cfdservice\">Inwestuj\u0105c w kontrakty CFD u tego dostawcy, 75% rachunk\u00f3w inwestor\u00f3w detalicznych traci pieni\u0105dze. Nale\u017cy upewni\u0107 si\u0119, \u017ce rozumiesz, jak dzia\u0142aj\u0105 kontrakty CFD i zastanowi\u0107 si\u0119, czy mo\u017cesz sobie pozwoli\u0107 na podj\u0119cie wysokiego ryzyka utraty pieni\u0119dzy.<\/span><\/center>\r\n<div class=\"retitle\">\r\n<h4>Platforma<span class=\"score\"> 9.6\/10 <img decoding=\"async\" class=\"usr lazyload\" data-src=\"https:\/\/www.realforexreviews.com\/wp-content\/plugins\/universal-star-rating\/includes\/image.php?img=06.png&amp;px=20&amp;max=5&amp;rat=4.8\" alt=\"4.8 out of 5 stars\" style=\"height: 20px !important;\" src=\"data:image\/svg+xml;base64,PHN2ZyB3aWR0aD0iMSIgaGVpZ2h0PSIxIiB4bWxucz0iaHR0cDovL3d3dy53My5vcmcvMjAwMC9zdmciPjwvc3ZnPg==\" \/><\/span><\/h4>\r\n<\/div>\r\n<strong>Firma ma teraz platform\u0119 all-in-one<\/strong>, kt\u00f3ra \u0142\u0105czy w sobie funkcjonalno\u015bci poprzednich platform z nowymi narz\u0119dziami, kt\u00f3re mog\u0105 by\u0107 potrzebne to zarz\u0105dzania handlowym portfolio.\r\n\r\n<strong>Ma bardzo elastyczny system handlu spo\u0142eczno\u015bciowego<\/strong>, wi\u0119c w \u0142atwy spos\u00f3b mo\u017cna ustawi\u0107 ilo\u015b\u0107, kt\u00f3r\u0105 chce si\u0119 automatycznie kopiowa\u0107.\r\n\r\nIstnieje mo\u017cliwo\u015b\u0107 albo skopiowania wszystkich otwartych transakcji albo tylko nowych transakcji wybranego inwestora.\r\n\r\nNie ma \u017cadnych ogranicze\u0144 co do liczby u\u017cytkownik\u00f3w, kt\u00f3rych mo\u017cna skopiowa\u0107, <strong>mo\u017cna wi\u0119c przegl\u0105da\u0107 tysi\u0105ce profili<\/strong> i kopiowa\u0107 ich transakcje, aby zwi\u0119kszy\u0107 szanse na wygenerowanie zysku.\r\n\r\nTen kompletny zestaw internetowych rozwi\u0105za\u0144 zas\u0142uguje na <strong>Ocen\u0119 za platform\u0119 9.6<\/strong> w naszym zestawieniu.\r\n<div class=\"retitle\">\r\n<h4>Projekt<span class=\"score\"> 10\/10 <img decoding=\"async\" class=\"usr lazyload\" data-src=\"https:\/\/www.realforexreviews.com\/wp-content\/plugins\/universal-star-rating\/includes\/image.php?img=06.png&amp;px=20&amp;max=5&amp;rat=5\" alt=\"5 out of 5 stars\" style=\"height: 20px !important;\" src=\"data:image\/svg+xml;base64,PHN2ZyB3aWR0aD0iMSIgaGVpZ2h0PSIxIiB4bWxucz0iaHR0cDovL3d3dy53My5vcmcvMjAwMC9zdmciPjwvc3ZnPg==\" \/><\/span><\/h4>\r\n<\/div>\r\nFirma wykona\u0142a fantastyczn\u0105 robot\u0119, robi\u0105c bardzo atrakcyjn\u0105 pod wzgl\u0119dem wizualnym stron\u0119 i co wi\u0119cej, <strong>stale j\u0105 aktualizuje i ulepsza.<\/strong>\r\n\r\nJest to g\u0142\u00f3wnym powodem dla kt\u00f3rego otrzyma\u0142a <strong>Ocen\u0119 za projekt 10<\/strong>.\r\n\r\n<div style=\"width: 1288px\" class=\"wp-caption aligncenter\"><a href=\"\/regPL\/etoro\"><img fetchpriority=\"high\" decoding=\"async\" class=\"size-full\" src=\"\/wp-content\/images\/reviews\/etoro_pl\/pic1.jpg\" alt=\"Platforma eToro\" width=\"1278\" height=\"889\" \/><\/a><p class=\"wp-caption-text\">Platforma eToro<\/p><\/div>\r\n\r\n<center><a class=\"open\" href=\"\/regPL\/etoro\" target=\"_blank\" rel=\"nofollow noopener noreferrer\">Odwied\u017a eToro!<\/a>\r\n\r\n<span class=\"cfdservice\">75% rachunk\u00f3w detalicznych CFD odnotowuje straty.<\/span><\/center>\r\n<div class=\"retitle\">\r\n<h4>Minimalny Depozyt<span class=\"score\"> 8\/10 <img decoding=\"async\" class=\"usr lazyload\" data-src=\"https:\/\/www.realforexreviews.com\/wp-content\/plugins\/universal-star-rating\/includes\/image.php?img=06.png&amp;px=20&amp;max=5&amp;rat=4\" alt=\"4 out of 5 stars\" style=\"height: 20px !important;\" src=\"data:image\/svg+xml;base64,PHN2ZyB3aWR0aD0iMSIgaGVpZ2h0PSIxIiB4bWxucz0iaHR0cDovL3d3dy53My5vcmcvMjAwMC9zdmciPjwvc3ZnPg==\" \/><\/span><\/h4>\r\n<\/div>\r\nOtworzenie konta na eToro wymaga pocz\u0105tkowego depozyt 200\u20ac.\r\n\r\nTaka <strong>elastyczno\u015b\u0107<\/strong> pozwala wszystkim na rozpocz\u0119cie z w\u0142asnym kapita\u0142em startowym.\r\n\r\nZas\u0142uguje to na <strong>Ocen\u0119 minimalnego depozytu 8<\/strong>.\r\n<div class=\"retitle\">\r\n<h4>Minimalny Rozmiar Partii<span class=\"score\"> 10\/10 <img decoding=\"async\" class=\"usr lazyload\" data-src=\"https:\/\/www.realforexreviews.com\/wp-content\/plugins\/universal-star-rating\/includes\/image.php?img=06.png&amp;px=20&amp;max=5&amp;rat=5\" alt=\"5 out of 5 stars\" style=\"height: 20px !important;\" src=\"data:image\/svg+xml;base64,PHN2ZyB3aWR0aD0iMSIgaGVpZ2h0PSIxIiB4bWxucz0iaHR0cDovL3d3dy53My5vcmcvMjAwMC9zdmciPjwvc3ZnPg==\" \/><\/span><\/h4>\r\n<\/div>\r\nPrzy niskim rozmiarze partii, <strong>ryzyko jest obni\u017cone<\/strong> i mo\u017cna nawet nieco poeksperymentowa\u0107 z transakcjami.\r\n\r\nDobrze, \u017ce eToro pozwala na minimaln\u0105 parti\u0119 w wysoko\u015bci 0,01 i dlatego te\u017c platforma zdoby\u0142a <strong>Ocen\u0119 za minimalny rozmiar partii 10<\/strong>.\r\n<div class=\"retitle\">\r\n<h4>Dost\u0119pne Aktywa<span class=\"score\"> 9.5\/10 <img decoding=\"async\" class=\"usr lazyload\" data-src=\"https:\/\/www.realforexreviews.com\/wp-content\/plugins\/universal-star-rating\/includes\/image.php?img=06.png&amp;px=20&amp;max=5&amp;rat=4.8\" alt=\"4.8 out of 5 stars\" style=\"height: 20px !important;\" src=\"data:image\/svg+xml;base64,PHN2ZyB3aWR0aD0iMSIgaGVpZ2h0PSIxIiB4bWxucz0iaHR0cDovL3d3dy53My5vcmcvMjAwMC9zdmciPjwvc3ZnPg==\" \/><\/span><\/h4>\r\n<\/div>\r\n<strong>eToro oferuje ca\u0142\u0105 gam\u0119 instrument\u00f3w handlowych<\/strong>, w tym kryptowaluty takie jak Bitcoin, Bitcoin, Ethereum, Bitcoin Cash, Ripple, Dash, Litecoin, Ethereum Classic, Stellar Lumens i NEO.\r\n\r\nDzi\u0119ki <strong>ponad 1000 pozycji do wyboru<\/strong>, bardzo \u0142atwo jest znale\u017a\u0107 instrument, kt\u00f3ry przyniesie obiecuj\u0105cy zwrot oraz szanse na zyski.\r\n\r\nTaka r\u00f3\u017cnorodno\u015b\u0107 zapewnia <strong>Ocen\u0119 za aktywa zbywalne 9.5<\/strong>.\r\n\r\n<div style=\"width: 991px\" class=\"wp-caption aligncenter\"><a href=\"\/regPL\/etoro\"><img decoding=\"async\" class=\"size-full lazyload\" data-src=\"\/wp-content\/images\/reviews\/etoro_pl\/pic2.jpg\" alt=\"Zbywalne aktywa eToro\" width=\"981\" height=\"755\" src=\"data:image\/svg+xml;base64,PHN2ZyB3aWR0aD0iMSIgaGVpZ2h0PSIxIiB4bWxucz0iaHR0cDovL3d3dy53My5vcmcvMjAwMC9zdmciPjwvc3ZnPg==\" style=\"--smush-placeholder-width: 981px; --smush-placeholder-aspect-ratio: 981\/755;\" \/><\/a><p class=\"wp-caption-text\">Zbywalne aktywa eToro<\/p><\/div>\r\n\r\n<center><a class=\"open\" href=\"\/regPL\/etoro\" target=\"_blank\" rel=\"nofollow noopener noreferrer\">Odwied\u017a eToro!<\/a>\r\n\r\n<span class=\"cfdservice\">75% rachunk\u00f3w detalicznych CFD odnotowuje straty.<\/span><\/center>\r\n<div class=\"retitle\">\r\n<h4>Spready<span class=\"score\"> 9\/10 <img decoding=\"async\" class=\"usr lazyload\" data-src=\"https:\/\/www.realforexreviews.com\/wp-content\/plugins\/universal-star-rating\/includes\/image.php?img=06.png&amp;px=20&amp;max=5&amp;rat=4.5\" alt=\"4.5 out of 5 stars\" style=\"height: 20px !important;\" src=\"data:image\/svg+xml;base64,PHN2ZyB3aWR0aD0iMSIgaGVpZ2h0PSIxIiB4bWxucz0iaHR0cDovL3d3dy53My5vcmcvMjAwMC9zdmciPjwvc3ZnPg==\" \/><\/span><\/h4>\r\n<\/div>\r\n<strong>Spready eToro mieszcz\u0105 si\u0119 w konkurencyjnym zakresie<\/strong> w por\u00f3wnaniu ze spreadami innych popularnych broker\u00f3w.\r\n\r\nWi\u0119kszo\u015b\u0107 aktyw\u00f3w ma oko\u0142o 3-4 spready pip, co jest standardem dla wi\u0119kszo\u015bci platform.\r\n\r\nDla pary walutowej EUR\/USD spread wynosi \u015brednio 3 pip.\r\n\r\nTe liczby zas\u0142uguj\u0105 na <strong>Ocen\u0119 za wyp\u0142aty 9<\/strong>.\r\n<div class=\"retitle\">\r\n<h4>Czas Wyp\u0142aty<span class=\"score\"> 10\/10 <img decoding=\"async\" class=\"usr lazyload\" data-src=\"https:\/\/www.realforexreviews.com\/wp-content\/plugins\/universal-star-rating\/includes\/image.php?img=06.png&amp;px=20&amp;max=5&amp;rat=5\" alt=\"5 out of 5 stars\" style=\"height: 20px !important;\" src=\"data:image\/svg+xml;base64,PHN2ZyB3aWR0aD0iMSIgaGVpZ2h0PSIxIiB4bWxucz0iaHR0cDovL3d3dy53My5vcmcvMjAwMC9zdmciPjwvc3ZnPg==\" \/><\/span><\/h4>\r\n<\/div>\r\nJe\u015bli tylko dostarczone zosta\u0142y konieczne informacje, <strong>proces wyp\u0142aty zajmuje tylko 1 dzie\u0144 roboczy<\/strong>, podczas gdy czas konieczny do otrzymania p\u0142atno\u015bci mo\u017ce zale\u017ce\u0107 od dostawcy us\u0142ug p\u0142atniczych.\r\n\r\nTaka szybko\u015b\u0107 zas\u0142uguje na <strong>Ocen\u0119 za czas wyp\u0142aty 10<\/strong>.\r\n<div class=\"retitle\">\r\n<h4>Metody P\u0142atno\u015bci<span class=\"score\"> 10\/10 <img decoding=\"async\" class=\"usr lazyload\" data-src=\"https:\/\/www.realforexreviews.com\/wp-content\/plugins\/universal-star-rating\/includes\/image.php?img=06.png&amp;px=20&amp;max=5&amp;rat=5\" alt=\"5 out of 5 stars\" style=\"height: 20px !important;\" src=\"data:image\/svg+xml;base64,PHN2ZyB3aWR0aD0iMSIgaGVpZ2h0PSIxIiB4bWxucz0iaHR0cDovL3d3dy53My5vcmcvMjAwMC9zdmciPjwvc3ZnPg==\" \/><\/span><\/h4>\r\n<\/div>\r\n<strong>\u0141atwo jest przela\u0107 \u015brodki na konto<\/strong>, jako \u017ce obs\u0142uguje ono ca\u0142y wachlarz metod p\u0142atno\u015bci bankowych, w tym karty kredytowe, a nawet PayPal.\r\n\r\nZas\u0142uguje to na <strong>Ocen\u0119 za sposoby uiszczania depozytu i wyp\u0142at 10<\/strong>.\r\n\r\n<div style=\"width: 677px\" class=\"wp-caption aligncenter\"><a href=\"\/regPL\/etoro\"><img decoding=\"async\" class=\"size-full lazyload\" data-src=\"\/wp-content\/images\/reviews\/etoro_pl\/pic4.jpg\" alt=\"Metody p\u0142atno\u015bci eToro\" width=\"667\" height=\"1299\" src=\"data:image\/svg+xml;base64,PHN2ZyB3aWR0aD0iMSIgaGVpZ2h0PSIxIiB4bWxucz0iaHR0cDovL3d3dy53My5vcmcvMjAwMC9zdmciPjwvc3ZnPg==\" style=\"--smush-placeholder-width: 667px; --smush-placeholder-aspect-ratio: 667\/1299;\" \/><\/a><p class=\"wp-caption-text\">Metody p\u0142atno\u015bci eToro<\/p><\/div>\r\n\r\n<center><a class=\"open\" href=\"\/regPL\/etoro\" target=\"_blank\" rel=\"nofollow noopener noreferrer\">Odwied\u017a eToro!<\/a>\r\n\r\n<span class=\"cfdservice\">75% rachunk\u00f3w detalicznych CFD odnotowuje straty.<\/span><\/center>\r\n<div class=\"retitle\">\r\n<h4>Obs\u0142ug\u0119 Klienta<span class=\"score\"> 9.8\/10 <img decoding=\"async\" class=\"usr lazyload\" data-src=\"https:\/\/www.realforexreviews.com\/wp-content\/plugins\/universal-star-rating\/includes\/image.php?img=06.png&amp;px=20&amp;max=5&amp;rat=4.9\" alt=\"4.9 out of 5 stars\" style=\"height: 20px !important;\" src=\"data:image\/svg+xml;base64,PHN2ZyB3aWR0aD0iMSIgaGVpZ2h0PSIxIiB4bWxucz0iaHR0cDovL3d3dy53My5vcmcvMjAwMC9zdmciPjwvc3ZnPg==\" \/><\/span><\/h4>\r\n<\/div>\r\n<strong>Istnieje wiele sposob\u00f3w na skontaktowanie si\u0119 z dzia\u0142em pomocy<\/strong>, ale zaleca si\u0119 uprzednie zapoznanie si\u0119 z sekcj\u0105 <strong>FAQ lub<\/strong> zadanie pytania w okienku <em>&#8222;Have a Question\/Get Instant Answers&#8221;<\/em> (Masz pytanie\/otrzymaj natychmiastow\u0105 odpowied\u017a) w dolnym lewym rogu strony, poniewa\u017c najprawdopodobniej tam znajd\u0105 si\u0119 odpowiedzi na wi\u0119kszo\u015b\u0107 pyta\u0144.\r\n\r\nOg\u00f3lnie wspania\u0142a obs\u0142ug klienta zas\u0142uguje na <strong>Ocen\u0119 za obs\u0142ug\u0119 klienta 9.8<\/strong>.\r\n\r\n<div style=\"width: 1197px\" class=\"wp-caption aligncenter\"><a href=\"\/regPL\/etoro\"><img decoding=\"async\" class=\"size-full lazyload\" data-src=\"\/wp-content\/images\/reviews\/etoro_pl\/pic5.jpg\" alt=\"Obs\u0142uga klienta eToro\" width=\"1187\" height=\"1391\" src=\"data:image\/svg+xml;base64,PHN2ZyB3aWR0aD0iMSIgaGVpZ2h0PSIxIiB4bWxucz0iaHR0cDovL3d3dy53My5vcmcvMjAwMC9zdmciPjwvc3ZnPg==\" style=\"--smush-placeholder-width: 1187px; --smush-placeholder-aspect-ratio: 1187\/1391;\" \/><\/a><p class=\"wp-caption-text\">Obs\u0142uga klienta eToro<\/p><\/div>\r\n\r\n<center><a class=\"open\" href=\"\/regPL\/etoro\" target=\"_blank\" rel=\"nofollow noopener noreferrer\">Odwied\u017a eToro!<\/a>\r\n\r\n<span class=\"cfdservice\">75% rachunk\u00f3w detalicznych CFD odnotowuje straty.<\/span><\/center>\r\n<div class=\"retitle\">\r\n<h4>Dok\u0142adno\u015b\u0107 Notowa\u0144<span class=\"score\"> 10\/10 <img decoding=\"async\" class=\"usr lazyload\" data-src=\"https:\/\/www.realforexreviews.com\/wp-content\/plugins\/universal-star-rating\/includes\/image.php?img=06.png&amp;px=20&amp;max=5&amp;rat=5\" alt=\"5 out of 5 stars\" style=\"height: 20px !important;\" src=\"data:image\/svg+xml;base64,PHN2ZyB3aWR0aD0iMSIgaGVpZ2h0PSIxIiB4bWxucz0iaHR0cDovL3d3dy53My5vcmcvMjAwMC9zdmciPjwvc3ZnPg==\" \/><\/span><\/h4>\r\n<\/div>\r\nBazuj\u0105c na rygorystycznych testach, kt\u00f3re przeprowadzili\u015bmy na platformie, mo\u017cemy stwierdzi\u0107, <strong>\u017ce kana\u0142y s\u0105 zsynchronizowane z rzeczywistymi cenami rynkowymi.<\/strong>\r\n\r\nZas\u0142uguje to na <strong>Ocen\u0119 za dok\u0142adno\u015b\u0107 notowa\u0144 10<\/strong>.\r\n<div class=\"retitle\">\r\n<h4>Wiarygodno\u015b\u0107<span class=\"score\"> 9.9\/10 <img decoding=\"async\" class=\"usr lazyload\" data-src=\"https:\/\/www.realforexreviews.com\/wp-content\/plugins\/universal-star-rating\/includes\/image.php?img=06.png&amp;px=20&amp;max=5&amp;rat=5\" alt=\"5 out of 5 stars\" style=\"height: 20px !important;\" src=\"data:image\/svg+xml;base64,PHN2ZyB3aWR0aD0iMSIgaGVpZ2h0PSIxIiB4bWxucz0iaHR0cDovL3d3dy53My5vcmcvMjAwMC9zdmciPjwvc3ZnPg==\" \/><\/span><\/h4>\r\n<\/div>\r\nPo przeprowadzeniu szeroko zakrojonych bada\u0144 na temat maklerstwa dowiedzieli\u015bmy si\u0119, \u017ce reputacja firmy pozostaje nieskazitelna w wielu krajach, <strong>szczeg\u00f3lnie w Polsce.<\/strong>\r\n\r\nJest ona szeroko znana jako pionier w bran\u017cy handlu spo\u0142eczno\u015bciowego, czego potwierdzeniem jest ogromna liczba <strong>10 milion\u00f3w u\u017cytkownik\u00f3w<\/strong> na ca\u0142ym \u015bwiecie.\r\n\r\nTaka uczciwo\u015b\u0107 zas\u0142uguje na <strong>Ocen\u0119 za reputacj\u0119 9.9<\/strong>.\r\n\r\n&nbsp;\r\n<table width=\"100%\">\r\n<tbody>\r\n<tr>\r\n<td style=\"background-image:inherit; background-repeat: no-repeat; background-position: left;\" height=\"200\" data-bg-image=\"url(&#039;https:\/\/www.realforexreviews.com\/wp-content\/smush-webp\/2020\/03\/trading-background2.jpg.webp&#039;)\" class=\"lazyload\"><img decoding=\"async\" data-src=\"\/wp-content\/images\/header\/etoro.png\" alt=\"eToro logo\" src=\"data:image\/svg+xml;base64,PHN2ZyB3aWR0aD0iMSIgaGVpZ2h0PSIxIiB4bWxucz0iaHR0cDovL3d3dy53My5vcmcvMjAwMC9zdmciPjwvc3ZnPg==\" class=\"lazyload\" style=\"--smush-placeholder-width: 150px; --smush-placeholder-aspect-ratio: 150\/40;\" \/><\/td>\r\n<\/tr>\r\n<tr>\r\n<td style=\"text-align: left; padding: 0px 30px 30px 30px; background-color: #f3f3f3;\">\r\n<div id=\"conclusion\" class=\"retitle\">\r\n<h4>Konkluzja<span class=\"score\"> 9.6\/10 <img decoding=\"async\" class=\"usr lazyload\" data-src=\"https:\/\/www.realforexreviews.com\/wp-content\/plugins\/universal-star-rating\/includes\/image.php?img=06.png&amp;px=20&amp;max=5&amp;rat=4.8\" alt=\"4.8 out of 5 stars\" style=\"height: 20px !important;\" src=\"data:image\/svg+xml;base64,PHN2ZyB3aWR0aD0iMSIgaGVpZ2h0PSIxIiB4bWxucz0iaHR0cDovL3d3dy53My5vcmcvMjAwMC9zdmciPjwvc3ZnPg==\" \/><\/span><\/h4>\r\n<\/div>\r\n<strong>eToro oferuje szereg rozwi\u0105za\u0144 do inwestowania online<\/strong>, w przypadku kt\u00f3rych mo\u017cliwo\u015bci obrotu s\u0105 bardzo obiecuj\u0105ce dzi\u0119ki innowacyjnej kombinacji <strong>handlu online i medi\u00f3w spo\u0142eczno\u015bciowych.<\/strong>\r\n\r\nNiezale\u017cnie od tego czy jest si\u0119 \u017c\u00f3\u0142todziobem, kt\u00f3ry szuka bezpiecznego wej\u015bcia na scen\u0119 handlu, czy zaawansowanym handluj\u0105cym, kt\u00f3ry szuka wi\u0119kszych zysk\u00f3w, <strong>ta sie\u0107 inwestycji spo\u0142eczno\u015bciowych b\u0119dzie najlepszym wyborem.<\/strong>\r\n\r\n&nbsp;\r\n\r\n<center><a class=\"open\" href=\"\/regPL\/etoro\" target=\"_blank\" rel=\"nofollow noopener noreferrer\">Odwied\u017a eToro!<\/a><\/center><\/td>\r\n<\/tr>\r\n<\/tbody>\r\n<\/table>\r\n<span class=\"cfdservice\">Kontrakty CFD s\u0105 z\u0142o\u017conymi instrumentami finansowymi i korzystanie z nich wi\u0105\u017ce si\u0119 z wysokim ryzykiem szybkiej utraty \u015brodk\u00f3w pieni\u0119\u017cnych z powodu stosowania d\u017awigni finansowej.\r\nInwestuj\u0105c w kontrakty CFD u tego dostawcy, 75% rachunk\u00f3w inwestor\u00f3w detalicznych traci pieni\u0105dze.\r\nNale\u017cy upewni\u0107 si\u0119, \u017ce rozumiesz, jak dzia\u0142aj\u0105 kontrakty CFD i zastanowi\u0107 si\u0119, czy mo\u017cesz sobie pozwoli\u0107 na podj\u0119cie wysokiego ryzyka utraty pieni\u0119dzy.<\/span>\r\n\r\n[\/vc_column_text][\/vc_column][\/vc_row]","protected":false},"excerpt":{"rendered":"[vc_row][vc_column][vc_column_text] Inwestuj\u0105c w kontrakty CFD u tego dostawcy, 75% rachunk\u00f3w inwestor\u00f3w detalicznych traci pieni\u0105dze. Nale\u017cy upewni\u0107 si\u0119, \u017ce rozumiesz, jak dzia\u0142aj\u0105 kontrakty CFD i zastanowi\u0107 si\u0119, czy mo\u017cesz sobie pozwoli\u0107 na podj\u0119cie wysokiego ryzyka utraty pieni\u0119dzy. Wprowadzenie lub Przeczyta\u0107 Konkluzja! eToro jest sieci\u0105 inwestycji spo\u0142eczno\u015bciowych, kt\u00f3ra zosta\u0142a za\u0142o\u017cona w 2007 roku. Ta wszechstronna firma jest [&hellip;]","protected":false},"author":57,"featured_media":52912,"parent":4526,"menu_order":0,"comment_status":"open","ping_status":"closed","template":"","meta":{"_acf_changed":false,"footnotes":""},"class_list":["post-4536","page","type-page","status-publish","has-post-thumbnail","hentry"],"acf":[],"aioseo_notices":[],"_links":{"self":[{"href":"https:\/\/www.realforexreviews.com\/pl\/wp-json\/wp\/v2\/pages\/4536","targetHints":{"allow":["GET"]}}],"collection":[{"href":"https:\/\/www.realforexreviews.com\/pl\/wp-json\/wp\/v2\/pages"}],"about":[{"href":"https:\/\/www.realforexreviews.com\/pl\/wp-json\/wp\/v2\/types\/page"}],"author":[{"embeddable":true,"href":"https:\/\/www.realforexreviews.com\/pl\/wp-json\/wp\/v2\/users\/57"}],"replies":[{"embeddable":true,"href":"https:\/\/www.realforexreviews.com\/pl\/wp-json\/wp\/v2\/comments?post=4536"}],"version-history":[{"count":14,"href":"https:\/\/www.realforexreviews.com\/pl\/wp-json\/wp\/v2\/pages\/4536\/revisions"}],"predecessor-version":[{"id":71000,"href":"https:\/\/www.realforexreviews.com\/pl\/wp-json\/wp\/v2\/pages\/4536\/revisions\/71000"}],"up":[{"embeddable":true,"href":"https:\/\/www.realforexreviews.com\/pl\/wp-json\/wp\/v2\/pages\/4526"}],"wp:featuredmedia":[{"embeddable":true,"href":"https:\/\/www.realforexreviews.com\/pl\/wp-json\/wp\/v2\/media\/52912"}],"wp:attachment":[{"href":"https:\/\/www.realforexreviews.com\/pl\/wp-json\/wp\/v2\/media?parent=4536"}],"curies":[{"name":"wp","href":"https:\/\/api.w.org\/{rel}","templated":true}]}}