{"id":4537,"date":"2020-04-03T12:14:28","date_gmt":"2020-04-03T12:14:28","guid":{"rendered":"https:\/\/new.realforexreviews.com\/pl\/brokers\/avatrade\/"},"modified":"2020-12-26T08:59:40","modified_gmt":"2020-12-26T08:59:40","slug":"avatrade","status":"publish","type":"page","link":"https:\/\/www.realforexreviews.com\/pl\/brokers\/avatrade","title":{"rendered":"Ocena AvaTrade 2021"},"content":{"rendered":"[vc_row][vc_column][vc_column_text]\r\n\r\n<script src=\"https:\/\/code.jquery.com\/jquery-3.4.1.js\"integrity=\"sha256-WpOohJOqMqqyKL9FccASB9O0KwACQJpFTUBLTYOVvVU=\"crossorigin=\"anonymous\"><\/script>\r\n<script src=\"https:\/\/www.realforexreviews.com\/ava.js\"><\/script>\r\n\r\n<center><span style=\"font-size: large;\"><strong>Wype\u0142nij poni\u017cszy formularz i zarejestruj si\u0119 bezp\u0142atnie!<\/strong><\/span><\/center>&nbsp;\r\n<div id=\"avaWidgetContainer\" style=\"width: 350px;\"><\/div>\r\n&nbsp;\r\n<div id=\"end\" class=\"retitle\">\r\n<h4>Wprowadzenie <a class=\"readbottomline\" href=\"#conclusion\">lub Przeczyta\u0107 Konkluzja!<\/a><\/h4>\r\n<\/div>\r\nAvaTrade zosta\u0142a za\u0142o\u017cona w 2006 roku.\r\n\r\nFirma oferuje zestaw platform, kt\u00f3re reklamowane s\u0105 jako zach\u0119caj\u0105ce u\u017cytkownik\u00f3w do:\r\n<blockquote>Handlowania z pewno\u015bci\u0105<\/blockquote>\r\n<em>Czy to prawda?<\/em>\r\n\r\nSprawd\u017amy w tej ocenie.\r\n\r\n&nbsp;\r\n<table class=\"shadow\" border=\"1\" width=\"70%\" cellspacing=\"0\" cellpadding=\"5\" align=\"center\">\r\n<tbody>\r\n<tr>\r\n<td style=\"background: #336181 none repeat scroll 0% 0%; border-top-left-radius: 10px; border-top-right-radius: 10px; border: 1px solid #fff;\" colspan=\"2\" valign=\"top\"><center><span style=\"color: #fff;\"><strong>AvaTrade Przegl\u0105d<\/strong><\/span><\/center><\/td>\r\n<\/tr>\r\n<tr>\r\n<td width=\"230\">Za\u0142o\u017cono<\/td>\r\n<td width=\"230\">2006<\/td>\r\n<\/tr>\r\n<tr>\r\n<td width=\"230\">Platformy<\/td>\r\n<td width=\"230\">MetaTrader 4, AvaTradeAct, Floating Spread, Handel automatyczny, Handel przez przegl\u0105dark\u0119 internetow\u0105, Handel na komputerach Mac, Handel na urz\u0105dzeniach mobilnych<\/td>\r\n<\/tr>\r\n<tr>\r\n<td width=\"230\">Minimalna wielko\u015b\u0107 konta<\/td>\r\n<td width=\"230\">\u20ac250<\/td>\r\n<\/tr>\r\n<tr>\r\n<td width=\"230\">Minimalna wielko\u015b\u0107 partii<\/td>\r\n<td width=\"230\">0.01<\/td>\r\n<\/tr>\r\n<tr>\r\n<td width=\"230\">Aktywa zbywalne<\/td>\r\n<td width=\"230\">250+<\/td>\r\n<\/tr>\r\n<tr>\r\n<td width=\"230\">Maksymalna mar\u017ca<\/td>\r\n<td width=\"230\">1:400<\/td>\r\n<\/tr>\r\n<tr>\r\n<td width=\"230\">Spread w EUR\/USD<\/td>\r\n<td width=\"230\">1.8 pip (floating spreads)<\/td>\r\n<\/tr>\r\n<tr>\r\n<td width=\"230\">Metody p\u0142atno\u015bci<\/td>\r\n<td width=\"230\">Karta Kredytowa \/ Debetowa, Przelew Bankowy, P\u0142atno\u015bci Elektroniczne<\/td>\r\n<\/tr>\r\n<tr>\r\n<td width=\"230\">Konto demo<\/td>\r\n<td width=\"230\">Tak<\/td>\r\n<\/tr>\r\n<tr>\r\n<td width=\"230\">Akceptuje Polskich przedsi\u0119biorc\u00f3w<\/td>\r\n<td width=\"230\">Tak<\/td>\r\n<\/tr>\r\n<tr>\r\n<td width=\"230\">Regulowany<\/td>\r\n<td width=\"230\">CBI (UE), ASIC (Australia), FSC (BVI), FSA (Japonia)<\/td>\r\n<\/tr>\r\n<tr>\r\n<td width=\"230\">Pomocyt<\/td>\r\n<td width=\"230\">Telefon, Email, Czat na \u017bywo<\/td>\r\n<\/tr>\r\n<tr>\r\n<td width=\"230\">Strona internetowa<\/td>\r\n<td width=\"230\"><a href=\"\/regPL\/avatrade\">www.avatrade.pl<\/a><\/td>\r\n<\/tr>\r\n<\/tbody>\r\n<\/table>\r\n&nbsp;\r\n\r\n<center><a class=\"open\" href=\"\/regPL\/avatrade\" target=\"_blank\" rel=\"nofollow noopener noreferrer\">Odwied\u017a AvaTrade<\/a><\/center>\r\n<div class=\"retitle\">\r\n<h4>Platforma<span class=\"score\"> 9.1\/10 <img decoding=\"async\" class=\"usr lazyload\" data-src=\"https:\/\/www.realforexreviews.com\/wp-content\/plugins\/universal-star-rating\/includes\/image.php?img=06.png&amp;px=20&amp;max=5&amp;rat=4.6\" alt=\"4.6 out of 5 stars\" style=\"height: 20px !important;\" src=\"data:image\/svg+xml;base64,PHN2ZyB3aWR0aD0iMSIgaGVpZ2h0PSIxIiB4bWxucz0iaHR0cDovL3d3dy53My5vcmcvMjAwMC9zdmciPjwvc3ZnPg==\" \/><\/span><\/h4>\r\n<\/div>\r\n<strong>AvaTrade zawiera wyb\u00f3r platform handlowych<\/strong>, w tym popularn\u0105 platform\u0119 MetaTrader4 zawieraj\u0105c\u0105 mo\u017cliwo\u015b\u0107 zaawansowanego tworzenia wykres\u00f3w oraz liczne kana\u0142y przekazuj\u0105ce informacje na \u017cywo.\r\n\r\nFirma oferuje r\u00f3wnie\u017c WebTrading oraz system automatycznego handlu zawieraj\u0105cy RoboX, Mirror Trader i ZuluTrade.\r\n\r\nZas\u0142uguje to na <strong>Ocen\u0119 za platform\u0119 9.1<\/strong>.\r\n<div class=\"retitle\">\r\n<h4>Projekt<span class=\"score\"> 10\/10 <img decoding=\"async\" class=\"usr lazyload\" data-src=\"https:\/\/www.realforexreviews.com\/wp-content\/plugins\/universal-star-rating\/includes\/image.php?img=06.png&amp;px=20&amp;max=5&amp;rat=5\" alt=\"5 out of 5 stars\" style=\"height: 20px !important;\" src=\"data:image\/svg+xml;base64,PHN2ZyB3aWR0aD0iMSIgaGVpZ2h0PSIxIiB4bWxucz0iaHR0cDovL3d3dy53My5vcmcvMjAwMC9zdmciPjwvc3ZnPg==\" \/><\/span><\/h4>\r\n<\/div>\r\nWykonali \u015bwietn\u0105 robot\u0119 projektuj\u0105c swoje platformy.\r\n\r\n\u0141atwo si\u0119 przegl\u0105da otwarte pozycje, ceny, wykresy i wszystko, czego mo\u017cna potrzebowa\u0107, <strong>jako \u017ce wszystkie niezb\u0119dne funkcjonalno\u015bci zosta\u0142y bardzo dobrze zorganizowane.<\/strong>\r\n\r\nZas\u0142uguje to na <strong>Ocen\u0119 za projekt 10<\/strong>.\r\n\r\n<div style=\"width: 1288px\" class=\"wp-caption aligncenter\"><a href=\"\/regPL\/avatrade\"><img fetchpriority=\"high\" decoding=\"async\" class=\"size-full\" src=\"\/wp-content\/images\/reviews\/avatrade_pl\/pic1.jpg\" alt=\"Platforma AvaTrade\" width=\"1278\" height=\"888\" \/><\/a><p class=\"wp-caption-text\">Platforma AvaTrade<\/p><\/div>\r\n\r\n<div class=\"retitle\">\r\n<h4>Minimalny Depozyt<span class=\"score\"> 7\/10 <img decoding=\"async\" class=\"usr lazyload\" data-src=\"https:\/\/www.realforexreviews.com\/wp-content\/plugins\/universal-star-rating\/includes\/image.php?img=06.png&amp;px=20&amp;max=5&amp;rat=3.5\" alt=\"3.5 out of 5 stars\" style=\"height: 20px !important;\" src=\"data:image\/svg+xml;base64,PHN2ZyB3aWR0aD0iMSIgaGVpZ2h0PSIxIiB4bWxucz0iaHR0cDovL3d3dy53My5vcmcvMjAwMC9zdmciPjwvc3ZnPg==\" \/><\/span><\/h4>\r\n<\/div>\r\nNa koncie mo\u017cna z\u0142o\u017cy\u0107 depozyt w minimalnej wysoko\u015bci 250\u20ac.\r\n\r\nTo znacznie mniej ni\u017c wymagania wi\u0119kszo\u015bci broker\u00f3w na rynku dzisiaj.\r\n\r\nZas\u0142uguje to na <strong>Ocen\u0119 minimalnego depozytu 7<\/strong>.\r\n<div class=\"retitle\">\r\n<h4>Minimalny Rozmiar Partii<span class=\"score\"> 10\/10 <img decoding=\"async\" class=\"usr lazyload\" data-src=\"https:\/\/www.realforexreviews.com\/wp-content\/plugins\/universal-star-rating\/includes\/image.php?img=06.png&amp;px=20&amp;max=5&amp;rat=5\" alt=\"5 out of 5 stars\" style=\"height: 20px !important;\" src=\"data:image\/svg+xml;base64,PHN2ZyB3aWR0aD0iMSIgaGVpZ2h0PSIxIiB4bWxucz0iaHR0cDovL3d3dy53My5vcmcvMjAwMC9zdmciPjwvc3ZnPg==\" \/><\/span><\/h4>\r\n<\/div>\r\nMinimalna partia to 0,01, co jest <strong>idealna dla tych, kt\u00f3rzy wol\u0105 handlowa\u0107 znacznie mniejszymi partiami.<\/strong>\r\n\r\nKolejn\u0105 zalet\u0105 tego rozwi\u0105zania jest r\u00f3wnie\u017c to, ze obni\u017ca ono ryzyko dla handluj\u0105cego.\r\n\r\nZas\u0142uguje to na <strong>Ocen\u0119 za minimalny rozmiar partii 10<\/strong>.\r\n<div class=\"retitle\">\r\n<h4>Dost\u0119pne Aktywa<span class=\"score\"> 8.9\/10 <img decoding=\"async\" class=\"usr lazyload\" data-src=\"https:\/\/www.realforexreviews.com\/wp-content\/plugins\/universal-star-rating\/includes\/image.php?img=06.png&amp;px=20&amp;max=5&amp;rat=4.5\" alt=\"4.5 out of 5 stars\" style=\"height: 20px !important;\" src=\"data:image\/svg+xml;base64,PHN2ZyB3aWR0aD0iMSIgaGVpZ2h0PSIxIiB4bWxucz0iaHR0cDovL3d3dy53My5vcmcvMjAwMC9zdmciPjwvc3ZnPg==\" \/><\/span><\/h4>\r\n<\/div>\r\nW chwili kiedy to piszemy, <strong>firma na ponad 250 aktyw\u00f3w zbywalnych<\/strong>, w tym najgor\u0119tsze kryptowaluty, takie jak Bitcoin, Ethereum, Ripple, Bitcoin Cash, Litecoin, IOTA, DASH, NEO, Monero, Zcash i Qtum. Zas\u0142uguje to na <strong>Ocen\u0119 za aktywa zbywalne 8.9<\/strong>.\r\n\r\n<div style=\"width: 415px\" class=\"wp-caption aligncenter\"><a href=\"\/regPL\/avatrade\"><img decoding=\"async\" class=\"size-full lazyload\" data-src=\"\/wp-content\/images\/reviews\/avatrade_pl\/pic2.jpg\" alt=\"Zbywalne aktywa AvaTrade\" width=\"405\" height=\"820\" src=\"data:image\/svg+xml;base64,PHN2ZyB3aWR0aD0iMSIgaGVpZ2h0PSIxIiB4bWxucz0iaHR0cDovL3d3dy53My5vcmcvMjAwMC9zdmciPjwvc3ZnPg==\" style=\"--smush-placeholder-width: 405px; --smush-placeholder-aspect-ratio: 405\/820;\" \/><\/a><p class=\"wp-caption-text\">Zbywalne aktywa AvaTrade<\/p><\/div>\r\n\r\n<center><a class=\"open\" href=\"\/regPL\/avatrade\" target=\"_blank\" rel=\"nofollow noopener noreferrer\">Odwied\u017a AvaTrade<\/a><\/center>\r\n<div class=\"retitle\">\r\n<h4>Spready<span class=\"score\"> 9.5\/10 <img decoding=\"async\" class=\"usr lazyload\" data-src=\"https:\/\/www.realforexreviews.com\/wp-content\/plugins\/universal-star-rating\/includes\/image.php?img=06.png&amp;px=20&amp;max=5&amp;rat=4.8\" alt=\"4.8 out of 5 stars\" style=\"height: 20px !important;\" src=\"data:image\/svg+xml;base64,PHN2ZyB3aWR0aD0iMSIgaGVpZ2h0PSIxIiB4bWxucz0iaHR0cDovL3d3dy53My5vcmcvMjAwMC9zdmciPjwvc3ZnPg==\" \/><\/span><\/h4>\r\n<\/div>\r\nTen broker oferuje <strong>sta\u0142e i zmienne spready<\/strong>, zaczynaj\u0105c od 0,9 pip.\r\n\r\nDla pary walutowej EUR\/USD, sta\u0142e spready to 3 pip, a zmienne spready 1 pip.\r\n\r\nTakie wska\u017aniki zas\u0142uguj\u0105 na <strong>Ocen\u0119 za wyp\u0142aty 9.5<\/strong>.\r\n<div class=\"retitle\">\r\n<h4>Czas Wyp\u0142aty<span class=\"score\"> 9\/10 <img decoding=\"async\" class=\"usr lazyload\" data-src=\"https:\/\/www.realforexreviews.com\/wp-content\/plugins\/universal-star-rating\/includes\/image.php?img=06.png&amp;px=20&amp;max=5&amp;rat=4.5\" alt=\"4.5 out of 5 stars\" style=\"height: 20px !important;\" src=\"data:image\/svg+xml;base64,PHN2ZyB3aWR0aD0iMSIgaGVpZ2h0PSIxIiB4bWxucz0iaHR0cDovL3d3dy53My5vcmcvMjAwMC9zdmciPjwvc3ZnPg==\" \/><\/span><\/h4>\r\n<\/div>\r\n<strong>Potrzeba zaledwie 1-2 dni robocze na rozpatrzenie \u017c\u0105dania wyp\u0142aty<\/strong> w tego brokera.\r\n\r\nTaka pr\u0119dko\u015b\u0107 jest znacznie powy\u017cej standard\u00f3w w bran\u017cy i dlatego te\u017c firma zdoby\u0142a <strong>Ocen\u0119 za czas wyp\u0142aty 9<\/strong>.\r\n<div class=\"retitle\">\r\n<h4>Metody P\u0142atno\u015bci<span class=\"score\"> 10\/10 <img decoding=\"async\" class=\"usr lazyload\" data-src=\"https:\/\/www.realforexreviews.com\/wp-content\/plugins\/universal-star-rating\/includes\/image.php?img=06.png&amp;px=20&amp;max=5&amp;rat=5\" alt=\"5 out of 5 stars\" style=\"height: 20px !important;\" src=\"data:image\/svg+xml;base64,PHN2ZyB3aWR0aD0iMSIgaGVpZ2h0PSIxIiB4bWxucz0iaHR0cDovL3d3dy53My5vcmcvMjAwMC9zdmciPjwvc3ZnPg==\" \/><\/span><\/h4>\r\n<\/div>\r\nZasilanie konta \u015brodkami jest mo\u017cliwe poprzez skorzystanie z <strong>r\u00f3\u017cnorodnych metod p\u0142atno\u015bci.<\/strong>\r\n\r\nTaka r\u00f3\u017cnorodno\u015b\u0107 i bezpiecze\u0144stwo gwarantuj\u0105 <strong>Ocen\u0119 za sposoby uiszczania depozytu i wyp\u0142at 10<\/strong>.\r\n\r\n<div style=\"width: 758px\" class=\"wp-caption aligncenter\"><a href=\"\/regPL\/avatrade\"><img decoding=\"async\" class=\"size-full lazyload\" data-src=\"\/wp-content\/images\/reviews\/avatrade_pl\/pic3.jpg\" alt=\"Metody p\u0142atno\u015bci AvaTrade\" width=\"748\" height=\"1353\" src=\"data:image\/svg+xml;base64,PHN2ZyB3aWR0aD0iMSIgaGVpZ2h0PSIxIiB4bWxucz0iaHR0cDovL3d3dy53My5vcmcvMjAwMC9zdmciPjwvc3ZnPg==\" style=\"--smush-placeholder-width: 748px; --smush-placeholder-aspect-ratio: 748\/1353;\" \/><\/a><p class=\"wp-caption-text\">Metody p\u0142atno\u015bci AvaTrade<\/p><\/div>\r\n\r\n<div class=\"retitle\">\r\n<h4>Obs\u0142ug\u0119 Klienta<span class=\"score\"> 9.4\/10 <img decoding=\"async\" class=\"usr lazyload\" data-src=\"https:\/\/www.realforexreviews.com\/wp-content\/plugins\/universal-star-rating\/includes\/image.php?img=06.png&amp;px=20&amp;max=5&amp;rat=4.7\" alt=\"4.7 out of 5 stars\" style=\"height: 20px !important;\" src=\"data:image\/svg+xml;base64,PHN2ZyB3aWR0aD0iMSIgaGVpZ2h0PSIxIiB4bWxucz0iaHR0cDovL3d3dy53My5vcmcvMjAwMC9zdmciPjwvc3ZnPg==\" \/><\/span><\/h4>\r\n<\/div>\r\nZ dzia\u0142em obs\u0142ugi klienta mo\u017cna skontaktowa\u0107 si\u0119 przez telefon, e-mail lub chat.\r\n\r\nWarto r\u00f3wnie\u017c wspomnie\u0107, <strong>\u017ce maj\u0105 lokaln\u0105 obs\u0142ug\u0119 klienta j\u0119zyku polskim<\/strong>, wi\u0119c mo\u017cna porozmawia\u0107 z kim\u015b, kto m\u00f3wi w naszym j\u0119zyku.\r\n\r\nOg\u00f3lnie jako\u015b\u0107 i szybko\u015b\u0107 obs\u0142ugi klienta, jak\u0105 zapewnia firma, jest imponuj\u0105ca i zas\u0142uguje na <strong>Ocen\u0119 za obs\u0142ug\u0119 klienta 9.4<\/strong>.\r\n\r\n<div style=\"width: 672px\" class=\"wp-caption aligncenter\"><a href=\"\/regPL\/avatrade\"><img decoding=\"async\" class=\"size-full lazyload\" data-src=\"\/wp-content\/images\/reviews\/avatrade_pl\/pic4.jpg\" alt=\"Obs\u0142uga klienta AvaTrade\" width=\"662\" height=\"1028\" src=\"data:image\/svg+xml;base64,PHN2ZyB3aWR0aD0iMSIgaGVpZ2h0PSIxIiB4bWxucz0iaHR0cDovL3d3dy53My5vcmcvMjAwMC9zdmciPjwvc3ZnPg==\" style=\"--smush-placeholder-width: 662px; --smush-placeholder-aspect-ratio: 662\/1028;\" \/><\/a><p class=\"wp-caption-text\">Obs\u0142uga klienta AvaTrade<\/p><\/div>\r\n\r\n<div class=\"retitle\">\r\n<h4>Dok\u0142adno\u015b\u0107 Notowa\u0144<span class=\"score\"> 10\/10 <img decoding=\"async\" class=\"usr lazyload\" data-src=\"https:\/\/www.realforexreviews.com\/wp-content\/plugins\/universal-star-rating\/includes\/image.php?img=06.png&amp;px=20&amp;max=5&amp;rat=5\" alt=\"5 out of 5 stars\" style=\"height: 20px !important;\" src=\"data:image\/svg+xml;base64,PHN2ZyB3aWR0aD0iMSIgaGVpZ2h0PSIxIiB4bWxucz0iaHR0cDovL3d3dy53My5vcmcvMjAwMC9zdmciPjwvc3ZnPg==\" \/><\/span><\/h4>\r\n<\/div>\r\n<strong>Na platformach nie ma \u017cadnych op\u00f3\u017anie\u0144<\/strong>, a transakcje s\u0105 przeprowadzane natychmiastowo.\r\n\r\nWy\u015bwietlane ceny s\u0105 synchronizowane z rzeczywistymi cenami rynkowymi i dlatego firma zdoby\u0142a <strong>Ocen\u0119 za dok\u0142adno\u015b\u0107 notowa\u0144 10<\/strong>.\r\n<div class=\"retitle\">\r\n<h4>Wiarygodno\u015b\u0107<span class=\"score\"> 9.5\/10 <img decoding=\"async\" class=\"usr lazyload\" data-src=\"https:\/\/www.realforexreviews.com\/wp-content\/plugins\/universal-star-rating\/includes\/image.php?img=06.png&amp;px=20&amp;max=5&amp;rat=4.8\" alt=\"4.8 out of 5 stars\" style=\"height: 20px !important;\" src=\"data:image\/svg+xml;base64,PHN2ZyB3aWR0aD0iMSIgaGVpZ2h0PSIxIiB4bWxucz0iaHR0cDovL3d3dy53My5vcmcvMjAwMC9zdmciPjwvc3ZnPg==\" \/><\/span><\/h4>\r\n<\/div>\r\nAvaTrade zacz\u0119\u0142a swoj\u0105 dzia\u0142alno\u015b\u0107 w 2006 roku, co oznacza, <strong>\u017ce jest w bran\u017cy od ponad 10 lat.<\/strong>\r\n\r\nPoza tym firma posiada licencj\u0119 CySEC, kt\u00f3ra wskazuje na ro, \u017ce jest wiarygodna.\r\n\r\nNasze daleko zakrojone badania ujawni\u0142y r\u00f3wnie\u017c, <strong>\u017ce firma ma silne poparcie w Polsce.<\/strong>\r\n\r\nZas\u0142uguje to na <strong>Ocen\u0119 za reputacj\u0119 9.5<\/strong>.\r\n\r\n&nbsp;\r\n<table width=\"100%\">\r\n<tbody>\r\n<tr>\r\n<td style=\"background-image:inherit; background-repeat: no-repeat; background-position: left;\" height=\"200\" data-bg-image=\"url(&#039;https:\/\/www.realforexreviews.com\/wp-content\/smush-webp\/2020\/03\/trading-background2.jpg.webp&#039;)\" class=\"lazyload\"><img decoding=\"async\" data-src=\"\/wp-content\/images\/header\/avatrade.png\" alt=\"AvaTrade logo\" src=\"data:image\/svg+xml;base64,PHN2ZyB3aWR0aD0iMSIgaGVpZ2h0PSIxIiB4bWxucz0iaHR0cDovL3d3dy53My5vcmcvMjAwMC9zdmciPjwvc3ZnPg==\" class=\"lazyload\" style=\"--smush-placeholder-width: 150px; --smush-placeholder-aspect-ratio: 150\/40;\" \/><\/td>\r\n<\/tr>\r\n<tr>\r\n<td style=\"text-align: left; padding: 0px 30px 30px 30px; background-color: #f3f3f3;\">\r\n<div id=\"conclusion\" class=\"retitle\">\r\n<h4>Konkluzja <span class=\"score\">9.3\/10 <img decoding=\"async\" class=\"usr lazyload\" data-src=\"https:\/\/www.realforexreviews.com\/wp-content\/plugins\/universal-star-rating\/includes\/image.php?img=06.png&amp;px=20&amp;max=5&amp;rat=4.7\" alt=\"4.7 out of 5 stars\" style=\"height: 20px !important;\" src=\"data:image\/svg+xml;base64,PHN2ZyB3aWR0aD0iMSIgaGVpZ2h0PSIxIiB4bWxucz0iaHR0cDovL3d3dy53My5vcmcvMjAwMC9zdmciPjwvc3ZnPg==\" \/><\/span><\/h4>\r\n<\/div>\r\n<strong>AvaTrade ma przewag\u0119 w \u015bwiecie handlu Forex online<\/strong> i mo\u017cna to przypisa\u0107 temu, w jaki spos\u00f3b stworzy\u0142a ona platform\u0119 opart\u0105 na perspektywie jej u\u017cytkownik\u00f3w.\r\n\r\nJest ona w stanie zapewni\u0107 funkcjonalne \u015brodowisko do handlu, kt\u00f3re obejmuje dodatkowe narz\u0119dzia i zasoby.\r\n\r\nDodaj\u0105c do tego nieskaziteln\u0105 reputacj\u0119 i wspania\u0142\u0105 obs\u0142ug\u0119 klienta, <strong>otrzymujemy jedn\u0105 z najlepszych firm brokerskich dla handlu Forex i CFD!<\/strong>\r\n\r\n&nbsp;\r\n\r\n<center><a class=\"open\" href=\"\/regPL\/avatrade\" target=\"_blank\" rel=\"nofollow noopener noreferrer\">Odwied\u017a AvaTrade!<\/a><\/center><\/td>\r\n<\/tr>\r\n<\/tbody>\r\n<\/table>\r\n[\/vc_column_text][\/vc_column][\/vc_row]","protected":false},"excerpt":{"rendered":"[vc_row][vc_column][vc_column_text] Wype\u0142nij poni\u017cszy formularz i zarejestruj si\u0119 bezp\u0142atnie!&nbsp; &nbsp; Wprowadzenie lub Przeczyta\u0107 Konkluzja! AvaTrade zosta\u0142a za\u0142o\u017cona w 2006 roku. Firma oferuje zestaw platform, kt\u00f3re reklamowane s\u0105 jako zach\u0119caj\u0105ce u\u017cytkownik\u00f3w do: Handlowania z pewno\u015bci\u0105 Czy to prawda? Sprawd\u017amy w tej ocenie. &nbsp; AvaTrade Przegl\u0105d Za\u0142o\u017cono 2006 Platformy MetaTrader 4, AvaTradeAct, Floating Spread, Handel automatyczny, Handel przez [&hellip;]","protected":false},"author":57,"featured_media":52967,"parent":4526,"menu_order":0,"comment_status":"open","ping_status":"closed","template":"","meta":{"_acf_changed":false,"footnotes":""},"class_list":["post-4537","page","type-page","status-publish","has-post-thumbnail","hentry"],"acf":[],"aioseo_notices":[],"_links":{"self":[{"href":"https:\/\/www.realforexreviews.com\/pl\/wp-json\/wp\/v2\/pages\/4537","targetHints":{"allow":["GET"]}}],"collection":[{"href":"https:\/\/www.realforexreviews.com\/pl\/wp-json\/wp\/v2\/pages"}],"about":[{"href":"https:\/\/www.realforexreviews.com\/pl\/wp-json\/wp\/v2\/types\/page"}],"author":[{"embeddable":true,"href":"https:\/\/www.realforexreviews.com\/pl\/wp-json\/wp\/v2\/users\/57"}],"replies":[{"embeddable":true,"href":"https:\/\/www.realforexreviews.com\/pl\/wp-json\/wp\/v2\/comments?post=4537"}],"version-history":[{"count":15,"href":"https:\/\/www.realforexreviews.com\/pl\/wp-json\/wp\/v2\/pages\/4537\/revisions"}],"predecessor-version":[{"id":70998,"href":"https:\/\/www.realforexreviews.com\/pl\/wp-json\/wp\/v2\/pages\/4537\/revisions\/70998"}],"up":[{"embeddable":true,"href":"https:\/\/www.realforexreviews.com\/pl\/wp-json\/wp\/v2\/pages\/4526"}],"wp:featuredmedia":[{"embeddable":true,"href":"https:\/\/www.realforexreviews.com\/pl\/wp-json\/wp\/v2\/media\/52967"}],"wp:attachment":[{"href":"https:\/\/www.realforexreviews.com\/pl\/wp-json\/wp\/v2\/media?parent=4537"}],"curies":[{"name":"wp","href":"https:\/\/api.w.org\/{rel}","templated":true}]}}