{"id":4540,"date":"2020-04-05T08:00:52","date_gmt":"2020-04-05T08:00:52","guid":{"rendered":"https:\/\/new.realforexreviews.com\/pl\/brokers\/xm\/"},"modified":"2020-12-26T09:00:34","modified_gmt":"2020-12-26T09:00:34","slug":"xm","status":"publish","type":"page","link":"https:\/\/www.realforexreviews.com\/pl\/brokers\/xm","title":{"rendered":"Ocena XM Group 2021"},"content":{"rendered":"[vc_row][vc_column][vc_column_text]\r\n\r\n<center><a href=\"https:\/\/clicks.pipaffiliates.com\/c?m=8535&amp;c=547186\"><img fetchpriority=\"high\" decoding=\"async\" src=\"https:\/\/ads.pipaffiliates.com\/i\/8535?c=547186\" alt=\"XM banner\" width=\"728\" height=\"90\" \/><\/a><\/center>[\/vc_column_text][vc_column_text]\r\n<div id=\"end\" class=\"retitle\">\r\n<h4>Wprowadzenie <a class=\"readbottomline\" href=\"#conclusion\">lub Przeczyta\u0107 Konkluzja!<\/a><\/h4>\r\n<\/div>\r\nXM zosta\u0142a za\u0142o\u017cona w 2010 roku i jest autoryzowana oraz kontrolowana przez CySEC i ASIC.\r\n\r\nJest bardzo ceniona, poniewa\u017c oferuje szeroki wachlarz platform MT4 na r\u00f3\u017cnych stacjach roboczych, ale czy to ich jedyna zaleta?\r\n\r\n<em>Przekonajmy si\u0119 w tej ocenie.<\/em>\r\n\r\n&nbsp;\r\n<table class=\"shadow\" border=\"1\" width=\"70%\" cellspacing=\"0\" cellpadding=\"5\" align=\"center\">\r\n<tbody>\r\n<tr>\r\n<td style=\"background: #336181 none repeat scroll 0% 0%; border-top-left-radius: 10px; border-top-right-radius: 10px; border: 1px solid #fff;\" colspan=\"2\" valign=\"top\"><center><span style=\"color: #fff;\"><strong>XM Group Przegl\u0105d<\/strong><\/span><\/center><\/td>\r\n<\/tr>\r\n<tr>\r\n<td width=\"230\">Za\u0142o\u017cono<\/td>\r\n<td width=\"230\">2010<\/td>\r\n<\/tr>\r\n<tr>\r\n<td width=\"230\">Platformy<\/td>\r\n<td width=\"230\">MT4 na PC, MT4 na Maca, MT4 Multiterminal, Platforma MT4 WebTrader, MT5 na PC, MT5 na Maca, MT5 WebTrader, MT4 na iPhone&#8217;a, MT4 na Androida, MT5 na iPhone&#8217;a, MT5 na Androida, MT4 na iPada, MT4 na Androida, MT5 na iPada, MT5 na Androida<\/td>\r\n<\/tr>\r\n<tr>\r\n<td width=\"230\">Minimalna wielko\u015b\u0107 konta<\/td>\r\n<td width=\"230\">\u20ac5<\/td>\r\n<\/tr>\r\n<tr>\r\n<td width=\"230\">Minimalna wielko\u015b\u0107 partii<\/td>\r\n<td width=\"230\">0.01<\/td>\r\n<\/tr>\r\n<tr>\r\n<td width=\"230\">Aktywa zbywalne<\/td>\r\n<td width=\"230\">100+<\/td>\r\n<\/tr>\r\n<tr>\r\n<td width=\"230\">Maksymalna mar\u017ca<\/td>\r\n<td width=\"230\">1:888<\/td>\r\n<\/tr>\r\n<tr>\r\n<td width=\"230\">Spread w EUR\/USD<\/td>\r\n<td width=\"230\">0.0001 pip<\/td>\r\n<\/tr>\r\n<tr>\r\n<td width=\"230\">Metody p\u0142atno\u015bci<\/td>\r\n<td width=\"230\">Karty Kredytowe, Neteller, WebMoney, Skrill (MoneyBookers, Sofort Banking, iDEAL, paysafecard, QIWI, CashU, Giropay, Przelewy24, Fasapay, Perfect Money, Boleto, OXXO<\/td>\r\n<\/tr>\r\n<tr>\r\n<td width=\"230\">Konto demo<\/td>\r\n<td width=\"230\">Nieograniczony<\/td>\r\n<\/tr>\r\n<tr>\r\n<td width=\"230\">Akceptuje Polskich przedsi\u0119biorc\u00f3w<\/td>\r\n<td width=\"230\">Tak<\/td>\r\n<\/tr>\r\n<tr>\r\n<td width=\"230\">Regulowany<\/td>\r\n<td width=\"230\">FCA (UK), ASIC (Australia), CySEC (Cypr)<\/td>\r\n<\/tr>\r\n<tr>\r\n<td width=\"230\">Pomocyt<\/td>\r\n<td width=\"230\">Telefon, Email, Czat na \u017bywo<\/td>\r\n<\/tr>\r\n<tr>\r\n<td width=\"230\">Strona internetowa<\/td>\r\n<td width=\"230\"><a href=\"\/regPL\/xm\">www.xm.com<\/a><\/td>\r\n<\/tr>\r\n<\/tbody>\r\n<\/table>\r\n&nbsp;\r\n\r\n<center><a class=\"open\" href=\"\/regPL\/avatrade\" target=\"_blank\" rel=\"nofollow noopener noreferrer\">Odwied\u017a AvaTrade<\/a><\/center>\r\n<div class=\"retitle\">\r\n<h4>Platforma<span class=\"score\"> 8.8\/10 <img decoding=\"async\" class=\"usr lazyload\" data-src=\"https:\/\/www.realforexreviews.com\/wp-content\/plugins\/universal-star-rating\/includes\/image.php?img=06.png&amp;px=20&amp;max=5&amp;rat=4.4\" alt=\"4.4 out of 5 stars\" style=\"height: 20px !important;\" src=\"data:image\/svg+xml;base64,PHN2ZyB3aWR0aD0iMSIgaGVpZ2h0PSIxIiB4bWxucz0iaHR0cDovL3d3dy53My5vcmcvMjAwMC9zdmciPjwvc3ZnPg==\" \/><\/span><\/h4>\r\n<\/div>\r\n<strong>XM dysponuje szerok\u0105 gam\u0105 platform MetaTrader 4 oraz MetaTrader 5<\/strong>, do kt\u00f3rych mo\u017cna mie\u0107 dost\u0119p z jednego konta.\r\n\r\nMo\u017cna je po prosu zainstalowa\u0107 na komputerze (Windows lub Mac) oraz na urz\u0105dzeniach mobilnych, kt\u00f3re funkcjonuj\u0105 na systemie iOS lub Android.\r\n\r\nIstnieje r\u00f3wnie\u017c WebTrader, do kt\u00f3rego dost\u0119p jest mo\u017cliwy z dowolnej przegl\u0105darki.\r\n\r\nPraktycznie rzecz bior\u0105c, firma ma wszystkie rozwi\u0105zania dla prawie wszystkich urz\u0105dze\u0144 i to zas\u0142uguje na <strong>Ocen\u0119 za platform\u0119 8.8<\/strong>.\r\n<div class=\"retitle\">\r\n<h4>Projekt<span class=\"score\"> 10\/10 <img decoding=\"async\" class=\"usr lazyload\" data-src=\"https:\/\/www.realforexreviews.com\/wp-content\/plugins\/universal-star-rating\/includes\/image.php?img=06.png&amp;px=20&amp;max=5&amp;rat=5\" alt=\"5 out of 5 stars\" style=\"height: 20px !important;\" src=\"data:image\/svg+xml;base64,PHN2ZyB3aWR0aD0iMSIgaGVpZ2h0PSIxIiB4bWxucz0iaHR0cDovL3d3dy53My5vcmcvMjAwMC9zdmciPjwvc3ZnPg==\" \/><\/span><\/h4>\r\n<\/div>\r\n<strong>Wszystkie platformy maj\u0105 zorganizowany uk\u0142ad.<\/strong>\r\n\r\nNie maj\u0105 \u017cadnych skomplikowanych menu i cz\u0119\u015bci, kt\u00f3re przyt\u0142aczaj\u0105 u\u017cytkownik\u00f3w, szczeg\u00f3lnie tych nowych.\r\n\r\nOg\u00f3lnie zas\u0142uguje to na <strong>Ocen\u0119 za projekt 10<\/strong>.\r\n\r\n<div style=\"width: 1290px\" class=\"wp-caption aligncenter\"><a href=\"\/regPL\/xm\"><img decoding=\"async\" class=\"size-full lazyload\" data-src=\"\/wp-content\/images\/reviews\/xm_pl\/pic1.jpg\" alt=\"Platforma XM\" width=\"1280\" height=\"882\" src=\"data:image\/svg+xml;base64,PHN2ZyB3aWR0aD0iMSIgaGVpZ2h0PSIxIiB4bWxucz0iaHR0cDovL3d3dy53My5vcmcvMjAwMC9zdmciPjwvc3ZnPg==\" style=\"--smush-placeholder-width: 1280px; --smush-placeholder-aspect-ratio: 1280\/882;\" \/><\/a><p class=\"wp-caption-text\">Platforma XM<\/p><\/div>\r\n\r\n<div class=\"retitle\">\r\n<h4>Minimalny Depozyt<span class=\"score\"> 10\/10 <img decoding=\"async\" class=\"usr lazyload\" data-src=\"https:\/\/www.realforexreviews.com\/wp-content\/plugins\/universal-star-rating\/includes\/image.php?img=06.png&amp;px=20&amp;max=5&amp;rat=5\" alt=\"5 out of 5 stars\" style=\"height: 20px !important;\" src=\"data:image\/svg+xml;base64,PHN2ZyB3aWR0aD0iMSIgaGVpZ2h0PSIxIiB4bWxucz0iaHR0cDovL3d3dy53My5vcmcvMjAwMC9zdmciPjwvc3ZnPg==\" \/><\/span><\/h4>\r\n<\/div>\r\nOtwarcie konta wymaga minimalnego depozytu w wysoko\u015bci \u20ac5, <strong>co jest bardzo nisk\u0105 kwot\u0105 w por\u00f3wnaniu do innych broker\u00f3w.<\/strong>\r\n\r\nTo zas\u0142uguje to na <strong>Ocen\u0119 minimalnego depozytu 10<\/strong>.\r\n<div class=\"retitle\">\r\n<h4>Minimalny Rozmiar Partii<span class=\"score\"> 10\/10 <img decoding=\"async\" class=\"usr lazyload\" data-src=\"https:\/\/www.realforexreviews.com\/wp-content\/plugins\/universal-star-rating\/includes\/image.php?img=06.png&amp;px=20&amp;max=5&amp;rat=5\" alt=\"5 out of 5 stars\" style=\"height: 20px !important;\" src=\"data:image\/svg+xml;base64,PHN2ZyB3aWR0aD0iMSIgaGVpZ2h0PSIxIiB4bWxucz0iaHR0cDovL3d3dy53My5vcmcvMjAwMC9zdmciPjwvc3ZnPg==\" \/><\/span><\/h4>\r\n<\/div>\r\nMinimalna akceptowana partia to 0,01, co jest dosy\u0107 powszechne w\u015br\u00f3d broker\u00f3w i jest to zaleta, poniewa\u017c <strong>kwot\u0119 inwestycji mo\u017cna ustali\u0107 na akceptowalnym poziomie.<\/strong>\r\n\r\nW oparciu o nasz system punktowy, XM zdoby\u0142a <strong>Ocen\u0119 minimalny rozmiar partii 10<\/strong>.\r\n<div class=\"retitle\">\r\n<h4>Dost\u0119pne Aktywa<span class=\"score\"> 8.8\/10 <img decoding=\"async\" class=\"usr lazyload\" data-src=\"https:\/\/www.realforexreviews.com\/wp-content\/plugins\/universal-star-rating\/includes\/image.php?img=06.png&amp;px=20&amp;max=5&amp;rat=4.4\" alt=\"4.4 out of 5 stars\" style=\"height: 20px !important;\" src=\"data:image\/svg+xml;base64,PHN2ZyB3aWR0aD0iMSIgaGVpZ2h0PSIxIiB4bWxucz0iaHR0cDovL3d3dy53My5vcmcvMjAwMC9zdmciPjwvc3ZnPg==\" \/><\/span><\/h4>\r\n<\/div>\r\nNa platformach <strong>mo\u017cna skorzysta\u0107 z ponad 100 instrument\u00f3w<\/strong>, w tym forex, towary, indeksy gie\u0142dowe, metale szlachetne i energie.\r\n\r\nTaka r\u00f3\u017cnorodno\u015b\u0107 otwiera wiele mo\u017cliwo\u015bci handlowych i dlatego te\u017c przyznali\u015bmy <strong>Ocen\u0119 za aktywa zbywalne 8.8<\/strong>.\r\n\r\n<div style=\"width: 1241px\" class=\"wp-caption aligncenter\"><a href=\"\/regPL\/xm\"><img decoding=\"async\" class=\"size-full lazyload\" data-src=\"\/wp-content\/images\/reviews\/xm_pl\/pic2.jpg\" alt=\"Zbywalne aktywa XM\" width=\"1231\" height=\"572\" src=\"data:image\/svg+xml;base64,PHN2ZyB3aWR0aD0iMSIgaGVpZ2h0PSIxIiB4bWxucz0iaHR0cDovL3d3dy53My5vcmcvMjAwMC9zdmciPjwvc3ZnPg==\" style=\"--smush-placeholder-width: 1231px; --smush-placeholder-aspect-ratio: 1231\/572;\" \/><\/a><p class=\"wp-caption-text\">Zbywalne aktywa XM<\/p><\/div>\r\n\r\n<div class=\"retitle\">\r\n<h4>Spready<span class=\"score\"> 9.9\/10 <img decoding=\"async\" class=\"usr lazyload\" data-src=\"https:\/\/www.realforexreviews.com\/wp-content\/plugins\/universal-star-rating\/includes\/image.php?img=06.png&amp;px=20&amp;max=5&amp;rat=5\" alt=\"5 out of 5 stars\" style=\"height: 20px !important;\" src=\"data:image\/svg+xml;base64,PHN2ZyB3aWR0aD0iMSIgaGVpZ2h0PSIxIiB4bWxucz0iaHR0cDovL3d3dy53My5vcmcvMjAwMC9zdmciPjwvc3ZnPg==\" \/><\/span><\/h4>\r\n<\/div>\r\n<strong>XM ma bardzo konkurencyjne spready.<\/strong>\r\n\r\nNa przyk\u0142ad spread dla pary walutowej EUR\/USD to 0.0001, co jest \u015bwietn\u0105 ofert\u0105 Zas\u0142uguje to na <strong>Ocen\u0119 za wyp\u0142aty 9.9<\/strong>.\r\n<div class=\"retitle\">\r\n<h4>Czas Wyp\u0142aty<span class=\"score\"> 10\/10 <img decoding=\"async\" class=\"usr lazyload\" data-src=\"https:\/\/www.realforexreviews.com\/wp-content\/plugins\/universal-star-rating\/includes\/image.php?img=06.png&amp;px=20&amp;max=5&amp;rat=5\" alt=\"5 out of 5 stars\" style=\"height: 20px !important;\" src=\"data:image\/svg+xml;base64,PHN2ZyB3aWR0aD0iMSIgaGVpZ2h0PSIxIiB4bWxucz0iaHR0cDovL3d3dy53My5vcmcvMjAwMC9zdmciPjwvc3ZnPg==\" \/><\/span><\/h4>\r\n<\/div>\r\n\u017b\u0105dania wyp\u0142aty przetwarzane s\u0105 <strong>w ci\u0105gu 24 godzin dla zatwierdzonych kont.<\/strong>\r\n\r\nW\u0142a\u015bciwie kiedy przeprowadzali\u015bmy nasz test, nasze \u017c\u0105danie zosta\u0142o rozpatrzone tego samego dnia.\r\n\r\nTaka szybko\u015b\u0107 zas\u0142uguje na <strong>Ocen\u0119 za czas wyp\u0142aty 10<\/strong>.\r\n<div class=\"retitle\">\r\n<h4>Metody P\u0142atno\u015bci<span class=\"score\"> 10\/10 <img decoding=\"async\" class=\"usr lazyload\" data-src=\"https:\/\/www.realforexreviews.com\/wp-content\/plugins\/universal-star-rating\/includes\/image.php?img=06.png&amp;px=20&amp;max=5&amp;rat=5\" alt=\"5 out of 5 stars\" style=\"height: 20px !important;\" src=\"data:image\/svg+xml;base64,PHN2ZyB3aWR0aD0iMSIgaGVpZ2h0PSIxIiB4bWxucz0iaHR0cDovL3d3dy53My5vcmcvMjAwMC9zdmciPjwvc3ZnPg==\" \/><\/span><\/h4>\r\n<\/div>\r\n<strong>Firma akceptuje najpopularniejsze dzisiaj metody p\u0142atno\u015bci bankowych<\/strong>, w tym karty kredytowe (XM Card, Visa, Visa Electron, MasterCard, Maestro, Diners Club, China UnionPay), Neteller, WebMoney, Skrill (MoneyBookers, Sofort Banking, iDEAL, paysafecard, QIWI, CashU, Giropay, Przelewy24, Fasapay, Perfect Money, Boleto i OXXO.\r\n\r\nTaka r\u00f3\u017cnorodno\u015b\u0107 gwarantuje <strong>Ocen\u0119 za sposoby uiszczania depozytu i wyp\u0142at 10<\/strong>.\r\n\r\n<div style=\"width: 1218px\" class=\"wp-caption aligncenter\"><a href=\"\/regPL\/xm\"><img decoding=\"async\" class=\"size-full lazyload\" data-src=\"\/wp-content\/images\/reviews\/xm_pl\/pic3.jpg\" alt=\"Metody p\u0142atno\u015bci XM\" width=\"1208\" height=\"1920\" src=\"data:image\/svg+xml;base64,PHN2ZyB3aWR0aD0iMSIgaGVpZ2h0PSIxIiB4bWxucz0iaHR0cDovL3d3dy53My5vcmcvMjAwMC9zdmciPjwvc3ZnPg==\" style=\"--smush-placeholder-width: 1208px; --smush-placeholder-aspect-ratio: 1208\/1920;\" \/><\/a><p class=\"wp-caption-text\">Metody p\u0142atno\u015bci XM<\/p><\/div>\r\n\r\n<div class=\"retitle\">\r\n<h4>Obs\u0142ug\u0119 Klienta<span class=\"score\"> 9.5\/10 <img decoding=\"async\" class=\"usr lazyload\" data-src=\"https:\/\/www.realforexreviews.com\/wp-content\/plugins\/universal-star-rating\/includes\/image.php?img=06.png&amp;px=20&amp;max=5&amp;rat=4.8\" alt=\"4.8 out of 5 stars\" style=\"height: 20px !important;\" src=\"data:image\/svg+xml;base64,PHN2ZyB3aWR0aD0iMSIgaGVpZ2h0PSIxIiB4bWxucz0iaHR0cDovL3d3dy53My5vcmcvMjAwMC9zdmciPjwvc3ZnPg==\" \/><\/span><\/h4>\r\n<\/div>\r\nObs\u0142uga klienta dost\u0119pna jest telefonicznie, e-mail i przez chat.\r\n\r\n<strong>Czas oczekiwania to tylko kilka sekund<\/strong>, a odpowiedzi s\u0105 zazwyczaj szybkie i konkretne.\r\n\r\nZas\u0142uguje to na <strong>Ocen\u0119 za obs\u0142ug\u0119 klienta 9.5<\/strong>.\r\n\r\n<div style=\"width: 1265px\" class=\"wp-caption aligncenter\"><a href=\"\/regPL\/xm\"><img decoding=\"async\" class=\"size-full lazyload\" data-src=\"\/wp-content\/images\/reviews\/xm_pl\/pic4.jpg\" alt=\"Obs\u0142uga klienta XM\" width=\"1255\" height=\"2067\" src=\"data:image\/svg+xml;base64,PHN2ZyB3aWR0aD0iMSIgaGVpZ2h0PSIxIiB4bWxucz0iaHR0cDovL3d3dy53My5vcmcvMjAwMC9zdmciPjwvc3ZnPg==\" style=\"--smush-placeholder-width: 1255px; --smush-placeholder-aspect-ratio: 1255\/2067;\" \/><\/a><p class=\"wp-caption-text\">Obs\u0142uga klienta XM<\/p><\/div>\r\n\r\n<div class=\"retitle\">\r\n<h4>Dok\u0142adno\u015b\u0107 Notowa\u0144<span class=\"score\"> 9.5\/10 <img decoding=\"async\" class=\"usr lazyload\" data-src=\"https:\/\/www.realforexreviews.com\/wp-content\/plugins\/universal-star-rating\/includes\/image.php?img=06.png&amp;px=20&amp;max=5&amp;rat=4.8\" alt=\"4.8 out of 5 stars\" style=\"height: 20px !important;\" src=\"data:image\/svg+xml;base64,PHN2ZyB3aWR0aD0iMSIgaGVpZ2h0PSIxIiB4bWxucz0iaHR0cDovL3d3dy53My5vcmcvMjAwMC9zdmciPjwvc3ZnPg==\" \/><\/span><\/h4>\r\n<\/div>\r\nPrzeprowadzili\u015bmy na platformach klika test\u00f3w i dobr\u0105 wiadomo\u015bci\u0105 jest to, <strong>\u017ce nie by\u0142o \u017cadnych op\u00f3\u017anie\u0144 ani manipulacji cenami rynkowymi.<\/strong>\r\n\r\nDlatego te\u017c, zdoby\u0142a <strong>Ocen\u0119 za dok\u0142adno\u015b\u0107 notowa\u0144 9.5<\/strong>.\r\n<div class=\"retitle\">\r\n<h4>Wiarygodno\u015b\u0107<span class=\"score\"> 9.8\/10 <img decoding=\"async\" class=\"usr lazyload\" data-src=\"https:\/\/www.realforexreviews.com\/wp-content\/plugins\/universal-star-rating\/includes\/image.php?img=06.png&amp;px=20&amp;max=5&amp;rat=4.9\" alt=\"4.9 out of 5 stars\" style=\"height: 20px !important;\" src=\"data:image\/svg+xml;base64,PHN2ZyB3aWR0aD0iMSIgaGVpZ2h0PSIxIiB4bWxucz0iaHR0cDovL3d3dy53My5vcmcvMjAwMC9zdmciPjwvc3ZnPg==\" \/><\/span><\/h4>\r\n<\/div>\r\nFirma przestrzega wytycznych regulacyjnych ustanowionych przez organy finansowe, <strong>wi\u0119c mo\u017cna handlowa\u0107 ze spokojem ducha.<\/strong>\r\n\r\nPoza tym jest jednym z najlepszych broker\u00f3w w wielu krajach, <strong>w tym w Polsce<\/strong>, co wynika z naszych bada\u0144.\r\n\r\nTen rodzaj wiarygodno\u015bci zas\u0142uguje na <strong>Ocen\u0119 za reputacj\u0119 9.8<\/strong>.\r\n\r\n&nbsp;\r\n<table width=\"100%\">\r\n<tbody>\r\n<tr>\r\n<td style=\"background-image:inherit; background-repeat: no-repeat; background-position: left;\" height=\"200\" data-bg-image=\"url(&#039;https:\/\/www.realforexreviews.com\/wp-content\/smush-webp\/2020\/03\/trading-background2.jpg.webp&#039;)\" class=\"lazyload\"><img decoding=\"async\" data-src=\"\/wp-content\/images\/header\/xm.png\" alt=\"XM logo\" src=\"data:image\/svg+xml;base64,PHN2ZyB3aWR0aD0iMSIgaGVpZ2h0PSIxIiB4bWxucz0iaHR0cDovL3d3dy53My5vcmcvMjAwMC9zdmciPjwvc3ZnPg==\" class=\"lazyload\" style=\"--smush-placeholder-width: 150px; --smush-placeholder-aspect-ratio: 150\/40;\" \/><\/td>\r\n<\/tr>\r\n<tr>\r\n<td style=\"text-align: left; padding: 0px 30px 30px 30px; background-color: #f3f3f3;\">\r\n<div id=\"conclusion\" class=\"retitle\">\r\n<h4>Konkluzja <span class=\"score\">9.4\/10 <img decoding=\"async\" class=\"usr lazyload\" data-src=\"https:\/\/www.realforexreviews.com\/wp-content\/plugins\/universal-star-rating\/includes\/image.php?img=06.png&amp;px=20&amp;max=5&amp;rat=4.7\" alt=\"4.7 out of 5 stars\" style=\"height: 20px !important;\" src=\"data:image\/svg+xml;base64,PHN2ZyB3aWR0aD0iMSIgaGVpZ2h0PSIxIiB4bWxucz0iaHR0cDovL3d3dy53My5vcmcvMjAwMC9zdmciPjwvc3ZnPg==\" \/><\/span><\/h4>\r\n<\/div>\r\nOpr\u00f3cz tego, \u017ce platforma jest kontrolowana, <strong>istnieje jeszcze wiele innych istotnych powod\u00f3w<\/strong>, dla kt\u00f3rych XM znajduje si\u0119 na naszej li\u015bcie bardzo polecanych broker\u00f3w.\r\n\r\nSzeroki wachlarz instrument\u00f3w handlowych, wyb\u00f3r platform handlowych online, szybkie przetwarzanie wyp\u0142at, bardzo elastyczne warunki handlowe oraz doskona\u0142a obs\u0142uga klienta &#8211; <strong>to tylko niekt\u00f3re z zalet, kt\u00f3re sprawiaj\u0105, \u017ce jest ona najlepszym wyborem dla ka\u017cdego handluj\u0105cego Forex i CFD!<\/strong>\r\n\r\n&nbsp;\r\n\r\n<center><a class=\"open\" href=\"\/regPL\/xm\" target=\"_blank\" rel=\"nofollow noopener noreferrer\">Odwied\u017a XM!<\/a><\/center><\/td>\r\n<\/tr>\r\n<\/tbody>\r\n<\/table>\r\n[\/vc_column_text][vc_column_text]\r\n\r\n<center><a href=\"https:\/\/clicks.pipaffiliates.com\/c?m=8535&amp;c=547186\"><img fetchpriority=\"high\" decoding=\"async\" src=\"https:\/\/ads.pipaffiliates.com\/i\/8535?c=547186\" alt=\"XM banner\" width=\"728\" height=\"90\" \/><\/a><\/center>[\/vc_column_text][vc_raw_html]JTNDaWZyYW1lJTIwc3R5bGUlM0QlMjJ2aXNpYmlsaXR5JTNBJTIwaGlkZGVuJTNCJTIyJTIwc3JjJTNEJTIyaHR0cHMlM0ElMkYlMkZjbGlja3MucGlwYWZmaWxpYXRlcy5jb20lMkZjJTNGYyUzRDI0NDMzMSUyNmwlM0RwbCUyNnAlM0QwJTIyJTIwd2lkdGglM0QlMjIxJTIyJTIwaGVpZ2h0JTNEJTIyMSUyMiUzRSUzQyUyRmlmcmFtZSUzRQ==[\/vc_raw_html][\/vc_column][\/vc_row]","protected":false},"excerpt":{"rendered":"[vc_row][vc_column][vc_column_text] [\/vc_column_text][vc_column_text] Wprowadzenie lub Przeczyta\u0107 Konkluzja! XM zosta\u0142a za\u0142o\u017cona w 2010 roku i jest autoryzowana oraz kontrolowana przez CySEC i ASIC. Jest bardzo ceniona, poniewa\u017c oferuje szeroki wachlarz platform MT4 na r\u00f3\u017cnych stacjach roboczych, ale czy to ich jedyna zaleta? Przekonajmy si\u0119 w tej ocenie. &nbsp; XM Group Przegl\u0105d Za\u0142o\u017cono 2010 Platformy MT4 na PC, [&hellip;]","protected":false},"author":57,"featured_media":52631,"parent":4526,"menu_order":0,"comment_status":"open","ping_status":"closed","template":"","meta":{"_acf_changed":false,"footnotes":""},"class_list":["post-4540","page","type-page","status-publish","has-post-thumbnail","hentry"],"acf":[],"aioseo_notices":[],"_links":{"self":[{"href":"https:\/\/www.realforexreviews.com\/pl\/wp-json\/wp\/v2\/pages\/4540","targetHints":{"allow":["GET"]}}],"collection":[{"href":"https:\/\/www.realforexreviews.com\/pl\/wp-json\/wp\/v2\/pages"}],"about":[{"href":"https:\/\/www.realforexreviews.com\/pl\/wp-json\/wp\/v2\/types\/page"}],"author":[{"embeddable":true,"href":"https:\/\/www.realforexreviews.com\/pl\/wp-json\/wp\/v2\/users\/57"}],"replies":[{"embeddable":true,"href":"https:\/\/www.realforexreviews.com\/pl\/wp-json\/wp\/v2\/comments?post=4540"}],"version-history":[{"count":8,"href":"https:\/\/www.realforexreviews.com\/pl\/wp-json\/wp\/v2\/pages\/4540\/revisions"}],"predecessor-version":[{"id":71005,"href":"https:\/\/www.realforexreviews.com\/pl\/wp-json\/wp\/v2\/pages\/4540\/revisions\/71005"}],"up":[{"embeddable":true,"href":"https:\/\/www.realforexreviews.com\/pl\/wp-json\/wp\/v2\/pages\/4526"}],"wp:featuredmedia":[{"embeddable":true,"href":"https:\/\/www.realforexreviews.com\/pl\/wp-json\/wp\/v2\/media\/52631"}],"wp:attachment":[{"href":"https:\/\/www.realforexreviews.com\/pl\/wp-json\/wp\/v2\/media?parent=4540"}],"curies":[{"name":"wp","href":"https:\/\/api.w.org\/{rel}","templated":true}]}}