{"id":7558,"date":"2020-04-05T13:03:39","date_gmt":"2020-04-05T13:03:39","guid":{"rendered":"https:\/\/new.realforexreviews.com\/pl\/brokers\/pepperstone\/"},"modified":"2020-12-26T09:00:05","modified_gmt":"2020-12-26T09:00:05","slug":"pepperstone","status":"publish","type":"page","link":"https:\/\/www.realforexreviews.com\/pl\/brokers\/pepperstone","title":{"rendered":"Ocena Pepperstone 2021"},"content":{"rendered":"[vc_row][vc_column][vc_column_text]\r\n<div id=\"end\" class=\"retitle\">\r\n<h4>Wprowadzenie <a class=\"readbottomline\" href=\"#conclusion\">lub Przeczyta\u0107 Konkluzja!<\/a><\/h4>\r\n<\/div>\r\nPepperstone jest brokerem Forex i CFD online, kt\u00f3ry dzia\u0142a na rynku <strong>od 2000 roku.<\/strong>\r\n\r\nCzy powinni\u015bcie handlowa\u0107 z tym brokerem?\r\n\r\n<strong>Przeczytajcie t\u0119 recenzj\u0119 i dowiedzcie si\u0119.<\/strong>\r\n\r\n&nbsp;\r\n<table class=\"shadow\" border=\"1\" width=\"70%\" cellspacing=\"0\" cellpadding=\"5\" align=\"center\">\r\n<tbody>\r\n<tr>\r\n<td style=\"background: #336181 none repeat scroll 0% 0%; border-top-left-radius: 10px; border-top-right-radius: 10px; border: 1px solid #fff;\" colspan=\"2\" valign=\"top\"><center><span style=\"color: #fff;\"><strong>Pepperstone Przegl\u0105d<\/strong><\/span><\/center><\/td>\r\n<\/tr>\r\n<tr>\r\n<td width=\"230\">Za\u0142o\u017cono<\/td>\r\n<td width=\"230\">2010<\/td>\r\n<\/tr>\r\n<tr>\r\n<td width=\"230\">Platformy<\/td>\r\n<td width=\"230\">MetaTrader 4, MetaTrader 4 Mac, MetaTrader 5,\r\nWebTrader, iPhone, Android, iPad\/Tablet, cTader, cTrader WebTrader, cTrader cAlgo, cTrader Mobile<\/td>\r\n<\/tr>\r\n<tr>\r\n<td width=\"230\">Minimalna wielko\u015b\u0107 konta<\/td>\r\n<td width=\"230\">\u20ac200<\/td>\r\n<\/tr>\r\n<tr>\r\n<td width=\"230\">Minimalna wielko\u015b\u0107 partii<\/td>\r\n<td width=\"230\">0.01<\/td>\r\n<\/tr>\r\n<tr>\r\n<td width=\"230\">Aktywa zbywalne<\/td>\r\n<td width=\"230\">70+<\/td>\r\n<\/tr>\r\n<tr>\r\n<td width=\"230\">Maksymalna mar\u017ca<\/td>\r\n<td width=\"230\">1:500<\/td>\r\n<\/tr>\r\n<tr>\r\n<td width=\"230\">Spread w EUR\/USD<\/td>\r\n<td width=\"230\">0 pips<\/td>\r\n<\/tr>\r\n<tr>\r\n<td width=\"230\">Metody p\u0142atno\u015bci<\/td>\r\n<td width=\"230\">3 pips PayPal, POLi, China Union Pay, Przelew Bankowy, BPay, Skrill (Moneybookers), Neteller, Qiwi, Fasapay, Broker to Broker<\/td>\r\n<\/tr>\r\n<tr>\r\n<td width=\"230\">Konto demo<\/td>\r\n<td width=\"230\">Tak<\/td>\r\n<\/tr>\r\n<tr>\r\n<td width=\"230\">Akceptuje Polskich przedsi\u0119biorc\u00f3w<\/td>\r\n<td width=\"230\">Tak<\/td>\r\n<\/tr>\r\n<tr>\r\n<td width=\"230\">Regulowany<\/td>\r\n<td width=\"230\">ASIC (Australia), FCA (Wielka Brytania)<\/td>\r\n<\/tr>\r\n<tr>\r\n<td width=\"230\">Pomocyt<\/td>\r\n<td width=\"230\">Telefon, Email, Czat na \u017bywo<\/td>\r\n<\/tr>\r\n<tr>\r\n<td width=\"230\">Strona internetowa<\/td>\r\n<td width=\"230\"><a href=\"\/regPL\/pepperstone\">www.pepperstone.com<\/a><\/td>\r\n<\/tr>\r\n<\/tbody>\r\n<\/table>\r\n&nbsp;\r\n\r\n<center><a class=\"open\" href=\"\/regPL\/pepperstone\" target=\"_blank\" rel=\"nofollow noopener noreferrer\">Odwied\u017a Pepperstone<\/a><\/center>\r\n<div class=\"retitle\">\r\n<h4>Platforma<span class=\"score\"> 9.4\/10 <img decoding=\"async\" class=\"usr lazyload\" data-src=\"https:\/\/www.realforexreviews.com\/wp-content\/plugins\/universal-star-rating\/includes\/image.php?img=06.png&amp;px=20&amp;max=5&amp;rat=4.7\" alt=\"4.7 out of 5 stars\" style=\"height: 20px !important;\" src=\"data:image\/svg+xml;base64,PHN2ZyB3aWR0aD0iMSIgaGVpZ2h0PSIxIiB4bWxucz0iaHR0cDovL3d3dy53My5vcmcvMjAwMC9zdmciPjwvc3ZnPg==\" \/><\/span><\/h4>\r\n<\/div>\r\n<strong>Istnieje \u0142\u0105cznie 11 platform<\/strong>, \u017ceby\u015bcie mogli w dogodny dla Was spos\u00f3b handlowa\u0107 tak jak chcecie i kiedy chcecie.\r\n<div class=\"retitle\">\r\n<h4>Projekt<span class=\"score\"> 10\/10 <img decoding=\"async\" class=\"usr lazyload\" data-src=\"https:\/\/www.realforexreviews.com\/wp-content\/plugins\/universal-star-rating\/includes\/image.php?img=06.png&amp;px=20&amp;max=5&amp;rat=5\" alt=\"5 out of 5 stars\" style=\"height: 20px !important;\" src=\"data:image\/svg+xml;base64,PHN2ZyB3aWR0aD0iMSIgaGVpZ2h0PSIxIiB4bWxucz0iaHR0cDovL3d3dy53My5vcmcvMjAwMC9zdmciPjwvc3ZnPg==\" \/><\/span><\/h4>\r\n<\/div>\r\n<strong>Rozk\u0142ad platform zosta\u0142 tak przygotowany<\/strong>, \u017ceby by\u0142 dobrze zorganizowany i \u0142atwy w obs\u0142udze.\r\n\r\nGeneralnie wykonana zosta\u0142a \u015bwietna robota w kwestii optymalizacji strony wizualnej platform.\r\n\r\n<div style=\"width: 1289px\" class=\"wp-caption aligncenter\"><a href=\"\/regPL\/pepperstone\"><img fetchpriority=\"high\" decoding=\"async\" class=\"size-full\" src=\"\/wp-content\/images\/reviews\/pepperstone_pl\/pic1.jpg\" alt=\"Platforma Pepperstone\" width=\"1279\" height=\"912\" \/><\/a><p class=\"wp-caption-text\">Platforma Pepperstone<\/p><\/div>\r\n\r\n<center><a class=\"open\" href=\"\/regPL\/pepperstone\" target=\"_blank\" rel=\"nofollow noopener noreferrer\">Odwied\u017a Pepperstone!<\/a><\/center>\r\n<div class=\"retitle\">\r\n<h4>Minimalny Depozyt<span class=\"score\"> 8\/10 <img decoding=\"async\" class=\"usr lazyload\" data-src=\"https:\/\/www.realforexreviews.com\/wp-content\/plugins\/universal-star-rating\/includes\/image.php?img=06.png&amp;px=20&amp;max=5&amp;rat=4\" alt=\"4 out of 5 stars\" style=\"height: 20px !important;\" src=\"data:image\/svg+xml;base64,PHN2ZyB3aWR0aD0iMSIgaGVpZ2h0PSIxIiB4bWxucz0iaHR0cDovL3d3dy53My5vcmcvMjAwMC9zdmciPjwvc3ZnPg==\" \/><\/span><\/h4>\r\n<\/div>\r\nMinimalny depozyt w wysoko\u015bci 200 \u20ac nie jest mo\u017ce najni\u017cszym na rynku, ale te\u017c nie najwy\u017cszym, utrzymuje si\u0119 zatem na \u015brednim poziomie.\r\n<div class=\"retitle\">\r\n<h4>Minimalny Rozmiar Partii<span class=\"score\"> 10\/10 <img decoding=\"async\" class=\"usr lazyload\" data-src=\"https:\/\/www.realforexreviews.com\/wp-content\/plugins\/universal-star-rating\/includes\/image.php?img=06.png&amp;px=20&amp;max=5&amp;rat=5\" alt=\"5 out of 5 stars\" style=\"height: 20px !important;\" src=\"data:image\/svg+xml;base64,PHN2ZyB3aWR0aD0iMSIgaGVpZ2h0PSIxIiB4bWxucz0iaHR0cDovL3d3dy53My5vcmcvMjAwMC9zdmciPjwvc3ZnPg==\" \/><\/span><\/h4>\r\n<\/div>\r\nPodobnie do standard\u00f3w w bran\u017cy, <strong>minimalna dozwolona partia to 0,01.<\/strong>\r\n<div class=\"retitle\">\r\n<h4>Dost\u0119pne Aktywa<span class=\"score\"> 8.7\/10 <img decoding=\"async\" class=\"usr lazyload\" data-src=\"https:\/\/www.realforexreviews.com\/wp-content\/plugins\/universal-star-rating\/includes\/image.php?img=06.png&amp;px=20&amp;max=5&amp;rat=4.4\" alt=\"4.4 out of 5 stars\" style=\"height: 20px !important;\" src=\"data:image\/svg+xml;base64,PHN2ZyB3aWR0aD0iMSIgaGVpZ2h0PSIxIiB4bWxucz0iaHR0cDovL3d3dy53My5vcmcvMjAwMC9zdmciPjwvc3ZnPg==\" \/><\/span><\/h4>\r\n<\/div>\r\nObecnie maj\u0105 <strong>ponad 70 aktyw\u00f3w handlowych<\/strong>, kt\u00f3re s\u0105 dost\u0119pne poprzez wiele r\u00f3\u017cnorodnych platform.\r\n\r\n<div style=\"width: 516px\" class=\"wp-caption aligncenter\"><a href=\"\/regPL\/pepperstone\"><img decoding=\"async\" class=\"size-full lazyload\" data-src=\"\/wp-content\/images\/reviews\/pepperstone_pl\/pic2.jpg\" alt=\"Zbywalne aktywa Pepperstone\" width=\"506\" height=\"792\" src=\"data:image\/svg+xml;base64,PHN2ZyB3aWR0aD0iMSIgaGVpZ2h0PSIxIiB4bWxucz0iaHR0cDovL3d3dy53My5vcmcvMjAwMC9zdmciPjwvc3ZnPg==\" style=\"--smush-placeholder-width: 506px; --smush-placeholder-aspect-ratio: 506\/792;\" \/><\/a><p class=\"wp-caption-text\">Zbywalne aktywa Pepperstone<\/p><\/div>\r\n\r\n<center><a class=\"open\" href=\"\/regPL\/pepperstone\" target=\"_blank\" rel=\"nofollow noopener noreferrer\">Odwied\u017a Pepperstone!<\/a><\/center>\r\n<div class=\"retitle\">\r\n<h4>Spready<span class=\"score\"> 9.9\/10 <img decoding=\"async\" class=\"usr lazyload\" data-src=\"https:\/\/www.realforexreviews.com\/wp-content\/plugins\/universal-star-rating\/includes\/image.php?img=06.png&amp;px=20&amp;max=5&amp;rat=5\" alt=\"5 out of 5 stars\" style=\"height: 20px !important;\" src=\"data:image\/svg+xml;base64,PHN2ZyB3aWR0aD0iMSIgaGVpZ2h0PSIxIiB4bWxucz0iaHR0cDovL3d3dy53My5vcmcvMjAwMC9zdmciPjwvc3ZnPg==\" \/><\/span><\/h4>\r\n<\/div>\r\nSpready na platformie MetaTrader 4 r\u00f3\u017cni\u0105 si\u0119, ale nawet w niepewnych czasach, <strong>mog\u0105 one nadal by\u0107 na poziomie 0<\/strong>, nawet w przypadku par du\u017cych walut, takich jak EUR\/USD.\r\n<div class=\"retitle\">\r\n<h4>Czas Wyp\u0142aty<span class=\"score\"> 10\/10 <img decoding=\"async\" class=\"usr lazyload\" data-src=\"https:\/\/www.realforexreviews.com\/wp-content\/plugins\/universal-star-rating\/includes\/image.php?img=06.png&amp;px=20&amp;max=5&amp;rat=5\" alt=\"5 out of 5 stars\" style=\"height: 20px !important;\" src=\"data:image\/svg+xml;base64,PHN2ZyB3aWR0aD0iMSIgaGVpZ2h0PSIxIiB4bWxucz0iaHR0cDovL3d3dy53My5vcmcvMjAwMC9zdmciPjwvc3ZnPg==\" \/><\/span><\/h4>\r\n<\/div>\r\nNale\u017cy wype\u0142ni\u0107 formularz wyp\u0142aty, a je\u015bli uda si\u0119 si\u0119 wys\u0142a\u0107 go przed 21:00 czasu GMT, <strong>zostanie ona przetworzona tego samego dnia.<\/strong>\r\n\r\nW przeciwnym razie zostanie ona wykonana w nast\u0119pnym dniu roboczym.\r\n<div class=\"retitle\">\r\n<h4>Metody P\u0142atno\u015bci<span class=\"score\"> 10\/10 <img decoding=\"async\" class=\"usr lazyload\" data-src=\"https:\/\/www.realforexreviews.com\/wp-content\/plugins\/universal-star-rating\/includes\/image.php?img=06.png&amp;px=20&amp;max=5&amp;rat=5\" alt=\"5 out of 5 stars\" style=\"height: 20px !important;\" src=\"data:image\/svg+xml;base64,PHN2ZyB3aWR0aD0iMSIgaGVpZ2h0PSIxIiB4bWxucz0iaHR0cDovL3d3dy53My5vcmcvMjAwMC9zdmciPjwvc3ZnPg==\" \/><\/span><\/h4>\r\n<\/div>\r\nObs\u0142uguje karty kredytowe i debetowe (Visa and MasterCard), Banc Transfer, PayPal, POLi, China Union Pay, BPay, Skrill (Moneybookers), Neteller, Qiwi, Fasapay a tak\u017ce p\u0142atno\u015bci mi\u0119dzy brokerami.\r\n\r\n<div style=\"width: 743px\" class=\"wp-caption aligncenter\"><a href=\"\/regPL\/pepperstone\"><img decoding=\"async\" class=\"size-full lazyload\" data-src=\"\/wp-content\/images\/reviews\/pepperstone_pl\/pic3.jpg\" alt=\"Metody p\u0142atno\u015bci Pepperstone\" width=\"733\" height=\"1846\" src=\"data:image\/svg+xml;base64,PHN2ZyB3aWR0aD0iMSIgaGVpZ2h0PSIxIiB4bWxucz0iaHR0cDovL3d3dy53My5vcmcvMjAwMC9zdmciPjwvc3ZnPg==\" style=\"--smush-placeholder-width: 733px; --smush-placeholder-aspect-ratio: 733\/1846;\" \/><\/a><p class=\"wp-caption-text\">Metody p\u0142atno\u015bci Pepperstone<\/p><\/div>\r\n\r\n<center><a class=\"open\" href=\"\/regPL\/pepperstone\" target=\"_blank\" rel=\"nofollow noopener noreferrer\">Odwied\u017a Pepperstone!<\/a><\/center>\r\n<div class=\"retitle\">\r\n<h4>Obs\u0142ug\u0119 Klienta<span class=\"score\"> 8.6\/10 <img decoding=\"async\" class=\"usr lazyload\" data-src=\"https:\/\/www.realforexreviews.com\/wp-content\/plugins\/universal-star-rating\/includes\/image.php?img=06.png&amp;px=20&amp;max=5&amp;rat=4.3\" alt=\"4.3 out of 5 stars\" style=\"height: 20px !important;\" src=\"data:image\/svg+xml;base64,PHN2ZyB3aWR0aD0iMSIgaGVpZ2h0PSIxIiB4bWxucz0iaHR0cDovL3d3dy53My5vcmcvMjAwMC9zdmciPjwvc3ZnPg==\" \/><\/span><\/h4>\r\n<\/div>\r\nDzia\u0142 pomocy technicznej jest \u0142atwo osi\u0105galny przez telefon, e-maila oraz czat.\r\n\r\n<strong>Jego profesjonalizm i uprzejmo\u015b\u0107 s\u0105 godne pochwa\u0142y.<\/strong>\r\n\r\n<div style=\"width: 848px\" class=\"wp-caption aligncenter\"><a href=\"\/regPL\/pepperstone\"><img decoding=\"async\" class=\"size-full lazyload\" data-src=\"\/wp-content\/images\/reviews\/pepperstone_pl\/pic4.jpg\" alt=\"Obs\u0142uga klienta Pepperstone\" width=\"838\" height=\"6227\" src=\"data:image\/svg+xml;base64,PHN2ZyB3aWR0aD0iMSIgaGVpZ2h0PSIxIiB4bWxucz0iaHR0cDovL3d3dy53My5vcmcvMjAwMC9zdmciPjwvc3ZnPg==\" style=\"--smush-placeholder-width: 838px; --smush-placeholder-aspect-ratio: 838\/6227;\" \/><\/a><p class=\"wp-caption-text\">Obs\u0142uga klienta Pepperstone<\/p><\/div>\r\n\r\n<div class=\"retitle\">\r\n<h4>Dok\u0142adno\u015b\u0107 Notowa\u0144<span class=\"score\"> 10\/10 <img decoding=\"async\" class=\"usr lazyload\" data-src=\"https:\/\/www.realforexreviews.com\/wp-content\/plugins\/universal-star-rating\/includes\/image.php?img=06.png&amp;px=20&amp;max=5&amp;rat=5\" alt=\"5 out of 5 stars\" style=\"height: 20px !important;\" src=\"data:image\/svg+xml;base64,PHN2ZyB3aWR0aD0iMSIgaGVpZ2h0PSIxIiB4bWxucz0iaHR0cDovL3d3dy53My5vcmcvMjAwMC9zdmciPjwvc3ZnPg==\" \/><\/span><\/h4>\r\n<\/div>\r\nNawet przy wysokiej p\u0142ynno\u015bci, <strong>ceny wy\u015bwietlane przez te platformy przedstawiane s\u0105 w czasie rzeczywistym<\/strong>, w oparciu o wiele wykonanych test\u00f3w.\r\n<div class=\"retitle\">\r\n<h4>Wiarygodno\u015b\u0107<span class=\"score\"> 9.5\/10 <img decoding=\"async\" class=\"usr lazyload\" data-src=\"https:\/\/www.realforexreviews.com\/wp-content\/plugins\/universal-star-rating\/includes\/image.php?img=06.png&amp;px=20&amp;max=5&amp;rat=4.3\" alt=\"4.3 out of 5 stars\" style=\"height: 20px !important;\" src=\"data:image\/svg+xml;base64,PHN2ZyB3aWR0aD0iMSIgaGVpZ2h0PSIxIiB4bWxucz0iaHR0cDovL3d3dy53My5vcmcvMjAwMC9zdmciPjwvc3ZnPg==\" \/><\/span><\/h4>\r\n<\/div>\r\nW oparciu o szeroko zakrojony profil tego brokera, jego reputacja pozostaje silna, <strong>zw\u0142aszcza w\u015br\u00f3d handluj\u0105cych w Polsce.<\/strong>\r\n\r\nNadz\u00f3r CySEC oraz FCA oraz liczne zdobyte nagrody sprawiaj\u0105, \u017ce cieszy si\u0119 nieposzlakowan\u0105 reputacj\u0105.\r\n\r\n&nbsp;\r\n<table width=\"100%\">\r\n<tbody>\r\n<tr>\r\n<td style=\"background-image:inherit; background-repeat: no-repeat; background-position: left;\" height=\"200\" data-bg-image=\"url(&#039;https:\/\/www.realforexreviews.com\/wp-content\/smush-webp\/2020\/03\/trading-background2.jpg.webp&#039;)\" class=\"lazyload\"><img decoding=\"async\" data-src=\"\/wp-content\/images\/header\/pepperstone.png\" alt=\"Pepperstone logo\" src=\"data:image\/svg+xml;base64,PHN2ZyB3aWR0aD0iMSIgaGVpZ2h0PSIxIiB4bWxucz0iaHR0cDovL3d3dy53My5vcmcvMjAwMC9zdmciPjwvc3ZnPg==\" class=\"lazyload\" style=\"--smush-placeholder-width: 150px; --smush-placeholder-aspect-ratio: 150\/40;\" \/><\/td>\r\n<\/tr>\r\n<tr>\r\n<td style=\"text-align: left; padding: 0px 30px 30px 30px; background-color: #f3f3f3;\">\r\n<div id=\"conclusion\" class=\"retitle\">\r\n<h4>Konkluzja<span class=\"score\"> 9\/10 <img decoding=\"async\" class=\"usr lazyload\" data-src=\"https:\/\/www.realforexreviews.com\/wp-content\/plugins\/universal-star-rating\/includes\/image.php?img=06.png&amp;px=20&amp;max=5&amp;rat=4.5\" alt=\"4.5 out of 5 stars\" style=\"height: 20px !important;\" src=\"data:image\/svg+xml;base64,PHN2ZyB3aWR0aD0iMSIgaGVpZ2h0PSIxIiB4bWxucz0iaHR0cDovL3d3dy53My5vcmcvMjAwMC9zdmciPjwvc3ZnPg==\" \/><\/span><\/h4>\r\n<\/div>\r\n<strong>Pepperstone posiada pakiet platform<\/strong>, kt\u00f3re zapewniaj\u0105 dost\u0119p do niskich cen towarzysz\u0105cych szybkiej realizacji oraz wyj\u0105tkowym warunkom transakcji.\r\n\r\n<strong>Przestrzeganie finansowych regulacji zapewni u\u017cytkownikom spok\u00f3j ducha<\/strong> i przekonanie, \u017ce pracuj\u0105 z godnym zaufania brokerem, podczas gdy zindywidualizowana obs\u0142uga klienta zapewnia stale i \u0142atwo dost\u0119pn\u0105 pomoc przez infolini\u0119.\r\n\r\n&nbsp;\r\n\r\n<center><a class=\"open\" href=\"\/regPL\/pepperstone\" target=\"_blank\" rel=\"nofollow noopener noreferrer\">Odwied\u017a Pepperstone!<\/a><\/center><\/td>\r\n<\/tr>\r\n<\/tbody>\r\n<\/table>\r\n[\/vc_column_text][\/vc_column][\/vc_row]","protected":false},"excerpt":{"rendered":"[vc_row][vc_column][vc_column_text] Wprowadzenie lub Przeczyta\u0107 Konkluzja! Pepperstone jest brokerem Forex i CFD online, kt\u00f3ry dzia\u0142a na rynku od 2000 roku. Czy powinni\u015bcie handlowa\u0107 z tym brokerem? Przeczytajcie t\u0119 recenzj\u0119 i dowiedzcie si\u0119. &nbsp; Pepperstone Przegl\u0105d Za\u0142o\u017cono 2010 Platformy MetaTrader 4, MetaTrader 4 Mac, MetaTrader 5, WebTrader, iPhone, Android, iPad\/Tablet, cTader, cTrader WebTrader, cTrader cAlgo, cTrader Mobile [&hellip;]","protected":false},"author":57,"featured_media":53036,"parent":4526,"menu_order":0,"comment_status":"open","ping_status":"closed","template":"","meta":{"_acf_changed":false,"footnotes":""},"class_list":["post-7558","page","type-page","status-publish","has-post-thumbnail","hentry"],"acf":[],"aioseo_notices":[],"_links":{"self":[{"href":"https:\/\/www.realforexreviews.com\/pl\/wp-json\/wp\/v2\/pages\/7558","targetHints":{"allow":["GET"]}}],"collection":[{"href":"https:\/\/www.realforexreviews.com\/pl\/wp-json\/wp\/v2\/pages"}],"about":[{"href":"https:\/\/www.realforexreviews.com\/pl\/wp-json\/wp\/v2\/types\/page"}],"author":[{"embeddable":true,"href":"https:\/\/www.realforexreviews.com\/pl\/wp-json\/wp\/v2\/users\/57"}],"replies":[{"embeddable":true,"href":"https:\/\/www.realforexreviews.com\/pl\/wp-json\/wp\/v2\/comments?post=7558"}],"version-history":[{"count":8,"href":"https:\/\/www.realforexreviews.com\/pl\/wp-json\/wp\/v2\/pages\/7558\/revisions"}],"predecessor-version":[{"id":71002,"href":"https:\/\/www.realforexreviews.com\/pl\/wp-json\/wp\/v2\/pages\/7558\/revisions\/71002"}],"up":[{"embeddable":true,"href":"https:\/\/www.realforexreviews.com\/pl\/wp-json\/wp\/v2\/pages\/4526"}],"wp:featuredmedia":[{"embeddable":true,"href":"https:\/\/www.realforexreviews.com\/pl\/wp-json\/wp\/v2\/media\/53036"}],"wp:attachment":[{"href":"https:\/\/www.realforexreviews.com\/pl\/wp-json\/wp\/v2\/media?parent=7558"}],"curies":[{"name":"wp","href":"https:\/\/api.w.org\/{rel}","templated":true}]}}