{"id":7934,"date":"2020-04-03T01:56:30","date_gmt":"2020-04-03T01:56:30","guid":{"rendered":"https:\/\/new.realforexreviews.com\/pl\/brokers\/24option\/"},"modified":"2020-12-26T08:59:58","modified_gmt":"2020-12-26T08:59:58","slug":"forextb","status":"publish","type":"page","link":"https:\/\/www.realforexreviews.com\/pl\/brokers\/forextb","title":{"rendered":"Ocena ForexTB 2021"},"content":{"rendered":"[vc_row][vc_column][vc_column_text]\r\n<div style=\"margin-top: -20px;\" align=\"center\"><span class=\"cfdservice\">80,58% klient\u00f3w detalicznych traci swoje \u015brodki, handluj\u0105c kontraktami CFD za po\u015brednictwem tego us\u0142ugodawcy.<\/span><\/div>\r\n[\/vc_column_text][vc_column_text]\r\n<div id=\"end\" class=\"retitle\">\r\n<h4>Wprowadzenie <a class=\"readbottomline\" href=\"#conclusion\">lub Przeczyta\u0107 Konkluzja!<\/a><\/h4>\r\n<\/div>\r\nForexTB jest najnowsz\u0105 firm\u0105 brokersk\u0105 na rynku, kt\u00f3ra daje mo\u017cliwo\u015b\u0107 handlu forex i CFD online.\r\n\r\nJak firma wypada na tle wiod\u0105cych firm brokerskich?\r\n\r\n<em>Przeczytaj poni\u017cszy niezale\u017cny raport, aby dowiedzie\u0107 si\u0119 wi\u0119cej.<\/em>[\/vc_column_text][vc_column_text]\r\n<table class=\"shadow\" border=\"1\" width=\"70%\" cellspacing=\"0\" cellpadding=\"5\" align=\"center\">\r\n<tbody>\r\n<tr>\r\n<td style=\"background: #336181 none repeat scroll 0% 0%; border-top-left-radius: 10px; border-top-right-radius: 10px; border: 1px solid #fff;\" colspan=\"2\" valign=\"top\"><center><span style=\"color: #fff;\"><strong>ForexTB Przegl\u0105d<\/strong><\/span><\/center><\/td>\r\n<\/tr>\r\n<tr>\r\n<td width=\"230\">Za\u0142o\u017cono<\/td>\r\n<td width=\"230\">2009<\/td>\r\n<\/tr>\r\n<tr>\r\n<td width=\"230\">Platformy<\/td>\r\n<td width=\"230\">Scipio, MetaTrader 4, MT4 Mobile Apps<\/td>\r\n<\/tr>\r\n<tr>\r\n<td width=\"230\">Minimalna wielko\u015b\u0107 konta<\/td>\r\n<td width=\"230\">\u20ac250<\/td>\r\n<\/tr>\r\n<tr>\r\n<td width=\"230\">Minimalna wielko\u015b\u0107 partii<\/td>\r\n<td width=\"230\">0.01<\/td>\r\n<\/tr>\r\n<tr>\r\n<td width=\"230\">Dost\u0119pne aktywa<\/td>\r\n<td width=\"230\">150+<\/td>\r\n<\/tr>\r\n<tr>\r\n<td width=\"230\">Maksymalna mar\u017ca<\/td>\r\n<td width=\"230\">1:400<\/td>\r\n<\/tr>\r\n<tr>\r\n<td width=\"230\">Spread w EUR\/USD<\/td>\r\n<td width=\"230\">0.0003 pips<\/td>\r\n<\/tr>\r\n<tr>\r\n<td width=\"230\">Metody p\u0142atno\u015bci<\/td>\r\n<td width=\"230\">Karty Kredytowe, OKPAY, Neteller, Skrill, Perfect Money, Przelew, Alternatywne Metody P\u0142atno\u015bci<\/td>\r\n<\/tr>\r\n<tr>\r\n<td width=\"230\">Konto demo<\/td>\r\n<td width=\"230\">Tak<\/td>\r\n<\/tr>\r\n<tr>\r\n<td width=\"230\">Akceptuje Polskich przedsi\u0119biorc\u00f3w<\/td>\r\n<td width=\"230\">Tak<\/td>\r\n<\/tr>\r\n<tr>\r\n<td width=\"230\">Regulowany<\/td>\r\n<td width=\"230\">CySEC (Cypr)<\/td>\r\n<\/tr>\r\n<tr>\r\n<td width=\"230\">Pomocy<\/td>\r\n<td width=\"230\">Telefon, Faks, Email, Czat na \u017bywo<\/td>\r\n<\/tr>\r\n<tr>\r\n<td width=\"230\">Strona internetowa<\/td>\r\n<td width=\"230\"><a href=\"\/regPL\/forextb\">www.forextb.com\/pl<\/a><\/td>\r\n<\/tr>\r\n<\/tbody>\r\n<\/table>\r\n[\/vc_column_text][vc_column_text]\r\n\r\n<center><a class=\"open\" href=\"\/regPL\/forextb\" target=\"_blank\" rel=\"nofollow noopener noreferrer\">Odwied\u017a ForexTB<\/a><\/center>\r\n<div style=\"margin-top: 10px;\" align=\"center\"><span class=\"cfdservice\">80,58% klient\u00f3w detalicznych traci swoje \u015brodki, handluj\u0105c kontraktami CFD za po\u015brednictwem tego us\u0142ugodawcy.<\/span><\/div>\r\n[\/vc_column_text][vc_column_text]\r\n<div class=\"retitle\">\r\n<h4>Platform\u0119<span class=\"score\"> 9.2\/10 <img decoding=\"async\" class=\"usr lazyload\" data-src=\"https:\/\/www.realforexreviews.com\/wp-content\/plugins\/universal-star-rating\/includes\/image.php?img=06.png&amp;px=20&amp;max=5&amp;rat=4.6\" alt=\"4.6 out of 5 stars\" style=\"height: 20px !important;\" src=\"data:image\/svg+xml;base64,PHN2ZyB3aWR0aD0iMSIgaGVpZ2h0PSIxIiB4bWxucz0iaHR0cDovL3d3dy53My5vcmcvMjAwMC9zdmciPjwvc3ZnPg==\" \/><\/span><\/h4>\r\n<\/div>\r\nDost\u0119pne platformy zawieraj\u0105 poszerzone aplikacje Scipio, standardowy MetaTrader4 i MT4.\r\n\r\nWszystkie platformy s\u0105 \u0142atwe w u\u017cyciu i pozbawione b\u0142\u0119d\u00f3w.[\/vc_column_text][vc_column_text]\r\n<div class=\"retitle\">\r\n<h4>Projekt<span class=\"score\"> 10\/10 <img decoding=\"async\" class=\"usr lazyload\" data-src=\"https:\/\/www.realforexreviews.com\/wp-content\/plugins\/universal-star-rating\/includes\/image.php?img=06.png&amp;px=20&amp;max=5&amp;rat=5\" alt=\"5 out of 5 stars\" style=\"height: 20px !important;\" src=\"data:image\/svg+xml;base64,PHN2ZyB3aWR0aD0iMSIgaGVpZ2h0PSIxIiB4bWxucz0iaHR0cDovL3d3dy53My5vcmcvMjAwMC9zdmciPjwvc3ZnPg==\" \/><\/span><\/h4>\r\n<\/div>\r\nZalet\u0105 tej platformy jest wyr\u00f3\u017cniaj\u0105cy si\u0119 na tle standardowych platform design.\r\n\r\nJest znacznie bardziej atrakcyjny wizualnie.\r\n\r\n<div id=\"attachment_68612\" style=\"width: 1930px\" class=\"wp-caption aligncenter\"><a href=\"\/regPL\/forextb\"><img fetchpriority=\"high\" decoding=\"async\" aria-describedby=\"caption-attachment-68612\" class=\"size-full wp-image-68612\" src=\"https:\/\/www.realforexreviews.com\/wp-content\/smush-webp\/2020\/10\/ForexTB-Scipio-platform-PL.jpg.webp\" alt=\"Platforma ForexTB\" width=\"1920\" height=\"1080\" srcset=\"https:\/\/www.realforexreviews.com\/wp-content\/smush-webp\/2020\/10\/ForexTB-Scipio-platform-PL.jpg.webp 1920w, https:\/\/www.realforexreviews.com\/wp-content\/smush-webp\/2020\/10\/ForexTB-Scipio-platform-PL-300x169.jpg.webp 300w, https:\/\/www.realforexreviews.com\/wp-content\/smush-webp\/2020\/10\/ForexTB-Scipio-platform-PL-1024x576.jpg.webp 1024w, https:\/\/www.realforexreviews.com\/wp-content\/smush-webp\/2020\/10\/ForexTB-Scipio-platform-PL-768x432.jpg.webp 768w, https:\/\/www.realforexreviews.com\/wp-content\/smush-webp\/2020\/10\/ForexTB-Scipio-platform-PL-1536x864.jpg.webp 1536w, https:\/\/www.realforexreviews.com\/wp-content\/smush-webp\/2020\/10\/ForexTB-Scipio-platform-PL-2048x1152.jpg.webp 2048w, https:\/\/www.realforexreviews.com\/wp-content\/smush-webp\/2020\/10\/ForexTB-Scipio-platform-PL-50x28.jpg.webp 50w, https:\/\/www.realforexreviews.com\/wp-content\/smush-webp\/2020\/10\/ForexTB-Scipio-platform-PL-788x443.jpg.webp 788w\" sizes=\"(max-width: 1920px) 100vw, 1920px\" \/><\/a><p id=\"caption-attachment-68612\" class=\"wp-caption-text\">Platforma ForexTB<\/p><\/div>\r\n\r\n[\/vc_column_text][vc_column_text]\r\n\r\n<center><a class=\"open\" href=\"\/regPL\/forextb\" target=\"_blank\" rel=\"nofollow noopener noreferrer\">Odwied\u017a ForexTB<\/a><\/center>\r\n<div style=\"margin-top: 10px;\" align=\"center\"><span class=\"cfdservice\">80,58% klient\u00f3w detalicznych traci swoje \u015brodki, handluj\u0105c kontraktami CFD za po\u015brednictwem tego us\u0142ugodawcy.<\/span><\/div>\r\n[\/vc_column_text][vc_column_text]\r\n<div class=\"retitle\">\r\n<h4>Minimalny Depozyt<span class=\"score\"> 8\/10 <img decoding=\"async\" class=\"usr lazyload\" data-src=\"https:\/\/www.realforexreviews.com\/wp-content\/plugins\/universal-star-rating\/includes\/image.php?img=06.png&amp;px=20&amp;max=5&amp;rat=4\" alt=\"4 out of 5 stars\" style=\"height: 20px !important;\" src=\"data:image\/svg+xml;base64,PHN2ZyB3aWR0aD0iMSIgaGVpZ2h0PSIxIiB4bWxucz0iaHR0cDovL3d3dy53My5vcmcvMjAwMC9zdmciPjwvc3ZnPg==\" \/><\/span><\/h4>\r\n<\/div>\r\nMo\u017cna otworzy\u0107 konto handlowe z pocz\u0105tkowym depozytem w wysoko\u015bci 250 EUR.\r\n\r\nJest to kwota niewiele wy\u017csza ni\u017c wymagana przez inne firmy brokerskie.[\/vc_column_text][vc_column_text]\r\n<div class=\"retitle\">\r\n<h4>Minimalny Rozmiar Partii<span class=\"score\"> 10\/10 <img decoding=\"async\" class=\"usr lazyload\" data-src=\"https:\/\/www.realforexreviews.com\/wp-content\/plugins\/universal-star-rating\/includes\/image.php?img=06.png&amp;px=20&amp;max=5&amp;rat=5\" alt=\"5 out of 5 stars\" style=\"height: 20px !important;\" src=\"data:image\/svg+xml;base64,PHN2ZyB3aWR0aD0iMSIgaGVpZ2h0PSIxIiB4bWxucz0iaHR0cDovL3d3dy53My5vcmcvMjAwMC9zdmciPjwvc3ZnPg==\" \/><\/span><\/h4>\r\n<\/div>\r\nJak wi\u0119kszo\u015bc firm brokerskich, umo\u017cliwia hanel w mikrolotach o warto\u015bci 0.01, <strong>umo\u017cliwiaj\u0105c inwestycje o minimalnym ryzyku.<\/strong>[\/vc_column_text][vc_column_text]\r\n<div class=\"retitle\">\r\n<h4>Dost\u0119pne Aktywa<span class=\"score\"> 8.9\/10 <img decoding=\"async\" class=\"usr lazyload\" data-src=\"https:\/\/www.realforexreviews.com\/wp-content\/plugins\/universal-star-rating\/includes\/image.php?img=06.png&amp;px=20&amp;max=5&amp;rat=4.5\" alt=\"4.5 out of 5 stars\" style=\"height: 20px !important;\" src=\"data:image\/svg+xml;base64,PHN2ZyB3aWR0aD0iMSIgaGVpZ2h0PSIxIiB4bWxucz0iaHR0cDovL3d3dy53My5vcmcvMjAwMC9zdmciPjwvc3ZnPg==\" \/><\/span><\/h4>\r\n<\/div>\r\nIch platformy zawieraj\u0105 ponad 150 aktyw\u00f3w, w tym kryptowaluty jak np. <a href=\"https:\/\/go.247traffic.com\/visit\/?bta=36015&amp;nci=7581&amp;utm_campaign=rfrPLbitcoin&amp;afp=rfrPLbitcoin\" target=\"_blank\" rel=\"nofollow noopener noreferrer\">Bitcoin<\/a>, Ethereum i Ripple.\r\n\r\n<strong>Taka r\u00f3\u017cnorodno\u015b\u0107 pozwala na rozszerzenie Twojego portfolio.<\/strong>\r\n\r\n<div id=\"attachment_68599\" style=\"width: 572px\" class=\"wp-caption aligncenter\"><a href=\"\/regPL\/forextb\"><img decoding=\"async\" aria-describedby=\"caption-attachment-68599\" class=\"size-full wp-image-68599 lazyload\" data-src=\"https:\/\/www.realforexreviews.com\/wp-content\/smush-webp\/2020\/10\/ForexTB-tradable-assets-PL.jpg.webp\" alt=\"Zbywalne aktywa ForexTB\" width=\"562\" height=\"836\" data-srcset=\"https:\/\/www.realforexreviews.com\/wp-content\/smush-webp\/2020\/10\/ForexTB-tradable-assets-PL.jpg.webp 562w, https:\/\/www.realforexreviews.com\/wp-content\/smush-webp\/2020\/10\/ForexTB-tradable-assets-PL-202x300.jpg.webp 202w, https:\/\/www.realforexreviews.com\/wp-content\/smush-webp\/2020\/10\/ForexTB-tradable-assets-PL-688x1024.jpg.webp 688w, https:\/\/www.realforexreviews.com\/wp-content\/smush-webp\/2020\/10\/ForexTB-tradable-assets-PL-768x1142.jpg.webp 768w, https:\/\/www.realforexreviews.com\/wp-content\/smush-webp\/2020\/10\/ForexTB-tradable-assets-PL-1033x1536.jpg.webp 1033w, https:\/\/www.realforexreviews.com\/wp-content\/smush-webp\/2020\/10\/ForexTB-tradable-assets-PL-1377x2048.jpg.webp 1377w, https:\/\/www.realforexreviews.com\/wp-content\/smush-webp\/2020\/10\/ForexTB-tradable-assets-PL-34x50.jpg.webp 34w, https:\/\/www.realforexreviews.com\/wp-content\/smush-webp\/2020\/10\/ForexTB-tradable-assets-PL-788x1172.jpg.webp 788w\" data-sizes=\"(max-width: 562px) 100vw, 562px\" src=\"data:image\/svg+xml;base64,PHN2ZyB3aWR0aD0iMSIgaGVpZ2h0PSIxIiB4bWxucz0iaHR0cDovL3d3dy53My5vcmcvMjAwMC9zdmciPjwvc3ZnPg==\" style=\"--smush-placeholder-width: 562px; --smush-placeholder-aspect-ratio: 562\/836;\" \/><\/a><p id=\"caption-attachment-68599\" class=\"wp-caption-text\">Zbywalne aktywa ForexTB<\/p><\/div>\r\n\r\n[\/vc_column_text][vc_column_text]\r\n\r\n<center><a class=\"open\" href=\"\/regPL\/forextb\" target=\"_blank\" rel=\"nofollow noopener noreferrer\">Odwied\u017a ForexTB<\/a><\/center>\r\n<div style=\"margin-top: 10px;\" align=\"center\"><span class=\"cfdservice\">80,58% klient\u00f3w detalicznych traci swoje \u015brodki, handluj\u0105c kontraktami CFD za po\u015brednictwem tego us\u0142ugodawcy.<\/span><\/div>\r\n[\/vc_column_text][vc_column_text]\r\n<div class=\"retitle\">\r\n<h4>Spready<span class=\"score\"> 9.8\/10 <img decoding=\"async\" class=\"usr lazyload\" data-src=\"https:\/\/www.realforexreviews.com\/wp-content\/plugins\/universal-star-rating\/includes\/image.php?img=06.png&amp;px=20&amp;max=5&amp;rat=4.9\" alt=\"4.9 out of 5 stars\" style=\"height: 20px !important;\" src=\"data:image\/svg+xml;base64,PHN2ZyB3aWR0aD0iMSIgaGVpZ2h0PSIxIiB4bWxucz0iaHR0cDovL3d3dy53My5vcmcvMjAwMC9zdmciPjwvc3ZnPg==\" \/><\/span><\/h4>\r\n<\/div>\r\n<strong>Spready s\u0105 bardzo konkurencyjne, nawet w przypadku najbardziej popularnych kombinacji na rynku<\/strong>, np. EUR\/USD, gdzie mo\u017ce osi\u0105ga\u0107 warto\u015b\u0107 na poziomie nawet 0.0003 pips\u00f3w.[\/vc_column_text][vc_column_text]\r\n<div class=\"retitle\">\r\n<h4>Czas Wyp\u0142aty<span class=\"score\"> 10\/10 <img decoding=\"async\" class=\"usr lazyload\" data-src=\"https:\/\/www.realforexreviews.com\/wp-content\/plugins\/universal-star-rating\/includes\/image.php?img=06.png&amp;px=20&amp;max=5&amp;rat=5\" alt=\"5 out of 5 stars\" style=\"height: 20px !important;\" src=\"data:image\/svg+xml;base64,PHN2ZyB3aWR0aD0iMSIgaGVpZ2h0PSIxIiB4bWxucz0iaHR0cDovL3d3dy53My5vcmcvMjAwMC9zdmciPjwvc3ZnPg==\" \/><\/span><\/h4>\r\n<\/div>\r\n\u017b\u0105danie wyp\u0142aty otrzymane w godzinach <strong>pracy jest rozpatrywane tego samego dnia.<\/strong>\r\n\r\nW przeciwnym wypadku, nast\u0119pnego dnia roboczego.[\/vc_column_text][vc_column_text]\r\n<div class=\"retitle\">\r\n<h4>Metody P\u0142atno\u015bci<span class=\"score\"> 10\/10 <img decoding=\"async\" class=\"usr lazyload\" data-src=\"https:\/\/www.realforexreviews.com\/wp-content\/plugins\/universal-star-rating\/includes\/image.php?img=06.png&amp;px=20&amp;max=5&amp;rat=5\" alt=\"5 out of 5 stars\" style=\"height: 20px !important;\" src=\"data:image\/svg+xml;base64,PHN2ZyB3aWR0aD0iMSIgaGVpZ2h0PSIxIiB4bWxucz0iaHR0cDovL3d3dy53My5vcmcvMjAwMC9zdmciPjwvc3ZnPg==\" \/><\/span><\/h4>\r\n<\/div>\r\nAkceptowany jest karty kredytowe, OKPAY, Neteller, Skrill, Perfect Money, Przelew i inne alternatywne sposoby p\u0142atno\u015bci.\r\n\r\n<div id=\"attachment_68586\" style=\"width: 1930px\" class=\"wp-caption aligncenter\"><a href=\"\/regPL\/forextb\"><img decoding=\"async\" aria-describedby=\"caption-attachment-68586\" class=\"size-full wp-image-68586 lazyload\" data-src=\"https:\/\/www.realforexreviews.com\/wp-content\/smush-webp\/2020\/10\/ForexTB-deposit-page-PL.jpg.webp\" alt=\"Metody p\u0142atno\u015bci ForexTB\" width=\"1920\" height=\"1080\" data-srcset=\"https:\/\/www.realforexreviews.com\/wp-content\/smush-webp\/2020\/10\/ForexTB-deposit-page-PL.jpg.webp 1920w, https:\/\/www.realforexreviews.com\/wp-content\/smush-webp\/2020\/10\/ForexTB-deposit-page-PL-300x169.jpg.webp 300w, https:\/\/www.realforexreviews.com\/wp-content\/smush-webp\/2020\/10\/ForexTB-deposit-page-PL-1024x576.jpg.webp 1024w, https:\/\/www.realforexreviews.com\/wp-content\/smush-webp\/2020\/10\/ForexTB-deposit-page-PL-768x432.jpg.webp 768w, https:\/\/www.realforexreviews.com\/wp-content\/smush-webp\/2020\/10\/ForexTB-deposit-page-PL-1536x864.jpg.webp 1536w, https:\/\/www.realforexreviews.com\/wp-content\/smush-webp\/2020\/10\/ForexTB-deposit-page-PL-2048x1152.jpg.webp 2048w, https:\/\/www.realforexreviews.com\/wp-content\/smush-webp\/2020\/10\/ForexTB-deposit-page-PL-50x28.jpg.webp 50w, https:\/\/www.realforexreviews.com\/wp-content\/smush-webp\/2020\/10\/ForexTB-deposit-page-PL-788x443.jpg.webp 788w\" data-sizes=\"(max-width: 1920px) 100vw, 1920px\" src=\"data:image\/svg+xml;base64,PHN2ZyB3aWR0aD0iMSIgaGVpZ2h0PSIxIiB4bWxucz0iaHR0cDovL3d3dy53My5vcmcvMjAwMC9zdmciPjwvc3ZnPg==\" style=\"--smush-placeholder-width: 1920px; --smush-placeholder-aspect-ratio: 1920\/1080;\" \/><\/a><p id=\"caption-attachment-68586\" class=\"wp-caption-text\">Metody p\u0142atno\u015bci ForexTB<\/p><\/div>\r\n\r\n[\/vc_column_text][vc_column_text]\r\n\r\n<center><a class=\"open\" href=\"\/regPL\/forextb\" target=\"_blank\" rel=\"nofollow noopener noreferrer\">Odwied\u017a ForexTB<\/a><\/center>\r\n<div style=\"margin-top: 10px;\" align=\"center\"><span class=\"cfdservice\">80,58% klient\u00f3w detalicznych traci swoje \u015brodki, handluj\u0105c kontraktami CFD za po\u015brednictwem tego us\u0142ugodawcy.<\/span><\/div>\r\n[\/vc_column_text][vc_column_text]\r\n<div class=\"retitle\">\r\n<h4>Obs\u0142ug\u0119 Klienta<span class=\"score\"> 9\/10 <img decoding=\"async\" class=\"usr lazyload\" data-src=\"https:\/\/www.realforexreviews.com\/wp-content\/plugins\/universal-star-rating\/includes\/image.php?img=06.png&amp;px=20&amp;max=5&amp;rat=4.5\" alt=\"4.5 out of 5 stars\" style=\"height: 20px !important;\" src=\"data:image\/svg+xml;base64,PHN2ZyB3aWR0aD0iMSIgaGVpZ2h0PSIxIiB4bWxucz0iaHR0cDovL3d3dy53My5vcmcvMjAwMC9zdmciPjwvc3ZnPg==\" \/><\/span><\/h4>\r\n<\/div>\r\nMo\u017cna si\u0119 kontaktowa\u0107 z firm\u0105 telefonicznie, przez email lub chat na \u017cywo.\r\n\r\n<strong>Szybka obs\u0142uga klienta zas\u0142uguje na wysok\u0105 ocen\u0119.<\/strong>\r\n\r\n<div id=\"attachment_68573\" style=\"width: 1930px\" class=\"wp-caption aligncenter\"><a href=\"\/regPL\/forextb\"><img decoding=\"async\" aria-describedby=\"caption-attachment-68573\" class=\"size-full wp-image-68573 lazyload\" data-src=\"https:\/\/www.realforexreviews.com\/wp-content\/smush-webp\/2020\/10\/ForexTB-customer-support-PL.jpg.webp\" alt=\"Obs\u0142uga klienta ForexTB\" width=\"1920\" height=\"1080\" data-srcset=\"https:\/\/www.realforexreviews.com\/wp-content\/smush-webp\/2020\/10\/ForexTB-customer-support-PL.jpg.webp 1920w, https:\/\/www.realforexreviews.com\/wp-content\/smush-webp\/2020\/10\/ForexTB-customer-support-PL-300x169.jpg.webp 300w, https:\/\/www.realforexreviews.com\/wp-content\/smush-webp\/2020\/10\/ForexTB-customer-support-PL-1024x576.jpg.webp 1024w, https:\/\/www.realforexreviews.com\/wp-content\/smush-webp\/2020\/10\/ForexTB-customer-support-PL-768x432.jpg.webp 768w, https:\/\/www.realforexreviews.com\/wp-content\/smush-webp\/2020\/10\/ForexTB-customer-support-PL-1536x864.jpg.webp 1536w, https:\/\/www.realforexreviews.com\/wp-content\/smush-webp\/2020\/10\/ForexTB-customer-support-PL-2048x1152.jpg.webp 2048w, https:\/\/www.realforexreviews.com\/wp-content\/smush-webp\/2020\/10\/ForexTB-customer-support-PL-50x28.jpg.webp 50w, https:\/\/www.realforexreviews.com\/wp-content\/smush-webp\/2020\/10\/ForexTB-customer-support-PL-788x443.jpg.webp 788w\" data-sizes=\"(max-width: 1920px) 100vw, 1920px\" src=\"data:image\/svg+xml;base64,PHN2ZyB3aWR0aD0iMSIgaGVpZ2h0PSIxIiB4bWxucz0iaHR0cDovL3d3dy53My5vcmcvMjAwMC9zdmciPjwvc3ZnPg==\" style=\"--smush-placeholder-width: 1920px; --smush-placeholder-aspect-ratio: 1920\/1080;\" \/><\/a><p id=\"caption-attachment-68573\" class=\"wp-caption-text\">Obs\u0142uga klienta ForexTB<\/p><\/div>\r\n\r\n[\/vc_column_text][vc_column_text]\r\n\r\n<center><a class=\"open\" href=\"\/regPL\/forextb\" target=\"_blank\" rel=\"nofollow noopener noreferrer\">Odwied\u017a ForexTB<\/a><\/center>\r\n<div style=\"margin-top: 10px;\" align=\"center\"><span class=\"cfdservice\">80,58% klient\u00f3w detalicznych traci swoje \u015brodki, handluj\u0105c kontraktami CFD za po\u015brednictwem tego us\u0142ugodawcy.<\/span><\/div>\r\n[\/vc_column_text][vc_column_text]\r\n<div class=\"retitle\">\r\n<h4>Dok\u0142adno\u015b\u0107 Notowa\u0144<span class=\"score\"> 10\/10 <img decoding=\"async\" class=\"usr lazyload\" data-src=\"https:\/\/www.realforexreviews.com\/wp-content\/plugins\/universal-star-rating\/includes\/image.php?img=06.png&amp;px=20&amp;max=5&amp;rat=5\" alt=\"5 out of 5 stars\" style=\"height: 20px !important;\" src=\"data:image\/svg+xml;base64,PHN2ZyB3aWR0aD0iMSIgaGVpZ2h0PSIxIiB4bWxucz0iaHR0cDovL3d3dy53My5vcmcvMjAwMC9zdmciPjwvc3ZnPg==\" \/><\/span><\/h4>\r\n<\/div>\r\nWyniki test\u00f3w przeprowadzonych na platformie wskazuj\u0105 brak jakichkolwiek rozbie\u017cno\u015bci, a <strong>transakcje zosta\u0142y przeprowadzone bez op\u00f3\u017anie\u0144.<\/strong>[\/vc_column_text][vc_column_text]\r\n<div class=\"retitle\">\r\n<h4>Wiarygodno\u015b\u0107<span class=\"score\"> 9.2\/10 <img decoding=\"async\" class=\"usr lazyload\" data-src=\"https:\/\/www.realforexreviews.com\/wp-content\/plugins\/universal-star-rating\/includes\/image.php?img=06.png&amp;px=20&amp;max=5&amp;rat=4.6\" alt=\"4.6 out of 5 stars\" style=\"height: 20px !important;\" src=\"data:image\/svg+xml;base64,PHN2ZyB3aWR0aD0iMSIgaGVpZ2h0PSIxIiB4bWxucz0iaHR0cDovL3d3dy53My5vcmcvMjAwMC9zdmciPjwvc3ZnPg==\" \/><\/span><\/h4>\r\n<\/div>\r\nNasze badania na temat tego brokera wskazuj\u0105, <strong>\u017ce zosta\u0142 dobrze odbrany przez rzesz\u0119 klient\u00f3w w Polsce.<\/strong>\r\n\r\nOznacza to, \u017ce firma jest wiarygodna na rynku.[\/vc_column_text][vc_column_text]\r\n<table width=\"100%\">\r\n<tbody>\r\n<tr>\r\n<td style=\"background-image:inherit; background-repeat: no-repeat; background-position: left;\" height=\"200\" data-bg-image=\"url(&#039;https:\/\/www.realforexreviews.com\/wp-content\/smush-webp\/2020\/03\/trading-background2.jpg.webp&#039;)\" class=\"lazyload\"><img decoding=\"async\" data-src=\"\/wp-content\/images\/header\/forextb.png\" alt=\"ForexTB logo\" src=\"data:image\/svg+xml;base64,PHN2ZyB3aWR0aD0iMSIgaGVpZ2h0PSIxIiB4bWxucz0iaHR0cDovL3d3dy53My5vcmcvMjAwMC9zdmciPjwvc3ZnPg==\" class=\"lazyload\" style=\"--smush-placeholder-width: 200px; --smush-placeholder-aspect-ratio: 200\/40;\" \/><\/td>\r\n<\/tr>\r\n<tr>\r\n<td style=\"text-align: left; padding: 0px 30px 30px 30px; background-color: #f3f3f3;\">\r\n<div id=\"conclusion\" class=\"retitle\">\r\n<h4>Konkluzja<span class=\"score\"> 9.2\/10 <img decoding=\"async\" class=\"usr lazyload\" data-src=\"https:\/\/www.realforexreviews.com\/wp-content\/plugins\/universal-star-rating\/includes\/image.php?img=06.png&amp;px=20&amp;max=5&amp;rat=4.6\" alt=\"4.6 out of 5 stars\" style=\"height: 20px !important;\" src=\"data:image\/svg+xml;base64,PHN2ZyB3aWR0aD0iMSIgaGVpZ2h0PSIxIiB4bWxucz0iaHR0cDovL3d3dy53My5vcmcvMjAwMC9zdmciPjwvc3ZnPg==\" \/><\/span><\/h4>\r\n<\/div>\r\n<strong>ForexTB jest \u015bwietnym dodatkiem do konkurencyjnego rynku walutowego<\/strong>, szczeg\u00f3lnie dzi\u0119ki w pe\u0142ni funkcjonalnej platformie, elastycznym warunkom handlu, dodatkowym korzy\u015bciom dla klienta i obs\u0142udze klienta 24 godziny na dob\u0119.\r\n\r\nFirma oferuje standardy powy\u017cej \u015bredniej rynkowej, wi\u0119c nikogo nie zdziwi je\u015bli stanie si\u0119 <strong>jednym z najbardziej popularnych wybor\u00f3w w\u015br\u00f3d inwestor\u00f3w forex i CFD.<\/strong>\r\n\r\n&nbsp;\r\n\r\n<center><a class=\"open\" href=\"\/regPL\/forextb\" target=\"_blank\" rel=\"nofollow noopener noreferrer\">Odwied\u017a ForexTB!<\/a><\/center><\/td>\r\n<\/tr>\r\n<\/tbody>\r\n<\/table>\r\n<center><span class=\"cfdservice\">80,58% klient\u00f3w detalicznych traci swoje \u015brodki, handluj\u0105c kontraktami CFD za po\u015brednictwem tego us\u0142ugodawcy.<\/span><\/center>[\/vc_column_text][\/vc_column][\/vc_row][vc_row][vc_column][vc_raw_html]JTNDaWZyYW1lJTIwc3R5bGUlM0QlMjJ2aXNpYmlsaXR5JTNBJTIwaGlkZGVuJTNCJTIyJTIwc3JjJTNEJTIyaHR0cHMlM0ElMkYlMkZnby4yNDd0cmFmZmljLmNvbSUyRnZpc2l0JTJGJTNGYnRhJTNEMzYwMTUlMjZuY2klM0Q3NjA0JTI2dXRtX2NhbXBhaWduJTNEcmZyUExtZyUyNmFmcCUzRHJmclBMbWclMjIlMjB3aWR0aCUzRCUyMjElMjIlMjBoZWlnaHQlM0QlMjIxJTIyJTNFJTNDJTJGaWZyYW1lJTNF[\/vc_raw_html][\/vc_column][\/vc_row]","protected":false},"excerpt":{"rendered":"[vc_row][vc_column][vc_column_text] [\/vc_column_text][vc_column_text] Wprowadzenie lub Przeczyta\u0107 Konkluzja! ForexTB jest najnowsz\u0105 firm\u0105 brokersk\u0105 na rynku, kt\u00f3ra daje mo\u017cliwo\u015b\u0107 handlu forex i CFD online. Jak firma wypada na tle wiod\u0105cych firm brokerskich? Przeczytaj poni\u017cszy niezale\u017cny raport, aby dowiedzie\u0107 si\u0119 wi\u0119cej.[\/vc_column_text][vc_column_text] ForexTB Przegl\u0105d Za\u0142o\u017cono 2009 Platformy Scipio, MetaTrader 4, MT4 Mobile Apps Minimalna wielko\u015b\u0107 konta \u20ac250 Minimalna wielko\u015b\u0107 partii [&hellip;]","protected":false},"author":57,"featured_media":68399,"parent":4526,"menu_order":0,"comment_status":"open","ping_status":"closed","template":"","meta":{"_acf_changed":false,"footnotes":""},"class_list":["post-7934","page","type-page","status-publish","has-post-thumbnail","hentry"],"acf":[],"aioseo_notices":[],"_links":{"self":[{"href":"https:\/\/www.realforexreviews.com\/pl\/wp-json\/wp\/v2\/pages\/7934","targetHints":{"allow":["GET"]}}],"collection":[{"href":"https:\/\/www.realforexreviews.com\/pl\/wp-json\/wp\/v2\/pages"}],"about":[{"href":"https:\/\/www.realforexreviews.com\/pl\/wp-json\/wp\/v2\/types\/page"}],"author":[{"embeddable":true,"href":"https:\/\/www.realforexreviews.com\/pl\/wp-json\/wp\/v2\/users\/57"}],"replies":[{"embeddable":true,"href":"https:\/\/www.realforexreviews.com\/pl\/wp-json\/wp\/v2\/comments?post=7934"}],"version-history":[{"count":15,"href":"https:\/\/www.realforexreviews.com\/pl\/wp-json\/wp\/v2\/pages\/7934\/revisions"}],"predecessor-version":[{"id":71001,"href":"https:\/\/www.realforexreviews.com\/pl\/wp-json\/wp\/v2\/pages\/7934\/revisions\/71001"}],"up":[{"embeddable":true,"href":"https:\/\/www.realforexreviews.com\/pl\/wp-json\/wp\/v2\/pages\/4526"}],"wp:featuredmedia":[{"embeddable":true,"href":"https:\/\/www.realforexreviews.com\/pl\/wp-json\/wp\/v2\/media\/68399"}],"wp:attachment":[{"href":"https:\/\/www.realforexreviews.com\/pl\/wp-json\/wp\/v2\/media?parent=7934"}],"curies":[{"name":"wp","href":"https:\/\/api.w.org\/{rel}","templated":true}]}}