{"id":59246,"date":"2020-09-01T08:41:57","date_gmt":"2020-09-01T08:41:57","guid":{"rendered":"https:\/\/www.realforexreviews.com\/pepperstone-danh-gia-2020\/"},"modified":"2020-12-26T09:10:54","modified_gmt":"2020-12-26T09:10:54","slug":"pepperstone","status":"publish","type":"page","link":"https:\/\/www.realforexreviews.com\/vi\/brokers\/pepperstone","title":{"rendered":"Pepperstone \u0110\u00e1nh gi\u00e1 2021"},"content":{"rendered":"[vc_row][vc_column][vc_column_text]\r\n<div id=\"end\" class=\"retitle\">\r\n<h4>Gi\u1edbi thi\u1ec7u <a class=\"readbottomline\" href=\"#conclusion\">ho\u1eb7c H\u00e3y b\u1ecf qua N\u1ed9i dung v\u00e0 \u0110\u1ecdc K\u1ebft lu\u1eadn!<\/a><\/h4>\r\nPepperstone l\u00e0 nh\u00e0 m\u00f4i gi\u1edbi Forex v\u00e0 CFD tr\u1ef1c tuy\u1ebfn ho\u1ea1t \u0111\u1ed9ng kinh doanh t\u1eeb n\u0103m 2010.\r\n\r\nB\u1ea1n c\u00f3 n\u00ean giao d\u1ecbch v\u1edbi nh\u00e0 m\u00f4i gi\u1edbi n\u00e0y kh\u00f4ng?\r\n\r\n<em>\u0110\u1ecdc \u0111\u00e1nh gi\u00e1 n\u00e0y \u0111\u1ec3 t\u00ecm hi\u1ec3u.<\/em>\r\n\r\n<\/div>\r\n[\/vc_column_text][vc_column_text]\r\n<table class=\"shadow\" border=\"1\" width=\"70%\" cellspacing=\"0\" cellpadding=\"5\" align=\"center\">\r\n<tbody>\r\n<tr>\r\n<td style=\"background: #336181 none repeat scroll 0% 0%; border-top-left-radius: 10px; border-top-right-radius: 10px; border: 1px solid #fff;\" colspan=\"2\" valign=\"top\"><center><span style=\"color: #fff;\"><strong>Pepperstone T\u1ed5ng quan<\/strong><\/span><\/center><\/td>\r\n<\/tr>\r\n<tr>\r\n<td width=\"230\">\u0110\u01b0\u1ee3c th\u00e0nh l\u1eadp<\/td>\r\n<td width=\"230\">2010<\/td>\r\n<\/tr>\r\n<tr>\r\n<td width=\"230\">N\u1ec1n t\u1ea3ng<\/td>\r\n<td width=\"230\">MetaTrader 4, MetaTrader 4 Mac, MetaTrader 5,\r\nWebTrader, iPhone, Android, iPad\/Tablet, cTader, cTrader WebTrader, cTrader cAlgo, cTrader Mobile<\/td>\r\n<\/tr>\r\n<tr>\r\n<td width=\"230\">S\u1ed1 ti\u1ec1n g\u1eedi t\u1ed1i thi\u1ec3u<\/td>\r\n<td width=\"230\">$200<\/td>\r\n<\/tr>\r\n<tr>\r\n<td width=\"230\">K\u00edch th\u01b0\u1edbc l\u00f4 t\u1ed1i thi\u1ec3u<\/td>\r\n<td width=\"230\">0.01<\/td>\r\n<\/tr>\r\n<tr>\r\n<td width=\"230\">T\u00e0i s\u1ea3n c\u00f3 th\u1ec3 giao d\u1ecbch<\/td>\r\n<td width=\"230\">70+<\/td>\r\n<\/tr>\r\n<tr>\r\n<td width=\"230\">K\u00fd qu\u1ef9 t\u1ed1i \u0111a<\/td>\r\n<td width=\"230\">1:500<\/td>\r\n<\/tr>\r\n<tr>\r\n<td width=\"230\">Ch\u00eanh l\u1ec7ch tr\u00ean EUR\/USD<\/td>\r\n<td width=\"230\">0 pips<\/td>\r\n<\/tr>\r\n<tr>\r\n<td width=\"230\">C\u00e1c Ph\u01b0\u01a1ng th\u1ee9c Thanh to\u00e1n<\/td>\r\n<td width=\"230\">Th\u1ebb t\u00edn d\u1ee5ng, Chuy\u1ec3n kho\u1ea3n ng\u00e2n h\u00e0ng, PayPal, Neteller, Skrill<\/td>\r\n<\/tr>\r\n<tr>\r\n<td width=\"230\">T\u00e0i kho\u1ea3n Demo<\/td>\r\n<td width=\"230\">C\u00f3<\/td>\r\n<\/tr>\r\n<tr>\r\n<td width=\"230\">Ch\u1ea5p nh\u1eadn nh\u00e0 giao d\u1ecbch Vi\u1ec7t Nam<\/td>\r\n<td width=\"230\">C\u00f3<\/td>\r\n<\/tr>\r\n<tr>\r\n<td width=\"230\">\u0110\u01b0\u1ee3c qu\u1ea3n l\u00fd<\/td>\r\n<td width=\"230\">ASIC (Australia), FCA (UK)<\/td>\r\n<\/tr>\r\n<tr>\r\n<td width=\"230\">H\u1ed7 tr\u1ee3 kh\u00e1ch h\u00e0ng<\/td>\r\n<td width=\"230\">\u0110i\u1ec7n tho\u1ea1i, Email, Tr\u00f2 chuy\u1ec7n Tr\u1ef1c ti\u1ebfp<\/td>\r\n<\/tr>\r\n<tr>\r\n<td width=\"230\">Trang m\u1ea1ng<\/td>\r\n<td width=\"230\"><a href=\"\/regVI\/pepperstone\" target=\"_blank\" rel=\"nofollow noopener noreferrer\">www.pepperstone.com\/vi-vn<\/a><\/td>\r\n<\/tr>\r\n<\/tbody>\r\n<\/table>\r\n[\/vc_column_text][vc_column_text]\r\n\r\n<center><a class=\"open\" href=\"\/regVI\/pepperstone\" target=\"_blank\" rel=\"nofollow noopener noreferrer\">Truy c\u1eadp Trang Pepperstone!<\/a><\/center>[\/vc_column_text][vc_column_text]\r\n<div class=\"retitle\">\r\n<h4>N\u1ec1n t\u1ea3ng<span class=\"score\"> 9.4\/10 <img decoding=\"async\" class=\"usr lazyload\" data-src=\"https:\/\/www.realforexreviews.com\/wp-content\/plugins\/universal-star-rating\/includes\/image.php?img=06.png&amp;px=20&amp;max=5&amp;rat=4.7\" alt=\"4.7 out of 5 stars\" style=\"height: 20px !important;\" src=\"data:image\/svg+xml;base64,PHN2ZyB3aWR0aD0iMSIgaGVpZ2h0PSIxIiB4bWxucz0iaHR0cDovL3d3dy53My5vcmcvMjAwMC9zdmciPjwvc3ZnPg==\" \/><\/span><\/h4>\r\n<\/div>\r\nH\u1ecd \u0111\u00e3 l\u00e0m cho b\u1ed1 c\u1ee5c c\u1ee7a c\u00e1c n\u1ec1n t\u1ea3ng \u0111\u01b0\u1ee3c t\u1ed5 ch\u1ee9c t\u1ed1t v\u00e0 r\u1ea5t d\u1ec5 \u0111i\u1ec1u h\u01b0\u1edbng. Nh\u00ecn chung, h\u1ecd \u0111\u00e3 l\u00e0m \u0111\u01b0\u1ee3c m\u1ed9t c\u00f4ng vi\u1ec7c tuy\u1ec7t v\u1eddi trong vi\u1ec7c t\u1ed1i \u01b0u h\u00f3a kh\u00eda c\u1ea1nh tr\u1ef1c quan c\u1ee7a n\u1ec1n t\u1ea3ng c\u1ee7a h\u1ecd.\r\n\r\n[\/vc_column_text][vc_column_text]\r\n<div class=\"retitle\">\r\n<h4>Giao di\u1ec7n<span class=\"score\"> 10\/10 <img decoding=\"async\" class=\"usr lazyload\" data-src=\"https:\/\/www.realforexreviews.com\/wp-content\/plugins\/universal-star-rating\/includes\/image.php?img=06.png&amp;px=20&amp;max=5&amp;rat=5\" alt=\"5 out of 5 stars\" style=\"height: 20px !important;\" src=\"data:image\/svg+xml;base64,PHN2ZyB3aWR0aD0iMSIgaGVpZ2h0PSIxIiB4bWxucz0iaHR0cDovL3d3dy53My5vcmcvMjAwMC9zdmciPjwvc3ZnPg==\" \/><\/span><\/h4>\r\n<\/div>\r\nH\u1ecd \u0111\u00e3 l\u00e0m cho b\u1ed1 c\u1ee5c c\u1ee7a c\u00e1c n\u1ec1n t\u1ea3ng \u0111\u01b0\u1ee3c t\u1ed5 ch\u1ee9c t\u1ed1t v\u00e0 r\u1ea5t d\u1ec5 \u0111i\u1ec1u h\u01b0\u1edbng. Nh\u00ecn chung, h\u1ecd \u0111\u00e3 l\u00e0m \u0111\u01b0\u1ee3c m\u1ed9t c\u00f4ng vi\u1ec7c tuy\u1ec7t v\u1eddi trong vi\u1ec7c t\u1ed1i \u01b0u h\u00f3a kh\u00eda c\u1ea1nh tr\u1ef1c quan c\u1ee7a n\u1ec1n t\u1ea3ng c\u1ee7a h\u1ecd..\r\n\r\n<div style=\"width: 1290px\" class=\"wp-caption aligncenter\"><a href=\"\/regVI\/pepperstone\"><img fetchpriority=\"high\" decoding=\"async\" src=\"\/wp-content\/images\/reviews\/pepperstone\/pic1.jpg\" alt=\"N\u1ec1n t\u1ea3ng Pepperstone MT4\" width=\"1280\" height=\"1024\" \/><\/a><p class=\"wp-caption-text\">N\u1ec1n t\u1ea3ng Pepperstone MT4<\/p><\/div>\r\n\r\n<center><a class=\"open\" href=\"\/regVI\/pepperstone\" target=\"_blank\" rel=\"nofollow noopener noreferrer\">Truy c\u1eadp Trang Pepperstone!<\/a><\/center>[\/vc_column_text][vc_column_text]\r\n<div class=\"retitle\">\r\n<h4>K\u00edch th\u01b0\u1edbc l\u00f4 t\u1ed1i thi\u1ec3u<span class=\"score\"> 10\/10 <img decoding=\"async\" class=\"usr lazyload\" data-src=\"https:\/\/www.realforexreviews.com\/wp-content\/plugins\/universal-star-rating\/includes\/image.php?img=06.png&amp;px=20&amp;max=5&amp;rat=5\" alt=\"5 out of 5 stars\" style=\"height: 20px !important;\" src=\"data:image\/svg+xml;base64,PHN2ZyB3aWR0aD0iMSIgaGVpZ2h0PSIxIiB4bWxucz0iaHR0cDovL3d3dy53My5vcmcvMjAwMC9zdmciPjwvc3ZnPg==\" \/><\/span><\/h4>\r\n<\/div>\r\nT\u01b0\u01a1ng t\u1ef1 ti\u00eau chu\u1ea9n trong ng\u00e0nh, k\u00edch th\u01b0\u1edbc l\u00f4 t\u1ed1i thi\u1ec3u m\u00e0 h\u1ecd cho ph\u00e9p l\u00e0 0,01.[\/vc_column_text][vc_column_text]\r\n<div class=\"retitle\">\r\n<h4>S\u1ed1 ti\u1ec1n g\u1eedi t\u1ed1i thi\u1ec3u<span class=\"score\"> 8\/10 <img decoding=\"async\" class=\"usr lazyload\" data-src=\"https:\/\/www.realforexreviews.com\/wp-content\/plugins\/universal-star-rating\/includes\/image.php?img=06.png&amp;px=20&amp;max=5&amp;rat=4\" alt=\"4 out of 5 stars\" style=\"height: 20px !important;\" src=\"data:image\/svg+xml;base64,PHN2ZyB3aWR0aD0iMSIgaGVpZ2h0PSIxIiB4bWxucz0iaHR0cDovL3d3dy53My5vcmcvMjAwMC9zdmciPjwvc3ZnPg==\" \/><\/span><\/h4>\r\n<\/div>\r\nTi\u1ec1n n\u1ea1p t\u1ed1i thi\u1ec3u l\u00e0 200 USD kh\u00f4ng ph\u1ea3i l\u00e0 th\u1ea5p nh\u1ea5t trong ng\u00e0nh nh\u01b0ng c\u0169ng kh\u00f4ng cao nh\u1ea5t, v\u00ec v\u1eady v\u1ec1 c\u01a1 b\u1ea3n m\u1ee9c n\u00e0y n\u1eb1m trong ph\u1ea1m vi trung b\u00ecnh.[\/vc_column_text][vc_column_text]\r\n<div class=\"retitle\">\r\n<h4>T\u00e0i s\u1ea3n c\u00f3 th\u1ec3 giao d\u1ecbch<span class=\"score\"> 8.7\/10 <img decoding=\"async\" class=\"usr lazyload\" data-src=\"https:\/\/www.realforexreviews.com\/wp-content\/plugins\/universal-star-rating\/includes\/image.php?img=06.png&amp;px=20&amp;max=5&amp;rat=4.4\" alt=\"4.4 out of 5 stars\" style=\"height: 20px !important;\" src=\"data:image\/svg+xml;base64,PHN2ZyB3aWR0aD0iMSIgaGVpZ2h0PSIxIiB4bWxucz0iaHR0cDovL3d3dy53My5vcmcvMjAwMC9zdmciPjwvc3ZnPg==\" \/><\/span><\/h4>\r\n<\/div>\r\nHi\u1ec7n t\u1ea1i, h\u1ecd c\u00f3 tr\u00ean 70 t\u00e0i s\u1ea3n c\u00f3 th\u1ec3 giao d\u1ecbch v\u00e0 c\u00f3 th\u1ec3 truy c\u1eadp t\u1ea5t c\u1ea3 lo\u1ea1i t\u00e0i s\u1ea3n qua nhi\u1ec1u n\u1ec1n t\u1ea3ng c\u1ee7a h\u1ecd.\r\n\r\n<div style=\"width: 548px\" class=\"wp-caption aligncenter\"><a href=\"\/regVI\/pepperstone\"><img decoding=\"async\" data-src=\"\/wp-content\/images\/reviews\/pepperstone\/pic2.jpg\" alt=\"T\u00e0i s\u1ea3n c\u00f3 th\u1ec3 giao d\u1ecbch Pepperstone\" width=\"538\" height=\"717\" src=\"data:image\/svg+xml;base64,PHN2ZyB3aWR0aD0iMSIgaGVpZ2h0PSIxIiB4bWxucz0iaHR0cDovL3d3dy53My5vcmcvMjAwMC9zdmciPjwvc3ZnPg==\" class=\"lazyload\" style=\"--smush-placeholder-width: 538px; --smush-placeholder-aspect-ratio: 538\/717;\" \/><\/a><p class=\"wp-caption-text\">T\u00e0i s\u1ea3n c\u00f3 th\u1ec3 giao d\u1ecbch Pepperstone<\/p><\/div>\r\n\r\n<center><a class=\"open\" href=\"\/regVI\/pepperstone\" target=\"_blank\" rel=\"nofollow noopener noreferrer\">Truy c\u1eadp Trang Pepperstone!<\/a><\/center>[\/vc_column_text][vc_column_text]\r\n<div class=\"retitle\">\r\n<h4>Ch\u00eanh l\u1ec7ch<span class=\"score\"> 9.9\/10 <img decoding=\"async\" class=\"usr lazyload\" data-src=\"https:\/\/www.realforexreviews.com\/wp-content\/plugins\/universal-star-rating\/includes\/image.php?img=06.png&amp;px=20&amp;max=5&amp;rat=5\" alt=\"5 out of 5 stars\" style=\"height: 20px !important;\" src=\"data:image\/svg+xml;base64,PHN2ZyB3aWR0aD0iMSIgaGVpZ2h0PSIxIiB4bWxucz0iaHR0cDovL3d3dy53My5vcmcvMjAwMC9zdmciPjwvc3ZnPg==\" \/><\/span><\/h4>\r\n<\/div>\r\nCh\u00eanh l\u1ec7ch tr\u00ean n\u1ec1n t\u1ea3ng MetaTrader 4 kh\u00e1c nhau, nh\u01b0ng ngay c\u1ea3 trong th\u1eddi gian thanh kho\u1ea3n, n\u00f3 v\u1eabn c\u00f3 th\u1ec3 \u0111\u1ea1t \u0111\u1ebfn m\u1ee9c 0 pip ngay c\u1ea3 \u0111\u1ed1i v\u1edbi c\u00e1c c\u1eb7p t\u1ef7 gi\u00e1 ch\u00ednh nh\u01b0 EUR\/USD.[\/vc_column_text][vc_column_text]\r\n<div class=\"retitle\">\r\n<h4>C\u00e1c Ph\u01b0\u01a1ng th\u1ee9c Thanh to\u00e1n<span class=\"score\"> 10\/10 <img decoding=\"async\" class=\"usr lazyload\" data-src=\"https:\/\/www.realforexreviews.com\/wp-content\/plugins\/universal-star-rating\/includes\/image.php?img=06.png&amp;px=20&amp;max=5&amp;rat=5\" alt=\"5 out of 5 stars\" style=\"height: 20px !important;\" src=\"data:image\/svg+xml;base64,PHN2ZyB3aWR0aD0iMSIgaGVpZ2h0PSIxIiB4bWxucz0iaHR0cDovL3d3dy53My5vcmcvMjAwMC9zdmciPjwvc3ZnPg==\" \/><\/span><\/h4>\r\n<\/div>\r\nH\u1ecd h\u1ed7 tr\u1ee3 th\u1ebb t\u00edn d\u1ee5ng (Visa v\u00e0 MasterCard), Chuy\u1ec3n kho\u1ea3n ng\u00e2n h\u00e0ng, PayPal, Neteller v\u00e0 Skrill.\r\n\r\n<div style=\"width: 743px\" class=\"wp-caption aligncenter\"><a href=\"\/regVI\/pepperstone\"><img decoding=\"async\" data-src=\"\/wp-content\/images\/reviews\/pepperstone\/pic3.jpg\" alt=\"C\u00e1c ph\u01b0\u01a1ng th\u1ee9c thanh to\u00e1n Pepperstone\" width=\"733\" height=\"1846\" src=\"data:image\/svg+xml;base64,PHN2ZyB3aWR0aD0iMSIgaGVpZ2h0PSIxIiB4bWxucz0iaHR0cDovL3d3dy53My5vcmcvMjAwMC9zdmciPjwvc3ZnPg==\" class=\"lazyload\" style=\"--smush-placeholder-width: 733px; --smush-placeholder-aspect-ratio: 733\/1846;\" \/><\/a><p class=\"wp-caption-text\">C\u00e1c ph\u01b0\u01a1ng th\u1ee9c thanh to\u00e1n Pepperstone<\/p><\/div>\r\n\r\n<center><a class=\"open\" href=\"\/regVI\/pepperstone\" target=\"_blank\" rel=\"nofollow noopener noreferrer\">Truy c\u1eadp Trang Pepperstone!<\/a><\/center>[\/vc_column_text][vc_column_text]\r\n<div class=\"retitle\">\r\n<h4>Th\u1eddi gian r\u00fat ti\u1ec1n<span class=\"score\"> 10\/10 <img decoding=\"async\" class=\"usr lazyload\" data-src=\"https:\/\/www.realforexreviews.com\/wp-content\/plugins\/universal-star-rating\/includes\/image.php?img=06.png&amp;px=20&amp;max=5&amp;rat=5\" alt=\"5 out of 5 stars\" style=\"height: 20px !important;\" src=\"data:image\/svg+xml;base64,PHN2ZyB3aWR0aD0iMSIgaGVpZ2h0PSIxIiB4bWxucz0iaHR0cDovL3d3dy53My5vcmcvMjAwMC9zdmciPjwvc3ZnPg==\" \/><\/span><\/h4>\r\n<\/div>\r\nB\u1ea1n c\u1ea7n ph\u1ea3i \u0111i\u1ec1n v\u00e0o bi\u1ec3u m\u1eabu r\u00fat ti\u1ec1n v\u00e0 n\u1ebfu b\u1ea1n c\u00f3 th\u1ec3 g\u1eedi n\u00f3 tr\u01b0\u1edbc 21:00 GMT th\u00ec n\u00f3 s\u1ebd \u0111\u01b0\u1ee3c x\u1eed l\u00fd trong c\u00f9ng ng\u00e0y. N\u1ebfu kh\u00f4ng, n\u00f3 s\u1ebd \u0111\u01b0\u1ee3c th\u1ef1c hi\u1ec7n v\u00e0o ng\u00e0y l\u00e0m vi\u1ec7c ti\u1ebfp theo.[\/vc_column_text][vc_column_text]\r\n<div class=\"retitle\">\r\n<h4>H\u1ed7 tr\u1ee3 kh\u00e1ch h\u00e0ng<span class=\"score\"> 9.6\/10 <img decoding=\"async\" class=\"usr lazyload\" data-src=\"https:\/\/www.realforexreviews.com\/wp-content\/plugins\/universal-star-rating\/includes\/image.php?img=06.png&amp;px=20&amp;max=5&amp;rat=4.8\" alt=\"4.8 out of 5 stars\" style=\"height: 20px !important;\" src=\"data:image\/svg+xml;base64,PHN2ZyB3aWR0aD0iMSIgaGVpZ2h0PSIxIiB4bWxucz0iaHR0cDovL3d3dy53My5vcmcvMjAwMC9zdmciPjwvc3ZnPg==\" \/><\/span><\/h4>\r\n<\/div>\r\nB\u1ea1n c\u00f3 th\u1ec3 li\u00ean h\u1ec7 v\u1edbi ph\u00f2ng h\u1ed7 tr\u1ee3 qua \u0111i\u1ec7n tho\u1ea1i, email ho\u1eb7c tr\u00f2 chuy\u1ec7n tr\u1ef1c tuy\u1ebfn v\u00e0 tin t\u1ed1t \u0111\u00f3 l\u00e0 h\u1ecd c\u00f3 nh\u1eefng nh\u00e2n vi\u00ean h\u1ed7 tr\u1ee3 n\u00f3i ti\u1ebfng Vi\u1ec7t.\r\n\r\nS\u1ef1 chuy\u00ean nghi\u1ec7p v\u00e0 c\u1eed ch\u1ec9 l\u1ec5 ph\u00e9p c\u1ee7a h\u1ecd r\u1ea5t \u0111\u00e1ng t\u00e1n d\u01b0\u01a1ng.\r\n\r\n.\r\n\r\n<div style=\"width: 740px\" class=\"wp-caption aligncenter\"><a href=\"\/regVI\/pepperstone\"><img decoding=\"async\" data-src=\"\/wp-content\/images\/reviews\/pepperstone\/pic4.jpg\" alt=\"H\u1ed7 tr\u1ee3 kh\u00e1ch h\u00e0ng c\u1ee7a Pepperstone\" width=\"730\" height=\"1207\" src=\"data:image\/svg+xml;base64,PHN2ZyB3aWR0aD0iMSIgaGVpZ2h0PSIxIiB4bWxucz0iaHR0cDovL3d3dy53My5vcmcvMjAwMC9zdmciPjwvc3ZnPg==\" class=\"lazyload\" style=\"--smush-placeholder-width: 730px; --smush-placeholder-aspect-ratio: 730\/1207;\" \/><\/a><p class=\"wp-caption-text\">H\u1ed7 tr\u1ee3 kh\u00e1ch h\u00e0ng c\u1ee7a Pepperstone<\/p><\/div>\r\n\r\n[\/vc_column_text][vc_column_text]\r\n<div class=\"retitle\">\r\n<h4>D\u1eef li\u1ec7u th\u1ecb tr\u01b0\u1eddng<span class=\"score\"> 10\/10 <img decoding=\"async\" class=\"usr lazyload\" data-src=\"https:\/\/www.realforexreviews.com\/wp-content\/plugins\/universal-star-rating\/includes\/image.php?img=06.png&amp;px=20&amp;max=5&amp;rat=5\" alt=\"5 out of 5 stars\" style=\"height: 20px !important;\" src=\"data:image\/svg+xml;base64,PHN2ZyB3aWR0aD0iMSIgaGVpZ2h0PSIxIiB4bWxucz0iaHR0cDovL3d3dy53My5vcmcvMjAwMC9zdmciPjwvc3ZnPg==\" \/><\/span><\/h4>\r\n<\/div>\r\nNgay c\u1ea3 n\u1ebfu c\u00f3 thanh kho\u1ea3n cao, gi\u00e1 c\u1ea3 \u0111\u01b0\u1ee3c hi\u1ec3n th\u1ecb b\u1edfi n\u1ec1n t\u1ea3ng c\u1ee7a h\u1ecd l\u00e0 theo th\u1eddi gian th\u1ef1c \u0111\u01b0\u1ee3c d\u1ef1a tr\u00ean m\u1ed9t v\u00e0i cu\u1ed9c ki\u1ec3m tra \u0111\u00e3 \u0111\u01b0\u1ee3c th\u1ef1c hi\u1ec7n.[\/vc_column_text][vc_column_text]\r\n<div class=\"retitle\">\r\n<h4>S\u1ef1 uy t\u00edn<span class=\"score\"> 9.7\/10 <img decoding=\"async\" class=\"usr lazyload\" data-src=\"https:\/\/www.realforexreviews.com\/wp-content\/plugins\/universal-star-rating\/includes\/image.php?img=06.png&amp;px=20&amp;max=5&amp;rat=4.9\" alt=\"4.9 out of 5 stars\" style=\"height: 20px !important;\" src=\"data:image\/svg+xml;base64,PHN2ZyB3aWR0aD0iMSIgaGVpZ2h0PSIxIiB4bWxucz0iaHR0cDovL3d3dy53My5vcmcvMjAwMC9zdmciPjwvc3ZnPg==\" \/><\/span><\/h4>\r\n<\/div>\r\nD\u1ef1a tr\u00ean vi\u1ec7c thu th\u1eadp th\u00f4ng tin m\u1edf r\u1ed9ng v\u1ec1 nh\u00e0 m\u00f4i gi\u1edbi n\u00e0y, danh ti\u1ebfng c\u1ee7a h\u1ecd v\u1eabn r\u1ea5t v\u1eefng ch\u1eafc \u0111\u1eb7c bi\u1ec7t l\u00e0 v\u1edbi c\u00e1c nh\u00e0 giao d\u1ecbch Vi\u1ec7t Nam.\r\n\r\nVi\u1ec7c h\u1ecd \u0111\u01b0\u1ee3c qu\u1ea3n l\u00fd b\u1edfi CySEC v\u00e0 FCA c\u1ed9ng v\u1edbi nhi\u1ec1u gi\u1ea3i th\u01b0\u1edfng l\u00e0m cho h\u1ecd c\u00f3 uy t\u00edn cao.\r\n\r\n&nbsp;\r\n\r\n[\/vc_column_text][\/vc_column][\/vc_row][vc_row][vc_column][vc_column_text]\r\n<table width=\"100%\">\r\n<tbody>\r\n<tr>\r\n<td style=\"background-image:inherit; background-repeat: no-repeat; background-position: left;\" height=\"200\" data-bg-image=\"url(&#039;https:\/\/www.realforexreviews.com\/wp-content\/smush-webp\/2020\/03\/trading-background2.jpg.webp&#039;)\" class=\"lazyload\"><img decoding=\"async\" data-src=\"\/wp-content\/images\/header\/pepperstone.png\" alt=\"pepperstone logo\" src=\"data:image\/svg+xml;base64,PHN2ZyB3aWR0aD0iMSIgaGVpZ2h0PSIxIiB4bWxucz0iaHR0cDovL3d3dy53My5vcmcvMjAwMC9zdmciPjwvc3ZnPg==\" class=\"lazyload\" style=\"--smush-placeholder-width: 150px; --smush-placeholder-aspect-ratio: 150\/40;\" \/><\/td>\r\n<\/tr>\r\n<tr>\r\n<td style=\"text-align: left; padding: 0px 30px 30px 30px; background-color: #f3f3f3;\">\r\n<div id=\"conclusion\" class=\"retitle\">\r\n<h4>Ph\u1ea7n k\u1ebft lu\u1eadn<span class=\"score\"> 9.5\/10 <img decoding=\"async\" class=\"usr lazyload\" data-src=\"https:\/\/www.realforexreviews.com\/wp-content\/plugins\/universal-star-rating\/includes\/image.php?img=06.png&amp;px=20&amp;max=5&amp;rat=4.8\" alt=\"4.8 out of 5 stars\" style=\"height: 20px !important;\" src=\"data:image\/svg+xml;base64,PHN2ZyB3aWR0aD0iMSIgaGVpZ2h0PSIxIiB4bWxucz0iaHR0cDovL3d3dy53My5vcmcvMjAwMC9zdmciPjwvc3ZnPg==\" \/><\/span><\/h4>\r\n<\/div>\r\nPepperstone c\u00f3 m\u1ed9t b\u1ed9 c\u00e1c n\u1ec1n t\u1ea3ng cung c\u1ea5p quy\u1ec1n truy c\u1eadp \u0111\u1ecbnh gi\u00e1 chi ph\u00ed th\u1ea5p v\u1edbi kh\u1ea3 n\u0103ng kh\u1edbp l\u1ec7nh nhanh ch\u00f3ng v\u00e0 c\u00e1c \u0111i\u1ec1u ki\u1ec7n giao d\u1ecbch tuy\u1ec7t v\u1eddi.\r\n\r\nVi\u1ec7c h\u1ecd tu\u00e2n th\u1ee7 c\u00e1c c\u01a1 quan qu\u1ea3n l\u00fd t\u00e0i ch\u00ednh s\u1ebd mang l\u1ea1i cho b\u1ea1n s\u1ef1 y\u00ean t\u00e2m r\u1eb1ng b\u1ea1n \u0111ang giao d\u1ecbch v\u1edbi m\u1ed9t nh\u00e0 m\u00f4i gi\u1edbi \u0111\u00e1ng tin c\u1eady \u0111\u1ed3ng th\u1eddi d\u1ecbch v\u1ee5 kh\u00e1ch h\u00e0ng \u0111\u01b0\u1ee3c c\u00e1 nh\u00e2n h\u00f3a c\u1ee7a h\u1ecd \u0111\u1ea3m b\u1ea3o r\u1eb1ng lu\u00f4n c\u00f3 \u0111\u01b0\u1eddng d\u00e2y tr\u1ee3 gi\u00fap m\u00e0 b\u1ea1n c\u00f3 th\u1ec3 li\u00ean h\u1ec7 ngay l\u1eadp t\u1ee9c<span style=\"font-family: inherit; font-size: inherit;\">.<\/span>\r\n\r\n&nbsp;\r\n\r\n<center><a class=\"open\" href=\"\/regVI\/pepperstone\" target=\"_blank\" rel=\"nofollow noopener noreferrer\">M\u1edf m\u1ed9t t\u00e0i kho\u1ea3n v\u1edbi Pepperstone!<\/a><\/center><\/td>\r\n<\/tr>\r\n<\/tbody>\r\n<\/table>\r\n[\/vc_column_text][\/vc_column][\/vc_row][vc_row][vc_column][vc_column_text]<span class=\"cfdservice\">Giao d\u1ecbch CFD v\u00e0 FX l\u00e0 r\u1ee7i ro. N\u00f3 ph\u00f9 h\u1ee3p v\u1edbi t\u1ea5t c\u1ea3 m\u1ecdi ng\u01b0\u1eddi v\u00e0 b\u1ea1n c\u00f3 th\u1ec3 m\u1ea5t nhi\u1ec1u h\u01a1n so v\u1edbi kho\u1ea3n \u0111\u1ea7u t\u01b0 ban \u0111\u1ea7u c\u1ee7a m\u00ecnh. <\/span>\r\n\r\n[\/vc_column_text][vc_raw_html]JTNDaWZyYW1lJTIwc3R5bGUlM0QlMjJ2aXNpYmlsaXR5JTNBJTIwaGlkZGVuJTNCJTIyJTIwc3JjJTNEJTIyaHR0cHMlM0ElMkYlMkZ0cmsucGVwcGVyc3RvbmVwYXJ0bmVycy5jb20lMkZhZmZfYyUzRm9mZmVyX2lkJTNEMzY4JTI2YWZmX2lkJTNEMTIzNSUyNnNvdXJjZSUzRHJmclZOdmlzaXQlMjZhZmZfc3ViJTNEcmZyVk5tZyUyMiUyMHdpZHRoJTNEJTIyMSUyMiUyMGhlaWdodCUzRCUyMjElMjIlM0UlM0MlMkZpZnJhbWUlM0U=[\/vc_raw_html][\/vc_column][\/vc_row]","protected":false},"excerpt":{"rendered":"[vc_row][vc_column][vc_column_text] Gi\u1edbi thi\u1ec7u ho\u1eb7c H\u00e3y b\u1ecf qua N\u1ed9i dung v\u00e0 \u0110\u1ecdc K\u1ebft lu\u1eadn! Pepperstone l\u00e0 nh\u00e0 m\u00f4i gi\u1edbi Forex v\u00e0 CFD tr\u1ef1c tuy\u1ebfn ho\u1ea1t \u0111\u1ed9ng kinh doanh t\u1eeb n\u0103m 2010. B\u1ea1n c\u00f3 n\u00ean giao d\u1ecbch v\u1edbi nh\u00e0 m\u00f4i gi\u1edbi n\u00e0y kh\u00f4ng? \u0110\u1ecdc \u0111\u00e1nh gi\u00e1 n\u00e0y \u0111\u1ec3 t\u00ecm hi\u1ec3u. [\/vc_column_text][vc_column_text] Pepperstone T\u1ed5ng quan \u0110\u01b0\u1ee3c th\u00e0nh l\u1eadp [&hellip;]","protected":false},"author":57,"featured_media":50787,"parent":59277,"menu_order":0,"comment_status":"open","ping_status":"closed","template":"","meta":{"_acf_changed":false,"footnotes":""},"class_list":["post-59246","page","type-page","status-publish","has-post-thumbnail","hentry"],"acf":[],"aioseo_notices":[],"_links":{"self":[{"href":"https:\/\/www.realforexreviews.com\/vi\/wp-json\/wp\/v2\/pages\/59246","targetHints":{"allow":["GET"]}}],"collection":[{"href":"https:\/\/www.realforexreviews.com\/vi\/wp-json\/wp\/v2\/pages"}],"about":[{"href":"https:\/\/www.realforexreviews.com\/vi\/wp-json\/wp\/v2\/types\/page"}],"author":[{"embeddable":true,"href":"https:\/\/www.realforexreviews.com\/vi\/wp-json\/wp\/v2\/users\/57"}],"replies":[{"embeddable":true,"href":"https:\/\/www.realforexreviews.com\/vi\/wp-json\/wp\/v2\/comments?post=59246"}],"version-history":[{"count":20,"href":"https:\/\/www.realforexreviews.com\/vi\/wp-json\/wp\/v2\/pages\/59246\/revisions"}],"predecessor-version":[{"id":71031,"href":"https:\/\/www.realforexreviews.com\/vi\/wp-json\/wp\/v2\/pages\/59246\/revisions\/71031"}],"up":[{"embeddable":true,"href":"https:\/\/www.realforexreviews.com\/vi\/wp-json\/wp\/v2\/pages\/59277"}],"wp:featuredmedia":[{"embeddable":true,"href":"https:\/\/www.realforexreviews.com\/vi\/wp-json\/wp\/v2\/media\/50787"}],"wp:attachment":[{"href":"https:\/\/www.realforexreviews.com\/vi\/wp-json\/wp\/v2\/media?parent=59246"}],"curies":[{"name":"wp","href":"https:\/\/api.w.org\/{rel}","templated":true}]}}